{"id":5,"date":"2021-10-13T08:44:15","date_gmt":"2021-10-13T06:44:15","guid":{"rendered":"https:\/\/fundesplai.org\/viureisomriure\/?page_id=5"},"modified":"2024-01-16T11:46:54","modified_gmt":"2024-01-16T10:46:54","slug":"presentacio","status":"publish","type":"page","link":"https:\/\/fundesplai.org\/viureisomriure\/","title":{"rendered":"Presentaci\u00f3"},"content":{"rendered":"[et_pb_section fb_built=&#8221;1&#8243; fullwidth=&#8221;on&#8221; _builder_version=&#8221;4.19.0&#8243; _module_preset=&#8221;default&#8221; global_colors_info=&#8221;{}&#8221;][et_pb_fullwidth_image src=&#8221;http:\/\/fundesplai.org\/viureisomriure\/wp-content\/uploads\/sites\/21\/2023\/02\/portada_viuresomriure.jpg&#8221; title_text=&#8221;portada_viuresomriure&#8221; _builder_version=&#8221;4.19.0&#8243; _module_preset=&#8221;default&#8221; global_colors_info=&#8221;{}&#8221;][\/et_pb_fullwidth_image][\/et_pb_section][et_pb_section fb_built=&#8221;1&#8243; _builder_version=&#8221;4.19.0&#8243; _module_preset=&#8221;default&#8221; global_colors_info=&#8221;{}&#8221;][et_pb_row _builder_version=&#8221;4.19.0&#8243; _module_preset=&#8221;default&#8221; global_colors_info=&#8221;{}&#8221;][et_pb_column type=&#8221;4_4&#8243; _builder_version=&#8221;4.19.0&#8243; _module_preset=&#8221;default&#8221; global_colors_info=&#8221;{}&#8221;][et_pb_text _builder_version=&#8221;4.19.0&#8243; _module_preset=&#8221;default&#8221; global_colors_info=&#8221;{}&#8221;]<h2 style=\"text-align: center\">Qu\u00e8 \u00e9s?<\/h2>\n<p style=\"text-align: center\"><strong>Viure i somriure<\/strong>, una proposta educativa de <strong>Fundesplai<\/strong> per a la promoci\u00f3 de la salut en el lleure, \u00e9s una reedici\u00f3, revisada i actualitzada del programa pedag\u00f2gic, Viure per dins i per fora, un programa per a la salut i la vitalitat editat l&#8217;any 1994. Viure i somriure constitueix una intervenci\u00f3 educativa de la Federaci\u00f3 Catalana de l&#8217;Esplai en el lleure dels infants i joves, al voltant de la salut.<\/p>[\/et_pb_text][et_pb_button button_url=&#8221;http:\/\/fundesplai.org\/viureisomriure\/wp-content\/uploads\/sites\/21\/2023\/03\/Quadern-Viure-i-somriure-2005.pdf&#8221; url_new_window=&#8221;on&#8221; button_text=&#8221;Descarrega&#8217;t el quadern pedag\u00f2gic&#8221; button_alignment=&#8221;center&#8221; admin_label=&#8221;bot\u00f3 Descarrega&#8217;t el quadern pedag\u00f2gic&#8221; _builder_version=&#8221;4.19.0&#8243; _module_preset=&#8221;default&#8221; custom_margin=&#8221;30px||30px||false|false&#8221; locked=&#8221;off&#8221; global_colors_info=&#8221;{}&#8221;][\/et_pb_button][\/et_pb_column][\/et_pb_row][\/et_pb_section][et_pb_section fb_built=&#8221;1&#8243; _builder_version=&#8221;4.17.4&#8243; _module_preset=&#8221;default&#8221; locked=&#8221;off&#8221; global_colors_info=&#8221;{}&#8221;][et_pb_row _builder_version=&#8221;4.17.4&#8243; _module_preset=&#8221;default&#8221; locked=&#8221;off&#8221; global_colors_info=&#8221;{}&#8221;][et_pb_column type=&#8221;4_4&#8243; _builder_version=&#8221;4.17.4&#8243; _module_preset=&#8221;default&#8221; global_colors_info=&#8221;{}&#8221;][et_pb_text admin_label=&#8221;Objectius&#8221; _builder_version=&#8221;4.19.0&#8243; _module_preset=&#8221;default&#8221; custom_margin=&#8221;40px||30px||false|false&#8221; global_colors_info=&#8221;{}&#8221;]<h2>Objectius de la proposta<\/h2>\n<p>Tot i la import\u00e0ncia dels h\u00e0bits saludables i les habilitats per a la vida en el nostre concepte d&#8217;educaci\u00f3 per a la salut, s\u00f3n els valors humans els que orienten la direcci\u00f3 a prendre. Per posar un exemple, es poden tenir h\u00e0bits saludables ben adquirits i alhora ser xen\u00f2fob o insolidari. I tamb\u00e9 es poden utilitzar habilitats com l&#8217;empatia per fer demag\u00f2gia o manipular els altres. Els valors humans s\u00f3n el far que dona sentit \u00e8tic a la proposta educativa al voltant de la salut. El nostre plantejament s&#8217;orienta, doncs, al voltant dels quatre grans valors que formen part de l&#8217;ideari de la Fundaci\u00f3 Catalana de l&#8217;Esplai i els interpreta en clau de salut:<\/p>[\/et_pb_text][\/et_pb_column][\/et_pb_row][et_pb_row column_structure=&#8221;1_2,1_2&#8243; use_custom_gutter=&#8221;on&#8221; gutter_width=&#8221;4&#8243; module_class=&#8221;graella-icona-circular-giratoria&#8221; _builder_version=&#8221;4.17.4&#8243; locked=&#8221;off&#8221; global_colors_info=&#8221;{}&#8221;][et_pb_column type=&#8221;1_2&#8243; _builder_version=&#8221;4.16&#8243; custom_padding=&#8221;|||&#8221; global_colors_info=&#8221;{}&#8221; custom_padding__hover=&#8221;|||&#8221;][et_pb_blurb title=&#8221;Utopia&#8221; use_icon=&#8221;on&#8221; font_icon=&#8221;&#xf7f5;||fa||900&#8243; icon_color=&#8221;#333333&#8243; icon_placement=&#8221;left&#8221; _builder_version=&#8221;4.19.0&#8243; custom_margin=&#8221;||0px|&#8221; z_index_tablet=&#8221;500&#8243; global_colors_info=&#8221;{}&#8221;]<p><strong>Que els infants i els joves desenvolupin un concepte m\u00e9s obert i flexible de salut<\/strong>, entenent aquesta com un valor universal, com una manera de viure cada cop m\u00e9s aut\u00f2noma, m\u00e9s solid\u00e0ria i m\u00e9s joiosa, i com la recerca de l&#8217;equilibri entre el m\u00f3n interior i el m\u00f3n exterior.<\/p>[\/et_pb_blurb][\/et_pb_column][et_pb_column type=&#8221;1_2&#8243; _builder_version=&#8221;4.16&#8243; custom_padding=&#8221;|||&#8221; global_colors_info=&#8221;{}&#8221; custom_padding__hover=&#8221;|||&#8221;][et_pb_blurb title=&#8221;Iniciativa&#8221; use_icon=&#8221;on&#8221; font_icon=&#8221;&#xf255;||fa||900&#8243; icon_color=&#8221;#333333&#8243; icon_placement=&#8221;left&#8221; _builder_version=&#8221;4.19.0&#8243; custom_margin=&#8221;||0px|&#8221; z_index_tablet=&#8221;500&#8243; global_colors_info=&#8221;{}&#8221;]<p><strong>Que els infants i els joves prenguin la iniciativa i se sentin responsables actius, aut\u00f2noms i protagonistes<\/strong> en accions de descoberta d&#8217;un mateix i dels altres, de promoci\u00f3 d&#8217;estils vida saludables, d&#8217;expressi\u00f3 i de creativitat al votant de la salut.<\/p>[\/et_pb_blurb][\/et_pb_column][\/et_pb_row][et_pb_row column_structure=&#8221;1_2,1_2&#8243; use_custom_gutter=&#8221;on&#8221; gutter_width=&#8221;4&#8243; module_class=&#8221;graella-icona-circular-giratoria&#8221; _builder_version=&#8221;4.17.4&#8243; locked=&#8221;off&#8221; global_colors_info=&#8221;{}&#8221;][et_pb_column type=&#8221;1_2&#8243; _builder_version=&#8221;4.16&#8243; custom_padding=&#8221;|||&#8221; global_colors_info=&#8221;{}&#8221; custom_padding__hover=&#8221;|||&#8221;][et_pb_blurb title=&#8221;Solidaritat&#8221; use_icon=&#8221;on&#8221; font_icon=&#8221;&#xe533;||fa||900&#8243; icon_color=&#8221;#333333&#8243; icon_placement=&#8221;left&#8221; _builder_version=&#8221;4.19.0&#8243; custom_margin=&#8221;||0px|&#8221; z_index_tablet=&#8221;500&#8243; global_colors_info=&#8221;{}&#8221;]<p><strong>Que els infants i els joves visquin la salut com a tasca col\u00b7lectiva a la qual cadasc\u00fa ha d&#8217;aportar el seu esfor\u00e7 als altres<\/strong>, que puguin establir lla\u00e7os de cooperaci\u00f3 i solidaritat entre ells mateixos, respecte als col\u00b7lectius que viuen en pitjors condicions i respecte a persones d&#8217;altres generacions.<\/p>[\/et_pb_blurb][\/et_pb_column][et_pb_column type=&#8221;1_2&#8243; _builder_version=&#8221;4.16&#8243; custom_padding=&#8221;|||&#8221; global_colors_info=&#8221;{}&#8221; custom_padding__hover=&#8221;|||&#8221;][et_pb_blurb title=&#8221;Felicitat&#8221; use_icon=&#8221;on&#8221; font_icon=&#8221;&#xf336;||fa||900&#8243; icon_color=&#8221;#333333&#8243; icon_placement=&#8221;left&#8221; _builder_version=&#8221;4.19.0&#8243; custom_margin=&#8221;||0px|&#8221; z_index_tablet=&#8221;500&#8243; global_colors_info=&#8221;{}&#8221;]<p><strong>Que cada infant i jove aprengui a estimar-se ell mateix<\/strong>, a acceptar-se i exigir-se, a estimar els altres, ser feli\u00e7os i passar-ho b\u00e9 a partir de l&#8217;acceptaci\u00f3 de la realitat, de la conviv\u00e8ncia i d&#8217;experi\u00e8ncies vitals senzilles i intenses.<\/p>[\/et_pb_blurb][\/et_pb_column][\/et_pb_row][\/et_pb_section][et_pb_section fb_built=&#8221;1&#8243; _builder_version=&#8221;4.19.0&#8243; _module_preset=&#8221;default&#8221; global_colors_info=&#8221;{}&#8221;][et_pb_row _builder_version=&#8221;4.16&#8243; background_size=&#8221;initial&#8221; background_position=&#8221;top_left&#8221; background_repeat=&#8221;repeat&#8221; locked=&#8221;off&#8221; global_colors_info=&#8221;{}&#8221;][et_pb_column type=&#8221;4_4&#8243; _builder_version=&#8221;4.16&#8243; custom_padding=&#8221;|||&#8221; global_colors_info=&#8221;{}&#8221; custom_padding__hover=&#8221;|||&#8221;][et_pb_text _builder_version=&#8221;4.19.0&#8243; background_size=&#8221;initial&#8221; background_position=&#8221;top_left&#8221; background_repeat=&#8221;repeat&#8221; global_colors_info=&#8221;{}&#8221;]<h2>Educaci\u00f3 per a la salut<\/h2>\n<p>Entenem l&#8217;educaci\u00f3 per a la salut com un proc\u00e9s de formaci\u00f3, de responsabilitzaci\u00f3 de l&#8217;individu a fi que adquireixi els coneixements, les actituds i els h\u00e0bits b\u00e0sics per a la defensa i la promoci\u00f3 de la salut individual i col\u00b7lectiva. \u00c9s a dir, \u00e9s un intent de responsabilitzar l&#8217;infant i de preparar-lo perqu\u00e8, de mica en mica, adopti un estil de vida com m\u00e9s sana millor i unes conductes positives de salut. (1984. Orientacions i programes. Educaci\u00f3 per a la salut a l&#8217;escola, editat per la Generalitat)<\/p>\n<p><\/p>[\/et_pb_text][\/et_pb_column][\/et_pb_row][et_pb_row _builder_version=&#8221;4.21.0&#8243; _module_preset=&#8221;default&#8221;][et_pb_column _builder_version=&#8221;4.21.0&#8243; _module_preset=&#8221;default&#8221; type=&#8221;4_4&#8243;][et_pb_button _builder_version=&#8221;4.21.0&#8243; _module_preset=&#8221;default&#8221; button_text=&#8221;Coneix totes les prospostes educatives de Fundesplai&#8221; button_url=&#8221;https:\/\/fundesplai.org\/recursos\/propostes-educatives\/&#8221; button_alignment=&#8221;center&#8221; custom_margin=&#8221;30px||50px||false|false&#8221; hover_enabled=&#8221;0&#8243; sticky_enabled=&#8221;0&#8243;][\/et_pb_button][\/et_pb_column][\/et_pb_row][\/et_pb_section][et_pb_section fb_built=&#8221;1&#8243; disabled_on=&#8221;on|on|on&#8221; _builder_version=&#8221;4.16&#8243; disabled=&#8221;on&#8221; global_colors_info=&#8221;{}&#8221;][et_pb_row _builder_version=&#8221;4.16&#8243; background_size=&#8221;initial&#8221; background_position=&#8221;top_left&#8221; background_repeat=&#8221;repeat&#8221; global_colors_info=&#8221;{}&#8221;][et_pb_column type=&#8221;4_4&#8243; _builder_version=&#8221;4.16&#8243; custom_padding=&#8221;|||&#8221; global_colors_info=&#8221;{}&#8221; custom_padding__hover=&#8221;|||&#8221;][et_pb_text _builder_version=&#8221;4.16&#8243; background_size=&#8221;initial&#8221; background_position=&#8221;top_left&#8221; background_repeat=&#8221;repeat&#8221; global_colors_info=&#8221;{}&#8221;]\r\n<p>Viure i somriure constitueix una intervenci\u00f3 educativa de la Federaci\u00f3 Catalana de l\u2019Esplai en el lleure dels infants i joves, al voltant de la salut.<\/p>\r\n\r\n\r\n\r\n<p>La salut, tal i com recull l\u2019article 25 de la Declaraci\u00f3 dels Drets Humans, \u00e9s un dret fonamental de totes les persones. Per\u00f2 els drets tamb\u00e9 impliquen deures, i la nostra societat actual ens planteja grans reptes per viure en coher\u00e8ncia amb la responsabilitat individual i col\u00b7lectiva que implica preservar la salut.<\/p>\r\n\r\n\r\n\r\n<p>El temps lliure \u00e9s un espai de temps ple d\u2019influ\u00e8ncies educatives: de la televisi\u00f3, del carrer, de la publicitat, de les amistats\u2026 I totes aquestes influ\u00e8ncies actuen sobre la salut, perqu\u00e8 incideixen en l\u2019escala de valors, promouen un estil de consum, predisposen cap al sedentarisme o l\u2019activitat, estimulen o dificulten l\u2019autoestima\u2026<\/p>\r\n\r\n\r\n\r\n<p>En l\u2019\u00e0mbit del lleure, els moviments i les entitats d\u2019esplai exerceixen una funci\u00f3 protectora davant de les agressions a la salut. D\u2019una banda, l&#8217;esplai promou la salut en tant que afavoreix la descoberta i l&#8217;aprofundiment en els valors humans; crea un escenari idoni per a l\u2019estimulaci\u00f3 de les amistats i l\u2019afectivitat; potencia l\u2019aprenentatge de l\u2019autonomia; l\u2019entrenament de les habilitats per a la vida, etc<\/p>\r\n\r\n\r\n\r\n<p>D\u2019altra banda, impulsa la viv\u00e8ncia l\u00fadica d&#8217;activitats saludables en s\u00ed mateixes, que han esdevingut inherents a l&#8217;educaci\u00f3 en el lleure: col\u00f2nies, excursions, campaments, esport verd, joc a l&#8217;aire lliure, festes populars, gimcanes, curses\u2026<\/p>\r\n\r\n\r\n\r\n<p>Tot plegat conforma una intervenci\u00f3 inespec\u00edfica, per\u00f2 molt potent, d\u2019educaci\u00f3 i promoci\u00f3 de la salut, impulsada pels monitors i monitores, uns agents de salut for\u00e7a efica\u00e7os.<\/p>\r\n\r\n\r\n\r\n<p>A trav\u00e9s del Viure i somriure, volem aprofitar tot el potencial educatiu de l\u2019esplai al voltant de la salut. L\u2019esplai \u00e9s en si mateix un espai de promoci\u00f3 de la salut i cal prendre\u2019n consci\u00e8ncia per avan\u00e7ar una mica m\u00e9s i fer-ne un valor a l\u2019al\u00e7a.<\/p>\r\n\r\n\r\n\r\n<p>Atrevim-nos a viure saludablement, amb un gran somriure que contribueixi a la felicitat de cada infant, jove, pare, mare\u2026<\/p>\r\n\r[\/et_pb_text][\/et_pb_column][\/et_pb_row][\/et_pb_section]","protected":false},"excerpt":{"rendered":"<p>Qu\u00e8 \u00e9s? Viure i somriure, una proposta educativa de Fundesplai per a la promoci\u00f3 de la salut en el lleure, \u00e9s una reedici\u00f3, revisada i actualitzada del programa pedag\u00f2gic, Viure per dins i per fora, un programa per a la salut i la vitalitat editat l&#8217;any 1994. Viure i somriure constitueix una intervenci\u00f3 educativa de [&hellip;]<\/p>\n","protected":false},"author":4,"featured_media":0,"parent":0,"menu_order":0,"comment_status":"closed","ping_status":"closed","template":"","meta":{"_et_pb_use_builder":"on","_et_pb_old_content":"<!-- wp:paragraph -->\r\n<p>Viure i somriure constitueix una intervenci\u00f3 educativa de la Federaci\u00f3 Catalana de l\u2019Esplai en el lleure dels infants i joves, al voltant de la salut.<\/p>\r\n<!-- \/wp:paragraph --><!-- wp:paragraph -->\r\n<p>La salut, tal i com recull l\u2019article 25 de la Declaraci\u00f3 dels Drets Humans, \u00e9s un dret fonamental de totes les persones. Per\u00f2 els drets tamb\u00e9 impliquen deures, i la nostra societat actual ens planteja grans reptes per viure en coher\u00e8ncia amb la responsabilitat individual i col\u00b7lectiva que implica preservar la salut.<\/p>\r\n<!-- \/wp:paragraph --><!-- wp:paragraph -->\r\n<p>El temps lliure \u00e9s un espai de temps ple d\u2019influ\u00e8ncies educatives: de la televisi\u00f3, del carrer, de la publicitat, de les amistats\u2026 I totes aquestes influ\u00e8ncies actuen sobre la salut, perqu\u00e8 incideixen en l\u2019escala de valors, promouen un estil de consum, predisposen cap al sedentarisme o l\u2019activitat, estimulen o dificulten l\u2019autoestima\u2026<\/p>\r\n<!-- \/wp:paragraph --><!-- wp:paragraph -->\r\n<p>En l\u2019\u00e0mbit del lleure, els moviments i les entitats d\u2019esplai exerceixen una funci\u00f3 protectora davant de les agressions a la salut. D\u2019una banda, l'esplai promou la salut en tant que afavoreix la descoberta i l'aprofundiment en els valors humans; crea un escenari idoni per a l\u2019estimulaci\u00f3 de les amistats i l\u2019afectivitat; potencia l\u2019aprenentatge de l\u2019autonomia; l\u2019entrenament de les habilitats per a la vida, etc<\/p>\r\n<!-- \/wp:paragraph --><!-- wp:paragraph -->\r\n<p>D\u2019altra banda, impulsa la viv\u00e8ncia l\u00fadica d'activitats saludables en s\u00ed mateixes, que han esdevingut inherents a l'educaci\u00f3 en el lleure: col\u00f2nies, excursions, campaments, esport verd, joc a l'aire lliure, festes populars, gimcanes, curses\u2026<\/p>\r\n<!-- \/wp:paragraph --><!-- wp:paragraph -->\r\n<p>Tot plegat conforma una intervenci\u00f3 inespec\u00edfica, per\u00f2 molt potent, d\u2019educaci\u00f3 i promoci\u00f3 de la salut, impulsada pels monitors i monitores, uns agents de salut for\u00e7a efica\u00e7os.<\/p>\r\n<!-- \/wp:paragraph --><!-- wp:paragraph -->\r\n<p>A trav\u00e9s del Viure i somriure, volem aprofitar tot el potencial educatiu de l\u2019esplai al voltant de la salut. L\u2019esplai \u00e9s en si mateix un espai de promoci\u00f3 de la salut i cal prendre\u2019n consci\u00e8ncia per avan\u00e7ar una mica m\u00e9s i fer-ne un valor a l\u2019al\u00e7a.<\/p>\r\n<!-- \/wp:paragraph --><!-- wp:paragraph -->\r\n<p>Atrevim-nos a viure saludablement, amb un gran somriure que contribueixi a la felicitat de cada infant, jove, pare, mare\u2026<\/p>\r\n<!-- \/wp:paragraph -->","_et_gb_content_width":"","footnotes":""},"class_list":["post-5","page","type-page","status-publish","hentry"],"yoast_head":"<!-- This site is optimized with the Yoast SEO plugin v27.3 - https:\/\/yoast.com\/product\/yoast-seo-wordpress\/ -->\n<title>Presentaci\u00f3 - Viure i somriure<\/title>\n<meta name=\"robots\" content=\"index, follow, max-snippet:-1, max-image-preview:large, max-video-preview:-1\" \/>\n<link rel=\"canonical\" href=\"https:\/\/fundesplai.org\/viureisomriure\/\" \/>\n<meta property=\"og:locale\" content=\"ca_ES\" \/>\n<meta property=\"og:type\" content=\"article\" \/>\n<meta property=\"og:title\" content=\"Presentaci\u00f3 - Viure i somriure\" \/>\n<meta property=\"og:description\" content=\"Qu\u00e8 \u00e9s? Viure i somriure, una proposta educativa de Fundesplai per a la promoci\u00f3 de la salut en el lleure, \u00e9s una reedici\u00f3, revisada i actualitzada del programa pedag\u00f2gic, Viure per dins i per fora, un programa per a la salut i la vitalitat editat l&#039;any 1994. Viure i somriure constitueix una intervenci\u00f3 educativa de [&hellip;]\" \/>\n<meta property=\"og:url\" content=\"https:\/\/fundesplai.org\/viureisomriure\/\" \/>\n<meta property=\"og:site_name\" content=\"Viure i somriure\" \/>\n<meta property=\"article:modified_time\" content=\"2024-01-16T10:46:54+00:00\" \/>\n<meta name=\"twitter:card\" content=\"summary_large_image\" \/>\n<meta name=\"twitter:label1\" content=\"Temps estimat de lectura\" \/>\n\t<meta name=\"twitter:data1\" content=\"6 minuts\" \/>\n<script type=\"application\/ld+json\" class=\"yoast-schema-graph\">{\"@context\":\"https:\\\/\\\/schema.org\",\"@graph\":[{\"@type\":\"WebPage\",\"@id\":\"https:\\\/\\\/fundesplai.org\\\/viureisomriure\\\/\",\"url\":\"https:\\\/\\\/fundesplai.org\\\/viureisomriure\\\/\",\"name\":\"Presentaci\u00f3 - Viure i somriure\",\"isPartOf\":{\"@id\":\"https:\\\/\\\/fundesplai.org\\\/viureisomriure\\\/#website\"},\"datePublished\":\"2021-10-13T06:44:15+00:00\",\"dateModified\":\"2024-01-16T10:46:54+00:00\",\"breadcrumb\":{\"@id\":\"https:\\\/\\\/fundesplai.org\\\/viureisomriure\\\/#breadcrumb\"},\"inLanguage\":\"ca\",\"potentialAction\":[{\"@type\":\"ReadAction\",\"target\":[\"https:\\\/\\\/fundesplai.org\\\/viureisomriure\\\/\"]}]},{\"@type\":\"BreadcrumbList\",\"@id\":\"https:\\\/\\\/fundesplai.org\\\/viureisomriure\\\/#breadcrumb\",\"itemListElement\":[{\"@type\":\"ListItem\",\"position\":1,\"name\":\"Inici\",\"item\":\"\\\/\"},{\"@type\":\"ListItem\",\"position\":2,\"name\":\"Viure i somriure\",\"item\":\"https:\\\/\\\/fundesplai.org\\\/viureisomriure\"},{\"@type\":\"ListItem\",\"position\":3,\"name\":\"Presentaci\u00f3\"}]},{\"@type\":\"WebSite\",\"@id\":\"https:\\\/\\\/fundesplai.org\\\/viureisomriure\\\/#website\",\"url\":\"https:\\\/\\\/fundesplai.org\\\/viureisomriure\\\/\",\"name\":\"Viure i somriure\",\"description\":\"Proposta educativa de Fundesplai\",\"potentialAction\":[{\"@type\":\"SearchAction\",\"target\":{\"@type\":\"EntryPoint\",\"urlTemplate\":\"https:\\\/\\\/fundesplai.org\\\/viureisomriure\\\/?s={search_term_string}\"},\"query-input\":{\"@type\":\"PropertyValueSpecification\",\"valueRequired\":true,\"valueName\":\"search_term_string\"}}],\"inLanguage\":\"ca\"}]}<\/script>\n<!-- \/ Yoast SEO plugin. -->","yoast_head_json":{"title":"Presentaci\u00f3 - Viure i somriure","robots":{"index":"index","follow":"follow","max-snippet":"max-snippet:-1","max-image-preview":"max-image-preview:large","max-video-preview":"max-video-preview:-1"},"canonical":"https:\/\/fundesplai.org\/viureisomriure\/","og_locale":"ca_ES","og_type":"article","og_title":"Presentaci\u00f3 - Viure i somriure","og_description":"Qu\u00e8 \u00e9s? Viure i somriure, una proposta educativa de Fundesplai per a la promoci\u00f3 de la salut en el lleure, \u00e9s una reedici\u00f3, revisada i actualitzada del programa pedag\u00f2gic, Viure per dins i per fora, un programa per a la salut i la vitalitat editat l'any 1994. Viure i somriure constitueix una intervenci\u00f3 educativa de [&hellip;]","og_url":"https:\/\/fundesplai.org\/viureisomriure\/","og_site_name":"Viure i somriure","article_modified_time":"2024-01-16T10:46:54+00:00","twitter_card":"summary_large_image","twitter_misc":{"Temps estimat de lectura":"6 minuts"},"schema":{"@context":"https:\/\/schema.org","@graph":[{"@type":"WebPage","@id":"https:\/\/fundesplai.org\/viureisomriure\/","url":"https:\/\/fundesplai.org\/viureisomriure\/","name":"Presentaci\u00f3 - Viure i somriure","isPartOf":{"@id":"https:\/\/fundesplai.org\/viureisomriure\/#website"},"datePublished":"2021-10-13T06:44:15+00:00","dateModified":"2024-01-16T10:46:54+00:00","breadcrumb":{"@id":"https:\/\/fundesplai.org\/viureisomriure\/#breadcrumb"},"inLanguage":"ca","potentialAction":[{"@type":"ReadAction","target":["https:\/\/fundesplai.org\/viureisomriure\/"]}]},{"@type":"BreadcrumbList","@id":"https:\/\/fundesplai.org\/viureisomriure\/#breadcrumb","itemListElement":[{"@type":"ListItem","position":1,"name":"Inici","item":"\/"},{"@type":"ListItem","position":2,"name":"Viure i somriure","item":"https:\/\/fundesplai.org\/viureisomriure"},{"@type":"ListItem","position":3,"name":"Presentaci\u00f3"}]},{"@type":"WebSite","@id":"https:\/\/fundesplai.org\/viureisomriure\/#website","url":"https:\/\/fundesplai.org\/viureisomriure\/","name":"Viure i somriure","description":"Proposta educativa de Fundesplai","potentialAction":[{"@type":"SearchAction","target":{"@type":"EntryPoint","urlTemplate":"https:\/\/fundesplai.org\/viureisomriure\/?s={search_term_string}"},"query-input":{"@type":"PropertyValueSpecification","valueRequired":true,"valueName":"search_term_string"}}],"inLanguage":"ca"}]}},"_links":{"self":[{"href":"https:\/\/fundesplai.org\/viureisomriure\/wp-json\/wp\/v2\/pages\/5","targetHints":{"allow":["GET"]}}],"collection":[{"href":"https:\/\/fundesplai.org\/viureisomriure\/wp-json\/wp\/v2\/pages"}],"about":[{"href":"https:\/\/fundesplai.org\/viureisomriure\/wp-json\/wp\/v2\/types\/page"}],"author":[{"embeddable":true,"href":"https:\/\/fundesplai.org\/viureisomriure\/wp-json\/wp\/v2\/users\/4"}],"replies":[{"embeddable":true,"href":"https:\/\/fundesplai.org\/viureisomriure\/wp-json\/wp\/v2\/comments?post=5"}],"version-history":[{"count":8,"href":"https:\/\/fundesplai.org\/viureisomriure\/wp-json\/wp\/v2\/pages\/5\/revisions"}],"predecessor-version":[{"id":284,"href":"https:\/\/fundesplai.org\/viureisomriure\/wp-json\/wp\/v2\/pages\/5\/revisions\/284"}],"wp:attachment":[{"href":"https:\/\/fundesplai.org\/viureisomriure\/wp-json\/wp\/v2\/media?parent=5"}],"curies":[{"name":"wp","href":"https:\/\/api.w.org\/{rel}","templated":true}]}}