{"id":39,"date":"2021-10-13T09:10:17","date_gmt":"2021-10-13T07:10:17","guid":{"rendered":"https:\/\/fundesplai.org\/viureisomriure\/?page_id=39"},"modified":"2023-10-11T11:47:30","modified_gmt":"2023-10-11T09:47:30","slug":"12-a-18-anys","status":"publish","type":"page","link":"https:\/\/fundesplai.org\/viureisomriure\/12-a-18-anys\/","title":{"rendered":"De 12 a 18 anys"},"content":{"rendered":"<p>[et_pb_section fb_built=&#8221;1&#8243; _builder_version=&#8221;4.16&#8243; locked=&#8221;off&#8221; global_colors_info=&#8221;{}&#8221;][et_pb_row _builder_version=&#8221;4.16&#8243; background_size=&#8221;initial&#8221; background_position=&#8221;top_left&#8221; background_repeat=&#8221;repeat&#8221; global_colors_info=&#8221;{}&#8221;][et_pb_column type=&#8221;4_4&#8243; _builder_version=&#8221;4.16&#8243; custom_padding=&#8221;|||&#8221; global_colors_info=&#8221;{}&#8221; custom_padding__hover=&#8221;|||&#8221;][et_pb_post_title meta=&#8221;off&#8221; featured_image=&#8221;off&#8221; _builder_version=&#8221;4.16&#8243; _module_preset=&#8221;default&#8221; global_colors_info=&#8221;{}&#8221;][\/et_pb_post_title][et_pb_text _builder_version=&#8221;4.19.0&#8243; background_size=&#8221;initial&#8221; background_position=&#8221;top_left&#8221; background_repeat=&#8221;repeat&#8221; global_colors_info=&#8221;{}&#8221;]<\/p>\n<p>Amb els grups de joves, proposem un conjunt d&#8217;activitats que tenen com a finalitat explorar els seus interessos i motivar-los de cara a la realitzaci\u00f3 d&#8217;un projecte o d&#8217;un projecte d&#8217;aprenentatge i servei. Per aix\u00f2, les activitats han de suposar una motivaci\u00f3 forta que engresqui els joves a reflexionar sobre la salut, plantejar-se interrogants i proposar-se accions col\u00b7lectives que produeixin petits canvis en ells i en el si de la seva comunitat.<\/p>\n<p>[\/et_pb_text][\/et_pb_column][\/et_pb_row][et_pb_row column_structure=&#8221;1_2,1_2&#8243; _builder_version=&#8221;4.21.0&#8243; _module_preset=&#8221;default&#8221; custom_margin=&#8221;50px||50px||false|false&#8221; hover_enabled=&#8221;0&#8243; global_colors_info=&#8221;{}&#8221; sticky_enabled=&#8221;0&#8243;][et_pb_column type=&#8221;1_2&#8243; _builder_version=&#8221;4.19.0&#8243; _module_preset=&#8221;default&#8221; global_colors_info=&#8221;{}&#8221;][et_pb_image src=&#8221;http:\/\/fundesplai.org\/viureisomriure\/wp-content\/uploads\/sites\/21\/2021\/10\/higene.gif&#8221; title_text=&#8221;higene&#8221; url=&#8221;https:\/\/fundesplai.org\/banc-recursos\/recurs\/no-se-com-dir-li-ho\/&#8221; align=&#8221;center&#8221; _builder_version=&#8221;4.21.0&#8243; _module_preset=&#8221;default&#8221; global_colors_info=&#8221;{}&#8221;][\/et_pb_image][et_pb_button button_url=&#8221;https:\/\/fundesplai.org\/banc-recursos\/recurs\/no-se-com-dir-li-ho\/&#8221; button_text=&#8221;No s\u00e9 com dir-li-ho&#8221; button_alignment=&#8221;center&#8221; _builder_version=&#8221;4.21.0&#8243; _module_preset=&#8221;default&#8221; global_colors_info=&#8221;{}&#8221;][\/et_pb_button][\/et_pb_column][et_pb_column type=&#8221;1_2&#8243; _builder_version=&#8221;4.19.0&#8243; _module_preset=&#8221;default&#8221; global_colors_info=&#8221;{}&#8221;][et_pb_image src=&#8221;http:\/\/fundesplai.org\/viureisomriure\/wp-content\/uploads\/sites\/21\/2021\/10\/amor.gif&#8221; title_text=&#8221;amor&#8221; url=&#8221;https:\/\/fundesplai.org\/banc-recursos\/recurs\/el-mirall-i-el-miratge\/&#8221; align=&#8221;center&#8221; _builder_version=&#8221;4.21.0&#8243; _module_preset=&#8221;default&#8221; global_colors_info=&#8221;{}&#8221;][\/et_pb_image][et_pb_button button_url=&#8221;https:\/\/fundesplai.org\/banc-recursos\/recurs\/el-mirall-i-el-miratge\/&#8221; button_text=&#8221;El mirall i el miratge&#8221; button_alignment=&#8221;center&#8221; _builder_version=&#8221;4.21.0&#8243; _module_preset=&#8221;default&#8221; global_colors_info=&#8221;{}&#8221;][\/et_pb_button][\/et_pb_column][\/et_pb_row][\/et_pb_section]<\/p>\n","protected":false},"excerpt":{"rendered":"<p>Amb els grups de joves, proposem un conjunt d&#8217;activitats que tenen com a finalitat explorar els seus interessos i motivar-los de cara a la realitzaci\u00f3 d&#8217;un projecte o d&#8217;un projecte d&#8217;aprenentatge i servei. Per aix\u00f2, les activitats han de suposar una motivaci\u00f3 forta que engresqui els joves a reflexionar sobre la salut, plantejar-se interrogants i [&hellip;]<\/p>\n","protected":false},"author":4,"featured_media":0,"parent":0,"menu_order":0,"comment_status":"closed","ping_status":"closed","template":"","meta":{"_et_pb_use_builder":"on","_et_pb_old_content":"<!-- wp:paragraph -->\r\n<p>Objectius educatius<\/p>\r\n<!-- \/wp:paragraph --><!-- wp:paragraph -->\r\n<p><strong>H\u00e0bits i habilitats<\/strong><br \/>\u00bb\u00a0Que els joves reforcin els h\u00e0bits d'anar nets i de tenir cura del propi cos<br \/>\u00bb\u00a0Que els joves desenvolupin la seva capacitat de resist\u00e8ncia i de coordinaci\u00f3 en les activitats f\u00edsiques, jocs i esports<br \/>\u00bb\u00a0Que els joves desenvolupin la seva capacitat d'autonomia i d'autoorganitzaci\u00f3 en grup sense la pressi\u00f3 constant de l'equip de monitors<br \/>\u00bb\u00a0Que els joves estimulin la seva capacitat de pensament abstracte, analitzant, deduint, traient conclusions<\/p>\r\n<!-- \/wp:paragraph --><!-- wp:paragraph -->\r\n<p><strong>Coneixements<\/strong><br \/>\u00bb\u00a0Que els joves identifiquin, argumentin i s\u00e0piguen com evitar les situacions i comportaments de risc<br \/>\u00bb\u00a0Que els joves identifiquin i estableixin relacions de causa i efecte entre l'alimentaci\u00f3 i la salut, el medi ambient i la salut, els consums i la salut, etc<br \/>\u00bb\u00a0Que els joves comprenguin la salut com a manera de viure m\u00e9s que no pas com a abs\u00e8ncia de malaltia<br \/>\u00bb\u00a0Que els joves incorporin al seu vocabulari m\u00e9s paraules relacionades amb la prevenci\u00f3 d'accidents, d'addiccions i de malalties<br \/>\u00bb\u00a0Que els joves coneguin col\u00b7lectius i persones compromeses en projectes de promoci\u00f3 de la salut: de solidaritat, prevenci\u00f3, medi ambient, etc<\/p>\r\n<!-- \/wp:paragraph --><!-- wp:paragraph -->\r\n<p><strong>Actituds i valors<\/strong><br \/>\u00bb\u00a0Que els joves desenvolupin una actitud cr\u00edtica i de moderaci\u00f3 enfront dels consums i les addicions: tabac, de l'alcohol, internet, m\u00f2bils, televisi\u00f3, etc<br \/>\u00bb\u00a0Que els joves desenvolupin actituds d'autoestima i d'autocr\u00edtica, tot aprenent a diferenciar el judici d'un acte del judici d'una persona<br \/>\u00bb\u00a0Que els joves desenvolupin actituds de sensibilitat i de respecte vers el sexe i que siguin cr\u00edtics vers la concepci\u00f3 mercantil de la sexualitat<br \/>\u00bb\u00a0Que els joves expressin la seva solidaritat vers els col\u00b7lectius que viuen en pitjors condicions i siguin capa\u00e7os d'assumir algun comprom\u00eds de cooperaci\u00f3<br \/>\u00bb\u00a0Que els joves valorin la prud\u00e8ncia com una pauta de conducta imprescindible per defensar-se dels riscos i dels perills<br \/>\u00bb\u00a0Que els joves valorin i gaudeixin de les experi\u00e8ncies vitals senzilles i austeres, amb poc consum i molta comunicaci\u00f3 interpersonal<\/p>\r\n<!-- \/wp:paragraph -->","_et_gb_content_width":"","footnotes":""},"class_list":["post-39","page","type-page","status-publish","hentry"],"yoast_head":"<!-- This site is optimized with the Yoast SEO plugin v27.3 - https:\/\/yoast.com\/product\/yoast-seo-wordpress\/ -->\n<title>De 12 a 18 anys - Viure i somriure<\/title>\n<meta name=\"robots\" content=\"index, follow, max-snippet:-1, max-image-preview:large, max-video-preview:-1\" \/>\n<link rel=\"canonical\" href=\"https:\/\/fundesplai.org\/viureisomriure\/12-a-18-anys\/\" \/>\n<meta property=\"og:locale\" content=\"ca_ES\" \/>\n<meta property=\"og:type\" content=\"article\" \/>\n<meta property=\"og:title\" content=\"De 12 a 18 anys - Viure i somriure\" \/>\n<meta property=\"og:description\" content=\"Amb els grups de joves, proposem un conjunt d&#039;activitats que tenen com a finalitat explorar els seus interessos i motivar-los de cara a la realitzaci\u00f3 d&#039;un projecte o d&#039;un projecte d&#039;aprenentatge i servei. Per aix\u00f2, les activitats han de suposar una motivaci\u00f3 forta que engresqui els joves a reflexionar sobre la salut, plantejar-se interrogants i [&hellip;]\" \/>\n<meta property=\"og:url\" content=\"https:\/\/fundesplai.org\/viureisomriure\/12-a-18-anys\/\" \/>\n<meta property=\"og:site_name\" content=\"Viure i somriure\" \/>\n<meta property=\"article:modified_time\" content=\"2023-10-11T09:47:30+00:00\" \/>\n<meta name=\"twitter:card\" content=\"summary_large_image\" \/>\n<meta name=\"twitter:label1\" content=\"Temps estimat de lectura\" \/>\n\t<meta name=\"twitter:data1\" content=\"1 minut\" \/>\n<script type=\"application\/ld+json\" class=\"yoast-schema-graph\">{\"@context\":\"https:\\\/\\\/schema.org\",\"@graph\":[{\"@type\":\"WebPage\",\"@id\":\"https:\\\/\\\/fundesplai.org\\\/viureisomriure\\\/12-a-18-anys\\\/\",\"url\":\"https:\\\/\\\/fundesplai.org\\\/viureisomriure\\\/12-a-18-anys\\\/\",\"name\":\"De 12 a 18 anys - Viure i somriure\",\"isPartOf\":{\"@id\":\"https:\\\/\\\/fundesplai.org\\\/viureisomriure\\\/#website\"},\"datePublished\":\"2021-10-13T07:10:17+00:00\",\"dateModified\":\"2023-10-11T09:47:30+00:00\",\"breadcrumb\":{\"@id\":\"https:\\\/\\\/fundesplai.org\\\/viureisomriure\\\/12-a-18-anys\\\/#breadcrumb\"},\"inLanguage\":\"ca\",\"potentialAction\":[{\"@type\":\"ReadAction\",\"target\":[\"https:\\\/\\\/fundesplai.org\\\/viureisomriure\\\/12-a-18-anys\\\/\"]}]},{\"@type\":\"BreadcrumbList\",\"@id\":\"https:\\\/\\\/fundesplai.org\\\/viureisomriure\\\/12-a-18-anys\\\/#breadcrumb\",\"itemListElement\":[{\"@type\":\"ListItem\",\"position\":1,\"name\":\"Inici\",\"item\":\"\\\/\"},{\"@type\":\"ListItem\",\"position\":2,\"name\":\"Viure i somriure\",\"item\":\"https:\\\/\\\/fundesplai.org\\\/viureisomriure\"},{\"@type\":\"ListItem\",\"position\":3,\"name\":\"De 12 a 18 anys\"}]},{\"@type\":\"WebSite\",\"@id\":\"https:\\\/\\\/fundesplai.org\\\/viureisomriure\\\/#website\",\"url\":\"https:\\\/\\\/fundesplai.org\\\/viureisomriure\\\/\",\"name\":\"Viure i somriure\",\"description\":\"Proposta educativa de Fundesplai\",\"potentialAction\":[{\"@type\":\"SearchAction\",\"target\":{\"@type\":\"EntryPoint\",\"urlTemplate\":\"https:\\\/\\\/fundesplai.org\\\/viureisomriure\\\/?s={search_term_string}\"},\"query-input\":{\"@type\":\"PropertyValueSpecification\",\"valueRequired\":true,\"valueName\":\"search_term_string\"}}],\"inLanguage\":\"ca\"}]}<\/script>\n<!-- \/ Yoast SEO plugin. -->","yoast_head_json":{"title":"De 12 a 18 anys - Viure i somriure","robots":{"index":"index","follow":"follow","max-snippet":"max-snippet:-1","max-image-preview":"max-image-preview:large","max-video-preview":"max-video-preview:-1"},"canonical":"https:\/\/fundesplai.org\/viureisomriure\/12-a-18-anys\/","og_locale":"ca_ES","og_type":"article","og_title":"De 12 a 18 anys - Viure i somriure","og_description":"Amb els grups de joves, proposem un conjunt d'activitats que tenen com a finalitat explorar els seus interessos i motivar-los de cara a la realitzaci\u00f3 d'un projecte o d'un projecte d'aprenentatge i servei. Per aix\u00f2, les activitats han de suposar una motivaci\u00f3 forta que engresqui els joves a reflexionar sobre la salut, plantejar-se interrogants i [&hellip;]","og_url":"https:\/\/fundesplai.org\/viureisomriure\/12-a-18-anys\/","og_site_name":"Viure i somriure","article_modified_time":"2023-10-11T09:47:30+00:00","twitter_card":"summary_large_image","twitter_misc":{"Temps estimat de lectura":"1 minut"},"schema":{"@context":"https:\/\/schema.org","@graph":[{"@type":"WebPage","@id":"https:\/\/fundesplai.org\/viureisomriure\/12-a-18-anys\/","url":"https:\/\/fundesplai.org\/viureisomriure\/12-a-18-anys\/","name":"De 12 a 18 anys - Viure i somriure","isPartOf":{"@id":"https:\/\/fundesplai.org\/viureisomriure\/#website"},"datePublished":"2021-10-13T07:10:17+00:00","dateModified":"2023-10-11T09:47:30+00:00","breadcrumb":{"@id":"https:\/\/fundesplai.org\/viureisomriure\/12-a-18-anys\/#breadcrumb"},"inLanguage":"ca","potentialAction":[{"@type":"ReadAction","target":["https:\/\/fundesplai.org\/viureisomriure\/12-a-18-anys\/"]}]},{"@type":"BreadcrumbList","@id":"https:\/\/fundesplai.org\/viureisomriure\/12-a-18-anys\/#breadcrumb","itemListElement":[{"@type":"ListItem","position":1,"name":"Inici","item":"\/"},{"@type":"ListItem","position":2,"name":"Viure i somriure","item":"https:\/\/fundesplai.org\/viureisomriure"},{"@type":"ListItem","position":3,"name":"De 12 a 18 anys"}]},{"@type":"WebSite","@id":"https:\/\/fundesplai.org\/viureisomriure\/#website","url":"https:\/\/fundesplai.org\/viureisomriure\/","name":"Viure i somriure","description":"Proposta educativa de Fundesplai","potentialAction":[{"@type":"SearchAction","target":{"@type":"EntryPoint","urlTemplate":"https:\/\/fundesplai.org\/viureisomriure\/?s={search_term_string}"},"query-input":{"@type":"PropertyValueSpecification","valueRequired":true,"valueName":"search_term_string"}}],"inLanguage":"ca"}]}},"_links":{"self":[{"href":"https:\/\/fundesplai.org\/viureisomriure\/wp-json\/wp\/v2\/pages\/39","targetHints":{"allow":["GET"]}}],"collection":[{"href":"https:\/\/fundesplai.org\/viureisomriure\/wp-json\/wp\/v2\/pages"}],"about":[{"href":"https:\/\/fundesplai.org\/viureisomriure\/wp-json\/wp\/v2\/types\/page"}],"author":[{"embeddable":true,"href":"https:\/\/fundesplai.org\/viureisomriure\/wp-json\/wp\/v2\/users\/4"}],"replies":[{"embeddable":true,"href":"https:\/\/fundesplai.org\/viureisomriure\/wp-json\/wp\/v2\/comments?post=39"}],"version-history":[{"count":9,"href":"https:\/\/fundesplai.org\/viureisomriure\/wp-json\/wp\/v2\/pages\/39\/revisions"}],"predecessor-version":[{"id":270,"href":"https:\/\/fundesplai.org\/viureisomriure\/wp-json\/wp\/v2\/pages\/39\/revisions\/270"}],"wp:attachment":[{"href":"https:\/\/fundesplai.org\/viureisomriure\/wp-json\/wp\/v2\/media?parent=39"}],"curies":[{"name":"wp","href":"https:\/\/api.w.org\/{rel}","templated":true}]}}