{"id":37,"date":"2021-10-13T09:09:36","date_gmt":"2021-10-13T07:09:36","guid":{"rendered":"https:\/\/fundesplai.org\/viureisomriure\/?page_id=37"},"modified":"2023-10-11T12:24:23","modified_gmt":"2023-10-11T10:24:23","slug":"8-a-12-anys","status":"publish","type":"page","link":"https:\/\/fundesplai.org\/viureisomriure\/8-a-12-anys\/","title":{"rendered":"De 8 a 12 anys"},"content":{"rendered":"<p>[et_pb_section fb_built=&#8221;1&#8243; _builder_version=&#8221;4.16&#8243; locked=&#8221;off&#8221; global_colors_info=&#8221;{}&#8221;][et_pb_row _builder_version=&#8221;4.16&#8243; background_size=&#8221;initial&#8221; background_position=&#8221;top_left&#8221; background_repeat=&#8221;repeat&#8221; global_colors_info=&#8221;{}&#8221;][et_pb_column type=&#8221;4_4&#8243; _builder_version=&#8221;4.16&#8243; custom_padding=&#8221;|||&#8221; global_colors_info=&#8221;{}&#8221; custom_padding__hover=&#8221;|||&#8221;][et_pb_post_title meta=&#8221;off&#8221; featured_image=&#8221;off&#8221; _builder_version=&#8221;4.16&#8243; _module_preset=&#8221;default&#8221; global_colors_info=&#8221;{}&#8221;][\/et_pb_post_title][et_pb_text _builder_version=&#8221;4.21.0&#8243; background_size=&#8221;initial&#8221; background_position=&#8221;top_left&#8221; background_repeat=&#8221;repeat&#8221; hover_enabled=&#8221;0&#8243; global_colors_info=&#8221;{}&#8221; sticky_enabled=&#8221;0&#8243;]<\/p>\n<p>D&#8217;una banda, trobareu un recull de 7 activitats relacionades amb el centre d&#8217;inter\u00e8s (CI) i els temes clau i d&#8217;una altra, activitats complement\u00e0ries. Aquest darrer apartat s&#8217;anir\u00e0 ampliant en la mesura que envieu les vostres propostes d&#8217;activitat.<\/p>\n<p>[\/et_pb_text][\/et_pb_column][\/et_pb_row][et_pb_row column_structure=&#8221;1_4,1_4,1_4,1_4&#8243; _builder_version=&#8221;4.19.0&#8243; _module_preset=&#8221;default&#8221; custom_margin=&#8221;50px||||false|false&#8221; global_colors_info=&#8221;{}&#8221;][et_pb_column type=&#8221;1_4&#8243; _builder_version=&#8221;4.19.0&#8243; _module_preset=&#8221;default&#8221; global_colors_info=&#8221;{}&#8221;][et_pb_image src=&#8221;http:\/\/fundesplai.org\/viureisomriure\/wp-content\/uploads\/sites\/21\/2021\/10\/cosnum.gif&#8221; title_text=&#8221;cosnum&#8221; url=&#8221;https:\/\/fundesplai.org\/banc-recursos\/recurs\/amb-uns-altres-ulls\/&#8221; align=&#8221;center&#8221; _builder_version=&#8221;4.21.0&#8243; _module_preset=&#8221;default&#8221; global_colors_info=&#8221;{}&#8221;][\/et_pb_image][et_pb_button button_url=&#8221;https:\/\/fundesplai.org\/banc-recursos\/recurs\/amb-uns-altres-ulls\/&#8221; button_text=&#8221;Amb uns altres ulls&#8221; button_alignment=&#8221;center&#8221; _builder_version=&#8221;4.21.0&#8243; _module_preset=&#8221;default&#8221; global_colors_info=&#8221;{}&#8221;][\/et_pb_button][\/et_pb_column][et_pb_column type=&#8221;1_4&#8243; _builder_version=&#8221;4.19.0&#8243; _module_preset=&#8221;default&#8221; global_colors_info=&#8221;{}&#8221;][et_pb_image src=&#8221;http:\/\/fundesplai.org\/viureisomriure\/wp-content\/uploads\/sites\/21\/2021\/10\/higene.gif&#8221; title_text=&#8221;higene&#8221; url=&#8221;https:\/\/fundesplai.org\/banc-recursos\/recurs\/els-disbarats-del-vestuari\/&#8221; align=&#8221;center&#8221; _builder_version=&#8221;4.21.0&#8243; _module_preset=&#8221;default&#8221; global_colors_info=&#8221;{}&#8221;][\/et_pb_image][et_pb_button button_url=&#8221;https:\/\/fundesplai.org\/banc-recursos\/recurs\/els-disbarats-del-vestuari\/&#8221; button_text=&#8221;Els disbarats del vestuari&#8221; button_alignment=&#8221;center&#8221; _builder_version=&#8221;4.21.0&#8243; _module_preset=&#8221;default&#8221; global_colors_info=&#8221;{}&#8221;][\/et_pb_button][\/et_pb_column][et_pb_column type=&#8221;1_4&#8243; _builder_version=&#8221;4.19.0&#8243; _module_preset=&#8221;default&#8221; global_colors_info=&#8221;{}&#8221;][et_pb_image src=&#8221;http:\/\/fundesplai.org\/viureisomriure\/wp-content\/uploads\/sites\/21\/2021\/10\/preven.gif&#8221; title_text=&#8221;preven&#8221; url=&#8221;https:\/\/fundesplai.org\/banc-recursos\/recurs\/gimcana-de-la-salut\/&#8221; align=&#8221;center&#8221; _builder_version=&#8221;4.21.0&#8243; _module_preset=&#8221;default&#8221; global_colors_info=&#8221;{}&#8221;][\/et_pb_image][et_pb_button button_url=&#8221;https:\/\/fundesplai.org\/banc-recursos\/recurs\/gimcana-de-la-salut\/&#8221; button_text=&#8221;Gimcana de la salut&#8221; button_alignment=&#8221;center&#8221; _builder_version=&#8221;4.21.0&#8243; _module_preset=&#8221;default&#8221; global_colors_info=&#8221;{}&#8221;][\/et_pb_button][\/et_pb_column][et_pb_column type=&#8221;1_4&#8243; _builder_version=&#8221;4.19.0&#8243; _module_preset=&#8221;default&#8221; global_colors_info=&#8221;{}&#8221;][et_pb_image src=&#8221;http:\/\/fundesplai.org\/viureisomriure\/wp-content\/uploads\/sites\/21\/2021\/10\/sexu.gif&#8221; title_text=&#8221;sexu&#8221; url=&#8221;https:\/\/fundesplai.org\/banc-recursos\/recurs\/taller-del-cos\/&#8221; align=&#8221;center&#8221; _builder_version=&#8221;4.21.0&#8243; _module_preset=&#8221;default&#8221; global_colors_info=&#8221;{}&#8221;][\/et_pb_image][et_pb_button button_url=&#8221;https:\/\/fundesplai.org\/banc-recursos\/recurs\/taller-del-cos\/&#8221; button_text=&#8221;Taller del cos&#8221; button_alignment=&#8221;center&#8221; _builder_version=&#8221;4.21.0&#8243; _module_preset=&#8221;default&#8221; global_colors_info=&#8221;{}&#8221;][\/et_pb_button][\/et_pb_column][\/et_pb_row][et_pb_row column_structure=&#8221;1_3,1_3,1_3&#8243; _builder_version=&#8221;4.19.0&#8243; _module_preset=&#8221;default&#8221; custom_margin=&#8221;40px||50px||false|false&#8221; global_colors_info=&#8221;{}&#8221;][et_pb_column type=&#8221;1_3&#8243; _builder_version=&#8221;4.19.0&#8243; _module_preset=&#8221;default&#8221; global_colors_info=&#8221;{}&#8221;][et_pb_image src=&#8221;http:\/\/fundesplai.org\/viureisomriure\/wp-content\/uploads\/sites\/21\/2021\/10\/medi.gif&#8221; title_text=&#8221;medi&#8221; url=&#8221;https:\/\/fundesplai.org\/banc-recursos\/recurs\/cada-cosa-al-seu-lloc\/&#8221; align=&#8221;center&#8221; _builder_version=&#8221;4.21.0&#8243; _module_preset=&#8221;default&#8221; global_colors_info=&#8221;{}&#8221;][\/et_pb_image][et_pb_button button_url=&#8221;https:\/\/fundesplai.org\/banc-recursos\/recurs\/cada-cosa-al-seu-lloc\/&#8221; button_text=&#8221;Cada cosa al seu lloc&#8221; button_alignment=&#8221;center&#8221; _builder_version=&#8221;4.21.0&#8243; _module_preset=&#8221;default&#8221; global_colors_info=&#8221;{}&#8221;][\/et_pb_button][\/et_pb_column][et_pb_column type=&#8221;1_3&#8243; _builder_version=&#8221;4.19.0&#8243; _module_preset=&#8221;default&#8221; global_colors_info=&#8221;{}&#8221;][et_pb_image src=&#8221;http:\/\/fundesplai.org\/viureisomriure\/wp-content\/uploads\/sites\/21\/2021\/10\/soli.gif&#8221; title_text=&#8221;soli&#8221; url=&#8221;https:\/\/fundesplai.org\/banc-recursos\/recurs\/posat-en-marxa\/&#8221; align=&#8221;center&#8221; _builder_version=&#8221;4.21.0&#8243; _module_preset=&#8221;default&#8221; global_colors_info=&#8221;{}&#8221;][\/et_pb_image][et_pb_button button_url=&#8221;https:\/\/fundesplai.org\/banc-recursos\/recurs\/posat-en-marxa\/&#8221; button_text=&#8221;Posa&#8217;t en marxa&#8221; button_alignment=&#8221;center&#8221; _builder_version=&#8221;4.21.0&#8243; _module_preset=&#8221;default&#8221; global_colors_info=&#8221;{}&#8221;][\/et_pb_button][\/et_pb_column][et_pb_column type=&#8221;1_3&#8243; _builder_version=&#8221;4.19.0&#8243; _module_preset=&#8221;default&#8221; global_colors_info=&#8221;{}&#8221;][et_pb_image src=&#8221;http:\/\/fundesplai.org\/viureisomriure\/wp-content\/uploads\/sites\/21\/2021\/10\/amor.gif&#8221; title_text=&#8221;amor&#8221; url=&#8221;https:\/\/fundesplai.org\/banc-recursos\/recurs\/qui-soc-qui-ets\/&#8221; align=&#8221;center&#8221; _builder_version=&#8221;4.21.0&#8243; _module_preset=&#8221;default&#8221; global_colors_info=&#8221;{}&#8221;][\/et_pb_image][et_pb_button button_url=&#8221;https:\/\/fundesplai.org\/banc-recursos\/recurs\/qui-soc-qui-ets\/&#8221; button_text=&#8221;Qui soc, qui ets?&#8221; button_alignment=&#8221;center&#8221; _builder_version=&#8221;4.21.0&#8243; _module_preset=&#8221;default&#8221; global_colors_info=&#8221;{}&#8221;][\/et_pb_button][\/et_pb_column][\/et_pb_row][\/et_pb_section]<\/p>\n","protected":false},"excerpt":{"rendered":"<p>D&#8217;una banda, trobareu un recull de 7 activitats relacionades amb el centre d&#8217;inter\u00e8s (CI) i els temes clau i d&#8217;una altra, activitats complement\u00e0ries. Aquest darrer apartat s&#8217;anir\u00e0 ampliant en la mesura que envieu les vostres propostes d&#8217;activitat.<\/p>\n","protected":false},"author":4,"featured_media":0,"parent":0,"menu_order":0,"comment_status":"closed","ping_status":"closed","template":"","meta":{"_et_pb_use_builder":"on","_et_pb_old_content":"<!-- wp:paragraph -->\r\n<p>Objectius educatius<\/p>\r\n<!-- \/wp:paragraph --><!-- wp:paragraph -->\r\n<p><strong>H\u00e0bits i habilitats<\/strong><br \/>\u00bb\u00a0Que els nois i les noies s'acostumin a anar polits i dur la roba adient a l'activitat i a les condicions ambientals<br \/>\u00bb\u00a0Que els nois i les noies millorin els h\u00e0bits d'ordre i neteja de les sales que utilitzen i les activitats que hi desenvolupen, i tamb\u00e9 dels indrets que visiten<br \/>\u00bb\u00a0Que els nois i les noies desenvolupin l'equilibri i l'agilitat en els jocs i en l'exercici f\u00edsic en general<br \/>\u00bb\u00a0Que els nois i les noies desenvolupin i estructurin la seva capacitat organitzativa i de treball en equips I els h\u00e0bits d'ordre en el funcionament del grup<\/p>\r\n<!-- \/wp:paragraph --><!-- wp:paragraph -->\r\n<p><strong>Coneixements<\/strong><br \/>\u00bb\u00a0Que els nois i les noies identifiquin en l'entorn les situacions de risc o de perill<br \/>\u00bb\u00a0Que els nois i les noies identifiquin els comportaments i els consums que s\u00f3n nocius per a la salut<br \/>\u00bb\u00a0Que els nois i noies desenvolupin l'habilitat per plantejar-se diferents alternatives davant d'un problema<br \/>\u00bb\u00a0Que els nois i noies desenvolupin l'habilitat per analitzar la informaci\u00f3 i les experi\u00e8ncies de manera objectiva<br \/>\u00bb\u00a0Que els nois i noies consolidin la seva capacitat per prendre decisions raonadament<\/p>\r\n<!-- \/wp:paragraph --><!-- wp:paragraph -->\r\n<p><strong>Actituds i valors<\/strong><br \/>\u00bb\u00a0Que els nois i les noies desenvolupin actituds de prud\u00e8ncia i de valoraci\u00f3 de les pr\u00f2pies limitacions enfront dels riscos<br \/>\u00bb\u00a0Que els nois i les noies desenvolupin una actitud cr\u00edtica enfront de les llaminadures i s'interessin pels menjars m\u00e9s equilibrats i naturals<br \/>\u00bb\u00a0Que els nois i les noies estableixin una relaci\u00f3 de respecte i d'afecte entre ells mateixos, sense manifestacions de menyspreu o agressi\u00f3 per ra\u00f3 de sexe<br \/>\u00bb\u00a0Que els nois i les noies superin les dificultats que comporta el guanyar i el perdre, desenvolupin actituds positives davant de les frustracions, i siguin capa\u00e7os de parlar de les pr\u00f2pies limitacions sense por<br \/>\u00bb\u00a0Que els nois i les noies desenvolupin actituds de reflexi\u00f3 i d'interioritzaci\u00f3 de les experi\u00e8ncies que viuen individualment o en grup<br \/>\u00bb\u00a0Que els nois i les noies desenvolupin una actitud solidaria vers els nois i noies que viuen en condicions insalubres i inhumanes<br \/>\u00bb\u00a0Que els nois i les noies gaudeixin de l'equilibri i l'harmonia entre els moments d'activitat intensa i els de calma i contemplaci\u00f3<br \/>\u00bb\u00a0Que els nois i noies s'estimin la vida en grup i en frueixin, que l'associ\u00efn a divertir-se i passar-ho be, tot esfor\u00e7ant-se a fer valoracions positives i no exclusivament derrotistes<\/p>\r\n<!-- \/wp:paragraph -->","_et_gb_content_width":"1080","footnotes":""},"class_list":["post-37","page","type-page","status-publish","hentry"],"yoast_head":"<!-- This site is optimized with the Yoast SEO plugin v27.3 - https:\/\/yoast.com\/product\/yoast-seo-wordpress\/ -->\n<title>De 8 a 12 anys - Viure i somriure<\/title>\n<meta name=\"robots\" content=\"index, follow, max-snippet:-1, max-image-preview:large, max-video-preview:-1\" \/>\n<link rel=\"canonical\" href=\"https:\/\/fundesplai.org\/viureisomriure\/8-a-12-anys\/\" \/>\n<meta property=\"og:locale\" content=\"ca_ES\" \/>\n<meta property=\"og:type\" content=\"article\" \/>\n<meta property=\"og:title\" content=\"De 8 a 12 anys - Viure i somriure\" \/>\n<meta property=\"og:description\" content=\"D&#039;una banda, trobareu un recull de 7 activitats relacionades amb el centre d&#039;inter\u00e8s (CI) i els temes clau i d&#039;una altra, activitats complement\u00e0ries. Aquest darrer apartat s&#039;anir\u00e0 ampliant en la mesura que envieu les vostres propostes d&#039;activitat.\" \/>\n<meta property=\"og:url\" content=\"https:\/\/fundesplai.org\/viureisomriure\/8-a-12-anys\/\" \/>\n<meta property=\"og:site_name\" content=\"Viure i somriure\" \/>\n<meta property=\"article:modified_time\" content=\"2023-10-11T10:24:23+00:00\" \/>\n<meta name=\"twitter:card\" content=\"summary_large_image\" \/>\n<meta name=\"twitter:label1\" content=\"Temps estimat de lectura\" \/>\n\t<meta name=\"twitter:data1\" content=\"2 minuts\" \/>\n<script type=\"application\/ld+json\" class=\"yoast-schema-graph\">{\"@context\":\"https:\\\/\\\/schema.org\",\"@graph\":[{\"@type\":\"WebPage\",\"@id\":\"https:\\\/\\\/fundesplai.org\\\/viureisomriure\\\/8-a-12-anys\\\/\",\"url\":\"https:\\\/\\\/fundesplai.org\\\/viureisomriure\\\/8-a-12-anys\\\/\",\"name\":\"De 8 a 12 anys - Viure i somriure\",\"isPartOf\":{\"@id\":\"https:\\\/\\\/fundesplai.org\\\/viureisomriure\\\/#website\"},\"datePublished\":\"2021-10-13T07:09:36+00:00\",\"dateModified\":\"2023-10-11T10:24:23+00:00\",\"breadcrumb\":{\"@id\":\"https:\\\/\\\/fundesplai.org\\\/viureisomriure\\\/8-a-12-anys\\\/#breadcrumb\"},\"inLanguage\":\"ca\",\"potentialAction\":[{\"@type\":\"ReadAction\",\"target\":[\"https:\\\/\\\/fundesplai.org\\\/viureisomriure\\\/8-a-12-anys\\\/\"]}]},{\"@type\":\"BreadcrumbList\",\"@id\":\"https:\\\/\\\/fundesplai.org\\\/viureisomriure\\\/8-a-12-anys\\\/#breadcrumb\",\"itemListElement\":[{\"@type\":\"ListItem\",\"position\":1,\"name\":\"Inici\",\"item\":\"\\\/\"},{\"@type\":\"ListItem\",\"position\":2,\"name\":\"Viure i somriure\",\"item\":\"https:\\\/\\\/fundesplai.org\\\/viureisomriure\"},{\"@type\":\"ListItem\",\"position\":3,\"name\":\"De 8 a 12 anys\"}]},{\"@type\":\"WebSite\",\"@id\":\"https:\\\/\\\/fundesplai.org\\\/viureisomriure\\\/#website\",\"url\":\"https:\\\/\\\/fundesplai.org\\\/viureisomriure\\\/\",\"name\":\"Viure i somriure\",\"description\":\"Proposta educativa de Fundesplai\",\"potentialAction\":[{\"@type\":\"SearchAction\",\"target\":{\"@type\":\"EntryPoint\",\"urlTemplate\":\"https:\\\/\\\/fundesplai.org\\\/viureisomriure\\\/?s={search_term_string}\"},\"query-input\":{\"@type\":\"PropertyValueSpecification\",\"valueRequired\":true,\"valueName\":\"search_term_string\"}}],\"inLanguage\":\"ca\"}]}<\/script>\n<!-- \/ Yoast SEO plugin. -->","yoast_head_json":{"title":"De 8 a 12 anys - Viure i somriure","robots":{"index":"index","follow":"follow","max-snippet":"max-snippet:-1","max-image-preview":"max-image-preview:large","max-video-preview":"max-video-preview:-1"},"canonical":"https:\/\/fundesplai.org\/viureisomriure\/8-a-12-anys\/","og_locale":"ca_ES","og_type":"article","og_title":"De 8 a 12 anys - Viure i somriure","og_description":"D'una banda, trobareu un recull de 7 activitats relacionades amb el centre d'inter\u00e8s (CI) i els temes clau i d'una altra, activitats complement\u00e0ries. Aquest darrer apartat s'anir\u00e0 ampliant en la mesura que envieu les vostres propostes d'activitat.","og_url":"https:\/\/fundesplai.org\/viureisomriure\/8-a-12-anys\/","og_site_name":"Viure i somriure","article_modified_time":"2023-10-11T10:24:23+00:00","twitter_card":"summary_large_image","twitter_misc":{"Temps estimat de lectura":"2 minuts"},"schema":{"@context":"https:\/\/schema.org","@graph":[{"@type":"WebPage","@id":"https:\/\/fundesplai.org\/viureisomriure\/8-a-12-anys\/","url":"https:\/\/fundesplai.org\/viureisomriure\/8-a-12-anys\/","name":"De 8 a 12 anys - Viure i somriure","isPartOf":{"@id":"https:\/\/fundesplai.org\/viureisomriure\/#website"},"datePublished":"2021-10-13T07:09:36+00:00","dateModified":"2023-10-11T10:24:23+00:00","breadcrumb":{"@id":"https:\/\/fundesplai.org\/viureisomriure\/8-a-12-anys\/#breadcrumb"},"inLanguage":"ca","potentialAction":[{"@type":"ReadAction","target":["https:\/\/fundesplai.org\/viureisomriure\/8-a-12-anys\/"]}]},{"@type":"BreadcrumbList","@id":"https:\/\/fundesplai.org\/viureisomriure\/8-a-12-anys\/#breadcrumb","itemListElement":[{"@type":"ListItem","position":1,"name":"Inici","item":"\/"},{"@type":"ListItem","position":2,"name":"Viure i somriure","item":"https:\/\/fundesplai.org\/viureisomriure"},{"@type":"ListItem","position":3,"name":"De 8 a 12 anys"}]},{"@type":"WebSite","@id":"https:\/\/fundesplai.org\/viureisomriure\/#website","url":"https:\/\/fundesplai.org\/viureisomriure\/","name":"Viure i somriure","description":"Proposta educativa de Fundesplai","potentialAction":[{"@type":"SearchAction","target":{"@type":"EntryPoint","urlTemplate":"https:\/\/fundesplai.org\/viureisomriure\/?s={search_term_string}"},"query-input":{"@type":"PropertyValueSpecification","valueRequired":true,"valueName":"search_term_string"}}],"inLanguage":"ca"}]}},"_links":{"self":[{"href":"https:\/\/fundesplai.org\/viureisomriure\/wp-json\/wp\/v2\/pages\/37","targetHints":{"allow":["GET"]}}],"collection":[{"href":"https:\/\/fundesplai.org\/viureisomriure\/wp-json\/wp\/v2\/pages"}],"about":[{"href":"https:\/\/fundesplai.org\/viureisomriure\/wp-json\/wp\/v2\/types\/page"}],"author":[{"embeddable":true,"href":"https:\/\/fundesplai.org\/viureisomriure\/wp-json\/wp\/v2\/users\/4"}],"replies":[{"embeddable":true,"href":"https:\/\/fundesplai.org\/viureisomriure\/wp-json\/wp\/v2\/comments?post=37"}],"version-history":[{"count":10,"href":"https:\/\/fundesplai.org\/viureisomriure\/wp-json\/wp\/v2\/pages\/37\/revisions"}],"predecessor-version":[{"id":279,"href":"https:\/\/fundesplai.org\/viureisomriure\/wp-json\/wp\/v2\/pages\/37\/revisions\/279"}],"wp:attachment":[{"href":"https:\/\/fundesplai.org\/viureisomriure\/wp-json\/wp\/v2\/media?parent=37"}],"curies":[{"name":"wp","href":"https:\/\/api.w.org\/{rel}","templated":true}]}}