{"id":35,"date":"2021-10-13T09:08:57","date_gmt":"2021-10-13T07:08:57","guid":{"rendered":"https:\/\/fundesplai.org\/viureisomriure\/?page_id=35"},"modified":"2023-10-11T12:27:15","modified_gmt":"2023-10-11T10:27:15","slug":"3-a-8-anys","status":"publish","type":"page","link":"https:\/\/fundesplai.org\/viureisomriure\/3-a-8-anys\/","title":{"rendered":"De 3 a 8 anys"},"content":{"rendered":"<p>[et_pb_section fb_built=&#8221;1&#8243; _builder_version=&#8221;4.16&#8243; global_colors_info=&#8221;{}&#8221;][et_pb_row _builder_version=&#8221;4.16&#8243; background_size=&#8221;initial&#8221; background_position=&#8221;top_left&#8221; background_repeat=&#8221;repeat&#8221; global_colors_info=&#8221;{}&#8221;][et_pb_column type=&#8221;4_4&#8243; _builder_version=&#8221;4.16&#8243; custom_padding=&#8221;|||&#8221; global_colors_info=&#8221;{}&#8221; custom_padding__hover=&#8221;|||&#8221;][et_pb_post_title meta=&#8221;off&#8221; featured_image=&#8221;off&#8221; _builder_version=&#8221;4.16&#8243; _module_preset=&#8221;default&#8221; global_colors_info=&#8221;{}&#8221;][\/et_pb_post_title][et_pb_text _builder_version=&#8221;4.21.0&#8243; background_size=&#8221;initial&#8221; background_position=&#8221;top_left&#8221; background_repeat=&#8221;repeat&#8221; hover_enabled=&#8221;0&#8243; global_colors_info=&#8221;{}&#8221; sticky_enabled=&#8221;0&#8243;]<\/p>\n<p>D&#8217;una banda, trobareu un recull de 7 activitats relacionades amb el centre d&#8217;inter\u00e8s (CI) i els temes clau i duna altra, activitats complement\u00e0ries. Aquest darrer apartat s&#8217;anir\u00e0 ampliant en la mesura que envieu les vostres propostes d&#8217;activitat.<\/p>\n<p>[\/et_pb_text][\/et_pb_column][\/et_pb_row][et_pb_row column_structure=&#8221;1_4,1_4,1_4,1_4&#8243; _builder_version=&#8221;4.19.0&#8243; _module_preset=&#8221;default&#8221; custom_margin=&#8221;50px||||false|false&#8221; global_colors_info=&#8221;{}&#8221;][et_pb_column type=&#8221;1_4&#8243; _builder_version=&#8221;4.19.0&#8243; _module_preset=&#8221;default&#8221; global_colors_info=&#8221;{}&#8221;][et_pb_image src=&#8221;http:\/\/fundesplai.org\/viureisomriure\/wp-content\/uploads\/sites\/21\/2021\/10\/activitat.gif&#8221; title_text=&#8221;activitat&#8221; url=&#8221;https:\/\/fundesplai.org\/banc-recursos\/recurs\/circuit-de-la-salut\/&#8221; align=&#8221;center&#8221; _builder_version=&#8221;4.21.0&#8243; _module_preset=&#8221;default&#8221; global_colors_info=&#8221;{}&#8221;][\/et_pb_image][et_pb_button button_url=&#8221;https:\/\/fundesplai.org\/banc-recursos\/recurs\/circuit-de-la-salut\/&#8221; button_text=&#8221;Circuit de la salut&#8221; button_alignment=&#8221;center&#8221; _builder_version=&#8221;4.21.0&#8243; _module_preset=&#8221;default&#8221; global_colors_info=&#8221;{}&#8221;][\/et_pb_button][\/et_pb_column][et_pb_column type=&#8221;1_4&#8243; _builder_version=&#8221;4.19.0&#8243; _module_preset=&#8221;default&#8221; global_colors_info=&#8221;{}&#8221;][et_pb_image src=&#8221;http:\/\/fundesplai.org\/viureisomriure\/wp-content\/uploads\/sites\/21\/2021\/10\/alimentacio.gif&#8221; title_text=&#8221;alimentacio&#8221; url=&#8221;https:\/\/fundesplai.org\/banc-recursos\/recurs\/el-pais-dels-sabors\/&#8221; align=&#8221;center&#8221; _builder_version=&#8221;4.21.0&#8243; _module_preset=&#8221;default&#8221; global_colors_info=&#8221;{}&#8221;][\/et_pb_image][et_pb_button button_url=&#8221;https:\/\/fundesplai.org\/banc-recursos\/recurs\/el-pais-dels-sabors\/&#8221; button_text=&#8221;El pa\u00eds dels sabors&#8221; button_alignment=&#8221;center&#8221; _builder_version=&#8221;4.21.0&#8243; _module_preset=&#8221;default&#8221; global_colors_info=&#8221;{}&#8221;][\/et_pb_button][\/et_pb_column][et_pb_column type=&#8221;1_4&#8243; _builder_version=&#8221;4.19.0&#8243; _module_preset=&#8221;default&#8221; global_colors_info=&#8221;{}&#8221;][et_pb_image src=&#8221;http:\/\/fundesplai.org\/viureisomriure\/wp-content\/uploads\/sites\/21\/2021\/10\/cosnum.gif&#8221; title_text=&#8221;cosnum&#8221; url=&#8221;https:\/\/fundesplai.org\/banc-recursos\/recurs\/art-deixalles\/&#8221; align=&#8221;center&#8221; _builder_version=&#8221;4.21.0&#8243; _module_preset=&#8221;default&#8221; global_colors_info=&#8221;{}&#8221;][\/et_pb_image][et_pb_button button_url=&#8221;https:\/\/fundesplai.org\/banc-recursos\/recurs\/art-deixalles\/&#8221; button_text=&#8221;Fes-t&#8217;ho tu-Art Deixalles!&#8221; button_alignment=&#8221;center&#8221; _builder_version=&#8221;4.21.0&#8243; _module_preset=&#8221;default&#8221; global_colors_info=&#8221;{}&#8221;][\/et_pb_button][\/et_pb_column][et_pb_column type=&#8221;1_4&#8243; _builder_version=&#8221;4.19.0&#8243; _module_preset=&#8221;default&#8221; global_colors_info=&#8221;{}&#8221;][et_pb_image src=&#8221;http:\/\/fundesplai.org\/viureisomriure\/wp-content\/uploads\/sites\/21\/2021\/10\/soli.gif&#8221; title_text=&#8221;soli&#8221; url=&#8221;https:\/\/fundesplai.org\/banc-recursos\/recurs\/passeig-de-lamistat\/&#8221; align=&#8221;center&#8221; _builder_version=&#8221;4.21.0&#8243; _module_preset=&#8221;default&#8221; global_colors_info=&#8221;{}&#8221;][\/et_pb_image][et_pb_button button_url=&#8221;https:\/\/fundesplai.org\/banc-recursos\/recurs\/passeig-de-lamistat\/&#8221; button_text=&#8221;Passeig de l&#8217;amistat&#8221; button_alignment=&#8221;center&#8221; _builder_version=&#8221;4.21.0&#8243; _module_preset=&#8221;default&#8221; global_colors_info=&#8221;{}&#8221;][\/et_pb_button][\/et_pb_column][\/et_pb_row][et_pb_row column_structure=&#8221;1_3,1_3,1_3&#8243; _builder_version=&#8221;4.19.0&#8243; _module_preset=&#8221;default&#8221; custom_margin=&#8221;40px||||false|false&#8221; global_colors_info=&#8221;{}&#8221;][et_pb_column type=&#8221;1_3&#8243; _builder_version=&#8221;4.19.0&#8243; _module_preset=&#8221;default&#8221; global_colors_info=&#8221;{}&#8221;][et_pb_image src=&#8221;http:\/\/fundesplai.org\/viureisomriure\/wp-content\/uploads\/sites\/21\/2021\/10\/medi.gif&#8221; title_text=&#8221;medi&#8221; url=&#8221;https:\/\/fundesplai.org\/banc-recursos\/recurs\/la-capsa-dels-sons\/&#8221; align=&#8221;center&#8221; _builder_version=&#8221;4.21.0&#8243; _module_preset=&#8221;default&#8221; global_colors_info=&#8221;{}&#8221;][\/et_pb_image][et_pb_button button_url=&#8221;https:\/\/fundesplai.org\/banc-recursos\/recurs\/la-capsa-dels-sons\/&#8221; button_text=&#8221;La capsa dels sons&#8221; button_alignment=&#8221;center&#8221; _builder_version=&#8221;4.21.0&#8243; _module_preset=&#8221;default&#8221; global_colors_info=&#8221;{}&#8221;][\/et_pb_button][\/et_pb_column][et_pb_column type=&#8221;1_3&#8243; _builder_version=&#8221;4.19.0&#8243; _module_preset=&#8221;default&#8221; global_colors_info=&#8221;{}&#8221;][et_pb_image src=&#8221;http:\/\/fundesplai.org\/viureisomriure\/wp-content\/uploads\/sites\/21\/2021\/10\/sexu.gif&#8221; title_text=&#8221;sexu&#8221; url=&#8221;https:\/\/fundesplai.org\/banc-recursos\/recurs\/dansem\/&#8221; align=&#8221;center&#8221; _builder_version=&#8221;4.21.0&#8243; _module_preset=&#8221;default&#8221; global_colors_info=&#8221;{}&#8221;][\/et_pb_image][et_pb_button button_url=&#8221;https:\/\/fundesplai.org\/banc-recursos\/recurs\/dansem\/&#8221; button_text=&#8221;Dansem!&#8221; button_alignment=&#8221;center&#8221; _builder_version=&#8221;4.21.0&#8243; _module_preset=&#8221;default&#8221; global_colors_info=&#8221;{}&#8221;][\/et_pb_button][\/et_pb_column][et_pb_column type=&#8221;1_3&#8243; _builder_version=&#8221;4.19.0&#8243; _module_preset=&#8221;default&#8221; global_colors_info=&#8221;{}&#8221;][et_pb_image src=&#8221;http:\/\/fundesplai.org\/viureisomriure\/wp-content\/uploads\/sites\/21\/2021\/10\/amor.gif&#8221; title_text=&#8221;amor&#8221; url=&#8221;https:\/\/fundesplai.org\/banc-recursos\/recurs\/mirall-mirallet\/&#8221; align=&#8221;center&#8221; _builder_version=&#8221;4.21.0&#8243; _module_preset=&#8221;default&#8221; global_colors_info=&#8221;{}&#8221;][\/et_pb_image][et_pb_button button_url=&#8221;https:\/\/fundesplai.org\/banc-recursos\/recurs\/mirall-mirallet\/&#8221; button_text=&#8221;Mirall, mirallet&#8230;&#8221; button_alignment=&#8221;center&#8221; _builder_version=&#8221;4.21.0&#8243; _module_preset=&#8221;default&#8221; global_colors_info=&#8221;{}&#8221;][\/et_pb_button][\/et_pb_column][\/et_pb_row][et_pb_row column_structure=&#8221;1_2,1_2&#8243; _builder_version=&#8221;4.19.0&#8243; _module_preset=&#8221;default&#8221; custom_margin=&#8221;40px||50px||false|false&#8221; global_colors_info=&#8221;{}&#8221;][et_pb_column type=&#8221;1_2&#8243; _builder_version=&#8221;4.19.0&#8243; _module_preset=&#8221;default&#8221; global_colors_info=&#8221;{}&#8221;][\/et_pb_column][et_pb_column type=&#8221;1_2&#8243; _builder_version=&#8221;4.19.0&#8243; _module_preset=&#8221;default&#8221; global_colors_info=&#8221;{}&#8221;][\/et_pb_column][\/et_pb_row][\/et_pb_section]<\/p>\n","protected":false},"excerpt":{"rendered":"<p>D&#8217;una banda, trobareu un recull de 7 activitats relacionades amb el centre d&#8217;inter\u00e8s (CI) i els temes clau i duna altra, activitats complement\u00e0ries. Aquest darrer apartat s&#8217;anir\u00e0 ampliant en la mesura que envieu les vostres propostes d&#8217;activitat.<\/p>\n","protected":false},"author":4,"featured_media":0,"parent":0,"menu_order":0,"comment_status":"closed","ping_status":"closed","template":"","meta":{"_et_pb_use_builder":"on","_et_pb_old_content":"<!-- wp:paragraph -->\r\n<p>Objectius educatius<\/p>\r\n<!-- \/wp:paragraph --><!-- wp:paragraph -->\r\n<p><strong>H\u00e0bits i habilitats<\/strong><br \/>\u00bb\u00a0Que els infants reforcin els h\u00e0bits d'higiene de les mans, ulls, orelles, dents i peus.<br \/>\u00bb\u00a0Que els infants s'acostumin a endre\u00e7ar i netejar all\u00f2 que embruten, sense esperar que un altre els ho solucioni<br \/>\u00bb\u00a0Que els infants discriminin el so harmoni\u00f3s i agradable del soroll agressiu i s'acos-tumin a parlar sense cridar<br \/>\u00bb\u00a0Que els infants millorin la percepci\u00f3 dels sentits del cos i desenvolupin la seva capacitat sensorial i est\u00e8tica vers les seves realitzacions i les dels altres<br \/>\u00bb\u00a0Que els infants millorin la coordinaci\u00f3 del cos en moviment<br \/>\u00bb\u00a0Que els infants desenvolupin l\u2019habilitat per demanar ajuda quan ho necessitin<br \/>\u00bb\u00a0Que els infants desenvolupin la seva capacitat creativa i imaginativa i aprenguin a adaptar-se a situacions noves.<\/p>\r\n<!-- \/wp:paragraph --><!-- wp:paragraph -->\r\n<p><strong>Coneixements<\/strong><br \/>\u00bb\u00a0Que els infants millorin el coneixement del cos i les seves parts<br \/>\u00bb\u00a0Que els infants ampli\u00efn el seu vocabulari en relaci\u00f3 als noms de sentiments i sensacions<br \/>\u00bb\u00a0Que els infants identifiquin quatre regles b\u00e0siques de comportament quan prenen mal<br \/>\u00bb\u00a0Que els infants adquireixin nocions b\u00e0siques sobre els aliments i les seves propietats<br \/>\u00bb\u00a0Que els infants desenvolupin l\u2019habilitat per prendre decisions raonadament<\/p>\r\n<!-- \/wp:paragraph --><!-- wp:paragraph -->\r\n<p><strong>Actituds i valors<\/strong><br \/>\u00bb\u00a0Que els infants reconeguin les seves emocions i aprenguin a gestionar-les positivament<br \/>\u00bb\u00a0Que els infants desenvolupin el seu afecte vers les persones adultes o altres infants que tenen problemes de salut<br \/>\u00bb\u00a0Que els infants s'interessin pels sabors ins\u00f2lits diferents dels dol\u00e7os i llaminadures.<br \/>\u00bb\u00a0Que els infants s'interessin tant per les activitats que comporten moviment com per les activitats d'interioritzaci\u00f3 i relaxament i que s'hi trobin a gust<br \/>\u00bb\u00a0Que els infants gaudeixin de les activitats i els projectes del grup, els valorin, tornin a casa contents i expliquin el que han fet<br \/>\u00bb\u00a0Que els infants aprenguin a relacionar-se assertivament<\/p>\r\n<!-- \/wp:paragraph -->","_et_gb_content_width":"1080","footnotes":""},"class_list":["post-35","page","type-page","status-publish","hentry"],"yoast_head":"<!-- This site is optimized with the Yoast SEO plugin v27.3 - https:\/\/yoast.com\/product\/yoast-seo-wordpress\/ -->\n<title>De 3 a 8 anys - Viure i somriure<\/title>\n<meta name=\"robots\" content=\"index, follow, max-snippet:-1, max-image-preview:large, max-video-preview:-1\" \/>\n<link rel=\"canonical\" href=\"https:\/\/fundesplai.org\/viureisomriure\/3-a-8-anys\/\" \/>\n<meta property=\"og:locale\" content=\"ca_ES\" \/>\n<meta property=\"og:type\" content=\"article\" \/>\n<meta property=\"og:title\" content=\"De 3 a 8 anys - Viure i somriure\" \/>\n<meta property=\"og:description\" content=\"D&#039;una banda, trobareu un recull de 7 activitats relacionades amb el centre d&#039;inter\u00e8s (CI) i els temes clau i duna altra, activitats complement\u00e0ries. Aquest darrer apartat s&#039;anir\u00e0 ampliant en la mesura que envieu les vostres propostes d&#039;activitat.\" \/>\n<meta property=\"og:url\" content=\"https:\/\/fundesplai.org\/viureisomriure\/3-a-8-anys\/\" \/>\n<meta property=\"og:site_name\" content=\"Viure i somriure\" \/>\n<meta property=\"article:modified_time\" content=\"2023-10-11T10:27:15+00:00\" \/>\n<meta name=\"twitter:card\" content=\"summary_large_image\" \/>\n<meta name=\"twitter:label1\" content=\"Temps estimat de lectura\" \/>\n\t<meta name=\"twitter:data1\" content=\"2 minuts\" \/>\n<script type=\"application\/ld+json\" class=\"yoast-schema-graph\">{\"@context\":\"https:\\\/\\\/schema.org\",\"@graph\":[{\"@type\":\"WebPage\",\"@id\":\"https:\\\/\\\/fundesplai.org\\\/viureisomriure\\\/3-a-8-anys\\\/\",\"url\":\"https:\\\/\\\/fundesplai.org\\\/viureisomriure\\\/3-a-8-anys\\\/\",\"name\":\"De 3 a 8 anys - Viure i somriure\",\"isPartOf\":{\"@id\":\"https:\\\/\\\/fundesplai.org\\\/viureisomriure\\\/#website\"},\"datePublished\":\"2021-10-13T07:08:57+00:00\",\"dateModified\":\"2023-10-11T10:27:15+00:00\",\"breadcrumb\":{\"@id\":\"https:\\\/\\\/fundesplai.org\\\/viureisomriure\\\/3-a-8-anys\\\/#breadcrumb\"},\"inLanguage\":\"ca\",\"potentialAction\":[{\"@type\":\"ReadAction\",\"target\":[\"https:\\\/\\\/fundesplai.org\\\/viureisomriure\\\/3-a-8-anys\\\/\"]}]},{\"@type\":\"BreadcrumbList\",\"@id\":\"https:\\\/\\\/fundesplai.org\\\/viureisomriure\\\/3-a-8-anys\\\/#breadcrumb\",\"itemListElement\":[{\"@type\":\"ListItem\",\"position\":1,\"name\":\"Inici\",\"item\":\"\\\/\"},{\"@type\":\"ListItem\",\"position\":2,\"name\":\"Viure i somriure\",\"item\":\"https:\\\/\\\/fundesplai.org\\\/viureisomriure\"},{\"@type\":\"ListItem\",\"position\":3,\"name\":\"De 3 a 8 anys\"}]},{\"@type\":\"WebSite\",\"@id\":\"https:\\\/\\\/fundesplai.org\\\/viureisomriure\\\/#website\",\"url\":\"https:\\\/\\\/fundesplai.org\\\/viureisomriure\\\/\",\"name\":\"Viure i somriure\",\"description\":\"Proposta educativa de Fundesplai\",\"potentialAction\":[{\"@type\":\"SearchAction\",\"target\":{\"@type\":\"EntryPoint\",\"urlTemplate\":\"https:\\\/\\\/fundesplai.org\\\/viureisomriure\\\/?s={search_term_string}\"},\"query-input\":{\"@type\":\"PropertyValueSpecification\",\"valueRequired\":true,\"valueName\":\"search_term_string\"}}],\"inLanguage\":\"ca\"}]}<\/script>\n<!-- \/ Yoast SEO plugin. -->","yoast_head_json":{"title":"De 3 a 8 anys - Viure i somriure","robots":{"index":"index","follow":"follow","max-snippet":"max-snippet:-1","max-image-preview":"max-image-preview:large","max-video-preview":"max-video-preview:-1"},"canonical":"https:\/\/fundesplai.org\/viureisomriure\/3-a-8-anys\/","og_locale":"ca_ES","og_type":"article","og_title":"De 3 a 8 anys - Viure i somriure","og_description":"D'una banda, trobareu un recull de 7 activitats relacionades amb el centre d'inter\u00e8s (CI) i els temes clau i duna altra, activitats complement\u00e0ries. Aquest darrer apartat s'anir\u00e0 ampliant en la mesura que envieu les vostres propostes d'activitat.","og_url":"https:\/\/fundesplai.org\/viureisomriure\/3-a-8-anys\/","og_site_name":"Viure i somriure","article_modified_time":"2023-10-11T10:27:15+00:00","twitter_card":"summary_large_image","twitter_misc":{"Temps estimat de lectura":"2 minuts"},"schema":{"@context":"https:\/\/schema.org","@graph":[{"@type":"WebPage","@id":"https:\/\/fundesplai.org\/viureisomriure\/3-a-8-anys\/","url":"https:\/\/fundesplai.org\/viureisomriure\/3-a-8-anys\/","name":"De 3 a 8 anys - Viure i somriure","isPartOf":{"@id":"https:\/\/fundesplai.org\/viureisomriure\/#website"},"datePublished":"2021-10-13T07:08:57+00:00","dateModified":"2023-10-11T10:27:15+00:00","breadcrumb":{"@id":"https:\/\/fundesplai.org\/viureisomriure\/3-a-8-anys\/#breadcrumb"},"inLanguage":"ca","potentialAction":[{"@type":"ReadAction","target":["https:\/\/fundesplai.org\/viureisomriure\/3-a-8-anys\/"]}]},{"@type":"BreadcrumbList","@id":"https:\/\/fundesplai.org\/viureisomriure\/3-a-8-anys\/#breadcrumb","itemListElement":[{"@type":"ListItem","position":1,"name":"Inici","item":"\/"},{"@type":"ListItem","position":2,"name":"Viure i somriure","item":"https:\/\/fundesplai.org\/viureisomriure"},{"@type":"ListItem","position":3,"name":"De 3 a 8 anys"}]},{"@type":"WebSite","@id":"https:\/\/fundesplai.org\/viureisomriure\/#website","url":"https:\/\/fundesplai.org\/viureisomriure\/","name":"Viure i somriure","description":"Proposta educativa de Fundesplai","potentialAction":[{"@type":"SearchAction","target":{"@type":"EntryPoint","urlTemplate":"https:\/\/fundesplai.org\/viureisomriure\/?s={search_term_string}"},"query-input":{"@type":"PropertyValueSpecification","valueRequired":true,"valueName":"search_term_string"}}],"inLanguage":"ca"}]}},"_links":{"self":[{"href":"https:\/\/fundesplai.org\/viureisomriure\/wp-json\/wp\/v2\/pages\/35","targetHints":{"allow":["GET"]}}],"collection":[{"href":"https:\/\/fundesplai.org\/viureisomriure\/wp-json\/wp\/v2\/pages"}],"about":[{"href":"https:\/\/fundesplai.org\/viureisomriure\/wp-json\/wp\/v2\/types\/page"}],"author":[{"embeddable":true,"href":"https:\/\/fundesplai.org\/viureisomriure\/wp-json\/wp\/v2\/users\/4"}],"replies":[{"embeddable":true,"href":"https:\/\/fundesplai.org\/viureisomriure\/wp-json\/wp\/v2\/comments?post=35"}],"version-history":[{"count":11,"href":"https:\/\/fundesplai.org\/viureisomriure\/wp-json\/wp\/v2\/pages\/35\/revisions"}],"predecessor-version":[{"id":282,"href":"https:\/\/fundesplai.org\/viureisomriure\/wp-json\/wp\/v2\/pages\/35\/revisions\/282"}],"wp:attachment":[{"href":"https:\/\/fundesplai.org\/viureisomriure\/wp-json\/wp\/v2\/media?parent=35"}],"curies":[{"name":"wp","href":"https:\/\/api.w.org\/{rel}","templated":true}]}}