{"id":213,"date":"2023-03-16T11:26:06","date_gmt":"2023-03-16T10:26:06","guid":{"rendered":"https:\/\/fundesplai.org\/viureisomriure\/?page_id=213"},"modified":"2023-03-16T11:26:12","modified_gmt":"2023-03-16T10:26:12","slug":"eix-danimacio-de-8-a-12-anys","status":"publish","type":"page","link":"https:\/\/fundesplai.org\/viureisomriure\/eix-danimacio-de-8-a-12-anys\/","title":{"rendered":"Eix d&#8217;animaci\u00f3 de 8 a 12 anys"},"content":{"rendered":"<p>[et_pb_section fb_built=&#8221;1&#8243; _builder_version=&#8221;4.19.0&#8243; _module_preset=&#8221;default&#8221; global_colors_info=&#8221;{}&#8221;][et_pb_row _builder_version=&#8221;4.19.0&#8243; _module_preset=&#8221;default&#8221; locked=&#8221;off&#8221; global_colors_info=&#8221;{}&#8221;][et_pb_column type=&#8221;4_4&#8243; _builder_version=&#8221;4.19.0&#8243; _module_preset=&#8221;default&#8221; global_colors_info=&#8221;{}&#8221;][et_pb_post_title meta=&#8221;off&#8221; featured_image=&#8221;off&#8221; _builder_version=&#8221;4.19.0&#8243; _module_preset=&#8221;default&#8221; global_colors_info=&#8221;{}&#8221;][\/et_pb_post_title][et_pb_text _builder_version=&#8221;4.19.0&#8243; _module_preset=&#8221;default&#8221; global_colors_info=&#8221;{}&#8221;]<\/p>\n<p>La proposta educativa d&#8217;enguany t\u00e9 com a eix la salut, entenent aquesta no sols com a un estat f\u00edsic, sin\u00f3 com a una actitud integral que contribueix a la felicitat individual i col\u00b7lectiva. \u00c9s per aix\u00f2 que tant el centre d&#8217;inter\u00e8s com les activitats s&#8217;han de presentar explicitant clarament aquesta relaci\u00f3: la vida saludable \u00e9s un dels fonaments de la felicitat.<\/p>\n<p>Els quatre elements principals de l&#8217;ambientaci\u00f3 del centre d&#8217;inter\u00e8s per a mitjans s\u00f3n:<\/p>\n<p>[\/et_pb_text][et_pb_text _builder_version=&#8221;4.19.0&#8243; _module_preset=&#8221;default&#8221; custom_margin=&#8221;40px||||false|false&#8221; global_colors_info=&#8221;{}&#8221;]<\/p>\n<h3>1. La carta que envia la colla d&#8217;amics de l&#8217;Aventura de la Vida (la Marta, la lolanda, en Sergi, en Xavier, l&#8217;H\u00e8ctor)<\/h3>\n<p>Aquesta carta introduir\u00e0 el tema de la salut i servir\u00e0 per animar els nois i noies a participar en una s\u00e8rie d&#8217;activitats que els proporcionaran una clau per descobrir l&#8217;enigma final i obtenir el certificat d&#8217;esplai saludable. \u00c9s important donar-li realisme, fent que sigui una carta real que hagi arribat per correu. (Trobareu una proposta de carta al web, en format PDF).<\/p>\n<p>[\/et_pb_text][et_pb_text _builder_version=&#8221;4.19.0&#8243; _module_preset=&#8221;default&#8221; custom_margin=&#8221;40px||||false|false&#8221; global_colors_info=&#8221;{}&#8221;]<\/p>\n<h3>2. Els CDs de Contes per conversar (Fundaci\u00f3 Catalana de l&#8217;Esplai &#8211; 2004)<\/h3>\n<p>Cada activitat, excepte la de Solidaritat, s&#8217;introdueix escoltant un conte, que dona pas a un petit debat. La tria s&#8217;ha fet en funci\u00f3 del tema de l&#8217;activitat, i segurament es poden trobar altres contes que ho complementin.<\/p>\n<p>[\/et_pb_text][et_pb_text _builder_version=&#8221;4.19.0&#8243; _module_preset=&#8221;default&#8221; custom_margin=&#8221;40px||40px||false|false&#8221; global_colors_info=&#8221;{}&#8221;]<\/p>\n<h3>3. El certificat l&#8217;esplai saludable<\/h3>\n<p>A la carta, la colla demana al grup que facin de detectius de la salut. La recompensa final ser\u00e0 una certificaci\u00f3 en la qual tots hi hauran contribu\u00eft. \u00c9s important que, en acabar les activitats, el grup pugui lliurar a l&#8217;esplai un certificat de salut que pugui penjar-se a entrada de manera que tothom ho pugui veure (Trobareu una proposta de certificat al web, en format PDF).<\/p>\n<p>[\/et_pb_text][et_pb_text _builder_version=&#8221;4.19.0&#8243; _module_preset=&#8221;default&#8221; custom_margin=&#8221;40px||40px||false|false&#8221; global_colors_info=&#8221;{}&#8221;]<\/p>\n<h3>4. L&#8217;enigma<\/h3>\n<p>Tamb\u00e9 a la carta, la colla proposa als nois i noies que els ajudin a desxifrar aquest enigma. Cada activitat inclou una pregunta final que s&#8217;ha de respondre amb una paraula. Cada paraula trobada s&#8217;ha d&#8217;anar col\u00b7locant en un acr\u00f2stic que penjarem ala sala. Recomanem que formi part d&#8217;un mural ambientat amb els s\u00edmbols dels temes que tractaran les activitats i els personatges de la colla. Un cop acabades totes les activitats, apareixer\u00e0 la soluci\u00f3 a l&#8217;enigma (vegeu el quadre que us proposem a l&#8217;annex).<\/p>\n<p>[\/et_pb_text][et_pb_image src=&#8221;http:\/\/fundesplai.org\/viureisomriure\/wp-content\/uploads\/sites\/21\/2023\/03\/mural-acrostic.jpg&#8221; alt=&#8221;mural acrostic&#8221; title_text=&#8221;mural acrostic&#8221; align=&#8221;center&#8221; _builder_version=&#8221;4.19.0&#8243; _module_preset=&#8221;default&#8221; custom_margin=&#8221;||50px||false|false&#8221; global_colors_info=&#8221;{}&#8221;][\/et_pb_image][et_pb_text _builder_version=&#8221;4.19.0&#8243; _module_preset=&#8221;default&#8221; custom_margin=&#8221;||40px||false|false&#8221; hover_enabled=&#8221;0&#8243; locked=&#8221;off&#8221; global_colors_info=&#8221;{}&#8221; sticky_enabled=&#8221;0&#8243;]<\/p>\n<h3>5. Proposta de s\u00edmbols<\/h3>\n<p>[\/et_pb_text][\/et_pb_column][\/et_pb_row][et_pb_row column_structure=&#8221;1_3,1_3,1_3&#8243; _builder_version=&#8221;4.19.0&#8243; _module_preset=&#8221;default&#8221; locked=&#8221;off&#8221; global_colors_info=&#8221;{}&#8221;][et_pb_column type=&#8221;1_3&#8243; _builder_version=&#8221;4.19.0&#8243; _module_preset=&#8221;default&#8221; global_colors_info=&#8221;{}&#8221;][et_pb_text _builder_version=&#8221;4.19.0&#8243; _module_preset=&#8221;default&#8221; global_colors_info=&#8221;{}&#8221;]<\/p>\n<p style=\"text-align: center\">1. Higiene<\/p>\n<p>[\/et_pb_text][et_pb_image src=&#8221;http:\/\/fundesplai.org\/viureisomriure\/wp-content\/uploads\/sites\/21\/2021\/10\/higene.gif&#8221; title_text=&#8221;higene&#8221; align=&#8221;center&#8221; _builder_version=&#8221;4.19.0&#8243; _module_preset=&#8221;default&#8221; global_colors_info=&#8221;{}&#8221;][\/et_pb_image][\/et_pb_column][et_pb_column type=&#8221;1_3&#8243; _builder_version=&#8221;4.19.0&#8243; _module_preset=&#8221;default&#8221; global_colors_info=&#8221;{}&#8221;][et_pb_text _builder_version=&#8221;4.19.0&#8243; _module_preset=&#8221;default&#8221; global_colors_info=&#8221;{}&#8221;]<\/p>\n<p style=\"text-align: center\">2. Alimentaci\u00f3<\/p>\n<p>[\/et_pb_text][et_pb_image src=&#8221;http:\/\/fundesplai.org\/viureisomriure\/wp-content\/uploads\/sites\/21\/2021\/10\/alimentacio.gif&#8221; title_text=&#8221;alimentacio&#8221; align=&#8221;center&#8221; _builder_version=&#8221;4.19.0&#8243; _module_preset=&#8221;default&#8221; global_colors_info=&#8221;{}&#8221;][\/et_pb_image][\/et_pb_column][et_pb_column type=&#8221;1_3&#8243; _builder_version=&#8221;4.19.0&#8243; _module_preset=&#8221;default&#8221; global_colors_info=&#8221;{}&#8221;][et_pb_text _builder_version=&#8221;4.19.0&#8243; _module_preset=&#8221;default&#8221; global_colors_info=&#8221;{}&#8221;]<\/p>\n<p style=\"text-align: center\">3. Consum i addiccions<\/p>\n<p>[\/et_pb_text][et_pb_image src=&#8221;http:\/\/fundesplai.org\/viureisomriure\/wp-content\/uploads\/sites\/21\/2021\/10\/cosnum.gif&#8221; title_text=&#8221;cosnum&#8221; align=&#8221;center&#8221; _builder_version=&#8221;4.19.0&#8243; _module_preset=&#8221;default&#8221; global_colors_info=&#8221;{}&#8221;][\/et_pb_image][\/et_pb_column][\/et_pb_row][et_pb_row column_structure=&#8221;1_3,1_3,1_3&#8243; _builder_version=&#8221;4.19.0&#8243; _module_preset=&#8221;default&#8221; custom_margin=&#8221;40px||||false|false&#8221; locked=&#8221;off&#8221; global_colors_info=&#8221;{}&#8221;][et_pb_column type=&#8221;1_3&#8243; _builder_version=&#8221;4.19.0&#8243; _module_preset=&#8221;default&#8221; global_colors_info=&#8221;{}&#8221;][et_pb_text _builder_version=&#8221;4.19.0&#8243; _module_preset=&#8221;default&#8221; global_colors_info=&#8221;{}&#8221;]<\/p>\n<p style=\"text-align: center\">4. Sexualitat i afectivitat<\/p>\n<p>[\/et_pb_text][et_pb_image src=&#8221;http:\/\/fundesplai.org\/viureisomriure\/wp-content\/uploads\/sites\/21\/2021\/10\/sexu.gif&#8221; title_text=&#8221;sexu&#8221; align=&#8221;center&#8221; _builder_version=&#8221;4.19.0&#8243; _module_preset=&#8221;default&#8221; global_colors_info=&#8221;{}&#8221;][\/et_pb_image][\/et_pb_column][et_pb_column type=&#8221;1_3&#8243; _builder_version=&#8221;4.19.0&#8243; _module_preset=&#8221;default&#8221; global_colors_info=&#8221;{}&#8221;][et_pb_text _builder_version=&#8221;4.19.0&#8243; _module_preset=&#8221;default&#8221; global_colors_info=&#8221;{}&#8221;]<\/p>\n<p style=\"text-align: center\">5. Medi ambient<\/p>\n<p>[\/et_pb_text][et_pb_image src=&#8221;http:\/\/fundesplai.org\/viureisomriure\/wp-content\/uploads\/sites\/21\/2021\/10\/medi.gif&#8221; title_text=&#8221;medi&#8221; align=&#8221;center&#8221; _builder_version=&#8221;4.19.0&#8243; _module_preset=&#8221;default&#8221; global_colors_info=&#8221;{}&#8221;][\/et_pb_image][\/et_pb_column][et_pb_column type=&#8221;1_3&#8243; _builder_version=&#8221;4.19.0&#8243; _module_preset=&#8221;default&#8221; global_colors_info=&#8221;{}&#8221;][et_pb_text _builder_version=&#8221;4.19.0&#8243; _module_preset=&#8221;default&#8221; global_colors_info=&#8221;{}&#8221;]<\/p>\n<p style=\"text-align: center\">6. Solidaritat<\/p>\n<p>[\/et_pb_text][et_pb_image src=&#8221;http:\/\/fundesplai.org\/viureisomriure\/wp-content\/uploads\/sites\/21\/2021\/10\/soli.gif&#8221; title_text=&#8221;soli&#8221; align=&#8221;center&#8221; _builder_version=&#8221;4.19.0&#8243; _module_preset=&#8221;default&#8221; global_colors_info=&#8221;{}&#8221;][\/et_pb_image][\/et_pb_column][\/et_pb_row][et_pb_row column_structure=&#8221;1_3,1_3,1_3&#8243; _builder_version=&#8221;4.19.0&#8243; _module_preset=&#8221;default&#8221; custom_margin=&#8221;40px||50px||false|false&#8221; locked=&#8221;off&#8221; global_colors_info=&#8221;{}&#8221;][et_pb_column type=&#8221;1_3&#8243; _builder_version=&#8221;4.19.0&#8243; _module_preset=&#8221;default&#8221; global_colors_info=&#8221;{}&#8221;][et_pb_text _builder_version=&#8221;4.19.0&#8243; _module_preset=&#8221;default&#8221; global_colors_info=&#8221;{}&#8221;]<\/p>\n<p style=\"text-align: center\">7. Activitat f\u00edsica<\/p>\n<p>[\/et_pb_text][et_pb_image src=&#8221;http:\/\/fundesplai.org\/viureisomriure\/wp-content\/uploads\/sites\/21\/2021\/10\/activitat.gif&#8221; title_text=&#8221;activitat&#8221; align=&#8221;center&#8221; _builder_version=&#8221;4.19.0&#8243; _module_preset=&#8221;default&#8221; global_colors_info=&#8221;{}&#8221;][\/et_pb_image][\/et_pb_column][et_pb_column type=&#8221;1_3&#8243; _builder_version=&#8221;4.19.0&#8243; _module_preset=&#8221;default&#8221; global_colors_info=&#8221;{}&#8221;][et_pb_text _builder_version=&#8221;4.19.0&#8243; _module_preset=&#8221;default&#8221; global_colors_info=&#8221;{}&#8221;]<\/p>\n<p style=\"text-align: center\">8. Prevenci\u00f3 i seguretat<\/p>\n<p>[\/et_pb_text][et_pb_image src=&#8221;http:\/\/fundesplai.org\/viureisomriure\/wp-content\/uploads\/sites\/21\/2021\/10\/preven.gif&#8221; title_text=&#8221;preven&#8221; align=&#8221;center&#8221; _builder_version=&#8221;4.19.0&#8243; _module_preset=&#8221;default&#8221; global_colors_info=&#8221;{}&#8221;][\/et_pb_image][\/et_pb_column][et_pb_column type=&#8221;1_3&#8243; _builder_version=&#8221;4.19.0&#8243; _module_preset=&#8221;default&#8221; global_colors_info=&#8221;{}&#8221;][et_pb_text _builder_version=&#8221;4.19.0&#8243; _module_preset=&#8221;default&#8221; global_colors_info=&#8221;{}&#8221;]<\/p>\n<p style=\"text-align: center\">9. Salut emocional<\/p>\n<p>[\/et_pb_text][et_pb_image src=&#8221;http:\/\/fundesplai.org\/viureisomriure\/wp-content\/uploads\/sites\/21\/2021\/10\/amor.gif&#8221; title_text=&#8221;amor&#8221; align=&#8221;center&#8221; _builder_version=&#8221;4.19.0&#8243; _module_preset=&#8221;default&#8221; global_colors_info=&#8221;{}&#8221;][\/et_pb_image][\/et_pb_column][\/et_pb_row][\/et_pb_section]<\/p>\n","protected":false},"excerpt":{"rendered":"<p>La proposta educativa d&#8217;enguany t\u00e9 com a eix la salut, entenent aquesta no sols com a un estat f\u00edsic, sin\u00f3 com a una actitud integral que contribueix a la felicitat individual i col\u00b7lectiva. \u00c9s per aix\u00f2 que tant el centre d&#8217;inter\u00e8s com les activitats s&#8217;han de presentar explicitant clarament aquesta relaci\u00f3: la vida saludable \u00e9s [&hellip;]<\/p>\n","protected":false},"author":27,"featured_media":0,"parent":0,"menu_order":0,"comment_status":"closed","ping_status":"closed","template":"","meta":{"_et_pb_use_builder":"on","_et_pb_old_content":"","_et_gb_content_width":"","footnotes":""},"class_list":["post-213","page","type-page","status-publish","hentry"],"yoast_head":"<!-- This site is optimized with the Yoast SEO plugin v27.3 - https:\/\/yoast.com\/product\/yoast-seo-wordpress\/ -->\n<title>Eix d&#039;animaci\u00f3 de 8 a 12 anys - Viure i somriure<\/title>\n<meta name=\"robots\" content=\"index, follow, max-snippet:-1, max-image-preview:large, max-video-preview:-1\" \/>\n<link rel=\"canonical\" href=\"https:\/\/fundesplai.org\/viureisomriure\/eix-danimacio-de-8-a-12-anys\/\" \/>\n<meta property=\"og:locale\" content=\"ca_ES\" \/>\n<meta property=\"og:type\" content=\"article\" \/>\n<meta property=\"og:title\" content=\"Eix d&#039;animaci\u00f3 de 8 a 12 anys - Viure i somriure\" \/>\n<meta property=\"og:description\" content=\"La proposta educativa d&#039;enguany t\u00e9 com a eix la salut, entenent aquesta no sols com a un estat f\u00edsic, sin\u00f3 com a una actitud integral que contribueix a la felicitat individual i col\u00b7lectiva. \u00c9s per aix\u00f2 que tant el centre d&#039;inter\u00e8s com les activitats s&#039;han de presentar explicitant clarament aquesta relaci\u00f3: la vida saludable \u00e9s [&hellip;]\" \/>\n<meta property=\"og:url\" content=\"https:\/\/fundesplai.org\/viureisomriure\/eix-danimacio-de-8-a-12-anys\/\" \/>\n<meta property=\"og:site_name\" content=\"Viure i somriure\" \/>\n<meta property=\"article:modified_time\" content=\"2023-03-16T10:26:12+00:00\" \/>\n<meta name=\"twitter:card\" content=\"summary_large_image\" \/>\n<meta name=\"twitter:label1\" content=\"Temps estimat de lectura\" \/>\n\t<meta name=\"twitter:data1\" content=\"4 minuts\" \/>\n<script type=\"application\/ld+json\" class=\"yoast-schema-graph\">{\"@context\":\"https:\\\/\\\/schema.org\",\"@graph\":[{\"@type\":\"WebPage\",\"@id\":\"https:\\\/\\\/fundesplai.org\\\/viureisomriure\\\/eix-danimacio-de-8-a-12-anys\\\/\",\"url\":\"https:\\\/\\\/fundesplai.org\\\/viureisomriure\\\/eix-danimacio-de-8-a-12-anys\\\/\",\"name\":\"Eix d'animaci\u00f3 de 8 a 12 anys - Viure i somriure\",\"isPartOf\":{\"@id\":\"https:\\\/\\\/fundesplai.org\\\/viureisomriure\\\/#website\"},\"datePublished\":\"2023-03-16T10:26:06+00:00\",\"dateModified\":\"2023-03-16T10:26:12+00:00\",\"breadcrumb\":{\"@id\":\"https:\\\/\\\/fundesplai.org\\\/viureisomriure\\\/eix-danimacio-de-8-a-12-anys\\\/#breadcrumb\"},\"inLanguage\":\"ca\",\"potentialAction\":[{\"@type\":\"ReadAction\",\"target\":[\"https:\\\/\\\/fundesplai.org\\\/viureisomriure\\\/eix-danimacio-de-8-a-12-anys\\\/\"]}]},{\"@type\":\"BreadcrumbList\",\"@id\":\"https:\\\/\\\/fundesplai.org\\\/viureisomriure\\\/eix-danimacio-de-8-a-12-anys\\\/#breadcrumb\",\"itemListElement\":[{\"@type\":\"ListItem\",\"position\":1,\"name\":\"Inici\",\"item\":\"\\\/\"},{\"@type\":\"ListItem\",\"position\":2,\"name\":\"Viure i somriure\",\"item\":\"https:\\\/\\\/fundesplai.org\\\/viureisomriure\"},{\"@type\":\"ListItem\",\"position\":3,\"name\":\"Eix d&#8217;animaci\u00f3 de 8 a 12 anys\"}]},{\"@type\":\"WebSite\",\"@id\":\"https:\\\/\\\/fundesplai.org\\\/viureisomriure\\\/#website\",\"url\":\"https:\\\/\\\/fundesplai.org\\\/viureisomriure\\\/\",\"name\":\"Viure i somriure\",\"description\":\"Proposta educativa de Fundesplai\",\"potentialAction\":[{\"@type\":\"SearchAction\",\"target\":{\"@type\":\"EntryPoint\",\"urlTemplate\":\"https:\\\/\\\/fundesplai.org\\\/viureisomriure\\\/?s={search_term_string}\"},\"query-input\":{\"@type\":\"PropertyValueSpecification\",\"valueRequired\":true,\"valueName\":\"search_term_string\"}}],\"inLanguage\":\"ca\"}]}<\/script>\n<!-- \/ Yoast SEO plugin. -->","yoast_head_json":{"title":"Eix d'animaci\u00f3 de 8 a 12 anys - Viure i somriure","robots":{"index":"index","follow":"follow","max-snippet":"max-snippet:-1","max-image-preview":"max-image-preview:large","max-video-preview":"max-video-preview:-1"},"canonical":"https:\/\/fundesplai.org\/viureisomriure\/eix-danimacio-de-8-a-12-anys\/","og_locale":"ca_ES","og_type":"article","og_title":"Eix d'animaci\u00f3 de 8 a 12 anys - Viure i somriure","og_description":"La proposta educativa d'enguany t\u00e9 com a eix la salut, entenent aquesta no sols com a un estat f\u00edsic, sin\u00f3 com a una actitud integral que contribueix a la felicitat individual i col\u00b7lectiva. \u00c9s per aix\u00f2 que tant el centre d'inter\u00e8s com les activitats s'han de presentar explicitant clarament aquesta relaci\u00f3: la vida saludable \u00e9s [&hellip;]","og_url":"https:\/\/fundesplai.org\/viureisomriure\/eix-danimacio-de-8-a-12-anys\/","og_site_name":"Viure i somriure","article_modified_time":"2023-03-16T10:26:12+00:00","twitter_card":"summary_large_image","twitter_misc":{"Temps estimat de lectura":"4 minuts"},"schema":{"@context":"https:\/\/schema.org","@graph":[{"@type":"WebPage","@id":"https:\/\/fundesplai.org\/viureisomriure\/eix-danimacio-de-8-a-12-anys\/","url":"https:\/\/fundesplai.org\/viureisomriure\/eix-danimacio-de-8-a-12-anys\/","name":"Eix d'animaci\u00f3 de 8 a 12 anys - Viure i somriure","isPartOf":{"@id":"https:\/\/fundesplai.org\/viureisomriure\/#website"},"datePublished":"2023-03-16T10:26:06+00:00","dateModified":"2023-03-16T10:26:12+00:00","breadcrumb":{"@id":"https:\/\/fundesplai.org\/viureisomriure\/eix-danimacio-de-8-a-12-anys\/#breadcrumb"},"inLanguage":"ca","potentialAction":[{"@type":"ReadAction","target":["https:\/\/fundesplai.org\/viureisomriure\/eix-danimacio-de-8-a-12-anys\/"]}]},{"@type":"BreadcrumbList","@id":"https:\/\/fundesplai.org\/viureisomriure\/eix-danimacio-de-8-a-12-anys\/#breadcrumb","itemListElement":[{"@type":"ListItem","position":1,"name":"Inici","item":"\/"},{"@type":"ListItem","position":2,"name":"Viure i somriure","item":"https:\/\/fundesplai.org\/viureisomriure"},{"@type":"ListItem","position":3,"name":"Eix d&#8217;animaci\u00f3 de 8 a 12 anys"}]},{"@type":"WebSite","@id":"https:\/\/fundesplai.org\/viureisomriure\/#website","url":"https:\/\/fundesplai.org\/viureisomriure\/","name":"Viure i somriure","description":"Proposta educativa de Fundesplai","potentialAction":[{"@type":"SearchAction","target":{"@type":"EntryPoint","urlTemplate":"https:\/\/fundesplai.org\/viureisomriure\/?s={search_term_string}"},"query-input":{"@type":"PropertyValueSpecification","valueRequired":true,"valueName":"search_term_string"}}],"inLanguage":"ca"}]}},"_links":{"self":[{"href":"https:\/\/fundesplai.org\/viureisomriure\/wp-json\/wp\/v2\/pages\/213","targetHints":{"allow":["GET"]}}],"collection":[{"href":"https:\/\/fundesplai.org\/viureisomriure\/wp-json\/wp\/v2\/pages"}],"about":[{"href":"https:\/\/fundesplai.org\/viureisomriure\/wp-json\/wp\/v2\/types\/page"}],"author":[{"embeddable":true,"href":"https:\/\/fundesplai.org\/viureisomriure\/wp-json\/wp\/v2\/users\/27"}],"replies":[{"embeddable":true,"href":"https:\/\/fundesplai.org\/viureisomriure\/wp-json\/wp\/v2\/comments?post=213"}],"version-history":[{"count":6,"href":"https:\/\/fundesplai.org\/viureisomriure\/wp-json\/wp\/v2\/pages\/213\/revisions"}],"predecessor-version":[{"id":222,"href":"https:\/\/fundesplai.org\/viureisomriure\/wp-json\/wp\/v2\/pages\/213\/revisions\/222"}],"wp:attachment":[{"href":"https:\/\/fundesplai.org\/viureisomriure\/wp-json\/wp\/v2\/media?parent=213"}],"curies":[{"name":"wp","href":"https:\/\/api.w.org\/{rel}","templated":true}]}}