{"id":204,"date":"2023-03-16T11:12:56","date_gmt":"2023-03-16T10:12:56","guid":{"rendered":"https:\/\/fundesplai.org\/viureisomriure\/?page_id=204"},"modified":"2023-03-16T11:13:00","modified_gmt":"2023-03-16T10:13:00","slug":"eix-danimacio-de-3-a-8-anys","status":"publish","type":"page","link":"https:\/\/fundesplai.org\/viureisomriure\/eix-danimacio-de-3-a-8-anys\/","title":{"rendered":"Eix d&#8217;animaci\u00f3 de 3 a 8 anys"},"content":{"rendered":"<p>[et_pb_section fb_built=&#8221;1&#8243; _builder_version=&#8221;4.19.0&#8243; _module_preset=&#8221;default&#8221; global_colors_info=&#8221;{}&#8221;][et_pb_row _builder_version=&#8221;4.19.0&#8243; _module_preset=&#8221;default&#8221; global_colors_info=&#8221;{}&#8221;][et_pb_column type=&#8221;4_4&#8243; _builder_version=&#8221;4.19.0&#8243; _module_preset=&#8221;default&#8221; global_colors_info=&#8221;{}&#8221;][et_pb_post_title meta=&#8221;off&#8221; featured_image=&#8221;off&#8221; _builder_version=&#8221;4.19.0&#8243; _module_preset=&#8221;default&#8221; global_colors_info=&#8221;{}&#8221;][\/et_pb_post_title][et_pb_text _builder_version=&#8221;4.19.0&#8243; _module_preset=&#8221;default&#8221; global_colors_info=&#8221;{}&#8221;]<\/p>\n<p>La proposta educativa d&#8217;enguany t\u00e9 com a eix la salut, entenent aquesta no sols com a un estat f\u00edsic, sin\u00f3 com a una actitud integral que contribueix a la felicitat, individual i col\u00b7lectiva. \u00c9s per aix\u00f2 que tant el centre d&#8217;inter\u00e8s com les activitats s&#8217;han de presentar explicitant clarament aquesta relaci\u00f3: la vida saludable \u00e9s un dels fonaments de la felicitat.<\/p>\n<p>Els dos elements principals de l&#8217;ambientaci\u00f3 del centre d&#8217;inter\u00e8s per a petits s\u00f3n:<\/p>\n<p>[\/et_pb_text][et_pb_text _builder_version=&#8221;4.19.0&#8243; _module_preset=&#8221;default&#8221; custom_margin=&#8221;40px||||false|false&#8221; global_colors_info=&#8221;{}&#8221;]<\/p>\n<h3>1. La carta que envia la colla d&#8217;amics de l&#8217;Aventura de la Vida (la Marta, la lolanda, en Sergi, en Xavier, l&#8217;H\u00e8ctor)<\/h3>\n<p>Aquesta carta introduir\u00e0 el tema de la salut i servir\u00e0 per animar els nois i noies a descobrir el secret de la felicitat a partir d&#8217;un joc que consistir\u00e0 en una s\u00e8rie d&#8217;activitats. \u00c9s important donar-li realisme a la carta, fent que arribi per correu. (Trobareu una proposta de carta al web, en format PDF).<\/p>\n<p>[\/et_pb_text][et_pb_text _builder_version=&#8221;4.19.0&#8243; _module_preset=&#8221;default&#8221; custom_margin=&#8221;40px||||false|false&#8221; global_colors_info=&#8221;{}&#8221;]<\/p>\n<h3>2. La ruleta<\/h3>\n<p>\u00c9s l&#8217;altre element de motivaci\u00f3, i ha d&#8217;ocupar un lloc ben visible a la sala. A les caselles de la ruleta hi han d&#8217;apar\u00e8ixer imatges representatives dels nou temes de salut de la proposta i imatges dels nois i noies de la colla de l&#8217;Aventura de la Vida (que trobareu al web), a m\u00e9s d&#8217;altres elements de sensibilitzaci\u00f3 (preguntes, enigmes, endevinalles&#8230;). \u00c9s important que penseu quin ser\u00e0 el ritual (la din\u00e0mica) que posar\u00e0 la ruleta en joc cada vegada i com s&#8217;enlla\u00e7a amb la sessi\u00f3 que teniu planificada. (Trobareu una proposta de ruleta al web, en format PDF)<\/p>\n<p>[\/et_pb_text][et_pb_text _builder_version=&#8221;4.19.0&#8243; _module_preset=&#8221;default&#8221; custom_margin=&#8221;40px||40px||false|false&#8221; global_colors_info=&#8221;{}&#8221;]<\/p>\n<h3>3. Proposta de s\u00edmbols<\/h3>\n<p>[\/et_pb_text][\/et_pb_column][\/et_pb_row][et_pb_row column_structure=&#8221;1_3,1_3,1_3&#8243; _builder_version=&#8221;4.19.0&#8243; _module_preset=&#8221;default&#8221; global_colors_info=&#8221;{}&#8221;][et_pb_column type=&#8221;1_3&#8243; _builder_version=&#8221;4.19.0&#8243; _module_preset=&#8221;default&#8221; global_colors_info=&#8221;{}&#8221;][et_pb_text _builder_version=&#8221;4.19.0&#8243; _module_preset=&#8221;default&#8221; global_colors_info=&#8221;{}&#8221;]<\/p>\n<p style=\"text-align: center\">1. Higiene<\/p>\n<p>[\/et_pb_text][et_pb_image src=&#8221;http:\/\/fundesplai.org\/viureisomriure\/wp-content\/uploads\/sites\/21\/2021\/10\/higene.gif&#8221; title_text=&#8221;higene&#8221; align=&#8221;center&#8221; _builder_version=&#8221;4.19.0&#8243; _module_preset=&#8221;default&#8221; global_colors_info=&#8221;{}&#8221;][\/et_pb_image][\/et_pb_column][et_pb_column type=&#8221;1_3&#8243; _builder_version=&#8221;4.19.0&#8243; _module_preset=&#8221;default&#8221; global_colors_info=&#8221;{}&#8221;][et_pb_text _builder_version=&#8221;4.19.0&#8243; _module_preset=&#8221;default&#8221; global_colors_info=&#8221;{}&#8221;]<\/p>\n<p style=\"text-align: center\">2. Alimentaci\u00f3<\/p>\n<p>[\/et_pb_text][et_pb_image src=&#8221;http:\/\/fundesplai.org\/viureisomriure\/wp-content\/uploads\/sites\/21\/2021\/10\/alimentacio.gif&#8221; title_text=&#8221;alimentacio&#8221; align=&#8221;center&#8221; _builder_version=&#8221;4.19.0&#8243; _module_preset=&#8221;default&#8221; global_colors_info=&#8221;{}&#8221;][\/et_pb_image][\/et_pb_column][et_pb_column type=&#8221;1_3&#8243; _builder_version=&#8221;4.19.0&#8243; _module_preset=&#8221;default&#8221; global_colors_info=&#8221;{}&#8221;][et_pb_text _builder_version=&#8221;4.19.0&#8243; _module_preset=&#8221;default&#8221; global_colors_info=&#8221;{}&#8221;]<\/p>\n<p style=\"text-align: center\">3. Consum i addiccions<\/p>\n<p>[\/et_pb_text][et_pb_image src=&#8221;http:\/\/fundesplai.org\/viureisomriure\/wp-content\/uploads\/sites\/21\/2021\/10\/cosnum.gif&#8221; title_text=&#8221;cosnum&#8221; align=&#8221;center&#8221; _builder_version=&#8221;4.19.0&#8243; _module_preset=&#8221;default&#8221; global_colors_info=&#8221;{}&#8221;][\/et_pb_image][\/et_pb_column][\/et_pb_row][et_pb_row column_structure=&#8221;1_3,1_3,1_3&#8243; _builder_version=&#8221;4.19.0&#8243; _module_preset=&#8221;default&#8221; custom_margin=&#8221;40px||||false|false&#8221; global_colors_info=&#8221;{}&#8221;][et_pb_column type=&#8221;1_3&#8243; _builder_version=&#8221;4.19.0&#8243; _module_preset=&#8221;default&#8221; global_colors_info=&#8221;{}&#8221;][et_pb_text _builder_version=&#8221;4.19.0&#8243; _module_preset=&#8221;default&#8221; global_colors_info=&#8221;{}&#8221;]<\/p>\n<p style=\"text-align: center\">4. Sexualitat i afectivitat<\/p>\n<p>[\/et_pb_text][et_pb_image src=&#8221;http:\/\/fundesplai.org\/viureisomriure\/wp-content\/uploads\/sites\/21\/2021\/10\/sexu.gif&#8221; title_text=&#8221;sexu&#8221; align=&#8221;center&#8221; _builder_version=&#8221;4.19.0&#8243; _module_preset=&#8221;default&#8221; global_colors_info=&#8221;{}&#8221;][\/et_pb_image][\/et_pb_column][et_pb_column type=&#8221;1_3&#8243; _builder_version=&#8221;4.19.0&#8243; _module_preset=&#8221;default&#8221; global_colors_info=&#8221;{}&#8221;][et_pb_text _builder_version=&#8221;4.19.0&#8243; _module_preset=&#8221;default&#8221; global_colors_info=&#8221;{}&#8221;]<\/p>\n<p style=\"text-align: center\">5. Medi ambient<\/p>\n<p>[\/et_pb_text][et_pb_image src=&#8221;http:\/\/fundesplai.org\/viureisomriure\/wp-content\/uploads\/sites\/21\/2021\/10\/medi.gif&#8221; title_text=&#8221;medi&#8221; align=&#8221;center&#8221; _builder_version=&#8221;4.19.0&#8243; _module_preset=&#8221;default&#8221; global_colors_info=&#8221;{}&#8221;][\/et_pb_image][\/et_pb_column][et_pb_column type=&#8221;1_3&#8243; _builder_version=&#8221;4.19.0&#8243; _module_preset=&#8221;default&#8221; global_colors_info=&#8221;{}&#8221;][et_pb_text _builder_version=&#8221;4.19.0&#8243; _module_preset=&#8221;default&#8221; global_colors_info=&#8221;{}&#8221;]<\/p>\n<p style=\"text-align: center\">6. Solidaritat<\/p>\n<p>[\/et_pb_text][et_pb_image src=&#8221;http:\/\/fundesplai.org\/viureisomriure\/wp-content\/uploads\/sites\/21\/2021\/10\/soli.gif&#8221; title_text=&#8221;soli&#8221; align=&#8221;center&#8221; _builder_version=&#8221;4.19.0&#8243; _module_preset=&#8221;default&#8221; global_colors_info=&#8221;{}&#8221;][\/et_pb_image][\/et_pb_column][\/et_pb_row][et_pb_row column_structure=&#8221;1_3,1_3,1_3&#8243; _builder_version=&#8221;4.19.0&#8243; _module_preset=&#8221;default&#8221; custom_margin=&#8221;40px||50px||false|false&#8221; hover_enabled=&#8221;0&#8243; global_colors_info=&#8221;{}&#8221; sticky_enabled=&#8221;0&#8243;][et_pb_column type=&#8221;1_3&#8243; _builder_version=&#8221;4.19.0&#8243; _module_preset=&#8221;default&#8221; global_colors_info=&#8221;{}&#8221;][et_pb_text _builder_version=&#8221;4.19.0&#8243; _module_preset=&#8221;default&#8221; global_colors_info=&#8221;{}&#8221;]<\/p>\n<p style=\"text-align: center\">7. Activitat f\u00edsica<\/p>\n<p>[\/et_pb_text][et_pb_image src=&#8221;http:\/\/fundesplai.org\/viureisomriure\/wp-content\/uploads\/sites\/21\/2021\/10\/activitat.gif&#8221; title_text=&#8221;activitat&#8221; align=&#8221;center&#8221; _builder_version=&#8221;4.19.0&#8243; _module_preset=&#8221;default&#8221; global_colors_info=&#8221;{}&#8221;][\/et_pb_image][\/et_pb_column][et_pb_column type=&#8221;1_3&#8243; _builder_version=&#8221;4.19.0&#8243; _module_preset=&#8221;default&#8221; global_colors_info=&#8221;{}&#8221;][et_pb_text _builder_version=&#8221;4.19.0&#8243; _module_preset=&#8221;default&#8221; global_colors_info=&#8221;{}&#8221;]<\/p>\n<p style=\"text-align: center\">8. Prevenci\u00f3 i seguretat<\/p>\n<p>[\/et_pb_text][et_pb_image src=&#8221;http:\/\/fundesplai.org\/viureisomriure\/wp-content\/uploads\/sites\/21\/2021\/10\/preven.gif&#8221; title_text=&#8221;preven&#8221; align=&#8221;center&#8221; _builder_version=&#8221;4.19.0&#8243; _module_preset=&#8221;default&#8221; global_colors_info=&#8221;{}&#8221;][\/et_pb_image][\/et_pb_column][et_pb_column type=&#8221;1_3&#8243; _builder_version=&#8221;4.19.0&#8243; _module_preset=&#8221;default&#8221; global_colors_info=&#8221;{}&#8221;][et_pb_text _builder_version=&#8221;4.19.0&#8243; _module_preset=&#8221;default&#8221; global_colors_info=&#8221;{}&#8221;]<\/p>\n<p style=\"text-align: center\">9. Salut emocional<\/p>\n<p>[\/et_pb_text][et_pb_image src=&#8221;http:\/\/fundesplai.org\/viureisomriure\/wp-content\/uploads\/sites\/21\/2021\/10\/amor.gif&#8221; title_text=&#8221;amor&#8221; align=&#8221;center&#8221; _builder_version=&#8221;4.19.0&#8243; _module_preset=&#8221;default&#8221; global_colors_info=&#8221;{}&#8221;][\/et_pb_image][\/et_pb_column][\/et_pb_row][\/et_pb_section]<\/p>\n","protected":false},"excerpt":{"rendered":"<p>La proposta educativa d&#8217;enguany t\u00e9 com a eix la salut, entenent aquesta no sols com a un estat f\u00edsic, sin\u00f3 com a una actitud integral que contribueix a la felicitat, individual i col\u00b7lectiva. \u00c9s per aix\u00f2 que tant el centre d&#8217;inter\u00e8s com les activitats s&#8217;han de presentar explicitant clarament aquesta relaci\u00f3: la vida saludable \u00e9s [&hellip;]<\/p>\n","protected":false},"author":27,"featured_media":0,"parent":0,"menu_order":0,"comment_status":"closed","ping_status":"closed","template":"","meta":{"_et_pb_use_builder":"on","_et_pb_old_content":"","_et_gb_content_width":"","footnotes":""},"class_list":["post-204","page","type-page","status-publish","hentry"],"yoast_head":"<!-- This site is optimized with the Yoast SEO plugin v27.3 - https:\/\/yoast.com\/product\/yoast-seo-wordpress\/ -->\n<title>Eix d&#039;animaci\u00f3 de 3 a 8 anys - Viure i somriure<\/title>\n<meta name=\"robots\" content=\"index, follow, max-snippet:-1, max-image-preview:large, max-video-preview:-1\" \/>\n<link rel=\"canonical\" href=\"https:\/\/fundesplai.org\/viureisomriure\/eix-danimacio-de-3-a-8-anys\/\" \/>\n<meta property=\"og:locale\" content=\"ca_ES\" \/>\n<meta property=\"og:type\" content=\"article\" \/>\n<meta property=\"og:title\" content=\"Eix d&#039;animaci\u00f3 de 3 a 8 anys - Viure i somriure\" \/>\n<meta property=\"og:description\" content=\"La proposta educativa d&#039;enguany t\u00e9 com a eix la salut, entenent aquesta no sols com a un estat f\u00edsic, sin\u00f3 com a una actitud integral que contribueix a la felicitat, individual i col\u00b7lectiva. \u00c9s per aix\u00f2 que tant el centre d&#039;inter\u00e8s com les activitats s&#039;han de presentar explicitant clarament aquesta relaci\u00f3: la vida saludable \u00e9s [&hellip;]\" \/>\n<meta property=\"og:url\" content=\"https:\/\/fundesplai.org\/viureisomriure\/eix-danimacio-de-3-a-8-anys\/\" \/>\n<meta property=\"og:site_name\" content=\"Viure i somriure\" \/>\n<meta property=\"article:modified_time\" content=\"2023-03-16T10:13:00+00:00\" \/>\n<meta name=\"twitter:card\" content=\"summary_large_image\" \/>\n<meta name=\"twitter:label1\" content=\"Temps estimat de lectura\" \/>\n\t<meta name=\"twitter:data1\" content=\"3 minuts\" \/>\n<script type=\"application\/ld+json\" class=\"yoast-schema-graph\">{\"@context\":\"https:\\\/\\\/schema.org\",\"@graph\":[{\"@type\":\"WebPage\",\"@id\":\"https:\\\/\\\/fundesplai.org\\\/viureisomriure\\\/eix-danimacio-de-3-a-8-anys\\\/\",\"url\":\"https:\\\/\\\/fundesplai.org\\\/viureisomriure\\\/eix-danimacio-de-3-a-8-anys\\\/\",\"name\":\"Eix d'animaci\u00f3 de 3 a 8 anys - Viure i somriure\",\"isPartOf\":{\"@id\":\"https:\\\/\\\/fundesplai.org\\\/viureisomriure\\\/#website\"},\"datePublished\":\"2023-03-16T10:12:56+00:00\",\"dateModified\":\"2023-03-16T10:13:00+00:00\",\"breadcrumb\":{\"@id\":\"https:\\\/\\\/fundesplai.org\\\/viureisomriure\\\/eix-danimacio-de-3-a-8-anys\\\/#breadcrumb\"},\"inLanguage\":\"ca\",\"potentialAction\":[{\"@type\":\"ReadAction\",\"target\":[\"https:\\\/\\\/fundesplai.org\\\/viureisomriure\\\/eix-danimacio-de-3-a-8-anys\\\/\"]}]},{\"@type\":\"BreadcrumbList\",\"@id\":\"https:\\\/\\\/fundesplai.org\\\/viureisomriure\\\/eix-danimacio-de-3-a-8-anys\\\/#breadcrumb\",\"itemListElement\":[{\"@type\":\"ListItem\",\"position\":1,\"name\":\"Inici\",\"item\":\"\\\/\"},{\"@type\":\"ListItem\",\"position\":2,\"name\":\"Viure i somriure\",\"item\":\"https:\\\/\\\/fundesplai.org\\\/viureisomriure\"},{\"@type\":\"ListItem\",\"position\":3,\"name\":\"Eix d&#8217;animaci\u00f3 de 3 a 8 anys\"}]},{\"@type\":\"WebSite\",\"@id\":\"https:\\\/\\\/fundesplai.org\\\/viureisomriure\\\/#website\",\"url\":\"https:\\\/\\\/fundesplai.org\\\/viureisomriure\\\/\",\"name\":\"Viure i somriure\",\"description\":\"Proposta educativa de Fundesplai\",\"potentialAction\":[{\"@type\":\"SearchAction\",\"target\":{\"@type\":\"EntryPoint\",\"urlTemplate\":\"https:\\\/\\\/fundesplai.org\\\/viureisomriure\\\/?s={search_term_string}\"},\"query-input\":{\"@type\":\"PropertyValueSpecification\",\"valueRequired\":true,\"valueName\":\"search_term_string\"}}],\"inLanguage\":\"ca\"}]}<\/script>\n<!-- \/ Yoast SEO plugin. -->","yoast_head_json":{"title":"Eix d'animaci\u00f3 de 3 a 8 anys - Viure i somriure","robots":{"index":"index","follow":"follow","max-snippet":"max-snippet:-1","max-image-preview":"max-image-preview:large","max-video-preview":"max-video-preview:-1"},"canonical":"https:\/\/fundesplai.org\/viureisomriure\/eix-danimacio-de-3-a-8-anys\/","og_locale":"ca_ES","og_type":"article","og_title":"Eix d'animaci\u00f3 de 3 a 8 anys - Viure i somriure","og_description":"La proposta educativa d'enguany t\u00e9 com a eix la salut, entenent aquesta no sols com a un estat f\u00edsic, sin\u00f3 com a una actitud integral que contribueix a la felicitat, individual i col\u00b7lectiva. \u00c9s per aix\u00f2 que tant el centre d'inter\u00e8s com les activitats s'han de presentar explicitant clarament aquesta relaci\u00f3: la vida saludable \u00e9s [&hellip;]","og_url":"https:\/\/fundesplai.org\/viureisomriure\/eix-danimacio-de-3-a-8-anys\/","og_site_name":"Viure i somriure","article_modified_time":"2023-03-16T10:13:00+00:00","twitter_card":"summary_large_image","twitter_misc":{"Temps estimat de lectura":"3 minuts"},"schema":{"@context":"https:\/\/schema.org","@graph":[{"@type":"WebPage","@id":"https:\/\/fundesplai.org\/viureisomriure\/eix-danimacio-de-3-a-8-anys\/","url":"https:\/\/fundesplai.org\/viureisomriure\/eix-danimacio-de-3-a-8-anys\/","name":"Eix d'animaci\u00f3 de 3 a 8 anys - Viure i somriure","isPartOf":{"@id":"https:\/\/fundesplai.org\/viureisomriure\/#website"},"datePublished":"2023-03-16T10:12:56+00:00","dateModified":"2023-03-16T10:13:00+00:00","breadcrumb":{"@id":"https:\/\/fundesplai.org\/viureisomriure\/eix-danimacio-de-3-a-8-anys\/#breadcrumb"},"inLanguage":"ca","potentialAction":[{"@type":"ReadAction","target":["https:\/\/fundesplai.org\/viureisomriure\/eix-danimacio-de-3-a-8-anys\/"]}]},{"@type":"BreadcrumbList","@id":"https:\/\/fundesplai.org\/viureisomriure\/eix-danimacio-de-3-a-8-anys\/#breadcrumb","itemListElement":[{"@type":"ListItem","position":1,"name":"Inici","item":"\/"},{"@type":"ListItem","position":2,"name":"Viure i somriure","item":"https:\/\/fundesplai.org\/viureisomriure"},{"@type":"ListItem","position":3,"name":"Eix d&#8217;animaci\u00f3 de 3 a 8 anys"}]},{"@type":"WebSite","@id":"https:\/\/fundesplai.org\/viureisomriure\/#website","url":"https:\/\/fundesplai.org\/viureisomriure\/","name":"Viure i somriure","description":"Proposta educativa de Fundesplai","potentialAction":[{"@type":"SearchAction","target":{"@type":"EntryPoint","urlTemplate":"https:\/\/fundesplai.org\/viureisomriure\/?s={search_term_string}"},"query-input":{"@type":"PropertyValueSpecification","valueRequired":true,"valueName":"search_term_string"}}],"inLanguage":"ca"}]}},"_links":{"self":[{"href":"https:\/\/fundesplai.org\/viureisomriure\/wp-json\/wp\/v2\/pages\/204","targetHints":{"allow":["GET"]}}],"collection":[{"href":"https:\/\/fundesplai.org\/viureisomriure\/wp-json\/wp\/v2\/pages"}],"about":[{"href":"https:\/\/fundesplai.org\/viureisomriure\/wp-json\/wp\/v2\/types\/page"}],"author":[{"embeddable":true,"href":"https:\/\/fundesplai.org\/viureisomriure\/wp-json\/wp\/v2\/users\/27"}],"replies":[{"embeddable":true,"href":"https:\/\/fundesplai.org\/viureisomriure\/wp-json\/wp\/v2\/comments?post=204"}],"version-history":[{"count":6,"href":"https:\/\/fundesplai.org\/viureisomriure\/wp-json\/wp\/v2\/pages\/204\/revisions"}],"predecessor-version":[{"id":212,"href":"https:\/\/fundesplai.org\/viureisomriure\/wp-json\/wp\/v2\/pages\/204\/revisions\/212"}],"wp:attachment":[{"href":"https:\/\/fundesplai.org\/viureisomriure\/wp-json\/wp\/v2\/media?parent=204"}],"curies":[{"name":"wp","href":"https:\/\/api.w.org\/{rel}","templated":true}]}}