{"id":127,"date":"2023-03-14T13:29:45","date_gmt":"2023-03-14T12:29:45","guid":{"rendered":"https:\/\/fundesplai.org\/viureisomriure\/?page_id=127"},"modified":"2023-03-14T13:29:51","modified_gmt":"2023-03-14T12:29:51","slug":"els-personatges","status":"publish","type":"page","link":"https:\/\/fundesplai.org\/viureisomriure\/els-personatges\/","title":{"rendered":"Els Personatges"},"content":{"rendered":"<p>[et_pb_section fb_built=&#8221;1&#8243; _builder_version=&#8221;4.19.0&#8243; _module_preset=&#8221;default&#8221; global_colors_info=&#8221;{}&#8221;][et_pb_row _builder_version=&#8221;4.19.0&#8243; _module_preset=&#8221;default&#8221; global_colors_info=&#8221;{}&#8221;][et_pb_column type=&#8221;4_4&#8243; _builder_version=&#8221;4.19.0&#8243; _module_preset=&#8221;default&#8221; global_colors_info=&#8221;{}&#8221;][et_pb_text _builder_version=&#8221;4.19.0&#8243; _module_preset=&#8221;default&#8221; global_colors_info=&#8221;{}&#8221;]<\/p>\n<h2>Els personatges<\/h2>\n<p>La colla de l&#8217;Aventura de la Vida s\u00f3n els personatges que intervenen en l&#8217;ambientaci\u00f3 del centre d&#8217;inter\u00e8s pels grups de petits i de mitjans. Com sabeu, aquesta colla ja \u00e9s protagonista de diversos recursos educatius que la Fundaci\u00f3 Catalana de l&#8217;Esplai dinamitza en el marc escolar principalment. Aix\u00ed doncs, trobareu la colla d&#8217;una banda, en el programa educatiu per a la prevenci\u00f3 de les drogodepend\u00e8ncies, l&#8217;Aventura de la Vida. I d&#8217;una altra, en el CD Contes per Conversar.<\/p>\n<p>En aquesta ocasi\u00f3, la colla ens proposa viure diverses aventures que ens condueixin a descobrir i a reflexionar sobre la salut i els factors que contribueixen a gaudir d&#8217;una vida saludable ara i en el futur.<\/p>\n<p>[\/et_pb_text][et_pb_divider _builder_version=&#8221;4.19.0&#8243; _module_preset=&#8221;default&#8221; custom_margin=&#8221;40px||30px||false|false&#8221; global_colors_info=&#8221;{}&#8221;][\/et_pb_divider][et_pb_text _builder_version=&#8221;4.19.0&#8243; _module_preset=&#8221;default&#8221; custom_margin=&#8221;||40px||false|false&#8221; global_colors_info=&#8221;{}&#8221;]<\/p>\n<p>La colla est\u00e0 formada per dues noies i tres nois: la Marta, la Iolanda, l&#8217;H\u00e8ctor, el Xavier i el Sergi. Tot seguit us els presentem:<\/p>\n<p>[\/et_pb_text][\/et_pb_column][\/et_pb_row][et_pb_row column_structure=&#8221;1_2,1_2&#8243; _builder_version=&#8221;4.19.0&#8243; _module_preset=&#8221;default&#8221; global_colors_info=&#8221;{}&#8221;][et_pb_column type=&#8221;1_2&#8243; _builder_version=&#8221;4.19.0&#8243; _module_preset=&#8221;default&#8221; global_colors_info=&#8221;{}&#8221;][et_pb_image src=&#8221;http:\/\/fundesplai.org\/viureisomriure\/wp-content\/uploads\/sites\/21\/2023\/03\/hector_viure.jpg&#8221; title_text=&#8221;hector_viure&#8221; align=&#8221;center&#8221; _builder_version=&#8221;4.19.0&#8243; _module_preset=&#8221;default&#8221; width=&#8221;65%&#8221; module_alignment=&#8221;center&#8221; global_colors_info=&#8221;{}&#8221;][\/et_pb_image][et_pb_text _builder_version=&#8221;4.19.0&#8243; _module_preset=&#8221;default&#8221; global_colors_info=&#8221;{}&#8221;]<\/p>\n<h3 style=\"text-align: center\">H\u00e8ctor<\/h3>\n<p style=\"text-align: center\">Li agraden tots els esports. Llegir \u00e9s una de les seves grans passions. Li agrada anar a l&#8217;escola i a l&#8217;esplai i sempre treu molt bones notes.<\/p>\n<p>[\/et_pb_text][\/et_pb_column][et_pb_column type=&#8221;1_2&#8243; _builder_version=&#8221;4.19.0&#8243; _module_preset=&#8221;default&#8221; global_colors_info=&#8221;{}&#8221;][et_pb_image src=&#8221;http:\/\/fundesplai.org\/viureisomriure\/wp-content\/uploads\/sites\/21\/2023\/03\/marta_viure.jpg&#8221; title_text=&#8221;marta_viure&#8221; align=&#8221;center&#8221; _builder_version=&#8221;4.19.0&#8243; _module_preset=&#8221;default&#8221; width=&#8221;65%&#8221; module_alignment=&#8221;center&#8221; global_colors_info=&#8221;{}&#8221;][\/et_pb_image][et_pb_text _builder_version=&#8221;4.19.0&#8243; _module_preset=&#8221;default&#8221; global_colors_info=&#8221;{}&#8221;]<\/p>\n<h3 style=\"text-align: center\">Marta<\/h3>\n<p style=\"text-align: center\">Tamb\u00e9 li agrada molt estudiar. \u00c9s molt presumida. Molt amiga dels seus amics i amigues. T\u00e9 un diari i cada dia escriu tot all\u00f2 que li ha passat.<\/p>\n<p>[\/et_pb_text][\/et_pb_column][\/et_pb_row][et_pb_row column_structure=&#8221;1_2,1_2&#8243; _builder_version=&#8221;4.19.0&#8243; _module_preset=&#8221;default&#8221; global_colors_info=&#8221;{}&#8221;][et_pb_column type=&#8221;1_2&#8243; _builder_version=&#8221;4.19.0&#8243; _module_preset=&#8221;default&#8221; global_colors_info=&#8221;{}&#8221;][et_pb_image src=&#8221;http:\/\/fundesplai.org\/viureisomriure\/wp-content\/uploads\/sites\/21\/2023\/03\/xavi_viure.jpg&#8221; title_text=&#8221;xavi_viure&#8221; align=&#8221;center&#8221; _builder_version=&#8221;4.19.0&#8243; _module_preset=&#8221;default&#8221; width=&#8221;65%&#8221; module_alignment=&#8221;center&#8221; global_colors_info=&#8221;{}&#8221;][\/et_pb_image][et_pb_text _builder_version=&#8221;4.19.0&#8243; _module_preset=&#8221;default&#8221; global_colors_info=&#8221;{}&#8221;]<\/p>\n<h3 style=\"text-align: center\">Xavier<\/h3>\n<p style=\"text-align: center\">Li agrada molt jugar al b\u00e0squet i c\u00f3rrer amb el seu monopat\u00ed. Tamb\u00e9 \u00e9s molt aficionat a la m\u00fasica. Li agrada estar amb la colla per\u00f2 aix\u00f2 no ho pot fer cada dia, perqu\u00e8 els entrenaments de b\u00e0squet no li ho permeten.<\/p>\n<p>[\/et_pb_text][\/et_pb_column][et_pb_column type=&#8221;1_2&#8243; _builder_version=&#8221;4.19.0&#8243; _module_preset=&#8221;default&#8221; global_colors_info=&#8221;{}&#8221;][et_pb_image src=&#8221;http:\/\/fundesplai.org\/viureisomriure\/wp-content\/uploads\/sites\/21\/2023\/03\/sergi_viure.jpg&#8221; alt=&#8221;Sergi&#8221; title_text=&#8221;Sergi&#8221; align=&#8221;center&#8221; _builder_version=&#8221;4.19.0&#8243; _module_preset=&#8221;default&#8221; width=&#8221;65%&#8221; module_alignment=&#8221;center&#8221; global_colors_info=&#8221;{}&#8221;][\/et_pb_image][et_pb_text _builder_version=&#8221;4.19.0&#8243; _module_preset=&#8221;default&#8221; global_colors_info=&#8221;{}&#8221;]<\/p>\n<h3 style=\"text-align: center\">Sergi<\/h3>\n<p style=\"text-align: center\">Li agrada molt menjar i, a vegades, ho fa a totes hores. No li agrada molt llegir, de fet t\u00e9 com una mena d&#8217;al\u00b7l\u00e8rgia als llibres. Pel Sergi la colla \u00e9s molt important.<\/p>\n<p>[\/et_pb_text][\/et_pb_column][\/et_pb_row][et_pb_row column_structure=&#8221;1_4,1_2,1_4&#8243; _builder_version=&#8221;4.19.0&#8243; _module_preset=&#8221;default&#8221; custom_margin=&#8221;||50px||false|false&#8221; global_colors_info=&#8221;{}&#8221;][et_pb_column type=&#8221;1_4&#8243; _builder_version=&#8221;4.19.0&#8243; _module_preset=&#8221;default&#8221; global_colors_info=&#8221;{}&#8221;][\/et_pb_column][et_pb_column type=&#8221;1_2&#8243; _builder_version=&#8221;4.19.0&#8243; _module_preset=&#8221;default&#8221; global_colors_info=&#8221;{}&#8221;][et_pb_image src=&#8221;http:\/\/fundesplai.org\/viureisomriure\/wp-content\/uploads\/sites\/21\/2023\/03\/iolanda_viure.jpg&#8221; alt=&#8221;Iolanda&#8221; title_text=&#8221;Iolanda&#8221; align=&#8221;center&#8221; _builder_version=&#8221;4.19.0&#8243; _module_preset=&#8221;default&#8221; width=&#8221;65%&#8221; module_alignment=&#8221;center&#8221; global_colors_info=&#8221;{}&#8221;][\/et_pb_image][et_pb_text _builder_version=&#8221;4.19.0&#8243; _module_preset=&#8221;default&#8221; global_colors_info=&#8221;{}&#8221;]<\/p>\n<h3 style=\"text-align: center\">Iolanda<\/h3>\n<p style=\"text-align: center\">\u00c9s cega. Li encanta tocar la guitarra i llegir els seus llibres preferits. Li agrada molt sortir a la muntanya amb els seus amics.<\/p>\n<p>[\/et_pb_text][\/et_pb_column][et_pb_column type=&#8221;1_4&#8243; _builder_version=&#8221;4.19.0&#8243; _module_preset=&#8221;default&#8221; global_colors_info=&#8221;{}&#8221;][\/et_pb_column][\/et_pb_row][\/et_pb_section]<\/p>\n","protected":false},"excerpt":{"rendered":"<p>Els personatges La colla de l&#8217;Aventura de la Vida s\u00f3n els personatges que intervenen en l&#8217;ambientaci\u00f3 del centre d&#8217;inter\u00e8s pels grups de petits i de mitjans. Com sabeu, aquesta colla ja \u00e9s protagonista de diversos recursos educatius que la Fundaci\u00f3 Catalana de l&#8217;Esplai dinamitza en el marc escolar principalment. Aix\u00ed doncs, trobareu la colla d&#8217;una [&hellip;]<\/p>\n","protected":false},"author":27,"featured_media":0,"parent":0,"menu_order":0,"comment_status":"closed","ping_status":"closed","template":"","meta":{"_et_pb_use_builder":"on","_et_pb_old_content":"","_et_gb_content_width":"","footnotes":""},"class_list":["post-127","page","type-page","status-publish","hentry"],"yoast_head":"<!-- This site is optimized with the Yoast SEO plugin v27.3 - https:\/\/yoast.com\/product\/yoast-seo-wordpress\/ -->\n<title>Els Personatges - Viure i somriure<\/title>\n<meta name=\"robots\" content=\"index, follow, max-snippet:-1, max-image-preview:large, max-video-preview:-1\" \/>\n<link rel=\"canonical\" href=\"https:\/\/fundesplai.org\/viureisomriure\/els-personatges\/\" \/>\n<meta property=\"og:locale\" content=\"ca_ES\" \/>\n<meta property=\"og:type\" content=\"article\" \/>\n<meta property=\"og:title\" content=\"Els Personatges - Viure i somriure\" \/>\n<meta property=\"og:description\" content=\"Els personatges La colla de l&#039;Aventura de la Vida s\u00f3n els personatges que intervenen en l&#039;ambientaci\u00f3 del centre d&#039;inter\u00e8s pels grups de petits i de mitjans. Com sabeu, aquesta colla ja \u00e9s protagonista de diversos recursos educatius que la Fundaci\u00f3 Catalana de l&#039;Esplai dinamitza en el marc escolar principalment. Aix\u00ed doncs, trobareu la colla d&#039;una [&hellip;]\" \/>\n<meta property=\"og:url\" content=\"https:\/\/fundesplai.org\/viureisomriure\/els-personatges\/\" \/>\n<meta property=\"og:site_name\" content=\"Viure i somriure\" \/>\n<meta property=\"article:modified_time\" content=\"2023-03-14T12:29:51+00:00\" \/>\n<meta name=\"twitter:card\" content=\"summary_large_image\" \/>\n<meta name=\"twitter:label1\" content=\"Temps estimat de lectura\" \/>\n\t<meta name=\"twitter:data1\" content=\"3 minuts\" \/>\n<script type=\"application\/ld+json\" class=\"yoast-schema-graph\">{\"@context\":\"https:\\\/\\\/schema.org\",\"@graph\":[{\"@type\":\"WebPage\",\"@id\":\"https:\\\/\\\/fundesplai.org\\\/viureisomriure\\\/els-personatges\\\/\",\"url\":\"https:\\\/\\\/fundesplai.org\\\/viureisomriure\\\/els-personatges\\\/\",\"name\":\"Els Personatges - Viure i somriure\",\"isPartOf\":{\"@id\":\"https:\\\/\\\/fundesplai.org\\\/viureisomriure\\\/#website\"},\"datePublished\":\"2023-03-14T12:29:45+00:00\",\"dateModified\":\"2023-03-14T12:29:51+00:00\",\"breadcrumb\":{\"@id\":\"https:\\\/\\\/fundesplai.org\\\/viureisomriure\\\/els-personatges\\\/#breadcrumb\"},\"inLanguage\":\"ca\",\"potentialAction\":[{\"@type\":\"ReadAction\",\"target\":[\"https:\\\/\\\/fundesplai.org\\\/viureisomriure\\\/els-personatges\\\/\"]}]},{\"@type\":\"BreadcrumbList\",\"@id\":\"https:\\\/\\\/fundesplai.org\\\/viureisomriure\\\/els-personatges\\\/#breadcrumb\",\"itemListElement\":[{\"@type\":\"ListItem\",\"position\":1,\"name\":\"Inici\",\"item\":\"\\\/\"},{\"@type\":\"ListItem\",\"position\":2,\"name\":\"Viure i somriure\",\"item\":\"https:\\\/\\\/fundesplai.org\\\/viureisomriure\"},{\"@type\":\"ListItem\",\"position\":3,\"name\":\"Els Personatges\"}]},{\"@type\":\"WebSite\",\"@id\":\"https:\\\/\\\/fundesplai.org\\\/viureisomriure\\\/#website\",\"url\":\"https:\\\/\\\/fundesplai.org\\\/viureisomriure\\\/\",\"name\":\"Viure i somriure\",\"description\":\"Proposta educativa de Fundesplai\",\"potentialAction\":[{\"@type\":\"SearchAction\",\"target\":{\"@type\":\"EntryPoint\",\"urlTemplate\":\"https:\\\/\\\/fundesplai.org\\\/viureisomriure\\\/?s={search_term_string}\"},\"query-input\":{\"@type\":\"PropertyValueSpecification\",\"valueRequired\":true,\"valueName\":\"search_term_string\"}}],\"inLanguage\":\"ca\"}]}<\/script>\n<!-- \/ Yoast SEO plugin. -->","yoast_head_json":{"title":"Els Personatges - Viure i somriure","robots":{"index":"index","follow":"follow","max-snippet":"max-snippet:-1","max-image-preview":"max-image-preview:large","max-video-preview":"max-video-preview:-1"},"canonical":"https:\/\/fundesplai.org\/viureisomriure\/els-personatges\/","og_locale":"ca_ES","og_type":"article","og_title":"Els Personatges - Viure i somriure","og_description":"Els personatges La colla de l'Aventura de la Vida s\u00f3n els personatges que intervenen en l'ambientaci\u00f3 del centre d'inter\u00e8s pels grups de petits i de mitjans. Com sabeu, aquesta colla ja \u00e9s protagonista de diversos recursos educatius que la Fundaci\u00f3 Catalana de l'Esplai dinamitza en el marc escolar principalment. Aix\u00ed doncs, trobareu la colla d'una [&hellip;]","og_url":"https:\/\/fundesplai.org\/viureisomriure\/els-personatges\/","og_site_name":"Viure i somriure","article_modified_time":"2023-03-14T12:29:51+00:00","twitter_card":"summary_large_image","twitter_misc":{"Temps estimat de lectura":"3 minuts"},"schema":{"@context":"https:\/\/schema.org","@graph":[{"@type":"WebPage","@id":"https:\/\/fundesplai.org\/viureisomriure\/els-personatges\/","url":"https:\/\/fundesplai.org\/viureisomriure\/els-personatges\/","name":"Els Personatges - Viure i somriure","isPartOf":{"@id":"https:\/\/fundesplai.org\/viureisomriure\/#website"},"datePublished":"2023-03-14T12:29:45+00:00","dateModified":"2023-03-14T12:29:51+00:00","breadcrumb":{"@id":"https:\/\/fundesplai.org\/viureisomriure\/els-personatges\/#breadcrumb"},"inLanguage":"ca","potentialAction":[{"@type":"ReadAction","target":["https:\/\/fundesplai.org\/viureisomriure\/els-personatges\/"]}]},{"@type":"BreadcrumbList","@id":"https:\/\/fundesplai.org\/viureisomriure\/els-personatges\/#breadcrumb","itemListElement":[{"@type":"ListItem","position":1,"name":"Inici","item":"\/"},{"@type":"ListItem","position":2,"name":"Viure i somriure","item":"https:\/\/fundesplai.org\/viureisomriure"},{"@type":"ListItem","position":3,"name":"Els Personatges"}]},{"@type":"WebSite","@id":"https:\/\/fundesplai.org\/viureisomriure\/#website","url":"https:\/\/fundesplai.org\/viureisomriure\/","name":"Viure i somriure","description":"Proposta educativa de Fundesplai","potentialAction":[{"@type":"SearchAction","target":{"@type":"EntryPoint","urlTemplate":"https:\/\/fundesplai.org\/viureisomriure\/?s={search_term_string}"},"query-input":{"@type":"PropertyValueSpecification","valueRequired":true,"valueName":"search_term_string"}}],"inLanguage":"ca"}]}},"_links":{"self":[{"href":"https:\/\/fundesplai.org\/viureisomriure\/wp-json\/wp\/v2\/pages\/127","targetHints":{"allow":["GET"]}}],"collection":[{"href":"https:\/\/fundesplai.org\/viureisomriure\/wp-json\/wp\/v2\/pages"}],"about":[{"href":"https:\/\/fundesplai.org\/viureisomriure\/wp-json\/wp\/v2\/types\/page"}],"author":[{"embeddable":true,"href":"https:\/\/fundesplai.org\/viureisomriure\/wp-json\/wp\/v2\/users\/27"}],"replies":[{"embeddable":true,"href":"https:\/\/fundesplai.org\/viureisomriure\/wp-json\/wp\/v2\/comments?post=127"}],"version-history":[{"count":22,"href":"https:\/\/fundesplai.org\/viureisomriure\/wp-json\/wp\/v2\/pages\/127\/revisions"}],"predecessor-version":[{"id":162,"href":"https:\/\/fundesplai.org\/viureisomriure\/wp-json\/wp\/v2\/pages\/127\/revisions\/162"}],"wp:attachment":[{"href":"https:\/\/fundesplai.org\/viureisomriure\/wp-json\/wp\/v2\/media?parent=127"}],"curies":[{"name":"wp","href":"https:\/\/api.w.org\/{rel}","templated":true}]}}