{"id":9,"date":"2021-10-13T12:30:47","date_gmt":"2021-10-13T10:30:47","guid":{"rendered":"https:\/\/fundesplai.org\/teixint\/?page_id=9"},"modified":"2023-03-13T12:18:27","modified_gmt":"2023-03-13T10:18:27","slug":"recursos","status":"publish","type":"page","link":"https:\/\/fundesplai.org\/teixint\/recursos\/","title":{"rendered":"Recursos"},"content":{"rendered":"[et_pb_section fb_built=&#8221;1&#8243; fullwidth=&#8221;on&#8221; _builder_version=&#8221;4.19.0&#8243; _module_preset=&#8221;default&#8221; global_colors_info=&#8221;{}&#8221;][et_pb_fullwidth_post_title meta=&#8221;off&#8221; featured_image=&#8221;off&#8221; _builder_version=&#8221;4.19.0&#8243; _module_preset=&#8221;default&#8221; global_colors_info=&#8221;{}&#8221;][\/et_pb_fullwidth_post_title][\/et_pb_section][et_pb_section fb_built=&#8221;1&#8243; _builder_version=&#8221;4.19.0&#8243; hover_enabled=&#8221;0&#8243; global_colors_info=&#8221;{}&#8221; custom_margin=&#8221;||50px||false|false&#8221; sticky_enabled=&#8221;0&#8243;][et_pb_row _builder_version=&#8221;4.16&#8243; background_size=&#8221;initial&#8221; background_position=&#8221;top_left&#8221; background_repeat=&#8221;repeat&#8221; global_colors_info=&#8221;{}&#8221;][et_pb_column type=&#8221;4_4&#8243; _builder_version=&#8221;4.16&#8243; custom_padding=&#8221;|||&#8221; global_colors_info=&#8221;{}&#8221; custom_padding__hover=&#8221;|||&#8221;][et_pb_text disabled_on=&#8221;on|on|on&#8221; _builder_version=&#8221;4.19.0&#8243; background_size=&#8221;initial&#8221; background_position=&#8221;top_left&#8221; background_repeat=&#8221;repeat&#8221; disabled=&#8221;on&#8221; global_colors_info=&#8221;{}&#8221;]<p><strong>Webs:<\/strong><\/p>\n<p><\/p>\n<p><\/p>\n<ul class=\"wp-block-list\">\n<li><a href=\"https:\/\/apsvalors.wordpress.com\/\">Bloc Aprenentatge Servei (creat al 2015)\u00a0<\/a>\u00a0impulsat pel Centre Promotor ApS i la UB<\/li>\n<li><a href=\"http:\/\/www.aprenentatgeservei.org\/index.php\" target=\"_blank\" rel=\"noreferrer noopener\">Centre promotor d\u2019ApS<\/a><\/li>\n<li><a href=\"http:\/\/www.zerbikas.es\/\" target=\"_blank\" rel=\"noreferrer noopener\">Fundazio Zerbikas<\/a><\/li>\n<\/ul>\n<p><\/p>\n<p><strong>Llibres i artic<\/strong><strong>les:<\/strong><\/p>\n<p><\/p>\n<p><\/p>\n<ul class=\"wp-block-list\">\n<li>Puig, Josep M. (coord.) 2009.\u00a0<em>Aprendizaje Servicio (ApS). Educaci\u00f3n y compromiso c\u00edvico<\/em>. Barcelona: Gra\u00f3.<\/li>\n<li>Puig, Josep M. i Laura Campo.<a href=\"http:\/\/www.aprenentatgeservei.org\/intra\/aps\/documents\/aps_ambit_local_web.pdf\" target=\"_blank\" rel=\"noreferrer noopener\">\u00a0Com impulsar l\u2019ApS a l\u2019\u00e0mbit local<\/a>. Centre promotor d\u2019ApS.<\/li>\n<li>Mart\u00edn, Xus; i Laura Rubio. 2006.\u00a0<em>Experi\u00e8ncies d\u2019Aprenentatge Servei<\/em>. Barcelona: OCTAEDRO i Fundaci\u00f3 Jaume Bofill.<\/li>\n<li>Agust\u00ed Coromines.\u00a0<a href=\"http:\/\/www.aprenentatgeservei.org\/intra\/aps\/documents\/APS%20i%20coneix%20entorn.pdf\" target=\"_blank\" rel=\"noreferrer noopener\"><em>ApS i coneixement de l\u2019entorn<\/em><\/a>. Centre promotor d\u2019ApS.<\/li>\n<li><a href=\"http:\/\/www2.esplai.org\/barrinem\/index.html\" target=\"_blank\" rel=\"noreferrer noopener\">Barrinem. Proposta educativa pel civisme i la conviv\u00e8ncia<\/a>. Curs 2008-2009. Fundaci\u00f3 Catalana de l\u2019Esplai.<\/li>\n<li><a href=\"http:\/\/www2.esplai.org\/mandala\/\" target=\"_blank\" rel=\"noreferrer noopener\">Mandala. Proposta educativa per la interculturalitat i la fraternitat<\/a>. Curs 2009-2010. Fundaci\u00f3 Catalana de l\u2019Esplai.<\/li>\n<li><a href=\"http:\/\/www2.esplai.org\/mirall\/\" target=\"_blank\" rel=\"noreferrer noopener\">Mirall. Proposta educativa per a la igualtat d\u2019oportunitats<\/a>. Curs 2010-2011. Fundaci\u00f3 Catalana de l\u2019Esplai.<\/li>\n<li><a href=\"http:\/\/www2.esplai.org\/agora\/index.htm\" target=\"_blank\" rel=\"noreferrer noopener\">\u00c0gora. Proposta educativa per a la participaci\u00f3<\/a>. Curs 2011-2012. Fundaci\u00f3 Catalana de l\u2019Esplai.<\/li>\n<li><a href=\"http:\/\/www2.esplai.org\/compartir\/\" target=\"_blank\" rel=\"noreferrer noopener\">Compartir, donar i rebre. Una proposta educativa per a l\u2019educaci\u00f3 en el lleure<\/a>. Curs 2006-2007. Federaci\u00f3 Catalana de l\u2019Esplai.<\/li>\n<\/ul>\n<p><\/p>\n<p><strong>Guies en pdf:<\/strong><\/p>\n<p><\/p>\n<p><\/p>\n<ul class=\"wp-block-list\">\n<li><a href=\"http:\/\/www.aprenentatgeservei.org\/intra\/aps\/documents\/guia_jove_web.pdf\" target=\"_blank\" rel=\"noreferrer noopener\">Fes ApS! Guia pr\u00e0ctica d\u2019aprenentatge servei per a joves<\/a>. Centre Promotor d\u2019ApS<\/li>\n<li><a href=\"http:\/\/www.aprenentatgeservei.org\/intra\/aps\/documents\/Guia_com_comencar_REVISADA.pdf\" target=\"_blank\" rel=\"noreferrer noopener\">Com comen\u00e7ar una experi\u00e8ncia d\u2019aprenentatge i servei<\/a>. Centre Promotor d\u2019ApS<\/li>\n<li><a href=\"http:\/\/www.aprenentatgeservei.org\/intra\/aps\/documents\/aps_centres_educatius_3.pdf\" target=\"_blank\" rel=\"noreferrer noopener\">Com fer ApS en els centres educatius?<\/a>\u00a0Centre Promotor d\u2019ApS<\/li>\n<li><a href=\"http:\/\/www.aprenentatgeservei.org\/intra\/aps\/documents\/aps_entitats_socials_3.pdf\" target=\"_blank\" rel=\"noreferrer noopener\">Com fer ApS en les entitats socials?<\/a>\u00a0Centre Promotor d\u2019ApS<\/li>\n<li><a href=\"http:\/\/www.aprenentatgeservei.org\/intra\/aps\/documents\/Guia%20com%20millorar%20REVISADA.pdf\" target=\"_blank\" rel=\"noreferrer noopener\">Com millorar els projectes d\u2019ApS?<\/a>\u00a0Centre Promotor d\u2019ApS<\/li>\n<li>Hern\u00e1ndez, Candido; Jos\u00e9 Larrauri i Rafael Mendia.<a href=\"http:\/\/www.zerbikas.es\/guias\/es\/2.pdf\" target=\"_blank\" rel=\"noreferrer noopener\">\u00a0Aprendizaje y servicio y desarrollo de las competencias b\u00e1sicas<\/a>. Guias Zerbikas, 2.<\/li>\n<\/ul>\n<p><\/p>\n<p><strong>V\u00eddeos:<\/strong><\/p>\n<p><\/p>\n<p><\/p>\n<ul class=\"wp-block-list\">\n<li><a href=\"http:\/\/www.youtube.com\/watch?v=GzgOWxF7cR0&amp;feature=player_embedded\" target=\"_blank\" rel=\"noreferrer noopener\">2es jornades ApS Hospitalet<\/a><\/li>\n<li><a href=\"http:\/\/www.youtube.com\/watch?v=rbh05icW57M&amp;feature=player_embedded\" target=\"_blank\" rel=\"noreferrer noopener\">La pr\u00e1ctica solidaria como pedagogia \u2013 Maria Nieves Tapia<\/a><\/li>\n<\/ul>\n<p><\/p>[\/et_pb_text][et_pb_accordion _builder_version=&#8221;4.19.0&#8243; _module_preset=&#8221;default&#8221; global_colors_info=&#8221;{}&#8221;][et_pb_accordion_item title=&#8221;Webs&#8221; open=&#8221;on&#8221; _builder_version=&#8221;4.19.0&#8243; _module_preset=&#8221;default&#8221; global_colors_info=&#8221;{}&#8221;]<p><\/p>\n<ul class=\"wp-block-list\">\n<li><a href=\"https:\/\/apsvalors.wordpress.com\/\">Bloc Aprenentatge Servei (creat al 2015)\u00a0<\/a>\u00a0impulsat pel Centre Promotor ApS i la UB<\/li>\n<li><a href=\"http:\/\/www.aprenentatgeservei.org\/index.php\" target=\"_blank\" rel=\"noreferrer noopener\">Centre promotor d\u2019ApS<\/a><\/li>\n<li><a href=\"http:\/\/www.zerbikas.es\/\" target=\"_blank\" rel=\"noreferrer noopener\">Fundazio Zerbikas<\/a><\/li>\n<\/ul>[\/et_pb_accordion_item][et_pb_accordion_item title=&#8221;Llibres i articles&#8221; _builder_version=&#8221;4.19.0&#8243; _module_preset=&#8221;default&#8221; global_colors_info=&#8221;{}&#8221; open=&#8221;off&#8221;]<ul>\n<li>Puig, Josep M. (coord.) 2009.\u00a0<em>Aprendizaje Servicio (ApS). Educaci\u00f3n y compromiso c\u00edvico<\/em>. Barcelona: Gra\u00f3.<\/li>\n<li>Puig, Josep M. i Laura Campo.<a href=\"http:\/\/www.aprenentatgeservei.org\/intra\/aps\/documents\/aps_ambit_local_web.pdf\" target=\"_blank\" rel=\"noreferrer noopener\">\u00a0Com impulsar l\u2019ApS a l\u2019\u00e0mbit local<\/a>. Centre promotor d\u2019ApS.<\/li>\n<li>Mart\u00edn, Xus; i Laura Rubio. 2006.\u00a0<em>Experi\u00e8ncies d\u2019Aprenentatge Servei<\/em>. Barcelona: OCTAEDRO i Fundaci\u00f3 Jaume Bofill.<\/li>\n<li>Agust\u00ed Coromines.\u00a0<a href=\"http:\/\/www.aprenentatgeservei.org\/intra\/aps\/documents\/APS%20i%20coneix%20entorn.pdf\" target=\"_blank\" rel=\"noreferrer noopener\"><em>ApS i coneixement de l\u2019entorn<\/em><\/a>. Centre promotor d\u2019ApS.<\/li>\n<li><a href=\"http:\/\/www2.esplai.org\/barrinem\/index.html\" target=\"_blank\" rel=\"noreferrer noopener\">Barrinem. Proposta educativa pel civisme i la conviv\u00e8ncia<\/a>. Curs 2008-2009. Fundaci\u00f3 Catalana de l\u2019Esplai.<\/li>\n<li><a href=\"http:\/\/www2.esplai.org\/mandala\/\" target=\"_blank\" rel=\"noreferrer noopener\">Mandala. Proposta educativa per la interculturalitat i la fraternitat<\/a>. Curs 2009-2010. Fundaci\u00f3 Catalana de l\u2019Esplai.<\/li>\n<li><a href=\"http:\/\/www2.esplai.org\/mirall\/\" target=\"_blank\" rel=\"noreferrer noopener\">Mirall. Proposta educativa per a la igualtat d\u2019oportunitats<\/a>. Curs 2010-2011. Fundaci\u00f3 Catalana de l\u2019Esplai.<\/li>\n<li><a href=\"http:\/\/www2.esplai.org\/agora\/index.htm\" target=\"_blank\" rel=\"noreferrer noopener\">\u00c0gora. Proposta educativa per a la participaci\u00f3<\/a>. Curs 2011-2012. Fundaci\u00f3 Catalana de l\u2019Esplai.<\/li>\n<li><a href=\"http:\/\/www2.esplai.org\/compartir\/\" target=\"_blank\" rel=\"noreferrer noopener\">Compartir, donar i rebre. Una proposta educativa per a l\u2019educaci\u00f3 en el lleure<\/a>. Curs 2006-2007. Federaci\u00f3 Catalana de l\u2019Esplai.<\/li>\n<\/ul>[\/et_pb_accordion_item][et_pb_accordion_item title=&#8221;Guies en PDF&#8221; _builder_version=&#8221;4.19.0&#8243; _module_preset=&#8221;default&#8221; global_colors_info=&#8221;{}&#8221; open=&#8221;off&#8221;]<ul>\n<li><a href=\"http:\/\/www.aprenentatgeservei.org\/intra\/aps\/documents\/guia_jove_web.pdf\" target=\"_blank\" rel=\"noreferrer noopener\">Fes ApS! Guia pr\u00e0ctica d\u2019aprenentatge servei per a joves<\/a>. Centre Promotor d\u2019ApS<\/li>\n<li><a href=\"http:\/\/www.aprenentatgeservei.org\/intra\/aps\/documents\/Guia_com_comencar_REVISADA.pdf\" target=\"_blank\" rel=\"noreferrer noopener\">Com comen\u00e7ar una experi\u00e8ncia d\u2019aprenentatge i servei<\/a>. Centre Promotor d\u2019ApS<\/li>\n<li><a href=\"http:\/\/www.aprenentatgeservei.org\/intra\/aps\/documents\/aps_centres_educatius_3.pdf\" target=\"_blank\" rel=\"noreferrer noopener\">Com fer ApS en els centres educatius?<\/a>\u00a0Centre Promotor d\u2019ApS<\/li>\n<li><a href=\"http:\/\/www.aprenentatgeservei.org\/intra\/aps\/documents\/aps_entitats_socials_3.pdf\" target=\"_blank\" rel=\"noreferrer noopener\">Com fer ApS en les entitats socials?<\/a>\u00a0Centre Promotor d\u2019ApS<\/li>\n<li><a href=\"http:\/\/www.aprenentatgeservei.org\/intra\/aps\/documents\/Guia%20com%20millorar%20REVISADA.pdf\" target=\"_blank\" rel=\"noreferrer noopener\">Com millorar els projectes d\u2019ApS?<\/a>\u00a0Centre Promotor d\u2019ApS<\/li>\n<li>Hern\u00e1ndez, Candido; Jos\u00e9 Larrauri i Rafael Mendia.<a href=\"http:\/\/www.zerbikas.es\/guias\/es\/2.pdf\" target=\"_blank\" rel=\"noreferrer noopener\">\u00a0Aprendizaje y servicio y desarrollo de las competencias b\u00e1sicas<\/a>. Guias Zerbikas, 2.<\/li>\n<\/ul>[\/et_pb_accordion_item][et_pb_accordion_item title=&#8221;V\u00eddeos&#8221; _builder_version=&#8221;4.19.0&#8243; _module_preset=&#8221;default&#8221; global_colors_info=&#8221;{}&#8221; open=&#8221;off&#8221;]<ul>\n<li><a href=\"http:\/\/www.youtube.com\/watch?v=GzgOWxF7cR0&amp;feature=player_embedded\" target=\"_blank\" rel=\"noreferrer noopener\">2es jornades ApS Hospitalet<\/a><\/li>\n<li><a href=\"http:\/\/www.youtube.com\/watch?v=rbh05icW57M&amp;feature=player_embedded\" target=\"_blank\" rel=\"noreferrer noopener\">La pr\u00e1ctica solidaria como pedagogia \u2013 Maria Nieves Tapia<\/a><\/li>\n<\/ul>[\/et_pb_accordion_item][\/et_pb_accordion][\/et_pb_column][\/et_pb_row][\/et_pb_section]","protected":false},"excerpt":{"rendered":"<p>Webs: Bloc Aprenentatge Servei (creat al 2015)\u00a0\u00a0impulsat pel Centre Promotor ApS i la UB Centre promotor d\u2019ApS Fundazio Zerbikas Llibres i articles: Puig, Josep M. (coord.) 2009.\u00a0Aprendizaje Servicio (ApS). Educaci\u00f3n y compromiso c\u00edvico. Barcelona: Gra\u00f3. Puig, Josep M. i Laura Campo.\u00a0Com impulsar l\u2019ApS a l\u2019\u00e0mbit local. Centre promotor d\u2019ApS. Mart\u00edn, Xus; i Laura Rubio. 2006.\u00a0Experi\u00e8ncies [&hellip;]<\/p>\n","protected":false},"author":4,"featured_media":0,"parent":0,"menu_order":0,"comment_status":"closed","ping_status":"closed","template":"","meta":{"_et_pb_use_builder":"on","_et_pb_old_content":"<!-- wp:paragraph -->\r\n<p><strong>Webs:<\/strong><\/p>\r\n<!-- \/wp:paragraph --><!-- wp:list -->\r\n<ul>\r\n<li><a href=\"https:\/\/apsvalors.wordpress.com\/\">Bloc Aprenentatge Servei (creat al 2015)\u00a0<\/a>\u00a0impulsat pel Centre Promotor ApS i la UB<\/li>\r\n<li><a href=\"http:\/\/www.aprenentatgeservei.org\/index.php\" target=\"_blank\" rel=\"noreferrer noopener\">Centre promotor d\u2019ApS<\/a><\/li>\r\n<li><a href=\"http:\/\/www.zerbikas.es\/\" target=\"_blank\" rel=\"noreferrer noopener\">Fundazio Zerbikas<\/a><\/li>\r\n<\/ul>\r\n<!-- \/wp:list --><!-- wp:paragraph -->\r\n<p><strong>Llibres i artic<\/strong><strong>les:<\/strong><\/p>\r\n<!-- \/wp:paragraph --><!-- wp:list -->\r\n<ul>\r\n<li>Puig, Josep M. (coord.) 2009.\u00a0<em>Aprendizaje Servicio (ApS). Educaci\u00f3n y compromiso c\u00edvico<\/em>. Barcelona: Gra\u00f3.<\/li>\r\n<li>Puig, Josep M. i Laura Campo.<a href=\"http:\/\/www.aprenentatgeservei.org\/intra\/aps\/documents\/aps_ambit_local_web.pdf\" target=\"_blank\" rel=\"noreferrer noopener\">\u00a0Com impulsar l\u2019ApS a l\u2019\u00e0mbit local<\/a>. Centre promotor d\u2019ApS.<\/li>\r\n<li>Mart\u00edn, Xus; i Laura Rubio. 2006.\u00a0<em>Experi\u00e8ncies d\u2019Aprenentatge Servei<\/em>. Barcelona: OCTAEDRO i Fundaci\u00f3 Jaume Bofill.<\/li>\r\n<li>Agust\u00ed Coromines.\u00a0<a href=\"http:\/\/www.aprenentatgeservei.org\/intra\/aps\/documents\/APS%20i%20coneix%20entorn.pdf\" target=\"_blank\" rel=\"noreferrer noopener\"><em>ApS i coneixement de l\u2019entorn<\/em><\/a>. Centre promotor d\u2019ApS.<\/li>\r\n<li><a href=\"http:\/\/www2.esplai.org\/barrinem\/index.html\" target=\"_blank\" rel=\"noreferrer noopener\">Barrinem. Proposta educativa pel civisme i la conviv\u00e8ncia<\/a>. Curs 2008-2009. Fundaci\u00f3 Catalana de l\u2019Esplai.<\/li>\r\n<li><a href=\"http:\/\/www2.esplai.org\/mandala\/\" target=\"_blank\" rel=\"noreferrer noopener\">Mandala. Proposta educativa per la interculturalitat i la fraternitat<\/a>. Curs 2009-2010. Fundaci\u00f3 Catalana de l\u2019Esplai.<\/li>\r\n<li><a href=\"http:\/\/www2.esplai.org\/mirall\/\" target=\"_blank\" rel=\"noreferrer noopener\">Mirall. Proposta educativa per a la igualtat d\u2019oportunitats<\/a>. Curs 2010-2011. Fundaci\u00f3 Catalana de l\u2019Esplai.<\/li>\r\n<li><a href=\"http:\/\/www2.esplai.org\/agora\/index.htm\" target=\"_blank\" rel=\"noreferrer noopener\">\u00c0gora. Proposta educativa per a la participaci\u00f3<\/a>. Curs 2011-2012. Fundaci\u00f3 Catalana de l\u2019Esplai.<\/li>\r\n<li><a href=\"http:\/\/www2.esplai.org\/compartir\/\" target=\"_blank\" rel=\"noreferrer noopener\">Compartir, donar i rebre. Una proposta educativa per a l\u2019educaci\u00f3 en el lleure<\/a>. Curs 2006-2007. Federaci\u00f3 Catalana de l\u2019Esplai.<\/li>\r\n<\/ul>\r\n<!-- \/wp:list --><!-- wp:paragraph -->\r\n<p><strong>Guies en pdf:<\/strong><\/p>\r\n<!-- \/wp:paragraph --><!-- wp:list -->\r\n<ul>\r\n<li><a href=\"http:\/\/www.aprenentatgeservei.org\/intra\/aps\/documents\/guia_jove_web.pdf\" target=\"_blank\" rel=\"noreferrer noopener\">Fes ApS! Guia pr\u00e0ctica d\u2019aprenentatge servei per a joves<\/a>. Centre Promotor d\u2019ApS<\/li>\r\n<li><a href=\"http:\/\/www.aprenentatgeservei.org\/intra\/aps\/documents\/Guia_com_comencar_REVISADA.pdf\" target=\"_blank\" rel=\"noreferrer noopener\">Com comen\u00e7ar una experi\u00e8ncia d\u2019aprenentatge i servei<\/a>. Centre Promotor d\u2019ApS<\/li>\r\n<li><a href=\"http:\/\/www.aprenentatgeservei.org\/intra\/aps\/documents\/aps_centres_educatius_3.pdf\" target=\"_blank\" rel=\"noreferrer noopener\">Com fer ApS en els centres educatius?<\/a>\u00a0Centre Promotor d\u2019ApS<\/li>\r\n<li><a href=\"http:\/\/www.aprenentatgeservei.org\/intra\/aps\/documents\/aps_entitats_socials_3.pdf\" target=\"_blank\" rel=\"noreferrer noopener\">Com fer ApS en les entitats socials?<\/a>\u00a0Centre Promotor d\u2019ApS<\/li>\r\n<li><a href=\"http:\/\/www.aprenentatgeservei.org\/intra\/aps\/documents\/Guia%20com%20millorar%20REVISADA.pdf\" target=\"_blank\" rel=\"noreferrer noopener\">Com millorar els projectes d\u2019ApS?<\/a>\u00a0Centre Promotor d\u2019ApS<\/li>\r\n<li>Hern\u00e1ndez, Candido; Jos\u00e9 Larrauri i Rafael Mendia.<a href=\"http:\/\/www.zerbikas.es\/guias\/es\/2.pdf\" target=\"_blank\" rel=\"noreferrer noopener\">\u00a0Aprendizaje y servicio y desarrollo de las competencias b\u00e1sicas<\/a>. Guias Zerbikas, 2.<\/li>\r\n<\/ul>\r\n<!-- \/wp:list --><!-- wp:paragraph -->\r\n<p><strong>V\u00eddeos:<\/strong><\/p>\r\n<!-- \/wp:paragraph --><!-- wp:list -->\r\n<ul>\r\n<li><a href=\"http:\/\/www.youtube.com\/watch?v=GzgOWxF7cR0&feature=player_embedded\" target=\"_blank\" rel=\"noreferrer noopener\">2es jornades ApS Hospitalet<\/a><\/li>\r\n<li><a href=\"http:\/\/www.youtube.com\/watch?v=rbh05icW57M&feature=player_embedded\" target=\"_blank\" rel=\"noreferrer noopener\">La pr\u00e1ctica solidaria como pedagogia \u2013 Maria Nieves Tapia<\/a><\/li>\r\n<\/ul>\r\n<!-- \/wp:list -->","_et_gb_content_width":"1080","footnotes":""},"class_list":["post-9","page","type-page","status-publish","hentry"],"yoast_head":"<!-- This site is optimized with the Yoast SEO plugin v27.4 - https:\/\/yoast.com\/product\/yoast-seo-wordpress\/ -->\n<title>Recursos - Teixint<\/title>\n<meta name=\"robots\" content=\"index, follow, max-snippet:-1, max-image-preview:large, max-video-preview:-1\" \/>\n<link rel=\"canonical\" href=\"https:\/\/fundesplai.org\/teixint\/recursos\/\" \/>\n<meta property=\"og:locale\" content=\"ca_ES\" \/>\n<meta property=\"og:type\" content=\"article\" \/>\n<meta property=\"og:title\" content=\"Recursos - Teixint\" \/>\n<meta property=\"og:description\" content=\"Webs: Bloc Aprenentatge Servei (creat al 2015)\u00a0\u00a0impulsat pel Centre Promotor ApS i la UB Centre promotor d\u2019ApS Fundazio Zerbikas Llibres i articles: Puig, Josep M. (coord.) 2009.\u00a0Aprendizaje Servicio (ApS). Educaci\u00f3n y compromiso c\u00edvico. Barcelona: Gra\u00f3. Puig, Josep M. i Laura Campo.\u00a0Com impulsar l\u2019ApS a l\u2019\u00e0mbit local. Centre promotor d\u2019ApS. Mart\u00edn, Xus; i Laura Rubio. 2006.\u00a0Experi\u00e8ncies [&hellip;]\" \/>\n<meta property=\"og:url\" content=\"https:\/\/fundesplai.org\/teixint\/recursos\/\" \/>\n<meta property=\"og:site_name\" content=\"Teixint\" \/>\n<meta property=\"article:modified_time\" content=\"2023-03-13T10:18:27+00:00\" \/>\n<meta name=\"twitter:card\" content=\"summary_large_image\" \/>\n<meta name=\"twitter:label1\" content=\"Temps estimat de lectura\" \/>\n\t<meta name=\"twitter:data1\" content=\"2 minuts\" \/>\n<script type=\"application\/ld+json\" class=\"yoast-schema-graph\">{\"@context\":\"https:\\\/\\\/schema.org\",\"@graph\":[{\"@type\":\"WebPage\",\"@id\":\"https:\\\/\\\/fundesplai.org\\\/teixint\\\/recursos\\\/\",\"url\":\"https:\\\/\\\/fundesplai.org\\\/teixint\\\/recursos\\\/\",\"name\":\"Recursos - Teixint\",\"isPartOf\":{\"@id\":\"https:\\\/\\\/fundesplai.org\\\/teixint\\\/#website\"},\"datePublished\":\"2021-10-13T10:30:47+00:00\",\"dateModified\":\"2023-03-13T10:18:27+00:00\",\"breadcrumb\":{\"@id\":\"https:\\\/\\\/fundesplai.org\\\/teixint\\\/recursos\\\/#breadcrumb\"},\"inLanguage\":\"ca\",\"potentialAction\":[{\"@type\":\"ReadAction\",\"target\":[\"https:\\\/\\\/fundesplai.org\\\/teixint\\\/recursos\\\/\"]}]},{\"@type\":\"BreadcrumbList\",\"@id\":\"https:\\\/\\\/fundesplai.org\\\/teixint\\\/recursos\\\/#breadcrumb\",\"itemListElement\":[{\"@type\":\"ListItem\",\"position\":1,\"name\":\"Inici\",\"item\":\"\\\/\"},{\"@type\":\"ListItem\",\"position\":2,\"name\":\"Teixint\",\"item\":\"https:\\\/\\\/fundesplai.org\\\/teixint\"},{\"@type\":\"ListItem\",\"position\":3,\"name\":\"Recursos\"}]},{\"@type\":\"WebSite\",\"@id\":\"https:\\\/\\\/fundesplai.org\\\/teixint\\\/#website\",\"url\":\"https:\\\/\\\/fundesplai.org\\\/teixint\\\/\",\"name\":\"Teixint\",\"description\":\"Proposta educativa de Fundesplai\",\"potentialAction\":[{\"@type\":\"SearchAction\",\"target\":{\"@type\":\"EntryPoint\",\"urlTemplate\":\"https:\\\/\\\/fundesplai.org\\\/teixint\\\/?s={search_term_string}\"},\"query-input\":{\"@type\":\"PropertyValueSpecification\",\"valueRequired\":true,\"valueName\":\"search_term_string\"}}],\"inLanguage\":\"ca\"}]}<\/script>\n<!-- \/ Yoast SEO plugin. -->","yoast_head_json":{"title":"Recursos - Teixint","robots":{"index":"index","follow":"follow","max-snippet":"max-snippet:-1","max-image-preview":"max-image-preview:large","max-video-preview":"max-video-preview:-1"},"canonical":"https:\/\/fundesplai.org\/teixint\/recursos\/","og_locale":"ca_ES","og_type":"article","og_title":"Recursos - Teixint","og_description":"Webs: Bloc Aprenentatge Servei (creat al 2015)\u00a0\u00a0impulsat pel Centre Promotor ApS i la UB Centre promotor d\u2019ApS Fundazio Zerbikas Llibres i articles: Puig, Josep M. (coord.) 2009.\u00a0Aprendizaje Servicio (ApS). Educaci\u00f3n y compromiso c\u00edvico. Barcelona: Gra\u00f3. Puig, Josep M. i Laura Campo.\u00a0Com impulsar l\u2019ApS a l\u2019\u00e0mbit local. Centre promotor d\u2019ApS. Mart\u00edn, Xus; i Laura Rubio. 2006.\u00a0Experi\u00e8ncies [&hellip;]","og_url":"https:\/\/fundesplai.org\/teixint\/recursos\/","og_site_name":"Teixint","article_modified_time":"2023-03-13T10:18:27+00:00","twitter_card":"summary_large_image","twitter_misc":{"Temps estimat de lectura":"2 minuts"},"schema":{"@context":"https:\/\/schema.org","@graph":[{"@type":"WebPage","@id":"https:\/\/fundesplai.org\/teixint\/recursos\/","url":"https:\/\/fundesplai.org\/teixint\/recursos\/","name":"Recursos - Teixint","isPartOf":{"@id":"https:\/\/fundesplai.org\/teixint\/#website"},"datePublished":"2021-10-13T10:30:47+00:00","dateModified":"2023-03-13T10:18:27+00:00","breadcrumb":{"@id":"https:\/\/fundesplai.org\/teixint\/recursos\/#breadcrumb"},"inLanguage":"ca","potentialAction":[{"@type":"ReadAction","target":["https:\/\/fundesplai.org\/teixint\/recursos\/"]}]},{"@type":"BreadcrumbList","@id":"https:\/\/fundesplai.org\/teixint\/recursos\/#breadcrumb","itemListElement":[{"@type":"ListItem","position":1,"name":"Inici","item":"\/"},{"@type":"ListItem","position":2,"name":"Teixint","item":"https:\/\/fundesplai.org\/teixint"},{"@type":"ListItem","position":3,"name":"Recursos"}]},{"@type":"WebSite","@id":"https:\/\/fundesplai.org\/teixint\/#website","url":"https:\/\/fundesplai.org\/teixint\/","name":"Teixint","description":"Proposta educativa de Fundesplai","potentialAction":[{"@type":"SearchAction","target":{"@type":"EntryPoint","urlTemplate":"https:\/\/fundesplai.org\/teixint\/?s={search_term_string}"},"query-input":{"@type":"PropertyValueSpecification","valueRequired":true,"valueName":"search_term_string"}}],"inLanguage":"ca"}]}},"_links":{"self":[{"href":"https:\/\/fundesplai.org\/teixint\/wp-json\/wp\/v2\/pages\/9","targetHints":{"allow":["GET"]}}],"collection":[{"href":"https:\/\/fundesplai.org\/teixint\/wp-json\/wp\/v2\/pages"}],"about":[{"href":"https:\/\/fundesplai.org\/teixint\/wp-json\/wp\/v2\/types\/page"}],"author":[{"embeddable":true,"href":"https:\/\/fundesplai.org\/teixint\/wp-json\/wp\/v2\/users\/4"}],"replies":[{"embeddable":true,"href":"https:\/\/fundesplai.org\/teixint\/wp-json\/wp\/v2\/comments?post=9"}],"version-history":[{"count":5,"href":"https:\/\/fundesplai.org\/teixint\/wp-json\/wp\/v2\/pages\/9\/revisions"}],"predecessor-version":[{"id":35,"href":"https:\/\/fundesplai.org\/teixint\/wp-json\/wp\/v2\/pages\/9\/revisions\/35"}],"wp:attachment":[{"href":"https:\/\/fundesplai.org\/teixint\/wp-json\/wp\/v2\/media?parent=9"}],"curies":[{"name":"wp","href":"https:\/\/api.w.org\/{rel}","templated":true}]}}