{"id":5,"date":"2021-10-13T12:29:02","date_gmt":"2021-10-13T10:29:02","guid":{"rendered":"https:\/\/fundesplai.org\/teixint\/?page_id=5"},"modified":"2023-03-14T12:00:34","modified_gmt":"2023-03-14T11:00:34","slug":"proposta-educativa-teixint-ciutadania-compromesa","status":"publish","type":"page","link":"https:\/\/fundesplai.org\/teixint\/","title":{"rendered":"Proposta Educativa: Teixint Ciutadania Compromesa"},"content":{"rendered":"[et_pb_section fb_built=&#8221;1&#8243; fullwidth=&#8221;on&#8221; _builder_version=&#8221;4.19.0&#8243; _module_preset=&#8221;default&#8221; global_colors_info=&#8221;{}&#8221;][et_pb_fullwidth_image src=&#8221;http:\/\/fundesplai.org\/teixint\/wp-content\/uploads\/sites\/22\/2023\/02\/portada_teixint.jpg&#8221; title_text=&#8221;portada_teixint&#8221; _builder_version=&#8221;4.19.0&#8243; _module_preset=&#8221;default&#8221; global_colors_info=&#8221;{}&#8221;][\/et_pb_fullwidth_image][\/et_pb_section][et_pb_section fb_built=&#8221;1&#8243; _builder_version=&#8221;4.19.0&#8243; _module_preset=&#8221;default&#8221; global_colors_info=&#8221;{}&#8221;][et_pb_row _builder_version=&#8221;4.19.0&#8243; _module_preset=&#8221;default&#8221; global_colors_info=&#8221;{}&#8221;][et_pb_column type=&#8221;4_4&#8243; _builder_version=&#8221;4.19.0&#8243; _module_preset=&#8221;default&#8221; global_colors_info=&#8221;{}&#8221;][et_pb_text _builder_version=&#8221;4.19.0&#8243; _module_preset=&#8221;default&#8221; global_colors_info=&#8221;{}&#8221;]<h2 style=\"text-align: center\">Qu\u00e8 \u00e9s?<\/h2>\n<p style=\"text-align: center\">La proposta educativa\u00a0<strong><a href=\"http:\/\/www.esplai.org\/ca\/propostes-educatives\/teixint\/presentacio\/92-propostes-educatives\/teixint-2012\">Teixint Ciutadania Compromesa<\/a><\/strong>\u00a0ens endinsar\u00e0 a l\u2019aventura de construir\u00a0<strong>projectes d\u2019Aprenentatge Servei<\/strong>\u00a0(ApS) per promoure una ciutadania compromesa des de\u00a0<strong>l\u2019\u00e0mbit del l\u2019educaci\u00f3 en el lleure. <\/strong><!-- \/wp:post-content --><!-- wp:paragraph -->Quan teixim anem unint fils amb agulles per tenir peces de roba que ens abriguin del fred o per fer una bossa per guardar les coses,\u2026 anem construint respostes a les nostres necessitats. De la mateixa manera, els projectes d\u2019Aprenentatge Servei ens aporten les eines per aprendre i actuar, tot donant respostes a les necessitats reals de l\u2019entorn i generant una transformaci\u00f3 positiva.<\/p>[\/et_pb_text][et_pb_button button_url=&#8221;http:\/\/fundesplai.org\/teixint\/wp-content\/uploads\/sites\/22\/2023\/03\/teixint-ciutadania-compromesa.pdf&#8221; url_new_window=&#8221;on&#8221; button_text=&#8221;Descarrega&#8217;t el quadern pedag\u00f2gic&#8221; button_alignment=&#8221;center&#8221; admin_label=&#8221;bot\u00f3 Descarrega&#8217;t el quadern pedag\u00f2gic&#8221; _builder_version=&#8221;4.19.0&#8243; _module_preset=&#8221;default&#8221; custom_margin=&#8221;30px||30px||false|false&#8221; hover_enabled=&#8221;0&#8243; locked=&#8221;off&#8221; global_colors_info=&#8221;{}&#8221; sticky_enabled=&#8221;0&#8243;][\/et_pb_button][\/et_pb_column][\/et_pb_row][\/et_pb_section][et_pb_section fb_built=&#8221;1&#8243; _builder_version=&#8221;4.17.4&#8243; _module_preset=&#8221;default&#8221; locked=&#8221;off&#8221; global_colors_info=&#8221;{}&#8221;][et_pb_row _builder_version=&#8221;4.17.4&#8243; _module_preset=&#8221;default&#8221; locked=&#8221;off&#8221; global_colors_info=&#8221;{}&#8221;][et_pb_column type=&#8221;4_4&#8243; _builder_version=&#8221;4.17.4&#8243; _module_preset=&#8221;default&#8221; global_colors_info=&#8221;{}&#8221;][et_pb_text admin_label=&#8221;Objectius&#8221; _builder_version=&#8221;4.19.0&#8243; _module_preset=&#8221;default&#8221; custom_margin=&#8221;40px||30px||false|false&#8221; global_colors_info=&#8221;{}&#8221;]<h2>Objectius de la proposta<\/h2>\n<p>Els objectius educatius generals de la proposta \u00c0gora s\u2019articulen al voltant dels quatre valors humans de la Fundaci\u00f3 Catalana de l\u2019Esplai:<\/p>[\/et_pb_text][\/et_pb_column][\/et_pb_row][et_pb_row column_structure=&#8221;1_2,1_2&#8243; use_custom_gutter=&#8221;on&#8221; gutter_width=&#8221;4&#8243; module_class=&#8221;graella-icona-circular-giratoria&#8221; _builder_version=&#8221;4.17.4&#8243; locked=&#8221;off&#8221; global_colors_info=&#8221;{}&#8221;][et_pb_column type=&#8221;1_2&#8243; _builder_version=&#8221;4.16&#8243; custom_padding=&#8221;|||&#8221; global_colors_info=&#8221;{}&#8221; custom_padding__hover=&#8221;|||&#8221;][et_pb_blurb title=&#8221;Utopia&#8221; use_icon=&#8221;on&#8221; font_icon=&#8221;&#xf7f5;||fa||900&#8243; icon_color=&#8221;#333333&#8243; icon_placement=&#8221;left&#8221; _builder_version=&#8221;4.19.0&#8243; custom_margin=&#8221;||0px|&#8221; z_index_tablet=&#8221;500&#8243; global_colors_info=&#8221;{}&#8221;]<p>Contribuir a <strong>millorar l\u2019entorn pr\u00f2xim i global<\/strong>, assumint la mateixa responsabilitat i comprom\u00eds social.<\/p>[\/et_pb_blurb][\/et_pb_column][et_pb_column type=&#8221;1_2&#8243; _builder_version=&#8221;4.16&#8243; custom_padding=&#8221;|||&#8221; global_colors_info=&#8221;{}&#8221; custom_padding__hover=&#8221;|||&#8221;][et_pb_blurb title=&#8221;Iniciativa&#8221; use_icon=&#8221;on&#8221; font_icon=&#8221;&#xf255;||fa||900&#8243; icon_color=&#8221;#333333&#8243; icon_placement=&#8221;left&#8221; _builder_version=&#8221;4.19.0&#8243; custom_margin=&#8221;||0px|&#8221; z_index_tablet=&#8221;500&#8243; global_colors_info=&#8221;{}&#8221;]<p><strong>Desenvolupar el pensament cr\u00edtic, la creativitat i el protagonisme<\/strong> a trav\u00e9s d\u2019accions i projectes per transformar la societat.<\/p>[\/et_pb_blurb][\/et_pb_column][\/et_pb_row][et_pb_row column_structure=&#8221;1_2,1_2&#8243; use_custom_gutter=&#8221;on&#8221; gutter_width=&#8221;4&#8243; module_class=&#8221;graella-icona-circular-giratoria&#8221; _builder_version=&#8221;4.17.4&#8243; locked=&#8221;off&#8221; global_colors_info=&#8221;{}&#8221;][et_pb_column type=&#8221;1_2&#8243; _builder_version=&#8221;4.16&#8243; custom_padding=&#8221;|||&#8221; global_colors_info=&#8221;{}&#8221; custom_padding__hover=&#8221;|||&#8221;][et_pb_blurb title=&#8221;Solidaritat&#8221; use_icon=&#8221;on&#8221; font_icon=&#8221;&#xe533;||fa||900&#8243; icon_color=&#8221;#333333&#8243; icon_placement=&#8221;left&#8221; _builder_version=&#8221;4.19.0&#8243; custom_margin=&#8221;||0px|&#8221; z_index_tablet=&#8221;500&#8243; global_colors_info=&#8221;{}&#8221;]<p><strong>Desenvolupar estrat\u00e8gies de treball cooperatiu per aprendre a sentir-se comunitat<\/strong>, vivint la diversitat com a riquesa i creant alternatives col\u00b7lectives a les problem\u00e0tiques socials.<\/p>[\/et_pb_blurb][\/et_pb_column][et_pb_column type=&#8221;1_2&#8243; _builder_version=&#8221;4.16&#8243; custom_padding=&#8221;|||&#8221; global_colors_info=&#8221;{}&#8221; custom_padding__hover=&#8221;|||&#8221;][et_pb_blurb title=&#8221;Felicitat&#8221; use_icon=&#8221;on&#8221; font_icon=&#8221;&#xf336;||fa||900&#8243; icon_color=&#8221;#333333&#8243; icon_placement=&#8221;left&#8221; _builder_version=&#8221;4.19.0&#8243; custom_margin=&#8221;||0px|&#8221; z_index_tablet=&#8221;500&#8243; global_colors_info=&#8221;{}&#8221;]<p><strong>Aprendre a viure la felicitat a partir de la conviv\u00e8ncia, de les experi\u00e8ncies vitals<\/strong>, senzilles i intenses, i de la comunicaci\u00f3 i l\u2019expressi\u00f3 dels sentiments i emocions.<\/p>[\/et_pb_blurb][\/et_pb_column][\/et_pb_row][et_pb_row _builder_version=&#8221;4.19.0&#8243; _module_preset=&#8221;default&#8221; global_colors_info=&#8221;{}&#8221;][et_pb_column type=&#8221;4_4&#8243; _builder_version=&#8221;4.19.0&#8243; _module_preset=&#8221;default&#8221; global_colors_info=&#8221;{}&#8221;][et_pb_text _builder_version=&#8221;4.19.0&#8243; _module_preset=&#8221;default&#8221; custom_margin=&#8221;40px||||false|false&#8221; global_colors_info=&#8221;{}&#8221;]<h2 style=\"text-align: center\">Qu\u00e8 \u00e9s l&#8217;Aprenentatge i Servei?<\/h2>\n<p style=\"text-align: center\">Quan un grup de nois i noies es posa a netejar els entorns d\u2019una font est\u00e0 fent un servei. Quan un grup de nois i noies se\u2019n va d\u2019excursi\u00f3 i estudia la degradaci\u00f3 del bosc a conseq\u00fc\u00e8ncia de la m\u00e0 de l\u2019home, est\u00e0 fent un aprenentatge.<\/p>\n<p style=\"text-align: center\">Per\u00f2 quan un grup de nois i noies pren la decisi\u00f3 de netejar un indret, col\u00b7laborant amb una associaci\u00f3 de conservaci\u00f3 del patrimoni de la zona, i a partir d\u2019aqu\u00ed aprenen a organitzar-se de la millor manera per dur-ho a terme; analitza i interpreta les deixalles que recullen, pren consci\u00e8ncia del risc de destrucci\u00f3 i, a m\u00e9s a m\u00e9s, \u201cs\u2019embruta les mans\u201d netejant la font, contribuint d\u2019aquesta manera a millorar l\u2019entorn&#8230; Aleshores, el que estan fent aquests nois i noies \u00e9s un Aprenentatge Servei: a trav\u00e9s d\u2019una acci\u00f3 de servei a la comunitat, assolir un ampli ventall d\u2019aprenentatges.<\/p>[\/et_pb_text][et_pb_image src=&#8221;http:\/\/fundesplai.org\/teixint\/wp-content\/uploads\/sites\/22\/2023\/02\/elements_Aps.png&#8221; alt=&#8221;elements Aps&#8221; title_text=&#8221;elements_Aps&#8221; align=&#8221;center&#8221; _builder_version=&#8221;4.19.0&#8243; _module_preset=&#8221;default&#8221; custom_margin=&#8221;30px||50px||false|false&#8221; global_colors_info=&#8221;{}&#8221;][\/et_pb_image][\/et_pb_column][\/et_pb_row][\/et_pb_section][et_pb_section fb_built=&#8221;1&#8243; disabled_on=&#8221;on|on|on&#8221; _builder_version=&#8221;4.16&#8243; disabled=&#8221;on&#8221; global_colors_info=&#8221;{}&#8221;][et_pb_row _builder_version=&#8221;4.16&#8243; background_size=&#8221;initial&#8221; background_position=&#8221;top_left&#8221; background_repeat=&#8221;repeat&#8221; global_colors_info=&#8221;{}&#8221;][et_pb_column type=&#8221;4_4&#8243; _builder_version=&#8221;4.16&#8243; custom_padding=&#8221;|||&#8221; global_colors_info=&#8221;{}&#8221; custom_padding__hover=&#8221;|||&#8221;][et_pb_text _builder_version=&#8221;4.19.0&#8243; background_size=&#8221;initial&#8221; background_position=&#8221;top_left&#8221; background_repeat=&#8221;repeat&#8221; global_colors_info=&#8221;{}&#8221;]<p><!-- wp:heading {\"level\":3} --><\/p>\n<h3>Qu\u00e8 \u00e9s la proposta educativa Teixint Ciutadania Compromesa?<\/h3>\n<p><!-- \/wp:heading --><\/p>\n<p><!-- wp:paragraph -->La proposta educativa\u00a0<strong><a href=\"http:\/\/www.esplai.org\/ca\/propostes-educatives\/teixint\/presentacio\/92-propostes-educatives\/teixint-2012\">Teixint Ciutadania Compromesa<\/a><\/strong>\u00a0ens endinsar\u00e0 a l\u2019aventura de construir\u00a0<strong>projectes d\u2019Aprenentatge Servei<\/strong>\u00a0(ApS) per promoure una ciutadania compromesa des de\u00a0<strong>l\u2019\u00e0mbit del l\u2019educaci\u00f3 en el lleure<\/strong>.<\/p>\n<p><!-- \/wp:paragraph --><\/p>\n<p><!-- wp:paragraph -->Quan teixim anem unint fils amb agulles per tenir peces de roba que ens abriguin del fred o per fer una bossa per guardar les coses,\u2026 anem construint respostes a les nostres necessitats. De la mateixa manera, els projectes d\u2019Aprenentatge Servei ens aporten les eines per aprendre i actuar, tot donant respostes a les necessitats reals de l\u2019entorn i generant una transformaci\u00f3 positiva.<\/p>\n<p><!-- \/wp:paragraph --><\/p>\n<p><!-- wp:paragraph -->En aquesta web de la proposta educativa podeu trobar-hi\u00a0<strong>diferents recursos<\/strong>:<\/p>\n<p><!-- \/wp:paragraph --><\/p>\n<p><!-- wp:list --><\/p>\n<ul>\n<li>Un\u00a0<a href=\"http:\/\/www.esplai.org\/ca\/propostes-educatives\/teixint\/presentacio\/93-propostes-educatives\/teixint-2012\/aprenentatge-i-servei\"><strong>marc te\u00f2ric<\/strong><\/a>\u00a0sobre qu\u00e8 s\u00f3n i com fer els projectes d\u2019Aprenentatge Servei (ApS).<\/li>\n<li><a href=\"http:\/\/www.esplai.org\/ca\/propostes-educatives\/teixint\/aprenentatge-i-servei\/activitats-teixint-2012\"><strong>Enfocament per edats<\/strong><\/a>\u00a0amb centres d\u2019inter\u00e8s i propostes de projectes, per petits, mitjans i joves.<\/li>\n<li>Un\u00a0<a href=\"http:\/\/www.esplai.org\/ca\/propostes-educatives\/teixint\/banc-d-experiencies\"><strong>banc d\u2019experi\u00e8ncies<\/strong><\/a>\u00a0que recull diversos projectes d\u2019Aprenentatge i Servei i que s\u2019anir\u00e0 actualitzant amb els projectes que realitzin infants i joves.<\/li>\n<li>Un apartat de m\u00e9s\u00a0<a href=\"http:\/\/www.esplai.org\/ca\/propostes-educatives\/teixint\/presentacio\/95-propostes-educatives\/teixint-2012\/recursos\"><strong>recursos<\/strong><\/a>\u00a0per consultar.<\/li>\n<\/ul>\n<p><!-- \/wp:list --><\/p>\n<p><!-- wp:heading {\"level\":3} --><\/p>\n<h3>Qu\u00e8 s\u00f3n els projectes d\u2019Aprenentatge i Servei?<\/h3>\n<p><!-- \/wp:heading --><\/p>\n<p><!-- wp:paragraph -->Els projectes d\u2019Aprenentatge i servei s\u00f3n projectes que:<\/p>\n<p><!-- \/wp:paragraph --><\/p>\n<p><!-- wp:heading {\"level\":3} --><\/p>\n<h3>Quines experi\u00e8ncies d\u2019Aprenentatge i Servei podem trobar en aquest web?<\/h3>\n<p><!-- \/wp:heading --><\/p>\n<p><!-- wp:paragraph -->Amb l\u2019objectiu de\u00a0<strong>con\u00e8ixer i visibilitzar el comprom\u00eds social d\u2019infants i joves vers les necessitats reals del territori<\/strong>; aix\u00ed com poder nodrir-nos de diferents projectes que ens inspirin per teixir-ne de nous, per millorar els que ja hem posat en pr\u00e0ctica o b\u00e9 per iniciar-nos en l\u2019art de teixir projectes d\u2019Aprenentatge Servei, podeu trobar diferents experi\u00e8ncies recollides en el\u00a0<a href=\"http:\/\/www.esplai.org\/ca\/propostes-educatives\/teixint\/banc-d-experiencies\"><strong>Banc d\u2019Experi\u00e8ncies<\/strong><\/a>\u00a0d\u2019aquest web.<\/p>\n<p><!-- \/wp:paragraph --><\/p>\n<p><!-- wp:paragraph -->Hi trobareu experi\u00e8ncies on han participat\u00a0<strong>petits, mitjans, joves i adults;<\/strong>\u00a0promovent un aprenentatge i servei a l\u2019<strong>entorn ambiental<\/strong>, per\u00a0<strong>promoure la salut<\/strong>\u00a0o les\u00a0<strong>relacions intergeneracionals<\/strong>, o b\u00e9 la\u00a0<strong>solidaritat, la cooperaci\u00f3<\/strong>\u00a0i la\u00a0<strong>participaci\u00f3 ciutadana<\/strong>\u00a0per resoldre les injust\u00edcies de l\u2019entorn.<\/p>\n<p><!-- \/wp:paragraph --><\/p>\n<p><!-- wp:paragraph -->Aquelles que m\u00e9s us agradin,\u00a0<strong>difoneu-les<\/strong>\u00a0i feu-les circular\u00a0<strong>per les xarxes socials<\/strong>\u00a0perqu\u00e8 tothom les pugui con\u00e8ixer i aprendre amb elles! I estigueu atents i atentes perqu\u00e8\u00a0<strong>cada 15 dies podreu consultar una nova experi\u00e8ncia<\/strong>\u00a0que us aportar\u00e0 idees i energies!<\/p>\n<p><!-- \/wp:paragraph --><\/p>[\/et_pb_text][\/et_pb_column][\/et_pb_row][\/et_pb_section]","protected":false},"excerpt":{"rendered":"<p>Qu\u00e8 \u00e9s? La proposta educativa\u00a0Teixint Ciutadania Compromesa\u00a0ens endinsar\u00e0 a l\u2019aventura de construir\u00a0projectes d\u2019Aprenentatge Servei\u00a0(ApS) per promoure una ciutadania compromesa des de\u00a0l\u2019\u00e0mbit del l\u2019educaci\u00f3 en el lleure. Quan teixim anem unint fils amb agulles per tenir peces de roba que ens abriguin del fred o per fer una bossa per guardar les coses,\u2026 anem construint respostes [&hellip;]<\/p>\n","protected":false},"author":4,"featured_media":0,"parent":0,"menu_order":0,"comment_status":"closed","ping_status":"closed","template":"","meta":{"_et_pb_use_builder":"on","_et_pb_old_content":"<!-- wp:heading {\"level\":3} -->\r\n<h3>Qu\u00e8 \u00e9s la proposta educativa Teixint Ciutadania Compromesa?<\/h3>\r\n<!-- \/wp:heading --><!-- wp:paragraph -->\r\n<p>La proposta educativa\u00a0<strong><a href=\"http:\/\/www.esplai.org\/ca\/propostes-educatives\/teixint\/presentacio\/92-propostes-educatives\/teixint-2012\">Teixint Ciutadania Compromesa<\/a><\/strong>\u00a0ens endinsar\u00e0 a l\u2019aventura de construir\u00a0<strong>projectes d\u2019Aprenentatge Servei<\/strong>\u00a0(ApS) per promoure una ciutadania compromesa des de\u00a0<strong>l\u2019\u00e0mbit del l\u2019educaci\u00f3 en el lleure<\/strong>.<\/p>\r\n<!-- \/wp:paragraph --><!-- wp:paragraph -->\r\n<p>Quan teixim anem unint fils amb agulles per tenir peces de roba que ens abriguin del fred o per fer una bossa per guardar les coses,\u2026 anem construint respostes a les nostres necessitats. De la mateixa manera, els projectes d\u2019Aprenentatge Servei ens aporten les eines per aprendre i actuar, tot donant respostes a les necessitats reals de l\u2019entorn i generant una transformaci\u00f3 positiva.<\/p>\r\n<!-- \/wp:paragraph --><!-- wp:paragraph -->\r\n<p>En aquesta web de la proposta educativa podeu trobar-hi\u00a0<strong>diferents recursos<\/strong>:<\/p>\r\n<!-- \/wp:paragraph --><!-- wp:list -->\r\n<ul>\r\n<li>Un\u00a0<a href=\"http:\/\/www.esplai.org\/ca\/propostes-educatives\/teixint\/presentacio\/93-propostes-educatives\/teixint-2012\/aprenentatge-i-servei\"><strong>marc te\u00f2ric<\/strong><\/a>\u00a0sobre qu\u00e8 s\u00f3n i com fer els projectes d\u2019Aprenentatge Servei (ApS).<\/li>\r\n<li><a href=\"http:\/\/www.esplai.org\/ca\/propostes-educatives\/teixint\/aprenentatge-i-servei\/activitats-teixint-2012\"><strong>Enfocament per edats<\/strong><\/a>\u00a0amb centres d\u2019inter\u00e8s i propostes de projectes, per petits, mitjans i joves.<\/li>\r\n<li>Un\u00a0<a href=\"http:\/\/www.esplai.org\/ca\/propostes-educatives\/teixint\/banc-d-experiencies\"><strong>banc d\u2019experi\u00e8ncies<\/strong><\/a>\u00a0que recull diversos projectes d\u2019Aprenentatge i Servei i que s\u2019anir\u00e0 actualitzant amb els projectes que realitzin infants i joves.<\/li>\r\n<li>Un apartat de m\u00e9s\u00a0<a href=\"http:\/\/www.esplai.org\/ca\/propostes-educatives\/teixint\/presentacio\/95-propostes-educatives\/teixint-2012\/recursos\"><strong>recursos<\/strong><\/a>\u00a0per consultar.<\/li>\r\n<\/ul>\r\n<!-- \/wp:list --><!-- wp:heading {\"level\":3} -->\r\n<h3>Qu\u00e8 s\u00f3n els projectes d\u2019Aprenentatge i Servei?<\/h3>\r\n<!-- \/wp:heading --><!-- wp:paragraph -->\r\n<p>Els projectes d\u2019Aprenentatge i servei s\u00f3n projectes que:<\/p>\r\n<!-- \/wp:paragraph --><!-- wp:heading {\"level\":3} -->\r\n<h3>Quines experi\u00e8ncies d\u2019Aprenentatge i Servei podem trobar en aquest web?<\/h3>\r\n<!-- \/wp:heading --><!-- wp:paragraph -->\r\n<p>Amb l\u2019objectiu de\u00a0<strong>con\u00e8ixer i visibilitzar el comprom\u00eds social d\u2019infants i joves vers les necessitats reals del territori<\/strong>; aix\u00ed com poder nodrir-nos de diferents projectes que ens inspirin per teixir-ne de nous, per millorar els que ja hem posat en pr\u00e0ctica o b\u00e9 per iniciar-nos en l\u2019art de teixir projectes d\u2019Aprenentatge Servei, podeu trobar diferents experi\u00e8ncies recollides en el\u00a0<a href=\"http:\/\/www.esplai.org\/ca\/propostes-educatives\/teixint\/banc-d-experiencies\"><strong>Banc d\u2019Experi\u00e8ncies<\/strong><\/a>\u00a0d\u2019aquest web.<\/p>\r\n<!-- \/wp:paragraph --><!-- wp:paragraph -->\r\n<p>Hi trobareu experi\u00e8ncies on han participat\u00a0<strong>petits, mitjans, joves i adults;<\/strong>\u00a0promovent un aprenentatge i servei a l\u2019<strong>entorn ambiental<\/strong>, per\u00a0<strong>promoure la salut<\/strong>\u00a0o les\u00a0<strong>relacions intergeneracionals<\/strong>, o b\u00e9 la\u00a0<strong>solidaritat, la cooperaci\u00f3<\/strong>\u00a0i la\u00a0<strong>participaci\u00f3 ciutadana<\/strong>\u00a0per resoldre les injust\u00edcies de l\u2019entorn.<\/p>\r\n<!-- \/wp:paragraph --><!-- wp:paragraph -->\r\n<p>Aquelles que m\u00e9s us agradin,\u00a0<strong>difoneu-les<\/strong>\u00a0i feu-les circular\u00a0<strong>per les xarxes socials<\/strong>\u00a0perqu\u00e8 tothom les pugui con\u00e8ixer i aprendre amb elles! I estigueu atents i atentes perqu\u00e8\u00a0<strong>cada 15 dies podreu consultar una nova experi\u00e8ncia<\/strong>\u00a0que us aportar\u00e0 idees i energies!<\/p>\r\n<!-- \/wp:paragraph -->","_et_gb_content_width":"1080","footnotes":""},"class_list":["post-5","page","type-page","status-publish","hentry"],"yoast_head":"<!-- This site is optimized with the Yoast SEO plugin v27.4 - https:\/\/yoast.com\/product\/yoast-seo-wordpress\/ -->\n<title>Proposta Educativa: Teixint Ciutadania Compromesa - Teixint<\/title>\n<meta name=\"robots\" content=\"index, follow, max-snippet:-1, max-image-preview:large, max-video-preview:-1\" \/>\n<link rel=\"canonical\" href=\"https:\/\/fundesplai.org\/teixint\/\" \/>\n<meta property=\"og:locale\" content=\"ca_ES\" \/>\n<meta property=\"og:type\" content=\"article\" \/>\n<meta property=\"og:title\" content=\"Proposta Educativa: Teixint Ciutadania Compromesa - Teixint\" \/>\n<meta property=\"og:description\" content=\"Qu\u00e8 \u00e9s? La proposta educativa\u00a0Teixint Ciutadania Compromesa\u00a0ens endinsar\u00e0 a l\u2019aventura de construir\u00a0projectes d\u2019Aprenentatge Servei\u00a0(ApS) per promoure una ciutadania compromesa des de\u00a0l\u2019\u00e0mbit del l\u2019educaci\u00f3 en el lleure. Quan teixim anem unint fils amb agulles per tenir peces de roba que ens abriguin del fred o per fer una bossa per guardar les coses,\u2026 anem construint respostes [&hellip;]\" \/>\n<meta property=\"og:url\" content=\"https:\/\/fundesplai.org\/teixint\/\" \/>\n<meta property=\"og:site_name\" content=\"Teixint\" \/>\n<meta property=\"article:modified_time\" content=\"2023-03-14T11:00:34+00:00\" \/>\n<meta name=\"twitter:card\" content=\"summary_large_image\" \/>\n<meta name=\"twitter:label1\" content=\"Temps estimat de lectura\" \/>\n\t<meta name=\"twitter:data1\" content=\"5 minuts\" \/>\n<script type=\"application\/ld+json\" class=\"yoast-schema-graph\">{\"@context\":\"https:\\\/\\\/schema.org\",\"@graph\":[{\"@type\":\"WebPage\",\"@id\":\"https:\\\/\\\/fundesplai.org\\\/teixint\\\/\",\"url\":\"https:\\\/\\\/fundesplai.org\\\/teixint\\\/\",\"name\":\"Proposta Educativa: Teixint Ciutadania Compromesa - Teixint\",\"isPartOf\":{\"@id\":\"https:\\\/\\\/fundesplai.org\\\/teixint\\\/#website\"},\"datePublished\":\"2021-10-13T10:29:02+00:00\",\"dateModified\":\"2023-03-14T11:00:34+00:00\",\"breadcrumb\":{\"@id\":\"https:\\\/\\\/fundesplai.org\\\/teixint\\\/#breadcrumb\"},\"inLanguage\":\"ca\",\"potentialAction\":[{\"@type\":\"ReadAction\",\"target\":[\"https:\\\/\\\/fundesplai.org\\\/teixint\\\/\"]}]},{\"@type\":\"BreadcrumbList\",\"@id\":\"https:\\\/\\\/fundesplai.org\\\/teixint\\\/#breadcrumb\",\"itemListElement\":[{\"@type\":\"ListItem\",\"position\":1,\"name\":\"Inici\",\"item\":\"\\\/\"},{\"@type\":\"ListItem\",\"position\":2,\"name\":\"Teixint\",\"item\":\"https:\\\/\\\/fundesplai.org\\\/teixint\"},{\"@type\":\"ListItem\",\"position\":3,\"name\":\"Proposta Educativa: Teixint Ciutadania Compromesa\"}]},{\"@type\":\"WebSite\",\"@id\":\"https:\\\/\\\/fundesplai.org\\\/teixint\\\/#website\",\"url\":\"https:\\\/\\\/fundesplai.org\\\/teixint\\\/\",\"name\":\"Teixint\",\"description\":\"Proposta educativa de Fundesplai\",\"potentialAction\":[{\"@type\":\"SearchAction\",\"target\":{\"@type\":\"EntryPoint\",\"urlTemplate\":\"https:\\\/\\\/fundesplai.org\\\/teixint\\\/?s={search_term_string}\"},\"query-input\":{\"@type\":\"PropertyValueSpecification\",\"valueRequired\":true,\"valueName\":\"search_term_string\"}}],\"inLanguage\":\"ca\"}]}<\/script>\n<!-- \/ Yoast SEO plugin. -->","yoast_head_json":{"title":"Proposta Educativa: Teixint Ciutadania Compromesa - Teixint","robots":{"index":"index","follow":"follow","max-snippet":"max-snippet:-1","max-image-preview":"max-image-preview:large","max-video-preview":"max-video-preview:-1"},"canonical":"https:\/\/fundesplai.org\/teixint\/","og_locale":"ca_ES","og_type":"article","og_title":"Proposta Educativa: Teixint Ciutadania Compromesa - Teixint","og_description":"Qu\u00e8 \u00e9s? La proposta educativa\u00a0Teixint Ciutadania Compromesa\u00a0ens endinsar\u00e0 a l\u2019aventura de construir\u00a0projectes d\u2019Aprenentatge Servei\u00a0(ApS) per promoure una ciutadania compromesa des de\u00a0l\u2019\u00e0mbit del l\u2019educaci\u00f3 en el lleure. Quan teixim anem unint fils amb agulles per tenir peces de roba que ens abriguin del fred o per fer una bossa per guardar les coses,\u2026 anem construint respostes [&hellip;]","og_url":"https:\/\/fundesplai.org\/teixint\/","og_site_name":"Teixint","article_modified_time":"2023-03-14T11:00:34+00:00","twitter_card":"summary_large_image","twitter_misc":{"Temps estimat de lectura":"5 minuts"},"schema":{"@context":"https:\/\/schema.org","@graph":[{"@type":"WebPage","@id":"https:\/\/fundesplai.org\/teixint\/","url":"https:\/\/fundesplai.org\/teixint\/","name":"Proposta Educativa: Teixint Ciutadania Compromesa - Teixint","isPartOf":{"@id":"https:\/\/fundesplai.org\/teixint\/#website"},"datePublished":"2021-10-13T10:29:02+00:00","dateModified":"2023-03-14T11:00:34+00:00","breadcrumb":{"@id":"https:\/\/fundesplai.org\/teixint\/#breadcrumb"},"inLanguage":"ca","potentialAction":[{"@type":"ReadAction","target":["https:\/\/fundesplai.org\/teixint\/"]}]},{"@type":"BreadcrumbList","@id":"https:\/\/fundesplai.org\/teixint\/#breadcrumb","itemListElement":[{"@type":"ListItem","position":1,"name":"Inici","item":"\/"},{"@type":"ListItem","position":2,"name":"Teixint","item":"https:\/\/fundesplai.org\/teixint"},{"@type":"ListItem","position":3,"name":"Proposta Educativa: Teixint Ciutadania Compromesa"}]},{"@type":"WebSite","@id":"https:\/\/fundesplai.org\/teixint\/#website","url":"https:\/\/fundesplai.org\/teixint\/","name":"Teixint","description":"Proposta educativa de Fundesplai","potentialAction":[{"@type":"SearchAction","target":{"@type":"EntryPoint","urlTemplate":"https:\/\/fundesplai.org\/teixint\/?s={search_term_string}"},"query-input":{"@type":"PropertyValueSpecification","valueRequired":true,"valueName":"search_term_string"}}],"inLanguage":"ca"}]}},"_links":{"self":[{"href":"https:\/\/fundesplai.org\/teixint\/wp-json\/wp\/v2\/pages\/5","targetHints":{"allow":["GET"]}}],"collection":[{"href":"https:\/\/fundesplai.org\/teixint\/wp-json\/wp\/v2\/pages"}],"about":[{"href":"https:\/\/fundesplai.org\/teixint\/wp-json\/wp\/v2\/types\/page"}],"author":[{"embeddable":true,"href":"https:\/\/fundesplai.org\/teixint\/wp-json\/wp\/v2\/users\/4"}],"replies":[{"embeddable":true,"href":"https:\/\/fundesplai.org\/teixint\/wp-json\/wp\/v2\/comments?post=5"}],"version-history":[{"count":7,"href":"https:\/\/fundesplai.org\/teixint\/wp-json\/wp\/v2\/pages\/5\/revisions"}],"predecessor-version":[{"id":259,"href":"https:\/\/fundesplai.org\/teixint\/wp-json\/wp\/v2\/pages\/5\/revisions\/259"}],"wp:attachment":[{"href":"https:\/\/fundesplai.org\/teixint\/wp-json\/wp\/v2\/media?parent=5"}],"curies":[{"name":"wp","href":"https:\/\/api.w.org\/{rel}","templated":true}]}}