{"id":242,"date":"2023-03-14T11:50:55","date_gmt":"2023-03-14T10:50:55","guid":{"rendered":"https:\/\/fundesplai.org\/teixint\/?page_id=242"},"modified":"2023-03-14T11:53:22","modified_gmt":"2023-03-14T10:53:22","slug":"eix-3-a-8-anys","status":"publish","type":"page","link":"https:\/\/fundesplai.org\/teixint\/eix-3-a-8-anys\/","title":{"rendered":"Eix animaci\u00f3 de 3 a 8 anys"},"content":{"rendered":"<p>[et_pb_section fb_built=&#8221;1&#8243; _builder_version=&#8221;4.19.0&#8243; _module_preset=&#8221;default&#8221; global_colors_info=&#8221;{}&#8221;][et_pb_row _builder_version=&#8221;4.19.0&#8243; _module_preset=&#8221;default&#8221; global_colors_info=&#8221;{}&#8221;][et_pb_column type=&#8221;4_4&#8243; _builder_version=&#8221;4.19.0&#8243; _module_preset=&#8221;default&#8221; global_colors_info=&#8221;{}&#8221;][et_pb_text _builder_version=&#8221;4.19.0&#8243; _module_preset=&#8221;default&#8221; global_colors_info=&#8221;{}&#8221;]<\/p>\n<h2>Eix d&#8217;animaci\u00f3 de 3 a 8 anys<\/h2>\n<h3>Aventura&#8217;t amb l&#8217;OT<\/h3>\n<p>El centre d\u2019inter\u00e8s que es proposa per als infants de 3 a 8 anys \u00e9s \u201cAventura\u2019t amb l\u2019Ot\u201d. Ser\u00e0 l\u2019Ot el Bruixot amb el seu mussol qui ens ajudaran a con\u00e8ixer el nostre entorn, a aprendre a comprometre\u2019ns a trav\u00e9s d\u2019un servei que donar\u00e0 resposta a algunes de les necessitats que haguem identificat, entre d\u2019altres; per tant, l\u2019Ot i el mussol ens faran de guies a l\u2019aventura de l\u2019Aprenentatge Servei.<\/p>\n<p>L\u2019Ot el Bruixot \u00e9s una tira c\u00f2mica de Josep Llu\u00eds Picanyol, que va comen\u00e7ar a publicar-se a la revista Cavallfort el desembre de 1971, fins a l\u2019actualitat. L\u2019Ot el Bruixot, \u00e9s un bruixot vestit de negre, com els anglesos del segle XVIII, amb cal\u00e7a curta, llacet, barret i capa, sabates amb sivella i mitges blanques, calb i amb quatre p\u00e8ls com a bigoti, que amb la seva m\u00e0gia canvia les injust\u00edcies i hostilitats del seu entorn de manera enginyosa i creativa. En les seves hist\u00f2ries i aventures, sovint, l\u2019acompanya el mussol que \u00e9s molt observador i aporta un punt de vista m\u00e9s realista de les situacions.<\/p>\n<p>Hem escollit aquest centre d\u2019inter\u00e8s per diferents raons:<\/p>\n<ul>\n<li>El personatge de l\u2019Ot el Bruixot \u00e9s inconformista i creatiu, sempre se les enginya per canviar aquelles coses del seu entorn que no li agraden i per denunciar les injust\u00edcies socials. Aquesta actitud inconformista, de transformaci\u00f3 positiva i creativa \u00e9s la que necessitem per endinsar-nos a un projecte d\u2019ApS. De ben segur que la contagiar\u00e0 a tots els infants!<\/li>\n<li>Les aventures de l\u2019Ot el Bruixot estan sempre plenes de m\u00e0gia, aventura i misteri. Aquest ambient de m\u00e0gia emmarcat en un context real que ens presenta l\u2019Ot ens permetr\u00e0, de manera divertida i engrescadora, proposar i dur a terme accions i serveis a la comunitat per canviar aquelles coses que no ens agrades. A m\u00e9s, la m\u00e0gia t\u00e9 la potencialitat de poder-nos imaginar qualsevol cosa, ens obre la mirada per construir diverses respostes imaginatives i creatives a les problem\u00e0tiques social que ens plantegem.<\/li>\n<li>Les seves aventures es situen a molts indrets: a la platja, a la muntanya, a l\u2019univers, al carrer, a correus, a la parada del bus, etc. i no tenen una temporalitat ni localitzaci\u00f3 concreta. Aquesta diversitat d\u2019espais ens permet poder situar l\u2019Ot en qualsevol projecte d\u2019ApS o situaci\u00f3.<\/li>\n<\/ul>\n<p>Podeu trobar les aventures de l\u2019Ot el Bruixot a les biblioteques del barri o del poble i, fins i tot, que de ben segur podeu trobar-ne alguna tira c\u00f2mica a casa vostra; ja que \u00e9s un personatge molt conegut per tots i totes.<\/p>\n<p>Algunes refer\u00e8ncies on trobar l\u2019Ot el Bruixot s\u00f3n:<\/p>\n<ul>\n<li>Revista Cavallfort: www.cavallfort.cat<\/li>\n<li>Col\u00b7lecci\u00f3 de Norma Editorial: Ot, el Bruixot. Vol.1, 2 i 3<\/li>\n<li>Col\u00b7lecci\u00f3 de la Galera: Ot, el Bruixot 1, 2, 3, 4, 5 i 6.<\/li>\n<li>Col\u00b7lecci\u00f3 de Contes de l\u2019Ot el Bruixot de Baula Editorial: L\u2019Ot llegeix un conte, L\u2019Ot i la pluja, L\u2019Ot fa una broma, La capa m\u00e0gica de l\u2019Ot, El Borin Ot, El drac de l\u2019Ot.<\/li>\n<\/ul>\n<p>[\/et_pb_text][et_pb_image src=&#8221;http:\/\/fundesplai.org\/teixint\/wp-content\/uploads\/sites\/22\/2023\/03\/ot-el-bruixot.jpg&#8221; title_text=&#8221;ot-el-bruixot&#8221; _builder_version=&#8221;4.19.0&#8243; _module_preset=&#8221;default&#8221; custom_margin=&#8221;||50px||false|false&#8221; hover_enabled=&#8221;0&#8243; global_colors_info=&#8221;{}&#8221; align=&#8221;center&#8221; sticky_enabled=&#8221;0&#8243;][\/et_pb_image][\/et_pb_column][\/et_pb_row][\/et_pb_section]<\/p>\n","protected":false},"excerpt":{"rendered":"<p>Eix d&#8217;animaci\u00f3 de 3 a 8 anys Aventura&#8217;t amb l&#8217;OT El centre d\u2019inter\u00e8s que es proposa per als infants de 3 a 8 anys \u00e9s \u201cAventura\u2019t amb l\u2019Ot\u201d. Ser\u00e0 l\u2019Ot el Bruixot amb el seu mussol qui ens ajudaran a con\u00e8ixer el nostre entorn, a aprendre a comprometre\u2019ns a trav\u00e9s d\u2019un servei que donar\u00e0 resposta [&hellip;]<\/p>\n","protected":false},"author":27,"featured_media":0,"parent":0,"menu_order":0,"comment_status":"closed","ping_status":"closed","template":"","meta":{"_et_pb_use_builder":"on","_et_pb_old_content":"","_et_gb_content_width":"","footnotes":""},"class_list":["post-242","page","type-page","status-publish","hentry"],"yoast_head":"<!-- This site is optimized with the Yoast SEO plugin v27.4 - https:\/\/yoast.com\/product\/yoast-seo-wordpress\/ -->\n<title>Eix animaci\u00f3 de 3 a 8 anys - Teixint<\/title>\n<meta name=\"robots\" content=\"index, follow, max-snippet:-1, max-image-preview:large, max-video-preview:-1\" \/>\n<link rel=\"canonical\" href=\"https:\/\/fundesplai.org\/teixint\/eix-3-a-8-anys\/\" \/>\n<meta property=\"og:locale\" content=\"ca_ES\" \/>\n<meta property=\"og:type\" content=\"article\" \/>\n<meta property=\"og:title\" content=\"Eix animaci\u00f3 de 3 a 8 anys - Teixint\" \/>\n<meta property=\"og:description\" content=\"Eix d&#039;animaci\u00f3 de 3 a 8 anys Aventura&#039;t amb l&#039;OT El centre d\u2019inter\u00e8s que es proposa per als infants de 3 a 8 anys \u00e9s \u201cAventura\u2019t amb l\u2019Ot\u201d. Ser\u00e0 l\u2019Ot el Bruixot amb el seu mussol qui ens ajudaran a con\u00e8ixer el nostre entorn, a aprendre a comprometre\u2019ns a trav\u00e9s d\u2019un servei que donar\u00e0 resposta [&hellip;]\" \/>\n<meta property=\"og:url\" content=\"https:\/\/fundesplai.org\/teixint\/eix-3-a-8-anys\/\" \/>\n<meta property=\"og:site_name\" content=\"Teixint\" \/>\n<meta property=\"article:modified_time\" content=\"2023-03-14T10:53:22+00:00\" \/>\n<meta name=\"twitter:card\" content=\"summary_large_image\" \/>\n<meta name=\"twitter:label1\" content=\"Temps estimat de lectura\" \/>\n\t<meta name=\"twitter:data1\" content=\"3 minuts\" \/>\n<script type=\"application\/ld+json\" class=\"yoast-schema-graph\">{\"@context\":\"https:\\\/\\\/schema.org\",\"@graph\":[{\"@type\":\"WebPage\",\"@id\":\"https:\\\/\\\/fundesplai.org\\\/teixint\\\/eix-3-a-8-anys\\\/\",\"url\":\"https:\\\/\\\/fundesplai.org\\\/teixint\\\/eix-3-a-8-anys\\\/\",\"name\":\"Eix animaci\u00f3 de 3 a 8 anys - Teixint\",\"isPartOf\":{\"@id\":\"https:\\\/\\\/fundesplai.org\\\/teixint\\\/#website\"},\"datePublished\":\"2023-03-14T10:50:55+00:00\",\"dateModified\":\"2023-03-14T10:53:22+00:00\",\"breadcrumb\":{\"@id\":\"https:\\\/\\\/fundesplai.org\\\/teixint\\\/eix-3-a-8-anys\\\/#breadcrumb\"},\"inLanguage\":\"ca\",\"potentialAction\":[{\"@type\":\"ReadAction\",\"target\":[\"https:\\\/\\\/fundesplai.org\\\/teixint\\\/eix-3-a-8-anys\\\/\"]}]},{\"@type\":\"BreadcrumbList\",\"@id\":\"https:\\\/\\\/fundesplai.org\\\/teixint\\\/eix-3-a-8-anys\\\/#breadcrumb\",\"itemListElement\":[{\"@type\":\"ListItem\",\"position\":1,\"name\":\"Inici\",\"item\":\"\\\/\"},{\"@type\":\"ListItem\",\"position\":2,\"name\":\"Teixint\",\"item\":\"https:\\\/\\\/fundesplai.org\\\/teixint\"},{\"@type\":\"ListItem\",\"position\":3,\"name\":\"Eix animaci\u00f3 de 3 a 8 anys\"}]},{\"@type\":\"WebSite\",\"@id\":\"https:\\\/\\\/fundesplai.org\\\/teixint\\\/#website\",\"url\":\"https:\\\/\\\/fundesplai.org\\\/teixint\\\/\",\"name\":\"Teixint\",\"description\":\"Proposta educativa de Fundesplai\",\"potentialAction\":[{\"@type\":\"SearchAction\",\"target\":{\"@type\":\"EntryPoint\",\"urlTemplate\":\"https:\\\/\\\/fundesplai.org\\\/teixint\\\/?s={search_term_string}\"},\"query-input\":{\"@type\":\"PropertyValueSpecification\",\"valueRequired\":true,\"valueName\":\"search_term_string\"}}],\"inLanguage\":\"ca\"}]}<\/script>\n<!-- \/ Yoast SEO plugin. -->","yoast_head_json":{"title":"Eix animaci\u00f3 de 3 a 8 anys - Teixint","robots":{"index":"index","follow":"follow","max-snippet":"max-snippet:-1","max-image-preview":"max-image-preview:large","max-video-preview":"max-video-preview:-1"},"canonical":"https:\/\/fundesplai.org\/teixint\/eix-3-a-8-anys\/","og_locale":"ca_ES","og_type":"article","og_title":"Eix animaci\u00f3 de 3 a 8 anys - Teixint","og_description":"Eix d'animaci\u00f3 de 3 a 8 anys Aventura't amb l'OT El centre d\u2019inter\u00e8s que es proposa per als infants de 3 a 8 anys \u00e9s \u201cAventura\u2019t amb l\u2019Ot\u201d. Ser\u00e0 l\u2019Ot el Bruixot amb el seu mussol qui ens ajudaran a con\u00e8ixer el nostre entorn, a aprendre a comprometre\u2019ns a trav\u00e9s d\u2019un servei que donar\u00e0 resposta [&hellip;]","og_url":"https:\/\/fundesplai.org\/teixint\/eix-3-a-8-anys\/","og_site_name":"Teixint","article_modified_time":"2023-03-14T10:53:22+00:00","twitter_card":"summary_large_image","twitter_misc":{"Temps estimat de lectura":"3 minuts"},"schema":{"@context":"https:\/\/schema.org","@graph":[{"@type":"WebPage","@id":"https:\/\/fundesplai.org\/teixint\/eix-3-a-8-anys\/","url":"https:\/\/fundesplai.org\/teixint\/eix-3-a-8-anys\/","name":"Eix animaci\u00f3 de 3 a 8 anys - Teixint","isPartOf":{"@id":"https:\/\/fundesplai.org\/teixint\/#website"},"datePublished":"2023-03-14T10:50:55+00:00","dateModified":"2023-03-14T10:53:22+00:00","breadcrumb":{"@id":"https:\/\/fundesplai.org\/teixint\/eix-3-a-8-anys\/#breadcrumb"},"inLanguage":"ca","potentialAction":[{"@type":"ReadAction","target":["https:\/\/fundesplai.org\/teixint\/eix-3-a-8-anys\/"]}]},{"@type":"BreadcrumbList","@id":"https:\/\/fundesplai.org\/teixint\/eix-3-a-8-anys\/#breadcrumb","itemListElement":[{"@type":"ListItem","position":1,"name":"Inici","item":"\/"},{"@type":"ListItem","position":2,"name":"Teixint","item":"https:\/\/fundesplai.org\/teixint"},{"@type":"ListItem","position":3,"name":"Eix animaci\u00f3 de 3 a 8 anys"}]},{"@type":"WebSite","@id":"https:\/\/fundesplai.org\/teixint\/#website","url":"https:\/\/fundesplai.org\/teixint\/","name":"Teixint","description":"Proposta educativa de Fundesplai","potentialAction":[{"@type":"SearchAction","target":{"@type":"EntryPoint","urlTemplate":"https:\/\/fundesplai.org\/teixint\/?s={search_term_string}"},"query-input":{"@type":"PropertyValueSpecification","valueRequired":true,"valueName":"search_term_string"}}],"inLanguage":"ca"}]}},"_links":{"self":[{"href":"https:\/\/fundesplai.org\/teixint\/wp-json\/wp\/v2\/pages\/242","targetHints":{"allow":["GET"]}}],"collection":[{"href":"https:\/\/fundesplai.org\/teixint\/wp-json\/wp\/v2\/pages"}],"about":[{"href":"https:\/\/fundesplai.org\/teixint\/wp-json\/wp\/v2\/types\/page"}],"author":[{"embeddable":true,"href":"https:\/\/fundesplai.org\/teixint\/wp-json\/wp\/v2\/users\/27"}],"replies":[{"embeddable":true,"href":"https:\/\/fundesplai.org\/teixint\/wp-json\/wp\/v2\/comments?post=242"}],"version-history":[{"count":7,"href":"https:\/\/fundesplai.org\/teixint\/wp-json\/wp\/v2\/pages\/242\/revisions"}],"predecessor-version":[{"id":252,"href":"https:\/\/fundesplai.org\/teixint\/wp-json\/wp\/v2\/pages\/242\/revisions\/252"}],"wp:attachment":[{"href":"https:\/\/fundesplai.org\/teixint\/wp-json\/wp\/v2\/media?parent=242"}],"curies":[{"name":"wp","href":"https:\/\/api.w.org\/{rel}","templated":true}]}}