{"id":230,"date":"2023-03-14T11:35:20","date_gmt":"2023-03-14T10:35:20","guid":{"rendered":"https:\/\/fundesplai.org\/teixint\/?page_id=230"},"modified":"2023-03-14T11:43:00","modified_gmt":"2023-03-14T10:43:00","slug":"eix-8-a-12-anys","status":"publish","type":"page","link":"https:\/\/fundesplai.org\/teixint\/eix-8-a-12-anys\/","title":{"rendered":"Eix animaci\u00f3 de 8 a 12 anys"},"content":{"rendered":"<p>[et_pb_section fb_built=&#8221;1&#8243; _builder_version=&#8221;4.19.0&#8243; _module_preset=&#8221;default&#8221; global_colors_info=&#8221;{}&#8221;][et_pb_row _builder_version=&#8221;4.19.0&#8243; _module_preset=&#8221;default&#8221; custom_margin=&#8221;||50px||false|false&#8221; global_colors_info=&#8221;{}&#8221;][et_pb_column type=&#8221;4_4&#8243; _builder_version=&#8221;4.19.0&#8243; _module_preset=&#8221;default&#8221; global_colors_info=&#8221;{}&#8221;][et_pb_text _builder_version=&#8221;4.19.0&#8243; _module_preset=&#8221;default&#8221; hover_enabled=&#8221;0&#8243; global_colors_info=&#8221;{}&#8221; sticky_enabled=&#8221;0&#8243;]<\/p>\n<h2>Eix d&#8217;animaci\u00f3 de 8 a 12 anys<\/h2>\n<h3>La hist\u00f2ria<\/h3>\n<p>La Tina, una directora de cinema intr\u00e8pida i esbojarrada, va crear l\u2019Escola de Cinema on poder aprendre a participar en projectes d\u2019Aprenentatge Servei per comprometre\u2019ns i transformar el nostre entorn. Un bon dia, la Claqueta Riallera, mentre buscava una escola on anar, va descobrir que aqu\u00ed podria aprendre a crear projectes per canviar all\u00f2 que no li agradava del seu entorn i a saber escoltar i explicar-ho a tothom. La Claqueta que \u00e9s molt optimista i riallera, va pensar que amb el que pogu\u00e9s aprendre podria passar a: 1, 2, 3&#8230;acci\u00f3! i canviar les situacions injustes de l\u2019entorn; i tamb\u00e9 conscienciar a tothom del qu\u00e8 passa i com contribuir per millorar-ho. Des d\u2019aleshores, la Tina i la Claqueta Riallera guien a tots els nens i nenes que s\u2019apunten a l\u2019Escola de Cinema en l\u2019aprenentatge dels projectes d\u2019Aprenentatge Servei i de com comunicar-se dins del grup i fora del grup; perqu\u00e8 tothom conegui i intercanvi\u00ef el qu\u00e8 fa, sent i promou per transformar les situacions injustes del seu entorn. Us animeu a participar-hi?<\/p>\n<h3>Els personatges<\/h3>\n<p>La Tina \u00e9s una dona aventurera, amb iniciativa, que sempre t\u00e9 idees estramb\u00f2tiques i estrafol\u00e0ries i que sempre va a tot arreu amb un cabdell de llana i agulles per anar teixint. Aix\u00ed doncs, ens anir\u00e0 proposant idees esbojarrades per ajudar-nos a obrir la ment i a estimular la creativitat i la imaginaci\u00f3 en les solucions als problemes del nostre entorn i del grup. D\u2019aquesta manera, ens ensenyar\u00e0 com podem anar teixint respostes a les necessitats del nostre entorn, teixint vincles entre nosaltres per col\u00b7lectivament fer propostes, i teixint relacions amb altres persones i entitats del barri. La Tina ser\u00e0 qui ens explicar\u00e0 com construir les accions del projecte i com difondre tot all\u00f2 que anem fent i sentint a trav\u00e9s dels audiovisuals i les xarxes socials. Tots i totes juntes anirem teixint el cabdell de llana a mesura que avanci el curs, casal o col\u00f2nies o campaments.<\/p>\n<p>La <strong>Claqueta Riallera<\/strong> \u00e9s una claqueta de cinema amb personalitat i molt d\u2019humor, optimista i constructiva. Ens ajudar\u00e0 a analitzar l\u2019entorn i a reflexionar, i juntament amb els m\u00e8todes que ens proposar\u00e0 la Tina ens permetr\u00e0 trobar la millor soluci\u00f3 als problemes del nostre entorn i a aquells conflictes que sorgeixin dins el grup. Tal com va aprendre a l\u2019Escola de Cinema ens proposar\u00e0 que per comen\u00e7ar a desenvolupar les nostres accions, donem el tret de sortida junts amb: 1, 2, 3&#8230; i acci\u00f3!<\/p>\n<p>A l\u2019Escola de Cinema trobarem tots els recursos que necessitem per fer el projecte d\u2019Aprenentatge Servei i diferents espais on treballar per equips. La Tina i la Claqueta ens proposaran que la decorem i ambientem com nosaltres vulguem segons el projecte que desenvolupem, l\u2019\u00e8poca de l\u2019any que siguem o el que sentim i decidim com a grup. A m\u00e9s, podrem convidar a tothom qui vulgui a participar de l\u2019Escola de Cinema!<\/p>\n<p>[\/et_pb_text][\/et_pb_column][\/et_pb_row][\/et_pb_section]<\/p>\n","protected":false},"excerpt":{"rendered":"<p>Eix d&#8217;animaci\u00f3 de 8 a 12 anys La hist\u00f2ria La Tina, una directora de cinema intr\u00e8pida i esbojarrada, va crear l\u2019Escola de Cinema on poder aprendre a participar en projectes d\u2019Aprenentatge Servei per comprometre\u2019ns i transformar el nostre entorn. Un bon dia, la Claqueta Riallera, mentre buscava una escola on anar, va descobrir que aqu\u00ed [&hellip;]<\/p>\n","protected":false},"author":27,"featured_media":0,"parent":0,"menu_order":0,"comment_status":"closed","ping_status":"closed","template":"","meta":{"_et_pb_use_builder":"on","_et_pb_old_content":"","_et_gb_content_width":"","footnotes":""},"class_list":["post-230","page","type-page","status-publish","hentry"],"yoast_head":"<!-- This site is optimized with the Yoast SEO plugin v27.4 - https:\/\/yoast.com\/product\/yoast-seo-wordpress\/ -->\n<title>Eix animaci\u00f3 de 8 a 12 anys - Teixint<\/title>\n<meta name=\"robots\" content=\"index, follow, max-snippet:-1, max-image-preview:large, max-video-preview:-1\" \/>\n<link rel=\"canonical\" href=\"https:\/\/fundesplai.org\/teixint\/eix-8-a-12-anys\/\" \/>\n<meta property=\"og:locale\" content=\"ca_ES\" \/>\n<meta property=\"og:type\" content=\"article\" \/>\n<meta property=\"og:title\" content=\"Eix animaci\u00f3 de 8 a 12 anys - Teixint\" \/>\n<meta property=\"og:description\" content=\"Eix d&#039;animaci\u00f3 de 8 a 12 anys La hist\u00f2ria La Tina, una directora de cinema intr\u00e8pida i esbojarrada, va crear l\u2019Escola de Cinema on poder aprendre a participar en projectes d\u2019Aprenentatge Servei per comprometre\u2019ns i transformar el nostre entorn. Un bon dia, la Claqueta Riallera, mentre buscava una escola on anar, va descobrir que aqu\u00ed [&hellip;]\" \/>\n<meta property=\"og:url\" content=\"https:\/\/fundesplai.org\/teixint\/eix-8-a-12-anys\/\" \/>\n<meta property=\"og:site_name\" content=\"Teixint\" \/>\n<meta property=\"article:modified_time\" content=\"2023-03-14T10:43:00+00:00\" \/>\n<meta name=\"twitter:card\" content=\"summary_large_image\" \/>\n<meta name=\"twitter:label1\" content=\"Temps estimat de lectura\" \/>\n\t<meta name=\"twitter:data1\" content=\"3 minuts\" \/>\n<script type=\"application\/ld+json\" class=\"yoast-schema-graph\">{\"@context\":\"https:\\\/\\\/schema.org\",\"@graph\":[{\"@type\":\"WebPage\",\"@id\":\"https:\\\/\\\/fundesplai.org\\\/teixint\\\/eix-8-a-12-anys\\\/\",\"url\":\"https:\\\/\\\/fundesplai.org\\\/teixint\\\/eix-8-a-12-anys\\\/\",\"name\":\"Eix animaci\u00f3 de 8 a 12 anys - Teixint\",\"isPartOf\":{\"@id\":\"https:\\\/\\\/fundesplai.org\\\/teixint\\\/#website\"},\"datePublished\":\"2023-03-14T10:35:20+00:00\",\"dateModified\":\"2023-03-14T10:43:00+00:00\",\"breadcrumb\":{\"@id\":\"https:\\\/\\\/fundesplai.org\\\/teixint\\\/eix-8-a-12-anys\\\/#breadcrumb\"},\"inLanguage\":\"ca\",\"potentialAction\":[{\"@type\":\"ReadAction\",\"target\":[\"https:\\\/\\\/fundesplai.org\\\/teixint\\\/eix-8-a-12-anys\\\/\"]}]},{\"@type\":\"BreadcrumbList\",\"@id\":\"https:\\\/\\\/fundesplai.org\\\/teixint\\\/eix-8-a-12-anys\\\/#breadcrumb\",\"itemListElement\":[{\"@type\":\"ListItem\",\"position\":1,\"name\":\"Inici\",\"item\":\"\\\/\"},{\"@type\":\"ListItem\",\"position\":2,\"name\":\"Teixint\",\"item\":\"https:\\\/\\\/fundesplai.org\\\/teixint\"},{\"@type\":\"ListItem\",\"position\":3,\"name\":\"Eix animaci\u00f3 de 8 a 12 anys\"}]},{\"@type\":\"WebSite\",\"@id\":\"https:\\\/\\\/fundesplai.org\\\/teixint\\\/#website\",\"url\":\"https:\\\/\\\/fundesplai.org\\\/teixint\\\/\",\"name\":\"Teixint\",\"description\":\"Proposta educativa de Fundesplai\",\"potentialAction\":[{\"@type\":\"SearchAction\",\"target\":{\"@type\":\"EntryPoint\",\"urlTemplate\":\"https:\\\/\\\/fundesplai.org\\\/teixint\\\/?s={search_term_string}\"},\"query-input\":{\"@type\":\"PropertyValueSpecification\",\"valueRequired\":true,\"valueName\":\"search_term_string\"}}],\"inLanguage\":\"ca\"}]}<\/script>\n<!-- \/ Yoast SEO plugin. -->","yoast_head_json":{"title":"Eix animaci\u00f3 de 8 a 12 anys - Teixint","robots":{"index":"index","follow":"follow","max-snippet":"max-snippet:-1","max-image-preview":"max-image-preview:large","max-video-preview":"max-video-preview:-1"},"canonical":"https:\/\/fundesplai.org\/teixint\/eix-8-a-12-anys\/","og_locale":"ca_ES","og_type":"article","og_title":"Eix animaci\u00f3 de 8 a 12 anys - Teixint","og_description":"Eix d'animaci\u00f3 de 8 a 12 anys La hist\u00f2ria La Tina, una directora de cinema intr\u00e8pida i esbojarrada, va crear l\u2019Escola de Cinema on poder aprendre a participar en projectes d\u2019Aprenentatge Servei per comprometre\u2019ns i transformar el nostre entorn. Un bon dia, la Claqueta Riallera, mentre buscava una escola on anar, va descobrir que aqu\u00ed [&hellip;]","og_url":"https:\/\/fundesplai.org\/teixint\/eix-8-a-12-anys\/","og_site_name":"Teixint","article_modified_time":"2023-03-14T10:43:00+00:00","twitter_card":"summary_large_image","twitter_misc":{"Temps estimat de lectura":"3 minuts"},"schema":{"@context":"https:\/\/schema.org","@graph":[{"@type":"WebPage","@id":"https:\/\/fundesplai.org\/teixint\/eix-8-a-12-anys\/","url":"https:\/\/fundesplai.org\/teixint\/eix-8-a-12-anys\/","name":"Eix animaci\u00f3 de 8 a 12 anys - Teixint","isPartOf":{"@id":"https:\/\/fundesplai.org\/teixint\/#website"},"datePublished":"2023-03-14T10:35:20+00:00","dateModified":"2023-03-14T10:43:00+00:00","breadcrumb":{"@id":"https:\/\/fundesplai.org\/teixint\/eix-8-a-12-anys\/#breadcrumb"},"inLanguage":"ca","potentialAction":[{"@type":"ReadAction","target":["https:\/\/fundesplai.org\/teixint\/eix-8-a-12-anys\/"]}]},{"@type":"BreadcrumbList","@id":"https:\/\/fundesplai.org\/teixint\/eix-8-a-12-anys\/#breadcrumb","itemListElement":[{"@type":"ListItem","position":1,"name":"Inici","item":"\/"},{"@type":"ListItem","position":2,"name":"Teixint","item":"https:\/\/fundesplai.org\/teixint"},{"@type":"ListItem","position":3,"name":"Eix animaci\u00f3 de 8 a 12 anys"}]},{"@type":"WebSite","@id":"https:\/\/fundesplai.org\/teixint\/#website","url":"https:\/\/fundesplai.org\/teixint\/","name":"Teixint","description":"Proposta educativa de Fundesplai","potentialAction":[{"@type":"SearchAction","target":{"@type":"EntryPoint","urlTemplate":"https:\/\/fundesplai.org\/teixint\/?s={search_term_string}"},"query-input":{"@type":"PropertyValueSpecification","valueRequired":true,"valueName":"search_term_string"}}],"inLanguage":"ca"}]}},"_links":{"self":[{"href":"https:\/\/fundesplai.org\/teixint\/wp-json\/wp\/v2\/pages\/230","targetHints":{"allow":["GET"]}}],"collection":[{"href":"https:\/\/fundesplai.org\/teixint\/wp-json\/wp\/v2\/pages"}],"about":[{"href":"https:\/\/fundesplai.org\/teixint\/wp-json\/wp\/v2\/types\/page"}],"author":[{"embeddable":true,"href":"https:\/\/fundesplai.org\/teixint\/wp-json\/wp\/v2\/users\/27"}],"replies":[{"embeddable":true,"href":"https:\/\/fundesplai.org\/teixint\/wp-json\/wp\/v2\/comments?post=230"}],"version-history":[{"count":7,"href":"https:\/\/fundesplai.org\/teixint\/wp-json\/wp\/v2\/pages\/230\/revisions"}],"predecessor-version":[{"id":240,"href":"https:\/\/fundesplai.org\/teixint\/wp-json\/wp\/v2\/pages\/230\/revisions\/240"}],"wp:attachment":[{"href":"https:\/\/fundesplai.org\/teixint\/wp-json\/wp\/v2\/media?parent=230"}],"curies":[{"name":"wp","href":"https:\/\/api.w.org\/{rel}","templated":true}]}}