{"id":47836,"date":"2023-09-29T13:14:34","date_gmt":"2023-09-29T11:14:34","guid":{"rendered":"https:\/\/fundesplai.org\/programes-socials-i-joves\/?page_id=47836"},"modified":"2025-10-24T09:26:58","modified_gmt":"2025-10-24T07:26:58","slug":"oportunitat-jove","status":"publish","type":"page","link":"https:\/\/fundesplai.org\/programes-socials-i-joves\/oportunitat-jove\/","title":{"rendered":"Oportunitat jove"},"content":{"rendered":"<p>[et_pb_section fb_built=&#8221;1&#8243; _builder_version=&#8221;4.17.4&#8243; _module_preset=&#8221;9ea4e7da-4da7-41b6-836e-e515c3b865ad&#8221; global_colors_info=&#8221;{}&#8221;][et_pb_row _builder_version=&#8221;4.17.4&#8243; _module_preset=&#8221;default&#8221; global_colors_info=&#8221;{}&#8221;][et_pb_column type=&#8221;4_4&#8243; _builder_version=&#8221;4.17.4&#8243; _module_preset=&#8221;default&#8221; global_colors_info=&#8221;{}&#8221;][et_pb_post_title _builder_version=&#8221;4.19.0&#8243; _module_preset=&#8221;356425d1-dbc4-41ad-a022-2350192691d0&#8243; global_colors_info=&#8221;{}&#8221;][\/et_pb_post_title][et_pb_text _builder_version=&#8221;4.19.0&#8243; _module_preset=&#8221;default&#8221; custom_margin=&#8221;30px||||false|false&#8221; global_colors_info=&#8221;{}&#8221;]<\/p>\n<p>L&#8217;objectiu del projecte Oportunitat Jove \u00e9s <strong>acompanyar un proc\u00e9s d&#8217;aprenentatge i orientaci\u00f3<\/strong> que ajudi a les persones joves a incrementar les seves possibilitats d&#8217;inserci\u00f3 laboral d&#8217;una forma socialment activa, aix\u00ed com que els permeti dirigir les seves traject\u00f2ries professionals i vitals amb garanties d&#8217;\u00e8xit.<\/p>\n<p>Per altra banda, la proposta tamb\u00e9 vol<strong> donar resposta al sector productiu que demanda personal qualificat,<\/strong> com \u00e9s el del M<span style=\"color: #8300e9\">onitoratge de lleure<\/span>, i mant\u00e9 un contacte permanent amb el teixit empresarial del territori. D&#8217;aquesta manera el projecte fa de pont entre l&#8217;oferta i la demanda de feina possibilitant aix\u00ed un alt \u00edndex d&#8217;inserci\u00f3.<\/p>\n<p>[\/et_pb_text][\/et_pb_column][\/et_pb_row][et_pb_row _builder_version=&#8221;4.17.4&#8243; _module_preset=&#8221;default&#8221; global_colors_info=&#8221;{}&#8221;][et_pb_column type=&#8221;4_4&#8243; _builder_version=&#8221;4.17.4&#8243; _module_preset=&#8221;default&#8221; global_colors_info=&#8221;{}&#8221;][et_pb_video src=&#8221;https:\/\/www.youtube.com\/watch?v=Q1koa34v3w0&#8243; _builder_version=&#8221;4.17.4&#8243; _module_preset=&#8221;default&#8221; custom_margin=&#8221;30px||||false|false&#8221; global_colors_info=&#8221;{}&#8221;][\/et_pb_video][\/et_pb_column][\/et_pb_row][et_pb_row _builder_version=&#8221;4.17.4&#8243; _module_preset=&#8221;default&#8221; global_colors_info=&#8221;{}&#8221;][et_pb_column type=&#8221;4_4&#8243; _builder_version=&#8221;4.17.4&#8243; _module_preset=&#8221;default&#8221; global_colors_info=&#8221;{}&#8221;][et_pb_text admin_label=&#8221;requisits&#8221; _builder_version=&#8221;4.19.0&#8243; _module_preset=&#8221;default&#8221; custom_margin=&#8221;30px||||false|false&#8221; global_colors_info=&#8221;{}&#8221;]<\/p>\n<h3>REQUISITS DEL PROGRAMA OPORTUNITAT JOVE<\/h3>\n<p>El projecte Oportunitat Jove compta amb el suport del programa de Garantia Juvenil de la Generalitat de Catalunya, i, per tant, es regeix pels seus requisits:<\/p>\n<ul>\n<li>Tenir nacionalitat espanyola o ser <strong>ciutad\u00e0 de la Uni\u00f3 Europea<\/strong> o dels Estats que formen part de l&#8217;Acord sobre l&#8217;espai Econ\u00f2mic Europeu o Su\u00efssa que es trobin a Espanya en exercici de la lliure circulaci\u00f3 i resid\u00e8ncia. Tamb\u00e9 podrien inscriure-s&#8217;hi els estrangers titulars d&#8217;una autoritzaci\u00f3 per a residir en territori espanyol que habiliti per a treballar.<\/li>\n<li>Estar <strong>empadronat<\/strong> a qualsevol municipi de Catalunya.<\/li>\n<li><strong>Tenir m\u00e9s de 18 anys i menys de 30 anys<\/strong> en el moment de sol\u00b7licitar la inscripci\u00f3 en el Fitxer del Sistema Nacional de Garantia Juvenil.<\/li>\n<li><strong>No haver treballat en el dia natural anterior<\/strong> a la data de presentaci\u00f3 de la sol\u00b7licitud.<\/li>\n<li><strong>No estar estudiant i\/o treballant<\/strong> en el moment de fer la sol\u00b7licitud d&#8217;acc\u00e9s a la Garantia Juvenil.<\/li>\n<\/ul>\n<p>[\/et_pb_text][et_pb_text admin_label=&#8221;contacte&#8221; _builder_version=&#8221;4.21.0&#8243; _module_preset=&#8221;default&#8221; custom_margin=&#8221;30px||||false|false&#8221; global_colors_info=&#8221;{}&#8221;]<\/p>\n<h3>CONTACTE<\/h3>\n<p data-mce-fragment=\"1\">Si est\u00e0s interessada en aquest projecte o altres projectes relacionats amb joves i acci\u00f3 social, contacta amb: <a href=\"mailto:acciosocial@fundesplai.org\" target=\"_blank\" rel=\"noopener noreferrer\" data-auth=\"NotApplicable\" data-linkindex=\"0\" data-mce-fragment=\"1\">acciosocial@fundesplai.org<\/a>.\u200b<\/p>\n<p>[\/et_pb_text][et_pb_text admin_label=&#8221;suport&#8221; _builder_version=&#8221;4.21.0&#8243; _module_preset=&#8221;default&#8221; custom_margin=&#8221;30px||||false|false&#8221; global_colors_info=&#8221;{}&#8221;]<\/p>\n<h2 style=\"text-align: center\">AMB EL SUPORT DE<\/h2>\n<p style=\"text-align: center\">Aquesta actuaci\u00f3 est\u00e0 promoguda i impulsada pel Servei P\u00fablic d&#8217;Ocupaci\u00f3 de Catalunya amb fons rebuts del Servei P\u00fablic d&#8217;Ocupaci\u00f3 Estatal (*SEPE)<\/p>\n<p>[\/et_pb_text][et_pb_image src=&#8221;https:\/\/fundesplai.org\/programes-socials-i-joves\/wp-content\/uploads\/sites\/32\/2025\/03\/2_Harmonitzacio_SOC_Generalitat-de-Catalunya_MTES.jpg&#8221; title_text=&#8221;2_Harmonitzaci\u00f3_SOC_Generalitat de Catalunya_MTES&#8221; align=&#8221;center&#8221; admin_label=&#8221;Image&#8221; _builder_version=&#8221;4.21.0&#8243; _module_preset=&#8221;default&#8221; custom_margin=&#8221;30px||50px||false|false&#8221; global_colors_info=&#8221;{}&#8221;][\/et_pb_image][\/et_pb_column][\/et_pb_row][et_pb_row _builder_version=&#8221;4.19.0&#8243; _module_preset=&#8221;default&#8221; custom_margin=&#8221;40px||||false|false&#8221; locked=&#8221;off&#8221; global_colors_info=&#8221;{}&#8221;][et_pb_column type=&#8221;4_4&#8243; _builder_version=&#8221;4.19.0&#8243; _module_preset=&#8221;default&#8221; global_colors_info=&#8221;{}&#8221;][et_pb_button button_url=&#8221;\/programes-socials-i-joves\/&#8221; button_text=&#8221;Descobreix altres projectes d&#8217;acci\u00f3 social i joves&#8221; button_alignment=&#8221;center&#8221; admin_label=&#8221;Descobreix altres projectes d&#8217;acci\u00f3 social i joves&#8221; _builder_version=&#8221;4.21.0&#8243; _module_preset=&#8221;default&#8221; global_colors_info=&#8221;{}&#8221;][\/et_pb_button][\/et_pb_column][\/et_pb_row][\/et_pb_section]<\/p>\n","protected":false},"excerpt":{"rendered":"<p>L&#8217;objectiu del projecte Oportunitat Jove \u00e9s acompanyar un proc\u00e9s d&#8217;aprenentatge i orientaci\u00f3 que ajudi a les persones joves a incrementar les seves possibilitats d&#8217;inserci\u00f3 laboral d&#8217;una forma socialment activa, aix\u00ed com que els permeti dirigir les seves traject\u00f2ries professionals i vitals amb garanties d&#8217;\u00e8xit. Per altra banda, la proposta tamb\u00e9 vol donar resposta al sector [&hellip;]<\/p>\n","protected":false},"author":3,"featured_media":0,"parent":0,"menu_order":0,"comment_status":"closed","ping_status":"closed","template":"","meta":{"_et_pb_use_builder":"on","_et_pb_old_content":"","_et_gb_content_width":"","footnotes":""},"class_list":["post-47836","page","type-page","status-publish","hentry"],"yoast_head":"<!-- This site is optimized with the Yoast SEO plugin v27.3 - https:\/\/yoast.com\/product\/yoast-seo-wordpress\/ -->\n<title>Oportunitat jove - Programes socials i per a joves<\/title>\n<meta name=\"description\" content=\"Oportunitat Jove \u00e9s un projecte per acompanyar els i les joves en el proc\u00e9s d&#039;orientaci\u00f3 i formaci\u00f3 sociolaboral.\" \/>\n<meta name=\"robots\" content=\"index, follow, max-snippet:-1, max-image-preview:large, max-video-preview:-1\" \/>\n<link rel=\"canonical\" href=\"https:\/\/fundesplai.org\/programes-socials-i-joves\/oportunitat-jove\/\" \/>\n<meta property=\"og:locale\" content=\"ca_ES\" \/>\n<meta property=\"og:type\" content=\"article\" \/>\n<meta property=\"og:title\" content=\"Oportunitat jove - Programes socials i per a joves\" \/>\n<meta property=\"og:description\" content=\"Oportunitat Jove \u00e9s un projecte per acompanyar els i les joves en el proc\u00e9s d&#039;orientaci\u00f3 i formaci\u00f3 sociolaboral.\" \/>\n<meta property=\"og:url\" content=\"https:\/\/fundesplai.org\/programes-socials-i-joves\/oportunitat-jove\/\" \/>\n<meta property=\"og:site_name\" content=\"Programes socials i per a joves\" \/>\n<meta property=\"article:modified_time\" content=\"2025-10-24T07:26:58+00:00\" \/>\n<meta name=\"twitter:card\" content=\"summary_large_image\" \/>\n<meta name=\"twitter:label1\" content=\"Temps estimat de lectura\" \/>\n\t<meta name=\"twitter:data1\" content=\"2 minuts\" \/>\n<script type=\"application\/ld+json\" class=\"yoast-schema-graph\">{\"@context\":\"https:\\\/\\\/schema.org\",\"@graph\":[{\"@type\":\"WebPage\",\"@id\":\"https:\\\/\\\/fundesplai.org\\\/programes-socials-i-joves\\\/oportunitat-jove\\\/\",\"url\":\"https:\\\/\\\/fundesplai.org\\\/programes-socials-i-joves\\\/oportunitat-jove\\\/\",\"name\":\"Oportunitat jove - Programes socials i per a joves\",\"isPartOf\":{\"@id\":\"https:\\\/\\\/fundesplai.org\\\/programes-socials-i-joves\\\/#website\"},\"datePublished\":\"2023-09-29T11:14:34+00:00\",\"dateModified\":\"2025-10-24T07:26:58+00:00\",\"description\":\"Oportunitat Jove \u00e9s un projecte per acompanyar els i les joves en el proc\u00e9s d'orientaci\u00f3 i formaci\u00f3 sociolaboral.\",\"breadcrumb\":{\"@id\":\"https:\\\/\\\/fundesplai.org\\\/programes-socials-i-joves\\\/oportunitat-jove\\\/#breadcrumb\"},\"inLanguage\":\"ca\",\"potentialAction\":[{\"@type\":\"ReadAction\",\"target\":[\"https:\\\/\\\/fundesplai.org\\\/programes-socials-i-joves\\\/oportunitat-jove\\\/\"]}]},{\"@type\":\"BreadcrumbList\",\"@id\":\"https:\\\/\\\/fundesplai.org\\\/programes-socials-i-joves\\\/oportunitat-jove\\\/#breadcrumb\",\"itemListElement\":[{\"@type\":\"ListItem\",\"position\":1,\"name\":\"Inici\",\"item\":\"\\\/\"},{\"@type\":\"ListItem\",\"position\":2,\"name\":\"Programes Socials i per a Joves\",\"item\":\"\\\/programes-socials-i-joves\\\/\"},{\"@type\":\"ListItem\",\"position\":3,\"name\":\"Oportunitat jove\"}]},{\"@type\":\"WebSite\",\"@id\":\"https:\\\/\\\/fundesplai.org\\\/programes-socials-i-joves\\\/#website\",\"url\":\"https:\\\/\\\/fundesplai.org\\\/programes-socials-i-joves\\\/\",\"name\":\"Programes socials i per a joves\",\"description\":\"Programes socials i per a joves\",\"publisher\":{\"@id\":\"https:\\\/\\\/fundesplai.org\\\/programes-socials-i-joves\\\/#organization\"},\"potentialAction\":[{\"@type\":\"SearchAction\",\"target\":{\"@type\":\"EntryPoint\",\"urlTemplate\":\"https:\\\/\\\/fundesplai.org\\\/programes-socials-i-joves\\\/?s={search_term_string}\"},\"query-input\":{\"@type\":\"PropertyValueSpecification\",\"valueRequired\":true,\"valueName\":\"search_term_string\"}}],\"inLanguage\":\"ca\"},{\"@type\":\"Organization\",\"@id\":\"https:\\\/\\\/fundesplai.org\\\/programes-socials-i-joves\\\/#organization\",\"name\":\"Programes socials i per a joves\",\"url\":\"https:\\\/\\\/fundesplai.org\\\/programes-socials-i-joves\\\/\",\"logo\":{\"@type\":\"ImageObject\",\"inLanguage\":\"ca\",\"@id\":\"https:\\\/\\\/fundesplai.org\\\/programes-socials-i-joves\\\/#\\\/schema\\\/logo\\\/image\\\/\",\"url\":\"https:\\\/\\\/fundesplai.org\\\/programes-socials-i-joves\\\/wp-content\\\/uploads\\\/sites\\\/32\\\/2023\\\/09\\\/Fundesplai-logo-web.png\",\"contentUrl\":\"https:\\\/\\\/fundesplai.org\\\/programes-socials-i-joves\\\/wp-content\\\/uploads\\\/sites\\\/32\\\/2023\\\/09\\\/Fundesplai-logo-web.png\",\"width\":298,\"height\":219,\"caption\":\"Programes socials i per a joves\"},\"image\":{\"@id\":\"https:\\\/\\\/fundesplai.org\\\/programes-socials-i-joves\\\/#\\\/schema\\\/logo\\\/image\\\/\"}}]}<\/script>\n<!-- \/ Yoast SEO plugin. -->","yoast_head_json":{"title":"Oportunitat jove - Programes socials i per a joves","description":"Oportunitat Jove \u00e9s un projecte per acompanyar els i les joves en el proc\u00e9s d'orientaci\u00f3 i formaci\u00f3 sociolaboral.","robots":{"index":"index","follow":"follow","max-snippet":"max-snippet:-1","max-image-preview":"max-image-preview:large","max-video-preview":"max-video-preview:-1"},"canonical":"https:\/\/fundesplai.org\/programes-socials-i-joves\/oportunitat-jove\/","og_locale":"ca_ES","og_type":"article","og_title":"Oportunitat jove - Programes socials i per a joves","og_description":"Oportunitat Jove \u00e9s un projecte per acompanyar els i les joves en el proc\u00e9s d'orientaci\u00f3 i formaci\u00f3 sociolaboral.","og_url":"https:\/\/fundesplai.org\/programes-socials-i-joves\/oportunitat-jove\/","og_site_name":"Programes socials i per a joves","article_modified_time":"2025-10-24T07:26:58+00:00","twitter_card":"summary_large_image","twitter_misc":{"Temps estimat de lectura":"2 minuts"},"schema":{"@context":"https:\/\/schema.org","@graph":[{"@type":"WebPage","@id":"https:\/\/fundesplai.org\/programes-socials-i-joves\/oportunitat-jove\/","url":"https:\/\/fundesplai.org\/programes-socials-i-joves\/oportunitat-jove\/","name":"Oportunitat jove - Programes socials i per a joves","isPartOf":{"@id":"https:\/\/fundesplai.org\/programes-socials-i-joves\/#website"},"datePublished":"2023-09-29T11:14:34+00:00","dateModified":"2025-10-24T07:26:58+00:00","description":"Oportunitat Jove \u00e9s un projecte per acompanyar els i les joves en el proc\u00e9s d'orientaci\u00f3 i formaci\u00f3 sociolaboral.","breadcrumb":{"@id":"https:\/\/fundesplai.org\/programes-socials-i-joves\/oportunitat-jove\/#breadcrumb"},"inLanguage":"ca","potentialAction":[{"@type":"ReadAction","target":["https:\/\/fundesplai.org\/programes-socials-i-joves\/oportunitat-jove\/"]}]},{"@type":"BreadcrumbList","@id":"https:\/\/fundesplai.org\/programes-socials-i-joves\/oportunitat-jove\/#breadcrumb","itemListElement":[{"@type":"ListItem","position":1,"name":"Inici","item":"\/"},{"@type":"ListItem","position":2,"name":"Programes Socials i per a Joves","item":"\/programes-socials-i-joves\/"},{"@type":"ListItem","position":3,"name":"Oportunitat jove"}]},{"@type":"WebSite","@id":"https:\/\/fundesplai.org\/programes-socials-i-joves\/#website","url":"https:\/\/fundesplai.org\/programes-socials-i-joves\/","name":"Programes socials i per a joves","description":"Programes socials i per a joves","publisher":{"@id":"https:\/\/fundesplai.org\/programes-socials-i-joves\/#organization"},"potentialAction":[{"@type":"SearchAction","target":{"@type":"EntryPoint","urlTemplate":"https:\/\/fundesplai.org\/programes-socials-i-joves\/?s={search_term_string}"},"query-input":{"@type":"PropertyValueSpecification","valueRequired":true,"valueName":"search_term_string"}}],"inLanguage":"ca"},{"@type":"Organization","@id":"https:\/\/fundesplai.org\/programes-socials-i-joves\/#organization","name":"Programes socials i per a joves","url":"https:\/\/fundesplai.org\/programes-socials-i-joves\/","logo":{"@type":"ImageObject","inLanguage":"ca","@id":"https:\/\/fundesplai.org\/programes-socials-i-joves\/#\/schema\/logo\/image\/","url":"https:\/\/fundesplai.org\/programes-socials-i-joves\/wp-content\/uploads\/sites\/32\/2023\/09\/Fundesplai-logo-web.png","contentUrl":"https:\/\/fundesplai.org\/programes-socials-i-joves\/wp-content\/uploads\/sites\/32\/2023\/09\/Fundesplai-logo-web.png","width":298,"height":219,"caption":"Programes socials i per a joves"},"image":{"@id":"https:\/\/fundesplai.org\/programes-socials-i-joves\/#\/schema\/logo\/image\/"}}]}},"_links":{"self":[{"href":"https:\/\/fundesplai.org\/programes-socials-i-joves\/wp-json\/wp\/v2\/pages\/47836","targetHints":{"allow":["GET"]}}],"collection":[{"href":"https:\/\/fundesplai.org\/programes-socials-i-joves\/wp-json\/wp\/v2\/pages"}],"about":[{"href":"https:\/\/fundesplai.org\/programes-socials-i-joves\/wp-json\/wp\/v2\/types\/page"}],"author":[{"embeddable":true,"href":"https:\/\/fundesplai.org\/programes-socials-i-joves\/wp-json\/wp\/v2\/users\/3"}],"replies":[{"embeddable":true,"href":"https:\/\/fundesplai.org\/programes-socials-i-joves\/wp-json\/wp\/v2\/comments?post=47836"}],"version-history":[{"count":19,"href":"https:\/\/fundesplai.org\/programes-socials-i-joves\/wp-json\/wp\/v2\/pages\/47836\/revisions"}],"predecessor-version":[{"id":51470,"href":"https:\/\/fundesplai.org\/programes-socials-i-joves\/wp-json\/wp\/v2\/pages\/47836\/revisions\/51470"}],"wp:attachment":[{"href":"https:\/\/fundesplai.org\/programes-socials-i-joves\/wp-json\/wp\/v2\/media?parent=47836"}],"curies":[{"name":"wp","href":"https:\/\/api.w.org\/{rel}","templated":true}]}}