{"id":47828,"date":"2023-09-29T13:10:50","date_gmt":"2023-09-29T11:10:50","guid":{"rendered":"https:\/\/fundesplai.org\/programes-socials-i-joves\/?page_id=47828"},"modified":"2025-10-24T09:26:05","modified_gmt":"2025-10-24T07:26:05","slug":"jove-valor","status":"publish","type":"page","link":"https:\/\/fundesplai.org\/programes-socials-i-joves\/jove-valor\/","title":{"rendered":"Jove Valor"},"content":{"rendered":"<p>[et_pb_section fb_built=&#8221;1&#8243; _builder_version=&#8221;4.17.4&#8243; _module_preset=&#8221;70232f3d-9a21-40ff-838c-3ec8e5c79929&#8243; global_colors_info=&#8221;{}&#8221;][et_pb_row _builder_version=&#8221;4.17.4&#8243; _module_preset=&#8221;default&#8221; global_colors_info=&#8221;{}&#8221;][et_pb_column type=&#8221;4_4&#8243; _builder_version=&#8221;4.17.4&#8243; _module_preset=&#8221;default&#8221; global_colors_info=&#8221;{}&#8221;][et_pb_post_title _builder_version=&#8221;4.19.0&#8243; _module_preset=&#8221;9371c9a3-bc16-48be-a795-4bb788cab8d3&#8243; global_colors_info=&#8221;{}&#8221;][\/et_pb_post_title][et_pb_text admin_label=&#8221;Finalitzat&#8221; _builder_version=&#8221;4.21.0&#8243; _module_preset=&#8221;default&#8221; custom_margin=&#8221;30px||||false|false&#8221; global_colors_info=&#8221;{}&#8221;]<\/p>\n<h4 style=\"text-align: center\"><em>Projecte finalitzat<\/em><\/h4>\n<p style=\"text-align: center\"><strong><em>2017 &#8211; 2021<\/em><\/strong><\/p>\n<p>[\/et_pb_text][et_pb_text _builder_version=&#8221;4.19.0&#8243; _module_preset=&#8221;default&#8221; custom_margin=&#8221;30px||||false|false&#8221; global_colors_info=&#8221;{}&#8221;]<\/p>\n<p>El projecte<strong> Jove Valor<\/strong> es va realitzar des del 2017 fins el 2021.\u00a0 Actualment ha evolucionat per esdevenir el <a href=\"https:\/\/fundesplai.org\/?page_id=35649&amp;preview=true\">Dem\u00e0 Jove.<\/a> Es tractava d&#8217;una iniciativa dirigida a persones joves, d\u2019entre 18 i 29 anys, <strong>en situaci\u00f3 d\u2019atur,<\/strong> a trav\u00e9s de la qual descobrien i milloraven el seu talent a partir de l\u2019apoderament i l\u2019enfortiment de les seves capacitats. Aquest programa actualment<strong> ja no \u00e9s vigent<\/strong>, per\u00f2 el programa <a href=\"https:\/\/fundesplai.org\/?page_id=35649&amp;preview=true\">Dem\u00e0 Jove<\/a> segueix la mateixa ess\u00e8ncia.<\/p>\n<p>[\/et_pb_text][et_pb_video src=&#8221;https:\/\/www.youtube.com\/watch?v=HdnGNi6mA_4&#8243; _builder_version=&#8221;4.17.4&#8243; _module_preset=&#8221;default&#8221; custom_margin=&#8221;30px||||false|false&#8221; global_colors_info=&#8221;{}&#8221;][\/et_pb_video][\/et_pb_column][\/et_pb_row][et_pb_row _builder_version=&#8221;4.17.4&#8243; _module_preset=&#8221;default&#8221; global_colors_info=&#8221;{}&#8221;][et_pb_column type=&#8221;4_4&#8243; _builder_version=&#8221;4.17.4&#8243; _module_preset=&#8221;default&#8221; global_colors_info=&#8221;{}&#8221;][et_pb_text admin_label=&#8221;obj&#8221; _builder_version=&#8221;4.17.4&#8243; _module_preset=&#8221;default&#8221; custom_margin=&#8221;30px||||false|false&#8221; global_colors_info=&#8221;{}&#8221;]<\/p>\n<h3>OBJECTIUS<\/h3>\n<p>A Jove Valor s\u2019ofereix als nois i noies una\u00a0<strong>experi\u00e8ncia professional<\/strong>\u00a0de 6 mesos (amb un contracte laboral a mitja jornada) en una empresa acollidora i es combina un proc\u00e9s de treball formatiu i competencial.<\/p>\n<p>Volem donar resposta m\u00e9s que mai als sectors productius del territori treballant conjuntament en el disseny de les accions formatives per tal que s\u2019adaptin a les seves necessitats reals i, mantenint un contacte permanent durant l\u2019execuci\u00f3 del tot el projecte. D\u2019aquesta manera <strong>el projecte fa de pont entre l\u2019oferta i la demanda de feina<\/strong> possibilitant aix\u00ed un alt \u00edndex d\u2019inserci\u00f3. Aquest projecte forma part del Programa de Garantia Juvenil de la Generalitat de Catalunya.<\/p>\n<p>[\/et_pb_text][et_pb_text admin_label=&#8221;resultats&#8221; _builder_version=&#8221;4.17.4&#8243; _module_preset=&#8221;default&#8221; custom_margin=&#8221;30px||||false|false&#8221; global_colors_info=&#8221;{}&#8221;]<\/p>\n<h3>UN PROJECTE AMB GRANS RESULTATS<\/h3>\n<p>Durant el 2017-2018 es va realitzar la primera edici\u00f3 pilot del projecte que va ser avaluada per un equip d\u2019investigadors de la\u00a0<strong>Universitat de Barcelona<\/strong>\u00a0i els resultats constaten que el projecte:<\/p>\n<ul>\n<li>Ha ofert als i les joves l\u2019obertura cap a una nova realitat<\/li>\n<li>Un canvi contundent en les seves vides perqu\u00e8 una majoria ha trobat feina (65%).<\/li>\n<li>Els que no treballen han volgut reprendre els seus estudis.<\/li>\n<li>Han desenvolupat un gran creixement personal i competencial.<\/li>\n<\/ul>\n<p>[\/et_pb_text][et_pb_text admin_label=&#8221;rerquisits&#8221; _builder_version=&#8221;4.17.4&#8243; _module_preset=&#8221;default&#8221; custom_margin=&#8221;30px||||false|false&#8221; global_colors_info=&#8221;{}&#8221;]<\/p>\n<h3>REQUISITS PER PARTICIPAR AL PROJECTE<\/h3>\n<p>Requisits del programa Jove Valor:<\/p>\n<ul>\n<li>Tenir nacionalitat espanyola o ser ciutad\u00e0 de la Uni\u00f3 o dels Estats que formen part de l&#8217;Acord sobre l&#8217;espai Econ\u00f2mic Europeu o Su\u00efssa que es trobin a Espanya en exercici de la lliure circulaci\u00f3 i resid\u00e8ncia. Tamb\u00e9 podran inscriure-s&#8217;hi els estrangers titulars d&#8217;una autoritzaci\u00f3 per a residir en territori espanyol que habiliti per a treballar.<\/li>\n<li>Estar empadronat a qualsevol municipi de Catalunya.<\/li>\n<li>Tenir m\u00e9s de 18 anys i menys de 29 anys en el moment de sol\u00b7licitar la inscripci\u00f3 en el Fitxer del Sistema Nacional de Garantia Juvenil.<\/li>\n<li>No haver treballat en el dia natural anterior a la data de presentaci\u00f3 de la sol\u00b7licitud.<\/li>\n<li>No haver rebut accions educatives en el dia natural anterior a la data de presentaci\u00f3 de la sol\u00b7licitud.<\/li>\n<li>No haver rebut accions formatives en el dia natural anterior a la data de presentaci\u00f3 de la sol\u00b7licitud.<\/li>\n<li>Presentar una declaraci\u00f3 expressa de tenir inter\u00e8s en participar en el Sistema Nacional de Garantia Juvenil, adquirint un comprom\u00eds de participaci\u00f3 activa en les actuacions que es desenvolupin en el marc de la Garantia Juvenil.<\/li>\n<\/ul>\n<p>[\/et_pb_text][et_pb_text _builder_version=&#8221;4.17.4&#8243; _module_preset=&#8221;default&#8221; custom_margin=&#8221;30px||||false|false&#8221; global_colors_info=&#8221;{}&#8221;]<\/p>\n<h3>AMB EL SUPORT DE<\/h3>\n<p>Aquest projecte est\u00e0 subvencionat pel Servei P\u00fablic d\u2019Ocupaci\u00f3 de Catalunya, el Ministeri de Treball i Economia Social i el Fons Social Europeu en el marc de la Iniciativa d\u2019Ocupaci\u00f3 Juvenil, d\u2019acord amb els Projectes Singulars de Garantia Juvenil.<\/p>\n<p>[\/et_pb_text][et_pb_image src=&#8221;https:\/\/fundesplai.org\/programes-socials-i-joves\/wp-content\/uploads\/sites\/32\/2023\/09\/UNio_logos_oficials_amb_text.png&#8221; title_text=&#8221;UNio_logos_oficials_amb_text&#8221; align=&#8221;center&#8221; _builder_version=&#8221;4.21.0&#8243; _module_preset=&#8221;default&#8221; custom_margin=&#8221;30px||50px||false|false&#8221; global_colors_info=&#8221;{}&#8221;][\/et_pb_image][\/et_pb_column][\/et_pb_row][et_pb_row _builder_version=&#8221;4.19.0&#8243; _module_preset=&#8221;default&#8221; custom_margin=&#8221;40px||||false|false&#8221; locked=&#8221;off&#8221; global_colors_info=&#8221;{}&#8221;][et_pb_column type=&#8221;4_4&#8243; _builder_version=&#8221;4.19.0&#8243; _module_preset=&#8221;default&#8221; global_colors_info=&#8221;{}&#8221;][et_pb_button button_url=&#8221;\/programes-socials-i-joves\/&#8221; button_text=&#8221;Descobreix altres projectes d&#8217;acci\u00f3 social i joves&#8221; button_alignment=&#8221;center&#8221; admin_label=&#8221;Descobreix altres projectes acci\u00f3 social&#8221; _builder_version=&#8221;4.21.0&#8243; _module_preset=&#8221;default&#8221; global_colors_info=&#8221;{}&#8221;][\/et_pb_button][\/et_pb_column][\/et_pb_row][\/et_pb_section]<\/p>\n","protected":false},"excerpt":{"rendered":"<p>El projecte Jove Valor es va realitzar fins al 2021. Actualment, ha evolucionat per esdevenir el Dem\u00e0 Jove, amb la mateixa ess\u00e8ncia.<\/p>\n","protected":false},"author":3,"featured_media":47833,"parent":0,"menu_order":0,"comment_status":"closed","ping_status":"closed","template":"","meta":{"_et_pb_use_builder":"on","_et_pb_old_content":"","_et_gb_content_width":"","footnotes":""},"class_list":["post-47828","page","type-page","status-publish","has-post-thumbnail","hentry"],"yoast_head":"<!-- This site is optimized with the Yoast SEO plugin v27.3 - https:\/\/yoast.com\/product\/yoast-seo-wordpress\/ -->\n<title>Jove Valor - Programes socials i per a joves<\/title>\n<meta name=\"description\" content=\"El projecte Jove Valor es va realitzar fins al 2021. Actualment, ha evolucionat per esdevenir el Dem\u00e0 Jove, amb la mateixa ess\u00e8ncia.\" \/>\n<meta name=\"robots\" content=\"index, follow, max-snippet:-1, max-image-preview:large, max-video-preview:-1\" \/>\n<link rel=\"canonical\" href=\"https:\/\/fundesplai.org\/programes-socials-i-joves\/jove-valor\/\" \/>\n<meta property=\"og:locale\" content=\"ca_ES\" \/>\n<meta property=\"og:type\" content=\"article\" \/>\n<meta property=\"og:title\" content=\"Jove Valor - Programes socials i per a joves\" \/>\n<meta property=\"og:description\" content=\"El projecte Jove Valor es va realitzar fins al 2021. Actualment, ha evolucionat per esdevenir el Dem\u00e0 Jove, amb la mateixa ess\u00e8ncia.\" \/>\n<meta property=\"og:url\" content=\"https:\/\/fundesplai.org\/programes-socials-i-joves\/jove-valor\/\" \/>\n<meta property=\"og:site_name\" content=\"Programes socials i per a joves\" \/>\n<meta property=\"article:modified_time\" content=\"2025-10-24T07:26:05+00:00\" \/>\n<meta property=\"og:image\" content=\"https:\/\/fundesplai.org\/programes-socials-i-joves\/wp-content\/uploads\/sites\/32\/2023\/09\/Projecte-Jove-valor-Fundesplai.jpg\" \/>\n\t<meta property=\"og:image:width\" content=\"958\" \/>\n\t<meta property=\"og:image:height\" content=\"672\" \/>\n\t<meta property=\"og:image:type\" content=\"image\/jpeg\" \/>\n<meta name=\"twitter:card\" content=\"summary_large_image\" \/>\n<meta name=\"twitter:label1\" content=\"Temps estimat de lectura\" \/>\n\t<meta name=\"twitter:data1\" content=\"4 minuts\" \/>\n<script type=\"application\/ld+json\" class=\"yoast-schema-graph\">{\"@context\":\"https:\\\/\\\/schema.org\",\"@graph\":[{\"@type\":\"WebPage\",\"@id\":\"https:\\\/\\\/fundesplai.org\\\/programes-socials-i-joves\\\/jove-valor\\\/\",\"url\":\"https:\\\/\\\/fundesplai.org\\\/programes-socials-i-joves\\\/jove-valor\\\/\",\"name\":\"Jove Valor - Programes socials i per a joves\",\"isPartOf\":{\"@id\":\"https:\\\/\\\/fundesplai.org\\\/programes-socials-i-joves\\\/#website\"},\"primaryImageOfPage\":{\"@id\":\"https:\\\/\\\/fundesplai.org\\\/programes-socials-i-joves\\\/jove-valor\\\/#primaryimage\"},\"image\":{\"@id\":\"https:\\\/\\\/fundesplai.org\\\/programes-socials-i-joves\\\/jove-valor\\\/#primaryimage\"},\"thumbnailUrl\":\"https:\\\/\\\/fundesplai.org\\\/programes-socials-i-joves\\\/wp-content\\\/uploads\\\/sites\\\/32\\\/2023\\\/09\\\/Projecte-Jove-valor-Fundesplai.jpg\",\"datePublished\":\"2023-09-29T11:10:50+00:00\",\"dateModified\":\"2025-10-24T07:26:05+00:00\",\"description\":\"El projecte Jove Valor es va realitzar fins al 2021. Actualment, ha evolucionat per esdevenir el Dem\u00e0 Jove, amb la mateixa ess\u00e8ncia.\",\"breadcrumb\":{\"@id\":\"https:\\\/\\\/fundesplai.org\\\/programes-socials-i-joves\\\/jove-valor\\\/#breadcrumb\"},\"inLanguage\":\"ca\",\"potentialAction\":[{\"@type\":\"ReadAction\",\"target\":[\"https:\\\/\\\/fundesplai.org\\\/programes-socials-i-joves\\\/jove-valor\\\/\"]}]},{\"@type\":\"ImageObject\",\"inLanguage\":\"ca\",\"@id\":\"https:\\\/\\\/fundesplai.org\\\/programes-socials-i-joves\\\/jove-valor\\\/#primaryimage\",\"url\":\"https:\\\/\\\/fundesplai.org\\\/programes-socials-i-joves\\\/wp-content\\\/uploads\\\/sites\\\/32\\\/2023\\\/09\\\/Projecte-Jove-valor-Fundesplai.jpg\",\"contentUrl\":\"https:\\\/\\\/fundesplai.org\\\/programes-socials-i-joves\\\/wp-content\\\/uploads\\\/sites\\\/32\\\/2023\\\/09\\\/Projecte-Jove-valor-Fundesplai.jpg\",\"width\":958,\"height\":672,\"caption\":\"Projecte Jove valor Fundesplai finalitzat\"},{\"@type\":\"BreadcrumbList\",\"@id\":\"https:\\\/\\\/fundesplai.org\\\/programes-socials-i-joves\\\/jove-valor\\\/#breadcrumb\",\"itemListElement\":[{\"@type\":\"ListItem\",\"position\":1,\"name\":\"Inici\",\"item\":\"\\\/\"},{\"@type\":\"ListItem\",\"position\":2,\"name\":\"Programes Socials i per a Joves\",\"item\":\"\\\/programes-socials-i-joves\\\/\"},{\"@type\":\"ListItem\",\"position\":3,\"name\":\"Jove Valor\"}]},{\"@type\":\"WebSite\",\"@id\":\"https:\\\/\\\/fundesplai.org\\\/programes-socials-i-joves\\\/#website\",\"url\":\"https:\\\/\\\/fundesplai.org\\\/programes-socials-i-joves\\\/\",\"name\":\"Programes socials i per a joves\",\"description\":\"Programes socials i per a joves\",\"publisher\":{\"@id\":\"https:\\\/\\\/fundesplai.org\\\/programes-socials-i-joves\\\/#organization\"},\"potentialAction\":[{\"@type\":\"SearchAction\",\"target\":{\"@type\":\"EntryPoint\",\"urlTemplate\":\"https:\\\/\\\/fundesplai.org\\\/programes-socials-i-joves\\\/?s={search_term_string}\"},\"query-input\":{\"@type\":\"PropertyValueSpecification\",\"valueRequired\":true,\"valueName\":\"search_term_string\"}}],\"inLanguage\":\"ca\"},{\"@type\":\"Organization\",\"@id\":\"https:\\\/\\\/fundesplai.org\\\/programes-socials-i-joves\\\/#organization\",\"name\":\"Programes socials i per a joves\",\"url\":\"https:\\\/\\\/fundesplai.org\\\/programes-socials-i-joves\\\/\",\"logo\":{\"@type\":\"ImageObject\",\"inLanguage\":\"ca\",\"@id\":\"https:\\\/\\\/fundesplai.org\\\/programes-socials-i-joves\\\/#\\\/schema\\\/logo\\\/image\\\/\",\"url\":\"https:\\\/\\\/fundesplai.org\\\/programes-socials-i-joves\\\/wp-content\\\/uploads\\\/sites\\\/32\\\/2023\\\/09\\\/Fundesplai-logo-web.png\",\"contentUrl\":\"https:\\\/\\\/fundesplai.org\\\/programes-socials-i-joves\\\/wp-content\\\/uploads\\\/sites\\\/32\\\/2023\\\/09\\\/Fundesplai-logo-web.png\",\"width\":298,\"height\":219,\"caption\":\"Programes socials i per a joves\"},\"image\":{\"@id\":\"https:\\\/\\\/fundesplai.org\\\/programes-socials-i-joves\\\/#\\\/schema\\\/logo\\\/image\\\/\"}}]}<\/script>\n<!-- \/ Yoast SEO plugin. -->","yoast_head_json":{"title":"Jove Valor - Programes socials i per a joves","description":"El projecte Jove Valor es va realitzar fins al 2021. Actualment, ha evolucionat per esdevenir el Dem\u00e0 Jove, amb la mateixa ess\u00e8ncia.","robots":{"index":"index","follow":"follow","max-snippet":"max-snippet:-1","max-image-preview":"max-image-preview:large","max-video-preview":"max-video-preview:-1"},"canonical":"https:\/\/fundesplai.org\/programes-socials-i-joves\/jove-valor\/","og_locale":"ca_ES","og_type":"article","og_title":"Jove Valor - Programes socials i per a joves","og_description":"El projecte Jove Valor es va realitzar fins al 2021. Actualment, ha evolucionat per esdevenir el Dem\u00e0 Jove, amb la mateixa ess\u00e8ncia.","og_url":"https:\/\/fundesplai.org\/programes-socials-i-joves\/jove-valor\/","og_site_name":"Programes socials i per a joves","article_modified_time":"2025-10-24T07:26:05+00:00","og_image":[{"width":958,"height":672,"url":"https:\/\/fundesplai.org\/programes-socials-i-joves\/wp-content\/uploads\/sites\/32\/2023\/09\/Projecte-Jove-valor-Fundesplai.jpg","type":"image\/jpeg"}],"twitter_card":"summary_large_image","twitter_misc":{"Temps estimat de lectura":"4 minuts"},"schema":{"@context":"https:\/\/schema.org","@graph":[{"@type":"WebPage","@id":"https:\/\/fundesplai.org\/programes-socials-i-joves\/jove-valor\/","url":"https:\/\/fundesplai.org\/programes-socials-i-joves\/jove-valor\/","name":"Jove Valor - Programes socials i per a joves","isPartOf":{"@id":"https:\/\/fundesplai.org\/programes-socials-i-joves\/#website"},"primaryImageOfPage":{"@id":"https:\/\/fundesplai.org\/programes-socials-i-joves\/jove-valor\/#primaryimage"},"image":{"@id":"https:\/\/fundesplai.org\/programes-socials-i-joves\/jove-valor\/#primaryimage"},"thumbnailUrl":"https:\/\/fundesplai.org\/programes-socials-i-joves\/wp-content\/uploads\/sites\/32\/2023\/09\/Projecte-Jove-valor-Fundesplai.jpg","datePublished":"2023-09-29T11:10:50+00:00","dateModified":"2025-10-24T07:26:05+00:00","description":"El projecte Jove Valor es va realitzar fins al 2021. Actualment, ha evolucionat per esdevenir el Dem\u00e0 Jove, amb la mateixa ess\u00e8ncia.","breadcrumb":{"@id":"https:\/\/fundesplai.org\/programes-socials-i-joves\/jove-valor\/#breadcrumb"},"inLanguage":"ca","potentialAction":[{"@type":"ReadAction","target":["https:\/\/fundesplai.org\/programes-socials-i-joves\/jove-valor\/"]}]},{"@type":"ImageObject","inLanguage":"ca","@id":"https:\/\/fundesplai.org\/programes-socials-i-joves\/jove-valor\/#primaryimage","url":"https:\/\/fundesplai.org\/programes-socials-i-joves\/wp-content\/uploads\/sites\/32\/2023\/09\/Projecte-Jove-valor-Fundesplai.jpg","contentUrl":"https:\/\/fundesplai.org\/programes-socials-i-joves\/wp-content\/uploads\/sites\/32\/2023\/09\/Projecte-Jove-valor-Fundesplai.jpg","width":958,"height":672,"caption":"Projecte Jove valor Fundesplai finalitzat"},{"@type":"BreadcrumbList","@id":"https:\/\/fundesplai.org\/programes-socials-i-joves\/jove-valor\/#breadcrumb","itemListElement":[{"@type":"ListItem","position":1,"name":"Inici","item":"\/"},{"@type":"ListItem","position":2,"name":"Programes Socials i per a Joves","item":"\/programes-socials-i-joves\/"},{"@type":"ListItem","position":3,"name":"Jove Valor"}]},{"@type":"WebSite","@id":"https:\/\/fundesplai.org\/programes-socials-i-joves\/#website","url":"https:\/\/fundesplai.org\/programes-socials-i-joves\/","name":"Programes socials i per a joves","description":"Programes socials i per a joves","publisher":{"@id":"https:\/\/fundesplai.org\/programes-socials-i-joves\/#organization"},"potentialAction":[{"@type":"SearchAction","target":{"@type":"EntryPoint","urlTemplate":"https:\/\/fundesplai.org\/programes-socials-i-joves\/?s={search_term_string}"},"query-input":{"@type":"PropertyValueSpecification","valueRequired":true,"valueName":"search_term_string"}}],"inLanguage":"ca"},{"@type":"Organization","@id":"https:\/\/fundesplai.org\/programes-socials-i-joves\/#organization","name":"Programes socials i per a joves","url":"https:\/\/fundesplai.org\/programes-socials-i-joves\/","logo":{"@type":"ImageObject","inLanguage":"ca","@id":"https:\/\/fundesplai.org\/programes-socials-i-joves\/#\/schema\/logo\/image\/","url":"https:\/\/fundesplai.org\/programes-socials-i-joves\/wp-content\/uploads\/sites\/32\/2023\/09\/Fundesplai-logo-web.png","contentUrl":"https:\/\/fundesplai.org\/programes-socials-i-joves\/wp-content\/uploads\/sites\/32\/2023\/09\/Fundesplai-logo-web.png","width":298,"height":219,"caption":"Programes socials i per a joves"},"image":{"@id":"https:\/\/fundesplai.org\/programes-socials-i-joves\/#\/schema\/logo\/image\/"}}]}},"_links":{"self":[{"href":"https:\/\/fundesplai.org\/programes-socials-i-joves\/wp-json\/wp\/v2\/pages\/47828","targetHints":{"allow":["GET"]}}],"collection":[{"href":"https:\/\/fundesplai.org\/programes-socials-i-joves\/wp-json\/wp\/v2\/pages"}],"about":[{"href":"https:\/\/fundesplai.org\/programes-socials-i-joves\/wp-json\/wp\/v2\/types\/page"}],"author":[{"embeddable":true,"href":"https:\/\/fundesplai.org\/programes-socials-i-joves\/wp-json\/wp\/v2\/users\/3"}],"replies":[{"embeddable":true,"href":"https:\/\/fundesplai.org\/programes-socials-i-joves\/wp-json\/wp\/v2\/comments?post=47828"}],"version-history":[{"count":10,"href":"https:\/\/fundesplai.org\/programes-socials-i-joves\/wp-json\/wp\/v2\/pages\/47828\/revisions"}],"predecessor-version":[{"id":51457,"href":"https:\/\/fundesplai.org\/programes-socials-i-joves\/wp-json\/wp\/v2\/pages\/47828\/revisions\/51457"}],"wp:featuredmedia":[{"embeddable":true,"href":"https:\/\/fundesplai.org\/programes-socials-i-joves\/wp-json\/wp\/v2\/media\/47833"}],"wp:attachment":[{"href":"https:\/\/fundesplai.org\/programes-socials-i-joves\/wp-json\/wp\/v2\/media?parent=47828"}],"curies":[{"name":"wp","href":"https:\/\/api.w.org\/{rel}","templated":true}]}}