{"id":47804,"date":"2023-09-29T13:02:59","date_gmt":"2023-09-29T11:02:59","guid":{"rendered":"https:\/\/fundesplai.org\/programes-socials-i-joves\/?page_id=47804"},"modified":"2025-10-24T09:25:06","modified_gmt":"2025-10-24T07:25:06","slug":"gestors-culturals","status":"publish","type":"page","link":"https:\/\/fundesplai.org\/programes-socials-i-joves\/gestors-culturals\/","title":{"rendered":"Gestors culturals"},"content":{"rendered":"<p>[et_pb_section fb_built=&#8221;1&#8243; _builder_version=&#8221;4.17.4&#8243; _module_preset=&#8221;4a9309c5-215c-4df3-ac18-118c6ca33298&#8243; global_colors_info=&#8221;{}&#8221;][et_pb_row _builder_version=&#8221;4.17.4&#8243; _module_preset=&#8221;default&#8221; global_colors_info=&#8221;{}&#8221;][et_pb_column type=&#8221;4_4&#8243; _builder_version=&#8221;4.17.4&#8243; _module_preset=&#8221;default&#8221; global_colors_info=&#8221;{}&#8221;][et_pb_post_title _builder_version=&#8221;4.19.0&#8243; _module_preset=&#8221;f3befe2e-9dfd-467a-a00c-2e8fe5643a02&#8243; global_colors_info=&#8221;{}&#8221;][\/et_pb_post_title][et_pb_text admin_label=&#8221;Finalitzat&#8221; _builder_version=&#8221;4.21.0&#8243; _module_preset=&#8221;default&#8221; custom_margin=&#8221;30px||||false|false&#8221; locked=&#8221;off&#8221; global_colors_info=&#8221;{}&#8221;]<\/p>\n<h4 style=\"text-align: center\"><em>Projecte finalitzat<\/em><\/h4>\n<p style=\"text-align: center\"><em><strong>2010 &#8211; 2021<\/strong><br \/><\/em><\/p>\n<p>[\/et_pb_text][et_pb_text _builder_version=&#8221;4.21.0&#8243; _module_preset=&#8221;default&#8221; custom_margin=&#8221;30px||||false|false&#8221; global_colors_info=&#8221;{}&#8221;]<\/p>\n<p>El projecte de Gestors Culturals iniciat l&#8217;any 2010 es centra en la<strong> participaci\u00f3 i lleure als centres penitenciaris. <\/strong>El projecte pret\u00e9n donar resposta a les necessitats detectades en relaci\u00f3 a l&#8217;\u00fas del temps lliure de les persones recloses en centres penitenciaris, implicant els mateixos interns i internes en el disseny, l&#8217;oferta i la construcci\u00f3 d&#8217;alternatives d&#8217;oci i temps lliure de qualitat, organitzades i dutes a terme en comunitat.<\/p>\n<p>[\/et_pb_text][et_pb_image src=&#8221;https:\/\/fundesplai.org\/programes-socials-i-joves\/wp-content\/uploads\/sites\/32\/2023\/09\/Gestor-cultural.jpg&#8221; title_text=&#8221;Gestor cultural&#8221; align=&#8221;center&#8221; _builder_version=&#8221;4.17.4&#8243; _module_preset=&#8221;default&#8221; custom_margin=&#8221;30px||||false|false&#8221; global_colors_info=&#8221;{}&#8221;][\/et_pb_image][\/et_pb_column][\/et_pb_row][et_pb_row _builder_version=&#8221;4.17.4&#8243; _module_preset=&#8221;default&#8221; global_colors_info=&#8221;{}&#8221;][et_pb_column type=&#8221;4_4&#8243; _builder_version=&#8221;4.17.4&#8243; _module_preset=&#8221;default&#8221; global_colors_info=&#8221;{}&#8221;][et_pb_text admin_label=&#8221;projecte&#8221; _builder_version=&#8221;4.19.0&#8243; _module_preset=&#8221;default&#8221; custom_margin=&#8221;30px||||false|false&#8221; global_colors_info=&#8221;{}&#8221;]<\/p>\n<h3>DE QU\u00c8 TRACTA EL PROJECTE?<\/h3>\n<p>La formaci\u00f3 dels interns i internes per a que esdevinguin agents culturals i la constituci\u00f3 dels grups de gestors\/es culturals a l&#8217;interior dels centres penitenciaris, \u00e9s el resultat d&#8217;un<strong> proc\u00e9s educatiu globalitzador,<\/strong> que es basa en la <strong>participaci\u00f3 i el protagonisme de les persones internes<\/strong>, aix\u00ed com en el treball de les seves capacitats i adquisici\u00f3 de responsabilitats vers els altres i vers la comunitat.<\/p>\n<p>Els tallers i la dinamitzaci\u00f3 del grup pretenen <strong>aportar capacitats i compet\u00e8ncies socials i comunicatives als participants<\/strong>, treballant des de la vessant de l&#8217;educaci\u00f3 emocional, empatia, assertivitat, autoestima, el treball en equip, la resoluci\u00f3 de conflictes, capacitats organitzatives, elements de comunicaci\u00f3&#8230; per tal d&#8217;<strong>empoderar-los<\/strong> per a qu\u00e8 siguin capa\u00e7os de dissenyar i dinamitzar les activitats als espais de lleure dels centres penitenciaris.<\/p>\n<p>[\/et_pb_text][et_pb_text admin_label=&#8221;objectius&#8221; _builder_version=&#8221;4.19.0&#8243; _module_preset=&#8221;default&#8221; custom_margin=&#8221;30px||||false|false&#8221; global_colors_info=&#8221;{}&#8221;]<\/p>\n<h3>OBJECTIUS<\/h3>\n<p><strong>Potenciar la cultura participativa<\/strong> de les persones internes als centres penitenciaris des dels drets i deures, amb un comprom\u00eds m\u00e9s ferm en tot all\u00f2 que els envolta i amb uns canals adequats a la seva realitat quotidiana. El present projecte persegueix el <strong>foment de l&#8217;educaci\u00f3 en valors<\/strong> des de la motivaci\u00f3 per a la<strong> participaci\u00f3 i la dinamitzaci\u00f3 d&#8217;activitats<\/strong> a trav\u00e9s de la metodologia d&#8217;aprenentatge servei (ApS) i formar a les persones internes com a dinamitzadores aut\u00f2nomes d&#8217;un temps d&#8217;oci de qualitat.<\/p>\n<p>[\/et_pb_text][et_pb_text admin_label=&#8221;contacte&#8221; _builder_version=&#8221;4.21.0&#8243; _module_preset=&#8221;default&#8221; custom_margin=&#8221;30px||||false|false&#8221; global_colors_info=&#8221;{}&#8221;]<\/p>\n<h3>CONTACTE<\/h3>\n<p>Si est\u00e0s interessat\/ada en aquest projecte o altres projectes relacionats amb joves i acci\u00f3 social, contacta amb: <a href=\"mailto:acciosocial@fundesplai.org\" target=\"_blank\" rel=\"noopener noreferrer\" data-auth=\"NotApplicable\" data-linkindex=\"0\">acciosocial@fundesplai.org<\/a>.<\/p>\n<p>[\/et_pb_text][et_pb_text admin_label=&#8221;suport&#8221; _builder_version=&#8221;4.17.4&#8243; _module_preset=&#8221;default&#8221; custom_margin=&#8221;30px||||false|false&#8221; global_colors_info=&#8221;{}&#8221;]<\/p>\n<h3>AMB EL SUPORT DE<\/h3>\n<p>[\/et_pb_text][et_pb_image src=&#8221;https:\/\/fundesplai.org\/programes-socials-i-joves\/wp-content\/uploads\/sites\/32\/2023\/09\/Logos-gestio-cultural-presons.png&#8221; title_text=&#8221;Logos gesti\u00f3 cultural presons&#8221; align=&#8221;center&#8221; _builder_version=&#8221;4.17.4&#8243; _module_preset=&#8221;default&#8221; custom_margin=&#8221;30px||50px||false|false&#8221; global_colors_info=&#8221;{}&#8221;][\/et_pb_image][\/et_pb_column][\/et_pb_row][et_pb_row _builder_version=&#8221;4.19.0&#8243; _module_preset=&#8221;default&#8221; custom_margin=&#8221;40px||||false|false&#8221; locked=&#8221;off&#8221; global_colors_info=&#8221;{}&#8221;][et_pb_column type=&#8221;4_4&#8243; _builder_version=&#8221;4.19.0&#8243; _module_preset=&#8221;default&#8221; global_colors_info=&#8221;{}&#8221;][et_pb_button button_url=&#8221;\/programes-socials-i-joves\/&#8221; button_text=&#8221;Descobreix altres projectes d&#8217;acci\u00f3 social i joves&#8221; button_alignment=&#8221;center&#8221; admin_label=&#8221;Descobreix altres projectes acci\u00f3 social&#8221; _builder_version=&#8221;4.21.0&#8243; _module_preset=&#8221;default&#8221; global_colors_info=&#8221;{}&#8221;][\/et_pb_button][\/et_pb_column][\/et_pb_row][\/et_pb_section]<\/p>\n","protected":false},"excerpt":{"rendered":"<p>El projecte de Gestors Culturals iniciat l\u2019any 2010 se centra en la participaci\u00f3 i lleure als centres penitenciaris.<\/p>\n","protected":false},"author":3,"featured_media":47807,"parent":0,"menu_order":0,"comment_status":"closed","ping_status":"closed","template":"","meta":{"_et_pb_use_builder":"on","_et_pb_old_content":"","_et_gb_content_width":"","footnotes":""},"class_list":["post-47804","page","type-page","status-publish","has-post-thumbnail","hentry"],"yoast_head":"<!-- This site is optimized with the Yoast SEO plugin v27.4 - https:\/\/yoast.com\/product\/yoast-seo-wordpress\/ -->\n<title>Gestors culturals - Programes socials i per a joves<\/title>\n<meta name=\"description\" content=\"El projecte de Gestors Culturals iniciat l\u2019any 2010 se centra en la participaci\u00f3 i lleure als centres penitenciaris.\" \/>\n<meta name=\"robots\" content=\"index, follow, max-snippet:-1, max-image-preview:large, max-video-preview:-1\" \/>\n<link rel=\"canonical\" href=\"https:\/\/fundesplai.org\/programes-socials-i-joves\/gestors-culturals\/\" \/>\n<meta property=\"og:locale\" content=\"ca_ES\" \/>\n<meta property=\"og:type\" content=\"article\" \/>\n<meta property=\"og:title\" content=\"Gestors culturals - Programes socials i per a joves\" \/>\n<meta property=\"og:description\" content=\"El projecte de Gestors Culturals iniciat l\u2019any 2010 se centra en la participaci\u00f3 i lleure als centres penitenciaris.\" \/>\n<meta property=\"og:url\" content=\"https:\/\/fundesplai.org\/programes-socials-i-joves\/gestors-culturals\/\" \/>\n<meta property=\"og:site_name\" content=\"Programes socials i per a joves\" \/>\n<meta property=\"article:modified_time\" content=\"2025-10-24T07:25:06+00:00\" \/>\n<meta property=\"og:image\" content=\"https:\/\/fundesplai.org\/programes-socials-i-joves\/wp-content\/uploads\/sites\/32\/2023\/09\/Gestor-cultural.jpg\" \/>\n\t<meta property=\"og:image:width\" content=\"1888\" \/>\n\t<meta property=\"og:image:height\" content=\"600\" \/>\n\t<meta property=\"og:image:type\" content=\"image\/jpeg\" \/>\n<meta name=\"twitter:card\" content=\"summary_large_image\" \/>\n<meta name=\"twitter:label1\" content=\"Temps estimat de lectura\" \/>\n\t<meta name=\"twitter:data1\" content=\"3 minuts\" \/>\n<script type=\"application\/ld+json\" class=\"yoast-schema-graph\">{\"@context\":\"https:\\\/\\\/schema.org\",\"@graph\":[{\"@type\":\"WebPage\",\"@id\":\"https:\\\/\\\/fundesplai.org\\\/programes-socials-i-joves\\\/gestors-culturals\\\/\",\"url\":\"https:\\\/\\\/fundesplai.org\\\/programes-socials-i-joves\\\/gestors-culturals\\\/\",\"name\":\"Gestors culturals - Programes socials i per a joves\",\"isPartOf\":{\"@id\":\"https:\\\/\\\/fundesplai.org\\\/programes-socials-i-joves\\\/#website\"},\"primaryImageOfPage\":{\"@id\":\"https:\\\/\\\/fundesplai.org\\\/programes-socials-i-joves\\\/gestors-culturals\\\/#primaryimage\"},\"image\":{\"@id\":\"https:\\\/\\\/fundesplai.org\\\/programes-socials-i-joves\\\/gestors-culturals\\\/#primaryimage\"},\"thumbnailUrl\":\"https:\\\/\\\/fundesplai.org\\\/programes-socials-i-joves\\\/wp-content\\\/uploads\\\/sites\\\/32\\\/2023\\\/09\\\/Gestor-cultural.jpg\",\"datePublished\":\"2023-09-29T11:02:59+00:00\",\"dateModified\":\"2025-10-24T07:25:06+00:00\",\"description\":\"El projecte de Gestors Culturals iniciat l\u2019any 2010 se centra en la participaci\u00f3 i lleure als centres penitenciaris.\",\"breadcrumb\":{\"@id\":\"https:\\\/\\\/fundesplai.org\\\/programes-socials-i-joves\\\/gestors-culturals\\\/#breadcrumb\"},\"inLanguage\":\"ca\",\"potentialAction\":[{\"@type\":\"ReadAction\",\"target\":[\"https:\\\/\\\/fundesplai.org\\\/programes-socials-i-joves\\\/gestors-culturals\\\/\"]}]},{\"@type\":\"ImageObject\",\"inLanguage\":\"ca\",\"@id\":\"https:\\\/\\\/fundesplai.org\\\/programes-socials-i-joves\\\/gestors-culturals\\\/#primaryimage\",\"url\":\"https:\\\/\\\/fundesplai.org\\\/programes-socials-i-joves\\\/wp-content\\\/uploads\\\/sites\\\/32\\\/2023\\\/09\\\/Gestor-cultural.jpg\",\"contentUrl\":\"https:\\\/\\\/fundesplai.org\\\/programes-socials-i-joves\\\/wp-content\\\/uploads\\\/sites\\\/32\\\/2023\\\/09\\\/Gestor-cultural.jpg\",\"width\":1888,\"height\":600,\"caption\":\"Gestor-cultural\"},{\"@type\":\"BreadcrumbList\",\"@id\":\"https:\\\/\\\/fundesplai.org\\\/programes-socials-i-joves\\\/gestors-culturals\\\/#breadcrumb\",\"itemListElement\":[{\"@type\":\"ListItem\",\"position\":1,\"name\":\"Inici\",\"item\":\"\\\/\"},{\"@type\":\"ListItem\",\"position\":2,\"name\":\"Programes Socials i per a Joves\",\"item\":\"\\\/programes-socials-i-joves\\\/\"},{\"@type\":\"ListItem\",\"position\":3,\"name\":\"Gestors culturals\"}]},{\"@type\":\"WebSite\",\"@id\":\"https:\\\/\\\/fundesplai.org\\\/programes-socials-i-joves\\\/#website\",\"url\":\"https:\\\/\\\/fundesplai.org\\\/programes-socials-i-joves\\\/\",\"name\":\"Programes socials i per a joves\",\"description\":\"Programes socials i per a joves\",\"publisher\":{\"@id\":\"https:\\\/\\\/fundesplai.org\\\/programes-socials-i-joves\\\/#organization\"},\"potentialAction\":[{\"@type\":\"SearchAction\",\"target\":{\"@type\":\"EntryPoint\",\"urlTemplate\":\"https:\\\/\\\/fundesplai.org\\\/programes-socials-i-joves\\\/?s={search_term_string}\"},\"query-input\":{\"@type\":\"PropertyValueSpecification\",\"valueRequired\":true,\"valueName\":\"search_term_string\"}}],\"inLanguage\":\"ca\"},{\"@type\":\"Organization\",\"@id\":\"https:\\\/\\\/fundesplai.org\\\/programes-socials-i-joves\\\/#organization\",\"name\":\"Programes socials i per a joves\",\"url\":\"https:\\\/\\\/fundesplai.org\\\/programes-socials-i-joves\\\/\",\"logo\":{\"@type\":\"ImageObject\",\"inLanguage\":\"ca\",\"@id\":\"https:\\\/\\\/fundesplai.org\\\/programes-socials-i-joves\\\/#\\\/schema\\\/logo\\\/image\\\/\",\"url\":\"https:\\\/\\\/fundesplai.org\\\/programes-socials-i-joves\\\/wp-content\\\/uploads\\\/sites\\\/32\\\/2023\\\/09\\\/Fundesplai-logo-web.png\",\"contentUrl\":\"https:\\\/\\\/fundesplai.org\\\/programes-socials-i-joves\\\/wp-content\\\/uploads\\\/sites\\\/32\\\/2023\\\/09\\\/Fundesplai-logo-web.png\",\"width\":298,\"height\":219,\"caption\":\"Programes socials i per a joves\"},\"image\":{\"@id\":\"https:\\\/\\\/fundesplai.org\\\/programes-socials-i-joves\\\/#\\\/schema\\\/logo\\\/image\\\/\"}}]}<\/script>\n<!-- \/ Yoast SEO plugin. -->","yoast_head_json":{"title":"Gestors culturals - Programes socials i per a joves","description":"El projecte de Gestors Culturals iniciat l\u2019any 2010 se centra en la participaci\u00f3 i lleure als centres penitenciaris.","robots":{"index":"index","follow":"follow","max-snippet":"max-snippet:-1","max-image-preview":"max-image-preview:large","max-video-preview":"max-video-preview:-1"},"canonical":"https:\/\/fundesplai.org\/programes-socials-i-joves\/gestors-culturals\/","og_locale":"ca_ES","og_type":"article","og_title":"Gestors culturals - Programes socials i per a joves","og_description":"El projecte de Gestors Culturals iniciat l\u2019any 2010 se centra en la participaci\u00f3 i lleure als centres penitenciaris.","og_url":"https:\/\/fundesplai.org\/programes-socials-i-joves\/gestors-culturals\/","og_site_name":"Programes socials i per a joves","article_modified_time":"2025-10-24T07:25:06+00:00","og_image":[{"width":1888,"height":600,"url":"https:\/\/fundesplai.org\/programes-socials-i-joves\/wp-content\/uploads\/sites\/32\/2023\/09\/Gestor-cultural.jpg","type":"image\/jpeg"}],"twitter_card":"summary_large_image","twitter_misc":{"Temps estimat de lectura":"3 minuts"},"schema":{"@context":"https:\/\/schema.org","@graph":[{"@type":"WebPage","@id":"https:\/\/fundesplai.org\/programes-socials-i-joves\/gestors-culturals\/","url":"https:\/\/fundesplai.org\/programes-socials-i-joves\/gestors-culturals\/","name":"Gestors culturals - Programes socials i per a joves","isPartOf":{"@id":"https:\/\/fundesplai.org\/programes-socials-i-joves\/#website"},"primaryImageOfPage":{"@id":"https:\/\/fundesplai.org\/programes-socials-i-joves\/gestors-culturals\/#primaryimage"},"image":{"@id":"https:\/\/fundesplai.org\/programes-socials-i-joves\/gestors-culturals\/#primaryimage"},"thumbnailUrl":"https:\/\/fundesplai.org\/programes-socials-i-joves\/wp-content\/uploads\/sites\/32\/2023\/09\/Gestor-cultural.jpg","datePublished":"2023-09-29T11:02:59+00:00","dateModified":"2025-10-24T07:25:06+00:00","description":"El projecte de Gestors Culturals iniciat l\u2019any 2010 se centra en la participaci\u00f3 i lleure als centres penitenciaris.","breadcrumb":{"@id":"https:\/\/fundesplai.org\/programes-socials-i-joves\/gestors-culturals\/#breadcrumb"},"inLanguage":"ca","potentialAction":[{"@type":"ReadAction","target":["https:\/\/fundesplai.org\/programes-socials-i-joves\/gestors-culturals\/"]}]},{"@type":"ImageObject","inLanguage":"ca","@id":"https:\/\/fundesplai.org\/programes-socials-i-joves\/gestors-culturals\/#primaryimage","url":"https:\/\/fundesplai.org\/programes-socials-i-joves\/wp-content\/uploads\/sites\/32\/2023\/09\/Gestor-cultural.jpg","contentUrl":"https:\/\/fundesplai.org\/programes-socials-i-joves\/wp-content\/uploads\/sites\/32\/2023\/09\/Gestor-cultural.jpg","width":1888,"height":600,"caption":"Gestor-cultural"},{"@type":"BreadcrumbList","@id":"https:\/\/fundesplai.org\/programes-socials-i-joves\/gestors-culturals\/#breadcrumb","itemListElement":[{"@type":"ListItem","position":1,"name":"Inici","item":"\/"},{"@type":"ListItem","position":2,"name":"Programes Socials i per a Joves","item":"\/programes-socials-i-joves\/"},{"@type":"ListItem","position":3,"name":"Gestors culturals"}]},{"@type":"WebSite","@id":"https:\/\/fundesplai.org\/programes-socials-i-joves\/#website","url":"https:\/\/fundesplai.org\/programes-socials-i-joves\/","name":"Programes socials i per a joves","description":"Programes socials i per a joves","publisher":{"@id":"https:\/\/fundesplai.org\/programes-socials-i-joves\/#organization"},"potentialAction":[{"@type":"SearchAction","target":{"@type":"EntryPoint","urlTemplate":"https:\/\/fundesplai.org\/programes-socials-i-joves\/?s={search_term_string}"},"query-input":{"@type":"PropertyValueSpecification","valueRequired":true,"valueName":"search_term_string"}}],"inLanguage":"ca"},{"@type":"Organization","@id":"https:\/\/fundesplai.org\/programes-socials-i-joves\/#organization","name":"Programes socials i per a joves","url":"https:\/\/fundesplai.org\/programes-socials-i-joves\/","logo":{"@type":"ImageObject","inLanguage":"ca","@id":"https:\/\/fundesplai.org\/programes-socials-i-joves\/#\/schema\/logo\/image\/","url":"https:\/\/fundesplai.org\/programes-socials-i-joves\/wp-content\/uploads\/sites\/32\/2023\/09\/Fundesplai-logo-web.png","contentUrl":"https:\/\/fundesplai.org\/programes-socials-i-joves\/wp-content\/uploads\/sites\/32\/2023\/09\/Fundesplai-logo-web.png","width":298,"height":219,"caption":"Programes socials i per a joves"},"image":{"@id":"https:\/\/fundesplai.org\/programes-socials-i-joves\/#\/schema\/logo\/image\/"}}]}},"_links":{"self":[{"href":"https:\/\/fundesplai.org\/programes-socials-i-joves\/wp-json\/wp\/v2\/pages\/47804","targetHints":{"allow":["GET"]}}],"collection":[{"href":"https:\/\/fundesplai.org\/programes-socials-i-joves\/wp-json\/wp\/v2\/pages"}],"about":[{"href":"https:\/\/fundesplai.org\/programes-socials-i-joves\/wp-json\/wp\/v2\/types\/page"}],"author":[{"embeddable":true,"href":"https:\/\/fundesplai.org\/programes-socials-i-joves\/wp-json\/wp\/v2\/users\/3"}],"replies":[{"embeddable":true,"href":"https:\/\/fundesplai.org\/programes-socials-i-joves\/wp-json\/wp\/v2\/comments?post=47804"}],"version-history":[{"count":10,"href":"https:\/\/fundesplai.org\/programes-socials-i-joves\/wp-json\/wp\/v2\/pages\/47804\/revisions"}],"predecessor-version":[{"id":51451,"href":"https:\/\/fundesplai.org\/programes-socials-i-joves\/wp-json\/wp\/v2\/pages\/47804\/revisions\/51451"}],"wp:featuredmedia":[{"embeddable":true,"href":"https:\/\/fundesplai.org\/programes-socials-i-joves\/wp-json\/wp\/v2\/media\/47807"}],"wp:attachment":[{"href":"https:\/\/fundesplai.org\/programes-socials-i-joves\/wp-json\/wp\/v2\/media?parent=47804"}],"curies":[{"name":"wp","href":"https:\/\/api.w.org\/{rel}","templated":true}]}}