{"id":47,"date":"2025-05-28T17:02:12","date_gmt":"2025-05-28T15:02:12","guid":{"rendered":"https:\/\/fundesplai.org\/premis-josep-gasso\/?page_id=47"},"modified":"2025-11-16T09:34:57","modified_gmt":"2025-11-16T08:34:57","slug":"inscripcions","status":"publish","type":"page","link":"https:\/\/fundesplai.org\/premis-josep-gasso\/inscripcions\/","title":{"rendered":"Inscriu un projecte"},"content":{"rendered":"<p>[et_pb_section fb_built=&#8221;1&#8243; admin_label=&#8221;Section INSCRIU UN PROJECTE&#8221; _builder_version=&#8221;4.21.0&#8243; _module_preset=&#8221;default&#8221; custom_margin=&#8221;40px||||false|false&#8221; saved_tabs=&#8221;all&#8221; global_colors_info=&#8221;{}&#8221;][et_pb_row _builder_version=&#8221;4.21.0&#8243; _module_preset=&#8221;default&#8221; global_colors_info=&#8221;{}&#8221;][et_pb_column type=&#8221;4_4&#8243; _builder_version=&#8221;4.21.0&#8243; _module_preset=&#8221;default&#8221; global_colors_info=&#8221;{}&#8221;][et_pb_text admin_label=&#8221;Text motivador inscripci\u00f3 projectes&#8221; _builder_version=&#8221;4.27.4&#8243; _module_preset=&#8221;default&#8221; global_colors_info=&#8221;{}&#8221;]<\/p>\n<h2 style=\"text-align: center\">INSCRIU UN PROJECTE<\/h2>\n<p>[\/et_pb_text][et_pb_text admin_label=&#8221;NO S&#8217;ACCEPTEN INSCRIPCIONS&#8221; _builder_version=&#8221;4.27.4&#8243; _module_preset=&#8221;default&#8221; custom_margin=&#8221;40px||40px||false|false&#8221; border_radii=&#8221;on|11px|11px|11px|11px&#8221; border_color_all=&#8221;#dcdc1c&#8221; global_colors_info=&#8221;{}&#8221;]<\/p>\n<p style=\"text-align: center\">Quin greu, arribes tard!<\/p>\n<p style=\"text-align: center\"><strong>Ja no s&#8217;accepten inscripcions als Premis Josep Gass\u00f3 Espina<\/strong>, caldr\u00e0 esperar a l&#8217;edici\u00f3 de l&#8217;any vinent.<\/p>\n<p style=\"text-align: center\">Gr\u00e0cies per intentar-ho i per seguir apostant per la transformaci\u00f3 social i ambiental.<\/p>\n<p style=\"text-align: center\">Fins aviat!<\/p>\n<p>[\/et_pb_text][\/et_pb_column][\/et_pb_row][et_pb_row disabled_on=&#8221;on|on|on&#8221; _builder_version=&#8221;4.21.0&#8243; _module_preset=&#8221;default&#8221; disabled=&#8221;on&#8221; global_colors_info=&#8221;{}&#8221;][et_pb_column type=&#8221;4_4&#8243; _builder_version=&#8221;4.21.0&#8243; _module_preset=&#8221;default&#8221; global_colors_info=&#8221;{}&#8221;][et_pb_text admin_label=&#8221;Text motivador inscripci\u00f3 projectes&#8221; _builder_version=&#8221;4.21.0&#8243; _module_preset=&#8221;default&#8221; global_colors_info=&#8221;{}&#8221;]<\/p>\n<h2 style=\"text-align: center\">INSCRIU UN PROJECTE<\/h2>\n<p style=\"text-align: center\">Si vols presentar un projecte als premis Josep Gass\u00f3 Espina 2025 omple el seg\u00fcent <strong>formulari<\/strong>. El per\u00edode d&#8217;inscripci\u00f3 va des del <strong>12 de juny fins al 15 de novembre<\/strong> de 2025. Recorda consultar<a href=\"https:\/\/fundesplai.org\/premis-josep-gasso\/wp-content\/uploads\/sites\/33\/2025\/06\/BASES-PREMIS-JOSEP-GASSO-ESPINA-Fundesplai.pdf\"> les bases<\/a> de participaci\u00f3 per no oblidar-te cap requisit. Presenta un projecte per transformar el m\u00f3n! <strong>Pots guanyar 5.000 euros<\/strong> per fer-lo realitat amb la teva entitat.<\/p>\n<p>[\/et_pb_text][\/et_pb_column][\/et_pb_row][et_pb_row disabled_on=&#8221;on|on|on&#8221; _builder_version=&#8221;4.21.0&#8243; _module_preset=&#8221;default&#8221; disabled=&#8221;on&#8221; global_colors_info=&#8221;{}&#8221;][et_pb_column type=&#8221;4_4&#8243; _builder_version=&#8221;4.21.0&#8243; _module_preset=&#8221;default&#8221; global_colors_info=&#8221;{}&#8221;][et_pb_code _builder_version=&#8221;4.21.0&#8243; _module_preset=&#8221;default&#8221; custom_margin=&#8221;||50px||false|false&#8221; global_colors_info=&#8221;{}&#8221;][\/et_pb_code][\/et_pb_column][\/et_pb_row][\/et_pb_section]<\/p>\n","protected":false},"excerpt":{"rendered":"<p>Participes en un projecte amb infants i joves per afavorir la conviv\u00e8ncia i la sostenibilitat? Inscriu-lo als PREMIS JOSEP GASS\u00d3 ESPINA.<\/p>\n","protected":false},"author":3,"featured_media":0,"parent":0,"menu_order":0,"comment_status":"closed","ping_status":"closed","template":"","meta":{"_et_pb_use_builder":"on","_et_pb_old_content":"","_et_gb_content_width":"","footnotes":""},"class_list":["post-47","page","type-page","status-publish","hentry"],"yoast_head":"<!-- This site is optimized with the Yoast SEO plugin v27.3 - https:\/\/yoast.com\/product\/yoast-seo-wordpress\/ -->\n<title>Inscriu un projecte - Premis Josep Gass\u00f3 Espina<\/title>\n<meta name=\"description\" content=\"Participes en un projecte amb infants i joves per afavorir la conviv\u00e8ncia i la sostenibilitat? Inscriu-lo als PREMIS JOSEP GASS\u00d3 ESPINA.\" \/>\n<meta name=\"robots\" content=\"index, follow, max-snippet:-1, max-image-preview:large, max-video-preview:-1\" \/>\n<link rel=\"canonical\" href=\"https:\/\/fundesplai.org\/premis-josep-gasso\/inscripcions\/\" \/>\n<meta property=\"og:locale\" content=\"ca_ES\" \/>\n<meta property=\"og:type\" content=\"article\" \/>\n<meta property=\"og:title\" content=\"Inscriu un projecte - Premis Josep Gass\u00f3 Espina\" \/>\n<meta property=\"og:description\" content=\"Participes en un projecte amb infants i joves per afavorir la conviv\u00e8ncia i la sostenibilitat? Inscriu-lo als PREMIS JOSEP GASS\u00d3 ESPINA.\" \/>\n<meta property=\"og:url\" content=\"https:\/\/fundesplai.org\/premis-josep-gasso\/inscripcions\/\" \/>\n<meta property=\"og:site_name\" content=\"Premis Josep Gass\u00f3 Espina\" \/>\n<meta property=\"article:modified_time\" content=\"2025-11-16T08:34:57+00:00\" \/>\n<meta name=\"twitter:card\" content=\"summary_large_image\" \/>\n<meta name=\"twitter:label1\" content=\"Temps estimat de lectura\" \/>\n\t<meta name=\"twitter:data1\" content=\"1 minut\" \/>\n<script type=\"application\/ld+json\" class=\"yoast-schema-graph\">{\"@context\":\"https:\\\/\\\/schema.org\",\"@graph\":[{\"@type\":\"WebPage\",\"@id\":\"https:\\\/\\\/fundesplai.org\\\/premis-josep-gasso\\\/inscripcions\\\/\",\"url\":\"https:\\\/\\\/fundesplai.org\\\/premis-josep-gasso\\\/inscripcions\\\/\",\"name\":\"Inscriu un projecte - Premis Josep Gass\u00f3 Espina\",\"isPartOf\":{\"@id\":\"https:\\\/\\\/fundesplai.org\\\/premis-josep-gasso\\\/#website\"},\"datePublished\":\"2025-05-28T15:02:12+00:00\",\"dateModified\":\"2025-11-16T08:34:57+00:00\",\"description\":\"Participes en un projecte amb infants i joves per afavorir la conviv\u00e8ncia i la sostenibilitat? Inscriu-lo als PREMIS JOSEP GASS\u00d3 ESPINA.\",\"breadcrumb\":{\"@id\":\"https:\\\/\\\/fundesplai.org\\\/premis-josep-gasso\\\/inscripcions\\\/#breadcrumb\"},\"inLanguage\":\"ca\",\"potentialAction\":[{\"@type\":\"ReadAction\",\"target\":[\"https:\\\/\\\/fundesplai.org\\\/premis-josep-gasso\\\/inscripcions\\\/\"]}]},{\"@type\":\"BreadcrumbList\",\"@id\":\"https:\\\/\\\/fundesplai.org\\\/premis-josep-gasso\\\/inscripcions\\\/#breadcrumb\",\"itemListElement\":[{\"@type\":\"ListItem\",\"position\":1,\"name\":\"Inici\",\"item\":\"\\\/\"},{\"@type\":\"ListItem\",\"position\":2,\"name\":\"Premis Josep Gass\u00f3 Espina\",\"item\":\"https:\\\/\\\/fundesplai.org\\\/premis-josep-gasso\"},{\"@type\":\"ListItem\",\"position\":3,\"name\":\"Inscriu un projecte\"}]},{\"@type\":\"WebSite\",\"@id\":\"https:\\\/\\\/fundesplai.org\\\/premis-josep-gasso\\\/#website\",\"url\":\"https:\\\/\\\/fundesplai.org\\\/premis-josep-gasso\\\/\",\"name\":\"Premis Josep Gass\u00f3\",\"description\":\"\",\"potentialAction\":[{\"@type\":\"SearchAction\",\"target\":{\"@type\":\"EntryPoint\",\"urlTemplate\":\"https:\\\/\\\/fundesplai.org\\\/premis-josep-gasso\\\/?s={search_term_string}\"},\"query-input\":{\"@type\":\"PropertyValueSpecification\",\"valueRequired\":true,\"valueName\":\"search_term_string\"}}],\"inLanguage\":\"ca\"}]}<\/script>\n<!-- \/ Yoast SEO plugin. -->","yoast_head_json":{"title":"Inscriu un projecte - Premis Josep Gass\u00f3 Espina","description":"Participes en un projecte amb infants i joves per afavorir la conviv\u00e8ncia i la sostenibilitat? Inscriu-lo als PREMIS JOSEP GASS\u00d3 ESPINA.","robots":{"index":"index","follow":"follow","max-snippet":"max-snippet:-1","max-image-preview":"max-image-preview:large","max-video-preview":"max-video-preview:-1"},"canonical":"https:\/\/fundesplai.org\/premis-josep-gasso\/inscripcions\/","og_locale":"ca_ES","og_type":"article","og_title":"Inscriu un projecte - Premis Josep Gass\u00f3 Espina","og_description":"Participes en un projecte amb infants i joves per afavorir la conviv\u00e8ncia i la sostenibilitat? Inscriu-lo als PREMIS JOSEP GASS\u00d3 ESPINA.","og_url":"https:\/\/fundesplai.org\/premis-josep-gasso\/inscripcions\/","og_site_name":"Premis Josep Gass\u00f3 Espina","article_modified_time":"2025-11-16T08:34:57+00:00","twitter_card":"summary_large_image","twitter_misc":{"Temps estimat de lectura":"1 minut"},"schema":{"@context":"https:\/\/schema.org","@graph":[{"@type":"WebPage","@id":"https:\/\/fundesplai.org\/premis-josep-gasso\/inscripcions\/","url":"https:\/\/fundesplai.org\/premis-josep-gasso\/inscripcions\/","name":"Inscriu un projecte - Premis Josep Gass\u00f3 Espina","isPartOf":{"@id":"https:\/\/fundesplai.org\/premis-josep-gasso\/#website"},"datePublished":"2025-05-28T15:02:12+00:00","dateModified":"2025-11-16T08:34:57+00:00","description":"Participes en un projecte amb infants i joves per afavorir la conviv\u00e8ncia i la sostenibilitat? Inscriu-lo als PREMIS JOSEP GASS\u00d3 ESPINA.","breadcrumb":{"@id":"https:\/\/fundesplai.org\/premis-josep-gasso\/inscripcions\/#breadcrumb"},"inLanguage":"ca","potentialAction":[{"@type":"ReadAction","target":["https:\/\/fundesplai.org\/premis-josep-gasso\/inscripcions\/"]}]},{"@type":"BreadcrumbList","@id":"https:\/\/fundesplai.org\/premis-josep-gasso\/inscripcions\/#breadcrumb","itemListElement":[{"@type":"ListItem","position":1,"name":"Inici","item":"\/"},{"@type":"ListItem","position":2,"name":"Premis Josep Gass\u00f3 Espina","item":"https:\/\/fundesplai.org\/premis-josep-gasso"},{"@type":"ListItem","position":3,"name":"Inscriu un projecte"}]},{"@type":"WebSite","@id":"https:\/\/fundesplai.org\/premis-josep-gasso\/#website","url":"https:\/\/fundesplai.org\/premis-josep-gasso\/","name":"Premis Josep Gass\u00f3","description":"","potentialAction":[{"@type":"SearchAction","target":{"@type":"EntryPoint","urlTemplate":"https:\/\/fundesplai.org\/premis-josep-gasso\/?s={search_term_string}"},"query-input":{"@type":"PropertyValueSpecification","valueRequired":true,"valueName":"search_term_string"}}],"inLanguage":"ca"}]}},"_links":{"self":[{"href":"https:\/\/fundesplai.org\/premis-josep-gasso\/wp-json\/wp\/v2\/pages\/47","targetHints":{"allow":["GET"]}}],"collection":[{"href":"https:\/\/fundesplai.org\/premis-josep-gasso\/wp-json\/wp\/v2\/pages"}],"about":[{"href":"https:\/\/fundesplai.org\/premis-josep-gasso\/wp-json\/wp\/v2\/types\/page"}],"author":[{"embeddable":true,"href":"https:\/\/fundesplai.org\/premis-josep-gasso\/wp-json\/wp\/v2\/users\/3"}],"replies":[{"embeddable":true,"href":"https:\/\/fundesplai.org\/premis-josep-gasso\/wp-json\/wp\/v2\/comments?post=47"}],"version-history":[{"count":12,"href":"https:\/\/fundesplai.org\/premis-josep-gasso\/wp-json\/wp\/v2\/pages\/47\/revisions"}],"predecessor-version":[{"id":666,"href":"https:\/\/fundesplai.org\/premis-josep-gasso\/wp-json\/wp\/v2\/pages\/47\/revisions\/666"}],"wp:attachment":[{"href":"https:\/\/fundesplai.org\/premis-josep-gasso\/wp-json\/wp\/v2\/media?parent=47"}],"curies":[{"name":"wp","href":"https:\/\/api.w.org\/{rel}","templated":true}]}}