{"id":41,"date":"2025-05-28T17:01:31","date_gmt":"2025-05-28T15:01:31","guid":{"rendered":"https:\/\/fundesplai.org\/premis-josep-gasso\/?page_id=41"},"modified":"2026-01-16T11:24:18","modified_gmt":"2026-01-16T10:24:18","slug":"categories","status":"publish","type":"page","link":"https:\/\/fundesplai.org\/premis-josep-gasso\/categories\/","title":{"rendered":"Categories"},"content":{"rendered":"<p>[et_pb_section fb_built=&#8221;1&#8243; _builder_version=&#8221;4.21.0&#8243; _module_preset=&#8221;default&#8221; global_colors_info=&#8221;{}&#8221;][et_pb_row _builder_version=&#8221;4.21.0&#8243; _module_preset=&#8221;default&#8221; global_colors_info=&#8221;{}&#8221;][et_pb_column type=&#8221;4_4&#8243; _builder_version=&#8221;4.21.0&#8243; _module_preset=&#8221;default&#8221; global_colors_info=&#8221;{}&#8221;][et_pb_text admin_label=&#8221;Categories&#8221; _builder_version=&#8221;4.21.0&#8243; _module_preset=&#8221;default&#8221; global_colors_info=&#8221;{}&#8221;]<\/p>\n<h2 style=\"text-align: center\">CATEGORIES<\/h2>\n<p>[\/et_pb_text][et_pb_text _builder_version=&#8221;4.21.0&#8243; _module_preset=&#8221;default&#8221; custom_margin=&#8221;30px||||false|false&#8221; global_colors_info=&#8221;{}&#8221;]<\/p>\n<p style=\"text-align: center\">Els premis consten de dues categories diferents, amb una dotaci\u00f3 de <strong>5.000 euros<\/strong> per a la categoria <strong>Transforma<\/strong> i <strong>5.000 euros<\/strong> per a cadascuna de les subcategories de la categoria <strong>Imagina<\/strong>. Consulta les <a href=\"https:\/\/fundesplai.org\/premis-josep-gasso\/wp-content\/uploads\/sites\/33\/2025\/06\/BASES-PREMIS-JOSEP-GASSO-ESPINA-Fundesplai.pdf\">bases dels premis<\/a> per a m\u00e9s informaci\u00f3.<\/p>\n<p>[\/et_pb_text][\/et_pb_column][\/et_pb_row][\/et_pb_section][et_pb_section fb_built=&#8221;1&#8243; module_class=&#8221;graella-moduls-grisa&#8221; _builder_version=&#8221;4.17.4&#8243; _module_preset=&#8221;default&#8221; locked=&#8221;off&#8221; global_colors_info=&#8221;{}&#8221;][et_pb_row column_structure=&#8221;1_2,1_2&#8243; use_custom_gutter=&#8221;on&#8221; module_class=&#8221;graella-moduls-grisa&#8221; _builder_version=&#8221;4.21.0&#8243; width=&#8221;100%&#8221; max_width=&#8221;2560px&#8221; custom_margin=&#8221;30px||||false|false&#8221; global_colors_info=&#8221;{}&#8221;][et_pb_column type=&#8221;1_2&#8243; _builder_version=&#8221;4.16&#8243; custom_padding=&#8221;|||&#8221; global_colors_info=&#8221;{}&#8221; custom_padding__hover=&#8221;|||&#8221;][et_pb_blurb title=&#8221;TRANSFORMA&#8221; url=&#8221;#transforma&#8221; use_icon=&#8221;on&#8221; font_icon=&#8221;&#xf01e;||fa||900&#8243; admin_label=&#8221;TRANSFORMA&#8221; _builder_version=&#8221;4.21.0&#8243; header_level=&#8221;h3&#8243; link_option_url_new_window=&#8221;on&#8221; z_index_tablet=&#8221;500&#8243; global_colors_info=&#8221;{}&#8221;]<\/p>\n<p style=\"text-align: center\">\u00a0A iniciatives innovadores per a infants i joves<\/p>\n<p>[\/et_pb_blurb][\/et_pb_column][et_pb_column type=&#8221;1_2&#8243; _builder_version=&#8221;4.16&#8243; custom_padding=&#8221;|||&#8221; global_colors_info=&#8221;{}&#8221; custom_padding__hover=&#8221;|||&#8221;][et_pb_blurb title=&#8221;IMAGINA&#8221; url=&#8221;#imagina&#8221; use_icon=&#8221;on&#8221; font_icon=&#8221;&#xf0eb;||fa||900&#8243; admin_label=&#8221;IMAGINA&#8221; _builder_version=&#8221;4.21.0&#8243; header_level=&#8221;h3&#8243; link_option_url_new_window=&#8221;on&#8221; z_index_tablet=&#8221;500&#8243; global_colors_info=&#8221;{}&#8221;]<\/p>\n<p style=\"text-align: center\">a projectes d\u2019educaci\u00f3 en el lleure<\/p>\n<p>[\/et_pb_blurb][\/et_pb_column][\/et_pb_row][\/et_pb_section][et_pb_section fb_built=&#8221;1&#8243; _builder_version=&#8221;4.21.0&#8243; _module_preset=&#8221;default&#8221; locked=&#8221;off&#8221; global_colors_info=&#8221;{}&#8221;][et_pb_row _builder_version=&#8221;4.21.0&#8243; _module_preset=&#8221;default&#8221; locked=&#8221;off&#8221; global_colors_info=&#8221;{}&#8221;][et_pb_column type=&#8221;4_4&#8243; _builder_version=&#8221;4.21.0&#8243; _module_preset=&#8221;default&#8221; global_colors_info=&#8221;{}&#8221;][et_pb_text admin_label=&#8221;TRANSFORMA&#8221; module_id=&#8221;transforma&#8221; _builder_version=&#8221;4.21.0&#8243; _module_preset=&#8221;default&#8221; custom_margin=&#8221;30px||||false|false&#8221; global_colors_info=&#8221;{}&#8221;]<\/p>\n<h3>1. CATEGORIA TRANSFORMA A INICIATIVES INNOVADORES PER A INFANTS I JOVES<\/h3>\n<p>El premi vol recon\u00e8ixer i difondre iniciatives per a infants i joves relacionats amb la sostenibilitat i la conviv\u00e8ncia<strong> que ja siguin una realitat i s\u2019estiguin duent a terme en el moment de presentar la convocat\u00f2ria.<\/strong><\/p>\n<p>Les propostes han d\u2019estar liderades i portades a terme per <strong>organitzacions sense \u00e0nim de lucre de Catalunya<\/strong>. Es prioritzaran projectes en qu\u00e8 els <strong>joves i els infants tinguin un paper protagonista<\/strong> i central en l\u2019impuls i la governan\u00e7a de l\u2019acci\u00f3.<\/p>\n<p>[\/et_pb_text][et_pb_accordion _builder_version=&#8221;4.21.0&#8243; _module_preset=&#8221;default&#8221; custom_margin=&#8221;30px||||false|false&#8221; global_colors_info=&#8221;{}&#8221;][et_pb_accordion_item title=&#8221;QUI S\u2019HI POT PRESENTAR?&#8221; open=&#8221;on&#8221; _builder_version=&#8221;4.21.0&#8243; _module_preset=&#8221;default&#8221; global_colors_info=&#8221;{}&#8221;]<\/p>\n<ul>\n<li>Organitzacions sense \u00e0nim de lucre dels\u00a0<strong>\u00e0mbits social i ambiental<\/strong>\u00a0de Catalunya.<\/li>\n<li>Les federacions i plataformes o associacions d\u2019entitats no s\u2019hi poden presentar.<\/li>\n<li>Tampoc les entitats d\u2019educaci\u00f3 en el lleure, ja que compten amb una categoria pr\u00f2pia.<\/li>\n<\/ul>\n<p>[\/et_pb_accordion_item][et_pb_accordion_item title=&#8221;COM PRESENTAR-S\u2019HI?&#8221; _builder_version=&#8221;4.21.0&#8243; _module_preset=&#8221;default&#8221; global_colors_info=&#8221;{}&#8221; open=&#8221;off&#8221;]<\/p>\n<ul>\n<li>Emplenar el formulari espec\u00edfic amb la\u00a0<strong>descripci\u00f3 de l\u2019entitat i de la iniciativa<\/strong>\u00a0a<br \/><a href=\"https:\/\/fundesplai.org\/premis-josep-gasso\/\">https:\/\/fundesplai.org\/premis-josep-gasso\/<\/a><\/li>\n<li>Adjuntar un dossier del projecte que expliqui:\n<ul>\n<li>La iniciativa desenvolupada<\/li>\n<li>L\u2019objectiu: el repte social i\/o ambiental que es vol contribuir a transformar<\/li>\n<li>El conjunt d\u2019activitats que es desenvolupen<\/li>\n<li>Les etapes o fases del projecte<\/li>\n<li>Els col\u00b7lectius o agents implicats<\/li>\n<li>Els indicadors d\u2019impacte<\/li>\n<\/ul>\n<\/li>\n<li>Nom\u00e9s es pot presentar un sol projecte per entitat<\/li>\n<li>La proposta ha d\u2019estar presentada en\u00a0<strong>catal\u00e0<\/strong><\/li>\n<\/ul>\n<p>[\/et_pb_accordion_item][et_pb_accordion_item title=&#8221;QU\u00c8 ES PREMIAR\u00c0?&#8221; _builder_version=&#8221;4.21.0&#8243; _module_preset=&#8221;default&#8221; global_colors_info=&#8221;{}&#8221; open=&#8221;off&#8221;]<\/p>\n<p><strong>Iniciatives i experi\u00e8ncies<\/strong>\u00a0que compleixin els seg\u00fcents requisits:<\/p>\n<ul>\n<li>Destinades a\u00a0<strong>infants i\/o joves.<\/strong><\/li>\n<li>Iniciatives en qu\u00e8 els infants i\/o joves tinguin un paper protagonista en\u00a0<strong>l\u2019impuls<\/strong>\u00a0i la\u00a0<strong>governan\u00e7a<\/strong>\u00a0de l\u2019acci\u00f3.<\/li>\n<li>Que donin resposta a necessitats socials i\/o ambientals de\u00a0<strong>forma innovadora.<\/strong><\/li>\n<li>Que fomentin els valors de la\u00a0<strong>conviv\u00e8ncia i la sostenibilitat<\/strong>, vinculats als Objectius de Desenvolupament Sostenible (ODS).<\/li>\n<\/ul>\n<p>[\/et_pb_accordion_item][et_pb_accordion_item title=&#8221;EN QU\u00c8 CONSISTEIX EL PREMI?&#8221; _builder_version=&#8221;4.21.0&#8243; _module_preset=&#8221;default&#8221; global_colors_info=&#8221;{}&#8221; open=&#8221;off&#8221;]<\/p>\n<ul>\n<li>Els membres del jurat seleccionaran<strong>\u00a0tres iniciatives finalistes<\/strong>\u00a0i atorgaran un \u00fanic premi dotat amb\u00a0<strong>5.000<\/strong>\u20ac.<\/li>\n<li>El projecte guanyador d\u2019entre els tres finalistes es donar\u00e0 a con\u00e8ixer a\u00a0<strong>l\u2019acte anual d\u2019entrega dels premis<\/strong>.<\/li>\n<\/ul>\n<p>[\/et_pb_accordion_item][\/et_pb_accordion][\/et_pb_column][\/et_pb_row][et_pb_row _builder_version=&#8221;4.21.0&#8243; _module_preset=&#8221;default&#8221; locked=&#8221;off&#8221; global_colors_info=&#8221;{}&#8221;][et_pb_column type=&#8221;4_4&#8243; _builder_version=&#8221;4.21.0&#8243; _module_preset=&#8221;default&#8221; global_colors_info=&#8221;{}&#8221;][et_pb_text admin_label=&#8221;IMAGINA&#8221; module_id=&#8221;imagina&#8221; _builder_version=&#8221;4.21.0&#8243; _module_preset=&#8221;default&#8221; custom_margin=&#8221;30px||||false|false&#8221; global_colors_info=&#8221;{}&#8221;]<\/p>\n<h3>2. CATEGORIA IMAGINA A PROJECTES D\u2019EDUCACI\u00d3 EN EL LLEURE<\/h3>\n<p>El premi vol impulsar la implicaci\u00f3 dels <strong>grups de joves de les entitats de lleure<\/strong>, d\u2019una banda, i dels <strong>centres d\u2019esplai de la Federaci\u00f3 Catalana de l\u2019Esplai<\/strong>, de l\u2019altra, en la millora del seu entorn, amb una acci\u00f3 basada en el servei a la comunitat a trav\u00e9s d\u2019aprenentatges significatius. El guard\u00f3 \u00e9s un impuls per estimular idees i projectes innovadors que puguin fer-se realitat.<\/p>\n<p>[\/et_pb_text][et_pb_accordion _builder_version=&#8221;4.27.5&#8243; _module_preset=&#8221;default&#8221; custom_margin=&#8221;30px||40px||false|false&#8221; hover_enabled=&#8221;0&#8243; global_colors_info=&#8221;{}&#8221; sticky_enabled=&#8221;0&#8243;][et_pb_accordion_item title=&#8221;QUI S\u2019HI POT PRESENTAR?&#8221; open=&#8221;on&#8221; _builder_version=&#8221;4.21.0&#8243; _module_preset=&#8221;default&#8221; global_colors_info=&#8221;{}&#8221;]<\/p>\n<ul>\n<li><strong>A la subcategoria de joves d\u2019entitats d\u2019educaci\u00f3 en el lleure<\/strong>: Grups de joves d\u2019entre 12 i 17 anys participants de les entitats d\u2019educaci\u00f3 en el lleure de base comunit\u00e0ria de Catalunya. Es podran presentar un m\u00e0xim de 2 projectes per entitat.<\/li>\n<li><strong>A la subcategoria de centres d\u2019esplai de la Federaci\u00f3 Catalana de l\u2019Esplai<\/strong>: entitats adherides a la Federaci\u00f3 Catalana de l\u2019Esplai. Es podran presentar un m\u00e0xim de 2 projectes per entitat.<\/li>\n<\/ul>\n<p>[\/et_pb_accordion_item][et_pb_accordion_item title=&#8221;COM PRESENTAR-S\u2019HI?&#8221; _builder_version=&#8221;4.21.0&#8243; _module_preset=&#8221;default&#8221; global_colors_info=&#8221;{}&#8221; open=&#8221;off&#8221;]<\/p>\n<ul>\n<li>Emplenar el formulari espec\u00edfic amb la\u00a0<strong>descripci\u00f3 de l\u2019entitat i de la iniciativa<\/strong>\u00a0a<br \/><a href=\"https:\/\/fundesplai.org\/premis-josep-gasso\/\">https:\/\/fundesplai.org\/premis-josep-gasso\/<\/a><\/li>\n<li>Adjuntar un v\u00eddeo de m\u00e0xim 10 minuts que expliqui amb claredat els seg\u00fcents aspectes:\n<ul>\n<li>La iniciativa que es vol dur a terme<\/li>\n<li>Els objectius que persegueix: el repte social o ambiental que es vol abordar<\/li>\n<li>El conjunt d\u2019activitats que es desenvoluparan<\/li>\n<li>Les etapes o fases del projecte<\/li>\n<li>Els col\u00b7lectius o agents implicats<\/li>\n<\/ul>\n<\/li>\n<li>La proposta ha d\u2019estar presentada en <strong>catal\u00e0<\/strong>.<\/li>\n<\/ul>\n<p>[\/et_pb_accordion_item][et_pb_accordion_item title=&#8221;QU\u00c8 ES PREMIAR\u00c0?&#8221; _builder_version=&#8221;4.21.0&#8243; _module_preset=&#8221;default&#8221; global_colors_info=&#8221;{}&#8221; open=&#8221;off&#8221;]<\/p>\n<p>Idees i projectes encara<strong> per desenvolupar<\/strong>:<\/p>\n<ul>\n<li>Que donin resposta a necessitats <strong>socials i ambientals<\/strong> de forma innovadora.<\/li>\n<li>Que fomentin els valors de la <strong>conviv\u00e8ncia i la sostenibilitat<\/strong> a trav\u00e9s de l\u2019acci\u00f3 comunit\u00e0ria.<\/li>\n<li>Que fomentin la<strong> participaci\u00f3 activa<\/strong> dels infants i\/o joves.<\/li>\n<\/ul>\n<p>[\/et_pb_accordion_item][et_pb_accordion_item title=&#8221;EN QU\u00c8 CONSISTEIX EL PREMI?&#8221; _builder_version=&#8221;4.21.0&#8243; _module_preset=&#8221;default&#8221; global_colors_info=&#8221;{}&#8221; open=&#8221;off&#8221;]<\/p>\n<p>Els membres del jurat seleccionaran<strong> tres iniciatives finalistes<\/strong> per a cada subcategoria, i atorgaran dos premis, un per a cada subcategoria:<\/p>\n<ul>\n<li>Un<strong> \u00fanic premi<\/strong> dotat amb <strong>5.000\u20ac<\/strong> a un grup de joves d\u2019<strong>entitats d\u2019educaci\u00f3 en el lleure de base comunit\u00e0ria<\/strong>. El premi s\u2019atorgar\u00e0 a trav\u00e9s de l\u2019entitat de refer\u00e8ncia del grup de joves.<\/li>\n<li>Un <strong>\u00fanic premi<\/strong> dotat amb <strong>5.000\u20ac<\/strong> a un <strong>centre d\u2019esplai de la Federaci\u00f3 Catalana de l\u2019Esplai.<\/strong><\/li>\n<\/ul>\n<p>Els projectes guanyadors d\u2019entre els finalistes es donaran a con\u00e8ixer a l\u2019<strong>acte anual d\u2019entrega dels premis.<\/strong><\/p>\n<p>[\/et_pb_accordion_item][et_pb_accordion_item title=&#8221;COMPROMISOS DEL GRUP DE JOVES I DEL CENTRE D&#8217;ESPLAI GUARDONATS&#8221; _builder_version=&#8221;4.27.5&#8243; _module_preset=&#8221;default&#8221; hover_enabled=&#8221;0&#8243; global_colors_info=&#8221;{}&#8221; open=&#8221;off&#8221; sticky_enabled=&#8221;0&#8243;]<\/p>\n<p>Els grups o entitats guardonades es comprometen a:<\/p>\n<ul>\n<li>Destinar la dotaci\u00f3 econ\u00f2mica del premi a la posada en marxa del projecte guardonat.<\/li>\n<li>Presentar a Fundesplai, en el termini d\u2019un any, un informe justificatiu exposant les tasques i la inversi\u00f3 duta a terme per fer realitat el projecte.<\/li>\n<li>Participar a l\u2019acte anual d\u2019entrega de premis de l\u2019any posterior per presentar-hi la implementaci\u00f3 del projecte.<\/li>\n<\/ul>\n<p>[\/et_pb_accordion_item][\/et_pb_accordion][\/et_pb_column][\/et_pb_row][\/et_pb_section][et_pb_section fb_built=&#8221;1&#8243; admin_label=&#8221;Section INSCRIU UN PROJECTE&#8221; _builder_version=&#8221;4.21.0&#8243; _module_preset=&#8221;default&#8221; custom_margin=&#8221;40px||||false|false&#8221; locked=&#8221;off&#8221; global_colors_info=&#8221;{}&#8221; disabled_on=&#8221;on|on|on&#8221; disabled=&#8221;on&#8221;][et_pb_row _builder_version=&#8221;4.21.0&#8243; _module_preset=&#8221;default&#8221; global_colors_info=&#8221;{}&#8221;][et_pb_column type=&#8221;4_4&#8243; _builder_version=&#8221;4.21.0&#8243; _module_preset=&#8221;default&#8221; global_colors_info=&#8221;{}&#8221;][et_pb_text admin_label=&#8221;Text motivador inscripci\u00f3 projectes&#8221; _builder_version=&#8221;4.21.0&#8243; _module_preset=&#8221;default&#8221; global_colors_info=&#8221;{}&#8221;]<\/p>\n<h2 style=\"text-align: center\">INSCRIU UN PROJECTE<\/h2>\n<p style=\"text-align: center\">Si vols presentar un projecte als premis Josep Gass\u00f3 Espina 2025 omple el seg\u00fcent <strong>formulari<\/strong>. El per\u00edode d&#8217;inscripci\u00f3 va des del <strong>12 de juny fins al 15 de novembre<\/strong> de 2025. Recorda consultar<a href=\"https:\/\/fundesplai.org\/premis-josep-gasso\/wp-content\/uploads\/sites\/33\/2025\/06\/BASES-PREMIS-JOSEP-GASSO-ESPINA-Fundesplai.pdf\"> les bases<\/a> de participaci\u00f3 per no oblidar-te cap requisit. Presenta un projecte per transformar el m\u00f3n! <strong>Pots guanyar 5.000 euros<\/strong> per fer-lo realitat amb la teva entitat.<\/p>\n<p>[\/et_pb_text][et_pb_button button_url=&#8221;https:\/\/fundesplai.org\/premis-josep-gasso\/inscripcions\/&#8221; button_text=&#8221;Formulari d&#8217;inscripci\u00f3&#8221; button_alignment=&#8221;center&#8221; _builder_version=&#8221;4.21.0&#8243; _module_preset=&#8221;default&#8221; custom_margin=&#8221;30px||30px||false|false&#8221; global_colors_info=&#8221;{}&#8221;][\/et_pb_button][\/et_pb_column][\/et_pb_row][\/et_pb_section]<\/p>\n","protected":false},"excerpt":{"rendered":"<p>Categories dels PREMIS JOSEP GASS\u00d3 ESPINA per a la conviv\u00e8ncia i la sostenibilitat a trav\u00e9s de projectes amb infants i joves.<\/p>\n","protected":false},"author":3,"featured_media":0,"parent":0,"menu_order":0,"comment_status":"closed","ping_status":"closed","template":"","meta":{"_et_pb_use_builder":"on","_et_pb_old_content":"","_et_gb_content_width":"","footnotes":""},"class_list":["post-41","page","type-page","status-publish","hentry"],"yoast_head":"<!-- This site is optimized with the Yoast SEO plugin v27.4 - https:\/\/yoast.com\/product\/yoast-seo-wordpress\/ -->\n<title>Categories - Premis Josep Gass\u00f3 Espina<\/title>\n<meta name=\"description\" content=\"Categories dels PREMIS JOSEP GASS\u00d3 ESPINA per a la conviv\u00e8ncia i la sostenibilitat a trav\u00e9s de projectes amb infants i joves.\" \/>\n<meta name=\"robots\" content=\"index, follow, max-snippet:-1, max-image-preview:large, max-video-preview:-1\" \/>\n<link rel=\"canonical\" href=\"https:\/\/fundesplai.org\/premis-josep-gasso\/categories\/\" \/>\n<meta property=\"og:locale\" content=\"ca_ES\" \/>\n<meta property=\"og:type\" content=\"article\" \/>\n<meta property=\"og:title\" content=\"Categories - Premis Josep Gass\u00f3 Espina\" \/>\n<meta property=\"og:description\" content=\"Categories dels PREMIS JOSEP GASS\u00d3 ESPINA per a la conviv\u00e8ncia i la sostenibilitat a trav\u00e9s de projectes amb infants i joves.\" \/>\n<meta property=\"og:url\" content=\"https:\/\/fundesplai.org\/premis-josep-gasso\/categories\/\" \/>\n<meta property=\"og:site_name\" content=\"Premis Josep Gass\u00f3 Espina\" \/>\n<meta property=\"article:modified_time\" content=\"2026-01-16T10:24:18+00:00\" \/>\n<meta name=\"twitter:card\" content=\"summary_large_image\" \/>\n<meta name=\"twitter:label1\" content=\"Temps estimat de lectura\" \/>\n\t<meta name=\"twitter:data1\" content=\"5 minuts\" \/>\n<script type=\"application\/ld+json\" class=\"yoast-schema-graph\">{\"@context\":\"https:\\\/\\\/schema.org\",\"@graph\":[{\"@type\":\"WebPage\",\"@id\":\"https:\\\/\\\/fundesplai.org\\\/premis-josep-gasso\\\/categories\\\/\",\"url\":\"https:\\\/\\\/fundesplai.org\\\/premis-josep-gasso\\\/categories\\\/\",\"name\":\"Categories - Premis Josep Gass\u00f3 Espina\",\"isPartOf\":{\"@id\":\"https:\\\/\\\/fundesplai.org\\\/premis-josep-gasso\\\/#website\"},\"datePublished\":\"2025-05-28T15:01:31+00:00\",\"dateModified\":\"2026-01-16T10:24:18+00:00\",\"description\":\"Categories dels PREMIS JOSEP GASS\u00d3 ESPINA per a la conviv\u00e8ncia i la sostenibilitat a trav\u00e9s de projectes amb infants i joves.\",\"breadcrumb\":{\"@id\":\"https:\\\/\\\/fundesplai.org\\\/premis-josep-gasso\\\/categories\\\/#breadcrumb\"},\"inLanguage\":\"ca\",\"potentialAction\":[{\"@type\":\"ReadAction\",\"target\":[\"https:\\\/\\\/fundesplai.org\\\/premis-josep-gasso\\\/categories\\\/\"]}]},{\"@type\":\"BreadcrumbList\",\"@id\":\"https:\\\/\\\/fundesplai.org\\\/premis-josep-gasso\\\/categories\\\/#breadcrumb\",\"itemListElement\":[{\"@type\":\"ListItem\",\"position\":1,\"name\":\"Inici\",\"item\":\"\\\/\"},{\"@type\":\"ListItem\",\"position\":2,\"name\":\"Premis Josep Gass\u00f3 Espina\",\"item\":\"https:\\\/\\\/fundesplai.org\\\/premis-josep-gasso\"},{\"@type\":\"ListItem\",\"position\":3,\"name\":\"Categories\"}]},{\"@type\":\"WebSite\",\"@id\":\"https:\\\/\\\/fundesplai.org\\\/premis-josep-gasso\\\/#website\",\"url\":\"https:\\\/\\\/fundesplai.org\\\/premis-josep-gasso\\\/\",\"name\":\"Premis Josep Gass\u00f3\",\"description\":\"\",\"potentialAction\":[{\"@type\":\"SearchAction\",\"target\":{\"@type\":\"EntryPoint\",\"urlTemplate\":\"https:\\\/\\\/fundesplai.org\\\/premis-josep-gasso\\\/?s={search_term_string}\"},\"query-input\":{\"@type\":\"PropertyValueSpecification\",\"valueRequired\":true,\"valueName\":\"search_term_string\"}}],\"inLanguage\":\"ca\"}]}<\/script>\n<!-- \/ Yoast SEO plugin. -->","yoast_head_json":{"title":"Categories - Premis Josep Gass\u00f3 Espina","description":"Categories dels PREMIS JOSEP GASS\u00d3 ESPINA per a la conviv\u00e8ncia i la sostenibilitat a trav\u00e9s de projectes amb infants i joves.","robots":{"index":"index","follow":"follow","max-snippet":"max-snippet:-1","max-image-preview":"max-image-preview:large","max-video-preview":"max-video-preview:-1"},"canonical":"https:\/\/fundesplai.org\/premis-josep-gasso\/categories\/","og_locale":"ca_ES","og_type":"article","og_title":"Categories - Premis Josep Gass\u00f3 Espina","og_description":"Categories dels PREMIS JOSEP GASS\u00d3 ESPINA per a la conviv\u00e8ncia i la sostenibilitat a trav\u00e9s de projectes amb infants i joves.","og_url":"https:\/\/fundesplai.org\/premis-josep-gasso\/categories\/","og_site_name":"Premis Josep Gass\u00f3 Espina","article_modified_time":"2026-01-16T10:24:18+00:00","twitter_card":"summary_large_image","twitter_misc":{"Temps estimat de lectura":"5 minuts"},"schema":{"@context":"https:\/\/schema.org","@graph":[{"@type":"WebPage","@id":"https:\/\/fundesplai.org\/premis-josep-gasso\/categories\/","url":"https:\/\/fundesplai.org\/premis-josep-gasso\/categories\/","name":"Categories - Premis Josep Gass\u00f3 Espina","isPartOf":{"@id":"https:\/\/fundesplai.org\/premis-josep-gasso\/#website"},"datePublished":"2025-05-28T15:01:31+00:00","dateModified":"2026-01-16T10:24:18+00:00","description":"Categories dels PREMIS JOSEP GASS\u00d3 ESPINA per a la conviv\u00e8ncia i la sostenibilitat a trav\u00e9s de projectes amb infants i joves.","breadcrumb":{"@id":"https:\/\/fundesplai.org\/premis-josep-gasso\/categories\/#breadcrumb"},"inLanguage":"ca","potentialAction":[{"@type":"ReadAction","target":["https:\/\/fundesplai.org\/premis-josep-gasso\/categories\/"]}]},{"@type":"BreadcrumbList","@id":"https:\/\/fundesplai.org\/premis-josep-gasso\/categories\/#breadcrumb","itemListElement":[{"@type":"ListItem","position":1,"name":"Inici","item":"\/"},{"@type":"ListItem","position":2,"name":"Premis Josep Gass\u00f3 Espina","item":"https:\/\/fundesplai.org\/premis-josep-gasso"},{"@type":"ListItem","position":3,"name":"Categories"}]},{"@type":"WebSite","@id":"https:\/\/fundesplai.org\/premis-josep-gasso\/#website","url":"https:\/\/fundesplai.org\/premis-josep-gasso\/","name":"Premis Josep Gass\u00f3","description":"","potentialAction":[{"@type":"SearchAction","target":{"@type":"EntryPoint","urlTemplate":"https:\/\/fundesplai.org\/premis-josep-gasso\/?s={search_term_string}"},"query-input":{"@type":"PropertyValueSpecification","valueRequired":true,"valueName":"search_term_string"}}],"inLanguage":"ca"}]}},"_links":{"self":[{"href":"https:\/\/fundesplai.org\/premis-josep-gasso\/wp-json\/wp\/v2\/pages\/41","targetHints":{"allow":["GET"]}}],"collection":[{"href":"https:\/\/fundesplai.org\/premis-josep-gasso\/wp-json\/wp\/v2\/pages"}],"about":[{"href":"https:\/\/fundesplai.org\/premis-josep-gasso\/wp-json\/wp\/v2\/types\/page"}],"author":[{"embeddable":true,"href":"https:\/\/fundesplai.org\/premis-josep-gasso\/wp-json\/wp\/v2\/users\/3"}],"replies":[{"embeddable":true,"href":"https:\/\/fundesplai.org\/premis-josep-gasso\/wp-json\/wp\/v2\/comments?post=41"}],"version-history":[{"count":28,"href":"https:\/\/fundesplai.org\/premis-josep-gasso\/wp-json\/wp\/v2\/pages\/41\/revisions"}],"predecessor-version":[{"id":719,"href":"https:\/\/fundesplai.org\/premis-josep-gasso\/wp-json\/wp\/v2\/pages\/41\/revisions\/719"}],"wp:attachment":[{"href":"https:\/\/fundesplai.org\/premis-josep-gasso\/wp-json\/wp\/v2\/media?parent=41"}],"curies":[{"name":"wp","href":"https:\/\/api.w.org\/{rel}","templated":true}]}}