{"id":28,"date":"2019-07-17T14:53:05","date_gmt":"2019-07-17T12:53:05","guid":{"rendered":"http:\/\/projectes.fundesplai.org\/nusos\/?page_id=28"},"modified":"2022-12-15T11:57:05","modified_gmt":"2022-12-15T10:57:05","slug":"reptes-collectius","status":"publish","type":"page","link":"https:\/\/fundesplai.org\/nusos\/reptes-collectius\/","title":{"rendered":"Reptes col\u00b7lectius"},"content":{"rendered":"<p>[et_pb_section fb_built=&#8221;1&#8243; _builder_version=&#8221;4.16&#8243; global_colors_info=&#8221;{}&#8221;][et_pb_row _builder_version=&#8221;4.16&#8243; custom_margin=&#8221;50px||50px||true|false&#8221; custom_margin_tablet=&#8221;&#8221; custom_margin_phone=&#8221;30px||30px||true|false&#8221; custom_margin_last_edited=&#8221;on|phone&#8221; locked=&#8221;off&#8221; global_colors_info=&#8221;{}&#8221;][et_pb_column type=&#8221;4_4&#8243; _builder_version=&#8221;4.16&#8243; global_colors_info=&#8221;{}&#8221;][et_pb_text _builder_version=&#8221;4.17.4&#8243; global_colors_info=&#8221;{}&#8221;]<\/p>\n<h2 style=\"text-align: center\">Reptes col\u00b7lectius<\/h2>\n<p>[\/et_pb_text][et_pb_text _builder_version=&#8221;4.16&#8243; global_colors_info=&#8221;{}&#8221;]<\/p>\n<p style=\"text-align: center\">Els reptes col\u00b7lectius s\u00f3n accions col\u00b7lectives basades en la metodologia <a href=\"https:\/\/aprenentatgeservei.cat\/\">aprenentatge servei<\/a>\u00a0 que estan vinculades a la proposta educativa i mobilitzen els infants, joves i fam\u00edlies dels esplais, el temps del migdia, etc. <strong>Com m\u00e9s siguem, m\u00e9s riurem i m\u00e9s for\u00e7a tindrem!<\/strong> Est\u00e0s a punt per seguir els reptes a les xarxes socials?<\/p>\n<p>[\/et_pb_text][\/et_pb_column][\/et_pb_row][et_pb_row column_structure=&#8221;1_2,1_2&#8243; _builder_version=&#8221;4.16&#8243; custom_margin=&#8221;50px||50px||true|false&#8221; custom_margin_tablet=&#8221;&#8221; custom_margin_phone=&#8221;30px||30px||true|false&#8221; custom_margin_last_edited=&#8221;on|phone&#8221; locked=&#8221;off&#8221; global_colors_info=&#8221;{}&#8221;][et_pb_column type=&#8221;1_2&#8243; _builder_version=&#8221;4.16&#8243; background_color=&#8221;#F5F5F5&#8243; custom_padding=&#8221;20px|20px|20px|20px|false|false&#8221; border_width_all=&#8221;14px&#8221; border_color_all=&#8221;#ffffff&#8221; border_width_right=&#8221;30px&#8221; global_colors_info=&#8221;{}&#8221;][et_pb_image src=&#8221;https:\/\/fundesplai.org\/nusos\/wp-content\/uploads\/sites\/18\/2020\/10\/Imagen1.png&#8221; title_text=&#8221;Imagen1&#8243; show_bottom_space=&#8221;off&#8221; align=&#8221;center&#8221; _builder_version=&#8221;4.16&#8243; custom_margin=&#8221;10px|10px|10px|10px|false|false&#8221; custom_margin_tablet=&#8221;&#8221; custom_margin_phone=&#8221;|10px||10px|false|false&#8221; custom_margin_last_edited=&#8221;on|phone&#8221; global_colors_info=&#8221;{}&#8221;][\/et_pb_image][et_pb_text _builder_version=&#8221;4.16&#8243; custom_margin=&#8221;20px||20px||false|false&#8221; global_colors_info=&#8221;{}&#8221;]<\/p>\n<h4 style=\"text-align: center\">20 NOVEMBRE<\/h4>\n<p style=\"text-align: center\">Dia Universal dels Drets dels Infants<\/p>\n<p style=\"text-align: center\"><strong>Nou! #DretalLleure 2020 Juguem?\u00a0<\/strong><\/p>\n<p style=\"text-align: center\">[\/et_pb_text][et_pb_button button_url=&#8221;https:\/\/fundesplai.org\/nusos\/wp-content\/uploads\/sites\/18\/2020\/11\/20-N-DretalLleure-2020_COVID.pdf&#8221; button_text=&#8221;+&#8221; button_alignment=&#8221;center&#8221; _builder_version=&#8221;4.16&#8243; custom_button=&#8221;on&#8221; button_text_size=&#8221;17px&#8221; button_border_width=&#8221;0px&#8221; button_border_radius=&#8221;33px&#8221; button_use_icon=&#8221;off&#8221; global_colors_info=&#8221;{}&#8221;][\/et_pb_button][\/et_pb_column][et_pb_column type=&#8221;1_2&#8243; _builder_version=&#8221;4.16&#8243; background_color=&#8221;#F5F5F5&#8243; custom_padding=&#8221;20px|20px|20px|20px|false|false&#8221; border_width_all=&#8221;14px&#8221; border_color_all=&#8221;#ffffff&#8221; border_width_left=&#8221;30px&#8221; global_colors_info=&#8221;{}&#8221;][et_pb_image src=&#8221;https:\/\/fundesplai.org\/nusos\/wp-content\/uploads\/sites\/18\/2021\/02\/Carles-Xifra.png&#8221; title_text=&#8221;Carles Xifra&#8221; show_bottom_space=&#8221;off&#8221; align=&#8221;center&#8221; _builder_version=&#8221;4.17.4&#8243; custom_margin=&#8221;10px|10px|10px|10px|false|false&#8221; custom_margin_tablet=&#8221;&#8221; custom_margin_phone=&#8221;|10px||10px|false|false&#8221; custom_margin_last_edited=&#8221;on|desktop&#8221; global_colors_info=&#8221;{}&#8221;][\/et_pb_image][et_pb_text _builder_version=&#8221;4.16&#8243; custom_margin=&#8221;20px||20px||false|false&#8221; global_colors_info=&#8221;{}&#8221;]<\/p>\n<h4 style=\"text-align: center\">21 MAR\u00c7<\/h4>\n<p style=\"text-align: center\">Dia Internacional contra el Racisme i la Xenof\u00f2bia<\/p>\n<p style=\"text-align: center\"><strong>#MespontsMenysmurs 2021<\/strong><\/p>\n<p>[\/et_pb_text][et_pb_button button_url=&#8221;https:\/\/fundesplai.org\/nusos\/wp-content\/uploads\/sites\/18\/2021\/02\/Repte-mes-ponts-i-menys-murs_2021-1.pdf&#8221; button_text=&#8221;+&#8221; button_alignment=&#8221;center&#8221; _builder_version=&#8221;4.16&#8243; custom_button=&#8221;on&#8221; button_text_size=&#8221;17px&#8221; button_border_width=&#8221;0px&#8221; button_border_radius=&#8221;33px&#8221; button_use_icon=&#8221;off&#8221; global_colors_info=&#8221;{}&#8221;][\/et_pb_button][et_pb_text _builder_version=&#8221;4.17.4&#8243; _module_preset=&#8221;default&#8221; custom_margin=&#8221;30px||||false|false&#8221; global_colors_info=&#8221;{}&#8221;]<\/p>\n<p style=\"text-align: center\"><em>Carta tipus per sol\u00b7licitar perm\u00eds espais Ajuntament<\/em><\/p>\n<p>[\/et_pb_text][et_pb_button button_url=&#8221;https:\/\/fundesplai.org\/nusos\/wp-content\/uploads\/sites\/18\/2021\/02\/Carta-Ajuntament-MespontsMenysmurs-2021.pdf&#8221; button_text=&#8221;+&#8221; button_alignment=&#8221;center&#8221; _builder_version=&#8221;4.16&#8243; custom_button=&#8221;on&#8221; button_text_size=&#8221;17px&#8221; button_border_width=&#8221;0px&#8221; button_border_radius=&#8221;33px&#8221; button_use_icon=&#8221;off&#8221; global_colors_info=&#8221;{}&#8221;][\/et_pb_button][\/et_pb_column][\/et_pb_row][et_pb_row _builder_version=&#8221;4.16&#8243; custom_margin=&#8221;50px||50px||true|false&#8221; custom_margin_tablet=&#8221;&#8221; custom_margin_phone=&#8221;30px||30px||true|false&#8221; custom_margin_last_edited=&#8221;on|phone&#8221; locked=&#8221;off&#8221; global_colors_info=&#8221;{}&#8221;][et_pb_column type=&#8221;4_4&#8243; _builder_version=&#8221;4.16&#8243; global_colors_info=&#8221;{}&#8221;][et_pb_image src=&#8221;https:\/\/fundesplai.org\/nusos\/wp-content\/uploads\/sites\/18\/2020\/11\/20N-2020_Fundesplai_DretalLLeure.jpg&#8221; title_text=&#8221;20N 2020_Fundesplai_DretalLLeure&#8221; align=&#8221;center&#8221; _builder_version=&#8221;4.16&#8243; global_colors_info=&#8221;{}&#8221;][\/et_pb_image][\/et_pb_column][\/et_pb_row][et_pb_row _builder_version=&#8221;4.16&#8243; module_alignment=&#8221;center&#8221; custom_margin=&#8221;50px||50px||true|false&#8221; custom_margin_tablet=&#8221;&#8221; custom_margin_phone=&#8221;10px||10px||false|false&#8221; custom_margin_last_edited=&#8221;on|phone&#8221; locked=&#8221;off&#8221; global_colors_info=&#8221;{}&#8221;][et_pb_column type=&#8221;4_4&#8243; _builder_version=&#8221;4.16&#8243; global_colors_info=&#8221;{}&#8221;][et_pb_text _builder_version=&#8221;4.17.4&#8243; custom_margin=&#8221;30px||||false|false&#8221; global_colors_info=&#8221;{}&#8221;]<\/p>\n<h2 style=\"text-align: center\">Altres elements clau<\/h2>\n<p>[\/et_pb_text][\/et_pb_column][\/et_pb_row][et_pb_row column_structure=&#8221;1_3,1_3,1_3&#8243; make_equal=&#8221;on&#8221; _builder_version=&#8221;4.17.4&#8243; background_image=&#8221;https:\/\/fundesplai.org\/nusos\/wp-content\/uploads\/sites\/18\/2019\/08\/Quadern_nusos_Fundesplai_N.jpg&#8221; width=&#8221;100%&#8221; max_width=&#8221;2559px&#8221; custom_margin=&#8221;50px||50px||false|false&#8221; custom_margin_tablet=&#8221;&#8221; custom_margin_phone=&#8221;30px||0px||false|false&#8221; custom_margin_last_edited=&#8221;on|desktop&#8221; locked=&#8221;off&#8221; global_colors_info=&#8221;{}&#8221;][et_pb_column type=&#8221;1_3&#8243; _builder_version=&#8221;4.16&#8243; background_image=&#8221;https:\/\/fundesplai.org\/nusos\/wp-content\/uploads\/sites\/18\/2019\/08\/Quadern_nusos_Fundesplai_N.jpg&#8221; global_colors_info=&#8221;{}&#8221;][et_pb_cta title=&#8221;Quadern pedag\u00f2gic&#8221; button_url=&#8221;https:\/\/fundesplai.org\/nusos\/quadern-pedagogic\/&#8221; button_text=&#8221; +&#8221; _builder_version=&#8221;4.19.0&#8243; header_level=&#8221;h1&#8243; header_font=&#8221;|600|||||||&#8221; header_text_align=&#8221;center&#8221; body_font=&#8221;|600|||||||&#8221; background_enable_color=&#8221;off&#8221; custom_button=&#8221;on&#8221; button_text_size=&#8221;17px&#8221; button_border_width=&#8221;0px&#8221; button_border_radius=&#8221;33px&#8221; button_use_icon=&#8221;off&#8221; button_alignment=&#8221;center&#8221; animation_style=&#8221;zoom&#8221; animation_direction=&#8221;bottom&#8221; animation_starting_opacity=&#8221;56%&#8221; link_option_url=&#8221;https:\/\/fundesplai.org\/nusos\/quadern-pedagogic\/&#8221; hover_enabled=&#8221;0&#8243; header_text_shadow_style=&#8221;preset3&#8243; header_text_shadow_color=&#8221;#000000&#8243; text_shadow_style=&#8221;preset3&#8243; text_shadow_blur_strength=&#8221;0.02em&#8221; text_shadow_color=&#8221;#000000&#8243; locked=&#8221;off&#8221; global_colors_info=&#8221;{}&#8221; sticky_enabled=&#8221;0&#8243;]<\/p>\n<p>Encara no te l\u2019has llegit? Te&#8217;l pots descarregar per aprofundir en les tem\u00e0tiques de la proposta educativa i aclarir conceptes per fer front a aquesta aventura educativa.<\/p>\n<p>[\/et_pb_cta][\/et_pb_column][et_pb_column type=&#8221;1_3&#8243; _builder_version=&#8221;4.16&#8243; background_image=&#8221;https:\/\/fundesplai.org\/nusos\/wp-content\/uploads\/sites\/18\/2019\/08\/Eixos-animacio-Nusos-Fundesplai_N_papallona.jpg&#8221; global_colors_info=&#8221;{}&#8221;][et_pb_cta title=&#8221;Eix d&#8217;animaci\u00f3&#8221; button_url=&#8221;https:\/\/fundesplai.org\/nusos\/eix-danimacio\/&#8221; button_text=&#8221; +&#8221; _builder_version=&#8221;4.19.0&#8243; header_level=&#8221;h1&#8243; header_font=&#8221;|600|||||||&#8221; header_text_align=&#8221;center&#8221; body_font=&#8221;|600|||||||&#8221; background_enable_color=&#8221;off&#8221; custom_button=&#8221;on&#8221; button_text_size=&#8221;17px&#8221; button_border_width=&#8221;0px&#8221; button_border_radius=&#8221;33px&#8221; button_use_icon=&#8221;off&#8221; button_alignment=&#8221;center&#8221; animation_style=&#8221;zoom&#8221; animation_direction=&#8221;bottom&#8221; animation_starting_opacity=&#8221;56%&#8221; link_option_url=&#8221;https:\/\/fundesplai.org\/nusos\/eix-danimacio\/&#8221; hover_enabled=&#8221;0&#8243; header_text_shadow_style=&#8221;preset3&#8243; header_text_shadow_color=&#8221;#000000&#8243; text_shadow_style=&#8221;preset3&#8243; text_shadow_blur_strength=&#8221;0.02em&#8221; text_shadow_color=&#8221;#000000&#8243; global_colors_info=&#8221;{}&#8221; sticky_enabled=&#8221;0&#8243;]<\/p>\n<p>La Bolboreta, una papallona migrat\u00f2ria, i la Ubuntu, una maleta m\u00e0gica molt viatgera, ens acompanyaran en aquesta aventura.<br \/>Les vols con\u00e8ixer?<\/p>\n<p>[\/et_pb_cta][\/et_pb_column][et_pb_column type=&#8221;1_3&#8243; _builder_version=&#8221;4.16&#8243; background_image=&#8221;https:\/\/fundesplai.org\/nusos\/wp-content\/uploads\/sites\/18\/2019\/08\/Activitats_nusos_Fundesplai_N.jpg&#8221; global_colors_info=&#8221;{}&#8221;][et_pb_cta title=&#8221;Activitats&#8221; button_url=&#8221;https:\/\/fundesplai.org\/nusos\/activitats\/&#8221; button_text=&#8221; +&#8221; _builder_version=&#8221;4.19.0&#8243; header_level=&#8221;h1&#8243; header_font=&#8221;|600|||||||&#8221; header_text_align=&#8221;center&#8221; body_font=&#8221;|600|||||||&#8221; background_enable_color=&#8221;off&#8221; custom_button=&#8221;on&#8221; button_text_size=&#8221;17px&#8221; button_border_width=&#8221;0px&#8221; button_border_radius=&#8221;33px&#8221; button_use_icon=&#8221;off&#8221; button_alignment=&#8221;center&#8221; animation_style=&#8221;zoom&#8221; animation_direction=&#8221;bottom&#8221; animation_starting_opacity=&#8221;56%&#8221; link_option_url=&#8221;https:\/\/fundesplai.org\/nusos\/activitats\/&#8221; hover_enabled=&#8221;0&#8243; header_text_shadow_style=&#8221;preset3&#8243; header_text_shadow_color=&#8221;#000000&#8243; text_shadow_style=&#8221;preset3&#8243; text_shadow_blur_strength=&#8221;0.02em&#8221; text_shadow_color=&#8221;#000000&#8243; locked=&#8221;off&#8221; global_colors_info=&#8221;{}&#8221; sticky_enabled=&#8221;0&#8243;]<\/p>\n<p>Activitats de lleure per a totes les edats enfocades a despertar l&#8217;esperit cr\u00edtic i aprofundir en la proposta educativa nuSOS.<br \/>Educaci\u00f3 per a la ciutadania global.<\/p>\n<p>[\/et_pb_cta][\/et_pb_column][\/et_pb_row][\/et_pb_section][et_pb_section fb_built=&#8221;1&#8243; _builder_version=&#8221;4.19.0&#8243; _module_preset=&#8221;default&#8221; global_colors_info=&#8221;{}&#8221; locked=&#8221;off&#8221;][et_pb_row _builder_version=&#8221;4.19.0&#8243; _module_preset=&#8221;default&#8221; global_colors_info=&#8221;{}&#8221;][et_pb_column type=&#8221;4_4&#8243; _builder_version=&#8221;4.19.0&#8243; _module_preset=&#8221;default&#8221; global_colors_info=&#8221;{}&#8221;][et_pb_text _builder_version=&#8221;4.19.0&#8243; custom_margin=&#8221;40px||||false|false&#8221; global_colors_info=&#8221;{}&#8221;]<\/p>\n<h2 style=\"text-align: center\">Amb el suport i la col\u00b7laboraci\u00f3 de<\/h2>\n<p>[\/et_pb_text][\/et_pb_column][\/et_pb_row][et_pb_row column_structure=&#8221;1_4,1_4,1_4,1_4&#8243; _builder_version=&#8221;4.16&#8243; custom_margin=&#8221;50px||50px||true|false&#8221; custom_margin_tablet=&#8221;&#8221; custom_margin_phone=&#8221;30px||30px||true|false&#8221; custom_margin_last_edited=&#8221;on|phone&#8221; global_colors_info=&#8221;{}&#8221;][et_pb_column type=&#8221;1_4&#8243; _builder_version=&#8221;4.16&#8243; global_colors_info=&#8221;{}&#8221;][et_pb_image src=&#8221;https:\/\/fundesplai.org\/nusos\/wp-content\/uploads\/sites\/18\/2019\/08\/Generalitat.jpg&#8221; _builder_version=&#8221;4.16&#8243; custom_margin=&#8221;|30px||30px|false|true&#8221; global_colors_info=&#8221;{}&#8221;][\/et_pb_image][\/et_pb_column][et_pb_column type=&#8221;1_4&#8243; _builder_version=&#8221;4.16&#8243; global_colors_info=&#8221;{}&#8221;][et_pb_image src=&#8221;https:\/\/fundesplai.org\/nusos\/wp-content\/uploads\/sites\/18\/2019\/08\/Diputacio-de-barcelona.jpg&#8221; _builder_version=&#8221;4.16&#8243; custom_margin=&#8221;|30px||30px|false|true&#8221; global_colors_info=&#8221;{}&#8221;][\/et_pb_image][\/et_pb_column][et_pb_column type=&#8221;1_4&#8243; _builder_version=&#8221;4.16&#8243; global_colors_info=&#8221;{}&#8221;][et_pb_image src=&#8221;https:\/\/fundesplai.org\/nusos\/wp-content\/uploads\/sites\/18\/2019\/08\/Ajuntament-de-barcelona.jpg&#8221; _builder_version=&#8221;4.16&#8243; custom_margin=&#8221;|30px||30px|false|true&#8221; global_colors_info=&#8221;{}&#8221;][\/et_pb_image][\/et_pb_column][et_pb_column type=&#8221;1_4&#8243; _builder_version=&#8221;4.16&#8243; global_colors_info=&#8221;{}&#8221;][et_pb_image src=&#8221;https:\/\/fundesplai.org\/nusos\/wp-content\/uploads\/sites\/18\/2019\/08\/OTROS_FINES_I_S_GOB.jpg&#8221; _builder_version=&#8221;4.16&#8243; custom_margin=&#8221;|30px||30px|false|true&#8221; global_colors_info=&#8221;{}&#8221;][\/et_pb_image][\/et_pb_column][\/et_pb_row][\/et_pb_section]<\/p>\n","protected":false},"excerpt":{"rendered":"<p>Reptes col\u00b7lectiusEls reptes col\u00b7lectius s\u00f3n accions col\u00b7lectives basades en la metodologia aprenentatge servei\u00a0 que estan vinculades a la proposta educativa i mobilitzen els infants, joves i fam\u00edlies dels esplais, el temps del migdia, etc. Com m\u00e9s siguem, m\u00e9s riurem i m\u00e9s for\u00e7a tindrem! Est\u00e0s a punt per seguir els reptes a les xarxes socials?20 NOVEMBRE [&hellip;]<\/p>\n","protected":false},"author":4,"featured_media":0,"parent":0,"menu_order":0,"comment_status":"closed","ping_status":"closed","template":"","meta":{"_et_pb_use_builder":"on","_et_pb_old_content":"","_et_gb_content_width":"","footnotes":""},"class_list":["post-28","page","type-page","status-publish","hentry"],"yoast_head":"<!-- This site is optimized with the Yoast SEO plugin v27.4 - https:\/\/yoast.com\/product\/yoast-seo-wordpress\/ -->\n<title>Reptes col\u00b7lectius - Nusos<\/title>\n<meta name=\"robots\" content=\"index, follow, max-snippet:-1, max-image-preview:large, max-video-preview:-1\" \/>\n<link rel=\"canonical\" href=\"https:\/\/fundesplai.org\/nusos\/reptes-collectius\/\" \/>\n<meta property=\"og:locale\" content=\"ca_ES\" \/>\n<meta property=\"og:type\" content=\"article\" \/>\n<meta property=\"og:title\" content=\"Reptes col\u00b7lectius - Nusos\" \/>\n<meta property=\"og:description\" content=\"Reptes col\u00b7lectiusEls reptes col\u00b7lectius s\u00f3n accions col\u00b7lectives basades en la metodologia aprenentatge servei\u00a0 que estan vinculades a la proposta educativa i mobilitzen els infants, joves i fam\u00edlies dels esplais, el temps del migdia, etc. Com m\u00e9s siguem, m\u00e9s riurem i m\u00e9s for\u00e7a tindrem! Est\u00e0s a punt per seguir els reptes a les xarxes socials?20 NOVEMBRE [&hellip;]\" \/>\n<meta property=\"og:url\" content=\"https:\/\/fundesplai.org\/nusos\/reptes-collectius\/\" \/>\n<meta property=\"og:site_name\" content=\"Nusos\" \/>\n<meta property=\"article:modified_time\" content=\"2022-12-15T10:57:05+00:00\" \/>\n<meta name=\"twitter:card\" content=\"summary_large_image\" \/>\n<meta name=\"twitter:label1\" content=\"Temps estimat de lectura\" \/>\n\t<meta name=\"twitter:data1\" content=\"8 minuts\" \/>\n<script type=\"application\/ld+json\" class=\"yoast-schema-graph\">{\"@context\":\"https:\\\/\\\/schema.org\",\"@graph\":[{\"@type\":\"WebPage\",\"@id\":\"https:\\\/\\\/fundesplai.org\\\/nusos\\\/reptes-collectius\\\/\",\"url\":\"https:\\\/\\\/fundesplai.org\\\/nusos\\\/reptes-collectius\\\/\",\"name\":\"Reptes col\u00b7lectius - Nusos\",\"isPartOf\":{\"@id\":\"https:\\\/\\\/fundesplai.org\\\/nusos\\\/#website\"},\"datePublished\":\"2019-07-17T12:53:05+00:00\",\"dateModified\":\"2022-12-15T10:57:05+00:00\",\"breadcrumb\":{\"@id\":\"https:\\\/\\\/fundesplai.org\\\/nusos\\\/reptes-collectius\\\/#breadcrumb\"},\"inLanguage\":\"ca\",\"potentialAction\":[{\"@type\":\"ReadAction\",\"target\":[\"https:\\\/\\\/fundesplai.org\\\/nusos\\\/reptes-collectius\\\/\"]}]},{\"@type\":\"BreadcrumbList\",\"@id\":\"https:\\\/\\\/fundesplai.org\\\/nusos\\\/reptes-collectius\\\/#breadcrumb\",\"itemListElement\":[{\"@type\":\"ListItem\",\"position\":1,\"name\":\"Inici\",\"item\":\"\\\/\"},{\"@type\":\"ListItem\",\"position\":2,\"name\":\"Nusos\",\"item\":\"https:\\\/\\\/fundesplai.org\\\/nusos\"},{\"@type\":\"ListItem\",\"position\":3,\"name\":\"Reptes col\u00b7lectius\"}]},{\"@type\":\"WebSite\",\"@id\":\"https:\\\/\\\/fundesplai.org\\\/nusos\\\/#website\",\"url\":\"https:\\\/\\\/fundesplai.org\\\/nusos\\\/\",\"name\":\"Nusos\",\"description\":\"Proposta educativa de Fundesplai\",\"potentialAction\":[{\"@type\":\"SearchAction\",\"target\":{\"@type\":\"EntryPoint\",\"urlTemplate\":\"https:\\\/\\\/fundesplai.org\\\/nusos\\\/?s={search_term_string}\"},\"query-input\":{\"@type\":\"PropertyValueSpecification\",\"valueRequired\":true,\"valueName\":\"search_term_string\"}}],\"inLanguage\":\"ca\"}]}<\/script>\n<!-- \/ Yoast SEO plugin. -->","yoast_head_json":{"title":"Reptes col\u00b7lectius - Nusos","robots":{"index":"index","follow":"follow","max-snippet":"max-snippet:-1","max-image-preview":"max-image-preview:large","max-video-preview":"max-video-preview:-1"},"canonical":"https:\/\/fundesplai.org\/nusos\/reptes-collectius\/","og_locale":"ca_ES","og_type":"article","og_title":"Reptes col\u00b7lectius - Nusos","og_description":"Reptes col\u00b7lectiusEls reptes col\u00b7lectius s\u00f3n accions col\u00b7lectives basades en la metodologia aprenentatge servei\u00a0 que estan vinculades a la proposta educativa i mobilitzen els infants, joves i fam\u00edlies dels esplais, el temps del migdia, etc. Com m\u00e9s siguem, m\u00e9s riurem i m\u00e9s for\u00e7a tindrem! Est\u00e0s a punt per seguir els reptes a les xarxes socials?20 NOVEMBRE [&hellip;]","og_url":"https:\/\/fundesplai.org\/nusos\/reptes-collectius\/","og_site_name":"Nusos","article_modified_time":"2022-12-15T10:57:05+00:00","twitter_card":"summary_large_image","twitter_misc":{"Temps estimat de lectura":"8 minuts"},"schema":{"@context":"https:\/\/schema.org","@graph":[{"@type":"WebPage","@id":"https:\/\/fundesplai.org\/nusos\/reptes-collectius\/","url":"https:\/\/fundesplai.org\/nusos\/reptes-collectius\/","name":"Reptes col\u00b7lectius - Nusos","isPartOf":{"@id":"https:\/\/fundesplai.org\/nusos\/#website"},"datePublished":"2019-07-17T12:53:05+00:00","dateModified":"2022-12-15T10:57:05+00:00","breadcrumb":{"@id":"https:\/\/fundesplai.org\/nusos\/reptes-collectius\/#breadcrumb"},"inLanguage":"ca","potentialAction":[{"@type":"ReadAction","target":["https:\/\/fundesplai.org\/nusos\/reptes-collectius\/"]}]},{"@type":"BreadcrumbList","@id":"https:\/\/fundesplai.org\/nusos\/reptes-collectius\/#breadcrumb","itemListElement":[{"@type":"ListItem","position":1,"name":"Inici","item":"\/"},{"@type":"ListItem","position":2,"name":"Nusos","item":"https:\/\/fundesplai.org\/nusos"},{"@type":"ListItem","position":3,"name":"Reptes col\u00b7lectius"}]},{"@type":"WebSite","@id":"https:\/\/fundesplai.org\/nusos\/#website","url":"https:\/\/fundesplai.org\/nusos\/","name":"Nusos","description":"Proposta educativa de Fundesplai","potentialAction":[{"@type":"SearchAction","target":{"@type":"EntryPoint","urlTemplate":"https:\/\/fundesplai.org\/nusos\/?s={search_term_string}"},"query-input":{"@type":"PropertyValueSpecification","valueRequired":true,"valueName":"search_term_string"}}],"inLanguage":"ca"}]}},"_links":{"self":[{"href":"https:\/\/fundesplai.org\/nusos\/wp-json\/wp\/v2\/pages\/28","targetHints":{"allow":["GET"]}}],"collection":[{"href":"https:\/\/fundesplai.org\/nusos\/wp-json\/wp\/v2\/pages"}],"about":[{"href":"https:\/\/fundesplai.org\/nusos\/wp-json\/wp\/v2\/types\/page"}],"author":[{"embeddable":true,"href":"https:\/\/fundesplai.org\/nusos\/wp-json\/wp\/v2\/users\/4"}],"replies":[{"embeddable":true,"href":"https:\/\/fundesplai.org\/nusos\/wp-json\/wp\/v2\/comments?post=28"}],"version-history":[{"count":4,"href":"https:\/\/fundesplai.org\/nusos\/wp-json\/wp\/v2\/pages\/28\/revisions"}],"predecessor-version":[{"id":997,"href":"https:\/\/fundesplai.org\/nusos\/wp-json\/wp\/v2\/pages\/28\/revisions\/997"}],"wp:attachment":[{"href":"https:\/\/fundesplai.org\/nusos\/wp-json\/wp\/v2\/media?parent=28"}],"curies":[{"name":"wp","href":"https:\/\/api.w.org\/{rel}","templated":true}]}}