{"id":94,"date":"2021-08-10T12:29:16","date_gmt":"2021-08-10T10:29:16","guid":{"rendered":"https:\/\/fundesplai.org\/mirall\/?page_id=94"},"modified":"2021-10-18T12:03:37","modified_gmt":"2021-10-18T10:03:37","slug":"cinc-errors-frequents","status":"publish","type":"page","link":"https:\/\/fundesplai.org\/mirall\/cinc-errors-frequents\/","title":{"rendered":"Cinc errors freq\u00fcents&#8230;"},"content":{"rendered":"[et_pb_section fb_built=&#8221;1&#8243; _builder_version=&#8221;3.22&#8243; global_colors_info=&#8221;{}&#8221;][et_pb_row _builder_version=&#8221;3.25&#8243; background_size=&#8221;initial&#8221; background_position=&#8221;top_left&#8221; background_repeat=&#8221;repeat&#8221; global_colors_info=&#8221;{}&#8221;][et_pb_column type=&#8221;4_4&#8243; _builder_version=&#8221;3.25&#8243; custom_padding=&#8221;|||&#8221; global_colors_info=&#8221;{}&#8221; custom_padding__hover=&#8221;|||&#8221;][et_pb_post_title _builder_version=&#8221;4.10.5&#8243; _module_preset=&#8221;default&#8221; meta=&#8221;off&#8221; featured_image=&#8221;off&#8221; hover_enabled=&#8221;0&#8243; sticky_enabled=&#8221;0&#8243;][\/et_pb_post_title][et_pb_text _builder_version=&#8221;3.27.4&#8243; background_size=&#8221;initial&#8221; background_position=&#8221;top_left&#8221; background_repeat=&#8221;repeat&#8221; global_colors_info=&#8221;{}&#8221;]\r\n<p>A vegades, duts pel desig d\u2019aconseguir la igualtat, podem caure en actituds com ara:<\/p>\r\n\r\n\r\n\r\n<p><strong>1. Incloure amb cal\u00e7ador i negar les difer\u00e8ncies.<\/strong>\u00a0Hi haur\u00e0 situacions en que per m\u00e9s que vulguem no tothom podr\u00e0 realitzar les mateixes activitats ni de la mateixa manera.<\/p>\r\n\r\n\r\n\r\n<p><strong>2. Limitar les capacitats i rebaixar les expectatives.<\/strong>\u00a0Aix\u00f2 succeeix quan veiem m\u00e9s la seva discapacitat que no pas les seves capacitats.<\/p>\r\n\r\n\r\n\r\n<p><strong>3. Menysprear la import\u00e0ncia del llenguatge.<\/strong>\u00a0Ens referim aqu\u00ed a la discussi\u00f3 sobre l\u2019\u00fas del femen\u00ed i el mascul\u00ed i els discursos discriminatoris.<\/p>\r\n\r\n\r\n\r\n<p><strong>4. Reduir la coeducaci\u00f3 a educar els nois i les noies juntes.<\/strong>\u00a0En realitat aix\u00f2 \u00e9s educaci\u00f3 mixta i no \u00e9s suficient per garantir que els nois i les noies reben una educaci\u00f3 igualit\u00e0ria.<\/p>\r\n\r\n\r\n\r\n<p><strong>5. Evitar que aparegui el conflicte.\u00a0<\/strong>L\u2019arribada d\u2019un company\/a al grup, a l\u2019equip, implica un proc\u00e9s de reajustament i d\u2019acomodament bidireccional.<\/p>\r\n\r[\/et_pb_text][\/et_pb_column][\/et_pb_row][\/et_pb_section]","protected":false},"excerpt":{"rendered":"<p>A vegades, duts pel desig d\u2019aconseguir la igualtat, podem caure en actituds com ara: 1. Incloure amb cal\u00e7ador i negar les difer\u00e8ncies.\u00a0Hi haur\u00e0 situacions en que per m\u00e9s que vulguem no tothom podr\u00e0 realitzar les mateixes activitats ni de la mateixa manera. 2. Limitar les capacitats i rebaixar les expectatives.\u00a0Aix\u00f2 succeeix quan veiem m\u00e9s la [&hellip;]<\/p>\n","protected":false},"author":4,"featured_media":0,"parent":0,"menu_order":0,"comment_status":"closed","ping_status":"closed","template":"","meta":{"_et_pb_use_builder":"on","_et_pb_old_content":"<!-- wp:paragraph -->\r\n<p>A vegades, duts pel desig d\u2019aconseguir la igualtat, podem caure en actituds com ara:<\/p>\r\n<!-- \/wp:paragraph --><!-- wp:paragraph -->\r\n<p><strong>1. Incloure amb cal\u00e7ador i negar les difer\u00e8ncies.<\/strong>\u00a0Hi haur\u00e0 situacions en que per m\u00e9s que vulguem no tothom podr\u00e0 realitzar les mateixes activitats ni de la mateixa manera.<\/p>\r\n<!-- \/wp:paragraph --><!-- wp:paragraph -->\r\n<p><strong>2. Limitar les capacitats i rebaixar les expectatives.<\/strong>\u00a0Aix\u00f2 succeeix quan veiem m\u00e9s la seva discapacitat que no pas les seves capacitats.<\/p>\r\n<!-- \/wp:paragraph --><!-- wp:paragraph -->\r\n<p><strong>3. Menysprear la import\u00e0ncia del llenguatge.<\/strong>\u00a0Ens referim aqu\u00ed a la discussi\u00f3 sobre l\u2019\u00fas del femen\u00ed i el mascul\u00ed i els discursos discriminatoris.<\/p>\r\n<!-- \/wp:paragraph --><!-- wp:paragraph -->\r\n<p><strong>4. Reduir la coeducaci\u00f3 a educar els nois i les noies juntes.<\/strong>\u00a0En realitat aix\u00f2 \u00e9s educaci\u00f3 mixta i no \u00e9s suficient per garantir que els nois i les noies reben una educaci\u00f3 igualit\u00e0ria.<\/p>\r\n<!-- \/wp:paragraph --><!-- wp:paragraph -->\r\n<p><strong>5. Evitar que aparegui el conflicte.\u00a0<\/strong>L\u2019arribada d\u2019un company\/a al grup, a l\u2019equip, implica un proc\u00e9s de reajustament i d\u2019acomodament bidireccional.<\/p>\r\n<!-- \/wp:paragraph -->","_et_gb_content_width":"1080","footnotes":""},"class_list":["post-94","page","type-page","status-publish","hentry"],"yoast_head":"<!-- This site is optimized with the Yoast SEO plugin v27.4 - https:\/\/yoast.com\/product\/yoast-seo-wordpress\/ -->\n<title>Cinc errors freq\u00fcents... - Mirall<\/title>\n<meta name=\"robots\" content=\"index, follow, max-snippet:-1, max-image-preview:large, max-video-preview:-1\" \/>\n<link rel=\"canonical\" href=\"https:\/\/fundesplai.org\/mirall\/cinc-errors-frequents\/\" \/>\n<meta property=\"og:locale\" content=\"ca_ES\" \/>\n<meta property=\"og:type\" content=\"article\" \/>\n<meta property=\"og:title\" content=\"Cinc errors freq\u00fcents... - Mirall\" \/>\n<meta property=\"og:description\" content=\"A vegades, duts pel desig d\u2019aconseguir la igualtat, podem caure en actituds com ara: 1. Incloure amb cal\u00e7ador i negar les difer\u00e8ncies.\u00a0Hi haur\u00e0 situacions en que per m\u00e9s que vulguem no tothom podr\u00e0 realitzar les mateixes activitats ni de la mateixa manera. 2. Limitar les capacitats i rebaixar les expectatives.\u00a0Aix\u00f2 succeeix quan veiem m\u00e9s la [&hellip;]\" \/>\n<meta property=\"og:url\" content=\"https:\/\/fundesplai.org\/mirall\/cinc-errors-frequents\/\" \/>\n<meta property=\"og:site_name\" content=\"Mirall\" \/>\n<meta property=\"article:modified_time\" content=\"2021-10-18T10:03:37+00:00\" \/>\n<meta name=\"twitter:card\" content=\"summary_large_image\" \/>\n<meta name=\"twitter:label1\" content=\"Temps estimat de lectura\" \/>\n\t<meta name=\"twitter:data1\" content=\"1 minut\" \/>\n<script type=\"application\/ld+json\" class=\"yoast-schema-graph\">{\"@context\":\"https:\\\/\\\/schema.org\",\"@graph\":[{\"@type\":\"WebPage\",\"@id\":\"https:\\\/\\\/fundesplai.org\\\/mirall\\\/cinc-errors-frequents\\\/\",\"url\":\"https:\\\/\\\/fundesplai.org\\\/mirall\\\/cinc-errors-frequents\\\/\",\"name\":\"Cinc errors freq\u00fcents... - Mirall\",\"isPartOf\":{\"@id\":\"https:\\\/\\\/fundesplai.org\\\/mirall\\\/#website\"},\"datePublished\":\"2021-08-10T10:29:16+00:00\",\"dateModified\":\"2021-10-18T10:03:37+00:00\",\"breadcrumb\":{\"@id\":\"https:\\\/\\\/fundesplai.org\\\/mirall\\\/cinc-errors-frequents\\\/#breadcrumb\"},\"inLanguage\":\"ca\",\"potentialAction\":[{\"@type\":\"ReadAction\",\"target\":[\"https:\\\/\\\/fundesplai.org\\\/mirall\\\/cinc-errors-frequents\\\/\"]}]},{\"@type\":\"BreadcrumbList\",\"@id\":\"https:\\\/\\\/fundesplai.org\\\/mirall\\\/cinc-errors-frequents\\\/#breadcrumb\",\"itemListElement\":[{\"@type\":\"ListItem\",\"position\":1,\"name\":\"Inici\",\"item\":\"\\\/\"},{\"@type\":\"ListItem\",\"position\":2,\"name\":\"Mirall\",\"item\":\"https:\\\/\\\/fundesplai.org\\\/mirall\"},{\"@type\":\"ListItem\",\"position\":3,\"name\":\"Cinc errors freq\u00fcents&#8230;\"}]},{\"@type\":\"WebSite\",\"@id\":\"https:\\\/\\\/fundesplai.org\\\/mirall\\\/#website\",\"url\":\"https:\\\/\\\/fundesplai.org\\\/mirall\\\/\",\"name\":\"Mirall\",\"description\":\"Proposta educativa de Fundesplai\",\"potentialAction\":[{\"@type\":\"SearchAction\",\"target\":{\"@type\":\"EntryPoint\",\"urlTemplate\":\"https:\\\/\\\/fundesplai.org\\\/mirall\\\/?s={search_term_string}\"},\"query-input\":{\"@type\":\"PropertyValueSpecification\",\"valueRequired\":true,\"valueName\":\"search_term_string\"}}],\"inLanguage\":\"ca\"}]}<\/script>\n<!-- \/ Yoast SEO plugin. -->","yoast_head_json":{"title":"Cinc errors freq\u00fcents... - Mirall","robots":{"index":"index","follow":"follow","max-snippet":"max-snippet:-1","max-image-preview":"max-image-preview:large","max-video-preview":"max-video-preview:-1"},"canonical":"https:\/\/fundesplai.org\/mirall\/cinc-errors-frequents\/","og_locale":"ca_ES","og_type":"article","og_title":"Cinc errors freq\u00fcents... - Mirall","og_description":"A vegades, duts pel desig d\u2019aconseguir la igualtat, podem caure en actituds com ara: 1. Incloure amb cal\u00e7ador i negar les difer\u00e8ncies.\u00a0Hi haur\u00e0 situacions en que per m\u00e9s que vulguem no tothom podr\u00e0 realitzar les mateixes activitats ni de la mateixa manera. 2. Limitar les capacitats i rebaixar les expectatives.\u00a0Aix\u00f2 succeeix quan veiem m\u00e9s la [&hellip;]","og_url":"https:\/\/fundesplai.org\/mirall\/cinc-errors-frequents\/","og_site_name":"Mirall","article_modified_time":"2021-10-18T10:03:37+00:00","twitter_card":"summary_large_image","twitter_misc":{"Temps estimat de lectura":"1 minut"},"schema":{"@context":"https:\/\/schema.org","@graph":[{"@type":"WebPage","@id":"https:\/\/fundesplai.org\/mirall\/cinc-errors-frequents\/","url":"https:\/\/fundesplai.org\/mirall\/cinc-errors-frequents\/","name":"Cinc errors freq\u00fcents... - Mirall","isPartOf":{"@id":"https:\/\/fundesplai.org\/mirall\/#website"},"datePublished":"2021-08-10T10:29:16+00:00","dateModified":"2021-10-18T10:03:37+00:00","breadcrumb":{"@id":"https:\/\/fundesplai.org\/mirall\/cinc-errors-frequents\/#breadcrumb"},"inLanguage":"ca","potentialAction":[{"@type":"ReadAction","target":["https:\/\/fundesplai.org\/mirall\/cinc-errors-frequents\/"]}]},{"@type":"BreadcrumbList","@id":"https:\/\/fundesplai.org\/mirall\/cinc-errors-frequents\/#breadcrumb","itemListElement":[{"@type":"ListItem","position":1,"name":"Inici","item":"\/"},{"@type":"ListItem","position":2,"name":"Mirall","item":"https:\/\/fundesplai.org\/mirall"},{"@type":"ListItem","position":3,"name":"Cinc errors freq\u00fcents&#8230;"}]},{"@type":"WebSite","@id":"https:\/\/fundesplai.org\/mirall\/#website","url":"https:\/\/fundesplai.org\/mirall\/","name":"Mirall","description":"Proposta educativa de Fundesplai","potentialAction":[{"@type":"SearchAction","target":{"@type":"EntryPoint","urlTemplate":"https:\/\/fundesplai.org\/mirall\/?s={search_term_string}"},"query-input":{"@type":"PropertyValueSpecification","valueRequired":true,"valueName":"search_term_string"}}],"inLanguage":"ca"}]}},"_links":{"self":[{"href":"https:\/\/fundesplai.org\/mirall\/wp-json\/wp\/v2\/pages\/94","targetHints":{"allow":["GET"]}}],"collection":[{"href":"https:\/\/fundesplai.org\/mirall\/wp-json\/wp\/v2\/pages"}],"about":[{"href":"https:\/\/fundesplai.org\/mirall\/wp-json\/wp\/v2\/types\/page"}],"author":[{"embeddable":true,"href":"https:\/\/fundesplai.org\/mirall\/wp-json\/wp\/v2\/users\/4"}],"replies":[{"embeddable":true,"href":"https:\/\/fundesplai.org\/mirall\/wp-json\/wp\/v2\/comments?post=94"}],"version-history":[{"count":3,"href":"https:\/\/fundesplai.org\/mirall\/wp-json\/wp\/v2\/pages\/94\/revisions"}],"predecessor-version":[{"id":179,"href":"https:\/\/fundesplai.org\/mirall\/wp-json\/wp\/v2\/pages\/94\/revisions\/179"}],"wp:attachment":[{"href":"https:\/\/fundesplai.org\/mirall\/wp-json\/wp\/v2\/media?parent=94"}],"curies":[{"name":"wp","href":"https:\/\/api.w.org\/{rel}","templated":true}]}}