{"id":79,"date":"2021-08-10T12:21:07","date_gmt":"2021-08-10T10:21:07","guid":{"rendered":"https:\/\/fundesplai.org\/mirall\/?page_id=79"},"modified":"2023-07-05T14:11:22","modified_gmt":"2023-07-05T12:11:22","slug":"quadern-pedagogic","status":"publish","type":"page","link":"https:\/\/fundesplai.org\/mirall\/quadern-pedagogic\/","title":{"rendered":"Quadern pedag\u00f2gic"},"content":{"rendered":"<p>[et_pb_section fb_built=&#8221;1&#8243; _builder_version=&#8221;4.17.4&#8243; _module_preset=&#8221;default&#8221; global_colors_info=&#8221;{}&#8221;][et_pb_row _builder_version=&#8221;4.17.4&#8243; _module_preset=&#8221;default&#8221; global_colors_info=&#8221;{}&#8221;][et_pb_column type=&#8221;4_4&#8243; _builder_version=&#8221;4.17.4&#8243; _module_preset=&#8221;default&#8221; global_colors_info=&#8221;{}&#8221;][et_pb_text _builder_version=&#8221;4.17.4&#8243; _module_preset=&#8221;default&#8221; global_colors_info=&#8221;{}&#8221;]<\/p>\n<div style=\"display:block\">\n<!-- FlowPaper PDF flipbook plugin v.2.0.6 wordpress.org\/plugins\/flowpaper\/ -->\n<iframe title=\"FlowPaper flipbook pdf viewer\" width=\"100%\" height=\"500\" scrolling=\"no\" class=\"flowpaper-class\" frameborder=\"0\" allowFullScreen=\"true\" lightbox=\"false\" cover id src = \"https:\/\/flowpaper.com\/flipbook\/?pdf=https:\/\/fundesplai.org\/mirall\/wp-content\/uploads\/sites\/5\/2022\/09\/Proposta-educativa-MIRALL-2010.pdf?wp-hosted=1&title=&header=&theme=&singlepage=&thumbs=1&modified=230705211\" seamless=\"seamless\" style=\"margin-bottom:0;display:block;\">Your browser does not seem to support iframes. <a href=\"https:\/\/flowpaper.com\/flipbook\/?pdf=https:\/\/fundesplai.org\/mirall\/wp-content\/uploads\/sites\/5\/2022\/09\/Proposta-educativa-MIRALL-2010.pdf?wp-hosted=1\" target=\"_blank\">Click here to read this PDF<\/a>.<\/iframe>\n<div id=\"flowpaper-logo-bottom\" class=\"flowpaper-logo-bg\" style=\"background:linear-gradient(to right, rgba(0,0,0,0.65) 0%,rgba(0,0,0,0) 200px);width:100%;height:19px; padding-bottom: 1px; padding-left: 5px; padding-right: 10px; display: flex; align-items: center;z-index:9999\"><span style=\"height: 37px; padding-left: 6px;width:90%\"> <a id=\"flowpaper-link\" style=\"fill: #fff\" alt=\"FlowPaper logotype\" title=\"FlowPaper logotype\" href=\"https:\/\/flowpaper.com\" target=\"_blank\"> <img decoding=\"async\" alt=\"Publish PDF flipbooks online\" style=\"height:17px;width:auto;margin-top:11px;\" src=\"https:\/\/fundesplai.org\/mirall\/wp-content\/plugins\/flowpaper-lite-pdf-flipbook\/assets\/flowpaper-logo.png\" border=\"0\"> <\/a> <\/span><span style=\" float: right; right: 0; font-size: 10px; white-space: nowrap; opacity:0.8\"><a href=\"https:\/\/flowpaper.com\/flipbook-maker\/\" target=\"_new\" style=\"text-decoration:none;border-bottom:none;\">Created using FlowPaper Flipbook Maker &#8599;<\/a><\/span><\/div><\/div>\r\n                <script>\r\n                document.addEventListener(\"DOMContentLoaded\", function(){\r\n                    var target_element, iframe_element;\r\n                    iframe_element = document.querySelector(\"iframe.flowpaper-class\");\r\n                    target_element = document.querySelector(\"\");\r\n                    iframe_element.style.height = target_element.offsetHeight + \"px\";\r\n                });\r\n                <\/script>\r\n            \n<p>[\/et_pb_text][et_pb_button button_url=&#8221;https:\/\/fundesplai.org\/mirall\/wp-content\/uploads\/sites\/5\/2022\/09\/Proposta-educativa-MIRALL-2010-1.pdf&#8221; button_text=&#8221;Descarrega&#8217;t el quadern pedag\u00f2gic&#8221; button_alignment=&#8221;center&#8221; _builder_version=&#8221;4.21.0&#8243; _module_preset=&#8221;default&#8221; custom_margin=&#8221;30px||50px||false|false&#8221; global_colors_info=&#8221;{}&#8221;][\/et_pb_button][\/et_pb_column][\/et_pb_row][\/et_pb_section][et_pb_section fb_built=&#8221;1&#8243; _builder_version=&#8221;4.16&#8243; _module_preset=&#8221;default&#8221; locked=&#8221;off&#8221; global_colors_info=&#8221;{}&#8221;][et_pb_row _builder_version=&#8221;4.16&#8243; _module_preset=&#8221;default&#8221; custom_margin=&#8221;|auto|1px|auto||&#8221; global_colors_info=&#8221;{}&#8221;][et_pb_column type=&#8221;4_4&#8243; _builder_version=&#8221;4.16&#8243; _module_preset=&#8221;default&#8221; global_colors_info=&#8221;{}&#8221;][et_pb_text _builder_version=&#8221;4.17.4&#8243; _module_preset=&#8221;default&#8221; custom_margin=&#8221;40px||||false|false&#8221; custom_padding=&#8221;||||false|false&#8221; global_colors_info=&#8221;{}&#8221;]<\/p>\n<h2 style=\"text-align: center\">Amb la col\u00b7laboraci\u00f3 de:<\/h2>\n<p>[\/et_pb_text][\/et_pb_column][\/et_pb_row][et_pb_row column_structure=&#8221;1_4,1_4,1_4,1_4&#8243; module_id=&#8221;logo-collaborador&#8221; module_class=&#8221;logo-collaborador&#8221; _builder_version=&#8221;4.21.0&#8243; _module_preset=&#8221;default&#8221; hover_enabled=&#8221;0&#8243; global_colors_info=&#8221;{}&#8221; custom_margin=&#8221;||50px||false|false&#8221; sticky_enabled=&#8221;0&#8243;][et_pb_column type=&#8221;1_4&#8243; _builder_version=&#8221;4.16&#8243; _module_preset=&#8221;default&#8221; global_colors_info=&#8221;{}&#8221;][et_pb_image src=&#8221;https:\/\/fundesplai.org\/mirall\/wp-content\/uploads\/sites\/5\/2021\/10\/logo-diputacio-barcelona-xarxa-de-municipis-removebg-preview.png&#8221; title_text=&#8221;logo-diputacio-barcelona-xarxa-de-municipis-removebg-preview&#8221; module_id=&#8221;logo-collaborador&#8221; module_class=&#8221;logo-collaborador&#8221; _builder_version=&#8221;4.16&#8243; _module_preset=&#8221;default&#8221; global_colors_info=&#8221;{}&#8221;][\/et_pb_image][\/et_pb_column][et_pb_column type=&#8221;1_4&#8243; _builder_version=&#8221;4.16&#8243; _module_preset=&#8221;default&#8221; global_colors_info=&#8221;{}&#8221;][et_pb_image src=&#8221;https:\/\/fundesplai.org\/mirall\/wp-content\/uploads\/sites\/5\/2021\/10\/1200px-Logotipo_de_la_Generalitat_de_Catalunya.svg_.png&#8221; title_text=&#8221;1200px-Logotipo_de_la_Generalitat_de_Catalunya.svg&#8221; module_id=&#8221;logo-collaborador&#8221; module_class=&#8221;logo-collaborador&#8221; _builder_version=&#8221;4.16&#8243; _module_preset=&#8221;default&#8221; global_colors_info=&#8221;{}&#8221;][\/et_pb_image][\/et_pb_column][et_pb_column type=&#8221;1_4&#8243; _builder_version=&#8221;4.16&#8243; _module_preset=&#8221;default&#8221; global_colors_info=&#8221;{}&#8221;][et_pb_image src=&#8221;https:\/\/fundesplai.org\/mirall\/wp-content\/uploads\/sites\/5\/2021\/10\/ajuntament-de-barcelona-limes_reduides-15_rgb-770&#215;288-1.png&#8221; title_text=&#8221;ajuntament-de-barcelona-limes_reduides-15_rgb-770&#215;288&#8243; module_id=&#8221;logo-collaborador&#8221; module_class=&#8221;logo-collaborador&#8221; _builder_version=&#8221;4.16&#8243; _module_preset=&#8221;default&#8221; global_colors_info=&#8221;{}&#8221;][\/et_pb_image][\/et_pb_column][et_pb_column type=&#8221;1_4&#8243; _builder_version=&#8221;4.16&#8243; _module_preset=&#8221;default&#8221; global_colors_info=&#8221;{}&#8221;][et_pb_image src=&#8221;https:\/\/fundesplai.org\/mirall\/wp-content\/uploads\/sites\/5\/2021\/10\/Dfuz5jkWAAAFadw.jpg&#8221; title_text=&#8221;Dfuz5jkWAAAFadw&#8221; module_id=&#8221;logo-collaborador&#8221; module_class=&#8221;logo-collaborador&#8221; _builder_version=&#8221;4.16&#8243; _module_preset=&#8221;default&#8221; global_colors_info=&#8221;{}&#8221;][\/et_pb_image][\/et_pb_column][\/et_pb_row][\/et_pb_section]<\/p>\n","protected":false},"excerpt":{"rendered":"<p><div style=\"display:block\">\n<!-- FlowPaper PDF flipbook plugin v.2.0.6 wordpress.org\/plugins\/flowpaper\/ -->\n<iframe title=\"FlowPaper flipbook pdf viewer\" width=\"100%\" height=\"500\" scrolling=\"no\" class=\"flowpaper-class\" frameborder=\"0\" allowFullScreen=\"true\" lightbox=\"false\" cover id src = \"https:\/\/flowpaper.com\/flipbook\/?pdf=https:\/\/fundesplai.org\/mirall\/wp-content\/uploads\/sites\/5\/2022\/09\/Proposta-educativa-MIRALL-2010.pdf?wp-hosted=1&title=&header=&theme=&singlepage=&thumbs=1&modified=230705211\" seamless=\"seamless\" style=\"margin-bottom:0;display:block;\">Your browser does not seem to support iframes. <a href=\"https:\/\/flowpaper.com\/flipbook\/?pdf=https:\/\/fundesplai.org\/mirall\/wp-content\/uploads\/sites\/5\/2022\/09\/Proposta-educativa-MIRALL-2010.pdf?wp-hosted=1\" target=\"_blank\">Click here to read this PDF<\/a>.<\/iframe>\n<div id=\"flowpaper-logo-bottom\" class=\"flowpaper-logo-bg\" style=\"background:linear-gradient(to right, rgba(0,0,0,0.65) 0%,rgba(0,0,0,0) 200px);width:100%;height:19px; padding-bottom: 1px; padding-left: 5px; padding-right: 10px; display: flex; align-items: center;z-index:9999\"><span style=\"height: 37px; padding-left: 6px;width:90%\"> <a id=\"flowpaper-link\" style=\"fill: #fff\" alt=\"FlowPaper logotype\" title=\"FlowPaper logotype\" href=\"https:\/\/flowpaper.com\" target=\"_blank\"> <img decoding=\"async\" alt=\"Publish PDF flipbooks online\" style=\"height:17px;width:auto;margin-top:11px;\" src=\"https:\/\/fundesplai.org\/mirall\/wp-content\/plugins\/flowpaper-lite-pdf-flipbook\/assets\/flowpaper-logo.png\" border=\"0\"> <\/a> <\/span><span style=\" float: right; right: 0; font-size: 10px; white-space: nowrap; opacity:0.8\"><a href=\"https:\/\/flowpaper.com\/flipbook-maker\/\" target=\"_new\" style=\"text-decoration:none;border-bottom:none;\">Created using FlowPaper Flipbook Maker &#8599;<\/a><\/span><\/div><\/div>\r\n                <script>\r\n                document.addEventListener(\"DOMContentLoaded\", function(){\r\n                    var target_element, iframe_element;\r\n                    iframe_element = document.querySelector(\"iframe.flowpaper-class\");\r\n                    target_element = document.querySelector(\"\");\r\n                    iframe_element.style.height = target_element.offsetHeight + \"px\";\r\n                });\r\n                <\/script>\r\n            Amb la col\u00b7laboraci\u00f3 de:<\/p>\n","protected":false},"author":4,"featured_media":0,"parent":0,"menu_order":0,"comment_status":"closed","ping_status":"closed","template":"","meta":{"_et_pb_use_builder":"on","_et_pb_old_content":"<!-- wp:heading {\"level\":4} -->\r\n<h4>Objectiu<\/h4>\r\n<!-- \/wp:heading --><!-- wp:paragraph -->\r\n<p>Fer de l\u2019esplai un espai de conviv\u00e8ncia inclusiva on es promogui la igualtat, el reconeixement i el respecte a tothom. Treballar per a qu\u00e8 aix\u00f2 contribueixi a que els infants, joves i fam\u00edlies ho apliquin a d\u2019altres \u00e0mbits de la seva vida.<\/p>\r\n<!-- \/wp:paragraph --><!-- wp:heading {\"level\":4} -->\r\n<h4>Destinataris<\/h4>\r\n<!-- \/wp:heading --><!-- wp:list -->\r\n<ul>\r\n<li>Infants i adolescents<\/li>\r\n<li>Fam\u00edlies<\/li>\r\n<li>Monitors i monitores<\/li>\r\n<\/ul>\r\n<!-- \/wp:list --><!-- wp:heading {\"level\":4} -->\r\n<h4>Fitxes d\u2019activitat<\/h4>\r\n<!-- \/wp:heading --><!-- wp:list -->\r\n<ul>\r\n<li>7 propostes per a infants de 3 a 8 anys<\/li>\r\n<li>7 propostes per a nois i noies de 8 a 12 anys<\/li>\r\n<li>7 propostes per a adolescents de 12 a 16 anys<\/li>\r\n<li>2 propostes per a les fam\u00edlies<\/li>\r\n<li>2 propostes per a monitors i monitores<\/li>\r\n<li>2 propostes per a totes les edats, activitats col\u00b7lectives<\/li>\r\n<\/ul>\r\n<!-- \/wp:list --><!-- wp:heading {\"level\":4} -->\r\n<h4>Els materials de la proposta educativa<\/h4>\r\n<!-- \/wp:heading --><!-- wp:list -->\r\n<ul>\r\n<li><strong>El quadern pedag\u00f2gic<\/strong>: recull els aspectes de fonamentaci\u00f3 i un resum de les fitxes d\u2019activitat. Material impr\u00e8s, tamb\u00e9 disponible en pdf.<\/li>\r\n<li><strong>El web Mirall<\/strong>: eina virtual de difusi\u00f3 de la proposta, on trobareu les fitxes d\u2019activitat m\u00e9s desenvolupades i altres recursos complementaris.<\/li>\r\n<li><strong>El Cd Mirall, can\u00e7ons per a la igualtat d\u2019oportunitats<\/strong>: recurs educatiu per gaudir i aprendre a trav\u00e9s de la m\u00fasica. Hi trobareu una recopilaci\u00f3 de can\u00e7ons de diversos m\u00fasics de l\u2019Associaci\u00f3 AMAPEI (<a href=\"http:\/\/www.amapei.com\/\" target=\"_blank\" rel=\"noreferrer noopener\">www.amapei.com<\/a>)<\/li>\r\n<\/ul>\r\n<!-- \/wp:list --><!-- wp:paragraph -->\r\n<p><strong>Si teniu inter\u00e8s en adquirir el quadern pedag\u00f2gic i el Cd Mirall, poseu-vos en contacte amb la Federaci\u00f3 Catalana de l\u2019Esplai,\u00a0<a href=\"mailto:federacio@esplai.org\">federacio@esplai.org<\/a><\/strong><\/p>\r\n<!-- \/wp:paragraph -->","_et_gb_content_width":"1080","footnotes":""},"class_list":["post-79","page","type-page","status-publish","hentry"],"yoast_head":"<!-- This site is optimized with the Yoast SEO plugin v27.4 - https:\/\/yoast.com\/product\/yoast-seo-wordpress\/ -->\n<title>Quadern pedag\u00f2gic - Mirall<\/title>\n<meta name=\"robots\" content=\"index, follow, max-snippet:-1, max-image-preview:large, max-video-preview:-1\" \/>\n<link rel=\"canonical\" href=\"https:\/\/fundesplai.org\/mirall\/quadern-pedagogic\/\" \/>\n<meta property=\"og:locale\" content=\"ca_ES\" \/>\n<meta property=\"og:type\" content=\"article\" \/>\n<meta property=\"og:title\" content=\"Quadern pedag\u00f2gic - Mirall\" \/>\n<meta property=\"og:description\" content=\"Amb la col\u00b7laboraci\u00f3 de:\" \/>\n<meta property=\"og:url\" content=\"https:\/\/fundesplai.org\/mirall\/quadern-pedagogic\/\" \/>\n<meta property=\"og:site_name\" content=\"Mirall\" \/>\n<meta property=\"article:modified_time\" content=\"2023-07-05T12:11:22+00:00\" \/>\n<meta name=\"twitter:card\" content=\"summary_large_image\" \/>\n<meta name=\"twitter:label1\" content=\"Temps estimat de lectura\" \/>\n\t<meta name=\"twitter:data1\" content=\"1 minut\" \/>\n<script type=\"application\/ld+json\" class=\"yoast-schema-graph\">{\"@context\":\"https:\\\/\\\/schema.org\",\"@graph\":[{\"@type\":\"WebPage\",\"@id\":\"https:\\\/\\\/fundesplai.org\\\/mirall\\\/quadern-pedagogic\\\/\",\"url\":\"https:\\\/\\\/fundesplai.org\\\/mirall\\\/quadern-pedagogic\\\/\",\"name\":\"Quadern pedag\u00f2gic - Mirall\",\"isPartOf\":{\"@id\":\"https:\\\/\\\/fundesplai.org\\\/mirall\\\/#website\"},\"datePublished\":\"2021-08-10T10:21:07+00:00\",\"dateModified\":\"2023-07-05T12:11:22+00:00\",\"breadcrumb\":{\"@id\":\"https:\\\/\\\/fundesplai.org\\\/mirall\\\/quadern-pedagogic\\\/#breadcrumb\"},\"inLanguage\":\"ca\",\"potentialAction\":[{\"@type\":\"ReadAction\",\"target\":[\"https:\\\/\\\/fundesplai.org\\\/mirall\\\/quadern-pedagogic\\\/\"]}]},{\"@type\":\"BreadcrumbList\",\"@id\":\"https:\\\/\\\/fundesplai.org\\\/mirall\\\/quadern-pedagogic\\\/#breadcrumb\",\"itemListElement\":[{\"@type\":\"ListItem\",\"position\":1,\"name\":\"Inici\",\"item\":\"\\\/\"},{\"@type\":\"ListItem\",\"position\":2,\"name\":\"Mirall\",\"item\":\"https:\\\/\\\/fundesplai.org\\\/mirall\"},{\"@type\":\"ListItem\",\"position\":3,\"name\":\"Quadern pedag\u00f2gic\"}]},{\"@type\":\"WebSite\",\"@id\":\"https:\\\/\\\/fundesplai.org\\\/mirall\\\/#website\",\"url\":\"https:\\\/\\\/fundesplai.org\\\/mirall\\\/\",\"name\":\"Mirall\",\"description\":\"Proposta educativa de Fundesplai\",\"potentialAction\":[{\"@type\":\"SearchAction\",\"target\":{\"@type\":\"EntryPoint\",\"urlTemplate\":\"https:\\\/\\\/fundesplai.org\\\/mirall\\\/?s={search_term_string}\"},\"query-input\":{\"@type\":\"PropertyValueSpecification\",\"valueRequired\":true,\"valueName\":\"search_term_string\"}}],\"inLanguage\":\"ca\"}]}<\/script>\n<!-- \/ Yoast SEO plugin. -->","yoast_head_json":{"title":"Quadern pedag\u00f2gic - Mirall","robots":{"index":"index","follow":"follow","max-snippet":"max-snippet:-1","max-image-preview":"max-image-preview:large","max-video-preview":"max-video-preview:-1"},"canonical":"https:\/\/fundesplai.org\/mirall\/quadern-pedagogic\/","og_locale":"ca_ES","og_type":"article","og_title":"Quadern pedag\u00f2gic - Mirall","og_description":"Amb la col\u00b7laboraci\u00f3 de:","og_url":"https:\/\/fundesplai.org\/mirall\/quadern-pedagogic\/","og_site_name":"Mirall","article_modified_time":"2023-07-05T12:11:22+00:00","twitter_card":"summary_large_image","twitter_misc":{"Temps estimat de lectura":"1 minut"},"schema":{"@context":"https:\/\/schema.org","@graph":[{"@type":"WebPage","@id":"https:\/\/fundesplai.org\/mirall\/quadern-pedagogic\/","url":"https:\/\/fundesplai.org\/mirall\/quadern-pedagogic\/","name":"Quadern pedag\u00f2gic - Mirall","isPartOf":{"@id":"https:\/\/fundesplai.org\/mirall\/#website"},"datePublished":"2021-08-10T10:21:07+00:00","dateModified":"2023-07-05T12:11:22+00:00","breadcrumb":{"@id":"https:\/\/fundesplai.org\/mirall\/quadern-pedagogic\/#breadcrumb"},"inLanguage":"ca","potentialAction":[{"@type":"ReadAction","target":["https:\/\/fundesplai.org\/mirall\/quadern-pedagogic\/"]}]},{"@type":"BreadcrumbList","@id":"https:\/\/fundesplai.org\/mirall\/quadern-pedagogic\/#breadcrumb","itemListElement":[{"@type":"ListItem","position":1,"name":"Inici","item":"\/"},{"@type":"ListItem","position":2,"name":"Mirall","item":"https:\/\/fundesplai.org\/mirall"},{"@type":"ListItem","position":3,"name":"Quadern pedag\u00f2gic"}]},{"@type":"WebSite","@id":"https:\/\/fundesplai.org\/mirall\/#website","url":"https:\/\/fundesplai.org\/mirall\/","name":"Mirall","description":"Proposta educativa de Fundesplai","potentialAction":[{"@type":"SearchAction","target":{"@type":"EntryPoint","urlTemplate":"https:\/\/fundesplai.org\/mirall\/?s={search_term_string}"},"query-input":{"@type":"PropertyValueSpecification","valueRequired":true,"valueName":"search_term_string"}}],"inLanguage":"ca"}]}},"_links":{"self":[{"href":"https:\/\/fundesplai.org\/mirall\/wp-json\/wp\/v2\/pages\/79","targetHints":{"allow":["GET"]}}],"collection":[{"href":"https:\/\/fundesplai.org\/mirall\/wp-json\/wp\/v2\/pages"}],"about":[{"href":"https:\/\/fundesplai.org\/mirall\/wp-json\/wp\/v2\/types\/page"}],"author":[{"embeddable":true,"href":"https:\/\/fundesplai.org\/mirall\/wp-json\/wp\/v2\/users\/4"}],"replies":[{"embeddable":true,"href":"https:\/\/fundesplai.org\/mirall\/wp-json\/wp\/v2\/comments?post=79"}],"version-history":[{"count":13,"href":"https:\/\/fundesplai.org\/mirall\/wp-json\/wp\/v2\/pages\/79\/revisions"}],"predecessor-version":[{"id":372,"href":"https:\/\/fundesplai.org\/mirall\/wp-json\/wp\/v2\/pages\/79\/revisions\/372"}],"wp:attachment":[{"href":"https:\/\/fundesplai.org\/mirall\/wp-json\/wp\/v2\/media?parent=79"}],"curies":[{"name":"wp","href":"https:\/\/api.w.org\/{rel}","templated":true}]}}