{"id":391,"date":"2023-10-19T14:22:52","date_gmt":"2023-10-19T12:22:52","guid":{"rendered":"https:\/\/fundesplai.org\/mirall\/?page_id=391"},"modified":"2023-10-19T14:24:20","modified_gmt":"2023-10-19T12:24:20","slug":"activitats","status":"publish","type":"page","link":"https:\/\/fundesplai.org\/mirall\/activitats\/","title":{"rendered":"Activitats"},"content":{"rendered":"<p>[et_pb_section fb_built=&#8221;1&#8243; _builder_version=&#8221;4.21.0&#8243; _module_preset=&#8221;default&#8221; global_colors_info=&#8221;{}&#8221;][et_pb_row _builder_version=&#8221;4.21.0&#8243; _module_preset=&#8221;default&#8221; global_colors_info=&#8221;{}&#8221;][et_pb_column type=&#8221;4_4&#8243; _builder_version=&#8221;4.21.0&#8243; _module_preset=&#8221;default&#8221; global_colors_info=&#8221;{}&#8221;][et_pb_post_title meta=&#8221;off&#8221; featured_image=&#8221;off&#8221; _builder_version=&#8221;4.21.0&#8243; _module_preset=&#8221;default&#8221; global_colors_info=&#8221;{}&#8221;][\/et_pb_post_title][et_pb_accordion _builder_version=&#8221;4.21.0&#8243; _module_preset=&#8221;default&#8221; custom_margin=&#8221;||50px||false|false&#8221; global_colors_info=&#8221;{}&#8221;][et_pb_accordion_item title=&#8221;De 3 a 8 anys&#8221; open=&#8221;on&#8221; _builder_version=&#8221;4.21.0&#8243; _module_preset=&#8221;default&#8221; global_colors_info=&#8221;{}&#8221;]<\/p>\n<ul>\n<li><a href=\"https:\/\/fundesplai.org\/banc-recursos\/recurs\/tresors-de-menta\/\">Tresors de menta<\/a><\/li>\n<li><a href=\"https:\/\/fundesplai.org\/banc-recursos\/recurs\/5281\/\">Racons sensorials<\/a><\/li>\n<li><a href=\"https:\/\/fundesplai.org\/banc-recursos\/recurs\/5285\/\">Som iguals<\/a><\/li>\n<li><a href=\"https:\/\/fundesplai.org\/banc-recursos\/recurs\/5291\/\">Comprar per comprar<\/a><\/li>\n<li><a href=\"https:\/\/fundesplai.org\/banc-recursos\/recurs\/5297-2\/\">Somnis solidaris<\/a><\/li>\n<li><a href=\"https:\/\/fundesplai.org\/banc-recursos\/recurs\/la-meva-feina\/\">La meva feina<\/a><\/li>\n<li><a href=\"https:\/\/fundesplai.org\/banc-recursos\/recurs\/excursio-al-panta-de-can-borrell\/\">Excursi\u00f3 al Pant\u00e0 de Can Borrell<\/a><\/li>\n<\/ul>\n<p>[\/et_pb_accordion_item][et_pb_accordion_item title=&#8221;De 8 a 12 anys&#8221; _builder_version=&#8221;4.21.0&#8243; _module_preset=&#8221;default&#8221; global_colors_info=&#8221;{}&#8221; open=&#8221;off&#8221;]<\/p>\n<ul>\n<li><a href=\"https:\/\/fundesplai.org\/banc-recursos\/recurs\/jo-soc-tu-ets\/\">Jo s\u00f3c, tu ets<\/a><\/li>\n<li><a href=\"https:\/\/fundesplai.org\/banc-recursos\/recurs\/a-les-seves-sabates\/\">A les seves sabates<\/a><\/li>\n<li><a href=\"https:\/\/fundesplai.org\/banc-recursos\/recurs\/els-mitjons-tenen-cames\/\">Els mitjons tenen cames?<\/a><\/li>\n<li><a href=\"https:\/\/fundesplai.org\/banc-recursos\/recurs\/ulleres-magiques\/\">Ulleres m\u00e0giques<\/a><\/li>\n<li><a href=\"https:\/\/fundesplai.org\/banc-recursos\/recurs\/la-historia-del-llapis\/\">La hist\u00f2ria del llapis<\/a><\/li>\n<\/ul>\n<p>[\/et_pb_accordion_item][et_pb_accordion_item title=&#8221;De 12 a 16 anys&#8221; _builder_version=&#8221;4.21.0&#8243; _module_preset=&#8221;default&#8221; global_colors_info=&#8221;{}&#8221; open=&#8221;off&#8221;]<\/p>\n<ul>\n<li><a href=\"https:\/\/fundesplai.org\/banc-recursos\/recurs\/descobreix-el-tresor\/\">Descobreix el tresor<\/a><\/li>\n<li><a href=\"https:\/\/fundesplai.org\/banc-recursos\/recurs\/stop-desigualtats\/\">Stop desigualtats!<\/a><\/li>\n<li><a href=\"https:\/\/fundesplai.org\/banc-recursos\/recurs\/passio-per-la-boccia\/\">Passi\u00f3 per la boccia<\/a><\/li>\n<li><a href=\"https:\/\/fundesplai.org\/banc-recursos\/recurs\/a-tothom-li-pot-tocar\/\">A tothom li pot tocar<\/a><\/li>\n<li><a href=\"https:\/\/fundesplai.org\/banc-recursos\/recurs\/invisibles\/\">Invisibles<\/a><\/li>\n<li><a href=\"https:\/\/fundesplai.org\/banc-recursos\/recurs\/excursio-pel-cami-dels-bons-homes\/\">Excursi\u00f3 pel cam\u00ed dels bons homes<\/a><\/li>\n<\/ul>\n<p>[\/et_pb_accordion_item][\/et_pb_accordion][\/et_pb_column][\/et_pb_row][\/et_pb_section]<\/p>\n","protected":false},"excerpt":{"rendered":"<p>Tresors de menta Racons sensorials Som iguals Comprar per comprar Somnis solidaris La meva feina Excursi\u00f3 al Pant\u00e0 de Can Borrell Jo s\u00f3c, tu ets A les seves sabates Els mitjons tenen cames? Ulleres m\u00e0giques La hist\u00f2ria del llapis Descobreix el tresor Stop desigualtats! Passi\u00f3 per la boccia A tothom li pot tocar Invisibles Excursi\u00f3 [&hellip;]<\/p>\n","protected":false},"author":27,"featured_media":0,"parent":0,"menu_order":0,"comment_status":"closed","ping_status":"closed","template":"","meta":{"_et_pb_use_builder":"on","_et_pb_old_content":"","_et_gb_content_width":"","footnotes":""},"class_list":["post-391","page","type-page","status-publish","hentry"],"yoast_head":"<!-- This site is optimized with the Yoast SEO plugin v27.4 - https:\/\/yoast.com\/product\/yoast-seo-wordpress\/ -->\n<title>Activitats - Mirall<\/title>\n<meta name=\"robots\" content=\"index, follow, max-snippet:-1, max-image-preview:large, max-video-preview:-1\" \/>\n<link rel=\"canonical\" href=\"https:\/\/fundesplai.org\/mirall\/activitats\/\" \/>\n<meta property=\"og:locale\" content=\"ca_ES\" \/>\n<meta property=\"og:type\" content=\"article\" \/>\n<meta property=\"og:title\" content=\"Activitats - Mirall\" \/>\n<meta property=\"og:description\" content=\"Tresors de menta Racons sensorials Som iguals Comprar per comprar Somnis solidaris La meva feina Excursi\u00f3 al Pant\u00e0 de Can Borrell Jo s\u00f3c, tu ets A les seves sabates Els mitjons tenen cames? Ulleres m\u00e0giques La hist\u00f2ria del llapis Descobreix el tresor Stop desigualtats! Passi\u00f3 per la boccia A tothom li pot tocar Invisibles Excursi\u00f3 [&hellip;]\" \/>\n<meta property=\"og:url\" content=\"https:\/\/fundesplai.org\/mirall\/activitats\/\" \/>\n<meta property=\"og:site_name\" content=\"Mirall\" \/>\n<meta property=\"article:modified_time\" content=\"2023-10-19T12:24:20+00:00\" \/>\n<meta name=\"twitter:card\" content=\"summary_large_image\" \/>\n<meta name=\"twitter:label1\" content=\"Temps estimat de lectura\" \/>\n\t<meta name=\"twitter:data1\" content=\"1 minut\" \/>\n<script type=\"application\/ld+json\" class=\"yoast-schema-graph\">{\"@context\":\"https:\\\/\\\/schema.org\",\"@graph\":[{\"@type\":\"WebPage\",\"@id\":\"https:\\\/\\\/fundesplai.org\\\/mirall\\\/activitats\\\/\",\"url\":\"https:\\\/\\\/fundesplai.org\\\/mirall\\\/activitats\\\/\",\"name\":\"Activitats - Mirall\",\"isPartOf\":{\"@id\":\"https:\\\/\\\/fundesplai.org\\\/mirall\\\/#website\"},\"datePublished\":\"2023-10-19T12:22:52+00:00\",\"dateModified\":\"2023-10-19T12:24:20+00:00\",\"breadcrumb\":{\"@id\":\"https:\\\/\\\/fundesplai.org\\\/mirall\\\/activitats\\\/#breadcrumb\"},\"inLanguage\":\"ca\",\"potentialAction\":[{\"@type\":\"ReadAction\",\"target\":[\"https:\\\/\\\/fundesplai.org\\\/mirall\\\/activitats\\\/\"]}]},{\"@type\":\"BreadcrumbList\",\"@id\":\"https:\\\/\\\/fundesplai.org\\\/mirall\\\/activitats\\\/#breadcrumb\",\"itemListElement\":[{\"@type\":\"ListItem\",\"position\":1,\"name\":\"Inici\",\"item\":\"\\\/\"},{\"@type\":\"ListItem\",\"position\":2,\"name\":\"Mirall\",\"item\":\"https:\\\/\\\/fundesplai.org\\\/mirall\"},{\"@type\":\"ListItem\",\"position\":3,\"name\":\"Activitats\"}]},{\"@type\":\"WebSite\",\"@id\":\"https:\\\/\\\/fundesplai.org\\\/mirall\\\/#website\",\"url\":\"https:\\\/\\\/fundesplai.org\\\/mirall\\\/\",\"name\":\"Mirall\",\"description\":\"Proposta educativa de Fundesplai\",\"potentialAction\":[{\"@type\":\"SearchAction\",\"target\":{\"@type\":\"EntryPoint\",\"urlTemplate\":\"https:\\\/\\\/fundesplai.org\\\/mirall\\\/?s={search_term_string}\"},\"query-input\":{\"@type\":\"PropertyValueSpecification\",\"valueRequired\":true,\"valueName\":\"search_term_string\"}}],\"inLanguage\":\"ca\"}]}<\/script>\n<!-- \/ Yoast SEO plugin. -->","yoast_head_json":{"title":"Activitats - Mirall","robots":{"index":"index","follow":"follow","max-snippet":"max-snippet:-1","max-image-preview":"max-image-preview:large","max-video-preview":"max-video-preview:-1"},"canonical":"https:\/\/fundesplai.org\/mirall\/activitats\/","og_locale":"ca_ES","og_type":"article","og_title":"Activitats - Mirall","og_description":"Tresors de menta Racons sensorials Som iguals Comprar per comprar Somnis solidaris La meva feina Excursi\u00f3 al Pant\u00e0 de Can Borrell Jo s\u00f3c, tu ets A les seves sabates Els mitjons tenen cames? Ulleres m\u00e0giques La hist\u00f2ria del llapis Descobreix el tresor Stop desigualtats! Passi\u00f3 per la boccia A tothom li pot tocar Invisibles Excursi\u00f3 [&hellip;]","og_url":"https:\/\/fundesplai.org\/mirall\/activitats\/","og_site_name":"Mirall","article_modified_time":"2023-10-19T12:24:20+00:00","twitter_card":"summary_large_image","twitter_misc":{"Temps estimat de lectura":"1 minut"},"schema":{"@context":"https:\/\/schema.org","@graph":[{"@type":"WebPage","@id":"https:\/\/fundesplai.org\/mirall\/activitats\/","url":"https:\/\/fundesplai.org\/mirall\/activitats\/","name":"Activitats - Mirall","isPartOf":{"@id":"https:\/\/fundesplai.org\/mirall\/#website"},"datePublished":"2023-10-19T12:22:52+00:00","dateModified":"2023-10-19T12:24:20+00:00","breadcrumb":{"@id":"https:\/\/fundesplai.org\/mirall\/activitats\/#breadcrumb"},"inLanguage":"ca","potentialAction":[{"@type":"ReadAction","target":["https:\/\/fundesplai.org\/mirall\/activitats\/"]}]},{"@type":"BreadcrumbList","@id":"https:\/\/fundesplai.org\/mirall\/activitats\/#breadcrumb","itemListElement":[{"@type":"ListItem","position":1,"name":"Inici","item":"\/"},{"@type":"ListItem","position":2,"name":"Mirall","item":"https:\/\/fundesplai.org\/mirall"},{"@type":"ListItem","position":3,"name":"Activitats"}]},{"@type":"WebSite","@id":"https:\/\/fundesplai.org\/mirall\/#website","url":"https:\/\/fundesplai.org\/mirall\/","name":"Mirall","description":"Proposta educativa de Fundesplai","potentialAction":[{"@type":"SearchAction","target":{"@type":"EntryPoint","urlTemplate":"https:\/\/fundesplai.org\/mirall\/?s={search_term_string}"},"query-input":{"@type":"PropertyValueSpecification","valueRequired":true,"valueName":"search_term_string"}}],"inLanguage":"ca"}]}},"_links":{"self":[{"href":"https:\/\/fundesplai.org\/mirall\/wp-json\/wp\/v2\/pages\/391","targetHints":{"allow":["GET"]}}],"collection":[{"href":"https:\/\/fundesplai.org\/mirall\/wp-json\/wp\/v2\/pages"}],"about":[{"href":"https:\/\/fundesplai.org\/mirall\/wp-json\/wp\/v2\/types\/page"}],"author":[{"embeddable":true,"href":"https:\/\/fundesplai.org\/mirall\/wp-json\/wp\/v2\/users\/27"}],"replies":[{"embeddable":true,"href":"https:\/\/fundesplai.org\/mirall\/wp-json\/wp\/v2\/comments?post=391"}],"version-history":[{"count":6,"href":"https:\/\/fundesplai.org\/mirall\/wp-json\/wp\/v2\/pages\/391\/revisions"}],"predecessor-version":[{"id":399,"href":"https:\/\/fundesplai.org\/mirall\/wp-json\/wp\/v2\/pages\/391\/revisions\/399"}],"wp:attachment":[{"href":"https:\/\/fundesplai.org\/mirall\/wp-json\/wp\/v2\/media?parent=391"}],"curies":[{"name":"wp","href":"https:\/\/api.w.org\/{rel}","templated":true}]}}