{"id":333,"date":"2022-09-13T12:54:06","date_gmt":"2022-09-13T10:54:06","guid":{"rendered":"https:\/\/fundesplai.org\/mirall\/?page_id=333"},"modified":"2023-07-05T14:15:21","modified_gmt":"2023-07-05T12:15:21","slug":"eix-animacio-de-8-a-12-anys","status":"publish","type":"page","link":"https:\/\/fundesplai.org\/mirall\/eix-animacio-de-8-a-12-anys\/","title":{"rendered":"De 8 a 12 anys"},"content":{"rendered":"<p>[et_pb_section fb_built=&#8221;1&#8243; _builder_version=&#8221;4.17.4&#8243; _module_preset=&#8221;default&#8221; global_colors_info=&#8221;{}&#8221;][et_pb_row _builder_version=&#8221;4.21.0&#8243; _module_preset=&#8221;default&#8221; hover_enabled=&#8221;0&#8243; global_colors_info=&#8221;{}&#8221; custom_margin=&#8221;||50px||false|false&#8221; sticky_enabled=&#8221;0&#8243;][et_pb_column type=&#8221;4_4&#8243; _builder_version=&#8221;4.17.4&#8243; _module_preset=&#8221;default&#8221; global_colors_info=&#8221;{}&#8221;][et_pb_post_title meta=&#8221;off&#8221; featured_image=&#8221;off&#8221; _builder_version=&#8221;4.17.4&#8243; _module_preset=&#8221;default&#8221; global_colors_info=&#8221;{}&#8221;][\/et_pb_post_title][et_pb_text _builder_version=&#8221;4.17.4&#8243; _module_preset=&#8221;default&#8221; global_colors_info=&#8221;{}&#8221;]<\/p>\n<h3>EL CENTRE D\u2019INTER\u00c8S DEL DIARI IRRIPARRA<\/h3>\n<p>El centre d\u2019inter\u00e8s que proposem per als nois i noies de 8 a 12 anys es traduir\u00e0 en un projecte:<strong>\u00a0l\u2019edici\u00f3 del seu propi diari<\/strong>. A trav\u00e9s d\u2019aquesta eina tindran l\u2019oportunitat d\u2019aprendre a\u00a0<strong>fer de periodistes, de fot\u00f2grafs\/es, d\u2019editors\/es, de dissenyadors\/es<\/strong>\u2026 A m\u00e9s, servir\u00e0 per difondre les seves activitats i experi\u00e8ncies, aix\u00ed com el treball que es realitzar\u00e0 durant el curs al voltant dels eixos tem\u00e0tics de la proposta educativa.<\/p>\n<p>Hem triat aquesta proposta per\u00a0<strong>diverses raons<\/strong>:<\/p>\n<ul>\n<li><strong>Implica directament els nois i noie<\/strong>s com a subjectes actius, donant-los protagonisme i reconeixement.<\/li>\n<li>Permet\u00a0<strong>estimular els seus h\u00e0bits lectors i d\u2019escriptura<\/strong>.<\/li>\n<li>Contribueix a\u00a0<strong>refor\u00e7ar el valor de la diversitat<\/strong>, en tant que les diferents capacitats de cadasc\u00fa s\u00f3n necess\u00e0ries per fer el diari, i \u00e9s un projecte que es pot transversalitzar f\u00e0cilment a l\u2019esplai, generant cultura d\u2019intercanvi entre els grups i seccions.<\/li>\n<li>Pot ser un<strong>\u00a0instrument per lluitar contra la pobresa i l\u2019exclusi\u00f3<\/strong>\u00a0si donem veu als grups m\u00e9s desafavorits, identifiquem necessitat, denunciem injust\u00edcies, etc.<\/li>\n<li>De la m\u00e0 de dos personatges que treballen en la redacci\u00f3 d\u2019un diari:\u00a0<strong>el Paco, periodista i amant de la poesia<\/strong>, que t\u00e9 una discapacitat visual, i la Janna, una fot\u00f2grafa intr\u00e8pida i molt viatgera, viurem un munt d\u2019aventures i haurem de resoldre un misteri, l\u2019enigma de Maat.<\/li>\n<li><strong>El nom Irriparra<\/strong>\u00a0(mot basc que significa somriure) correspon a un ocell imaginari, que \u00e9s la mascota que fa uns anys varen triar els grups de mitjans dels esplais de la Federaci\u00f3 Catalana de l\u2019Esplai.<\/li>\n<li>Hem creat una maqueta del diari per facilitar-vos la feina. Nom\u00e9s pret\u00e9n ser un recurs, una guia que en cap cas hauria de limitar la imaginaci\u00f3 i el desig del grup de personalitzar el seu diari, crear noves seccions, canviar el disseny, etc. \u00c9s una maqueta molt senzilla editada a trav\u00e9s del programa OpenOffice for kids (Ooo4kids).<\/li>\n<\/ul>\n<p>[\/et_pb_text][\/et_pb_column][\/et_pb_row][\/et_pb_section]<\/p>\n","protected":false},"excerpt":{"rendered":"<p>EL CENTRE D\u2019INTER\u00c8S DEL DIARI IRRIPARRA El centre d\u2019inter\u00e8s que proposem per als nois i noies de 8 a 12 anys es traduir\u00e0 en un projecte:\u00a0l\u2019edici\u00f3 del seu propi diari. A trav\u00e9s d\u2019aquesta eina tindran l\u2019oportunitat d\u2019aprendre a\u00a0fer de periodistes, de fot\u00f2grafs\/es, d\u2019editors\/es, de dissenyadors\/es\u2026 A m\u00e9s, servir\u00e0 per difondre les seves activitats i experi\u00e8ncies, [&hellip;]<\/p>\n","protected":false},"author":27,"featured_media":0,"parent":0,"menu_order":0,"comment_status":"closed","ping_status":"closed","template":"","meta":{"_et_pb_use_builder":"on","_et_pb_old_content":"","_et_gb_content_width":"","footnotes":""},"class_list":["post-333","page","type-page","status-publish","hentry"],"yoast_head":"<!-- This site is optimized with the Yoast SEO plugin v27.4 - https:\/\/yoast.com\/product\/yoast-seo-wordpress\/ -->\n<title>De 8 a 12 anys - Mirall<\/title>\n<meta name=\"robots\" content=\"index, follow, max-snippet:-1, max-image-preview:large, max-video-preview:-1\" \/>\n<link rel=\"canonical\" href=\"https:\/\/fundesplai.org\/mirall\/eix-animacio-de-8-a-12-anys\/\" \/>\n<meta property=\"og:locale\" content=\"ca_ES\" \/>\n<meta property=\"og:type\" content=\"article\" \/>\n<meta property=\"og:title\" content=\"De 8 a 12 anys - Mirall\" \/>\n<meta property=\"og:description\" content=\"EL CENTRE D\u2019INTER\u00c8S DEL DIARI IRRIPARRA El centre d\u2019inter\u00e8s que proposem per als nois i noies de 8 a 12 anys es traduir\u00e0 en un projecte:\u00a0l\u2019edici\u00f3 del seu propi diari. A trav\u00e9s d\u2019aquesta eina tindran l\u2019oportunitat d\u2019aprendre a\u00a0fer de periodistes, de fot\u00f2grafs\/es, d\u2019editors\/es, de dissenyadors\/es\u2026 A m\u00e9s, servir\u00e0 per difondre les seves activitats i experi\u00e8ncies, [&hellip;]\" \/>\n<meta property=\"og:url\" content=\"https:\/\/fundesplai.org\/mirall\/eix-animacio-de-8-a-12-anys\/\" \/>\n<meta property=\"og:site_name\" content=\"Mirall\" \/>\n<meta property=\"article:modified_time\" content=\"2023-07-05T12:15:21+00:00\" \/>\n<meta name=\"twitter:card\" content=\"summary_large_image\" \/>\n<meta name=\"twitter:label1\" content=\"Temps estimat de lectura\" \/>\n\t<meta name=\"twitter:data1\" content=\"2 minuts\" \/>\n<script type=\"application\/ld+json\" class=\"yoast-schema-graph\">{\"@context\":\"https:\\\/\\\/schema.org\",\"@graph\":[{\"@type\":\"WebPage\",\"@id\":\"https:\\\/\\\/fundesplai.org\\\/mirall\\\/eix-animacio-de-8-a-12-anys\\\/\",\"url\":\"https:\\\/\\\/fundesplai.org\\\/mirall\\\/eix-animacio-de-8-a-12-anys\\\/\",\"name\":\"De 8 a 12 anys - Mirall\",\"isPartOf\":{\"@id\":\"https:\\\/\\\/fundesplai.org\\\/mirall\\\/#website\"},\"datePublished\":\"2022-09-13T10:54:06+00:00\",\"dateModified\":\"2023-07-05T12:15:21+00:00\",\"breadcrumb\":{\"@id\":\"https:\\\/\\\/fundesplai.org\\\/mirall\\\/eix-animacio-de-8-a-12-anys\\\/#breadcrumb\"},\"inLanguage\":\"ca\",\"potentialAction\":[{\"@type\":\"ReadAction\",\"target\":[\"https:\\\/\\\/fundesplai.org\\\/mirall\\\/eix-animacio-de-8-a-12-anys\\\/\"]}]},{\"@type\":\"BreadcrumbList\",\"@id\":\"https:\\\/\\\/fundesplai.org\\\/mirall\\\/eix-animacio-de-8-a-12-anys\\\/#breadcrumb\",\"itemListElement\":[{\"@type\":\"ListItem\",\"position\":1,\"name\":\"Inici\",\"item\":\"\\\/\"},{\"@type\":\"ListItem\",\"position\":2,\"name\":\"Mirall\",\"item\":\"https:\\\/\\\/fundesplai.org\\\/mirall\"},{\"@type\":\"ListItem\",\"position\":3,\"name\":\"De 8 a 12 anys\"}]},{\"@type\":\"WebSite\",\"@id\":\"https:\\\/\\\/fundesplai.org\\\/mirall\\\/#website\",\"url\":\"https:\\\/\\\/fundesplai.org\\\/mirall\\\/\",\"name\":\"Mirall\",\"description\":\"Proposta educativa de Fundesplai\",\"potentialAction\":[{\"@type\":\"SearchAction\",\"target\":{\"@type\":\"EntryPoint\",\"urlTemplate\":\"https:\\\/\\\/fundesplai.org\\\/mirall\\\/?s={search_term_string}\"},\"query-input\":{\"@type\":\"PropertyValueSpecification\",\"valueRequired\":true,\"valueName\":\"search_term_string\"}}],\"inLanguage\":\"ca\"}]}<\/script>\n<!-- \/ Yoast SEO plugin. -->","yoast_head_json":{"title":"De 8 a 12 anys - Mirall","robots":{"index":"index","follow":"follow","max-snippet":"max-snippet:-1","max-image-preview":"max-image-preview:large","max-video-preview":"max-video-preview:-1"},"canonical":"https:\/\/fundesplai.org\/mirall\/eix-animacio-de-8-a-12-anys\/","og_locale":"ca_ES","og_type":"article","og_title":"De 8 a 12 anys - Mirall","og_description":"EL CENTRE D\u2019INTER\u00c8S DEL DIARI IRRIPARRA El centre d\u2019inter\u00e8s que proposem per als nois i noies de 8 a 12 anys es traduir\u00e0 en un projecte:\u00a0l\u2019edici\u00f3 del seu propi diari. A trav\u00e9s d\u2019aquesta eina tindran l\u2019oportunitat d\u2019aprendre a\u00a0fer de periodistes, de fot\u00f2grafs\/es, d\u2019editors\/es, de dissenyadors\/es\u2026 A m\u00e9s, servir\u00e0 per difondre les seves activitats i experi\u00e8ncies, [&hellip;]","og_url":"https:\/\/fundesplai.org\/mirall\/eix-animacio-de-8-a-12-anys\/","og_site_name":"Mirall","article_modified_time":"2023-07-05T12:15:21+00:00","twitter_card":"summary_large_image","twitter_misc":{"Temps estimat de lectura":"2 minuts"},"schema":{"@context":"https:\/\/schema.org","@graph":[{"@type":"WebPage","@id":"https:\/\/fundesplai.org\/mirall\/eix-animacio-de-8-a-12-anys\/","url":"https:\/\/fundesplai.org\/mirall\/eix-animacio-de-8-a-12-anys\/","name":"De 8 a 12 anys - Mirall","isPartOf":{"@id":"https:\/\/fundesplai.org\/mirall\/#website"},"datePublished":"2022-09-13T10:54:06+00:00","dateModified":"2023-07-05T12:15:21+00:00","breadcrumb":{"@id":"https:\/\/fundesplai.org\/mirall\/eix-animacio-de-8-a-12-anys\/#breadcrumb"},"inLanguage":"ca","potentialAction":[{"@type":"ReadAction","target":["https:\/\/fundesplai.org\/mirall\/eix-animacio-de-8-a-12-anys\/"]}]},{"@type":"BreadcrumbList","@id":"https:\/\/fundesplai.org\/mirall\/eix-animacio-de-8-a-12-anys\/#breadcrumb","itemListElement":[{"@type":"ListItem","position":1,"name":"Inici","item":"\/"},{"@type":"ListItem","position":2,"name":"Mirall","item":"https:\/\/fundesplai.org\/mirall"},{"@type":"ListItem","position":3,"name":"De 8 a 12 anys"}]},{"@type":"WebSite","@id":"https:\/\/fundesplai.org\/mirall\/#website","url":"https:\/\/fundesplai.org\/mirall\/","name":"Mirall","description":"Proposta educativa de Fundesplai","potentialAction":[{"@type":"SearchAction","target":{"@type":"EntryPoint","urlTemplate":"https:\/\/fundesplai.org\/mirall\/?s={search_term_string}"},"query-input":{"@type":"PropertyValueSpecification","valueRequired":true,"valueName":"search_term_string"}}],"inLanguage":"ca"}]}},"_links":{"self":[{"href":"https:\/\/fundesplai.org\/mirall\/wp-json\/wp\/v2\/pages\/333","targetHints":{"allow":["GET"]}}],"collection":[{"href":"https:\/\/fundesplai.org\/mirall\/wp-json\/wp\/v2\/pages"}],"about":[{"href":"https:\/\/fundesplai.org\/mirall\/wp-json\/wp\/v2\/types\/page"}],"author":[{"embeddable":true,"href":"https:\/\/fundesplai.org\/mirall\/wp-json\/wp\/v2\/users\/27"}],"replies":[{"embeddable":true,"href":"https:\/\/fundesplai.org\/mirall\/wp-json\/wp\/v2\/comments?post=333"}],"version-history":[{"count":4,"href":"https:\/\/fundesplai.org\/mirall\/wp-json\/wp\/v2\/pages\/333\/revisions"}],"predecessor-version":[{"id":384,"href":"https:\/\/fundesplai.org\/mirall\/wp-json\/wp\/v2\/pages\/333\/revisions\/384"}],"wp:attachment":[{"href":"https:\/\/fundesplai.org\/mirall\/wp-json\/wp\/v2\/media?parent=333"}],"curies":[{"name":"wp","href":"https:\/\/api.w.org\/{rel}","templated":true}]}}