{"id":326,"date":"2022-09-13T12:52:16","date_gmt":"2022-09-13T10:52:16","guid":{"rendered":"https:\/\/fundesplai.org\/mirall\/?page_id=326"},"modified":"2023-07-05T14:15:10","modified_gmt":"2023-07-05T12:15:10","slug":"eix-animacio-de-3-a-8-anys","status":"publish","type":"page","link":"https:\/\/fundesplai.org\/mirall\/eix-animacio-de-3-a-8-anys\/","title":{"rendered":"De 3 a 8 anys"},"content":{"rendered":"<p>[et_pb_section fb_built=&#8221;1&#8243; _builder_version=&#8221;4.17.4&#8243; _module_preset=&#8221;default&#8221; global_colors_info=&#8221;{}&#8221;][et_pb_row _builder_version=&#8221;4.21.0&#8243; _module_preset=&#8221;default&#8221; hover_enabled=&#8221;0&#8243; global_colors_info=&#8221;{}&#8221; custom_margin=&#8221;||50px||false|false&#8221; sticky_enabled=&#8221;0&#8243;][et_pb_column type=&#8221;4_4&#8243; _builder_version=&#8221;4.17.4&#8243; _module_preset=&#8221;default&#8221; global_colors_info=&#8221;{}&#8221;][et_pb_post_title meta=&#8221;off&#8221; featured_image=&#8221;off&#8221; _builder_version=&#8221;4.17.4&#8243; _module_preset=&#8221;default&#8221; global_colors_info=&#8221;{}&#8221;][\/et_pb_post_title][et_pb_text _builder_version=&#8221;4.17.4&#8243; _module_preset=&#8221;default&#8221; global_colors_info=&#8221;{}&#8221;]<\/p>\n<h3>EL CENTRE D\u2019ITNER\u00c8S DEL M\u00d3N DE LA FADA MENTA<\/h3>\n<p>El centre d\u2019inter\u00e8s que presentem per als infants de 3 a 8 anys\u00a0<strong>\u00e9s el m\u00f3n m\u00e0gic de la Fada Menta<\/strong>. A trav\u00e9s d\u2019aquest personatge, els infants tenen l\u2019<strong>oportunitat d\u2019aprendre a tenir cura de les coses, pensar en les altres persones i respectar-les siguin quines siguin les seves actituds i capacitats<\/strong>.<\/p>\n<p>Les amistats de la Fada i les seves hist\u00f2ries ens donen exemples per resoldre diferents situacions de desigualtat. La col\u00b7lecci\u00f3 de contes Fada Menta est\u00e0 escrita per l\u2019escriptora Gemma Lienas amb un vocabulari adequat a la igualtat de g\u00e8nere que defensem a la Fundaci\u00f3 Catalana de l\u2019Esplai, i el seu \u00fas estimular\u00e0 el gust per la lectura. A m\u00e9s, els elements fant\u00e0stics que els caracteritzen resulten motivadors per als infants.<\/p>\n<p>Els contes que hem triat s\u00f3n 5 :\u00a0<em>Es necessiten petons, S\u00f3c un monstre, La meitat d\u2019en Jan, Un mirall al cor i M\u00fasica a la panxa.<\/em><\/p>\n<p>[\/et_pb_text][\/et_pb_column][\/et_pb_row][\/et_pb_section]<\/p>\n","protected":false},"excerpt":{"rendered":"<p>EL CENTRE D\u2019ITNER\u00c8S DEL M\u00d3N DE LA FADA MENTA El centre d\u2019inter\u00e8s que presentem per als infants de 3 a 8 anys\u00a0\u00e9s el m\u00f3n m\u00e0gic de la Fada Menta. A trav\u00e9s d\u2019aquest personatge, els infants tenen l\u2019oportunitat d\u2019aprendre a tenir cura de les coses, pensar en les altres persones i respectar-les siguin quines siguin les [&hellip;]<\/p>\n","protected":false},"author":27,"featured_media":0,"parent":0,"menu_order":0,"comment_status":"closed","ping_status":"closed","template":"","meta":{"_et_pb_use_builder":"on","_et_pb_old_content":"","_et_gb_content_width":"","footnotes":""},"class_list":["post-326","page","type-page","status-publish","hentry"],"yoast_head":"<!-- This site is optimized with the Yoast SEO plugin v27.4 - https:\/\/yoast.com\/product\/yoast-seo-wordpress\/ -->\n<title>De 3 a 8 anys - Mirall<\/title>\n<meta name=\"robots\" content=\"index, follow, max-snippet:-1, max-image-preview:large, max-video-preview:-1\" \/>\n<link rel=\"canonical\" href=\"https:\/\/fundesplai.org\/mirall\/eix-animacio-de-3-a-8-anys\/\" \/>\n<meta property=\"og:locale\" content=\"ca_ES\" \/>\n<meta property=\"og:type\" content=\"article\" \/>\n<meta property=\"og:title\" content=\"De 3 a 8 anys - Mirall\" \/>\n<meta property=\"og:description\" content=\"EL CENTRE D\u2019ITNER\u00c8S DEL M\u00d3N DE LA FADA MENTA El centre d\u2019inter\u00e8s que presentem per als infants de 3 a 8 anys\u00a0\u00e9s el m\u00f3n m\u00e0gic de la Fada Menta. A trav\u00e9s d\u2019aquest personatge, els infants tenen l\u2019oportunitat d\u2019aprendre a tenir cura de les coses, pensar en les altres persones i respectar-les siguin quines siguin les [&hellip;]\" \/>\n<meta property=\"og:url\" content=\"https:\/\/fundesplai.org\/mirall\/eix-animacio-de-3-a-8-anys\/\" \/>\n<meta property=\"og:site_name\" content=\"Mirall\" \/>\n<meta property=\"article:modified_time\" content=\"2023-07-05T12:15:10+00:00\" \/>\n<meta name=\"twitter:card\" content=\"summary_large_image\" \/>\n<meta name=\"twitter:label1\" content=\"Temps estimat de lectura\" \/>\n\t<meta name=\"twitter:data1\" content=\"1 minut\" \/>\n<script type=\"application\/ld+json\" class=\"yoast-schema-graph\">{\"@context\":\"https:\\\/\\\/schema.org\",\"@graph\":[{\"@type\":\"WebPage\",\"@id\":\"https:\\\/\\\/fundesplai.org\\\/mirall\\\/eix-animacio-de-3-a-8-anys\\\/\",\"url\":\"https:\\\/\\\/fundesplai.org\\\/mirall\\\/eix-animacio-de-3-a-8-anys\\\/\",\"name\":\"De 3 a 8 anys - Mirall\",\"isPartOf\":{\"@id\":\"https:\\\/\\\/fundesplai.org\\\/mirall\\\/#website\"},\"datePublished\":\"2022-09-13T10:52:16+00:00\",\"dateModified\":\"2023-07-05T12:15:10+00:00\",\"breadcrumb\":{\"@id\":\"https:\\\/\\\/fundesplai.org\\\/mirall\\\/eix-animacio-de-3-a-8-anys\\\/#breadcrumb\"},\"inLanguage\":\"ca\",\"potentialAction\":[{\"@type\":\"ReadAction\",\"target\":[\"https:\\\/\\\/fundesplai.org\\\/mirall\\\/eix-animacio-de-3-a-8-anys\\\/\"]}]},{\"@type\":\"BreadcrumbList\",\"@id\":\"https:\\\/\\\/fundesplai.org\\\/mirall\\\/eix-animacio-de-3-a-8-anys\\\/#breadcrumb\",\"itemListElement\":[{\"@type\":\"ListItem\",\"position\":1,\"name\":\"Inici\",\"item\":\"\\\/\"},{\"@type\":\"ListItem\",\"position\":2,\"name\":\"Mirall\",\"item\":\"https:\\\/\\\/fundesplai.org\\\/mirall\"},{\"@type\":\"ListItem\",\"position\":3,\"name\":\"De 3 a 8 anys\"}]},{\"@type\":\"WebSite\",\"@id\":\"https:\\\/\\\/fundesplai.org\\\/mirall\\\/#website\",\"url\":\"https:\\\/\\\/fundesplai.org\\\/mirall\\\/\",\"name\":\"Mirall\",\"description\":\"Proposta educativa de Fundesplai\",\"potentialAction\":[{\"@type\":\"SearchAction\",\"target\":{\"@type\":\"EntryPoint\",\"urlTemplate\":\"https:\\\/\\\/fundesplai.org\\\/mirall\\\/?s={search_term_string}\"},\"query-input\":{\"@type\":\"PropertyValueSpecification\",\"valueRequired\":true,\"valueName\":\"search_term_string\"}}],\"inLanguage\":\"ca\"}]}<\/script>\n<!-- \/ Yoast SEO plugin. -->","yoast_head_json":{"title":"De 3 a 8 anys - Mirall","robots":{"index":"index","follow":"follow","max-snippet":"max-snippet:-1","max-image-preview":"max-image-preview:large","max-video-preview":"max-video-preview:-1"},"canonical":"https:\/\/fundesplai.org\/mirall\/eix-animacio-de-3-a-8-anys\/","og_locale":"ca_ES","og_type":"article","og_title":"De 3 a 8 anys - Mirall","og_description":"EL CENTRE D\u2019ITNER\u00c8S DEL M\u00d3N DE LA FADA MENTA El centre d\u2019inter\u00e8s que presentem per als infants de 3 a 8 anys\u00a0\u00e9s el m\u00f3n m\u00e0gic de la Fada Menta. A trav\u00e9s d\u2019aquest personatge, els infants tenen l\u2019oportunitat d\u2019aprendre a tenir cura de les coses, pensar en les altres persones i respectar-les siguin quines siguin les [&hellip;]","og_url":"https:\/\/fundesplai.org\/mirall\/eix-animacio-de-3-a-8-anys\/","og_site_name":"Mirall","article_modified_time":"2023-07-05T12:15:10+00:00","twitter_card":"summary_large_image","twitter_misc":{"Temps estimat de lectura":"1 minut"},"schema":{"@context":"https:\/\/schema.org","@graph":[{"@type":"WebPage","@id":"https:\/\/fundesplai.org\/mirall\/eix-animacio-de-3-a-8-anys\/","url":"https:\/\/fundesplai.org\/mirall\/eix-animacio-de-3-a-8-anys\/","name":"De 3 a 8 anys - Mirall","isPartOf":{"@id":"https:\/\/fundesplai.org\/mirall\/#website"},"datePublished":"2022-09-13T10:52:16+00:00","dateModified":"2023-07-05T12:15:10+00:00","breadcrumb":{"@id":"https:\/\/fundesplai.org\/mirall\/eix-animacio-de-3-a-8-anys\/#breadcrumb"},"inLanguage":"ca","potentialAction":[{"@type":"ReadAction","target":["https:\/\/fundesplai.org\/mirall\/eix-animacio-de-3-a-8-anys\/"]}]},{"@type":"BreadcrumbList","@id":"https:\/\/fundesplai.org\/mirall\/eix-animacio-de-3-a-8-anys\/#breadcrumb","itemListElement":[{"@type":"ListItem","position":1,"name":"Inici","item":"\/"},{"@type":"ListItem","position":2,"name":"Mirall","item":"https:\/\/fundesplai.org\/mirall"},{"@type":"ListItem","position":3,"name":"De 3 a 8 anys"}]},{"@type":"WebSite","@id":"https:\/\/fundesplai.org\/mirall\/#website","url":"https:\/\/fundesplai.org\/mirall\/","name":"Mirall","description":"Proposta educativa de Fundesplai","potentialAction":[{"@type":"SearchAction","target":{"@type":"EntryPoint","urlTemplate":"https:\/\/fundesplai.org\/mirall\/?s={search_term_string}"},"query-input":{"@type":"PropertyValueSpecification","valueRequired":true,"valueName":"search_term_string"}}],"inLanguage":"ca"}]}},"_links":{"self":[{"href":"https:\/\/fundesplai.org\/mirall\/wp-json\/wp\/v2\/pages\/326","targetHints":{"allow":["GET"]}}],"collection":[{"href":"https:\/\/fundesplai.org\/mirall\/wp-json\/wp\/v2\/pages"}],"about":[{"href":"https:\/\/fundesplai.org\/mirall\/wp-json\/wp\/v2\/types\/page"}],"author":[{"embeddable":true,"href":"https:\/\/fundesplai.org\/mirall\/wp-json\/wp\/v2\/users\/27"}],"replies":[{"embeddable":true,"href":"https:\/\/fundesplai.org\/mirall\/wp-json\/wp\/v2\/comments?post=326"}],"version-history":[{"count":5,"href":"https:\/\/fundesplai.org\/mirall\/wp-json\/wp\/v2\/pages\/326\/revisions"}],"predecessor-version":[{"id":382,"href":"https:\/\/fundesplai.org\/mirall\/wp-json\/wp\/v2\/pages\/326\/revisions\/382"}],"wp:attachment":[{"href":"https:\/\/fundesplai.org\/mirall\/wp-json\/wp\/v2\/media?parent=326"}],"curies":[{"name":"wp","href":"https:\/\/api.w.org\/{rel}","templated":true}]}}