{"id":2021,"date":"2022-10-07T16:29:26","date_gmt":"2022-10-07T14:29:26","guid":{"rendered":"https:\/\/projectes.fundesplai.org\/mcm\/?page_id=2021"},"modified":"2023-11-02T13:28:29","modified_gmt":"2023-11-02T12:28:29","slug":"malbaratament","status":"publish","type":"page","link":"https:\/\/fundesplai.org\/mcm\/malbaratament\/","title":{"rendered":"Malbaratament"},"content":{"rendered":"<p>[et_pb_section fb_built=&#8221;1&#8243; _builder_version=&#8221;4.16&#8243; locked=&#8221;off&#8221; global_colors_info=&#8221;{}&#8221;][et_pb_row _builder_version=&#8221;4.16&#8243; module_alignment=&#8221;center&#8221; custom_margin=&#8221;0px||0px||true|false&#8221; custom_margin_phone=&#8221;0px||50px||false|false&#8221; custom_margin_last_edited=&#8221;off|desktop&#8221; global_colors_info=&#8221;{}&#8221;][et_pb_column type=&#8221;4_4&#8243; _builder_version=&#8221;4.16&#8243; global_colors_info=&#8221;{}&#8221;][et_pb_text admin_label=&#8221;T\u00edtol&#8221; _builder_version=&#8221;4.19.0&#8243; custom_margin=&#8221;50px||50px||true|false&#8221; custom_margin_tablet=&#8221;&#8221; custom_margin_phone=&#8221;30px||30px||true|false&#8221; custom_margin_last_edited=&#8221;on|phone&#8221; global_colors_info=&#8221;{}&#8221;]<\/p>\n<h2 style=\"text-align: center\">Malbaratament<\/h2>\n<p>[\/et_pb_text][et_pb_text admin_label=&#8221;Intro&#8221; _builder_version=&#8221;4.18.0&#8243; custom_margin=&#8221;20px||30px||false|false&#8221; custom_margin_tablet=&#8221;&#8221; custom_margin_phone=&#8221;20px||30px||false|false&#8221; custom_margin_last_edited=&#8221;on|desktop&#8221; global_colors_info=&#8221;{}&#8221;]<\/p>\n<p style=\"text-align: center\">El projecte del malbaratament est\u00e0 emmarcat dins la proposta educativa MENJAR CANVIA EL M\u00d3N i t\u00e9 com a objectius: (1) s<span dir=\"ltr\" role=\"presentation\">ensibilitzar els infants i joves sobre la import\u00e0ncia de <strong>reduir i evitar el<\/strong><\/span> <span dir=\"ltr\" role=\"presentation\"><strong>malbaratament alimentari<\/strong>, (2) col\u00b7laborar a <\/span><span dir=\"ltr\" role=\"presentation\">crear una consci\u00e8ncia familiar que ajudi a adoptar un<\/span> <span dir=\"ltr\" role=\"presentation\"><strong>consum basat en el valor dels aliments<\/strong>, la cura i la responsabilitat<\/span> <span dir=\"ltr\" role=\"presentation\">ambiental, i (3) c<\/span><span dir=\"ltr\" role=\"presentation\">ontribuir a l\u2019assoliment dels <strong>Objectius de Desenvolupament Sostenible<\/strong><\/span> <br role=\"presentation\" \/><span dir=\"ltr\" role=\"presentation\">(ODS) i l\u2019Agenda 2030. <\/span><\/p>\n<p>[\/et_pb_text][et_pb_text admin_label=&#8221;genially&#8221; _builder_version=&#8221;4.19.0&#8243; text_orientation=&#8221;center&#8221; module_alignment=&#8221;center&#8221; global_colors_info=&#8221;{}&#8221;]<\/p>\n<p><iframe class=\"wp-embedded-content\" sandbox=\"allow-scripts\" security=\"restricted\" title=\"EL REPTE DEL MALBARATAMENT ALIMENTARI\" frameborder='0' width='1200' height='675' src='https:\/\/view.genial.ly\/62ea1642c248b5001840db38#?secret=0IJLSUU5r0' data-secret='0IJLSUU5r0' scrolling='yes'><\/iframe><\/p>\n<p>[\/et_pb_text][et_pb_button button_url=&#8221;https:\/\/escoles.fundesplai.org\/wp-content\/uploads\/2022\/09\/Stop-malbaratament-alimentari-projecte-Fundesplai.pdf&#8221; button_text=&#8221;Descarrega&#8217;t el projecte %22STOP malbaratar menjar%22 en PDF&#8221; button_alignment=&#8221;center&#8221; _builder_version=&#8221;4.18.0&#8243; _module_preset=&#8221;default&#8221; custom_margin=&#8221;40px||40px||false|false&#8221; global_colors_info=&#8221;{}&#8221;][\/et_pb_button][\/et_pb_column][\/et_pb_row][et_pb_row column_structure=&#8221;3_5,2_5&#8243; _builder_version=&#8221;4.21.0&#8243; _module_preset=&#8221;default&#8221; global_colors_info=&#8221;{}&#8221;][et_pb_column type=&#8221;3_5&#8243; _builder_version=&#8221;4.21.0&#8243; _module_preset=&#8221;default&#8221; global_colors_info=&#8221;{}&#8221;][et_pb_text admin_label=&#8221;Guia contra el malbaratament&#8221; _builder_version=&#8221;4.21.0&#8243; _module_preset=&#8221;default&#8221; custom_margin=&#8221;30px||||false|false&#8221; global_colors_info=&#8221;{}&#8221;]<\/p>\n<h3>GUIA CONTRA EL MALBARATAMENT ALIMENTARI AL MENJADOR ESCOLAR<\/h3>\n<p>La guia d&#8217;\u00fas per a les auditories contra el malbaratament alimentari al Temps Educatiu de Migdia, t\u00e9 l\u2019objectiu de <strong>sensibilitzar sobre la import\u00e0ncia d\u2019evitar el malbaratament alimentari<\/strong> als menjadors escolars. Els <strong>infants i joves es converteixen en protagonistes<\/strong> d&#8217;aquest projecte a partir del qual recopilen tota la informaci\u00f3 necess\u00e0ria per saber quina quantitat de menjar llencen a la seva escola, i aix\u00ed, poder crear un espai de debat i de reflexi\u00f3 per proposar solucions.<\/p>\n<p>[\/et_pb_text][\/et_pb_column][et_pb_column type=&#8221;2_5&#8243; _builder_version=&#8221;4.21.0&#8243; _module_preset=&#8221;default&#8221; global_colors_info=&#8221;{}&#8221;][et_pb_image src=&#8221;https:\/\/fundesplai.org\/mcm\/wp-content\/uploads\/sites\/25\/2023\/11\/Guia-dus-malbaratament-alimentari-auditories_page-0001.jpg&#8221; title_text=&#8221;Guia d&#8217;\u00fas malbaratament alimentari (auditories)_page-0001&#8243; _builder_version=&#8221;4.21.0&#8243; _module_preset=&#8221;default&#8221; width=&#8221;50%&#8221; max_width=&#8221;50%&#8221; custom_margin=&#8221;30px||||false|false&#8221; custom_padding=&#8221;|||20px|false|false&#8221; hover_enabled=&#8221;0&#8243; global_colors_info=&#8221;{}&#8221; align=&#8221;right&#8221; sticky_enabled=&#8221;0&#8243;][\/et_pb_image][\/et_pb_column][\/et_pb_row][et_pb_row _builder_version=&#8221;4.21.0&#8243; _module_preset=&#8221;default&#8221; global_colors_info=&#8221;{}&#8221;][et_pb_column type=&#8221;4_4&#8243; _builder_version=&#8221;4.21.0&#8243; _module_preset=&#8221;default&#8221; global_colors_info=&#8221;{}&#8221;][et_pb_button button_url=&#8221;https:\/\/fundesplai.org\/mcm\/wp-content\/uploads\/sites\/25\/2023\/11\/Guia-Auditories-Malbaratament-Alimentari_Fundesplai_2024.pdf&#8221; button_text=&#8221;Descarrega&#8217;t la guia d&#8217;\u00fas contra el malbaratament&#8221; button_alignment=&#8221;center&#8221; _builder_version=&#8221;4.21.0&#8243; _module_preset=&#8221;default&#8221; custom_margin=&#8221;30px||50px||false|false&#8221; global_colors_info=&#8221;{}&#8221;][\/et_pb_button][\/et_pb_column][\/et_pb_row][et_pb_row admin_label=&#8221;Row MALBARATAMENT&#8221; _builder_version=&#8221;4.18.0&#8243; custom_margin=&#8221;50px||50px||true|false&#8221; custom_margin_tablet=&#8221;20px||20px||true|false&#8221; custom_margin_phone=&#8221;10px||10px||true|false&#8221; custom_margin_last_edited=&#8221;on|desktop&#8221; locked=&#8221;off&#8221; collapsed=&#8221;off&#8221; global_colors_info=&#8221;{}&#8221;][et_pb_column type=&#8221;4_4&#8243; _builder_version=&#8221;4.16&#8243; global_colors_info=&#8221;{}&#8221;][\/et_pb_column][\/et_pb_row][et_pb_row _builder_version=&#8221;4.16&#8243; module_alignment=&#8221;center&#8221; custom_margin=&#8221;50px||50px||true|false&#8221; custom_margin_tablet=&#8221;&#8221; custom_margin_phone=&#8221;10px||10px||false|false&#8221; custom_margin_last_edited=&#8221;on|phone&#8221; locked=&#8221;off&#8221; global_colors_info=&#8221;{}&#8221;][et_pb_column type=&#8221;4_4&#8243; _builder_version=&#8221;4.16&#8243; global_colors_info=&#8221;{}&#8221;][et_pb_text _builder_version=&#8221;4.19.0&#8243; global_colors_info=&#8221;{}&#8221;]<\/p>\n<h2 style=\"text-align: center\">Altres elements clau<\/h2>\n<p>[\/et_pb_text][\/et_pb_column][\/et_pb_row][et_pb_row column_structure=&#8221;1_3,1_3,1_3&#8243; make_equal=&#8221;on&#8221; _builder_version=&#8221;4.16&#8243; background_image=&#8221;https:\/\/fundesplai.org\/mcm\/wp-content\/uploads\/sites\/25\/2021\/08\/eix-animacio-Fundesplai-proposta-alimentacio.jpg&#8221; width=&#8221;100%&#8221; max_width=&#8221;2559px&#8221; custom_margin=&#8221;50px||50px||true|false&#8221; custom_margin_tablet=&#8221;&#8221; custom_margin_phone=&#8221;||||true&#8221; custom_margin_last_edited=&#8221;on|phone&#8221; locked=&#8221;off&#8221; global_colors_info=&#8221;{}&#8221;][et_pb_column type=&#8221;1_3&#8243; _builder_version=&#8221;4.16&#8243; background_image=&#8221;https:\/\/fundesplai.org\/mcm\/wp-content\/uploads\/sites\/25\/2021\/08\/activitats-fundesplai-alimentacio_mini.jpg&#8221; global_colors_info=&#8221;{}&#8221;][et_pb_cta title=&#8221;Activitats&#8221; button_url=&#8221;https:\/\/fundesplai.org\/mcm\/activitats\/&#8221; button_text=&#8221; +&#8221; admin_label=&#8221;ACTIVITATS&#8221; _builder_version=&#8221;4.19.0&#8243; header_level=&#8221;h1&#8243; header_font=&#8221;|600|||||||&#8221; header_text_align=&#8221;center&#8221; body_font=&#8221;|600|||||||&#8221; background_enable_color=&#8221;off&#8221; background_enable_image=&#8221;off&#8221; custom_button=&#8221;on&#8221; button_text_size=&#8221;17px&#8221; button_border_width=&#8221;0px&#8221; button_border_radius=&#8221;33px&#8221; button_use_icon=&#8221;off&#8221; button_alignment=&#8221;center&#8221; animation_style=&#8221;zoom&#8221; animation_direction=&#8221;bottom&#8221; animation_starting_opacity=&#8221;56%&#8221; link_option_url=&#8221;https:\/\/fundesplai.org\/mcm\/activitats\/&#8221; header_text_shadow_style=&#8221;preset3&#8243; header_text_shadow_color=&#8221;#000000&#8243; text_shadow_style=&#8221;preset3&#8243; text_shadow_blur_strength=&#8221;0.02em&#8221; text_shadow_color=&#8221;#000000&#8243; global_colors_info=&#8221;{}&#8221;]<\/p>\n<p>Activitats de lleure per a totes les edats enfocades a despertar l&#8217;esperit cr\u00edtic i aprofundir en la proposta educativa MENJAR CANVIA EL M\u00d3N.<br \/>Educaci\u00f3 per l&#8217;alimentaci\u00f3 sostenible i saludable.<\/p>\n<p>[\/et_pb_cta][\/et_pb_column][et_pb_column type=&#8221;1_3&#8243; _builder_version=&#8221;4.16&#8243; background_image=&#8221;https:\/\/fundesplai.org\/mcm\/wp-content\/uploads\/sites\/25\/2021\/08\/eix-animacio-Fundesplai-proposta-alimentacio2.jpg&#8221; global_colors_info=&#8221;{}&#8221;][et_pb_cta title=&#8221;Eix d&#8217;animaci\u00f3&#8221; button_url=&#8221;https:\/\/fundesplai.org\/mcm\/eix-danimacio\/&#8221; button_text=&#8221; +&#8221; admin_label=&#8221;EIX d&#8217;ANIMACI\u00d3&#8221; _builder_version=&#8221;4.19.0&#8243; header_level=&#8221;h1&#8243; header_font=&#8221;|600|||||||&#8221; header_text_align=&#8221;center&#8221; body_font=&#8221;|600|||||||&#8221; background_enable_color=&#8221;off&#8221; background_enable_image=&#8221;off&#8221; custom_button=&#8221;on&#8221; button_text_size=&#8221;17px&#8221; button_border_width=&#8221;0px&#8221; button_border_radius=&#8221;33px&#8221; button_use_icon=&#8221;off&#8221; button_alignment=&#8221;center&#8221; animation_style=&#8221;zoom&#8221; animation_direction=&#8221;bottom&#8221; animation_starting_opacity=&#8221;56%&#8221; link_option_url=&#8221;https:\/\/fundesplai.org\/mcm\/eix-danimacio\/&#8221; header_text_shadow_style=&#8221;preset3&#8243; header_text_shadow_color=&#8221;#000000&#8243; text_shadow_style=&#8221;preset3&#8243; text_shadow_blur_strength=&#8221;0.02em&#8221; text_shadow_color=&#8221;#000000&#8243; global_colors_info=&#8221;{}&#8221;]<\/p>\n<p>La Xef Pota Verda i una colla de personatges de diferents ecosistemes del planeta seran el fil conductor de les activitats de 3 a 12 anys. Els grups de joves duran a terme els MENJAREPTES i moltes altres activitats.<br \/>Els vols descobrir?<\/p>\n<p>[\/et_pb_cta][\/et_pb_column][et_pb_column type=&#8221;1_3&#8243; _builder_version=&#8221;4.16&#8243; background_image=&#8221;https:\/\/fundesplai.org\/mcm\/wp-content\/uploads\/sites\/25\/2021\/08\/reptes-colectius-Fundesplai-alimentacio.jpg&#8221; global_colors_info=&#8221;{}&#8221;][et_pb_cta title=&#8221;Reptes col\u00b7lectius&#8221; button_url=&#8221;https:\/\/fundesplai.org\/mcm\/reptes-collectius\/&#8221; button_text=&#8221; +&#8221; admin_label=&#8221;REPTES COL\u00b7LECTIUS&#8221; _builder_version=&#8221;4.19.0&#8243; header_level=&#8221;h1&#8243; header_font=&#8221;|600|||||||&#8221; header_text_align=&#8221;center&#8221; body_font=&#8221;|600|||||||&#8221; background_enable_color=&#8221;off&#8221; custom_button=&#8221;on&#8221; button_text_size=&#8221;17px&#8221; button_border_width=&#8221;0px&#8221; button_border_radius=&#8221;33px&#8221; button_use_icon=&#8221;off&#8221; button_alignment=&#8221;center&#8221; animation_style=&#8221;zoom&#8221; animation_direction=&#8221;bottom&#8221; animation_starting_opacity=&#8221;56%&#8221; link_option_url=&#8221;https:\/\/fundesplai.org\/mcm\/reptes-collectius\/&#8221; header_text_shadow_style=&#8221;preset3&#8243; header_text_shadow_color=&#8221;#000000&#8243; text_shadow_style=&#8221;preset3&#8243; text_shadow_blur_strength=&#8221;0.02em&#8221; text_shadow_color=&#8221;#000000&#8243; global_colors_info=&#8221;{}&#8221;]<\/p>\n<p>Amb els reptes col\u00b7lectius ens mobilitzem en un moment puntual per refor\u00e7ar la incid\u00e8ncia p\u00fablica.<br \/>#DretAlimentaci\u00f320N (novembre 2021)<br \/>#Alnatural (mar\u00e7 2022)<\/p>\n<p>[\/et_pb_cta][\/et_pb_column][\/et_pb_row][et_pb_row _builder_version=&#8221;4.16&#8243; custom_margin=&#8221;50px||50px||true|false&#8221; custom_margin_tablet=&#8221;&#8221; custom_margin_phone=&#8221;30px||30px||true|false&#8221; custom_margin_last_edited=&#8221;on|desktop&#8221; locked=&#8221;off&#8221; global_colors_info=&#8221;{}&#8221;][et_pb_column type=&#8221;4_4&#8243; _builder_version=&#8221;4.16&#8243; global_colors_info=&#8221;{}&#8221;][et_pb_text _builder_version=&#8221;4.19.0&#8243; global_colors_info=&#8221;{}&#8221;]<\/p>\n<h2 style=\"text-align: center\">Amb la col\u00b7laboraci\u00f3 de<\/h2>\n<p>[\/et_pb_text][\/et_pb_column][\/et_pb_row][et_pb_row column_structure=&#8221;1_4,1_4,1_4,1_4&#8243; _builder_version=&#8221;4.16&#8243; custom_margin=&#8221;50px||50px||true|false&#8221; custom_margin_tablet=&#8221;&#8221; custom_margin_phone=&#8221;30px||30px||true|false&#8221; custom_margin_last_edited=&#8221;on|phone&#8221; locked=&#8221;off&#8221; global_colors_info=&#8221;{}&#8221;][et_pb_column type=&#8221;1_4&#8243; _builder_version=&#8221;4.16&#8243; global_colors_info=&#8221;{}&#8221;][et_pb_image src=&#8221;https:\/\/fundesplai.org\/mcm\/wp-content\/uploads\/sites\/25\/2019\/08\/Generalitat.jpg&#8221; _builder_version=&#8221;4.16&#8243; custom_margin=&#8221;|30px||30px|false|true&#8221; global_colors_info=&#8221;{}&#8221;][\/et_pb_image][\/et_pb_column][et_pb_column type=&#8221;1_4&#8243; _builder_version=&#8221;4.16&#8243; global_colors_info=&#8221;{}&#8221;][et_pb_image src=&#8221;https:\/\/fundesplai.org\/mcm\/wp-content\/uploads\/sites\/25\/2019\/08\/Diputacio-de-barcelona.jpg&#8221; _builder_version=&#8221;4.16&#8243; custom_margin=&#8221;|30px||30px|false|true&#8221; global_colors_info=&#8221;{}&#8221;][\/et_pb_image][\/et_pb_column][et_pb_column type=&#8221;1_4&#8243; _builder_version=&#8221;4.16&#8243; global_colors_info=&#8221;{}&#8221;][et_pb_image src=&#8221;https:\/\/fundesplai.org\/mcm\/wp-content\/uploads\/sites\/25\/2019\/08\/Ajuntament-de-barcelona.jpg&#8221; _builder_version=&#8221;4.16&#8243; custom_margin=&#8221;|30px||30px|false|true&#8221; global_colors_info=&#8221;{}&#8221;][\/et_pb_image][\/et_pb_column][et_pb_column type=&#8221;1_4&#8243; _builder_version=&#8221;4.16&#8243; global_colors_info=&#8221;{}&#8221;][et_pb_image src=&#8221;https:\/\/fundesplai.org\/mcm\/wp-content\/uploads\/sites\/25\/2019\/08\/OTROS_FINES_I_S_GOB.jpg&#8221; _builder_version=&#8221;4.16&#8243; custom_margin=&#8221;|30px||30px|false|true&#8221; global_colors_info=&#8221;{}&#8221;][\/et_pb_image][\/et_pb_column][\/et_pb_row][et_pb_row disabled_on=&#8221;on|on|on&#8221; _builder_version=&#8221;4.16&#8243; background_enable_image=&#8221;off&#8221; width=&#8221;100%&#8221; max_width=&#8221;2560px&#8221; module_alignment=&#8221;center&#8221; custom_margin=&#8221;50px||50px||true|false&#8221; custom_margin_tablet=&#8221;&#8221; custom_margin_phone=&#8221;0px||0px||true|false&#8221; custom_margin_last_edited=&#8221;on|phone&#8221; disabled=&#8221;on&#8221; locked=&#8221;off&#8221; global_colors_info=&#8221;{}&#8221;][et_pb_column type=&#8221;4_4&#8243; _builder_version=&#8221;4.16&#8243; background_enable_image=&#8221;off&#8221; global_colors_info=&#8221;{}&#8221;][et_pb_image src=&#8221;https:\/\/fundesplai.org\/mcm\/wp-content\/uploads\/sites\/25\/2019\/08\/Decoraci\u00f3-n\u00favol-nusos-1-pdf.jpg&#8221; show_bottom_space=&#8221;off&#8221; align=&#8221;center&#8221; force_fullwidth=&#8221;on&#8221; _builder_version=&#8221;4.16&#8243; custom_margin=&#8221;50px||50px||false|false&#8221; custom_margin_tablet=&#8221;&#8221; custom_margin_phone=&#8221;0px||0px||false|false&#8221; custom_margin_last_edited=&#8221;on|phone&#8221; global_colors_info=&#8221;{}&#8221;][\/et_pb_image][\/et_pb_column][\/et_pb_row][\/et_pb_section]<\/p>\n","protected":false},"excerpt":{"rendered":"<p>MalbaratamentEl projecte del malbaratament est\u00e0 emmarcat dins la proposta educativa MENJAR CANVIA EL M\u00d3N i t\u00e9 com a objectius: (1) sensibilitzar els infants i joves sobre la import\u00e0ncia de reduir i evitar el malbaratament alimentari, (2) col\u00b7laborar a crear una consci\u00e8ncia familiar que ajudi a adoptar un consum basat en el valor dels aliments, la [&hellip;]<\/p>\n","protected":false},"author":4,"featured_media":0,"parent":0,"menu_order":0,"comment_status":"closed","ping_status":"closed","template":"","meta":{"_et_pb_use_builder":"on","_et_pb_old_content":"","_et_gb_content_width":"","footnotes":""},"class_list":["post-2021","page","type-page","status-publish","hentry"],"yoast_head":"<!-- This site is optimized with the Yoast SEO plugin v27.4 - https:\/\/yoast.com\/product\/yoast-seo-wordpress\/ -->\n<title>Malbaratament - Menjar canvia el m\u00f3n<\/title>\n<meta name=\"robots\" content=\"index, follow, max-snippet:-1, max-image-preview:large, max-video-preview:-1\" \/>\n<link rel=\"canonical\" href=\"https:\/\/fundesplai.org\/mcm\/malbaratament\/\" \/>\n<meta property=\"og:locale\" content=\"ca_ES\" \/>\n<meta property=\"og:type\" content=\"article\" \/>\n<meta property=\"og:title\" content=\"Malbaratament - Menjar canvia el m\u00f3n\" \/>\n<meta property=\"og:description\" content=\"MalbaratamentEl projecte del malbaratament est\u00e0 emmarcat dins la proposta educativa MENJAR CANVIA EL M\u00d3N i t\u00e9 com a objectius: (1) sensibilitzar els infants i joves sobre la import\u00e0ncia de reduir i evitar el malbaratament alimentari, (2) col\u00b7laborar a crear una consci\u00e8ncia familiar que ajudi a adoptar un consum basat en el valor dels aliments, la [&hellip;]\" \/>\n<meta property=\"og:url\" content=\"https:\/\/fundesplai.org\/mcm\/malbaratament\/\" \/>\n<meta property=\"og:site_name\" content=\"Menjar canvia el m\u00f3n\" \/>\n<meta property=\"article:modified_time\" content=\"2023-11-02T12:28:29+00:00\" \/>\n<meta name=\"twitter:card\" content=\"summary_large_image\" \/>\n<meta name=\"twitter:label1\" content=\"Temps estimat de lectura\" \/>\n\t<meta name=\"twitter:data1\" content=\"4 minuts\" \/>\n<script type=\"application\/ld+json\" class=\"yoast-schema-graph\">{\"@context\":\"https:\\\/\\\/schema.org\",\"@graph\":[{\"@type\":\"WebPage\",\"@id\":\"https:\\\/\\\/fundesplai.org\\\/mcm\\\/malbaratament\\\/\",\"url\":\"https:\\\/\\\/fundesplai.org\\\/mcm\\\/malbaratament\\\/\",\"name\":\"Malbaratament - Menjar canvia el m\u00f3n\",\"isPartOf\":{\"@id\":\"https:\\\/\\\/fundesplai.org\\\/mcm\\\/#website\"},\"datePublished\":\"2022-10-07T14:29:26+00:00\",\"dateModified\":\"2023-11-02T12:28:29+00:00\",\"breadcrumb\":{\"@id\":\"https:\\\/\\\/fundesplai.org\\\/mcm\\\/malbaratament\\\/#breadcrumb\"},\"inLanguage\":\"ca\",\"potentialAction\":[{\"@type\":\"ReadAction\",\"target\":[\"https:\\\/\\\/fundesplai.org\\\/mcm\\\/malbaratament\\\/\"]}]},{\"@type\":\"BreadcrumbList\",\"@id\":\"https:\\\/\\\/fundesplai.org\\\/mcm\\\/malbaratament\\\/#breadcrumb\",\"itemListElement\":[{\"@type\":\"ListItem\",\"position\":1,\"name\":\"Inici\",\"item\":\"\\\/\"},{\"@type\":\"ListItem\",\"position\":2,\"name\":\"Menjar canvia el m\u00f3n\",\"item\":\"https:\\\/\\\/fundesplai.org\\\/mcm\"},{\"@type\":\"ListItem\",\"position\":3,\"name\":\"Malbaratament\"}]},{\"@type\":\"WebSite\",\"@id\":\"https:\\\/\\\/fundesplai.org\\\/mcm\\\/#website\",\"url\":\"https:\\\/\\\/fundesplai.org\\\/mcm\\\/\",\"name\":\"Menjar canvia el m\u00f3n\",\"description\":\"Proposta educativa de Fundesplai\",\"potentialAction\":[{\"@type\":\"SearchAction\",\"target\":{\"@type\":\"EntryPoint\",\"urlTemplate\":\"https:\\\/\\\/fundesplai.org\\\/mcm\\\/?s={search_term_string}\"},\"query-input\":{\"@type\":\"PropertyValueSpecification\",\"valueRequired\":true,\"valueName\":\"search_term_string\"}}],\"inLanguage\":\"ca\"}]}<\/script>\n<!-- \/ Yoast SEO plugin. -->","yoast_head_json":{"title":"Malbaratament - Menjar canvia el m\u00f3n","robots":{"index":"index","follow":"follow","max-snippet":"max-snippet:-1","max-image-preview":"max-image-preview:large","max-video-preview":"max-video-preview:-1"},"canonical":"https:\/\/fundesplai.org\/mcm\/malbaratament\/","og_locale":"ca_ES","og_type":"article","og_title":"Malbaratament - Menjar canvia el m\u00f3n","og_description":"MalbaratamentEl projecte del malbaratament est\u00e0 emmarcat dins la proposta educativa MENJAR CANVIA EL M\u00d3N i t\u00e9 com a objectius: (1) sensibilitzar els infants i joves sobre la import\u00e0ncia de reduir i evitar el malbaratament alimentari, (2) col\u00b7laborar a crear una consci\u00e8ncia familiar que ajudi a adoptar un consum basat en el valor dels aliments, la [&hellip;]","og_url":"https:\/\/fundesplai.org\/mcm\/malbaratament\/","og_site_name":"Menjar canvia el m\u00f3n","article_modified_time":"2023-11-02T12:28:29+00:00","twitter_card":"summary_large_image","twitter_misc":{"Temps estimat de lectura":"4 minuts"},"schema":{"@context":"https:\/\/schema.org","@graph":[{"@type":"WebPage","@id":"https:\/\/fundesplai.org\/mcm\/malbaratament\/","url":"https:\/\/fundesplai.org\/mcm\/malbaratament\/","name":"Malbaratament - Menjar canvia el m\u00f3n","isPartOf":{"@id":"https:\/\/fundesplai.org\/mcm\/#website"},"datePublished":"2022-10-07T14:29:26+00:00","dateModified":"2023-11-02T12:28:29+00:00","breadcrumb":{"@id":"https:\/\/fundesplai.org\/mcm\/malbaratament\/#breadcrumb"},"inLanguage":"ca","potentialAction":[{"@type":"ReadAction","target":["https:\/\/fundesplai.org\/mcm\/malbaratament\/"]}]},{"@type":"BreadcrumbList","@id":"https:\/\/fundesplai.org\/mcm\/malbaratament\/#breadcrumb","itemListElement":[{"@type":"ListItem","position":1,"name":"Inici","item":"\/"},{"@type":"ListItem","position":2,"name":"Menjar canvia el m\u00f3n","item":"https:\/\/fundesplai.org\/mcm"},{"@type":"ListItem","position":3,"name":"Malbaratament"}]},{"@type":"WebSite","@id":"https:\/\/fundesplai.org\/mcm\/#website","url":"https:\/\/fundesplai.org\/mcm\/","name":"Menjar canvia el m\u00f3n","description":"Proposta educativa de Fundesplai","potentialAction":[{"@type":"SearchAction","target":{"@type":"EntryPoint","urlTemplate":"https:\/\/fundesplai.org\/mcm\/?s={search_term_string}"},"query-input":{"@type":"PropertyValueSpecification","valueRequired":true,"valueName":"search_term_string"}}],"inLanguage":"ca"}]}},"_links":{"self":[{"href":"https:\/\/fundesplai.org\/mcm\/wp-json\/wp\/v2\/pages\/2021","targetHints":{"allow":["GET"]}}],"collection":[{"href":"https:\/\/fundesplai.org\/mcm\/wp-json\/wp\/v2\/pages"}],"about":[{"href":"https:\/\/fundesplai.org\/mcm\/wp-json\/wp\/v2\/types\/page"}],"author":[{"embeddable":true,"href":"https:\/\/fundesplai.org\/mcm\/wp-json\/wp\/v2\/users\/4"}],"replies":[{"embeddable":true,"href":"https:\/\/fundesplai.org\/mcm\/wp-json\/wp\/v2\/comments?post=2021"}],"version-history":[{"count":8,"href":"https:\/\/fundesplai.org\/mcm\/wp-json\/wp\/v2\/pages\/2021\/revisions"}],"predecessor-version":[{"id":2356,"href":"https:\/\/fundesplai.org\/mcm\/wp-json\/wp\/v2\/pages\/2021\/revisions\/2356"}],"wp:attachment":[{"href":"https:\/\/fundesplai.org\/mcm\/wp-json\/wp\/v2\/media?parent=2021"}],"curies":[{"name":"wp","href":"https:\/\/api.w.org\/{rel}","templated":true}]}}