{"id":2015,"date":"2022-10-07T12:18:34","date_gmt":"2022-10-07T10:18:34","guid":{"rendered":"https:\/\/projectes.fundesplai.org\/mcm\/?page_id=2010"},"modified":"2022-12-14T15:06:02","modified_gmt":"2022-12-14T13:06:02","slug":"plantat","status":"publish","type":"page","link":"https:\/\/fundesplai.org\/mcm\/plantat\/","title":{"rendered":"Planta&#8217;t"},"content":{"rendered":"<p>[et_pb_section fb_built=&#8221;1&#8243; _builder_version=&#8221;4.16&#8243; locked=&#8221;off&#8221; global_colors_info=&#8221;{}&#8221;][et_pb_row _builder_version=&#8221;4.16&#8243; module_alignment=&#8221;center&#8221; custom_margin=&#8221;0px||0px||true|false&#8221; custom_margin_phone=&#8221;0px||50px||false|false&#8221; custom_margin_last_edited=&#8221;off|desktop&#8221; global_colors_info=&#8221;{}&#8221;][et_pb_column type=&#8221;4_4&#8243; _builder_version=&#8221;4.16&#8243; global_colors_info=&#8221;{}&#8221;][et_pb_text admin_label=&#8221;T\u00edtol&#8221; _builder_version=&#8221;4.19.0&#8243; custom_margin=&#8221;50px||50px||true|false&#8221; custom_margin_tablet=&#8221;&#8221; custom_margin_phone=&#8221;30px||30px||true|false&#8221; custom_margin_last_edited=&#8221;on|phone&#8221; global_colors_info=&#8221;{}&#8221;]<\/p>\n<h2 style=\"text-align: center\">Planta&#8217;t<\/h2>\n<p>[\/et_pb_text][et_pb_text admin_label=&#8221;Intro&#8221; _builder_version=&#8221;4.18.0&#8243; custom_margin=&#8221;20px||30px||false|false&#8221; custom_margin_tablet=&#8221;&#8221; custom_margin_phone=&#8221;20px||30px||false|false&#8221; custom_margin_last_edited=&#8221;on|desktop&#8221; global_colors_info=&#8221;{}&#8221;]<\/p>\n<p style=\"text-align: center\"><span class=\"elementToProof\">Planta&#8217;t \u00e9s <b>un projecte d&#8217;agermanament i de reconnexi\u00f3 amb la natura<\/b> per al Temps Educatiu del Migdia, emmarcat dins la proposta educativa <a href=\"https:\/\/fundesplai.org\/mcm\/\">MENJAR CANVIA EL M\u00d3N, <\/a>amb el que acompanyem l&#8217;aprenentatge dels infants en el consum responsable i la reducci\u00f3 del malbaratament alimentari.<\/span><\/p>\n<p>[\/et_pb_text][et_pb_text admin_label=&#8221;GENIALLY&#8221; _builder_version=&#8221;4.19.0&#8243; text_orientation=&#8221;center&#8221; module_alignment=&#8221;center&#8221; custom_margin=&#8221;20px||30px||false|false&#8221; custom_margin_tablet=&#8221;&#8221; custom_margin_phone=&#8221;20px||30px||false|false&#8221; custom_margin_last_edited=&#8221;on|desktop&#8221; global_colors_info=&#8221;{}&#8221;]<\/p>\n<p><iframe class=\"wp-embedded-content\" sandbox=\"allow-scripts\" security=\"restricted\" title=\"PLANTA&#039;T. Projecte d&#039;agermanament\" frameborder='0' width='960' height='540' src='https:\/\/view.genial.ly\/631ae987098abf001135a4a7#?secret=fShT1EXoab' data-secret='fShT1EXoab' scrolling='yes'><\/iframe><\/p>\n<p>[\/et_pb_text][et_pb_button button_url=&#8221;https:\/\/fundesplai.org\/mcm\/wp-content\/uploads\/sites\/25\/2022\/12\/PLANTAT_PROJECTE-DAGERMANAMENT_Malbaratament-alimentari_22-23.pdf&#8221; button_text=&#8221;Descarrega&#8217;t el projecte Planta&#8217;t en PDF&#8221; button_alignment=&#8221;center&#8221; _builder_version=&#8221;4.19.0&#8243; custom_margin=&#8221;50px||30px||false|false&#8221; custom_margin_tablet=&#8221;&#8221; custom_margin_phone=&#8221;30px||30px||true|false&#8221; custom_margin_last_edited=&#8221;on|desktop&#8221; hover_enabled=&#8221;0&#8243; locked=&#8221;off&#8221; global_colors_info=&#8221;{}&#8221; sticky_enabled=&#8221;0&#8243;][\/et_pb_button][\/et_pb_column][\/et_pb_row][et_pb_row _builder_version=&#8221;4.16&#8243; module_alignment=&#8221;center&#8221; custom_margin=&#8221;50px||50px||true|false&#8221; custom_margin_tablet=&#8221;&#8221; custom_margin_phone=&#8221;10px||10px||false|false&#8221; custom_margin_last_edited=&#8221;on|phone&#8221; locked=&#8221;off&#8221; global_colors_info=&#8221;{}&#8221;][et_pb_column type=&#8221;4_4&#8243; _builder_version=&#8221;4.16&#8243; global_colors_info=&#8221;{}&#8221;][et_pb_text _builder_version=&#8221;4.19.0&#8243; global_colors_info=&#8221;{}&#8221;]<\/p>\n<h2 style=\"text-align: center\">Altres elements clau<\/h2>\n<p>[\/et_pb_text][\/et_pb_column][\/et_pb_row][et_pb_row column_structure=&#8221;1_3,1_3,1_3&#8243; make_equal=&#8221;on&#8221; _builder_version=&#8221;4.16&#8243; background_image=&#8221;https:\/\/fundesplai.org\/mcm\/wp-content\/uploads\/sites\/25\/2021\/08\/eix-animacio-Fundesplai-proposta-alimentacio.jpg&#8221; width=&#8221;100%&#8221; max_width=&#8221;2559px&#8221; custom_margin=&#8221;50px||50px||true|false&#8221; custom_margin_tablet=&#8221;&#8221; custom_margin_phone=&#8221;||||true&#8221; custom_margin_last_edited=&#8221;on|phone&#8221; locked=&#8221;off&#8221; global_colors_info=&#8221;{}&#8221;][et_pb_column type=&#8221;1_3&#8243; _builder_version=&#8221;4.16&#8243; background_image=&#8221;https:\/\/fundesplai.org\/mcm\/wp-content\/uploads\/sites\/25\/2021\/08\/activitats-fundesplai-alimentacio_mini.jpg&#8221; global_colors_info=&#8221;{}&#8221;][et_pb_cta title=&#8221;Activitats&#8221; button_url=&#8221;https:\/\/fundesplai.org\/mcm\/activitats\/&#8221; button_text=&#8221; +&#8221; admin_label=&#8221;ACTIVITATS&#8221; _builder_version=&#8221;4.19.0&#8243; header_level=&#8221;h1&#8243; header_font=&#8221;|600|||||||&#8221; header_text_align=&#8221;center&#8221; body_font=&#8221;|600|||||||&#8221; background_enable_color=&#8221;off&#8221; background_enable_image=&#8221;off&#8221; custom_button=&#8221;on&#8221; button_text_size=&#8221;17px&#8221; button_border_width=&#8221;0px&#8221; button_border_radius=&#8221;33px&#8221; button_use_icon=&#8221;off&#8221; button_alignment=&#8221;center&#8221; animation_style=&#8221;zoom&#8221; animation_direction=&#8221;bottom&#8221; animation_starting_opacity=&#8221;56%&#8221; link_option_url=&#8221;https:\/\/fundesplai.org\/mcm\/activitats\/&#8221; header_text_shadow_style=&#8221;preset3&#8243; header_text_shadow_color=&#8221;#000000&#8243; text_shadow_style=&#8221;preset3&#8243; text_shadow_blur_strength=&#8221;0.02em&#8221; text_shadow_color=&#8221;#000000&#8243; global_colors_info=&#8221;{}&#8221;]<\/p>\n<p>Activitats de lleure per a totes les edats enfocades a despertar l&#8217;esperit cr\u00edtic i aprofundir en la proposta educativa MENJAR CANVIA EL M\u00d3N.<br \/>Educaci\u00f3 per l&#8217;alimentaci\u00f3 sostenible i saludable.<\/p>\n<p>[\/et_pb_cta][\/et_pb_column][et_pb_column type=&#8221;1_3&#8243; _builder_version=&#8221;4.16&#8243; background_image=&#8221;https:\/\/fundesplai.org\/mcm\/wp-content\/uploads\/sites\/25\/2021\/08\/eix-animacio-Fundesplai-proposta-alimentacio2.jpg&#8221; global_colors_info=&#8221;{}&#8221;][et_pb_cta title=&#8221;Eix d&#8217;animaci\u00f3&#8221; button_url=&#8221;https:\/\/fundesplai.org\/mcm\/eix-danimacio\/&#8221; button_text=&#8221; +&#8221; admin_label=&#8221;EIX d&#8217;ANIMACI\u00d3&#8221; _builder_version=&#8221;4.19.0&#8243; header_level=&#8221;h1&#8243; header_font=&#8221;|600|||||||&#8221; header_text_align=&#8221;center&#8221; body_font=&#8221;|600|||||||&#8221; background_enable_color=&#8221;off&#8221; background_enable_image=&#8221;off&#8221; custom_button=&#8221;on&#8221; button_text_size=&#8221;17px&#8221; button_border_width=&#8221;0px&#8221; button_border_radius=&#8221;33px&#8221; button_use_icon=&#8221;off&#8221; button_alignment=&#8221;center&#8221; animation_style=&#8221;zoom&#8221; animation_direction=&#8221;bottom&#8221; animation_starting_opacity=&#8221;56%&#8221; link_option_url=&#8221;https:\/\/fundesplai.org\/mcm\/eix-danimacio\/&#8221; header_text_shadow_style=&#8221;preset3&#8243; header_text_shadow_color=&#8221;#000000&#8243; text_shadow_style=&#8221;preset3&#8243; text_shadow_blur_strength=&#8221;0.02em&#8221; text_shadow_color=&#8221;#000000&#8243; global_colors_info=&#8221;{}&#8221;]<\/p>\n<p>La Xef Pota Verda i una colla de personatges de diferents ecosistemes del planeta seran el fil conductor de les activitats de 3 a 12 anys. Els grups de joves duran a terme els MENJAREPTES i moltes altres activitats.<br \/>Els vols descobrir?<\/p>\n<p>[\/et_pb_cta][\/et_pb_column][et_pb_column type=&#8221;1_3&#8243; _builder_version=&#8221;4.16&#8243; background_image=&#8221;https:\/\/fundesplai.org\/mcm\/wp-content\/uploads\/sites\/25\/2021\/08\/reptes-colectius-Fundesplai-alimentacio.jpg&#8221; global_colors_info=&#8221;{}&#8221;][et_pb_cta title=&#8221;Reptes col\u00b7lectius&#8221; button_url=&#8221;https:\/\/fundesplai.org\/mcm\/reptes-collectius\/&#8221; button_text=&#8221; +&#8221; admin_label=&#8221;REPTES COL\u00b7LECTIUS&#8221; _builder_version=&#8221;4.19.0&#8243; header_level=&#8221;h1&#8243; header_font=&#8221;|600|||||||&#8221; header_text_align=&#8221;center&#8221; body_font=&#8221;|600|||||||&#8221; background_enable_color=&#8221;off&#8221; custom_button=&#8221;on&#8221; button_text_size=&#8221;17px&#8221; button_border_width=&#8221;0px&#8221; button_border_radius=&#8221;33px&#8221; button_use_icon=&#8221;off&#8221; button_alignment=&#8221;center&#8221; animation_style=&#8221;zoom&#8221; animation_direction=&#8221;bottom&#8221; animation_starting_opacity=&#8221;56%&#8221; link_option_url=&#8221;https:\/\/fundesplai.org\/mcm\/reptes-collectius\/&#8221; header_text_shadow_style=&#8221;preset3&#8243; header_text_shadow_color=&#8221;#000000&#8243; text_shadow_style=&#8221;preset3&#8243; text_shadow_blur_strength=&#8221;0.02em&#8221; text_shadow_color=&#8221;#000000&#8243; global_colors_info=&#8221;{}&#8221;]<\/p>\n<p>Amb els reptes col\u00b7lectius ens mobilitzem en un moment puntual per refor\u00e7ar la incid\u00e8ncia p\u00fablica.<br \/>#DretAlimentaci\u00f320N (novembre 2021)<br \/>#Alnatural (mar\u00e7 2022)<\/p>\n<p>[\/et_pb_cta][\/et_pb_column][\/et_pb_row][et_pb_row _builder_version=&#8221;4.16&#8243; custom_margin=&#8221;50px||50px||true|false&#8221; custom_margin_tablet=&#8221;&#8221; custom_margin_phone=&#8221;30px||30px||true|false&#8221; custom_margin_last_edited=&#8221;on|desktop&#8221; locked=&#8221;off&#8221; global_colors_info=&#8221;{}&#8221;][et_pb_column type=&#8221;4_4&#8243; _builder_version=&#8221;4.16&#8243; global_colors_info=&#8221;{}&#8221;][et_pb_text _builder_version=&#8221;4.19.0&#8243; global_colors_info=&#8221;{}&#8221;]<\/p>\n<h2 style=\"text-align: center\">Amb la col\u00b7laboraci\u00f3 de<\/h2>\n<p>[\/et_pb_text][\/et_pb_column][\/et_pb_row][et_pb_row column_structure=&#8221;1_4,1_4,1_4,1_4&#8243; _builder_version=&#8221;4.16&#8243; custom_margin=&#8221;50px||50px||true|false&#8221; custom_margin_tablet=&#8221;&#8221; custom_margin_phone=&#8221;30px||30px||true|false&#8221; custom_margin_last_edited=&#8221;on|phone&#8221; locked=&#8221;off&#8221; global_colors_info=&#8221;{}&#8221;][et_pb_column type=&#8221;1_4&#8243; _builder_version=&#8221;4.16&#8243; global_colors_info=&#8221;{}&#8221;][et_pb_image src=&#8221;https:\/\/fundesplai.org\/mcm\/wp-content\/uploads\/sites\/25\/2019\/08\/Generalitat.jpg&#8221; _builder_version=&#8221;4.16&#8243; custom_margin=&#8221;|30px||30px|false|true&#8221; global_colors_info=&#8221;{}&#8221;][\/et_pb_image][\/et_pb_column][et_pb_column type=&#8221;1_4&#8243; _builder_version=&#8221;4.16&#8243; global_colors_info=&#8221;{}&#8221;][et_pb_image src=&#8221;https:\/\/fundesplai.org\/mcm\/wp-content\/uploads\/sites\/25\/2019\/08\/Diputacio-de-barcelona.jpg&#8221; _builder_version=&#8221;4.16&#8243; custom_margin=&#8221;|30px||30px|false|true&#8221; global_colors_info=&#8221;{}&#8221;][\/et_pb_image][\/et_pb_column][et_pb_column type=&#8221;1_4&#8243; _builder_version=&#8221;4.16&#8243; global_colors_info=&#8221;{}&#8221;][et_pb_image src=&#8221;https:\/\/fundesplai.org\/mcm\/wp-content\/uploads\/sites\/25\/2019\/08\/Ajuntament-de-barcelona.jpg&#8221; _builder_version=&#8221;4.16&#8243; custom_margin=&#8221;|30px||30px|false|true&#8221; global_colors_info=&#8221;{}&#8221;][\/et_pb_image][\/et_pb_column][et_pb_column type=&#8221;1_4&#8243; _builder_version=&#8221;4.16&#8243; global_colors_info=&#8221;{}&#8221;][et_pb_image src=&#8221;https:\/\/fundesplai.org\/mcm\/wp-content\/uploads\/sites\/25\/2019\/08\/OTROS_FINES_I_S_GOB.jpg&#8221; _builder_version=&#8221;4.16&#8243; custom_margin=&#8221;|30px||30px|false|true&#8221; global_colors_info=&#8221;{}&#8221;][\/et_pb_image][\/et_pb_column][\/et_pb_row][et_pb_row disabled_on=&#8221;on|on|on&#8221; _builder_version=&#8221;4.16&#8243; background_enable_image=&#8221;off&#8221; width=&#8221;100%&#8221; max_width=&#8221;2560px&#8221; module_alignment=&#8221;center&#8221; custom_margin=&#8221;50px||50px||true|false&#8221; custom_margin_tablet=&#8221;&#8221; custom_margin_phone=&#8221;0px||0px||true|false&#8221; custom_margin_last_edited=&#8221;on|phone&#8221; disabled=&#8221;on&#8221; locked=&#8221;off&#8221; global_colors_info=&#8221;{}&#8221;][et_pb_column type=&#8221;4_4&#8243; _builder_version=&#8221;4.16&#8243; background_enable_image=&#8221;off&#8221; global_colors_info=&#8221;{}&#8221;][et_pb_image src=&#8221;https:\/\/fundesplai.org\/mcm\/wp-content\/uploads\/sites\/25\/2019\/08\/Decoraci\u00f3-n\u00favol-nusos-1-pdf.jpg&#8221; show_bottom_space=&#8221;off&#8221; align=&#8221;center&#8221; force_fullwidth=&#8221;on&#8221; _builder_version=&#8221;4.16&#8243; custom_margin=&#8221;50px||50px||false|false&#8221; custom_margin_tablet=&#8221;&#8221; custom_margin_phone=&#8221;0px||0px||false|false&#8221; custom_margin_last_edited=&#8221;on|phone&#8221; global_colors_info=&#8221;{}&#8221;][\/et_pb_image][\/et_pb_column][\/et_pb_row][\/et_pb_section]<\/p>\n","protected":false},"excerpt":{"rendered":"<p>Planta&#8217;tPlanta&#8217;t \u00e9s un projecte d&#8217;agermanament i de reconnexi\u00f3 amb la natura per al Temps Educatiu del Migdia, emmarcat dins la proposta educativa MENJAR CANVIA EL M\u00d3N, amb el que acompanyem l&#8217;aprenentatge dels infants en el consum responsable i la reducci\u00f3 del malbaratament alimentari.https:\/\/view.genial.ly\/631ae987098abf001135a4a7Altres elements clauActivitats de lleure per a totes les edats enfocades a despertar [&hellip;]<\/p>\n","protected":false},"author":4,"featured_media":2016,"parent":0,"menu_order":0,"comment_status":"closed","ping_status":"closed","template":"","meta":{"_et_pb_use_builder":"on","_et_pb_old_content":"","_et_gb_content_width":"","footnotes":""},"class_list":["post-2015","page","type-page","status-publish","has-post-thumbnail","hentry"],"yoast_head":"<!-- This site is optimized with the Yoast SEO plugin v27.4 - https:\/\/yoast.com\/product\/yoast-seo-wordpress\/ -->\n<title>Planta&#039;t - Menjar canvia el m\u00f3n<\/title>\n<meta name=\"robots\" content=\"index, follow, max-snippet:-1, max-image-preview:large, max-video-preview:-1\" \/>\n<link rel=\"canonical\" href=\"https:\/\/fundesplai.org\/mcm\/plantat\/\" \/>\n<meta property=\"og:locale\" content=\"ca_ES\" \/>\n<meta property=\"og:type\" content=\"article\" \/>\n<meta property=\"og:title\" content=\"Planta&#039;t - Menjar canvia el m\u00f3n\" \/>\n<meta property=\"og:description\" content=\"Planta&#039;tPlanta&#039;t \u00e9s un projecte d&#039;agermanament i de reconnexi\u00f3 amb la natura per al Temps Educatiu del Migdia, emmarcat dins la proposta educativa MENJAR CANVIA EL M\u00d3N, amb el que acompanyem l&#039;aprenentatge dels infants en el consum responsable i la reducci\u00f3 del malbaratament alimentari.https:\/\/view.genial.ly\/631ae987098abf001135a4a7Altres elements clauActivitats de lleure per a totes les edats enfocades a despertar [&hellip;]\" \/>\n<meta property=\"og:url\" content=\"https:\/\/fundesplai.org\/mcm\/plantat\/\" \/>\n<meta property=\"og:site_name\" content=\"Menjar canvia el m\u00f3n\" \/>\n<meta property=\"article:modified_time\" content=\"2022-12-14T13:06:02+00:00\" \/>\n<meta name=\"twitter:card\" content=\"summary_large_image\" \/>\n<meta name=\"twitter:label1\" content=\"Temps estimat de lectura\" \/>\n\t<meta name=\"twitter:data1\" content=\"6 minuts\" \/>\n<script type=\"application\/ld+json\" class=\"yoast-schema-graph\">{\"@context\":\"https:\\\/\\\/schema.org\",\"@graph\":[{\"@type\":\"WebPage\",\"@id\":\"https:\\\/\\\/fundesplai.org\\\/mcm\\\/plantat\\\/\",\"url\":\"https:\\\/\\\/fundesplai.org\\\/mcm\\\/plantat\\\/\",\"name\":\"Planta't - Menjar canvia el m\u00f3n\",\"isPartOf\":{\"@id\":\"https:\\\/\\\/fundesplai.org\\\/mcm\\\/#website\"},\"primaryImageOfPage\":{\"@id\":\"https:\\\/\\\/fundesplai.org\\\/mcm\\\/plantat\\\/#primaryimage\"},\"image\":{\"@id\":\"https:\\\/\\\/fundesplai.org\\\/mcm\\\/plantat\\\/#primaryimage\"},\"thumbnailUrl\":\"\",\"datePublished\":\"2022-10-07T10:18:34+00:00\",\"dateModified\":\"2022-12-14T13:06:02+00:00\",\"breadcrumb\":{\"@id\":\"https:\\\/\\\/fundesplai.org\\\/mcm\\\/plantat\\\/#breadcrumb\"},\"inLanguage\":\"ca\",\"potentialAction\":[{\"@type\":\"ReadAction\",\"target\":[\"https:\\\/\\\/fundesplai.org\\\/mcm\\\/plantat\\\/\"]}]},{\"@type\":\"ImageObject\",\"inLanguage\":\"ca\",\"@id\":\"https:\\\/\\\/fundesplai.org\\\/mcm\\\/plantat\\\/#primaryimage\",\"url\":\"\",\"contentUrl\":\"\"},{\"@type\":\"BreadcrumbList\",\"@id\":\"https:\\\/\\\/fundesplai.org\\\/mcm\\\/plantat\\\/#breadcrumb\",\"itemListElement\":[{\"@type\":\"ListItem\",\"position\":1,\"name\":\"Inici\",\"item\":\"\\\/\"},{\"@type\":\"ListItem\",\"position\":2,\"name\":\"Menjar canvia el m\u00f3n\",\"item\":\"https:\\\/\\\/fundesplai.org\\\/mcm\"},{\"@type\":\"ListItem\",\"position\":3,\"name\":\"Planta&#8217;t\"}]},{\"@type\":\"WebSite\",\"@id\":\"https:\\\/\\\/fundesplai.org\\\/mcm\\\/#website\",\"url\":\"https:\\\/\\\/fundesplai.org\\\/mcm\\\/\",\"name\":\"Menjar canvia el m\u00f3n\",\"description\":\"Proposta educativa de Fundesplai\",\"potentialAction\":[{\"@type\":\"SearchAction\",\"target\":{\"@type\":\"EntryPoint\",\"urlTemplate\":\"https:\\\/\\\/fundesplai.org\\\/mcm\\\/?s={search_term_string}\"},\"query-input\":{\"@type\":\"PropertyValueSpecification\",\"valueRequired\":true,\"valueName\":\"search_term_string\"}}],\"inLanguage\":\"ca\"}]}<\/script>\n<!-- \/ Yoast SEO plugin. -->","yoast_head_json":{"title":"Planta't - Menjar canvia el m\u00f3n","robots":{"index":"index","follow":"follow","max-snippet":"max-snippet:-1","max-image-preview":"max-image-preview:large","max-video-preview":"max-video-preview:-1"},"canonical":"https:\/\/fundesplai.org\/mcm\/plantat\/","og_locale":"ca_ES","og_type":"article","og_title":"Planta't - Menjar canvia el m\u00f3n","og_description":"Planta'tPlanta't \u00e9s un projecte d'agermanament i de reconnexi\u00f3 amb la natura per al Temps Educatiu del Migdia, emmarcat dins la proposta educativa MENJAR CANVIA EL M\u00d3N, amb el que acompanyem l'aprenentatge dels infants en el consum responsable i la reducci\u00f3 del malbaratament alimentari.https:\/\/view.genial.ly\/631ae987098abf001135a4a7Altres elements clauActivitats de lleure per a totes les edats enfocades a despertar [&hellip;]","og_url":"https:\/\/fundesplai.org\/mcm\/plantat\/","og_site_name":"Menjar canvia el m\u00f3n","article_modified_time":"2022-12-14T13:06:02+00:00","twitter_card":"summary_large_image","twitter_misc":{"Temps estimat de lectura":"6 minuts"},"schema":{"@context":"https:\/\/schema.org","@graph":[{"@type":"WebPage","@id":"https:\/\/fundesplai.org\/mcm\/plantat\/","url":"https:\/\/fundesplai.org\/mcm\/plantat\/","name":"Planta't - Menjar canvia el m\u00f3n","isPartOf":{"@id":"https:\/\/fundesplai.org\/mcm\/#website"},"primaryImageOfPage":{"@id":"https:\/\/fundesplai.org\/mcm\/plantat\/#primaryimage"},"image":{"@id":"https:\/\/fundesplai.org\/mcm\/plantat\/#primaryimage"},"thumbnailUrl":"","datePublished":"2022-10-07T10:18:34+00:00","dateModified":"2022-12-14T13:06:02+00:00","breadcrumb":{"@id":"https:\/\/fundesplai.org\/mcm\/plantat\/#breadcrumb"},"inLanguage":"ca","potentialAction":[{"@type":"ReadAction","target":["https:\/\/fundesplai.org\/mcm\/plantat\/"]}]},{"@type":"ImageObject","inLanguage":"ca","@id":"https:\/\/fundesplai.org\/mcm\/plantat\/#primaryimage","url":"","contentUrl":""},{"@type":"BreadcrumbList","@id":"https:\/\/fundesplai.org\/mcm\/plantat\/#breadcrumb","itemListElement":[{"@type":"ListItem","position":1,"name":"Inici","item":"\/"},{"@type":"ListItem","position":2,"name":"Menjar canvia el m\u00f3n","item":"https:\/\/fundesplai.org\/mcm"},{"@type":"ListItem","position":3,"name":"Planta&#8217;t"}]},{"@type":"WebSite","@id":"https:\/\/fundesplai.org\/mcm\/#website","url":"https:\/\/fundesplai.org\/mcm\/","name":"Menjar canvia el m\u00f3n","description":"Proposta educativa de Fundesplai","potentialAction":[{"@type":"SearchAction","target":{"@type":"EntryPoint","urlTemplate":"https:\/\/fundesplai.org\/mcm\/?s={search_term_string}"},"query-input":{"@type":"PropertyValueSpecification","valueRequired":true,"valueName":"search_term_string"}}],"inLanguage":"ca"}]}},"_links":{"self":[{"href":"https:\/\/fundesplai.org\/mcm\/wp-json\/wp\/v2\/pages\/2015","targetHints":{"allow":["GET"]}}],"collection":[{"href":"https:\/\/fundesplai.org\/mcm\/wp-json\/wp\/v2\/pages"}],"about":[{"href":"https:\/\/fundesplai.org\/mcm\/wp-json\/wp\/v2\/types\/page"}],"author":[{"embeddable":true,"href":"https:\/\/fundesplai.org\/mcm\/wp-json\/wp\/v2\/users\/4"}],"replies":[{"embeddable":true,"href":"https:\/\/fundesplai.org\/mcm\/wp-json\/wp\/v2\/comments?post=2015"}],"version-history":[{"count":5,"href":"https:\/\/fundesplai.org\/mcm\/wp-json\/wp\/v2\/pages\/2015\/revisions"}],"predecessor-version":[{"id":2122,"href":"https:\/\/fundesplai.org\/mcm\/wp-json\/wp\/v2\/pages\/2015\/revisions\/2122"}],"wp:featuredmedia":[{"embeddable":true,"href":"https:\/\/fundesplai.org\/mcm\/wp-json\/"}],"wp:attachment":[{"href":"https:\/\/fundesplai.org\/mcm\/wp-json\/wp\/v2\/media?parent=2015"}],"curies":[{"name":"wp","href":"https:\/\/api.w.org\/{rel}","templated":true}]}}