{"id":18,"date":"2019-07-17T14:49:20","date_gmt":"2019-07-17T12:49:20","guid":{"rendered":"http:\/\/projectes.fundesplai.org\/nusos\/?page_id=18"},"modified":"2022-12-14T14:05:24","modified_gmt":"2022-12-14T12:05:24","slug":"eix-danimacio","status":"publish","type":"page","link":"https:\/\/fundesplai.org\/mcm\/eix-danimacio\/","title":{"rendered":"Eix d&#8217;animaci\u00f3"},"content":{"rendered":"<p>[et_pb_section fb_built=&#8221;1&#8243; _builder_version=&#8221;4.16&#8243; global_colors_info=&#8221;{}&#8221;][et_pb_row _builder_version=&#8221;4.16&#8243; custom_margin=&#8221;50px||50px||true|false&#8221; custom_margin_tablet=&#8221;&#8221; custom_margin_phone=&#8221;30px||30px||true|false&#8221; custom_margin_last_edited=&#8221;on|phone&#8221; global_colors_info=&#8221;{}&#8221;][et_pb_column type=&#8221;4_4&#8243; _builder_version=&#8221;4.16&#8243; global_colors_info=&#8221;{}&#8221;][et_pb_text _builder_version=&#8221;4.19.0&#8243; global_colors_info=&#8221;{}&#8221;]<\/p>\n<h2 style=\"text-align: center\">Eix d&#8217;animaci\u00f3<\/h2>\n<p>[\/et_pb_text][et_pb_text _builder_version=&#8221;4.19.0&#8243; hover_enabled=&#8221;0&#8243; global_colors_info=&#8221;{}&#8221; sticky_enabled=&#8221;0&#8243;]<\/p>\n<p style=\"text-align: center\">La Xef Pota Verda i els seus amics i amigues acompanyaran els<strong> infants de 3 a 12<\/strong> anys en aquesta aventura com a <strong>fil conductor de les activitats i reptes<\/strong>. Per als grups de joves, a partir de 12 anys, hem preparat un munt de <strong>MENJAREPTES<\/strong> per estimular el comprom\u00eds i la motivaci\u00f3 dels i les joves.<\/p>\n<p style=\"text-align: center\">Descarrega tots els dibuixos dels eixos d&#8217;animaci\u00f3 <a href=\"https:\/\/fundesplai.org\/mcm\/recursos\/\"><strong>aqu\u00ed<\/strong><\/a><\/p>\n<p>&nbsp;<\/p>\n<p>[\/et_pb_text][\/et_pb_column][\/et_pb_row][et_pb_row column_structure=&#8221;1_2,1_2&#8243; _builder_version=&#8221;4.16&#8243; custom_margin=&#8221;50px||50px||true|false&#8221; custom_margin_tablet=&#8221;&#8221; custom_margin_phone=&#8221;30px||30px||true|false&#8221; custom_margin_last_edited=&#8221;on|phone&#8221; global_colors_info=&#8221;{}&#8221;][et_pb_column type=&#8221;1_2&#8243; _builder_version=&#8221;4.16&#8243; background_color=&#8221;#F5F5F5&#8243; custom_padding=&#8221;|20px||20px|false|false&#8221; border_width_all=&#8221;14px&#8221; border_color_all=&#8221;#ffffff&#8221; border_width_right=&#8221;30px&#8221; global_colors_info=&#8221;{}&#8221;][et_pb_image src=&#8221;https:\/\/fundesplai.org\/mcm\/wp-content\/uploads\/sites\/25\/2021\/08\/XEF_alimentacio_Fundesplai_mini.png&#8221; alt=&#8221;XEF_alimentacio_Fundesplai&#8221; title_text=&#8221;XEF_alimentacio_Fundesplai_mini&#8221; align=&#8221;center&#8221; _builder_version=&#8221;4.16&#8243; custom_margin=&#8221;|20px||20px|false|false&#8221; custom_margin_tablet=&#8221;&#8221; custom_margin_phone=&#8221;|20px||20px|false|false&#8221; custom_margin_last_edited=&#8221;on|desktop&#8221; global_colors_info=&#8221;{}&#8221;][\/et_pb_image][et_pb_text _builder_version=&#8221;4.16&#8243; global_colors_info=&#8221;{}&#8221;]<\/p>\n<h4 style=\"text-align: center\">3 &#8211; 12 anys<\/h4>\n<p style=\"text-align: center\">La Xef Pota Verda, una cuinera molt especial, i una colla de personatges de diferents ecosistemes seran el fil conductor de les activitats.<\/p>\n<p>[\/et_pb_text][et_pb_button button_url=&#8221;https:\/\/fundesplai.org\/mcm\/la-revolucio-de-les-carxofes\/&#8221; button_text=&#8221;La Xef i la revoluci\u00f3 de les carxofes (22-23)&#8221; button_alignment=&#8221;center&#8221; _builder_version=&#8221;4.19.0&#8243; custom_margin=&#8221;30px||30px||true|false&#8221; custom_margin_tablet=&#8221;&#8221; custom_margin_phone=&#8221;&#8221; custom_margin_last_edited=&#8221;on|desktop&#8221; hover_enabled=&#8221;0&#8243; locked=&#8221;off&#8221; global_colors_info=&#8221;{}&#8221; sticky_enabled=&#8221;0&#8243;][\/et_pb_button][et_pb_button button_url=&#8221;https:\/\/fundesplai.org\/mcm\/xef-pota-verda\/&#8221; button_text=&#8221;La Xef pota verda i les seves amigues (21-22)&#8221; button_alignment=&#8221;center&#8221; _builder_version=&#8221;4.19.0&#8243; custom_margin=&#8221;30px||30px||true|false&#8221; custom_margin_tablet=&#8221;&#8221; custom_margin_phone=&#8221;&#8221; custom_margin_last_edited=&#8221;on|desktop&#8221; hover_enabled=&#8221;0&#8243; locked=&#8221;off&#8221; global_colors_info=&#8221;{}&#8221; sticky_enabled=&#8221;0&#8243;][\/et_pb_button][\/et_pb_column][et_pb_column type=&#8221;1_2&#8243; _builder_version=&#8221;4.16&#8243; background_color=&#8221;#F5F5F5&#8243; custom_padding=&#8221;|20px||20px|false|false&#8221; border_width_all=&#8221;14px&#8221; border_color_all=&#8221;#ffffff&#8221; border_width_left=&#8221;30px&#8221; global_colors_info=&#8221;{}&#8221;][et_pb_image src=&#8221;https:\/\/fundesplai.org\/mcm\/wp-content\/uploads\/sites\/25\/2021\/09\/MENJAREPTES_alimentacio_Fundesplai_mini_nou-1.png&#8221; alt=&#8221;MENJAREPTES_alimentacio_Fundesplai_mini_nou&#8221; title_text=&#8221;MENJAREPTES_alimentacio_Fundesplai_mini_nou&#8221; align=&#8221;center&#8221; _builder_version=&#8221;4.16&#8243; custom_margin=&#8221;|20px||20px|false|false&#8221; custom_margin_tablet=&#8221;&#8221; custom_margin_phone=&#8221;|20px||20px|false|false&#8221; custom_margin_last_edited=&#8221;on|desktop&#8221; global_colors_info=&#8221;{}&#8221;][\/et_pb_image][et_pb_text _builder_version=&#8221;4.16&#8243; global_colors_info=&#8221;{}&#8221;]<\/p>\n<h4 style=\"text-align: center\">12 &#8211; 17 anys<\/h4>\n<p style=\"text-align: center\">Els MenjaReptes s\u00f3n activitats d\u2019ApS que plantegen l&#8217;exploraci\u00f3 de diversos temes relacionats amb l&#8217;alimentaci\u00f3 i la sostenibilitat a partir de proves i reptes.<\/p>\n<p>[\/et_pb_text][et_pb_button button_url=&#8221;https:\/\/fundesplai.org\/mcm\/menjareptes\/&#8221; button_text=&#8221;Descobreix els Menjareptes!&#8221; button_alignment=&#8221;center&#8221; _builder_version=&#8221;4.19.0&#8243; custom_margin=&#8221;30px||30px||true|false&#8221; custom_margin_tablet=&#8221;&#8221; custom_margin_phone=&#8221;&#8221; custom_margin_last_edited=&#8221;on|desktop&#8221; hover_enabled=&#8221;0&#8243; locked=&#8221;off&#8221; global_colors_info=&#8221;{}&#8221; sticky_enabled=&#8221;0&#8243;][\/et_pb_button][\/et_pb_column][\/et_pb_row][et_pb_row _builder_version=&#8221;4.16&#8243; _module_preset=&#8221;default&#8221; global_colors_info=&#8221;{}&#8221;][et_pb_column type=&#8221;4_4&#8243; _builder_version=&#8221;4.16&#8243; _module_preset=&#8221;default&#8221; global_colors_info=&#8221;{}&#8221;][et_pb_image src=&#8221;https:\/\/fundesplai.org\/mcm\/wp-content\/uploads\/sites\/25\/2021\/08\/frase_alimentacio_Fundesplai_verd.png&#8221; alt=&#8221;frase_alimentacio_Fundesplai_verd&#8221; title_text=&#8221;frase_alimentacio_Fundesplai_verd&#8221; align=&#8221;center&#8221; _builder_version=&#8221;4.16&#8243; _module_preset=&#8221;default&#8221; custom_margin=&#8221;20px||20px||false|false&#8221; global_colors_info=&#8221;{}&#8221;][\/et_pb_image][et_pb_image src=&#8221;https:\/\/fundesplai.org\/mcm\/wp-content\/uploads\/sites\/25\/2021\/08\/franja-verduretes.png&#8221; alt=&#8221;franja verduretes&#8221; title_text=&#8221;franja verduretes&#8221; align=&#8221;center&#8221; _builder_version=&#8221;4.16&#8243; _module_preset=&#8221;default&#8221; custom_margin=&#8221;20px||20px||false|false&#8221; global_colors_info=&#8221;{}&#8221;][\/et_pb_image][\/et_pb_column][\/et_pb_row][et_pb_row _builder_version=&#8221;4.16&#8243; module_alignment=&#8221;center&#8221; custom_margin=&#8221;50px||50px||true|false&#8221; custom_margin_tablet=&#8221;&#8221; custom_margin_phone=&#8221;10px||10px||false|false&#8221; custom_margin_last_edited=&#8221;on|phone&#8221; locked=&#8221;off&#8221; global_colors_info=&#8221;{}&#8221;][et_pb_column type=&#8221;4_4&#8243; _builder_version=&#8221;4.16&#8243; global_colors_info=&#8221;{}&#8221;][et_pb_text _builder_version=&#8221;4.19.0&#8243; hover_enabled=&#8221;0&#8243; global_colors_info=&#8221;{}&#8221; sticky_enabled=&#8221;0&#8243;]<\/p>\n<h2 style=\"text-align: center\">Altres elements clau<\/h2>\n<p>[\/et_pb_text][\/et_pb_column][\/et_pb_row][et_pb_row column_structure=&#8221;1_3,1_3,1_3&#8243; make_equal=&#8221;on&#8221; _builder_version=&#8221;4.16&#8243; background_image=&#8221;https:\/\/fundesplai.org\/mcm\/wp-content\/uploads\/sites\/25\/2021\/08\/eix-animacio-Fundesplai-proposta-alimentacio.jpg&#8221; width=&#8221;100%&#8221; max_width=&#8221;2559px&#8221; custom_margin=&#8221;50px||50px||true|false&#8221; custom_margin_tablet=&#8221;&#8221; custom_margin_phone=&#8221;||||true&#8221; custom_margin_last_edited=&#8221;on|phone&#8221; locked=&#8221;off&#8221; global_colors_info=&#8221;{}&#8221;][et_pb_column type=&#8221;1_3&#8243; _builder_version=&#8221;4.16&#8243; background_image=&#8221;https:\/\/fundesplai.org\/mcm\/wp-content\/uploads\/sites\/25\/2021\/08\/activitats-fundesplai-alimentacio_mini.jpg&#8221; global_colors_info=&#8221;{}&#8221;][et_pb_cta title=&#8221;Activitats&#8221; button_url=&#8221;https:\/\/fundesplai.org\/mcm\/activitats\/&#8221; button_text=&#8221; +&#8221; admin_label=&#8221;ACTIVITATS&#8221; _builder_version=&#8221;4.19.0&#8243; header_level=&#8221;h1&#8243; header_font=&#8221;|600|||||||&#8221; header_text_align=&#8221;center&#8221; body_font=&#8221;|600|||||||&#8221; background_enable_color=&#8221;off&#8221; background_enable_image=&#8221;off&#8221; custom_button=&#8221;on&#8221; button_text_size=&#8221;17px&#8221; button_border_width=&#8221;0px&#8221; button_border_radius=&#8221;33px&#8221; button_use_icon=&#8221;off&#8221; button_alignment=&#8221;center&#8221; animation_style=&#8221;zoom&#8221; animation_direction=&#8221;bottom&#8221; animation_starting_opacity=&#8221;56%&#8221; link_option_url=&#8221;https:\/\/fundesplai.org\/mcm\/activitats\/&#8221; header_text_shadow_style=&#8221;preset3&#8243; header_text_shadow_color=&#8221;#000000&#8243; text_shadow_style=&#8221;preset3&#8243; text_shadow_blur_strength=&#8221;0.02em&#8221; text_shadow_color=&#8221;#000000&#8243; global_colors_info=&#8221;{}&#8221;]<\/p>\n<p>Activitats de lleure per a totes les edats enfocades a despertar l&#8217;esperit cr\u00edtic i aprofundir en la proposta educativa MENJAR CANVIA EL M\u00d3N.<br \/>Educaci\u00f3 per l&#8217;alimentaci\u00f3 sostenible i saludable.<\/p>\n<p>[\/et_pb_cta][\/et_pb_column][et_pb_column type=&#8221;1_3&#8243; _builder_version=&#8221;4.16&#8243; background_image=&#8221;https:\/\/fundesplai.org\/mcm\/wp-content\/uploads\/sites\/25\/2021\/08\/eix-animacio-Fundesplai-proposta-alimentacio2.jpg&#8221; global_colors_info=&#8221;{}&#8221;][et_pb_cta title=&#8221;Quadern pedag\u00f2gic&#8221; button_url=&#8221;https:\/\/fundesplai.org\/mcm\/quadern-pedagogic\/&#8221; button_text=&#8221; +&#8221; admin_label=&#8221;QUADERN&#8221; _builder_version=&#8221;4.19.0&#8243; header_level=&#8221;h1&#8243; header_font=&#8221;|600|||||||&#8221; header_text_align=&#8221;center&#8221; body_font=&#8221;|600|||||||&#8221; background_enable_color=&#8221;off&#8221; background_enable_image=&#8221;off&#8221; custom_button=&#8221;on&#8221; button_text_size=&#8221;17px&#8221; button_border_width=&#8221;0px&#8221; button_border_radius=&#8221;33px&#8221; button_use_icon=&#8221;off&#8221; button_alignment=&#8221;center&#8221; animation_style=&#8221;zoom&#8221; animation_direction=&#8221;bottom&#8221; animation_starting_opacity=&#8221;56%&#8221; link_option_url=&#8221;https:\/\/fundesplai.org\/mcm\/quadern-pedagogic\/&#8221; header_text_shadow_style=&#8221;preset3&#8243; header_text_shadow_color=&#8221;#000000&#8243; text_shadow_style=&#8221;preset3&#8243; text_shadow_blur_strength=&#8221;0.02em&#8221; text_shadow_color=&#8221;#000000&#8243; locked=&#8221;off&#8221; global_colors_info=&#8221;{}&#8221;]<\/p>\n<p style=\"text-align: center\">Encara no te l\u2019has llegit? Te\u2019l pots descarregar per aprofundir en les tem\u00e0tiques de la proposta educativa i aclarir conceptes per fer front a aquesta aventura educativa.<\/p>\n<p>[\/et_pb_cta][\/et_pb_column][et_pb_column type=&#8221;1_3&#8243; _builder_version=&#8221;4.16&#8243; background_image=&#8221;https:\/\/fundesplai.org\/mcm\/wp-content\/uploads\/sites\/25\/2021\/08\/reptes-colectius-Fundesplai-alimentacio.jpg&#8221; global_colors_info=&#8221;{}&#8221;][et_pb_cta title=&#8221;Reptes col\u00b7lectius&#8221; button_url=&#8221;https:\/\/fundesplai.org\/mcm\/reptes-collectius\/&#8221; button_text=&#8221; +&#8221; admin_label=&#8221;REPTES COL\u00b7LECTIUS&#8221; _builder_version=&#8221;4.19.0&#8243; header_level=&#8221;h1&#8243; header_font=&#8221;|600|||||||&#8221; header_text_align=&#8221;center&#8221; body_font=&#8221;|600|||||||&#8221; background_enable_color=&#8221;off&#8221; custom_button=&#8221;on&#8221; button_text_size=&#8221;17px&#8221; button_border_width=&#8221;0px&#8221; button_border_radius=&#8221;33px&#8221; button_use_icon=&#8221;off&#8221; button_alignment=&#8221;center&#8221; animation_style=&#8221;zoom&#8221; animation_direction=&#8221;bottom&#8221; animation_starting_opacity=&#8221;56%&#8221; link_option_url=&#8221;https:\/\/fundesplai.org\/mcm\/reptes-collectius\/&#8221; header_text_shadow_style=&#8221;preset3&#8243; header_text_shadow_color=&#8221;#000000&#8243; text_shadow_style=&#8221;preset3&#8243; text_shadow_blur_strength=&#8221;0.02em&#8221; text_shadow_color=&#8221;#000000&#8243; global_colors_info=&#8221;{}&#8221;]<\/p>\n<p>Amb els reptes col\u00b7lectius ens mobilitzem en un moment puntual per refor\u00e7ar la incid\u00e8ncia p\u00fablica.<br \/>#DretAlimentaci\u00f320N (novembre 2021)<br \/>#Alnatural (mar\u00e7 2022)<\/p>\n<p>[\/et_pb_cta][\/et_pb_column][\/et_pb_row][et_pb_row _builder_version=&#8221;4.16&#8243; custom_margin=&#8221;50px||50px||true|false&#8221; custom_margin_tablet=&#8221;&#8221; custom_margin_phone=&#8221;30px||30px||true|false&#8221; custom_margin_last_edited=&#8221;on|desktop&#8221; locked=&#8221;off&#8221; global_colors_info=&#8221;{}&#8221;][et_pb_column type=&#8221;4_4&#8243; _builder_version=&#8221;4.16&#8243; global_colors_info=&#8221;{}&#8221;][et_pb_text _builder_version=&#8221;4.19.0&#8243; hover_enabled=&#8221;0&#8243; global_colors_info=&#8221;{}&#8221; sticky_enabled=&#8221;0&#8243;]<\/p>\n<h2 style=\"text-align: center\">Amb la col\u00b7laboraci\u00f3 de<\/h2>\n<p>[\/et_pb_text][\/et_pb_column][\/et_pb_row][et_pb_row column_structure=&#8221;1_4,1_4,1_4,1_4&#8243; _builder_version=&#8221;4.16&#8243; custom_margin=&#8221;50px||50px||true|false&#8221; custom_margin_tablet=&#8221;&#8221; custom_margin_phone=&#8221;30px||30px||true|false&#8221; custom_margin_last_edited=&#8221;on|phone&#8221; locked=&#8221;off&#8221; global_colors_info=&#8221;{}&#8221;][et_pb_column type=&#8221;1_4&#8243; _builder_version=&#8221;4.16&#8243; global_colors_info=&#8221;{}&#8221;][et_pb_image src=&#8221;https:\/\/fundesplai.org\/mcm\/wp-content\/uploads\/sites\/25\/2019\/08\/Generalitat.jpg&#8221; _builder_version=&#8221;4.16&#8243; custom_margin=&#8221;|30px||30px|false|true&#8221; global_colors_info=&#8221;{}&#8221;][\/et_pb_image][\/et_pb_column][et_pb_column type=&#8221;1_4&#8243; _builder_version=&#8221;4.16&#8243; global_colors_info=&#8221;{}&#8221;][et_pb_image src=&#8221;https:\/\/fundesplai.org\/mcm\/wp-content\/uploads\/sites\/25\/2019\/08\/Diputacio-de-barcelona.jpg&#8221; _builder_version=&#8221;4.16&#8243; custom_margin=&#8221;|30px||30px|false|true&#8221; global_colors_info=&#8221;{}&#8221;][\/et_pb_image][\/et_pb_column][et_pb_column type=&#8221;1_4&#8243; _builder_version=&#8221;4.16&#8243; global_colors_info=&#8221;{}&#8221;][et_pb_image src=&#8221;https:\/\/fundesplai.org\/mcm\/wp-content\/uploads\/sites\/25\/2019\/08\/Ajuntament-de-barcelona.jpg&#8221; _builder_version=&#8221;4.16&#8243; custom_margin=&#8221;|30px||30px|false|true&#8221; global_colors_info=&#8221;{}&#8221;][\/et_pb_image][\/et_pb_column][et_pb_column type=&#8221;1_4&#8243; _builder_version=&#8221;4.16&#8243; global_colors_info=&#8221;{}&#8221;][et_pb_image src=&#8221;https:\/\/fundesplai.org\/mcm\/wp-content\/uploads\/sites\/25\/2019\/08\/OTROS_FINES_I_S_GOB.jpg&#8221; _builder_version=&#8221;4.16&#8243; custom_margin=&#8221;|30px||30px|false|true&#8221; global_colors_info=&#8221;{}&#8221;][\/et_pb_image][\/et_pb_column][\/et_pb_row][\/et_pb_section]<\/p>\n","protected":false},"excerpt":{"rendered":"<p>Eix d&#8217;animaci\u00f3La Xef Pota Verda i els seus amics i amigues acompanyaran els infants de 3 a 12 anys en aquesta aventura com a fil conductor de les activitats i reptes. Per als grups de joves, a partir de 12 anys, hem preparat un munt de MENJAREPTES per estimular el comprom\u00eds i la motivaci\u00f3 dels [&hellip;]<\/p>\n","protected":false},"author":4,"featured_media":0,"parent":0,"menu_order":0,"comment_status":"closed","ping_status":"closed","template":"","meta":{"_et_pb_use_builder":"on","_et_pb_old_content":"","_et_gb_content_width":"","footnotes":""},"class_list":["post-18","page","type-page","status-publish","hentry"],"yoast_head":"<!-- This site is optimized with the Yoast SEO plugin v27.4 - https:\/\/yoast.com\/product\/yoast-seo-wordpress\/ -->\n<title>Eix d&#039;animaci\u00f3 - Menjar canvia el m\u00f3n<\/title>\n<meta name=\"robots\" content=\"index, follow, max-snippet:-1, max-image-preview:large, max-video-preview:-1\" \/>\n<link rel=\"canonical\" href=\"https:\/\/fundesplai.org\/mcm\/eix-danimacio\/\" \/>\n<meta property=\"og:locale\" content=\"ca_ES\" \/>\n<meta property=\"og:type\" content=\"article\" \/>\n<meta property=\"og:title\" content=\"Eix d&#039;animaci\u00f3 - Menjar canvia el m\u00f3n\" \/>\n<meta property=\"og:description\" content=\"Eix d&#039;animaci\u00f3La Xef Pota Verda i els seus amics i amigues acompanyaran els infants de 3 a 12 anys en aquesta aventura com a fil conductor de les activitats i reptes. Per als grups de joves, a partir de 12 anys, hem preparat un munt de MENJAREPTES per estimular el comprom\u00eds i la motivaci\u00f3 dels [&hellip;]\" \/>\n<meta property=\"og:url\" content=\"https:\/\/fundesplai.org\/mcm\/eix-danimacio\/\" \/>\n<meta property=\"og:site_name\" content=\"Menjar canvia el m\u00f3n\" \/>\n<meta property=\"article:modified_time\" content=\"2022-12-14T12:05:24+00:00\" \/>\n<meta name=\"twitter:card\" content=\"summary_large_image\" \/>\n<meta name=\"twitter:label1\" content=\"Temps estimat de lectura\" \/>\n\t<meta name=\"twitter:data1\" content=\"8 minuts\" \/>\n<script type=\"application\/ld+json\" class=\"yoast-schema-graph\">{\"@context\":\"https:\\\/\\\/schema.org\",\"@graph\":[{\"@type\":\"WebPage\",\"@id\":\"https:\\\/\\\/fundesplai.org\\\/mcm\\\/eix-danimacio\\\/\",\"url\":\"https:\\\/\\\/fundesplai.org\\\/mcm\\\/eix-danimacio\\\/\",\"name\":\"Eix d'animaci\u00f3 - Menjar canvia el m\u00f3n\",\"isPartOf\":{\"@id\":\"https:\\\/\\\/fundesplai.org\\\/mcm\\\/#website\"},\"datePublished\":\"2019-07-17T12:49:20+00:00\",\"dateModified\":\"2022-12-14T12:05:24+00:00\",\"breadcrumb\":{\"@id\":\"https:\\\/\\\/fundesplai.org\\\/mcm\\\/eix-danimacio\\\/#breadcrumb\"},\"inLanguage\":\"ca\",\"potentialAction\":[{\"@type\":\"ReadAction\",\"target\":[\"https:\\\/\\\/fundesplai.org\\\/mcm\\\/eix-danimacio\\\/\"]}]},{\"@type\":\"BreadcrumbList\",\"@id\":\"https:\\\/\\\/fundesplai.org\\\/mcm\\\/eix-danimacio\\\/#breadcrumb\",\"itemListElement\":[{\"@type\":\"ListItem\",\"position\":1,\"name\":\"Inici\",\"item\":\"\\\/\"},{\"@type\":\"ListItem\",\"position\":2,\"name\":\"Menjar canvia el m\u00f3n\",\"item\":\"https:\\\/\\\/fundesplai.org\\\/mcm\"},{\"@type\":\"ListItem\",\"position\":3,\"name\":\"Eix d&#8217;animaci\u00f3\"}]},{\"@type\":\"WebSite\",\"@id\":\"https:\\\/\\\/fundesplai.org\\\/mcm\\\/#website\",\"url\":\"https:\\\/\\\/fundesplai.org\\\/mcm\\\/\",\"name\":\"Menjar canvia el m\u00f3n\",\"description\":\"Proposta educativa de Fundesplai\",\"potentialAction\":[{\"@type\":\"SearchAction\",\"target\":{\"@type\":\"EntryPoint\",\"urlTemplate\":\"https:\\\/\\\/fundesplai.org\\\/mcm\\\/?s={search_term_string}\"},\"query-input\":{\"@type\":\"PropertyValueSpecification\",\"valueRequired\":true,\"valueName\":\"search_term_string\"}}],\"inLanguage\":\"ca\"}]}<\/script>\n<!-- \/ Yoast SEO plugin. -->","yoast_head_json":{"title":"Eix d'animaci\u00f3 - Menjar canvia el m\u00f3n","robots":{"index":"index","follow":"follow","max-snippet":"max-snippet:-1","max-image-preview":"max-image-preview:large","max-video-preview":"max-video-preview:-1"},"canonical":"https:\/\/fundesplai.org\/mcm\/eix-danimacio\/","og_locale":"ca_ES","og_type":"article","og_title":"Eix d'animaci\u00f3 - Menjar canvia el m\u00f3n","og_description":"Eix d'animaci\u00f3La Xef Pota Verda i els seus amics i amigues acompanyaran els infants de 3 a 12 anys en aquesta aventura com a fil conductor de les activitats i reptes. Per als grups de joves, a partir de 12 anys, hem preparat un munt de MENJAREPTES per estimular el comprom\u00eds i la motivaci\u00f3 dels [&hellip;]","og_url":"https:\/\/fundesplai.org\/mcm\/eix-danimacio\/","og_site_name":"Menjar canvia el m\u00f3n","article_modified_time":"2022-12-14T12:05:24+00:00","twitter_card":"summary_large_image","twitter_misc":{"Temps estimat de lectura":"8 minuts"},"schema":{"@context":"https:\/\/schema.org","@graph":[{"@type":"WebPage","@id":"https:\/\/fundesplai.org\/mcm\/eix-danimacio\/","url":"https:\/\/fundesplai.org\/mcm\/eix-danimacio\/","name":"Eix d'animaci\u00f3 - Menjar canvia el m\u00f3n","isPartOf":{"@id":"https:\/\/fundesplai.org\/mcm\/#website"},"datePublished":"2019-07-17T12:49:20+00:00","dateModified":"2022-12-14T12:05:24+00:00","breadcrumb":{"@id":"https:\/\/fundesplai.org\/mcm\/eix-danimacio\/#breadcrumb"},"inLanguage":"ca","potentialAction":[{"@type":"ReadAction","target":["https:\/\/fundesplai.org\/mcm\/eix-danimacio\/"]}]},{"@type":"BreadcrumbList","@id":"https:\/\/fundesplai.org\/mcm\/eix-danimacio\/#breadcrumb","itemListElement":[{"@type":"ListItem","position":1,"name":"Inici","item":"\/"},{"@type":"ListItem","position":2,"name":"Menjar canvia el m\u00f3n","item":"https:\/\/fundesplai.org\/mcm"},{"@type":"ListItem","position":3,"name":"Eix d&#8217;animaci\u00f3"}]},{"@type":"WebSite","@id":"https:\/\/fundesplai.org\/mcm\/#website","url":"https:\/\/fundesplai.org\/mcm\/","name":"Menjar canvia el m\u00f3n","description":"Proposta educativa de Fundesplai","potentialAction":[{"@type":"SearchAction","target":{"@type":"EntryPoint","urlTemplate":"https:\/\/fundesplai.org\/mcm\/?s={search_term_string}"},"query-input":{"@type":"PropertyValueSpecification","valueRequired":true,"valueName":"search_term_string"}}],"inLanguage":"ca"}]}},"_links":{"self":[{"href":"https:\/\/fundesplai.org\/mcm\/wp-json\/wp\/v2\/pages\/18","targetHints":{"allow":["GET"]}}],"collection":[{"href":"https:\/\/fundesplai.org\/mcm\/wp-json\/wp\/v2\/pages"}],"about":[{"href":"https:\/\/fundesplai.org\/mcm\/wp-json\/wp\/v2\/types\/page"}],"author":[{"embeddable":true,"href":"https:\/\/fundesplai.org\/mcm\/wp-json\/wp\/v2\/users\/4"}],"replies":[{"embeddable":true,"href":"https:\/\/fundesplai.org\/mcm\/wp-json\/wp\/v2\/comments?post=18"}],"version-history":[{"count":2,"href":"https:\/\/fundesplai.org\/mcm\/wp-json\/wp\/v2\/pages\/18\/revisions"}],"predecessor-version":[{"id":2093,"href":"https:\/\/fundesplai.org\/mcm\/wp-json\/wp\/v2\/pages\/18\/revisions\/2093"}],"wp:attachment":[{"href":"https:\/\/fundesplai.org\/mcm\/wp-json\/wp\/v2\/media?parent=18"}],"curies":[{"name":"wp","href":"https:\/\/api.w.org\/{rel}","templated":true}]}}