{"id":1316,"date":"2021-09-15T15:36:03","date_gmt":"2021-09-15T13:36:03","guid":{"rendered":"https:\/\/projectes.fundesplai.org\/mcm\/?page_id=1316"},"modified":"2023-04-25T12:32:13","modified_gmt":"2023-04-25T10:32:13","slug":"menjareptes","status":"publish","type":"page","link":"https:\/\/fundesplai.org\/mcm\/menjareptes\/","title":{"rendered":"Menjareptes"},"content":{"rendered":"<p>[et_pb_section fb_built=&#8221;1&#8243; _builder_version=&#8221;4.16&#8243; _module_preset=&#8221;default&#8221; locked=&#8221;off&#8221; global_colors_info=&#8221;{}&#8221;][et_pb_row _builder_version=&#8221;4.16&#8243; _module_preset=&#8221;default&#8221; custom_margin=&#8221;50px||50px||false|false&#8221; global_colors_info=&#8221;{}&#8221;][et_pb_column type=&#8221;4_4&#8243; _builder_version=&#8221;4.16&#8243; _module_preset=&#8221;default&#8221; global_colors_info=&#8221;{}&#8221;][et_pb_image src=&#8221;https:\/\/fundesplai.org\/mcm\/wp-content\/uploads\/sites\/25\/2023\/04\/titol-MENJAREPTES.png&#8221; alt=&#8221;t\u00edtol MENJAREPTES&#8221; title_text=&#8221;titol-MENJAREPTES&#8221; align=&#8221;center&#8221; _builder_version=&#8221;4.20.2&#8243; _module_preset=&#8221;default&#8221; global_colors_info=&#8221;{}&#8221;][\/et_pb_image][et_pb_text _builder_version=&#8221;4.18.0&#8243; _module_preset=&#8221;default&#8221; global_colors_info=&#8221;{}&#8221;]<\/p>\n<h3 style=\"text-align: center\">Eix d&#8217;animaci\u00f3 de 12 a 17 anys<\/h3>\n<p>[\/et_pb_text][et_pb_image src=&#8221;https:\/\/fundesplai.org\/mcm\/wp-content\/uploads\/sites\/25\/2021\/08\/franja-verduretes.png&#8221; alt=&#8221;franja verduretes&#8221; title_text=&#8221;franja verduretes&#8221; align=&#8221;center&#8221; _builder_version=&#8221;4.16&#8243; _module_preset=&#8221;default&#8221; custom_margin=&#8221;20px||20px||false|false&#8221; locked=&#8221;off&#8221; global_colors_info=&#8221;{}&#8221;][\/et_pb_image][\/et_pb_column][\/et_pb_row][et_pb_row column_structure=&#8221;2_5,3_5&#8243; _builder_version=&#8221;4.16&#8243; _module_preset=&#8221;default&#8221; custom_margin=&#8221;40px||40px||false|false&#8221; global_colors_info=&#8221;{}&#8221;][et_pb_column type=&#8221;2_5&#8243; _builder_version=&#8221;4.16&#8243; _module_preset=&#8221;default&#8221; global_colors_info=&#8221;{}&#8221;][et_pb_image src=&#8221;https:\/\/fundesplai.org\/mcm\/wp-content\/uploads\/sites\/25\/2022\/12\/Menjareptes_alimentacio_Fundesplai_rodo.png&#8221; alt=&#8221;Menjareptes_alimentacio_Fundesplai_rodo&#8221; title_text=&#8221;Menjareptes_alimentacio_Fundesplai_rodo&#8221; align=&#8221;center&#8221; _builder_version=&#8221;4.20.2&#8243; _module_preset=&#8221;default&#8221; custom_margin=&#8221;|40px|||false|false&#8221; hover_enabled=&#8221;0&#8243; global_colors_info=&#8221;{}&#8221; sticky_enabled=&#8221;0&#8243;][\/et_pb_image][\/et_pb_column][et_pb_column type=&#8221;3_5&#8243; _builder_version=&#8221;4.16&#8243; _module_preset=&#8221;default&#8221; global_colors_info=&#8221;{}&#8221;][et_pb_text _builder_version=&#8221;4.18.0&#8243; _module_preset=&#8221;default&#8221; custom_margin=&#8221;30px||||false|false&#8221; global_colors_info=&#8221;{}&#8221;]<\/p>\n<p>Els <strong>MenjaReptes<\/strong> s\u00f3n propostes <a href=\"https:\/\/aprenentatgeservei.cat\/que-es-laps\/\">d\u2019Aprenentatge i Servei<\/a> que plantegen l\u2019exploraci\u00f3 de diversos temes relacionats amb l\u2019alimentaci\u00f3 i la sostenibilitat a partir de proves i reptes. <strong>S&#8217;orienten a la mobilitzaci\u00f3 i el comprom\u00eds social.<\/strong><\/p>\n<p>Cada MenjaRepte planteja una <strong>problem\u00e0tica vinculada al sistema d\u2019alimentaci\u00f3<\/strong> i el model de consum. Inclou un conjunt d\u2019activitats i proves d\u2019exploraci\u00f3 i sensibilitzaci\u00f3 i una proposta de treball que \u00e9s una crida a la participaci\u00f3 i el servei a la comunitat.<\/p>\n<p>[\/et_pb_text][et_pb_button button_url=&#8221;https:\/\/view.genial.ly\/63109686c377430011ab891d\/presentation-menja-reptes-22-23&#8243; button_text=&#8221;Est\u00e0s a punt? Descobreix els MENJAREPTES!&#8221; _builder_version=&#8221;4.18.0&#8243; _module_preset=&#8221;default&#8221; custom_margin=&#8221;20px||||false|false&#8221; global_colors_info=&#8221;{}&#8221;][\/et_pb_button][\/et_pb_column][\/et_pb_row][et_pb_row _builder_version=&#8221;4.16&#8243; _module_preset=&#8221;default&#8221; global_colors_info=&#8221;{}&#8221;][et_pb_column type=&#8221;4_4&#8243; _builder_version=&#8221;4.16&#8243; _module_preset=&#8221;default&#8221; global_colors_info=&#8221;{}&#8221;][et_pb_image src=&#8221;https:\/\/fundesplai.org\/mcm\/wp-content\/uploads\/sites\/25\/2021\/08\/franja-verduretes.png&#8221; alt=&#8221;franja verduretes&#8221; title_text=&#8221;franja verduretes&#8221; align=&#8221;center&#8221; _builder_version=&#8221;4.16&#8243; _module_preset=&#8221;default&#8221; custom_margin=&#8221;20px||20px||false|false&#8221; locked=&#8221;off&#8221; global_colors_info=&#8221;{}&#8221;][\/et_pb_image][\/et_pb_column][\/et_pb_row][et_pb_row _builder_version=&#8221;4.16&#8243; _module_preset=&#8221;default&#8221; global_colors_info=&#8221;{}&#8221;][et_pb_column type=&#8221;4_4&#8243; _builder_version=&#8221;4.16&#8243; _module_preset=&#8221;default&#8221; global_colors_info=&#8221;{}&#8221;][et_pb_text _builder_version=&#8221;4.19.0&#8243; _module_preset=&#8221;default&#8221; custom_margin=&#8221;30px||30px||false|false&#8221; global_colors_info=&#8221;{}&#8221;]<\/p>\n<h2 style=\"text-align: center\">Orientacions pedag\u00f2giques<\/h2>\n<p>[\/et_pb_text][et_pb_text _builder_version=&#8221;4.19.0&#8243; _module_preset=&#8221;default&#8221; global_colors_info=&#8221;{}&#8221;]<\/p>\n<p>Els MenjaReptes s\u00f3n propostes de petits projectes basats en la metodologia de l\u2019<a href=\"https:\/\/aprenentatgeservei.cat\/#\">Aprenentatge Servei<\/a> pensats per als <strong>nois i noies majors de 12 anys<\/strong>. S\u2019orienten a la mobilitzaci\u00f3 i el comprom\u00eds social.<\/p>\n<p>Cada MenjaRepte inclou un conjunt d\u2019activitats i proves d\u2019exploraci\u00f3 i sensibilitzaci\u00f3. Treballeu els aspectes que considereu rellevants i s\u2019ajustin millor a la comprensi\u00f3 i maduresa del vostre grup. Tamb\u00e9 a les vostres possibilitats d\u2019intervenci\u00f3. <strong>No cal fer-ho tot.<\/strong><\/p>\n<p>Els reptes estan pensats perqu\u00e8 es puguin <strong>desenvolupar al llarg del curs escolar<\/strong>, seguint una l\u00f2gica temporal (primer, segon i tercer trimestre).<\/p>\n<p>Un tema que haur\u00edeu de valorar \u00e9s la possibilitat de donar un reconeixement o<strong> incentiu<\/strong> als i les joves quan superin un MenjaRepte: amb una sortida que els faci especial il\u00b7lusi\u00f3; amb un diploma; amb un reconeixement p\u00fablic, etc.<\/p>\n<p>&nbsp;<\/p>\n<h3 align=\"justify\">Els reptes<\/h3>\n<p><strong>Repte LES CUES DE LA FAM<\/strong><\/p>\n<p>Planteja la col\u00b7laboraci\u00f3 amb entitats del territori per a recaptar aliments. S\u2019inscriu en el marc de la primera <a href=\"https:\/\/fundesplai.org\/mcm\/reptes-collectius\/\">campanya col\u00b7lectiva<\/a>: celebraci\u00f3 dels Drets de l\u2019infant, 20 de novembre.<\/p>\n<p><strong>Repte STOP MALBARATAR MENJAR<\/strong><\/p>\n<p>Proposa investigar sobre el malbaratament alimentari i organitzar una campanya de conscienciaci\u00f3\u00a0 a trav\u00e9s del mercat i les botigues del barri.<\/p>\n<p><strong>Repte SOBREENVASATS<\/strong><\/p>\n<p>Interpel\u00b7la a l\u2019acci\u00f3 per a sensibilitzar la ciutadania sobre els residus que genera l\u2019envasat excessiu dels aliments i mostrar alternatives.<\/p>\n<p>&nbsp;<\/p>\n<p>[\/et_pb_text][\/et_pb_column][\/et_pb_row][et_pb_row _builder_version=&#8221;4.16&#8243; _module_preset=&#8221;default&#8221; locked=&#8221;off&#8221; global_colors_info=&#8221;{}&#8221;][et_pb_column type=&#8221;4_4&#8243; _builder_version=&#8221;4.16&#8243; _module_preset=&#8221;default&#8221; global_colors_info=&#8221;{}&#8221;][et_pb_image src=&#8221;https:\/\/fundesplai.org\/mcm\/wp-content\/uploads\/sites\/25\/2021\/08\/frase_alimentacio_Fundesplai_verd.png&#8221; alt=&#8221;frase_alimentacio_Fundesplai_verd&#8221; title_text=&#8221;frase_alimentacio_Fundesplai_verd&#8221; align=&#8221;center&#8221; _builder_version=&#8221;4.16&#8243; _module_preset=&#8221;default&#8221; custom_margin=&#8221;20px||20px||false|false&#8221; global_colors_info=&#8221;{}&#8221;][\/et_pb_image][et_pb_image src=&#8221;https:\/\/fundesplai.org\/mcm\/wp-content\/uploads\/sites\/25\/2021\/08\/franja-verduretes.png&#8221; alt=&#8221;franja verduretes&#8221; title_text=&#8221;franja verduretes&#8221; align=&#8221;center&#8221; _builder_version=&#8221;4.16&#8243; _module_preset=&#8221;default&#8221; custom_margin=&#8221;20px||20px||false|false&#8221; global_colors_info=&#8221;{}&#8221;][\/et_pb_image][\/et_pb_column][\/et_pb_row][et_pb_row _builder_version=&#8221;4.16&#8243; module_alignment=&#8221;center&#8221; custom_margin=&#8221;50px||50px||true|false&#8221; custom_margin_tablet=&#8221;&#8221; custom_margin_phone=&#8221;10px||10px||false|false&#8221; custom_margin_last_edited=&#8221;on|phone&#8221; locked=&#8221;off&#8221; global_colors_info=&#8221;{}&#8221;][et_pb_column type=&#8221;4_4&#8243; _builder_version=&#8221;4.16&#8243; global_colors_info=&#8221;{}&#8221;][et_pb_text _builder_version=&#8221;4.19.0&#8243; global_colors_info=&#8221;{}&#8221;]<\/p>\n<h2 style=\"text-align: center\">Altres elements clau<\/h2>\n<p>[\/et_pb_text][\/et_pb_column][\/et_pb_row][et_pb_row column_structure=&#8221;1_3,1_3,1_3&#8243; make_equal=&#8221;on&#8221; _builder_version=&#8221;4.16&#8243; background_image=&#8221;https:\/\/fundesplai.org\/mcm\/wp-content\/uploads\/sites\/25\/2021\/08\/eix-animacio-Fundesplai-proposta-alimentacio.jpg&#8221; width=&#8221;100%&#8221; max_width=&#8221;2559px&#8221; custom_margin=&#8221;50px||50px||true|false&#8221; custom_margin_tablet=&#8221;&#8221; custom_margin_phone=&#8221;||||true&#8221; custom_margin_last_edited=&#8221;on|phone&#8221; locked=&#8221;off&#8221; global_colors_info=&#8221;{}&#8221;][et_pb_column type=&#8221;1_3&#8243; _builder_version=&#8221;4.16&#8243; background_image=&#8221;https:\/\/fundesplai.org\/mcm\/wp-content\/uploads\/sites\/25\/2021\/08\/activitats-fundesplai-alimentacio_mini.jpg&#8221; global_colors_info=&#8221;{}&#8221;][et_pb_cta title=&#8221;Activitats&#8221; button_url=&#8221;https:\/\/fundesplai.org\/mcm\/activitats\/&#8221; button_text=&#8221; +&#8221; admin_label=&#8221;ACTIVITATS&#8221; _builder_version=&#8221;4.19.0&#8243; header_level=&#8221;h1&#8243; header_font=&#8221;|600|||||||&#8221; header_text_align=&#8221;center&#8221; body_font=&#8221;|600|||||||&#8221; background_enable_color=&#8221;off&#8221; background_enable_image=&#8221;off&#8221; custom_button=&#8221;on&#8221; button_text_size=&#8221;17px&#8221; button_border_width=&#8221;0px&#8221; button_border_radius=&#8221;33px&#8221; button_use_icon=&#8221;off&#8221; button_alignment=&#8221;center&#8221; animation_style=&#8221;zoom&#8221; animation_direction=&#8221;bottom&#8221; animation_starting_opacity=&#8221;56%&#8221; link_option_url=&#8221;https:\/\/fundesplai.org\/mcm\/activitats\/&#8221; header_text_shadow_style=&#8221;preset3&#8243; header_text_shadow_color=&#8221;#000000&#8243; text_shadow_style=&#8221;preset3&#8243; text_shadow_blur_strength=&#8221;0.02em&#8221; text_shadow_color=&#8221;#000000&#8243; global_colors_info=&#8221;{}&#8221;]<\/p>\n<p>Activitats de lleure per a totes les edats enfocades a despertar l&#8217;esperit cr\u00edtic i aprofundir en la proposta educativa MENJAR CANVIA EL M\u00d3N.<br \/>Educaci\u00f3 per l&#8217;alimentaci\u00f3 sostenible i saludable.<\/p>\n<p>[\/et_pb_cta][\/et_pb_column][et_pb_column type=&#8221;1_3&#8243; _builder_version=&#8221;4.16&#8243; background_image=&#8221;https:\/\/fundesplai.org\/mcm\/wp-content\/uploads\/sites\/25\/2021\/08\/eix-animacio-Fundesplai-proposta-alimentacio2.jpg&#8221; global_colors_info=&#8221;{}&#8221;][et_pb_cta title=&#8221;Quadern pedag\u00f2gic&#8221; button_url=&#8221;https:\/\/fundesplai.org\/mcm\/quadern-pedagogic\/&#8221; button_text=&#8221; +&#8221; admin_label=&#8221;QUADERN&#8221; _builder_version=&#8221;4.19.0&#8243; header_level=&#8221;h1&#8243; header_font=&#8221;|600|||||||&#8221; header_text_align=&#8221;center&#8221; body_font=&#8221;|600|||||||&#8221; background_enable_color=&#8221;off&#8221; background_enable_image=&#8221;off&#8221; custom_button=&#8221;on&#8221; button_text_size=&#8221;17px&#8221; button_border_width=&#8221;0px&#8221; button_border_radius=&#8221;33px&#8221; button_use_icon=&#8221;off&#8221; button_alignment=&#8221;center&#8221; animation_style=&#8221;zoom&#8221; animation_direction=&#8221;bottom&#8221; animation_starting_opacity=&#8221;56%&#8221; link_option_url=&#8221;https:\/\/fundesplai.org\/mcm\/quadern-pedagogic\/&#8221; header_text_shadow_style=&#8221;preset3&#8243; header_text_shadow_color=&#8221;#000000&#8243; text_shadow_style=&#8221;preset3&#8243; text_shadow_blur_strength=&#8221;0.02em&#8221; text_shadow_color=&#8221;#000000&#8243; locked=&#8221;off&#8221; global_colors_info=&#8221;{}&#8221;]<\/p>\n<p style=\"text-align: center\">Encara no te l\u2019has llegit? Te\u2019l pots descarregar per aprofundir en les tem\u00e0tiques de la proposta educativa i aclarir conceptes per fer front a aquesta aventura educativa.<\/p>\n<p>[\/et_pb_cta][\/et_pb_column][et_pb_column type=&#8221;1_3&#8243; _builder_version=&#8221;4.16&#8243; background_image=&#8221;https:\/\/fundesplai.org\/mcm\/wp-content\/uploads\/sites\/25\/2021\/08\/reptes-colectius-Fundesplai-alimentacio.jpg&#8221; global_colors_info=&#8221;{}&#8221;][et_pb_cta title=&#8221;Reptes col\u00b7lectius&#8221; button_url=&#8221;https:\/\/fundesplai.org\/mcm\/reptes-collectius\/&#8221; button_text=&#8221; +&#8221; admin_label=&#8221;REPTES COL\u00b7LECTIUS&#8221; _builder_version=&#8221;4.19.0&#8243; header_level=&#8221;h1&#8243; header_font=&#8221;|600|||||||&#8221; header_text_align=&#8221;center&#8221; body_font=&#8221;|600|||||||&#8221; background_enable_color=&#8221;off&#8221; custom_button=&#8221;on&#8221; button_text_size=&#8221;17px&#8221; button_border_width=&#8221;0px&#8221; button_border_radius=&#8221;33px&#8221; button_use_icon=&#8221;off&#8221; button_alignment=&#8221;center&#8221; animation_style=&#8221;zoom&#8221; animation_direction=&#8221;bottom&#8221; animation_starting_opacity=&#8221;56%&#8221; link_option_url=&#8221;https:\/\/fundesplai.org\/mcm\/reptes-collectius\/&#8221; header_text_shadow_style=&#8221;preset3&#8243; header_text_shadow_color=&#8221;#000000&#8243; text_shadow_style=&#8221;preset3&#8243; text_shadow_blur_strength=&#8221;0.02em&#8221; text_shadow_color=&#8221;#000000&#8243; global_colors_info=&#8221;{}&#8221;]<\/p>\n<p>Amb els reptes col\u00b7lectius ens mobilitzem en un moment puntual per refor\u00e7ar la incid\u00e8ncia p\u00fablica.<br \/>#DretAlimentaci\u00f320N (novembre 2021)<br \/>#Alnatural (mar\u00e7 2022)<\/p>\n<p>[\/et_pb_cta][\/et_pb_column][\/et_pb_row][et_pb_row _builder_version=&#8221;4.16&#8243; custom_margin=&#8221;50px||50px||true|false&#8221; custom_margin_tablet=&#8221;&#8221; custom_margin_phone=&#8221;30px||30px||true|false&#8221; custom_margin_last_edited=&#8221;on|desktop&#8221; locked=&#8221;off&#8221; global_colors_info=&#8221;{}&#8221;][et_pb_column type=&#8221;4_4&#8243; _builder_version=&#8221;4.16&#8243; global_colors_info=&#8221;{}&#8221;][et_pb_text _builder_version=&#8221;4.19.0&#8243; global_colors_info=&#8221;{}&#8221;]<\/p>\n<h2 style=\"text-align: center\">Amb la col\u00b7laboraci\u00f3 de<\/h2>\n<p>[\/et_pb_text][\/et_pb_column][\/et_pb_row][et_pb_row column_structure=&#8221;1_4,1_4,1_4,1_4&#8243; _builder_version=&#8221;4.16&#8243; custom_margin=&#8221;50px||50px||true|false&#8221; custom_margin_tablet=&#8221;&#8221; custom_margin_phone=&#8221;30px||30px||true|false&#8221; custom_margin_last_edited=&#8221;on|phone&#8221; locked=&#8221;off&#8221; global_colors_info=&#8221;{}&#8221;][et_pb_column type=&#8221;1_4&#8243; _builder_version=&#8221;4.16&#8243; global_colors_info=&#8221;{}&#8221;][et_pb_image src=&#8221;https:\/\/fundesplai.org\/mcm\/wp-content\/uploads\/sites\/25\/2019\/08\/Generalitat.jpg&#8221; _builder_version=&#8221;4.16&#8243; custom_margin=&#8221;|30px||30px|false|true&#8221; global_colors_info=&#8221;{}&#8221;][\/et_pb_image][\/et_pb_column][et_pb_column type=&#8221;1_4&#8243; _builder_version=&#8221;4.16&#8243; global_colors_info=&#8221;{}&#8221;][et_pb_image src=&#8221;https:\/\/fundesplai.org\/mcm\/wp-content\/uploads\/sites\/25\/2019\/08\/Diputacio-de-barcelona.jpg&#8221; _builder_version=&#8221;4.16&#8243; custom_margin=&#8221;|30px||30px|false|true&#8221; global_colors_info=&#8221;{}&#8221;][\/et_pb_image][\/et_pb_column][et_pb_column type=&#8221;1_4&#8243; _builder_version=&#8221;4.16&#8243; global_colors_info=&#8221;{}&#8221;][et_pb_image src=&#8221;https:\/\/fundesplai.org\/mcm\/wp-content\/uploads\/sites\/25\/2019\/08\/Ajuntament-de-barcelona.jpg&#8221; _builder_version=&#8221;4.16&#8243; custom_margin=&#8221;|30px||30px|false|true&#8221; global_colors_info=&#8221;{}&#8221;][\/et_pb_image][\/et_pb_column][et_pb_column type=&#8221;1_4&#8243; _builder_version=&#8221;4.16&#8243; global_colors_info=&#8221;{}&#8221;][et_pb_image src=&#8221;https:\/\/fundesplai.org\/mcm\/wp-content\/uploads\/sites\/25\/2019\/08\/OTROS_FINES_I_S_GOB.jpg&#8221; _builder_version=&#8221;4.16&#8243; custom_margin=&#8221;|30px||30px|false|true&#8221; global_colors_info=&#8221;{}&#8221;][\/et_pb_image][\/et_pb_column][\/et_pb_row][\/et_pb_section]<\/p>\n","protected":false},"excerpt":{"rendered":"<p>Eix d&#8217;animaci\u00f3 de 12 a 17 anysEls MenjaReptes s\u00f3n propostes d\u2019Aprenentatge i Servei que plantegen l\u2019exploraci\u00f3 de diversos temes relacionats amb l\u2019alimentaci\u00f3 i la sostenibilitat a partir de proves i reptes. S&#8217;orienten a la mobilitzaci\u00f3 i el comprom\u00eds social. Cada MenjaRepte planteja una problem\u00e0tica vinculada al sistema d\u2019alimentaci\u00f3 i el model de consum. Inclou un [&hellip;]<\/p>\n","protected":false},"author":4,"featured_media":0,"parent":0,"menu_order":0,"comment_status":"closed","ping_status":"closed","template":"","meta":{"_et_pb_use_builder":"on","_et_pb_old_content":"","_et_gb_content_width":"","footnotes":""},"class_list":["post-1316","page","type-page","status-publish","hentry"],"yoast_head":"<!-- This site is optimized with the Yoast SEO plugin v27.4 - https:\/\/yoast.com\/product\/yoast-seo-wordpress\/ -->\n<title>Menjareptes - Menjar canvia el m\u00f3n<\/title>\n<meta name=\"robots\" content=\"index, follow, max-snippet:-1, max-image-preview:large, max-video-preview:-1\" \/>\n<link rel=\"canonical\" href=\"https:\/\/fundesplai.org\/mcm\/menjareptes\/\" \/>\n<meta property=\"og:locale\" content=\"ca_ES\" \/>\n<meta property=\"og:type\" content=\"article\" \/>\n<meta property=\"og:title\" content=\"Menjareptes - Menjar canvia el m\u00f3n\" \/>\n<meta property=\"og:description\" content=\"Eix d&#039;animaci\u00f3 de 12 a 17 anysEls MenjaReptes s\u00f3n propostes d\u2019Aprenentatge i Servei que plantegen l\u2019exploraci\u00f3 de diversos temes relacionats amb l\u2019alimentaci\u00f3 i la sostenibilitat a partir de proves i reptes. S&#039;orienten a la mobilitzaci\u00f3 i el comprom\u00eds social. Cada MenjaRepte planteja una problem\u00e0tica vinculada al sistema d\u2019alimentaci\u00f3 i el model de consum. Inclou un [&hellip;]\" \/>\n<meta property=\"og:url\" content=\"https:\/\/fundesplai.org\/mcm\/menjareptes\/\" \/>\n<meta property=\"og:site_name\" content=\"Menjar canvia el m\u00f3n\" \/>\n<meta property=\"article:modified_time\" content=\"2023-04-25T10:32:13+00:00\" \/>\n<meta name=\"twitter:card\" content=\"summary_large_image\" \/>\n<meta name=\"twitter:label1\" content=\"Temps estimat de lectura\" \/>\n\t<meta name=\"twitter:data1\" content=\"4 minuts\" \/>\n<script type=\"application\/ld+json\" class=\"yoast-schema-graph\">{\"@context\":\"https:\\\/\\\/schema.org\",\"@graph\":[{\"@type\":\"WebPage\",\"@id\":\"https:\\\/\\\/fundesplai.org\\\/mcm\\\/menjareptes\\\/\",\"url\":\"https:\\\/\\\/fundesplai.org\\\/mcm\\\/menjareptes\\\/\",\"name\":\"Menjareptes - Menjar canvia el m\u00f3n\",\"isPartOf\":{\"@id\":\"https:\\\/\\\/fundesplai.org\\\/mcm\\\/#website\"},\"datePublished\":\"2021-09-15T13:36:03+00:00\",\"dateModified\":\"2023-04-25T10:32:13+00:00\",\"breadcrumb\":{\"@id\":\"https:\\\/\\\/fundesplai.org\\\/mcm\\\/menjareptes\\\/#breadcrumb\"},\"inLanguage\":\"ca\",\"potentialAction\":[{\"@type\":\"ReadAction\",\"target\":[\"https:\\\/\\\/fundesplai.org\\\/mcm\\\/menjareptes\\\/\"]}]},{\"@type\":\"BreadcrumbList\",\"@id\":\"https:\\\/\\\/fundesplai.org\\\/mcm\\\/menjareptes\\\/#breadcrumb\",\"itemListElement\":[{\"@type\":\"ListItem\",\"position\":1,\"name\":\"Inici\",\"item\":\"\\\/\"},{\"@type\":\"ListItem\",\"position\":2,\"name\":\"Menjar canvia el m\u00f3n\",\"item\":\"https:\\\/\\\/fundesplai.org\\\/mcm\"},{\"@type\":\"ListItem\",\"position\":3,\"name\":\"Menjareptes\"}]},{\"@type\":\"WebSite\",\"@id\":\"https:\\\/\\\/fundesplai.org\\\/mcm\\\/#website\",\"url\":\"https:\\\/\\\/fundesplai.org\\\/mcm\\\/\",\"name\":\"Menjar canvia el m\u00f3n\",\"description\":\"Proposta educativa de Fundesplai\",\"potentialAction\":[{\"@type\":\"SearchAction\",\"target\":{\"@type\":\"EntryPoint\",\"urlTemplate\":\"https:\\\/\\\/fundesplai.org\\\/mcm\\\/?s={search_term_string}\"},\"query-input\":{\"@type\":\"PropertyValueSpecification\",\"valueRequired\":true,\"valueName\":\"search_term_string\"}}],\"inLanguage\":\"ca\"}]}<\/script>\n<!-- \/ Yoast SEO plugin. -->","yoast_head_json":{"title":"Menjareptes - Menjar canvia el m\u00f3n","robots":{"index":"index","follow":"follow","max-snippet":"max-snippet:-1","max-image-preview":"max-image-preview:large","max-video-preview":"max-video-preview:-1"},"canonical":"https:\/\/fundesplai.org\/mcm\/menjareptes\/","og_locale":"ca_ES","og_type":"article","og_title":"Menjareptes - Menjar canvia el m\u00f3n","og_description":"Eix d'animaci\u00f3 de 12 a 17 anysEls MenjaReptes s\u00f3n propostes d\u2019Aprenentatge i Servei que plantegen l\u2019exploraci\u00f3 de diversos temes relacionats amb l\u2019alimentaci\u00f3 i la sostenibilitat a partir de proves i reptes. S'orienten a la mobilitzaci\u00f3 i el comprom\u00eds social. Cada MenjaRepte planteja una problem\u00e0tica vinculada al sistema d\u2019alimentaci\u00f3 i el model de consum. Inclou un [&hellip;]","og_url":"https:\/\/fundesplai.org\/mcm\/menjareptes\/","og_site_name":"Menjar canvia el m\u00f3n","article_modified_time":"2023-04-25T10:32:13+00:00","twitter_card":"summary_large_image","twitter_misc":{"Temps estimat de lectura":"4 minuts"},"schema":{"@context":"https:\/\/schema.org","@graph":[{"@type":"WebPage","@id":"https:\/\/fundesplai.org\/mcm\/menjareptes\/","url":"https:\/\/fundesplai.org\/mcm\/menjareptes\/","name":"Menjareptes - Menjar canvia el m\u00f3n","isPartOf":{"@id":"https:\/\/fundesplai.org\/mcm\/#website"},"datePublished":"2021-09-15T13:36:03+00:00","dateModified":"2023-04-25T10:32:13+00:00","breadcrumb":{"@id":"https:\/\/fundesplai.org\/mcm\/menjareptes\/#breadcrumb"},"inLanguage":"ca","potentialAction":[{"@type":"ReadAction","target":["https:\/\/fundesplai.org\/mcm\/menjareptes\/"]}]},{"@type":"BreadcrumbList","@id":"https:\/\/fundesplai.org\/mcm\/menjareptes\/#breadcrumb","itemListElement":[{"@type":"ListItem","position":1,"name":"Inici","item":"\/"},{"@type":"ListItem","position":2,"name":"Menjar canvia el m\u00f3n","item":"https:\/\/fundesplai.org\/mcm"},{"@type":"ListItem","position":3,"name":"Menjareptes"}]},{"@type":"WebSite","@id":"https:\/\/fundesplai.org\/mcm\/#website","url":"https:\/\/fundesplai.org\/mcm\/","name":"Menjar canvia el m\u00f3n","description":"Proposta educativa de Fundesplai","potentialAction":[{"@type":"SearchAction","target":{"@type":"EntryPoint","urlTemplate":"https:\/\/fundesplai.org\/mcm\/?s={search_term_string}"},"query-input":{"@type":"PropertyValueSpecification","valueRequired":true,"valueName":"search_term_string"}}],"inLanguage":"ca"}]}},"_links":{"self":[{"href":"https:\/\/fundesplai.org\/mcm\/wp-json\/wp\/v2\/pages\/1316","targetHints":{"allow":["GET"]}}],"collection":[{"href":"https:\/\/fundesplai.org\/mcm\/wp-json\/wp\/v2\/pages"}],"about":[{"href":"https:\/\/fundesplai.org\/mcm\/wp-json\/wp\/v2\/types\/page"}],"author":[{"embeddable":true,"href":"https:\/\/fundesplai.org\/mcm\/wp-json\/wp\/v2\/users\/4"}],"replies":[{"embeddable":true,"href":"https:\/\/fundesplai.org\/mcm\/wp-json\/wp\/v2\/comments?post=1316"}],"version-history":[{"count":3,"href":"https:\/\/fundesplai.org\/mcm\/wp-json\/wp\/v2\/pages\/1316\/revisions"}],"predecessor-version":[{"id":2210,"href":"https:\/\/fundesplai.org\/mcm\/wp-json\/wp\/v2\/pages\/1316\/revisions\/2210"}],"wp:attachment":[{"href":"https:\/\/fundesplai.org\/mcm\/wp-json\/wp\/v2\/media?parent=1316"}],"curies":[{"name":"wp","href":"https:\/\/api.w.org\/{rel}","templated":true}]}}