{"id":4017,"date":"2026-02-27T16:48:48","date_gmt":"2026-02-27T15:48:48","guid":{"rendered":"https:\/\/fundesplai.org\/marxa-per-la-pau\/?page_id=4017"},"modified":"2026-03-19T13:13:02","modified_gmt":"2026-03-19T12:13:02","slug":"cartell","status":"publish","type":"page","link":"https:\/\/fundesplai.org\/marxa-per-la-pau\/cartell\/","title":{"rendered":"Cartell"},"content":{"rendered":"<p>[et_pb_section fb_built=&#8221;1&#8243; _builder_version=&#8221;4.27.5&#8243; _module_preset=&#8221;default&#8221; global_colors_info=&#8221;{}&#8221;][et_pb_row _builder_version=&#8221;4.27.5&#8243; _module_preset=&#8221;default&#8221; global_colors_info=&#8221;{}&#8221;][et_pb_column type=&#8221;4_4&#8243; _builder_version=&#8221;4.27.5&#8243; _module_preset=&#8221;default&#8221; global_colors_info=&#8221;{}&#8221;][et_pb_text _builder_version=&#8221;4.27.5&#8243; _module_preset=&#8221;default&#8221; global_colors_info=&#8221;{}&#8221;]<\/p>\n<p style=\"text-align: center\">Vine a la marxa i ajudan&#8217;s a fer-ne difusi\u00f3. Com m\u00e9s persones siguem, m\u00e9s gran ser\u00e0 el nostre clam per la pau al m\u00f3n. Et pots decarregar aquest cartell i enviar-lo o penjar-lo all\u00e0 on vulguis. I recorda que per venir a la Marxa cal <a href=\"https:\/\/fundesplai.org\/marxa-per-la-pau\/inscripcions\/\">inscriure&#8217;s<\/a> encara que sigui una activitat gratu\u00efta i oberta. Ens veiem el dia 22 de mar\u00e7 amb roba blanca per reivindicar la Pau.<\/p>\n<p>[\/et_pb_text][\/et_pb_column][\/et_pb_row][et_pb_row column_structure=&#8221;1_5,3_5,1_5&#8243; _builder_version=&#8221;4.27.5&#8243; _module_preset=&#8221;default&#8221; custom_margin=&#8221;50px||||false|false&#8221; global_colors_info=&#8221;{}&#8221;][et_pb_column type=&#8221;1_5&#8243; _builder_version=&#8221;4.27.5&#8243; _module_preset=&#8221;default&#8221; global_colors_info=&#8221;{}&#8221;][\/et_pb_column][et_pb_column type=&#8221;3_5&#8243; _builder_version=&#8221;4.27.5&#8243; _module_preset=&#8221;default&#8221; global_colors_info=&#8221;{}&#8221;][et_pb_image src=&#8221;https:\/\/fundesplai.org\/marxa-per-la-pau\/wp-content\/uploads\/sites\/36\/2026\/02\/Cartell-Marxa-per-la-Pau-Fundesplai-A3-scaled.jpg&#8221; title_text=&#8221;Cartell Marxa per la Pau Fundesplai (A3)&#8221; _builder_version=&#8221;4.27.5&#8243; _module_preset=&#8221;default&#8221; border_radii=&#8221;on|1px|1px|1px|1px&#8221; border_width_all=&#8221;1px&#8221; global_colors_info=&#8221;{}&#8221;][\/et_pb_image][et_pb_button button_url=&#8221;https:\/\/fundesplai.org\/marxa-per-la-pau\/wp-content\/uploads\/sites\/36\/2026\/02\/Cartell-Marxa-per-la-Pau-Fundesplai-A3.pdf&#8221; button_text=&#8221;Descarrega&#8217;t el cartell en PDF&#8221; button_alignment=&#8221;center&#8221; _builder_version=&#8221;4.27.5&#8243; _module_preset=&#8221;default&#8221; custom_margin=&#8221;40px||||false|false&#8221; global_colors_info=&#8221;{}&#8221;][\/et_pb_button][\/et_pb_column][et_pb_column type=&#8221;1_5&#8243; _builder_version=&#8221;4.27.5&#8243; _module_preset=&#8221;default&#8221; global_colors_info=&#8221;{}&#8221;][\/et_pb_column][\/et_pb_row][\/et_pb_section][et_pb_section fb_built=&#8221;1&#8243; disabled_on=&#8221;off|off|off&#8221; admin_label=&#8221;Section ITINERARIS&#8221; _builder_version=&#8221;4.27.5&#8243; custom_margin=&#8221;50px||||false|false&#8221; custom_margin_tablet=&#8221;50px||||false|false&#8221; custom_margin_phone=&#8221;40px||||false|false&#8221; custom_margin_last_edited=&#8221;on|desktop&#8221; global_module=&#8221;3680&#8243; saved_tabs=&#8221;all&#8221; locked=&#8221;off&#8221; collapsed=&#8221;off&#8221; global_colors_info=&#8221;{}&#8221;][et_pb_row _builder_version=&#8221;4.27.5&#8243; width=&#8221;auto&#8221; width_tablet=&#8221;auto&#8221; width_phone=&#8221;80%&#8221; width_last_edited=&#8221;on|phone&#8221; module_alignment=&#8221;center&#8221; custom_margin=&#8221;0px||0px||false|false&#8221; custom_margin_tablet=&#8221;0px||0px||false|false&#8221; custom_margin_phone=&#8221;0px||0px||false|false&#8221; custom_margin_last_edited=&#8221;on|phone&#8221; locked=&#8221;off&#8221; global_colors_info=&#8221;{}&#8221;][et_pb_column type=&#8221;4_4&#8243; _builder_version=&#8221;4.16&#8243; global_colors_info=&#8221;{}&#8221;][et_pb_text admin_label=&#8221;Els itineraris&#8221; _builder_version=&#8221;4.27.5&#8243; header_text_align=&#8221;center&#8221; text_orientation=&#8221;center&#8221; global_colors_info=&#8221;{}&#8221;]<\/p>\n<h2 style=\"text-align: center\">Els itineraris<\/h2>\n<p>[\/et_pb_text][\/et_pb_column][\/et_pb_row][et_pb_row column_structure=&#8221;1_4,1_4,1_4,1_4&#8243; make_equal=&#8221;on&#8221; _builder_version=&#8221;4.27.5&#8243; background_image=&#8221;https:\/\/fundesplai.org\/mcm\/wp-content\/uploads\/sites\/25\/2021\/08\/eix-animacio-Fundesplai-proposta-alimentacio.jpg&#8221; width=&#8221;100%&#8221; width_tablet=&#8221;100%&#8221; width_phone=&#8221;80%&#8221; width_last_edited=&#8221;on|desktop&#8221; max_width=&#8221;2559px&#8221; custom_margin=&#8221;0px||0px||false|false&#8221; custom_margin_tablet=&#8221;0px||0px||false|false&#8221; custom_margin_phone=&#8221;0px||0px||false|false&#8221; custom_margin_last_edited=&#8221;on|phone&#8221; locked=&#8221;off&#8221; global_colors_info=&#8221;{}&#8221;][et_pb_column type=&#8221;1_4&#8243; _builder_version=&#8221;4.27.5&#8243; background_enable_image=&#8221;off&#8221; global_colors_info=&#8221;{}&#8221;][et_pb_image src=&#8221;https:\/\/fundesplai.org\/marxa-per-la-pau\/wp-content\/uploads\/sites\/36\/2026\/02\/Pont-del-diable-Martorell.png&#8221; title_text=&#8221;Pont del diable Martorell&#8221; align=&#8221;center&#8221; _builder_version=&#8221;4.27.5&#8243; _module_preset=&#8221;default&#8221; width_tablet=&#8221;&#8221; width_phone=&#8221;80%&#8221; width_last_edited=&#8221;on|phone&#8221; global_colors_info=&#8221;{}&#8221;][\/et_pb_image][et_pb_text admin_label=&#8221;Martorell&#8221; _builder_version=&#8221;4.27.5&#8243; _module_preset=&#8221;default&#8221; global_colors_info=&#8221;{}&#8221;]<\/p>\n<p style=\"text-align: center\"><strong>Itinerari 1<\/strong><br \/><a href=\"https:\/\/fundesplai.org\/marxa-per-la-pau\/itineraris\/#1\"><strong>Martorell &#8211; Sant Boi<\/strong><\/a><br \/><strong>22 Km<\/strong><\/p>\n<p>[\/et_pb_text][\/et_pb_column][et_pb_column type=&#8221;1_4&#8243; _builder_version=&#8221;4.27.5&#8243; background_enable_image=&#8221;off&#8221; global_colors_info=&#8221;{}&#8221;][et_pb_image src=&#8221;https:\/\/fundesplai.org\/marxa-per-la-pau\/wp-content\/uploads\/sites\/36\/2026\/02\/Castell-de-Palleja.png&#8221; title_text=&#8221;Castell de Pallej\u00e0&#8221; align=&#8221;center&#8221; _builder_version=&#8221;4.27.5&#8243; _module_preset=&#8221;default&#8221; global_colors_info=&#8221;{}&#8221;][\/et_pb_image][et_pb_text admin_label=&#8221;Pallej\u00e0&#8221; _builder_version=&#8221;4.27.5&#8243; _module_preset=&#8221;default&#8221; global_colors_info=&#8221;{}&#8221;]<\/p>\n<p style=\"text-align: center\"><strong>Itinerari 2<\/strong><br \/><a href=\"https:\/\/fundesplai.org\/marxa-per-la-pau\/itineraris\/\"><strong>Pallej\u00e0 &#8211; Sant Boi<\/strong><\/a><br \/><strong>11 Km<\/strong><\/p>\n<p>[\/et_pb_text][\/et_pb_column][et_pb_column type=&#8221;1_4&#8243; _builder_version=&#8221;4.27.5&#8243; background_enable_image=&#8221;off&#8221; global_colors_info=&#8221;{}&#8221;][et_pb_image src=&#8221;https:\/\/fundesplai.org\/marxa-per-la-pau\/wp-content\/uploads\/sites\/36\/2026\/02\/Parc-del-Riu-El-Prat-de-Llobregat.png&#8221; title_text=&#8221;Parc del Riu &#8211; El Prat de Llobregat&#8221; align=&#8221;center&#8221; _builder_version=&#8221;4.27.5&#8243; _module_preset=&#8221;default&#8221; global_colors_info=&#8221;{}&#8221;][\/et_pb_image][et_pb_text admin_label=&#8221;El Prat&#8221; _builder_version=&#8221;4.27.5&#8243; _module_preset=&#8221;default&#8221; global_colors_info=&#8221;{}&#8221;]<\/p>\n<p style=\"text-align: center\"><strong>Itinerari 3<\/strong><br \/><a href=\"https:\/\/fundesplai.org\/marxa-per-la-pau\/itineraris\/#3\"><strong>El Prat &#8211; Sant Boi<\/strong><\/a><br \/><strong>6 Km<\/strong><\/p>\n<p>[\/et_pb_text][\/et_pb_column][et_pb_column type=&#8221;1_4&#8243; _builder_version=&#8221;4.27.5&#8243; background_enable_image=&#8221;off&#8221; global_colors_info=&#8221;{}&#8221;][et_pb_image src=&#8221;https:\/\/fundesplai.org\/marxa-per-la-pau\/wp-content\/uploads\/sites\/36\/2026\/02\/Club-dEsplai-Bellvitge.png&#8221; title_text=&#8221;Club d&#8217;Esplai Bellvitge&#8221; align=&#8221;center&#8221; _builder_version=&#8221;4.27.5&#8243; _module_preset=&#8221;default&#8221; global_colors_info=&#8221;{}&#8221;][\/et_pb_image][et_pb_text admin_label=&#8221;Bellvitge&#8221; _builder_version=&#8221;4.27.5&#8243; _module_preset=&#8221;default&#8221; global_colors_info=&#8221;{}&#8221;]<\/p>\n<p style=\"text-align: center\"><strong>Itinerari 4<\/strong><br \/><a href=\"https:\/\/fundesplai.org\/marxa-per-la-pau\/itineraris\/#4\"><strong>L&#8217;Hospitalet &#8211; Sant Boi<\/strong><\/a><br \/><strong>7,3 Km<\/strong><\/p>\n<p>[\/et_pb_text][\/et_pb_column][\/et_pb_row][et_pb_row disabled_on=&#8221;on|off|off&#8221; _builder_version=&#8221;4.27.5&#8243; width=&#8221;auto&#8221; width_tablet=&#8221;auto&#8221; width_phone=&#8221;80%&#8221; width_last_edited=&#8221;on|phone&#8221; module_alignment=&#8221;center&#8221; custom_margin=&#8221;50px||50px||true|false&#8221; custom_margin_tablet=&#8221;&#8221; custom_margin_phone=&#8221;10px||10px||false|false&#8221; custom_margin_last_edited=&#8221;on|phone&#8221; locked=&#8221;off&#8221; global_colors_info=&#8221;{}&#8221;][et_pb_column type=&#8221;4_4&#8243; _builder_version=&#8221;4.16&#8243; global_colors_info=&#8221;{}&#8221;][et_pb_button button_url=&#8221;@ET-DC@eyJkeW5hbWljIjp0cnVlLCJjb250ZW50IjoicG9zdF9saW5rX3VybF9wYWdlIiwic2V0dGluZ3MiOnsicG9zdF9pZCI6IjM0NTAiLCJlbmFibGVfaHRtbCI6Im9mZiJ9fQ==@&#8221; button_text=&#8221;Tria l&#8217;itinerari que m\u00e9s et convingui&#8221; button_alignment=&#8221;center&#8221; _builder_version=&#8221;4.27.5&#8243; _dynamic_attributes=&#8221;button_url&#8221; _module_preset=&#8221;default&#8221; global_colors_info=&#8221;{}&#8221;][\/et_pb_button][\/et_pb_column][\/et_pb_row][\/et_pb_section][et_pb_section fb_built=&#8221;1&#8243; disabled_on=&#8221;off|off|off&#8221; admin_label=&#8221;Section COL\u00b7LABORACI\u00d3&#8221; _builder_version=&#8221;4.27.5&#8243; width_tablet=&#8221;&#8221; width_phone=&#8221;&#8221; width_last_edited=&#8221;on|phone&#8221; custom_margin=&#8221;40px||40px||false|false&#8221; global_module=&#8221;2343&#8243; locked=&#8221;off&#8221; collapsed=&#8221;off&#8221; global_colors_info=&#8221;{}&#8221;][et_pb_row _builder_version=&#8221;4.27.5&#8243; custom_margin=&#8221;50px||30px||false|false&#8221; custom_margin_tablet=&#8221;&#8221; custom_margin_phone=&#8221;30px||30px||true|false&#8221; custom_margin_last_edited=&#8221;on|desktop&#8221; global_colors_info=&#8221;{}&#8221;][et_pb_column type=&#8221;4_4&#8243; _builder_version=&#8221;4.16&#8243; global_colors_info=&#8221;{}&#8221;][et_pb_text admin_label=&#8221;AMB LA COL\u00b7LABORACI\u00f3 DE&#8221; _builder_version=&#8221;4.27.5&#8243; header_text_align=&#8221;center&#8221; text_orientation=&#8221;center&#8221; global_colors_info=&#8221;{}&#8221;]<\/p>\n<h2 style=\"text-align: center\">Amb la col\u00b7laboraci\u00f3 de<\/h2>\n<p>[\/et_pb_text][\/et_pb_column][\/et_pb_row][et_pb_row column_structure=&#8221;1_5,1_5,1_5,1_5,1_5&#8243; disabled_on=&#8221;on|on|on&#8221; admin_label=&#8221;Row col\u00b7laboracions&#8221; _builder_version=&#8221;4.27.5&#8243; width_tablet=&#8221;&#8221; width_phone=&#8221;70%&#8221; width_last_edited=&#8221;on|desktop&#8221; custom_margin=&#8221;0px||0px||true|false&#8221; custom_margin_tablet=&#8221;0px||0px||true|false&#8221; custom_margin_phone=&#8221;0px||0px||false|false&#8221; custom_margin_last_edited=&#8221;on|phone&#8221; disabled=&#8221;on&#8221; locked=&#8221;off&#8221; global_colors_info=&#8221;{}&#8221;][et_pb_column type=&#8221;1_5&#8243; _builder_version=&#8221;4.16&#8243; global_colors_info=&#8221;{}&#8221;][et_pb_image src=&#8221;https:\/\/fundesplai.org\/marxa-per-la-pau\/wp-content\/uploads\/sites\/36\/2023\/07\/Logo-agencia-catalana-cooperacio-desenvolupament.webp&#8221; alt=&#8221;Logo agencia catalana cooperaci\u00f3 desenvolupament&#8221; title_text=&#8221;Logo agencia catalana cooperaci\u00f3 desenvolupament&#8221; _builder_version=&#8221;4.27.5&#8243; custom_margin=&#8221;10px|30px|10px|30px|false|true&#8221; global_colors_info=&#8221;{}&#8221;][\/et_pb_image][\/et_pb_column][et_pb_column type=&#8221;1_5&#8243; _builder_version=&#8221;4.16&#8243; global_colors_info=&#8221;{}&#8221;][et_pb_image src=&#8221;https:\/\/fundesplai.org\/marxa-per-la-pau\/wp-content\/uploads\/sites\/36\/2023\/07\/Logo_generalitat_catalunya.webp&#8221; alt=&#8221;Logo_generalitat_catalunya&#8221; title_text=&#8221;Logo_generalitat_catalunya&#8221; _builder_version=&#8221;4.27.4&#8243; custom_margin=&#8221;10px|30px|10px|30px|false|true&#8221; global_colors_info=&#8221;{}&#8221;][\/et_pb_image][\/et_pb_column][et_pb_column type=&#8221;1_5&#8243; _builder_version=&#8221;4.16&#8243; global_colors_info=&#8221;{}&#8221;][et_pb_image src=&#8221;https:\/\/fundesplai.org\/marxa-per-la-pau\/wp-content\/uploads\/sites\/36\/2023\/07\/Ajuntament-de-barcelona.webp&#8221; alt=&#8221;Logo de l&#8217;Ajuntament de Barcelona&#8221; title_text=&#8221;Ajuntament-de-barcelona&#8221; _builder_version=&#8221;4.27.4&#8243; custom_margin=&#8221;10px|30px|10px|30px|false|true&#8221; global_colors_info=&#8221;{}&#8221;][\/et_pb_image][\/et_pb_column][et_pb_column type=&#8221;1_5&#8243; _builder_version=&#8221;4.16&#8243; global_colors_info=&#8221;{}&#8221;][et_pb_image src=&#8221;https:\/\/fundesplai.org\/marxa-per-la-pau\/wp-content\/uploads\/sites\/36\/2023\/07\/Diputacio-de-barcelona.webp&#8221; title_text=&#8221;Diputacio-de-barcelona&#8221; _builder_version=&#8221;4.27.4&#8243; custom_margin=&#8221;10px|30px|10px|30px|false|true&#8221; global_colors_info=&#8221;{}&#8221;][\/et_pb_image][\/et_pb_column][et_pb_column type=&#8221;1_5&#8243; _builder_version=&#8221;4.16&#8243; global_colors_info=&#8221;{}&#8221;][et_pb_image src=&#8221;https:\/\/fundesplai.org\/marxa-per-la-pau\/wp-content\/uploads\/sites\/36\/2023\/07\/agenda2030_logo.webp&#8221; alt=&#8221;Logo de l&#8217;Agenda 2030 per a Catalunya&#8221; title_text=&#8221;agenda2030_logo&#8221; _builder_version=&#8221;4.27.4&#8243; custom_margin=&#8221;10px|30px|10px|30px|false|true&#8221; global_colors_info=&#8221;{}&#8221;][\/et_pb_image][\/et_pb_column][\/et_pb_row][et_pb_row column_structure=&#8221;1_4,1_4,1_4,1_4&#8243; disabled_on=&#8221;off|off|off&#8221; admin_label=&#8221;Row col\u00b7laboracions&#8221; _builder_version=&#8221;4.27.5&#8243; width_tablet=&#8221;&#8221; width_phone=&#8221;70%&#8221; width_last_edited=&#8221;on|desktop&#8221; custom_margin=&#8221;0px||0px||true|false&#8221; custom_margin_tablet=&#8221;0px||0px||true|false&#8221; custom_margin_phone=&#8221;0px||0px||false|false&#8221; custom_margin_last_edited=&#8221;on|phone&#8221; locked=&#8221;off&#8221; global_colors_info=&#8221;{}&#8221;][et_pb_column type=&#8221;1_4&#8243; _builder_version=&#8221;4.16&#8243; global_colors_info=&#8221;{}&#8221;][et_pb_image src=&#8221;https:\/\/fundesplai.org\/marxa-per-la-pau\/wp-content\/uploads\/sites\/36\/2026\/02\/logo-ponts-per-la-pau-web_a.png&#8221; alt=&#8221;Logo agencia catalana cooperaci\u00f3 desenvolupament&#8221; title_text=&#8221;logo-ponts-per-la-pau-web_a&#8221; admin_label=&#8221;Ponts Pau&#8221; _builder_version=&#8221;4.27.5&#8243; custom_margin=&#8221;10px||10px||false|true&#8221; global_colors_info=&#8221;{}&#8221;][\/et_pb_image][\/et_pb_column][et_pb_column type=&#8221;1_4&#8243; _builder_version=&#8221;4.16&#8243; global_colors_info=&#8221;{}&#8221;][et_pb_image src=&#8221;https:\/\/fundesplai.org\/marxa-per-la-pau\/wp-content\/uploads\/sites\/36\/2026\/02\/FUNDIPAU-logo_a.png&#8221; alt=&#8221;Logo_generalitat_catalunya&#8221; title_text=&#8221;FUNDIPAU logo_a&#8221; admin_label=&#8221;Fundipau&#8221; _builder_version=&#8221;4.27.5&#8243; custom_margin=&#8221;10px||10px||false|true&#8221; global_colors_info=&#8221;{}&#8221;][\/et_pb_image][\/et_pb_column][et_pb_column type=&#8221;1_4&#8243; _builder_version=&#8221;4.16&#8243; global_colors_info=&#8221;{}&#8221;][et_pb_image src=&#8221;https:\/\/fundesplai.org\/marxa-per-la-pau\/wp-content\/uploads\/sites\/36\/2026\/02\/logo-Federacio-Catalana-Esplai-2020-1.png&#8221; title_text=&#8221;logo-Federacio-Catalana-Esplai-2020&#8243; admin_label=&#8221;Fede&#8221; _builder_version=&#8221;4.27.5&#8243; custom_margin=&#8221;10px||10px||false|true&#8221; global_colors_info=&#8221;{}&#8221;][\/et_pb_image][\/et_pb_column][et_pb_column type=&#8221;1_4&#8243; _builder_version=&#8221;4.16&#8243; global_colors_info=&#8221;{}&#8221;][et_pb_image src=&#8221;https:\/\/fundesplai.org\/marxa-per-la-pau\/wp-content\/uploads\/sites\/36\/2026\/02\/Logo_parc_agrari_Baix-llobregat_a.png&#8221; alt=&#8221;Logo de l&#8217;Ajuntament de Barcelona&#8221; title_text=&#8221;Logo_parc_agrari_Baix llobregat_a&#8221; admin_label=&#8221;Parc Agrari&#8221; _builder_version=&#8221;4.27.5&#8243; custom_margin=&#8221;10px||10px||false|true&#8221; global_colors_info=&#8221;{}&#8221;][\/et_pb_image][\/et_pb_column][\/et_pb_row][et_pb_row column_structure=&#8221;1_3,1_3,1_3&#8243; disabled_on=&#8221;off|off|off&#8221; admin_label=&#8221;Row col\u00b7laboracions&#8221; _builder_version=&#8221;4.27.5&#8243; width_tablet=&#8221;&#8221; width_phone=&#8221;70%&#8221; width_last_edited=&#8221;on|desktop&#8221; custom_margin=&#8221;0px||0px||true|false&#8221; custom_margin_tablet=&#8221;0px||0px||true|false&#8221; custom_margin_phone=&#8221;100px||0px||false|false&#8221; custom_margin_last_edited=&#8221;on|phone&#8221; locked=&#8221;off&#8221; global_colors_info=&#8221;{}&#8221;][et_pb_column type=&#8221;1_3&#8243; _builder_version=&#8221;4.16&#8243; global_colors_info=&#8221;{}&#8221;][et_pb_image src=&#8221;https:\/\/fundesplai.org\/marxa-per-la-pau\/wp-content\/uploads\/sites\/36\/2026\/02\/SantBoi_Logo_a.png&#8221; title_text=&#8221;SantBoi_Logo_a&#8221; admin_label=&#8221;Aj Sant Boi&#8221; _builder_version=&#8221;4.27.5&#8243; custom_margin=&#8221;10px||10px||false|true&#8221; global_colors_info=&#8221;{}&#8221;][\/et_pb_image][\/et_pb_column][et_pb_column type=&#8221;1_3&#8243; _builder_version=&#8221;4.16&#8243; global_colors_info=&#8221;{}&#8221;][et_pb_image src=&#8221;https:\/\/fundesplai.org\/marxa-per-la-pau\/wp-content\/uploads\/sites\/36\/2026\/03\/fgc.jpg&#8221; alt=&#8221;logo ferrocarrils de la generalitat&#8221; title_text=&#8221;logo FGC&#8221; admin_label=&#8221;Ferrocarrils&#8221; _builder_version=&#8221;4.27.5&#8243; width=&#8221;50%&#8221; custom_margin=&#8221;10px||10px|40px|false|false&#8221; global_colors_info=&#8221;{}&#8221;][\/et_pb_image][\/et_pb_column][et_pb_column type=&#8221;1_3&#8243; _builder_version=&#8221;4.16&#8243; global_colors_info=&#8221;{}&#8221;][et_pb_image src=&#8221;https:\/\/fundesplai.org\/marxa-per-la-pau\/wp-content\/uploads\/sites\/36\/2026\/03\/Logo-Generalitat_petit.jpg&#8221; alt=&#8221;logo ferrocarrils de la generalitat&#8221; title_text=&#8221;Logo Generalitat_petit&#8221; admin_label=&#8221;Generalitat&#8221; _builder_version=&#8221;4.27.5&#8243; width=&#8221;50%&#8221; custom_margin=&#8221;10px||10px|40px|false|false&#8221; custom_padding=&#8221;20px||||false|false&#8221; global_colors_info=&#8221;{}&#8221;][\/et_pb_image][\/et_pb_column][\/et_pb_row][\/et_pb_section]<\/p>\n","protected":false},"excerpt":{"rendered":"<p>Vine a la marxa i ajudan&#8217;s a fer-ne difusi\u00f3. Com m\u00e9s persones siguem, m\u00e9s gran ser\u00e0 el nostre clam per la pau al m\u00f3n. Et pots decarregar aquest cartell i enviar-lo o penjar-lo all\u00e0 on vulguis. I recorda que per venir a la Marxa cal inscriure&#8217;s encara que sigui una activitat gratu\u00efta i oberta. Ens [&hellip;]<\/p>\n","protected":false},"author":3,"featured_media":0,"parent":0,"menu_order":0,"comment_status":"closed","ping_status":"closed","template":"","meta":{"_et_pb_use_builder":"on","_et_pb_old_content":"","_et_gb_content_width":"","footnotes":""},"class_list":["post-4017","page","type-page","status-publish","hentry"],"yoast_head":"<!-- This site is optimized with the Yoast SEO plugin v27.3 - https:\/\/yoast.com\/product\/yoast-seo-wordpress\/ -->\n<title>Cartell - Marxa per la Pau<\/title>\n<meta name=\"robots\" content=\"index, follow, max-snippet:-1, max-image-preview:large, max-video-preview:-1\" \/>\n<link rel=\"canonical\" href=\"https:\/\/fundesplai.org\/marxa-per-la-pau\/cartell\/\" \/>\n<meta property=\"og:locale\" content=\"ca_ES\" \/>\n<meta property=\"og:type\" content=\"article\" \/>\n<meta property=\"og:title\" content=\"Cartell - Marxa per la Pau\" \/>\n<meta property=\"og:description\" content=\"Vine a la marxa i ajudan&#039;s a fer-ne difusi\u00f3. Com m\u00e9s persones siguem, m\u00e9s gran ser\u00e0 el nostre clam per la pau al m\u00f3n. Et pots decarregar aquest cartell i enviar-lo o penjar-lo all\u00e0 on vulguis. I recorda que per venir a la Marxa cal inscriure&#039;s encara que sigui una activitat gratu\u00efta i oberta. Ens [&hellip;]\" \/>\n<meta property=\"og:url\" content=\"https:\/\/fundesplai.org\/marxa-per-la-pau\/cartell\/\" \/>\n<meta property=\"og:site_name\" content=\"Marxa per la Pau\" \/>\n<meta property=\"article:modified_time\" content=\"2026-03-19T12:13:02+00:00\" \/>\n<meta name=\"twitter:card\" content=\"summary_large_image\" \/>\n<meta name=\"twitter:label1\" content=\"Temps estimat de lectura\" \/>\n\t<meta name=\"twitter:data1\" content=\"4 minuts\" \/>\n<script type=\"application\/ld+json\" class=\"yoast-schema-graph\">{\"@context\":\"https:\\\/\\\/schema.org\",\"@graph\":[{\"@type\":\"WebPage\",\"@id\":\"https:\\\/\\\/fundesplai.org\\\/marxa-per-la-pau\\\/cartell\\\/\",\"url\":\"https:\\\/\\\/fundesplai.org\\\/marxa-per-la-pau\\\/cartell\\\/\",\"name\":\"Cartell - Marxa per la Pau\",\"isPartOf\":{\"@id\":\"https:\\\/\\\/fundesplai.org\\\/marxa-per-la-pau\\\/#website\"},\"datePublished\":\"2026-02-27T15:48:48+00:00\",\"dateModified\":\"2026-03-19T12:13:02+00:00\",\"breadcrumb\":{\"@id\":\"https:\\\/\\\/fundesplai.org\\\/marxa-per-la-pau\\\/cartell\\\/#breadcrumb\"},\"inLanguage\":\"ca\",\"potentialAction\":[{\"@type\":\"ReadAction\",\"target\":[\"https:\\\/\\\/fundesplai.org\\\/marxa-per-la-pau\\\/cartell\\\/\"]}]},{\"@type\":\"BreadcrumbList\",\"@id\":\"https:\\\/\\\/fundesplai.org\\\/marxa-per-la-pau\\\/cartell\\\/#breadcrumb\",\"itemListElement\":[{\"@type\":\"ListItem\",\"position\":1,\"name\":\"Inici\",\"item\":\"\\\/\"},{\"@type\":\"ListItem\",\"position\":2,\"name\":\"Marxa per la Pau\",\"item\":\"https:\\\/\\\/fundesplai.org\\\/marxa-per-la-pau\"},{\"@type\":\"ListItem\",\"position\":3,\"name\":\"Cartell\"}]},{\"@type\":\"WebSite\",\"@id\":\"https:\\\/\\\/fundesplai.org\\\/marxa-per-la-pau\\\/#website\",\"url\":\"https:\\\/\\\/fundesplai.org\\\/marxa-per-la-pau\\\/\",\"name\":\"Marxa per la Pau\",\"description\":\"\",\"potentialAction\":[{\"@type\":\"SearchAction\",\"target\":{\"@type\":\"EntryPoint\",\"urlTemplate\":\"https:\\\/\\\/fundesplai.org\\\/marxa-per-la-pau\\\/?s={search_term_string}\"},\"query-input\":{\"@type\":\"PropertyValueSpecification\",\"valueRequired\":true,\"valueName\":\"search_term_string\"}}],\"inLanguage\":\"ca\"}]}<\/script>\n<!-- \/ Yoast SEO plugin. -->","yoast_head_json":{"title":"Cartell - Marxa per la Pau","robots":{"index":"index","follow":"follow","max-snippet":"max-snippet:-1","max-image-preview":"max-image-preview:large","max-video-preview":"max-video-preview:-1"},"canonical":"https:\/\/fundesplai.org\/marxa-per-la-pau\/cartell\/","og_locale":"ca_ES","og_type":"article","og_title":"Cartell - Marxa per la Pau","og_description":"Vine a la marxa i ajudan's a fer-ne difusi\u00f3. Com m\u00e9s persones siguem, m\u00e9s gran ser\u00e0 el nostre clam per la pau al m\u00f3n. Et pots decarregar aquest cartell i enviar-lo o penjar-lo all\u00e0 on vulguis. I recorda que per venir a la Marxa cal inscriure's encara que sigui una activitat gratu\u00efta i oberta. Ens [&hellip;]","og_url":"https:\/\/fundesplai.org\/marxa-per-la-pau\/cartell\/","og_site_name":"Marxa per la Pau","article_modified_time":"2026-03-19T12:13:02+00:00","twitter_card":"summary_large_image","twitter_misc":{"Temps estimat de lectura":"4 minuts"},"schema":{"@context":"https:\/\/schema.org","@graph":[{"@type":"WebPage","@id":"https:\/\/fundesplai.org\/marxa-per-la-pau\/cartell\/","url":"https:\/\/fundesplai.org\/marxa-per-la-pau\/cartell\/","name":"Cartell - Marxa per la Pau","isPartOf":{"@id":"https:\/\/fundesplai.org\/marxa-per-la-pau\/#website"},"datePublished":"2026-02-27T15:48:48+00:00","dateModified":"2026-03-19T12:13:02+00:00","breadcrumb":{"@id":"https:\/\/fundesplai.org\/marxa-per-la-pau\/cartell\/#breadcrumb"},"inLanguage":"ca","potentialAction":[{"@type":"ReadAction","target":["https:\/\/fundesplai.org\/marxa-per-la-pau\/cartell\/"]}]},{"@type":"BreadcrumbList","@id":"https:\/\/fundesplai.org\/marxa-per-la-pau\/cartell\/#breadcrumb","itemListElement":[{"@type":"ListItem","position":1,"name":"Inici","item":"\/"},{"@type":"ListItem","position":2,"name":"Marxa per la Pau","item":"https:\/\/fundesplai.org\/marxa-per-la-pau"},{"@type":"ListItem","position":3,"name":"Cartell"}]},{"@type":"WebSite","@id":"https:\/\/fundesplai.org\/marxa-per-la-pau\/#website","url":"https:\/\/fundesplai.org\/marxa-per-la-pau\/","name":"Marxa per la Pau","description":"","potentialAction":[{"@type":"SearchAction","target":{"@type":"EntryPoint","urlTemplate":"https:\/\/fundesplai.org\/marxa-per-la-pau\/?s={search_term_string}"},"query-input":{"@type":"PropertyValueSpecification","valueRequired":true,"valueName":"search_term_string"}}],"inLanguage":"ca"}]}},"_links":{"self":[{"href":"https:\/\/fundesplai.org\/marxa-per-la-pau\/wp-json\/wp\/v2\/pages\/4017","targetHints":{"allow":["GET"]}}],"collection":[{"href":"https:\/\/fundesplai.org\/marxa-per-la-pau\/wp-json\/wp\/v2\/pages"}],"about":[{"href":"https:\/\/fundesplai.org\/marxa-per-la-pau\/wp-json\/wp\/v2\/types\/page"}],"author":[{"embeddable":true,"href":"https:\/\/fundesplai.org\/marxa-per-la-pau\/wp-json\/wp\/v2\/users\/3"}],"replies":[{"embeddable":true,"href":"https:\/\/fundesplai.org\/marxa-per-la-pau\/wp-json\/wp\/v2\/comments?post=4017"}],"version-history":[{"count":11,"href":"https:\/\/fundesplai.org\/marxa-per-la-pau\/wp-json\/wp\/v2\/pages\/4017\/revisions"}],"predecessor-version":[{"id":4121,"href":"https:\/\/fundesplai.org\/marxa-per-la-pau\/wp-json\/wp\/v2\/pages\/4017\/revisions\/4121"}],"wp:attachment":[{"href":"https:\/\/fundesplai.org\/marxa-per-la-pau\/wp-json\/wp\/v2\/media?parent=4017"}],"curies":[{"name":"wp","href":"https:\/\/api.w.org\/{rel}","templated":true}]}}