{"id":3482,"date":"2026-02-03T18:10:18","date_gmt":"2026-02-03T17:10:18","guid":{"rendered":"https:\/\/fundesplai.org\/marxa-per-la-pau\/?page_id=3482"},"modified":"2026-02-04T17:02:38","modified_gmt":"2026-02-04T16:02:38","slug":"manifest","status":"publish","type":"page","link":"https:\/\/fundesplai.org\/marxa-per-la-pau\/manifest\/","title":{"rendered":"Manifest"},"content":{"rendered":"<p>[et_pb_section fb_built=&#8221;1&#8243; _builder_version=&#8221;4.27.5&#8243; _module_preset=&#8221;default&#8221; global_colors_info=&#8221;{}&#8221;][et_pb_row _builder_version=&#8221;4.27.5&#8243; _module_preset=&#8221;default&#8221; width=&#8221;auto&#8221; width_tablet=&#8221;auto&#8221; width_phone=&#8221;80%&#8221; width_last_edited=&#8221;on|phone&#8221; global_colors_info=&#8221;{}&#8221;][et_pb_column type=&#8221;4_4&#8243; _builder_version=&#8221;4.27.5&#8243; _module_preset=&#8221;default&#8221; global_colors_info=&#8221;{}&#8221;][et_pb_text admin_label=&#8221;T\u00edtol Manifest&#8221; _builder_version=&#8221;4.27.5&#8243; _module_preset=&#8221;default&#8221; header_text_align=&#8221;center&#8221; text_orientation=&#8221;center&#8221; global_colors_info=&#8221;{}&#8221;]<\/p>\n<h2 style=\"text-align: center\">Manifest<\/h2>\n<p>[\/et_pb_text][\/et_pb_column][\/et_pb_row][et_pb_row _builder_version=&#8221;4.27.5&#8243; _module_preset=&#8221;default&#8221; global_colors_info=&#8221;{}&#8221;][et_pb_column type=&#8221;4_4&#8243; _builder_version=&#8221;4.27.5&#8243; _module_preset=&#8221;default&#8221; global_colors_info=&#8221;{}&#8221;][et_pb_text _builder_version=&#8221;4.27.5&#8243; _module_preset=&#8221;default&#8221; global_colors_info=&#8221;{}&#8221;]<\/p>\n<div id=\":ov\" class=\"Am aiL Al editable LW-avf tS-tW tS-tY\" role=\"textbox\" aria-label=\"Cos del missatge\" aria-controls=\":ym\" aria-expanded=\"false\">\n<p>Amb la Marxa per la Pau del 22 de mar\u00e7 de 2026 expressem col\u00b7lectivament el nostre comprom\u00eds amb un present i futur millor. Un present i un futur que volem construir des del respecte, la conviv\u00e8ncia i la just\u00edcia social.<\/p>\n<p>Reafirmem la voluntat de cr\u00e9ixer i viure en un m\u00f3n de pau, lliure de tota forma de viol\u00e8ncia, de conflictes armats, de por i d\u2019injust\u00edcies.<\/p>\n<p>Apostem per una societat on tots els drets humans siguin garantits, respectats i exercits per totes les persones.<\/p>\n<p>Reivindiquem un planeta sense contaminaci\u00f3, sostenible i saludable, on tothom tingui les mateixes oportunitats, sense exclusions ni desigualtats. Perqu\u00e8 sense just\u00edcia ambiental la Pau tampoc no \u00e9s possible.<\/p>\n<p>Manifestem tamb\u00e9 el nostre comprom\u00eds amb la inf\u00e0ncia: volem un m\u00f3n en qu\u00e8 els infants puguin cr\u00e9ixer amb seguretat, llibertat i esperan\u00e7a, i en qu\u00e8 puguin fer realitat els seus somnis sense cap mena de viol\u00e8ncia o discriminaci\u00f3.<\/p>\n<p>I reiterem, de manera clara i contundent, que aspirem a una societat sense assetjament, sense armes i sense corrupci\u00f3. Una societat que posa al centre la cura, la cooperaci\u00f3 i la construcci\u00f3 col\u00b7lectiva d\u2019un present i un futur m\u00e9s just i en pau.<\/p>\n<p>La Marxa per la Pau \u00e9s un acte simb\u00f2lic per reafirmar que la pau \u00e9s una tasca di\u00e0ria i compartida.<\/p>\n<p>Continuem treballant, des d\u2019avui i cada dia, per fer possible aquest present i aquest futur de pau que anhelem.<\/p>\n<p>Comprometem-nos amb la pau, suma&#8217;t al comprom\u00eds!<\/p>\n<\/div>\n<p>&nbsp;<\/p>\n<p><em>Fundesplai, febrer 2026<\/em><\/p>\n<p><em>Aquesta iniciativa s\u2019emmarca en la proposta educativa <\/em><a href=\"https:\/\/fundesplai.org\/amb-veu-i-en-peu\/es\/\"><em>\u201cAmb Veu i en Peu\u201d.<\/em><\/a><\/p>\n<p>[\/et_pb_text][\/et_pb_column][\/et_pb_row][et_pb_row admin_label=&#8221;Row QU\u00c8 \u00c9S?&#8221; _builder_version=&#8221;4.16&#8243; custom_margin=&#8221;50px||50px||true|false&#8221; custom_margin_tablet=&#8221;20px||20px||true|false&#8221; custom_margin_phone=&#8221;10px||10px||true|false&#8221; custom_margin_last_edited=&#8221;on|desktop&#8221; locked=&#8221;off&#8221; global_colors_info=&#8221;{}&#8221;][et_pb_column type=&#8221;4_4&#8243; _builder_version=&#8221;4.16&#8243; global_colors_info=&#8221;{}&#8221;][et_pb_button button_url=&#8221;@ET-DC@eyJkeW5hbWljIjp0cnVlLCJjb250ZW50IjoicG9zdF9saW5rX3VybF9wYWdlIiwic2V0dGluZ3MiOnsicG9zdF9pZCI6IjE4IiwiZW5hYmxlX2h0bWwiOiJvZmYifX0=@&#8221; button_text=&#8221;Acompanya&#8217;ns a la marxa el 22 de mar\u00e7&#8221; button_alignment=&#8221;center&#8221; disabled_on=&#8221;off|off|off&#8221; admin_label=&#8221;Button %22vine a caminar per la pau%22&#8243; _builder_version=&#8221;4.27.5&#8243; _dynamic_attributes=&#8221;button_url&#8221; custom_margin=&#8221;30px||30px||true|false&#8221; custom_margin_tablet=&#8221;&#8221; custom_margin_phone=&#8221;&#8221; custom_margin_last_edited=&#8221;on|desktop&#8221; global_colors_info=&#8221;{}&#8221;][\/et_pb_button][et_pb_text admin_label=&#8221;Caminem per la Pau&#8221; _builder_version=&#8221;4.27.5&#8243; text_font_size=&#8221;22px&#8221; global_colors_info=&#8221;{}&#8221;]<\/p>\n<p style=\"text-align: center\"><strong>Fes c\u00f3rrer la veu i vine a caminar per la pau!<\/strong><\/p>\n<p>[\/et_pb_text][\/et_pb_column][\/et_pb_row][\/et_pb_section][et_pb_section fb_built=&#8221;1&#8243; disabled_on=&#8221;off|off|off&#8221; admin_label=&#8221;Section ITINERARIS&#8221; _builder_version=&#8221;4.27.5&#8243; custom_margin=&#8221;50px||||false|false&#8221; custom_margin_tablet=&#8221;50px||||false|false&#8221; custom_margin_phone=&#8221;40px||||false|false&#8221; custom_margin_last_edited=&#8221;on|desktop&#8221; global_module=&#8221;3680&#8243; saved_tabs=&#8221;all&#8221; locked=&#8221;off&#8221; collapsed=&#8221;off&#8221; global_colors_info=&#8221;{}&#8221;][et_pb_row _builder_version=&#8221;4.27.5&#8243; width=&#8221;auto&#8221; width_tablet=&#8221;auto&#8221; width_phone=&#8221;80%&#8221; width_last_edited=&#8221;on|phone&#8221; module_alignment=&#8221;center&#8221; custom_margin=&#8221;0px||0px||false|false&#8221; custom_margin_tablet=&#8221;0px||0px||false|false&#8221; custom_margin_phone=&#8221;0px||0px||false|false&#8221; custom_margin_last_edited=&#8221;on|phone&#8221; locked=&#8221;off&#8221; global_colors_info=&#8221;{}&#8221;][et_pb_column type=&#8221;4_4&#8243; _builder_version=&#8221;4.16&#8243; global_colors_info=&#8221;{}&#8221;][et_pb_text admin_label=&#8221;Els itineraris&#8221; _builder_version=&#8221;4.27.5&#8243; header_text_align=&#8221;center&#8221; text_orientation=&#8221;center&#8221; global_colors_info=&#8221;{}&#8221;]<\/p>\n<h2 style=\"text-align: center\">Els itineraris<\/h2>\n<p>[\/et_pb_text][\/et_pb_column][\/et_pb_row][et_pb_row column_structure=&#8221;1_4,1_4,1_4,1_4&#8243; make_equal=&#8221;on&#8221; _builder_version=&#8221;4.27.5&#8243; background_image=&#8221;https:\/\/fundesplai.org\/mcm\/wp-content\/uploads\/sites\/25\/2021\/08\/eix-animacio-Fundesplai-proposta-alimentacio.jpg&#8221; width=&#8221;100%&#8221; width_tablet=&#8221;100%&#8221; width_phone=&#8221;80%&#8221; width_last_edited=&#8221;on|desktop&#8221; max_width=&#8221;2559px&#8221; custom_margin=&#8221;0px||0px||false|false&#8221; custom_margin_tablet=&#8221;0px||0px||false|false&#8221; custom_margin_phone=&#8221;0px||0px||false|false&#8221; custom_margin_last_edited=&#8221;on|phone&#8221; locked=&#8221;off&#8221; global_colors_info=&#8221;{}&#8221;][et_pb_column type=&#8221;1_4&#8243; _builder_version=&#8221;4.27.5&#8243; background_enable_image=&#8221;off&#8221; global_colors_info=&#8221;{}&#8221;][et_pb_image src=&#8221;https:\/\/fundesplai.org\/marxa-per-la-pau\/wp-content\/uploads\/sites\/36\/2026\/02\/Pont-del-diable-Martorell.png&#8221; title_text=&#8221;Pont del diable Martorell&#8221; align=&#8221;center&#8221; _builder_version=&#8221;4.27.5&#8243; _module_preset=&#8221;default&#8221; width_tablet=&#8221;&#8221; width_phone=&#8221;80%&#8221; width_last_edited=&#8221;on|phone&#8221; global_colors_info=&#8221;{}&#8221;][\/et_pb_image][et_pb_text admin_label=&#8221;Martorell&#8221; _builder_version=&#8221;4.27.5&#8243; _module_preset=&#8221;default&#8221; global_colors_info=&#8221;{}&#8221;]<\/p>\n<p style=\"text-align: center\"><strong>Itinerari 1<\/strong><br \/><a href=\"https:\/\/fundesplai.org\/marxa-per-la-pau\/itineraris\/#1\"><strong>Martorell &#8211; Sant Boi<\/strong><\/a><br \/><strong>18,6 Km<\/strong><\/p>\n<p>[\/et_pb_text][\/et_pb_column][et_pb_column type=&#8221;1_4&#8243; _builder_version=&#8221;4.27.5&#8243; background_enable_image=&#8221;off&#8221; global_colors_info=&#8221;{}&#8221;][et_pb_image src=&#8221;https:\/\/fundesplai.org\/marxa-per-la-pau\/wp-content\/uploads\/sites\/36\/2026\/02\/Castell-de-Palleja.png&#8221; title_text=&#8221;Castell de Pallej\u00e0&#8221; align=&#8221;center&#8221; _builder_version=&#8221;4.27.5&#8243; _module_preset=&#8221;default&#8221; global_colors_info=&#8221;{}&#8221;][\/et_pb_image][et_pb_text admin_label=&#8221;Pallej\u00e0&#8221; _builder_version=&#8221;4.27.5&#8243; _module_preset=&#8221;default&#8221; global_colors_info=&#8221;{}&#8221;]<\/p>\n<p style=\"text-align: center\"><strong>Itinerari 2<\/strong><br \/><a href=\"https:\/\/fundesplai.org\/marxa-per-la-pau\/itineraris\/\"><strong>Pallej\u00e0 &#8211; Sant Boi<\/strong><\/a><br \/><strong>11 Km<\/strong><\/p>\n<p>[\/et_pb_text][\/et_pb_column][et_pb_column type=&#8221;1_4&#8243; _builder_version=&#8221;4.27.5&#8243; background_enable_image=&#8221;off&#8221; global_colors_info=&#8221;{}&#8221;][et_pb_image src=&#8221;https:\/\/fundesplai.org\/marxa-per-la-pau\/wp-content\/uploads\/sites\/36\/2026\/02\/Parc-del-Riu-El-Prat-de-Llobregat.png&#8221; title_text=&#8221;Parc del Riu &#8211; El Prat de Llobregat&#8221; align=&#8221;center&#8221; _builder_version=&#8221;4.27.5&#8243; _module_preset=&#8221;default&#8221; global_colors_info=&#8221;{}&#8221;][\/et_pb_image][et_pb_text admin_label=&#8221;El Prat&#8221; _builder_version=&#8221;4.27.5&#8243; _module_preset=&#8221;default&#8221; global_colors_info=&#8221;{}&#8221;]<\/p>\n<p style=\"text-align: center\"><strong>Itinerari 3<\/strong><br \/><a href=\"https:\/\/fundesplai.org\/marxa-per-la-pau\/itineraris\/#3\"><strong>El Prat &#8211; Sant Boi<\/strong><\/a><br \/><strong>7,3 Km<\/strong><\/p>\n<p>[\/et_pb_text][\/et_pb_column][et_pb_column type=&#8221;1_4&#8243; _builder_version=&#8221;4.27.5&#8243; background_enable_image=&#8221;off&#8221; global_colors_info=&#8221;{}&#8221;][et_pb_image src=&#8221;https:\/\/fundesplai.org\/marxa-per-la-pau\/wp-content\/uploads\/sites\/36\/2026\/02\/Club-dEsplai-Bellvitge.png&#8221; title_text=&#8221;Club d&#8217;Esplai Bellvitge&#8221; align=&#8221;center&#8221; _builder_version=&#8221;4.27.5&#8243; _module_preset=&#8221;default&#8221; global_colors_info=&#8221;{}&#8221;][\/et_pb_image][et_pb_text admin_label=&#8221;Bellvitge&#8221; _builder_version=&#8221;4.27.5&#8243; _module_preset=&#8221;default&#8221; global_colors_info=&#8221;{}&#8221;]<\/p>\n<p style=\"text-align: center\"><strong>Itinerari 4<\/strong><br \/><a href=\"https:\/\/fundesplai.org\/marxa-per-la-pau\/itineraris\/#4\"><strong>L&#8217;Hospitalet &#8211; Sant Boi<\/strong><\/a><br \/><strong>7,2 Km<\/strong><\/p>\n<p>[\/et_pb_text][\/et_pb_column][\/et_pb_row][et_pb_row disabled_on=&#8221;on|off|off&#8221; _builder_version=&#8221;4.27.5&#8243; width=&#8221;auto&#8221; width_tablet=&#8221;auto&#8221; width_phone=&#8221;80%&#8221; width_last_edited=&#8221;on|phone&#8221; module_alignment=&#8221;center&#8221; custom_margin=&#8221;50px||50px||true|false&#8221; custom_margin_tablet=&#8221;&#8221; custom_margin_phone=&#8221;10px||10px||false|false&#8221; custom_margin_last_edited=&#8221;on|phone&#8221; locked=&#8221;off&#8221; global_colors_info=&#8221;{}&#8221;][et_pb_column type=&#8221;4_4&#8243; _builder_version=&#8221;4.16&#8243; global_colors_info=&#8221;{}&#8221;][et_pb_button button_url=&#8221;@ET-DC@eyJkeW5hbWljIjp0cnVlLCJjb250ZW50IjoicG9zdF9saW5rX3VybF9wYWdlIiwic2V0dGluZ3MiOnsicG9zdF9pZCI6IjM0NTAiLCJlbmFibGVfaHRtbCI6Im9mZiJ9fQ==@&#8221; button_text=&#8221;Tria l&#8217;itinerari que m\u00e9s et convingui&#8221; button_alignment=&#8221;center&#8221; _builder_version=&#8221;4.27.5&#8243; _dynamic_attributes=&#8221;button_url&#8221; _module_preset=&#8221;default&#8221; global_colors_info=&#8221;{}&#8221;][\/et_pb_button][\/et_pb_column][\/et_pb_row][\/et_pb_section][et_pb_section fb_built=&#8221;1&#8243; disabled_on=&#8221;off|off|off&#8221; admin_label=&#8221;Section COL\u00b7LABORACI\u00d3&#8221; _builder_version=&#8221;4.27.5&#8243; width_tablet=&#8221;&#8221; width_phone=&#8221;&#8221; width_last_edited=&#8221;on|phone&#8221; custom_margin=&#8221;40px||40px||false|false&#8221; global_module=&#8221;2343&#8243; locked=&#8221;off&#8221; collapsed=&#8221;on&#8221; global_colors_info=&#8221;{}&#8221;][et_pb_row _builder_version=&#8221;4.27.5&#8243; custom_margin=&#8221;50px||30px||false|false&#8221; custom_margin_tablet=&#8221;&#8221; custom_margin_phone=&#8221;30px||30px||true|false&#8221; custom_margin_last_edited=&#8221;on|desktop&#8221; global_colors_info=&#8221;{}&#8221;][et_pb_column type=&#8221;4_4&#8243; _builder_version=&#8221;4.16&#8243; global_colors_info=&#8221;{}&#8221;][et_pb_text admin_label=&#8221;AMB LA COL\u00b7LABORACI\u00f3 DE&#8221; _builder_version=&#8221;4.27.5&#8243; header_text_align=&#8221;center&#8221; text_orientation=&#8221;center&#8221; global_colors_info=&#8221;{}&#8221;]<\/p>\n<h2 style=\"text-align: center\">Amb la col\u00b7laboraci\u00f3 de<\/h2>\n<p>[\/et_pb_text][\/et_pb_column][\/et_pb_row][et_pb_row column_structure=&#8221;1_5,1_5,1_5,1_5,1_5&#8243; admin_label=&#8221;Row col\u00b7laboracions&#8221; _builder_version=&#8221;4.27.5&#8243; width_tablet=&#8221;&#8221; width_phone=&#8221;70%&#8221; width_last_edited=&#8221;on|desktop&#8221; custom_margin=&#8221;0px||0px||true|false&#8221; custom_margin_tablet=&#8221;0px||0px||true|false&#8221; custom_margin_phone=&#8221;0px||0px||false|false&#8221; custom_margin_last_edited=&#8221;on|phone&#8221; locked=&#8221;off&#8221; global_colors_info=&#8221;{}&#8221;][et_pb_column type=&#8221;1_5&#8243; _builder_version=&#8221;4.16&#8243; global_colors_info=&#8221;{}&#8221;][et_pb_image src=&#8221;https:\/\/fundesplai.org\/marxa-per-la-pau\/wp-content\/uploads\/sites\/36\/2023\/07\/Logo-agencia-catalana-cooperacio-desenvolupament.webp&#8221; alt=&#8221;Logo agencia catalana cooperaci\u00f3 desenvolupament&#8221; title_text=&#8221;Logo agencia catalana cooperaci\u00f3 desenvolupament&#8221; _builder_version=&#8221;4.27.5&#8243; custom_margin=&#8221;10px|30px|10px|30px|false|true&#8221; global_colors_info=&#8221;{}&#8221;][\/et_pb_image][\/et_pb_column][et_pb_column type=&#8221;1_5&#8243; _builder_version=&#8221;4.16&#8243; global_colors_info=&#8221;{}&#8221;][et_pb_image src=&#8221;https:\/\/fundesplai.org\/marxa-per-la-pau\/wp-content\/uploads\/sites\/36\/2023\/07\/Logo_generalitat_catalunya.webp&#8221; alt=&#8221;Logo_generalitat_catalunya&#8221; title_text=&#8221;Logo_generalitat_catalunya&#8221; _builder_version=&#8221;4.27.4&#8243; custom_margin=&#8221;10px|30px|10px|30px|false|true&#8221; global_colors_info=&#8221;{}&#8221;][\/et_pb_image][\/et_pb_column][et_pb_column type=&#8221;1_5&#8243; _builder_version=&#8221;4.16&#8243; global_colors_info=&#8221;{}&#8221;][et_pb_image src=&#8221;https:\/\/fundesplai.org\/marxa-per-la-pau\/wp-content\/uploads\/sites\/36\/2023\/07\/Ajuntament-de-barcelona.webp&#8221; alt=&#8221;Logo de l&#8217;Ajuntament de Barcelona&#8221; title_text=&#8221;Ajuntament-de-barcelona&#8221; _builder_version=&#8221;4.27.4&#8243; custom_margin=&#8221;10px|30px|10px|30px|false|true&#8221; global_colors_info=&#8221;{}&#8221;][\/et_pb_image][\/et_pb_column][et_pb_column type=&#8221;1_5&#8243; _builder_version=&#8221;4.16&#8243; global_colors_info=&#8221;{}&#8221;][et_pb_image src=&#8221;https:\/\/fundesplai.org\/marxa-per-la-pau\/wp-content\/uploads\/sites\/36\/2023\/07\/Diputacio-de-barcelona.webp&#8221; title_text=&#8221;Diputacio-de-barcelona&#8221; _builder_version=&#8221;4.27.4&#8243; custom_margin=&#8221;10px|30px|10px|30px|false|true&#8221; global_colors_info=&#8221;{}&#8221;][\/et_pb_image][\/et_pb_column][et_pb_column type=&#8221;1_5&#8243; _builder_version=&#8221;4.16&#8243; global_colors_info=&#8221;{}&#8221;][et_pb_image src=&#8221;https:\/\/fundesplai.org\/marxa-per-la-pau\/wp-content\/uploads\/sites\/36\/2023\/07\/agenda2030_logo.webp&#8221; alt=&#8221;Logo de l&#8217;Agenda 2030 per a Catalunya&#8221; title_text=&#8221;agenda2030_logo&#8221; _builder_version=&#8221;4.27.4&#8243; custom_margin=&#8221;10px|30px|10px|30px|false|true&#8221; global_colors_info=&#8221;{}&#8221;][\/et_pb_image][\/et_pb_column][\/et_pb_row][\/et_pb_section]<\/p>\n","protected":false},"excerpt":{"rendered":"<p>Manifest Amb la Marxa per la Pau del 22 de mar\u00e7 de 2026 expressem col\u00b7lectivament el nostre comprom\u00eds amb un present i futur millor. Un present i un futur que volem construir des del respecte, la conviv\u00e8ncia i la just\u00edcia social. Reafirmem la voluntat de cr\u00e9ixer i viure en un m\u00f3n de pau, lliure de [&hellip;]<\/p>\n","protected":false},"author":3,"featured_media":0,"parent":0,"menu_order":0,"comment_status":"closed","ping_status":"closed","template":"","meta":{"_et_pb_use_builder":"on","_et_pb_old_content":"","_et_gb_content_width":"","footnotes":""},"class_list":["post-3482","page","type-page","status-publish","hentry"],"yoast_head":"<!-- This site is optimized with the Yoast SEO plugin v27.3 - https:\/\/yoast.com\/product\/yoast-seo-wordpress\/ -->\n<title>Manifest - Marxa per la Pau<\/title>\n<meta name=\"robots\" content=\"index, follow, max-snippet:-1, max-image-preview:large, max-video-preview:-1\" \/>\n<link rel=\"canonical\" href=\"https:\/\/fundesplai.org\/marxa-per-la-pau\/manifest\/\" \/>\n<meta property=\"og:locale\" content=\"ca_ES\" \/>\n<meta property=\"og:type\" content=\"article\" \/>\n<meta property=\"og:title\" content=\"Manifest - Marxa per la Pau\" \/>\n<meta property=\"og:description\" content=\"Manifest Amb la Marxa per la Pau del 22 de mar\u00e7 de 2026 expressem col\u00b7lectivament el nostre comprom\u00eds amb un present i futur millor. Un present i un futur que volem construir des del respecte, la conviv\u00e8ncia i la just\u00edcia social. Reafirmem la voluntat de cr\u00e9ixer i viure en un m\u00f3n de pau, lliure de [&hellip;]\" \/>\n<meta property=\"og:url\" content=\"https:\/\/fundesplai.org\/marxa-per-la-pau\/manifest\/\" \/>\n<meta property=\"og:site_name\" content=\"Marxa per la Pau\" \/>\n<meta property=\"article:modified_time\" content=\"2026-02-04T16:02:38+00:00\" \/>\n<meta name=\"twitter:card\" content=\"summary_large_image\" \/>\n<meta name=\"twitter:label1\" content=\"Temps estimat de lectura\" \/>\n\t<meta name=\"twitter:data1\" content=\"4 minuts\" \/>\n<script type=\"application\/ld+json\" class=\"yoast-schema-graph\">{\"@context\":\"https:\\\/\\\/schema.org\",\"@graph\":[{\"@type\":\"WebPage\",\"@id\":\"https:\\\/\\\/fundesplai.org\\\/marxa-per-la-pau\\\/manifest\\\/\",\"url\":\"https:\\\/\\\/fundesplai.org\\\/marxa-per-la-pau\\\/manifest\\\/\",\"name\":\"Manifest - Marxa per la Pau\",\"isPartOf\":{\"@id\":\"https:\\\/\\\/fundesplai.org\\\/marxa-per-la-pau\\\/#website\"},\"datePublished\":\"2026-02-03T17:10:18+00:00\",\"dateModified\":\"2026-02-04T16:02:38+00:00\",\"breadcrumb\":{\"@id\":\"https:\\\/\\\/fundesplai.org\\\/marxa-per-la-pau\\\/manifest\\\/#breadcrumb\"},\"inLanguage\":\"ca\",\"potentialAction\":[{\"@type\":\"ReadAction\",\"target\":[\"https:\\\/\\\/fundesplai.org\\\/marxa-per-la-pau\\\/manifest\\\/\"]}]},{\"@type\":\"BreadcrumbList\",\"@id\":\"https:\\\/\\\/fundesplai.org\\\/marxa-per-la-pau\\\/manifest\\\/#breadcrumb\",\"itemListElement\":[{\"@type\":\"ListItem\",\"position\":1,\"name\":\"Inici\",\"item\":\"\\\/\"},{\"@type\":\"ListItem\",\"position\":2,\"name\":\"Marxa per la Pau\",\"item\":\"https:\\\/\\\/fundesplai.org\\\/marxa-per-la-pau\"},{\"@type\":\"ListItem\",\"position\":3,\"name\":\"Manifest\"}]},{\"@type\":\"WebSite\",\"@id\":\"https:\\\/\\\/fundesplai.org\\\/marxa-per-la-pau\\\/#website\",\"url\":\"https:\\\/\\\/fundesplai.org\\\/marxa-per-la-pau\\\/\",\"name\":\"Marxa per la Pau\",\"description\":\"\",\"potentialAction\":[{\"@type\":\"SearchAction\",\"target\":{\"@type\":\"EntryPoint\",\"urlTemplate\":\"https:\\\/\\\/fundesplai.org\\\/marxa-per-la-pau\\\/?s={search_term_string}\"},\"query-input\":{\"@type\":\"PropertyValueSpecification\",\"valueRequired\":true,\"valueName\":\"search_term_string\"}}],\"inLanguage\":\"ca\"}]}<\/script>\n<!-- \/ Yoast SEO plugin. -->","yoast_head_json":{"title":"Manifest - Marxa per la Pau","robots":{"index":"index","follow":"follow","max-snippet":"max-snippet:-1","max-image-preview":"max-image-preview:large","max-video-preview":"max-video-preview:-1"},"canonical":"https:\/\/fundesplai.org\/marxa-per-la-pau\/manifest\/","og_locale":"ca_ES","og_type":"article","og_title":"Manifest - Marxa per la Pau","og_description":"Manifest Amb la Marxa per la Pau del 22 de mar\u00e7 de 2026 expressem col\u00b7lectivament el nostre comprom\u00eds amb un present i futur millor. Un present i un futur que volem construir des del respecte, la conviv\u00e8ncia i la just\u00edcia social. Reafirmem la voluntat de cr\u00e9ixer i viure en un m\u00f3n de pau, lliure de [&hellip;]","og_url":"https:\/\/fundesplai.org\/marxa-per-la-pau\/manifest\/","og_site_name":"Marxa per la Pau","article_modified_time":"2026-02-04T16:02:38+00:00","twitter_card":"summary_large_image","twitter_misc":{"Temps estimat de lectura":"4 minuts"},"schema":{"@context":"https:\/\/schema.org","@graph":[{"@type":"WebPage","@id":"https:\/\/fundesplai.org\/marxa-per-la-pau\/manifest\/","url":"https:\/\/fundesplai.org\/marxa-per-la-pau\/manifest\/","name":"Manifest - Marxa per la Pau","isPartOf":{"@id":"https:\/\/fundesplai.org\/marxa-per-la-pau\/#website"},"datePublished":"2026-02-03T17:10:18+00:00","dateModified":"2026-02-04T16:02:38+00:00","breadcrumb":{"@id":"https:\/\/fundesplai.org\/marxa-per-la-pau\/manifest\/#breadcrumb"},"inLanguage":"ca","potentialAction":[{"@type":"ReadAction","target":["https:\/\/fundesplai.org\/marxa-per-la-pau\/manifest\/"]}]},{"@type":"BreadcrumbList","@id":"https:\/\/fundesplai.org\/marxa-per-la-pau\/manifest\/#breadcrumb","itemListElement":[{"@type":"ListItem","position":1,"name":"Inici","item":"\/"},{"@type":"ListItem","position":2,"name":"Marxa per la Pau","item":"https:\/\/fundesplai.org\/marxa-per-la-pau"},{"@type":"ListItem","position":3,"name":"Manifest"}]},{"@type":"WebSite","@id":"https:\/\/fundesplai.org\/marxa-per-la-pau\/#website","url":"https:\/\/fundesplai.org\/marxa-per-la-pau\/","name":"Marxa per la Pau","description":"","potentialAction":[{"@type":"SearchAction","target":{"@type":"EntryPoint","urlTemplate":"https:\/\/fundesplai.org\/marxa-per-la-pau\/?s={search_term_string}"},"query-input":{"@type":"PropertyValueSpecification","valueRequired":true,"valueName":"search_term_string"}}],"inLanguage":"ca"}]}},"_links":{"self":[{"href":"https:\/\/fundesplai.org\/marxa-per-la-pau\/wp-json\/wp\/v2\/pages\/3482","targetHints":{"allow":["GET"]}}],"collection":[{"href":"https:\/\/fundesplai.org\/marxa-per-la-pau\/wp-json\/wp\/v2\/pages"}],"about":[{"href":"https:\/\/fundesplai.org\/marxa-per-la-pau\/wp-json\/wp\/v2\/types\/page"}],"author":[{"embeddable":true,"href":"https:\/\/fundesplai.org\/marxa-per-la-pau\/wp-json\/wp\/v2\/users\/3"}],"replies":[{"embeddable":true,"href":"https:\/\/fundesplai.org\/marxa-per-la-pau\/wp-json\/wp\/v2\/comments?post=3482"}],"version-history":[{"count":25,"href":"https:\/\/fundesplai.org\/marxa-per-la-pau\/wp-json\/wp\/v2\/pages\/3482\/revisions"}],"predecessor-version":[{"id":3858,"href":"https:\/\/fundesplai.org\/marxa-per-la-pau\/wp-json\/wp\/v2\/pages\/3482\/revisions\/3858"}],"wp:attachment":[{"href":"https:\/\/fundesplai.org\/marxa-per-la-pau\/wp-json\/wp\/v2\/media?parent=3482"}],"curies":[{"name":"wp","href":"https:\/\/api.w.org\/{rel}","templated":true}]}}