{"id":16,"date":"2019-07-17T14:48:58","date_gmt":"2019-07-17T12:48:58","guid":{"rendered":"http:\/\/projectes.fundesplai.org\/nusos\/?page_id=16"},"modified":"2026-01-09T12:57:32","modified_gmt":"2026-01-09T11:57:32","slug":"quadern-pedagogic","status":"publish","type":"page","link":"https:\/\/fundesplai.org\/marxa-per-la-pau\/quadern-pedagogic\/","title":{"rendered":"Quadern pedag\u00f2gic"},"content":{"rendered":"<p>[et_pb_section fb_built=&#8221;1&#8243; _builder_version=&#8221;4.16&#8243; global_colors_info=&#8221;{}&#8221;][et_pb_row _builder_version=&#8221;4.16&#8243; module_alignment=&#8221;center&#8221; custom_margin=&#8221;0px||0px||true|false&#8221; custom_margin_phone=&#8221;0px||50px||false|false&#8221; custom_margin_last_edited=&#8221;off|desktop&#8221; global_colors_info=&#8221;{}&#8221;][et_pb_column type=&#8221;4_4&#8243; _builder_version=&#8221;4.16&#8243; global_colors_info=&#8221;{}&#8221;][et_pb_text _builder_version=&#8221;4.27.4&#8243; custom_margin=&#8221;50px||50px||true|false&#8221; custom_margin_tablet=&#8221;&#8221; custom_margin_phone=&#8221;30px||30px||true|false&#8221; custom_margin_last_edited=&#8221;on|phone&#8221; global_colors_info=&#8221;{}&#8221;]<\/p>\n<h2 style=\"text-align: center\">Quadern pedag\u00f2gic<\/h2>\n<p>[\/et_pb_text][et_pb_text admin_label=&#8221;Finestra visualitzaci\u00f3 PDF&#8221; _builder_version=&#8221;4.27.4&#8243; text_orientation=&#8221;center&#8221; module_alignment=&#8221;center&#8221; custom_margin=&#8221;20px||30px||false|false&#8221; custom_margin_tablet=&#8221;&#8221; custom_margin_phone=&#8221;20px||30px||false|false&#8221; custom_margin_last_edited=&#8221;on|desktop&#8221; global_colors_info=&#8221;{}&#8221;]<\/p>\n<div style=\"display:block\">\n<!-- FlowPaper PDF flipbook plugin v.2.0.6 wordpress.org\/plugins\/flowpaper\/ -->\n<iframe title=\"FlowPaper flipbook pdf viewer\" width=\"100%\" height=\"500\" scrolling=\"no\" class=\"flowpaper-class\" frameborder=\"0\" allowFullScreen=\"true\" lightbox=\"false\" cover id src = \"https:\/\/flowpaper.com\/flipbook\/?pdf=https:\/\/fundesplai.org\/marxa-per-la-pau\/wp-content\/uploads\/sites\/36\/2025\/07\/AmbVeuEnPeu_proposta_Fundesplai_2025.pdf?wp-hosted=1&title=&header=&theme=&singlepage=&thumbs=1&modified=2601091257\" seamless=\"seamless\" style=\"margin-bottom:0;display:block;\">Your browser does not seem to support iframes. <a href=\"https:\/\/flowpaper.com\/flipbook\/?pdf=https:\/\/fundesplai.org\/marxa-per-la-pau\/wp-content\/uploads\/sites\/36\/2025\/07\/AmbVeuEnPeu_proposta_Fundesplai_2025.pdf?wp-hosted=1\" target=\"_blank\">Click here to read this PDF<\/a>.<\/iframe>\n<div id=\"flowpaper-logo-bottom\" class=\"flowpaper-logo-bg\" style=\"background:linear-gradient(to right, rgba(0,0,0,0.65) 0%,rgba(0,0,0,0) 200px);width:100%;height:19px; padding-bottom: 1px; padding-left: 5px; padding-right: 10px; display: flex; align-items: center;z-index:9999\"><span style=\"height: 37px; padding-left: 6px;width:90%\"> <a id=\"flowpaper-link\" style=\"fill: #fff\" alt=\"FlowPaper logotype\" title=\"FlowPaper logotype\" href=\"https:\/\/flowpaper.com\" target=\"_blank\"> <img decoding=\"async\" alt=\"Publish PDF flipbooks online\" style=\"height:17px;width:auto;margin-top:11px;\" src=\"https:\/\/fundesplai.org\/marxa-per-la-pau\/wp-content\/plugins\/flowpaper-lite-pdf-flipbook\/assets\/flowpaper-logo.png\" border=\"0\"> <\/a> <\/span><span style=\" float: right; right: 0; font-size: 10px; white-space: nowrap; opacity:0.8\"><a href=\"https:\/\/flowpaper.com\/flipbook-maker\/\" target=\"_new\" style=\"text-decoration:none;border-bottom:none;\">Created using FlowPaper Flipbook Maker &#8599;<\/a><\/span><\/div><\/div>\r\n                <script>\r\n                document.addEventListener(\"DOMContentLoaded\", function(){\r\n                    var target_element, iframe_element;\r\n                    iframe_element = document.querySelector(\"iframe.flowpaper-class\");\r\n                    target_element = document.querySelector(\"\");\r\n                    iframe_element.style.height = target_element.offsetHeight + \"px\";\r\n                });\r\n                <\/script>\r\n            \n<p>[\/et_pb_text][et_pb_button button_url=&#8221;https:\/\/fundesplai.org\/marxa-per-la-pau\/wp-content\/uploads\/sites\/36\/2025\/07\/AmbVeuEnPeu_proposta_Fundesplai_2025.pdf&#8221; button_text=&#8221;Descarrega&#8217;t el quadern pedag\u00f2gic en catal\u00e0&#8221; button_alignment=&#8221;center&#8221; disabled_on=&#8221;off|off|off&#8221; admin_label=&#8221;Button FONAMENTACI\u00d3&#8221; _builder_version=&#8221;4.27.5&#8243; custom_margin=&#8221;50px||30px||false|false&#8221; custom_margin_tablet=&#8221;&#8221; custom_margin_phone=&#8221;30px||30px||true|false&#8221; custom_margin_last_edited=&#8221;on|desktop&#8221; locked=&#8221;off&#8221; global_colors_info=&#8221;{}&#8221;][\/et_pb_button][et_pb_text disabled_on=&#8221;off|off|off&#8221; admin_label=&#8221;Button CAST i ENG&#8221; _builder_version=&#8221;4.27.5&#8243; locked=&#8221;off&#8221; global_colors_info=&#8221;{}&#8221;]<\/p>\n<p style=\"text-align: center\"><a href=\"https:\/\/fundesplai.org\/marxa-per-la-pau\/wp-content\/uploads\/sites\/36\/2026\/01\/Proposta-educativa-Fundesplai-2025-castella.pdf\">&gt; Descarrega&#8217;t el quadern pedag\u00f2gic en castell\u00e0<\/a><\/p>\n<p style=\"text-align: center\"><a href=\"https:\/\/fundesplai.org\/marxa-per-la-pau\/wp-content\/uploads\/sites\/36\/2026\/01\/Proposta-educativa-Fundesplai-2025-angles.pdf\">&gt; Descarrega&#8217;t el quadern pedag\u00f2gic en angl\u00e8s<\/a><\/p>\n<p>[\/et_pb_text][\/et_pb_column][\/et_pb_row][et_pb_row disabled_on=&#8221;on|on|on&#8221; _builder_version=&#8221;4.16&#8243; module_alignment=&#8221;center&#8221; custom_margin=&#8221;50px||50px||true|false&#8221; custom_margin_tablet=&#8221;&#8221; custom_margin_phone=&#8221;10px||10px||false|false&#8221; custom_margin_last_edited=&#8221;on|phone&#8221; disabled=&#8221;on&#8221; global_colors_info=&#8221;{}&#8221;][et_pb_column type=&#8221;4_4&#8243; _builder_version=&#8221;4.16&#8243; global_colors_info=&#8221;{}&#8221;][et_pb_image src=&#8221;https:\/\/fundesplai.org\/en-veu-i-en-peu\/wp-content\/uploads\/sites\/36\/2023\/07\/Benestar_educacio_lleure_Fundesplai.jpg&#8221; alt=&#8221;Benestar_educacio_lleure_Fundesplai&#8221; title_text=&#8221;Benestar_educacio_lleure_Fundesplai&#8221; align=&#8221;center&#8221; _builder_version=&#8221;4.27.4&#8243; _module_preset=&#8221;default&#8221; global_colors_info=&#8221;{}&#8221;][\/et_pb_image][\/et_pb_column][\/et_pb_row][\/et_pb_section][et_pb_section fb_built=&#8221;1&#8243; admin_label=&#8221;Section&#8221; _builder_version=&#8221;4.16&#8243; locked=&#8221;off&#8221; collapsed=&#8221;off&#8221; global_colors_info=&#8221;{}&#8221;][et_pb_row _builder_version=&#8221;4.16&#8243; module_alignment=&#8221;center&#8221; custom_margin=&#8221;50px||50px||true|false&#8221; custom_margin_tablet=&#8221;&#8221; custom_margin_phone=&#8221;10px||10px||false|false&#8221; custom_margin_last_edited=&#8221;on|phone&#8221; locked=&#8221;off&#8221; global_colors_info=&#8221;{}&#8221;][et_pb_column type=&#8221;4_4&#8243; _builder_version=&#8221;4.16&#8243; global_colors_info=&#8221;{}&#8221;][et_pb_text admin_label=&#8221;ALTRES ELEMENTS CLAU&#8221; _builder_version=&#8221;4.21.0&#8243; global_colors_info=&#8221;{}&#8221;]<\/p>\n<h2 style=\"text-align: center\">Altres elements clau<\/h2>\n<p>[\/et_pb_text][\/et_pb_column][\/et_pb_row][et_pb_row column_structure=&#8221;1_3,1_3,1_3&#8243; make_equal=&#8221;on&#8221; _builder_version=&#8221;4.27.4&#8243; background_image=&#8221;https:\/\/fundesplai.org\/mcm\/wp-content\/uploads\/sites\/25\/2021\/08\/eix-animacio-Fundesplai-proposta-alimentacio.jpg&#8221; width=&#8221;100%&#8221; max_width=&#8221;2559px&#8221; custom_margin=&#8221;50px||50px||true|false&#8221; custom_margin_tablet=&#8221;&#8221; custom_margin_phone=&#8221;||||true&#8221; custom_margin_last_edited=&#8221;on|phone&#8221; locked=&#8221;off&#8221; global_colors_info=&#8221;{}&#8221;][et_pb_column type=&#8221;1_3&#8243; _builder_version=&#8221;4.21.0&#8243; background_image=&#8221;https:\/\/fundesplai.org\/en-veu-i-en-peu\/wp-content\/uploads\/sites\/36\/2023\/07\/Destacat_activitats_Estima_Fundesplai.jpg&#8221; global_colors_info=&#8221;{}&#8221;][et_pb_cta title=&#8221;Activitats&#8221; button_url=&#8221;https:\/\/fundesplai.org\/en-veu-i-en-peu\/activitats\/&#8221; button_text=&#8221; +&#8221; admin_label=&#8221;ACTIVITATS&#8221; _builder_version=&#8221;4.27.4&#8243; header_level=&#8221;h1&#8243; header_font=&#8221;|600|||||||&#8221; header_text_align=&#8221;center&#8221; body_font=&#8221;|600|||||||&#8221; background_enable_color=&#8221;off&#8221; background_enable_image=&#8221;off&#8221; custom_button=&#8221;on&#8221; button_text_size=&#8221;17px&#8221; button_border_width=&#8221;0px&#8221; button_border_radius=&#8221;33px&#8221; button_use_icon=&#8221;off&#8221; button_alignment=&#8221;center&#8221; animation_style=&#8221;zoom&#8221; animation_direction=&#8221;bottom&#8221; animation_starting_opacity=&#8221;56%&#8221; link_option_url=&#8221;https:\/\/fundesplai.org\/en-veu-i-en-peu\/activitats\/&#8221; header_text_shadow_style=&#8221;preset3&#8243; header_text_shadow_color=&#8221;#000000&#8243; text_shadow_style=&#8221;preset3&#8243; text_shadow_blur_strength=&#8221;0.02em&#8221; text_shadow_color=&#8221;#000000&#8243; locked=&#8221;off&#8221; global_colors_info=&#8221;{}&#8221;]<\/p>\n<p>Activitats de lleure per a totes les edats enfocades a aprofundir en la proposta educativa.<\/p>\n<p>[\/et_pb_cta][\/et_pb_column][et_pb_column type=&#8221;1_3&#8243; _builder_version=&#8221;4.27.4&#8243; background_image=&#8221;https:\/\/fundesplai.org\/marxa-per-la-pau\/wp-content\/uploads\/sites\/36\/2025\/09\/eix_animacio_salam2.webp&#8221; global_colors_info=&#8221;{}&#8221;][et_pb_cta title=&#8221;Eix d&#8217;animaci\u00f3&#8221; button_url=&#8221;https:\/\/fundesplai.org\/en-veu-i-en-peu\/eix-danimacio\/&#8221; button_text=&#8221; +&#8221; admin_label=&#8221;EIX d&#8217;ANIMACI\u00d3&#8221; _builder_version=&#8221;4.27.4&#8243; header_level=&#8221;h1&#8243; header_font=&#8221;|600|||||||&#8221; header_text_align=&#8221;center&#8221; body_font=&#8221;|600|||||||&#8221; background_enable_color=&#8221;off&#8221; background_enable_image=&#8221;off&#8221; custom_button=&#8221;on&#8221; button_text_size=&#8221;17px&#8221; button_border_width=&#8221;0px&#8221; button_border_radius=&#8221;33px&#8221; button_use_icon=&#8221;off&#8221; button_alignment=&#8221;center&#8221; animation_style=&#8221;zoom&#8221; animation_direction=&#8221;bottom&#8221; animation_starting_opacity=&#8221;56%&#8221; link_option_url=&#8221;https:\/\/fundesplai.org\/en-veu-i-en-peu\/eix-danimacio\/&#8221; header_text_shadow_style=&#8221;preset3&#8243; header_text_shadow_color=&#8221;#000000&#8243; text_shadow_style=&#8221;preset3&#8243; text_shadow_blur_strength=&#8221;0.02em&#8221; text_shadow_color=&#8221;#000000&#8243; global_colors_info=&#8221;{}&#8221;]<\/p>\n<p>La Salam, la ChronoPAX i les propostes d&#8217;activisme digital ens acompanyaran en aquest viatge.<\/p>\n<p>[\/et_pb_cta][\/et_pb_column][et_pb_column type=&#8221;1_3&#8243; _builder_version=&#8221;4.21.0&#8243; background_image=&#8221;https:\/\/fundesplai.org\/en-veu-i-en-peu\/wp-content\/uploads\/sites\/36\/2023\/07\/Destacat_reptes_Estima_Fundesplai.jpg&#8221; global_colors_info=&#8221;{}&#8221;][et_pb_cta title=&#8221;Reptes col\u00b7lectius&#8221; button_url=&#8221;@ET-DC@eyJkeW5hbWljIjp0cnVlLCJjb250ZW50IjoicG9zdF9saW5rX3VybF9wYWdlIiwic2V0dGluZ3MiOnsicG9zdF9pZCI6IjI4IiwiZW5hYmxlX2h0bWwiOiJvZmYifX0=@&#8221; button_text=&#8221; +&#8221; admin_label=&#8221;REPTES COL\u00b7LECTIUS&#8221; _builder_version=&#8221;4.27.4&#8243; _dynamic_attributes=&#8221;button_url,link_option_url&#8221; header_level=&#8221;h1&#8243; header_font=&#8221;|600|||||||&#8221; header_text_align=&#8221;center&#8221; body_font=&#8221;|600|||||||&#8221; background_enable_color=&#8221;off&#8221; custom_button=&#8221;on&#8221; button_text_size=&#8221;17px&#8221; button_border_width=&#8221;0px&#8221; button_border_radius=&#8221;33px&#8221; button_use_icon=&#8221;off&#8221; button_alignment=&#8221;center&#8221; animation_style=&#8221;zoom&#8221; animation_direction=&#8221;bottom&#8221; animation_starting_opacity=&#8221;56%&#8221; link_option_url=&#8221;@ET-DC@eyJkeW5hbWljIjp0cnVlLCJjb250ZW50IjoicG9zdF9saW5rX3VybF9wYWdlIiwic2V0dGluZ3MiOnsicG9zdF9pZCI6IjI4IiwiZW5hYmxlX2h0bWwiOiJvZmYifX0=@&#8221; header_text_shadow_style=&#8221;preset3&#8243; header_text_shadow_color=&#8221;#000000&#8243; text_shadow_style=&#8221;preset3&#8243; text_shadow_blur_strength=&#8221;0.02em&#8221; text_shadow_color=&#8221;#000000&#8243; locked=&#8221;off&#8221; global_colors_info=&#8221;{}&#8221;]<\/p>\n<p style=\"text-align: center\">Amb els reptes col\u00b7lectius ens mobilitzem en un moment puntual per refor\u00e7ar la incid\u00e8ncia p\u00fablica entorn a un tema concret.<\/p>\n<p>[\/et_pb_cta][\/et_pb_column][\/et_pb_row][\/et_pb_section][et_pb_section fb_built=&#8221;1&#8243; disabled_on=&#8221;off|off|off&#8221; admin_label=&#8221;Section&#8221; _builder_version=&#8221;4.16&#8243; global_module=&#8221;2343&#8243; locked=&#8221;off&#8221; collapsed=&#8221;off&#8221; global_colors_info=&#8221;{}&#8221;][et_pb_row _builder_version=&#8221;4.16&#8243; custom_margin=&#8221;50px||50px||true|false&#8221; custom_margin_tablet=&#8221;&#8221; custom_margin_phone=&#8221;30px||30px||true|false&#8221; custom_margin_last_edited=&#8221;on|desktop&#8221; global_colors_info=&#8221;{}&#8221;][et_pb_column type=&#8221;4_4&#8243; _builder_version=&#8221;4.16&#8243; global_colors_info=&#8221;{}&#8221;][et_pb_text admin_label=&#8221;AMB LA COL\u00b7LABORACI\u00f3 DE&#8221; _builder_version=&#8221;4.19.0&#8243; global_colors_info=&#8221;{}&#8221;]<\/p>\n<h2 style=\"text-align: center\">Amb la col\u00b7laboraci\u00f3 de<\/h2>\n<p>[\/et_pb_text][\/et_pb_column][\/et_pb_row][et_pb_row column_structure=&#8221;1_5,1_5,1_5,1_5,1_5&#8243; admin_label=&#8221;Row col\u00b7laboracions&#8221; _builder_version=&#8221;4.16&#8243; custom_margin=&#8221;50px||50px||true|false&#8221; custom_margin_tablet=&#8221;&#8221; custom_margin_phone=&#8221;30px||30px||true|false&#8221; custom_margin_last_edited=&#8221;on|phone&#8221; locked=&#8221;off&#8221; global_colors_info=&#8221;{}&#8221;][et_pb_column type=&#8221;1_5&#8243; _builder_version=&#8221;4.16&#8243; global_colors_info=&#8221;{}&#8221;][et_pb_image src=&#8221;https:\/\/fundesplai.org\/marxa-per-la-pau\/wp-content\/uploads\/sites\/36\/2023\/07\/Logo-agencia-catalana-cooperacio-desenvolupament.webp&#8221; alt=&#8221;Logo agencia catalana cooperaci\u00f3 desenvolupament&#8221; title_text=&#8221;Logo agencia catalana cooperaci\u00f3 desenvolupament&#8221; _builder_version=&#8221;4.27.4&#8243; custom_margin=&#8221;|30px||30px|false|true&#8221; global_colors_info=&#8221;{}&#8221;][\/et_pb_image][\/et_pb_column][et_pb_column type=&#8221;1_5&#8243; _builder_version=&#8221;4.16&#8243; global_colors_info=&#8221;{}&#8221;][et_pb_image src=&#8221;https:\/\/fundesplai.org\/marxa-per-la-pau\/wp-content\/uploads\/sites\/36\/2023\/07\/Logo_generalitat_catalunya.webp&#8221; alt=&#8221;Logo_generalitat_catalunya&#8221; title_text=&#8221;Logo_generalitat_catalunya&#8221; _builder_version=&#8221;4.27.4&#8243; custom_margin=&#8221;|30px||30px|false|true&#8221; global_colors_info=&#8221;{}&#8221;][\/et_pb_image][\/et_pb_column][et_pb_column type=&#8221;1_5&#8243; _builder_version=&#8221;4.16&#8243; global_colors_info=&#8221;{}&#8221;][et_pb_image src=&#8221;https:\/\/fundesplai.org\/marxa-per-la-pau\/wp-content\/uploads\/sites\/36\/2023\/07\/Ajuntament-de-barcelona.webp&#8221; alt=&#8221;Logo de l&#8217;Ajuntament de Barcelona&#8221; title_text=&#8221;Ajuntament-de-barcelona&#8221; _builder_version=&#8221;4.27.4&#8243; custom_margin=&#8221;|30px||30px|false|true&#8221; global_colors_info=&#8221;{}&#8221;][\/et_pb_image][\/et_pb_column][et_pb_column type=&#8221;1_5&#8243; _builder_version=&#8221;4.16&#8243; global_colors_info=&#8221;{}&#8221;][et_pb_image src=&#8221;https:\/\/fundesplai.org\/marxa-per-la-pau\/wp-content\/uploads\/sites\/36\/2023\/07\/Diputacio-de-barcelona.webp&#8221; title_text=&#8221;Diputacio-de-barcelona&#8221; _builder_version=&#8221;4.27.4&#8243; custom_margin=&#8221;|30px||30px|false|true&#8221; global_colors_info=&#8221;{}&#8221;][\/et_pb_image][\/et_pb_column][et_pb_column type=&#8221;1_5&#8243; _builder_version=&#8221;4.16&#8243; global_colors_info=&#8221;{}&#8221;][et_pb_image src=&#8221;https:\/\/fundesplai.org\/marxa-per-la-pau\/wp-content\/uploads\/sites\/36\/2023\/07\/agenda2030_logo.webp&#8221; alt=&#8221;Logo de l&#8217;Agenda 2030 per a Catalunya&#8221; title_text=&#8221;agenda2030_logo&#8221; _builder_version=&#8221;4.27.4&#8243; custom_margin=&#8221;|30px||30px|false|true&#8221; global_colors_info=&#8221;{}&#8221;][\/et_pb_image][\/et_pb_column][\/et_pb_row][\/et_pb_section]<\/p>\n","protected":false},"excerpt":{"rendered":"<p>Quadern pedag\u00f2gic amb la fonamentaci\u00f3 te\u00f2rica i plantejament global de la proposta educativa Amb Veu i en PEu per a la pau i la democr\u00e0cia.<\/p>\n","protected":false},"author":4,"featured_media":2345,"parent":0,"menu_order":0,"comment_status":"closed","ping_status":"closed","template":"","meta":{"_et_pb_use_builder":"on","_et_pb_old_content":"","_et_gb_content_width":"","footnotes":""},"class_list":["post-16","page","type-page","status-publish","has-post-thumbnail","hentry"],"yoast_head":"<!-- This site is optimized with the Yoast SEO plugin v27.3 - https:\/\/yoast.com\/product\/yoast-seo-wordpress\/ -->\n<title>Quadern pedag\u00f2gic - Marxa per la Pau<\/title>\n<meta name=\"description\" content=\"Quadern pedag\u00f2gic amb la fonamentaci\u00f3 te\u00f2rica i plantejament global de la proposta educativa Amb Veu i en PEu per a la pau i la democr\u00e0cia.\" \/>\n<meta name=\"robots\" content=\"index, follow, max-snippet:-1, max-image-preview:large, max-video-preview:-1\" \/>\n<link rel=\"canonical\" href=\"https:\/\/fundesplai.org\/marxa-per-la-pau\/quadern-pedagogic\/\" \/>\n<meta property=\"og:locale\" content=\"ca_ES\" \/>\n<meta property=\"og:type\" content=\"article\" \/>\n<meta property=\"og:title\" content=\"Quadern pedag\u00f2gic - Marxa per la Pau\" \/>\n<meta property=\"og:description\" content=\"Quadern pedag\u00f2gic amb la fonamentaci\u00f3 te\u00f2rica i plantejament global de la proposta educativa Amb Veu i en PEu per a la pau i la democr\u00e0cia.\" \/>\n<meta property=\"og:url\" content=\"https:\/\/fundesplai.org\/marxa-per-la-pau\/quadern-pedagogic\/\" \/>\n<meta property=\"og:site_name\" content=\"Marxa per la Pau\" \/>\n<meta property=\"article:modified_time\" content=\"2026-01-09T11:57:32+00:00\" \/>\n<meta property=\"og:image\" content=\"https:\/\/fundesplai.org\/marxa-per-la-pau\/wp-content\/uploads\/sites\/36\/2023\/07\/Quadern_proposta_Estima_Fundesplai.jpg\" \/>\n\t<meta property=\"og:image:width\" content=\"1200\" \/>\n\t<meta property=\"og:image:height\" content=\"1104\" \/>\n\t<meta property=\"og:image:type\" content=\"image\/jpeg\" \/>\n<meta name=\"twitter:card\" content=\"summary_large_image\" \/>\n<meta name=\"twitter:label1\" content=\"Temps estimat de lectura\" \/>\n\t<meta name=\"twitter:data1\" content=\"2 minuts\" \/>\n<script type=\"application\/ld+json\" class=\"yoast-schema-graph\">{\"@context\":\"https:\\\/\\\/schema.org\",\"@graph\":[{\"@type\":\"WebPage\",\"@id\":\"https:\\\/\\\/fundesplai.org\\\/marxa-per-la-pau\\\/quadern-pedagogic\\\/\",\"url\":\"https:\\\/\\\/fundesplai.org\\\/marxa-per-la-pau\\\/quadern-pedagogic\\\/\",\"name\":\"Quadern pedag\u00f2gic - Marxa per la Pau\",\"isPartOf\":{\"@id\":\"https:\\\/\\\/fundesplai.org\\\/marxa-per-la-pau\\\/#website\"},\"primaryImageOfPage\":{\"@id\":\"https:\\\/\\\/fundesplai.org\\\/marxa-per-la-pau\\\/quadern-pedagogic\\\/#primaryimage\"},\"image\":{\"@id\":\"https:\\\/\\\/fundesplai.org\\\/marxa-per-la-pau\\\/quadern-pedagogic\\\/#primaryimage\"},\"thumbnailUrl\":\"https:\\\/\\\/fundesplai.org\\\/marxa-per-la-pau\\\/wp-content\\\/uploads\\\/sites\\\/36\\\/2023\\\/07\\\/Quadern_proposta_Estima_Fundesplai.jpg\",\"datePublished\":\"2019-07-17T12:48:58+00:00\",\"dateModified\":\"2026-01-09T11:57:32+00:00\",\"description\":\"Quadern pedag\u00f2gic amb la fonamentaci\u00f3 te\u00f2rica i plantejament global de la proposta educativa Amb Veu i en PEu per a la pau i la democr\u00e0cia.\",\"breadcrumb\":{\"@id\":\"https:\\\/\\\/fundesplai.org\\\/marxa-per-la-pau\\\/quadern-pedagogic\\\/#breadcrumb\"},\"inLanguage\":\"ca\",\"potentialAction\":[{\"@type\":\"ReadAction\",\"target\":[\"https:\\\/\\\/fundesplai.org\\\/marxa-per-la-pau\\\/quadern-pedagogic\\\/\"]}]},{\"@type\":\"ImageObject\",\"inLanguage\":\"ca\",\"@id\":\"https:\\\/\\\/fundesplai.org\\\/marxa-per-la-pau\\\/quadern-pedagogic\\\/#primaryimage\",\"url\":\"https:\\\/\\\/fundesplai.org\\\/marxa-per-la-pau\\\/wp-content\\\/uploads\\\/sites\\\/36\\\/2023\\\/07\\\/Quadern_proposta_Estima_Fundesplai.jpg\",\"contentUrl\":\"https:\\\/\\\/fundesplai.org\\\/marxa-per-la-pau\\\/wp-content\\\/uploads\\\/sites\\\/36\\\/2023\\\/07\\\/Quadern_proposta_Estima_Fundesplai.jpg\",\"width\":1200,\"height\":1104},{\"@type\":\"BreadcrumbList\",\"@id\":\"https:\\\/\\\/fundesplai.org\\\/marxa-per-la-pau\\\/quadern-pedagogic\\\/#breadcrumb\",\"itemListElement\":[{\"@type\":\"ListItem\",\"position\":1,\"name\":\"Inici\",\"item\":\"\\\/\"},{\"@type\":\"ListItem\",\"position\":2,\"name\":\"Marxa per la Pau\",\"item\":\"https:\\\/\\\/fundesplai.org\\\/marxa-per-la-pau\"},{\"@type\":\"ListItem\",\"position\":3,\"name\":\"Quadern pedag\u00f2gic\"}]},{\"@type\":\"WebSite\",\"@id\":\"https:\\\/\\\/fundesplai.org\\\/marxa-per-la-pau\\\/#website\",\"url\":\"https:\\\/\\\/fundesplai.org\\\/marxa-per-la-pau\\\/\",\"name\":\"Marxa per la Pau\",\"description\":\"\",\"potentialAction\":[{\"@type\":\"SearchAction\",\"target\":{\"@type\":\"EntryPoint\",\"urlTemplate\":\"https:\\\/\\\/fundesplai.org\\\/marxa-per-la-pau\\\/?s={search_term_string}\"},\"query-input\":{\"@type\":\"PropertyValueSpecification\",\"valueRequired\":true,\"valueName\":\"search_term_string\"}}],\"inLanguage\":\"ca\"}]}<\/script>\n<!-- \/ Yoast SEO plugin. -->","yoast_head_json":{"title":"Quadern pedag\u00f2gic - Marxa per la Pau","description":"Quadern pedag\u00f2gic amb la fonamentaci\u00f3 te\u00f2rica i plantejament global de la proposta educativa Amb Veu i en PEu per a la pau i la democr\u00e0cia.","robots":{"index":"index","follow":"follow","max-snippet":"max-snippet:-1","max-image-preview":"max-image-preview:large","max-video-preview":"max-video-preview:-1"},"canonical":"https:\/\/fundesplai.org\/marxa-per-la-pau\/quadern-pedagogic\/","og_locale":"ca_ES","og_type":"article","og_title":"Quadern pedag\u00f2gic - Marxa per la Pau","og_description":"Quadern pedag\u00f2gic amb la fonamentaci\u00f3 te\u00f2rica i plantejament global de la proposta educativa Amb Veu i en PEu per a la pau i la democr\u00e0cia.","og_url":"https:\/\/fundesplai.org\/marxa-per-la-pau\/quadern-pedagogic\/","og_site_name":"Marxa per la Pau","article_modified_time":"2026-01-09T11:57:32+00:00","og_image":[{"width":1200,"height":1104,"url":"https:\/\/fundesplai.org\/marxa-per-la-pau\/wp-content\/uploads\/sites\/36\/2023\/07\/Quadern_proposta_Estima_Fundesplai.jpg","type":"image\/jpeg"}],"twitter_card":"summary_large_image","twitter_misc":{"Temps estimat de lectura":"2 minuts"},"schema":{"@context":"https:\/\/schema.org","@graph":[{"@type":"WebPage","@id":"https:\/\/fundesplai.org\/marxa-per-la-pau\/quadern-pedagogic\/","url":"https:\/\/fundesplai.org\/marxa-per-la-pau\/quadern-pedagogic\/","name":"Quadern pedag\u00f2gic - Marxa per la Pau","isPartOf":{"@id":"https:\/\/fundesplai.org\/marxa-per-la-pau\/#website"},"primaryImageOfPage":{"@id":"https:\/\/fundesplai.org\/marxa-per-la-pau\/quadern-pedagogic\/#primaryimage"},"image":{"@id":"https:\/\/fundesplai.org\/marxa-per-la-pau\/quadern-pedagogic\/#primaryimage"},"thumbnailUrl":"https:\/\/fundesplai.org\/marxa-per-la-pau\/wp-content\/uploads\/sites\/36\/2023\/07\/Quadern_proposta_Estima_Fundesplai.jpg","datePublished":"2019-07-17T12:48:58+00:00","dateModified":"2026-01-09T11:57:32+00:00","description":"Quadern pedag\u00f2gic amb la fonamentaci\u00f3 te\u00f2rica i plantejament global de la proposta educativa Amb Veu i en PEu per a la pau i la democr\u00e0cia.","breadcrumb":{"@id":"https:\/\/fundesplai.org\/marxa-per-la-pau\/quadern-pedagogic\/#breadcrumb"},"inLanguage":"ca","potentialAction":[{"@type":"ReadAction","target":["https:\/\/fundesplai.org\/marxa-per-la-pau\/quadern-pedagogic\/"]}]},{"@type":"ImageObject","inLanguage":"ca","@id":"https:\/\/fundesplai.org\/marxa-per-la-pau\/quadern-pedagogic\/#primaryimage","url":"https:\/\/fundesplai.org\/marxa-per-la-pau\/wp-content\/uploads\/sites\/36\/2023\/07\/Quadern_proposta_Estima_Fundesplai.jpg","contentUrl":"https:\/\/fundesplai.org\/marxa-per-la-pau\/wp-content\/uploads\/sites\/36\/2023\/07\/Quadern_proposta_Estima_Fundesplai.jpg","width":1200,"height":1104},{"@type":"BreadcrumbList","@id":"https:\/\/fundesplai.org\/marxa-per-la-pau\/quadern-pedagogic\/#breadcrumb","itemListElement":[{"@type":"ListItem","position":1,"name":"Inici","item":"\/"},{"@type":"ListItem","position":2,"name":"Marxa per la Pau","item":"https:\/\/fundesplai.org\/marxa-per-la-pau"},{"@type":"ListItem","position":3,"name":"Quadern pedag\u00f2gic"}]},{"@type":"WebSite","@id":"https:\/\/fundesplai.org\/marxa-per-la-pau\/#website","url":"https:\/\/fundesplai.org\/marxa-per-la-pau\/","name":"Marxa per la Pau","description":"","potentialAction":[{"@type":"SearchAction","target":{"@type":"EntryPoint","urlTemplate":"https:\/\/fundesplai.org\/marxa-per-la-pau\/?s={search_term_string}"},"query-input":{"@type":"PropertyValueSpecification","valueRequired":true,"valueName":"search_term_string"}}],"inLanguage":"ca"}]}},"_links":{"self":[{"href":"https:\/\/fundesplai.org\/marxa-per-la-pau\/wp-json\/wp\/v2\/pages\/16","targetHints":{"allow":["GET"]}}],"collection":[{"href":"https:\/\/fundesplai.org\/marxa-per-la-pau\/wp-json\/wp\/v2\/pages"}],"about":[{"href":"https:\/\/fundesplai.org\/marxa-per-la-pau\/wp-json\/wp\/v2\/types\/page"}],"author":[{"embeddable":true,"href":"https:\/\/fundesplai.org\/marxa-per-la-pau\/wp-json\/wp\/v2\/users\/4"}],"replies":[{"embeddable":true,"href":"https:\/\/fundesplai.org\/marxa-per-la-pau\/wp-json\/wp\/v2\/comments?post=16"}],"version-history":[{"count":27,"href":"https:\/\/fundesplai.org\/marxa-per-la-pau\/wp-json\/wp\/v2\/pages\/16\/revisions"}],"predecessor-version":[{"id":3403,"href":"https:\/\/fundesplai.org\/marxa-per-la-pau\/wp-json\/wp\/v2\/pages\/16\/revisions\/3403"}],"wp:featuredmedia":[{"embeddable":true,"href":"https:\/\/fundesplai.org\/marxa-per-la-pau\/wp-json\/wp\/v2\/media\/2345"}],"wp:attachment":[{"href":"https:\/\/fundesplai.org\/marxa-per-la-pau\/wp-json\/wp\/v2\/media?parent=16"}],"curies":[{"name":"wp","href":"https:\/\/api.w.org\/{rel}","templated":true}]}}