{"id":72,"date":"2021-08-17T11:33:36","date_gmt":"2021-08-17T09:33:36","guid":{"rendered":"https:\/\/fundesplai.org\/mandala\/?page_id=72"},"modified":"2023-10-19T14:31:24","modified_gmt":"2023-10-19T12:31:24","slug":"de-12-a-16-anys","status":"publish","type":"page","link":"https:\/\/fundesplai.org\/mandala\/activitats-2\/de-12-a-16-anys\/","title":{"rendered":"De 12 a 16 anys"},"content":{"rendered":"[et_pb_section fb_built=&#8221;1&#8243; _builder_version=&#8221;4.16&#8243; global_colors_info=&#8221;{}&#8221;][et_pb_row _builder_version=&#8221;4.16&#8243; background_size=&#8221;initial&#8221; background_position=&#8221;top_left&#8221; background_repeat=&#8221;repeat&#8221; global_colors_info=&#8221;{}&#8221;][et_pb_column type=&#8221;4_4&#8243; _builder_version=&#8221;4.16&#8243; custom_padding=&#8221;|||&#8221; global_colors_info=&#8221;{}&#8221; custom_padding__hover=&#8221;|||&#8221;][et_pb_post_title meta=&#8221;off&#8221; featured_image=&#8221;off&#8221; _builder_version=&#8221;4.21.0&#8243; _module_preset=&#8221;default&#8221; global_colors_info=&#8221;{}&#8221;][\/et_pb_post_title][et_pb_text _builder_version=&#8221;4.21.0&#8243; background_size=&#8221;initial&#8221; background_position=&#8221;top_left&#8221; background_repeat=&#8221;repeat&#8221; global_colors_info=&#8221;{}&#8221;]<h3><span style=\"color: #333333;font-size: 22px\">Objectius educatius<\/span><\/h3>\n<ol>\n<li>Expressar els seus sentiments i identificar els dels altres. Posar-se al seu lloc.<\/li>\n<li>Habituar-se a conversar amb tothom i recon\u00e8ixer el valor que t\u00e9 dialogar.<\/li>\n<li>Respectar la dignitat i la intimitat de les persones.<\/li>\n<li>Formar la seva identitat personal i cultural, sentir-se identificats amb diferents grups o comunitats. Acceptar les pertinences m\u00faltiples.<\/li>\n<li>Recon\u00e8ixer i adoptar les bones maneres de fer dels altres.<\/li>\n<li>Crear la seva pr\u00f2pia opini\u00f3 i ser cr\u00edtics davant de diferents situacions.<\/li>\n<li>Identificar i rebutjar els prejudicis i estereotips.<\/li>\n<li>Actuar des de la igualtat d\u2019oportunitats.<\/li>\n<li>Prendre decisions per consens i saber gestionar els conflictes de manera positiva.<\/li>\n<\/ol>\n<p><\/p>[\/et_pb_text][et_pb_text _builder_version=&#8221;4.21.0&#8243; _module_preset=&#8221;default&#8221; custom_margin=&#8221;40px||||false|false&#8221; global_colors_info=&#8221;{}&#8221;]<h3>Activitats<\/h3>[\/et_pb_text][\/et_pb_column][\/et_pb_row][et_pb_row column_structure=&#8221;1_5,1_5,1_5,1_5,1_5&#8243; _builder_version=&#8221;4.19.0&#8243; _module_preset=&#8221;default&#8221; custom_margin=&#8221;||50px||false|false&#8221; global_colors_info=&#8221;{}&#8221;][et_pb_column type=&#8221;1_5&#8243; _builder_version=&#8221;4.19.0&#8243; _module_preset=&#8221;default&#8221; global_colors_info=&#8221;{}&#8221;][et_pb_image src=&#8221;http:\/\/fundesplai.org\/mandala\/wp-content\/uploads\/sites\/6\/2023\/03\/projectes.png&#8221; alt=&#8221;projectes&#8221; title_text=&#8221;projectes&#8221; url=&#8221;https:\/\/fundesplai.org\/banc-recursos\/recurs\/projectes\/&#8221; align=&#8221;center&#8221; _builder_version=&#8221;4.21.0&#8243; _module_preset=&#8221;default&#8221; hover_enabled=&#8221;0&#8243; global_colors_info=&#8221;{}&#8221; sticky_enabled=&#8221;0&#8243;][\/et_pb_image][\/et_pb_column][et_pb_column type=&#8221;1_5&#8243; _builder_version=&#8221;4.19.0&#8243; _module_preset=&#8221;default&#8221; global_colors_info=&#8221;{}&#8221;][et_pb_image src=&#8221;http:\/\/fundesplai.org\/mandala\/wp-content\/uploads\/sites\/6\/2023\/03\/joc-de-rol-intercultural.png&#8221; alt=&#8221;joc de rol intercultural&#8221; title_text=&#8221;joc de rol intercultural&#8221; url=&#8221;http:\/\/fundesplai.org\/mandala\/wp-content\/uploads\/sites\/6\/2023\/03\/jocderolintercultural.pdf&#8221; align=&#8221;center&#8221; _builder_version=&#8221;4.21.0&#8243; _module_preset=&#8221;default&#8221; hover_enabled=&#8221;0&#8243; global_colors_info=&#8221;{}&#8221; sticky_enabled=&#8221;0&#8243;][\/et_pb_image][\/et_pb_column][et_pb_column type=&#8221;1_5&#8243; _builder_version=&#8221;4.19.0&#8243; _module_preset=&#8221;default&#8221; global_colors_info=&#8221;{}&#8221;][et_pb_image src=&#8221;http:\/\/fundesplai.org\/mandala\/wp-content\/uploads\/sites\/6\/2023\/03\/mirades-joves.png&#8221; alt=&#8221;mirades joves&#8221; title_text=&#8221;mirades joves&#8221; url=&#8221;https:\/\/fundesplai.org\/banc-recursos\/recurs\/mirades-joves\/&#8221; align=&#8221;center&#8221; _builder_version=&#8221;4.21.0&#8243; _module_preset=&#8221;default&#8221; hover_enabled=&#8221;0&#8243; global_colors_info=&#8221;{}&#8221; sticky_enabled=&#8221;0&#8243;][\/et_pb_image][\/et_pb_column][et_pb_column type=&#8221;1_5&#8243; _builder_version=&#8221;4.19.0&#8243; _module_preset=&#8221;default&#8221; global_colors_info=&#8221;{}&#8221;][et_pb_image src=&#8221;http:\/\/fundesplai.org\/mandala\/wp-content\/uploads\/sites\/6\/2023\/03\/concurs-de-hip-hop.png&#8221; alt=&#8221;concurs de hip hop&#8221; title_text=&#8221;concurs de hip hop&#8221; url=&#8221;https:\/\/fundesplai.org\/banc-recursos\/recurs\/hip-hop-per-la-violencia-zero-i-la-igualtat-de-genere\/&#8221; align=&#8221;center&#8221; _builder_version=&#8221;4.21.0&#8243; _module_preset=&#8221;default&#8221; hover_enabled=&#8221;0&#8243; global_colors_info=&#8221;{}&#8221; sticky_enabled=&#8221;0&#8243;][\/et_pb_image][\/et_pb_column][et_pb_column type=&#8221;1_5&#8243; _builder_version=&#8221;4.19.0&#8243; _module_preset=&#8221;default&#8221; global_colors_info=&#8221;{}&#8221;][et_pb_image src=&#8221;http:\/\/fundesplai.org\/mandala\/wp-content\/uploads\/sites\/6\/2023\/03\/nits-dinsomni.png&#8221; alt=&#8221;nits dinsomni&#8221; title_text=&#8221;nits dinsomni&#8221; url=&#8221;https:\/\/fundesplai.org\/banc-recursos\/recurs\/nits-dinsomni\/&#8221; align=&#8221;center&#8221; _builder_version=&#8221;4.21.0&#8243; _module_preset=&#8221;default&#8221; hover_enabled=&#8221;0&#8243; global_colors_info=&#8221;{}&#8221; sticky_enabled=&#8221;0&#8243;][\/et_pb_image][\/et_pb_column][\/et_pb_row][\/et_pb_section]<!-- \/wp:post-content -->","protected":false},"excerpt":{"rendered":"<p>Objectius educatius Expressar els seus sentiments i identificar els dels altres. Posar-se al seu lloc. Habituar-se a conversar amb tothom i recon\u00e8ixer el valor que t\u00e9 dialogar. Respectar la dignitat i la intimitat de les persones. Formar la seva identitat personal i cultural, sentir-se identificats amb diferents grups o comunitats. Acceptar les pertinences m\u00faltiples. Recon\u00e8ixer [&hellip;]<\/p>\n","protected":false},"author":4,"featured_media":0,"parent":138,"menu_order":0,"comment_status":"closed","ping_status":"closed","template":"","meta":{"_et_pb_use_builder":"on","_et_pb_old_content":"<!-- wp:heading {\"level\":3} -->\r\n<h3>Objectius educatius<\/h3>\r\n<!-- \/wp:heading --><!-- wp:paragraph -->\r\n<p>1. Expressar els seus sentiments i identificar els dels altres. Posar-se al seu lloc.<br \/>2. Habituar-se a conversar amb tothom i recon\u00e8ixer el valor que t\u00e9 dialogar.<br \/>3. Respectar la dignitat i la intimitat de les persones.<br \/>4. Formar la seva identitat personal i cultural, sentir-se identificats amb diferents grups o comunitats. Acceptar les pertinences m\u00faltiples.<br \/>6. Recon\u00e8ixer i adoptar les bones maneres de fer dels altres.<br \/>7. Crear la seva pr\u00f2pia opini\u00f3 i ser cr\u00edtics davant de diferents situacions.<br \/>8. Identificar i rebutjar els prejudicis i estereotips.<br \/>9. Actuar des de la igualtat d\u2019oportunitats.<br \/>10. Prendre decisions per consens i saber gestionar els conflictes de manera positiva.<\/p>\r\n<!-- \/wp:paragraph --><!-- wp:heading {\"level\":3} -->\r\n<h3>Activitats<\/h3>\r\n<!-- \/wp:heading -->","_et_gb_content_width":"1200","footnotes":""},"class_list":["post-72","page","type-page","status-publish","hentry"],"yoast_head":"<!-- This site is optimized with the Yoast SEO plugin v27.4 - https:\/\/yoast.com\/product\/yoast-seo-wordpress\/ -->\n<title>De 12 a 16 anys - Mandala<\/title>\n<meta name=\"robots\" content=\"index, follow, max-snippet:-1, max-image-preview:large, max-video-preview:-1\" \/>\n<link rel=\"canonical\" href=\"https:\/\/fundesplai.org\/mandala\/activitats-2\/de-12-a-16-anys\/\" \/>\n<meta property=\"og:locale\" content=\"ca_ES\" \/>\n<meta property=\"og:type\" content=\"article\" \/>\n<meta property=\"og:title\" content=\"De 12 a 16 anys - Mandala\" \/>\n<meta property=\"og:description\" content=\"Objectius educatius Expressar els seus sentiments i identificar els dels altres. Posar-se al seu lloc. Habituar-se a conversar amb tothom i recon\u00e8ixer el valor que t\u00e9 dialogar. Respectar la dignitat i la intimitat de les persones. Formar la seva identitat personal i cultural, sentir-se identificats amb diferents grups o comunitats. Acceptar les pertinences m\u00faltiples. Recon\u00e8ixer [&hellip;]\" \/>\n<meta property=\"og:url\" content=\"https:\/\/fundesplai.org\/mandala\/activitats-2\/de-12-a-16-anys\/\" \/>\n<meta property=\"og:site_name\" content=\"Mandala\" \/>\n<meta property=\"article:modified_time\" content=\"2023-10-19T12:31:24+00:00\" \/>\n<meta name=\"twitter:card\" content=\"summary_large_image\" \/>\n<meta name=\"twitter:label1\" content=\"Temps estimat de lectura\" \/>\n\t<meta name=\"twitter:data1\" content=\"2 minuts\" \/>\n<script type=\"application\/ld+json\" class=\"yoast-schema-graph\">{\"@context\":\"https:\\\/\\\/schema.org\",\"@graph\":[{\"@type\":\"WebPage\",\"@id\":\"https:\\\/\\\/fundesplai.org\\\/mandala\\\/activitats-2\\\/de-12-a-16-anys\\\/\",\"url\":\"https:\\\/\\\/fundesplai.org\\\/mandala\\\/activitats-2\\\/de-12-a-16-anys\\\/\",\"name\":\"De 12 a 16 anys - Mandala\",\"isPartOf\":{\"@id\":\"https:\\\/\\\/fundesplai.org\\\/mandala\\\/#website\"},\"datePublished\":\"2021-08-17T09:33:36+00:00\",\"dateModified\":\"2023-10-19T12:31:24+00:00\",\"breadcrumb\":{\"@id\":\"https:\\\/\\\/fundesplai.org\\\/mandala\\\/activitats-2\\\/de-12-a-16-anys\\\/#breadcrumb\"},\"inLanguage\":\"ca\",\"potentialAction\":[{\"@type\":\"ReadAction\",\"target\":[\"https:\\\/\\\/fundesplai.org\\\/mandala\\\/activitats-2\\\/de-12-a-16-anys\\\/\"]}]},{\"@type\":\"BreadcrumbList\",\"@id\":\"https:\\\/\\\/fundesplai.org\\\/mandala\\\/activitats-2\\\/de-12-a-16-anys\\\/#breadcrumb\",\"itemListElement\":[{\"@type\":\"ListItem\",\"position\":1,\"name\":\"Inici\",\"item\":\"\\\/\"},{\"@type\":\"ListItem\",\"position\":2,\"name\":\"Mandala\",\"item\":\"https:\\\/\\\/fundesplai.org\\\/mandala\"},{\"@type\":\"ListItem\",\"position\":3,\"name\":\"Activitats\",\"item\":\"https:\\\/\\\/fundesplai.org\\\/mandala\\\/activitats-2\\\/\"},{\"@type\":\"ListItem\",\"position\":4,\"name\":\"De 12 a 16 anys\"}]},{\"@type\":\"WebSite\",\"@id\":\"https:\\\/\\\/fundesplai.org\\\/mandala\\\/#website\",\"url\":\"https:\\\/\\\/fundesplai.org\\\/mandala\\\/\",\"name\":\"Mandala\",\"description\":\"Proposta educativa de Fundesplai\",\"potentialAction\":[{\"@type\":\"SearchAction\",\"target\":{\"@type\":\"EntryPoint\",\"urlTemplate\":\"https:\\\/\\\/fundesplai.org\\\/mandala\\\/?s={search_term_string}\"},\"query-input\":{\"@type\":\"PropertyValueSpecification\",\"valueRequired\":true,\"valueName\":\"search_term_string\"}}],\"inLanguage\":\"ca\"}]}<\/script>\n<!-- \/ Yoast SEO plugin. -->","yoast_head_json":{"title":"De 12 a 16 anys - Mandala","robots":{"index":"index","follow":"follow","max-snippet":"max-snippet:-1","max-image-preview":"max-image-preview:large","max-video-preview":"max-video-preview:-1"},"canonical":"https:\/\/fundesplai.org\/mandala\/activitats-2\/de-12-a-16-anys\/","og_locale":"ca_ES","og_type":"article","og_title":"De 12 a 16 anys - Mandala","og_description":"Objectius educatius Expressar els seus sentiments i identificar els dels altres. Posar-se al seu lloc. Habituar-se a conversar amb tothom i recon\u00e8ixer el valor que t\u00e9 dialogar. Respectar la dignitat i la intimitat de les persones. Formar la seva identitat personal i cultural, sentir-se identificats amb diferents grups o comunitats. Acceptar les pertinences m\u00faltiples. Recon\u00e8ixer [&hellip;]","og_url":"https:\/\/fundesplai.org\/mandala\/activitats-2\/de-12-a-16-anys\/","og_site_name":"Mandala","article_modified_time":"2023-10-19T12:31:24+00:00","twitter_card":"summary_large_image","twitter_misc":{"Temps estimat de lectura":"2 minuts"},"schema":{"@context":"https:\/\/schema.org","@graph":[{"@type":"WebPage","@id":"https:\/\/fundesplai.org\/mandala\/activitats-2\/de-12-a-16-anys\/","url":"https:\/\/fundesplai.org\/mandala\/activitats-2\/de-12-a-16-anys\/","name":"De 12 a 16 anys - Mandala","isPartOf":{"@id":"https:\/\/fundesplai.org\/mandala\/#website"},"datePublished":"2021-08-17T09:33:36+00:00","dateModified":"2023-10-19T12:31:24+00:00","breadcrumb":{"@id":"https:\/\/fundesplai.org\/mandala\/activitats-2\/de-12-a-16-anys\/#breadcrumb"},"inLanguage":"ca","potentialAction":[{"@type":"ReadAction","target":["https:\/\/fundesplai.org\/mandala\/activitats-2\/de-12-a-16-anys\/"]}]},{"@type":"BreadcrumbList","@id":"https:\/\/fundesplai.org\/mandala\/activitats-2\/de-12-a-16-anys\/#breadcrumb","itemListElement":[{"@type":"ListItem","position":1,"name":"Inici","item":"\/"},{"@type":"ListItem","position":2,"name":"Mandala","item":"https:\/\/fundesplai.org\/mandala"},{"@type":"ListItem","position":3,"name":"Activitats","item":"https:\/\/fundesplai.org\/mandala\/activitats-2\/"},{"@type":"ListItem","position":4,"name":"De 12 a 16 anys"}]},{"@type":"WebSite","@id":"https:\/\/fundesplai.org\/mandala\/#website","url":"https:\/\/fundesplai.org\/mandala\/","name":"Mandala","description":"Proposta educativa de Fundesplai","potentialAction":[{"@type":"SearchAction","target":{"@type":"EntryPoint","urlTemplate":"https:\/\/fundesplai.org\/mandala\/?s={search_term_string}"},"query-input":{"@type":"PropertyValueSpecification","valueRequired":true,"valueName":"search_term_string"}}],"inLanguage":"ca"}]}},"_links":{"self":[{"href":"https:\/\/fundesplai.org\/mandala\/wp-json\/wp\/v2\/pages\/72","targetHints":{"allow":["GET"]}}],"collection":[{"href":"https:\/\/fundesplai.org\/mandala\/wp-json\/wp\/v2\/pages"}],"about":[{"href":"https:\/\/fundesplai.org\/mandala\/wp-json\/wp\/v2\/types\/page"}],"author":[{"embeddable":true,"href":"https:\/\/fundesplai.org\/mandala\/wp-json\/wp\/v2\/users\/4"}],"replies":[{"embeddable":true,"href":"https:\/\/fundesplai.org\/mandala\/wp-json\/wp\/v2\/comments?post=72"}],"version-history":[{"count":8,"href":"https:\/\/fundesplai.org\/mandala\/wp-json\/wp\/v2\/pages\/72\/revisions"}],"predecessor-version":[{"id":310,"href":"https:\/\/fundesplai.org\/mandala\/wp-json\/wp\/v2\/pages\/72\/revisions\/310"}],"up":[{"embeddable":true,"href":"https:\/\/fundesplai.org\/mandala\/wp-json\/wp\/v2\/pages\/138"}],"wp:attachment":[{"href":"https:\/\/fundesplai.org\/mandala\/wp-json\/wp\/v2\/media?parent=72"}],"curies":[{"name":"wp","href":"https:\/\/api.w.org\/{rel}","templated":true}]}}