{"id":61,"date":"2021-08-17T11:28:35","date_gmt":"2021-08-17T09:28:35","guid":{"rendered":"https:\/\/fundesplai.org\/mandala\/?page_id=61"},"modified":"2021-10-19T11:14:41","modified_gmt":"2021-10-19T09:14:41","slug":"objectius","status":"publish","type":"page","link":"https:\/\/fundesplai.org\/mandala\/objectius\/","title":{"rendered":"Objectius"},"content":{"rendered":"[et_pb_section fb_built=&#8221;1&#8243; _builder_version=&#8221;3.22&#8243; global_colors_info=&#8221;{}&#8221;][et_pb_row _builder_version=&#8221;3.25&#8243; background_size=&#8221;initial&#8221; background_position=&#8221;top_left&#8221; background_repeat=&#8221;repeat&#8221; global_colors_info=&#8221;{}&#8221;][et_pb_column type=&#8221;4_4&#8243; _builder_version=&#8221;3.25&#8243; custom_padding=&#8221;|||&#8221; global_colors_info=&#8221;{}&#8221; custom_padding__hover=&#8221;|||&#8221;][et_pb_post_title meta=&#8221;off&#8221; featured_image=&#8221;off&#8221; _builder_version=&#8221;4.10.5&#8243; _module_preset=&#8221;default&#8221; global_colors_info=&#8221;{}&#8221;][\/et_pb_post_title][et_pb_text _builder_version=&#8221;4.10.5&#8243; background_size=&#8221;initial&#8221; background_position=&#8221;top_left&#8221; background_repeat=&#8221;repeat&#8221; hover_enabled=&#8221;0&#8243; global_colors_info=&#8221;{}&#8221; sticky_enabled=&#8221;0&#8243;]<p><\/p>\n<h3 class=\"wp-block-heading\" style=\"text-align: center;\">Objectius educatius<\/h3>\n<p><\/p>\n<p>Els objectius educatius generals de la proposta educativa s\u2019articulen entorn dels 4 valors de la Fundaci\u00f3 Catalana de l\u2019Esplai:<\/p>\n<p><\/p>\n<p><\/p>\n<h3 class=\"wp-block-heading\">Utopia<\/h3>\n<p><\/p>\n<p>Conviure en harmonia en entorns d\u2019interculturalitat normalitzats i integrats en les relacions quotidianes del barri. Recon\u00e8ixer les pertinences de forma m\u00fatua. Concebre la diversitat cultural com un fet real, que existeix a la nostra societat i relacionar-nos de forma natural.<\/p>\n<p><\/p>\n<p><\/p>\n<h3 class=\"wp-block-heading\">Iniciativa<\/h3>\n<p><\/p>\n<p>Establir relacions interpersonals acollidores que permetin: despertar l\u2019inter\u00e8s pels diferents costums i maneres de fer; intercanviar bones pr\u00e0ctiques i adquirir noves compet\u00e8ncies interculturals. Ser els promotors de la cohesi\u00f3 social i la interacci\u00f3 entre les cultures coexistents en l\u2019escenari social.<\/p>\n<p><\/p>\n<p><\/p>\n<h3 class=\"wp-block-heading\">Solidaritat<\/h3>\n<p><\/p>\n<p>Establir relacions de cooperaci\u00f3 i empatia amb els col\u00b7lectius mitjan\u00e7ant la comprensi\u00f3 m\u00fatua fins a arribar a la construcci\u00f3 d\u2019una societat intercultural. Evitar l\u2019exclusi\u00f3 al diferent i, per tant, les desigualtats socials que aix\u00f2 genera.<\/p>\n<p><\/p>\n<p><\/p>\n<h3 class=\"wp-block-heading\">Felicitat<\/h3>\n<p><\/p>\n<p>Crear vincles a partir d\u2019all\u00f2 que \u00e9s com\u00fa i que compartim i respectar all\u00f2 que ens diferencia. Compartir en harmonia un mateix escenari reconeixent la interculturalitat. Valorar la riquesa que representa per a les persones i per a la societat, en general, l\u2019intercanvi cultural.<\/p>\n<p>&nbsp;<\/p>\n<p><\/p>[\/et_pb_text][\/et_pb_column][\/et_pb_row][\/et_pb_section]","protected":false},"excerpt":{"rendered":"<p>Objectius educatius Els objectius educatius generals de la proposta educativa s\u2019articulen entorn dels 4 valors de la Fundaci\u00f3 Catalana de l\u2019Esplai: Utopia Conviure en harmonia en entorns d\u2019interculturalitat normalitzats i integrats en les relacions quotidianes del barri. Recon\u00e8ixer les pertinences de forma m\u00fatua. Concebre la diversitat cultural com un fet real, que existeix a la [&hellip;]<\/p>\n","protected":false},"author":4,"featured_media":0,"parent":0,"menu_order":0,"comment_status":"closed","ping_status":"closed","template":"","meta":{"_et_pb_use_builder":"on","_et_pb_old_content":"<!-- wp:heading -->\r\n<h2>Objectius educatius<\/h2>\r\n<!-- \/wp:heading --><!-- wp:paragraph -->\r\n<p>Els objectius educatius generals de la proposta educativa s\u2019articulen entorn dels 4 valors de la Fundaci\u00f3 Catalana de l\u2019Esplai:<\/p>\r\n<!-- \/wp:paragraph --><!-- wp:heading {\"level\":3} -->\r\n<h3>Utopia<\/h3>\r\n<!-- \/wp:heading --><!-- wp:paragraph -->\r\n<p>Conviure en harmonia en entorns d\u2019interculturalitat normalitzats i integrats en les relacions quotidianes del barri. Recon\u00e8ixer les pertinences de forma m\u00fatua. Concebre la diversitat cultural com un fet real, que existeix a la nostra societat i relacionar-nos de forma natural.<\/p>\r\n<!-- \/wp:paragraph --><!-- wp:heading {\"level\":3} -->\r\n<h3>niciativa<\/h3>\r\n<!-- \/wp:heading --><!-- wp:paragraph -->\r\n<p>Establir relacions interpersonals acollidores que permetin: despertar l\u2019inter\u00e8s pels diferents costums i maneres de fer; intercanviar bones pr\u00e0ctiques i adquirir noves compet\u00e8ncies interculturals. Ser els promotors de la cohesi\u00f3 social i la interacci\u00f3 entre les cultures coexistents en l\u2019escenari social.<\/p>\r\n<!-- \/wp:paragraph --><!-- wp:heading {\"level\":3} -->\r\n<h3>Solidaritat<\/h3>\r\n<!-- \/wp:heading --><!-- wp:paragraph -->\r\n<p>Establir relacions de cooperaci\u00f3 i empatia amb els col\u00b7lectius mitjan\u00e7ant la comprensi\u00f3 m\u00fatua fins a arribar a la construcci\u00f3 d\u2019una societat intercultural. Evitar l\u2019exclusi\u00f3 al diferent i, per tant, les desigualtats socials que aix\u00f2 genera.<\/p>\r\n<!-- \/wp:paragraph --><!-- wp:heading {\"level\":3} -->\r\n<h3>Felicitat<\/h3>\r\n<!-- \/wp:heading --><!-- wp:paragraph -->\r\n<p>Crear vincles a partir d\u2019all\u00f2 que \u00e9s com\u00fa i que compartim i respectar all\u00f2 que ens diferencia. Compartir en harmonia un mateix escenari reconeixent la interculturalitat. Valorar la riquesa que representa per a les persones i per a la societat, en general, l\u2019intercanvi cultural.<\/p>\r\n<!-- \/wp:paragraph -->","_et_gb_content_width":"1200","footnotes":""},"class_list":["post-61","page","type-page","status-publish","hentry"],"yoast_head":"<!-- This site is optimized with the Yoast SEO plugin v27.5 - https:\/\/yoast.com\/product\/yoast-seo-wordpress\/ -->\n<title>Objectius - Mandala<\/title>\n<meta name=\"robots\" content=\"index, follow, max-snippet:-1, max-image-preview:large, max-video-preview:-1\" \/>\n<link rel=\"canonical\" href=\"https:\/\/fundesplai.org\/mandala\/objectius\/\" \/>\n<meta property=\"og:locale\" content=\"ca_ES\" \/>\n<meta property=\"og:type\" content=\"article\" \/>\n<meta property=\"og:title\" content=\"Objectius - Mandala\" \/>\n<meta property=\"og:description\" content=\"Objectius educatius Els objectius educatius generals de la proposta educativa s\u2019articulen entorn dels 4 valors de la Fundaci\u00f3 Catalana de l\u2019Esplai: Utopia Conviure en harmonia en entorns d\u2019interculturalitat normalitzats i integrats en les relacions quotidianes del barri. Recon\u00e8ixer les pertinences de forma m\u00fatua. Concebre la diversitat cultural com un fet real, que existeix a la [&hellip;]\" \/>\n<meta property=\"og:url\" content=\"https:\/\/fundesplai.org\/mandala\/objectius\/\" \/>\n<meta property=\"og:site_name\" content=\"Mandala\" \/>\n<meta property=\"article:modified_time\" content=\"2021-10-19T09:14:41+00:00\" \/>\n<meta name=\"twitter:card\" content=\"summary_large_image\" \/>\n<meta name=\"twitter:label1\" content=\"Temps estimat de lectura\" \/>\n\t<meta name=\"twitter:data1\" content=\"1 minut\" \/>\n<script type=\"application\/ld+json\" class=\"yoast-schema-graph\">{\"@context\":\"https:\\\/\\\/schema.org\",\"@graph\":[{\"@type\":\"WebPage\",\"@id\":\"https:\\\/\\\/fundesplai.org\\\/mandala\\\/objectius\\\/\",\"url\":\"https:\\\/\\\/fundesplai.org\\\/mandala\\\/objectius\\\/\",\"name\":\"Objectius - Mandala\",\"isPartOf\":{\"@id\":\"https:\\\/\\\/fundesplai.org\\\/mandala\\\/#website\"},\"datePublished\":\"2021-08-17T09:28:35+00:00\",\"dateModified\":\"2021-10-19T09:14:41+00:00\",\"breadcrumb\":{\"@id\":\"https:\\\/\\\/fundesplai.org\\\/mandala\\\/objectius\\\/#breadcrumb\"},\"inLanguage\":\"ca\",\"potentialAction\":[{\"@type\":\"ReadAction\",\"target\":[\"https:\\\/\\\/fundesplai.org\\\/mandala\\\/objectius\\\/\"]}]},{\"@type\":\"BreadcrumbList\",\"@id\":\"https:\\\/\\\/fundesplai.org\\\/mandala\\\/objectius\\\/#breadcrumb\",\"itemListElement\":[{\"@type\":\"ListItem\",\"position\":1,\"name\":\"Inici\",\"item\":\"\\\/\"},{\"@type\":\"ListItem\",\"position\":2,\"name\":\"Mandala\",\"item\":\"https:\\\/\\\/fundesplai.org\\\/mandala\"},{\"@type\":\"ListItem\",\"position\":3,\"name\":\"Objectius\"}]},{\"@type\":\"WebSite\",\"@id\":\"https:\\\/\\\/fundesplai.org\\\/mandala\\\/#website\",\"url\":\"https:\\\/\\\/fundesplai.org\\\/mandala\\\/\",\"name\":\"Mandala\",\"description\":\"Proposta educativa de Fundesplai\",\"potentialAction\":[{\"@type\":\"SearchAction\",\"target\":{\"@type\":\"EntryPoint\",\"urlTemplate\":\"https:\\\/\\\/fundesplai.org\\\/mandala\\\/?s={search_term_string}\"},\"query-input\":{\"@type\":\"PropertyValueSpecification\",\"valueRequired\":true,\"valueName\":\"search_term_string\"}}],\"inLanguage\":\"ca\"}]}<\/script>\n<!-- \/ Yoast SEO plugin. -->","yoast_head_json":{"title":"Objectius - Mandala","robots":{"index":"index","follow":"follow","max-snippet":"max-snippet:-1","max-image-preview":"max-image-preview:large","max-video-preview":"max-video-preview:-1"},"canonical":"https:\/\/fundesplai.org\/mandala\/objectius\/","og_locale":"ca_ES","og_type":"article","og_title":"Objectius - Mandala","og_description":"Objectius educatius Els objectius educatius generals de la proposta educativa s\u2019articulen entorn dels 4 valors de la Fundaci\u00f3 Catalana de l\u2019Esplai: Utopia Conviure en harmonia en entorns d\u2019interculturalitat normalitzats i integrats en les relacions quotidianes del barri. Recon\u00e8ixer les pertinences de forma m\u00fatua. Concebre la diversitat cultural com un fet real, que existeix a la [&hellip;]","og_url":"https:\/\/fundesplai.org\/mandala\/objectius\/","og_site_name":"Mandala","article_modified_time":"2021-10-19T09:14:41+00:00","twitter_card":"summary_large_image","twitter_misc":{"Temps estimat de lectura":"1 minut"},"schema":{"@context":"https:\/\/schema.org","@graph":[{"@type":"WebPage","@id":"https:\/\/fundesplai.org\/mandala\/objectius\/","url":"https:\/\/fundesplai.org\/mandala\/objectius\/","name":"Objectius - Mandala","isPartOf":{"@id":"https:\/\/fundesplai.org\/mandala\/#website"},"datePublished":"2021-08-17T09:28:35+00:00","dateModified":"2021-10-19T09:14:41+00:00","breadcrumb":{"@id":"https:\/\/fundesplai.org\/mandala\/objectius\/#breadcrumb"},"inLanguage":"ca","potentialAction":[{"@type":"ReadAction","target":["https:\/\/fundesplai.org\/mandala\/objectius\/"]}]},{"@type":"BreadcrumbList","@id":"https:\/\/fundesplai.org\/mandala\/objectius\/#breadcrumb","itemListElement":[{"@type":"ListItem","position":1,"name":"Inici","item":"\/"},{"@type":"ListItem","position":2,"name":"Mandala","item":"https:\/\/fundesplai.org\/mandala"},{"@type":"ListItem","position":3,"name":"Objectius"}]},{"@type":"WebSite","@id":"https:\/\/fundesplai.org\/mandala\/#website","url":"https:\/\/fundesplai.org\/mandala\/","name":"Mandala","description":"Proposta educativa de Fundesplai","potentialAction":[{"@type":"SearchAction","target":{"@type":"EntryPoint","urlTemplate":"https:\/\/fundesplai.org\/mandala\/?s={search_term_string}"},"query-input":{"@type":"PropertyValueSpecification","valueRequired":true,"valueName":"search_term_string"}}],"inLanguage":"ca"}]}},"_links":{"self":[{"href":"https:\/\/fundesplai.org\/mandala\/wp-json\/wp\/v2\/pages\/61","targetHints":{"allow":["GET"]}}],"collection":[{"href":"https:\/\/fundesplai.org\/mandala\/wp-json\/wp\/v2\/pages"}],"about":[{"href":"https:\/\/fundesplai.org\/mandala\/wp-json\/wp\/v2\/types\/page"}],"author":[{"embeddable":true,"href":"https:\/\/fundesplai.org\/mandala\/wp-json\/wp\/v2\/users\/4"}],"replies":[{"embeddable":true,"href":"https:\/\/fundesplai.org\/mandala\/wp-json\/wp\/v2\/comments?post=61"}],"version-history":[{"count":4,"href":"https:\/\/fundesplai.org\/mandala\/wp-json\/wp\/v2\/pages\/61\/revisions"}],"predecessor-version":[{"id":175,"href":"https:\/\/fundesplai.org\/mandala\/wp-json\/wp\/v2\/pages\/61\/revisions\/175"}],"wp:attachment":[{"href":"https:\/\/fundesplai.org\/mandala\/wp-json\/wp\/v2\/media?parent=61"}],"curies":[{"name":"wp","href":"https:\/\/api.w.org\/{rel}","templated":true}]}}