{"id":59,"date":"2021-08-17T11:26:14","date_gmt":"2021-08-17T09:26:14","guid":{"rendered":"https:\/\/fundesplai.org\/mandala\/?page_id=59"},"modified":"2023-03-16T12:40:55","modified_gmt":"2023-03-16T11:40:55","slug":"la-interculturalitat-a-lesplai","status":"publish","type":"page","link":"https:\/\/fundesplai.org\/mandala\/la-interculturalitat-a-lesplai\/","title":{"rendered":"La interculturalitat a l&#8217;Esplai"},"content":{"rendered":"[et_pb_section fb_built=&#8221;1&#8243; _builder_version=&#8221;4.16&#8243; global_colors_info=&#8221;{}&#8221;][et_pb_row _builder_version=&#8221;4.16&#8243; background_size=&#8221;initial&#8221; background_position=&#8221;top_left&#8221; background_repeat=&#8221;repeat&#8221; global_colors_info=&#8221;{}&#8221;][et_pb_column type=&#8221;4_4&#8243; _builder_version=&#8221;4.16&#8243; custom_padding=&#8221;|||&#8221; global_colors_info=&#8221;{}&#8221; custom_padding__hover=&#8221;|||&#8221;][et_pb_post_title meta=&#8221;off&#8221; featured_image=&#8221;off&#8221; _builder_version=&#8221;4.16&#8243; _module_preset=&#8221;default&#8221; global_colors_info=&#8221;{}&#8221;][\/et_pb_post_title][et_pb_text _builder_version=&#8221;4.19.0&#8243; background_size=&#8221;initial&#8221; background_position=&#8221;top_left&#8221; background_repeat=&#8221;repeat&#8221; hover_enabled=&#8221;0&#8243; global_colors_info=&#8221;{}&#8221; sticky_enabled=&#8221;0&#8243;]<p>La conviv\u00e8ncia de persones amb diferents maneres de ser, de fer, estar i pensar s\u2019ha donat al llarg de la hist\u00f2ria, per\u00f2 aquest fet s\u2019ha intensificat en el m\u00f3n globalitzat actual arran de la millora de les comunicacions i els transports. L\u2019augment de la mobilitat de les persones ha potenciat els canvis de llocs de resid\u00e8ncia i amb aquests, la barreja de cultures, el coneixement de noves lleng\u00fces, tradicions, ideologies i maneres de fer les coses.<\/p>\n<p>D\u2019aquesta barreja en diem\u00a0<em>diversitat cultural<\/em>\u00a0i el fenomen que ens ha ajudat a detectar-la ha estat el de la immigraci\u00f3, per\u00f2 seria un error associar-la \u00fanicament al fet migratori, ja que la diversitat cultural \u00e9s una realitat amb un ampli ventall de caracter\u00edstiques.<\/p>\n<p>El tipus de gesti\u00f3 que se\u2019n fa d\u2019un fet real com \u00e9s la diversitat cultural dep\u00e8n de la perspectiva de la qual decidim partir. Els diferents models d\u2019actuaci\u00f3 deriven del valor que es d\u00f3na a la\u00a0<em>difer\u00e8ncia<\/em>\u00a0i\u00a0<em>l\u2019ideal d\u2019integraci\u00f3<\/em> que es persegueixi i, tot i que no s\u00f3n tancats ni exclusius, es poden classificar de la seg\u00fcent manera<\/p>\n<h3>Assimilacionisme<\/h3>\n<p>L\u2019assimilacionisme defensa la monoculturalitat perqu\u00e8 pret\u00e9n la identificaci\u00f3 plena dels immigrants i de les minories aut\u00f2ctones amb la societat majorit\u00e0ria i la cultura dominant. Per\u00f2 no tan sols aix\u00f2, sin\u00f3 que paral\u00b7lelament tamb\u00e9 pret\u00e9n la ren\u00fancia als propis referents culturals.<\/p>\n<p>Aquest model se centra, doncs, en la modificaci\u00f3 dels propis h\u00e0bits i l\u2019acceptaci\u00f3 dels valors de la societat receptora, considerats superiors i immutables, per tal de preservar una pretesa\u00a0<em>\u201ccohesi\u00f3 i pau social\u201d<\/em>. Fruit d\u2019una visi\u00f3 etnoc\u00e8ntrica, les idees i els valors dels grups culturals aliens al majoritari s\u00f3n silenciats, considerats inferiors i menys evolucionats.<\/p>\n<p>L\u2019objectiu de l\u2019assimilacionisme \u00e9s, en conclusi\u00f3, l\u2019anul\u00b7laci\u00f3 de tota difer\u00e8ncia i la defensa de l\u2019hegemonia d\u2019una \u00fanica cultura valuosa.<\/p>\n<h3>Multiculturalisme<\/h3>\n<p>El multiculturalisme parteix del reconeixement i la valoraci\u00f3 de tots els grups culturals que coexisteixen en un mateix territori, per igual. Es fonamenta en el dret a la difer\u00e8ncia, el respecte mutu i la toler\u00e0ncia. Reconeix la diversitat cultural com un fet inherent a la societat heterog\u00e8nia.<\/p>\n<p>La limitaci\u00f3 que planteja aquest model \u00e9s que defensa la coexist\u00e8ncia de grups\u00a0culturals diferenciats, per\u00f2 no va m\u00e9s enll\u00e0, sin\u00f3 que es queda a les portes de la conviv\u00e8ncia i l\u2019intercanvi. Aix\u00ed doncs, podr\u00edem dir que el multiculturalisme genera un mosaic pluricultural on cada grup cultural resta amb els seus sense que es produeixi un contacte real amb els altres.<\/p>\n<h3>Interculturalisme<\/h3>\n<p>La interculturalitat pret\u00e9n integrar tant el reconeixement de la diversitat com l\u2019adhesi\u00f3 a uns m\u00ednims comuns basats en els drets humans i la democr\u00e0cia. Repr\u00e8n el principi de la igualtat i els valors democr\u00e0tics, afavorint l\u2019expressi\u00f3 de les difer\u00e8ncies individuals i col\u00b7lectives.<\/p>\n<p>Els objectius b\u00e0sics de la perspectiva intercultural s\u00f3n el reconeixement del pluralisme cultural i el respecte a la identitat pr\u00f2pia de cada cultura. Per\u00f2 aquesta perspectiva es diferencia de la multicultural en que va m\u00e9s enll\u00e0 i anhela la construcci\u00f3 d\u2019una societat plural cohesionada i democr\u00e0tica.<\/p>\n<p><\/p>[\/et_pb_text][et_pb_testimonial _builder_version=&#8221;4.19.0&#8243; _module_preset=&#8221;default&#8221; custom_margin=&#8221;30px||30px||false|false&#8221; global_colors_info=&#8221;{}&#8221;]<p>Les cultures poden coexistir sense gaireb\u00e9 contacte entre elles (multiculturalitat) o poden relacionar-se, creuar-se, interaccionar-se (interculturalitat) tractant d\u2019enriquir-se m\u00fatuament.<\/p>[\/et_pb_testimonial][et_pb_text _builder_version=&#8221;4.19.0&#8243; _module_preset=&#8221;default&#8221; global_colors_info=&#8221;{}&#8221;]<p>La interculturalitat conserva la identitat pr\u00f2pia de cada cultura i, a m\u00e9s a m\u00e9s, produeix di\u00e0leg. Podem dir doncs, que <strong>la diversitat cultural \u00e9s un fet i la interculturalitat la nostra meta<\/strong>.<\/p>\n<p>Des de \u201cL\u2019Esplai\u201d prenem aquest model com a base per al treball educatiu en el lleure que ens permeti construir una realitat basada en la conviv\u00e8ncia i el di\u00e0leg. Recon\u00e8ixer la pr\u00f2pia cultura ens portar\u00e0 a trobar-nos amb altres cultures de forma c\u00edvica i democr\u00e0tica. D\u2019aquesta manera arribarem a comprendre el m\u00f3n de forma global i permetrem la integraci\u00f3 de les persones que estan excloses, amb la qual cosa, serem m\u00e9s justos amb la societat en general.<\/p>\n<p>Al segon Document per al debat de la Fundaci\u00f3 Catalana de l\u2019Esplai, els autors parlen del\u00a0<em>\u201ctriangle tem\u00e0tic\u201d<\/em>\u00a0per referir-se a la realitat actual amb la qual ens trobem i que \u00e9s objecte del nostre treball:<\/p>[\/et_pb_text][et_pb_testimonial _builder_version=&#8221;4.19.0&#8243; _module_preset=&#8221;default&#8221; custom_margin=&#8221;30px||50px||false|false&#8221; global_colors_info=&#8221;{}&#8221;]<p>Tenim, d\u2019una banda, un fet, un fenomen o una situaci\u00f3, com \u00e9s la immigraci\u00f3 (amb ideals relacionats amb la integraci\u00f3 social o la interculturalitat). Tenim, en segon terme, un ideal, una finalitat o una meta, com \u00e9s el de la ciutadania (amb situacions de fet i pr\u00e0ctiques objectives). Finalment, tenim una via, un mitj\u00e0 o un instrument, com \u00e9s l\u2019educaci\u00f3 (en si mateixa tamb\u00e9 un ideal).<\/p>[\/et_pb_testimonial][\/et_pb_column][\/et_pb_row][\/et_pb_section]","protected":false},"excerpt":{"rendered":"<p>La conviv\u00e8ncia de persones amb diferents maneres de ser, de fer, estar i pensar s\u2019ha donat al llarg de la hist\u00f2ria, per\u00f2 aquest fet s\u2019ha intensificat en el m\u00f3n globalitzat actual arran de la millora de les comunicacions i els transports. L\u2019augment de la mobilitat de les persones ha potenciat els canvis de llocs de [&hellip;]<\/p>\n","protected":false},"author":4,"featured_media":0,"parent":0,"menu_order":0,"comment_status":"closed","ping_status":"closed","template":"","meta":{"_et_pb_use_builder":"on","_et_pb_old_content":"<!-- wp:paragraph -->\r\n<p>La conviv\u00e8ncia de persones amb diferents maneres de ser, de fer, estar i pensar s\u2019ha donat al llarg de la hist\u00f2ria, per\u00f2 aquest fet s\u2019ha intensificat en el m\u00f3n globalitzat actual arran de la millora de les comunicacions i els transports. L\u2019augment de la mobilitat de les persones ha potenciat els canvis de llocs de resid\u00e8ncia i amb aquests, la barreja de cultures, el coneixement de noves lleng\u00fces, tradicions, ideologies i maneres de fer les coses.<\/p>\r\n<!-- \/wp:paragraph --><!-- wp:paragraph -->\r\n<p>D\u2019aquesta barreja en diem\u00a0<em>diversitat cultural<\/em>\u00a0i el fenomen que ens ha ajudat a detectar-la ha estat el de la immigraci\u00f3, per\u00f2 seria un error associar-la \u00fanicament al fet migratori, ja que la diversitat cultural \u00e9s una realitat amb un ampli ventall de caracter\u00edstiques.<\/p>\r\n<!-- \/wp:paragraph --><!-- wp:paragraph -->\r\n<p>El tipus de gesti\u00f3 que se\u2019n fa d\u2019un fet real com \u00e9s la diversitat cultural dep\u00e8n de la perspectiva de la qual decidim partir. Els diferents models d\u2019actuaci\u00f3 deriven del valor que es d\u00f3na a la\u00a0<em>difer\u00e8ncia<\/em>\u00a0i\u00a0<em>l\u2019ideal d\u2019integraci\u00f3<\/em>\u00a0que es persegueixi i, tot i que no s\u00f3n tancats ni exclusius, es poden classificar de la seg\u00fcent manera:<\/p>\r\n<!-- \/wp:paragraph --><!-- wp:heading {\"level\":3} -->\r\n<h3>Assimilacionisme<\/h3>\r\n<!-- \/wp:heading --><!-- wp:paragraph -->\r\n<p>L\u2019assimilacionisme defensa la monoculturalitat perqu\u00e8 pret\u00e9n la identificaci\u00f3 plena dels immigrants i de les minories aut\u00f2ctones amb la societat majorit\u00e0ria i la cultura dominant. Per\u00f2 no tan sols aix\u00f2, sin\u00f3 que paral\u00b7lelament tamb\u00e9 pret\u00e9n la ren\u00fancia als propis referents culturals.<\/p>\r\n<!-- \/wp:paragraph --><!-- wp:paragraph -->\r\n<p>Aquest model se centra, doncs, en la modificaci\u00f3 dels propis h\u00e0bits i l\u2019acceptaci\u00f3 dels valors de la societat receptora, considerats superiors i immutables, per tal de preservar una pretesa\u00a0<em>\u201ccohesi\u00f3 i pau social\u201d<\/em>. Fruit d\u2019una visi\u00f3 etnoc\u00e8ntrica, les idees i els valors dels grups culturals aliens al majoritari s\u00f3n silenciats, considerats inferiors i menys evolucionats.<\/p>\r\n<!-- \/wp:paragraph --><!-- wp:paragraph -->\r\n<p>L\u2019objectiu de l\u2019assimilacionisme \u00e9s, en conclusi\u00f3, l\u2019anul\u00b7laci\u00f3 de tota difer\u00e8ncia i la defensa de l\u2019hegemonia d\u2019una \u00fanica cultura valuosa.<\/p>\r\n<!-- \/wp:paragraph --><!-- wp:heading {\"level\":3} -->\r\n<h3>Multiculturalisme<\/h3>\r\n<!-- \/wp:heading --><!-- wp:paragraph -->\r\n<p>El multiculturalisme parteix del reconeixement i la valoraci\u00f3 de tots els grups culturals que coexisteixen en un mateix territori, per igual. Es fonamenta en el dret a la difer\u00e8ncia, el respecte mutu i la toler\u00e0ncia. Reconeix la diversitat cultural com un fet inherent a la societat heterog\u00e8nia.<\/p>\r\n<!-- \/wp:paragraph --><!-- wp:paragraph -->\r\n<p>La limitaci\u00f3 que planteja aquest model \u00e9s que defensa la coexist\u00e8ncia de grups\u00a0culturals diferenciats, per\u00f2 no va m\u00e9s enll\u00e0, sin\u00f3 que es queda a les portes de la conviv\u00e8ncia i l\u2019intercanvi. Aix\u00ed doncs, podr\u00edem dir que el multiculturalisme genera un mosaic pluricultural on cada grup cultural resta amb els seus sense que es produeixi un contacte real amb els altres.<\/p>\r\n<!-- \/wp:paragraph --><!-- wp:heading {\"level\":3} -->\r\n<h3>Interculturalisme<\/h3>\r\n<!-- \/wp:heading --><!-- wp:paragraph -->\r\n<p>La interculturalitat pret\u00e9n integrar tant el reconeixement de la diversitat com l\u2019adhesi\u00f3 a uns m\u00ednims comuns basats en els drets humans i la democr\u00e0cia. Repr\u00e8n el principi de la igualtat i els valors democr\u00e0tics, afavorint l\u2019expressi\u00f3 de les difer\u00e8ncies individuals i col\u00b7lectives.<\/p>\r\n<!-- \/wp:paragraph --><!-- wp:paragraph -->\r\n<p>Els objectius b\u00e0sics de la perspectiva intercultural s\u00f3n el reconeixement del pluralisme cultural i el respecte a la identitat pr\u00f2pia de cada cultura. Per\u00f2 aquesta perspectiva es diferencia de la multicultural en que va m\u00e9s enll\u00e0 i anhela la construcci\u00f3 d\u2019una societat plural cohesionada i democr\u00e0tica.<\/p>\r\n<!-- \/wp:paragraph --><!-- wp:quote -->\r\n<blockquote class=\"wp-block-quote\">\r\n<p><em>\u201cLas cultures poden coexistir sense gaireb\u00e9 contacte entre elles (multiculturalitat) o poden relacionar-se, creuar-se, interaccionar-se (interculturalitat) tractant d\u2019enriquir-se m\u00fatuament\u201d.<\/em><\/p>\r\n<\/blockquote>\r\n<!-- \/wp:quote --><!-- wp:paragraph -->\r\n<p>La interculturalitat conserva la identitat pr\u00f2pia de cada cultura i, a m\u00e9s a m\u00e9s, produeix di\u00e0leg. Podem dir doncs, que\u00a0<strong>la diversitat cultural \u00e9s un fet i la interculturalitat la nostra meta<\/strong>.<\/p>\r\n<!-- \/wp:paragraph --><!-- wp:paragraph -->\r\n<p>Des de \u201cL\u2019Esplai\u201d prenem aquest model com a base per al treball educatiu en el lleure que ens permeti construir una realitat basada en la conviv\u00e8ncia i el di\u00e0leg. Recon\u00e8ixer la pr\u00f2pia cultura ens portar\u00e0 a trobar-nos amb altres cultures de forma c\u00edvica i democr\u00e0tica. D\u2019aquesta manera arribarem a comprendre el m\u00f3n de forma global i permetrem la integraci\u00f3 de les persones que estan excloses, amb la qual cosa, serem m\u00e9s justos amb la societat en general.<\/p>\r\n<!-- \/wp:paragraph --><!-- wp:paragraph -->\r\n<p>Al segon Document per al debat de la Fundaci\u00f3 Catalana de l\u2019Esplai, els autors parlen del\u00a0<em>\u201ctriangle tem\u00e0tic\u201d<\/em>\u00a0per referir-se a la realitat actual amb la qual ens trobem i que \u00e9s objecte del nostre treball:<\/p>\r\n<!-- \/wp:paragraph --><!-- wp:quote -->\r\n<blockquote class=\"wp-block-quote\">\r\n<p><em>\u201cTenim, d\u2019una banda, un fet, un fenomen o una situaci\u00f3, com \u00e9s la immigraci\u00f3 (amb ideals relacionats amb la integraci\u00f3 social o la interculturalitat). Tenim, en segon terme, un ideal, una finalitat o una meta, com \u00e9s el de la ciutadania (amb situacions de fet i pr\u00e0ctiques objectives). Finalment, tenim una via, un mitj\u00e0 o un instrument, com \u00e9s l\u2019educaci\u00f3 (en si mateixa tamb\u00e9 un ideal).\u201d<\/em><\/p>\r\n<\/blockquote>\r\n<!-- \/wp:quote -->","_et_gb_content_width":"1200","footnotes":""},"class_list":["post-59","page","type-page","status-publish","hentry"],"yoast_head":"<!-- This site is optimized with the Yoast SEO plugin v27.4 - https:\/\/yoast.com\/product\/yoast-seo-wordpress\/ -->\n<title>La interculturalitat a l&#039;Esplai - Mandala<\/title>\n<meta name=\"robots\" content=\"index, follow, max-snippet:-1, max-image-preview:large, max-video-preview:-1\" \/>\n<link rel=\"canonical\" href=\"https:\/\/fundesplai.org\/mandala\/la-interculturalitat-a-lesplai\/\" \/>\n<meta property=\"og:locale\" content=\"ca_ES\" \/>\n<meta property=\"og:type\" content=\"article\" \/>\n<meta property=\"og:title\" content=\"La interculturalitat a l&#039;Esplai - Mandala\" \/>\n<meta property=\"og:description\" content=\"La conviv\u00e8ncia de persones amb diferents maneres de ser, de fer, estar i pensar s\u2019ha donat al llarg de la hist\u00f2ria, per\u00f2 aquest fet s\u2019ha intensificat en el m\u00f3n globalitzat actual arran de la millora de les comunicacions i els transports. L\u2019augment de la mobilitat de les persones ha potenciat els canvis de llocs de [&hellip;]\" \/>\n<meta property=\"og:url\" content=\"https:\/\/fundesplai.org\/mandala\/la-interculturalitat-a-lesplai\/\" \/>\n<meta property=\"og:site_name\" content=\"Mandala\" \/>\n<meta property=\"article:modified_time\" content=\"2023-03-16T11:40:55+00:00\" \/>\n<meta name=\"twitter:card\" content=\"summary_large_image\" \/>\n<meta name=\"twitter:label1\" content=\"Temps estimat de lectura\" \/>\n\t<meta name=\"twitter:data1\" content=\"6 minuts\" \/>\n<script type=\"application\/ld+json\" class=\"yoast-schema-graph\">{\"@context\":\"https:\\\/\\\/schema.org\",\"@graph\":[{\"@type\":\"WebPage\",\"@id\":\"https:\\\/\\\/fundesplai.org\\\/mandala\\\/la-interculturalitat-a-lesplai\\\/\",\"url\":\"https:\\\/\\\/fundesplai.org\\\/mandala\\\/la-interculturalitat-a-lesplai\\\/\",\"name\":\"La interculturalitat a l'Esplai - Mandala\",\"isPartOf\":{\"@id\":\"https:\\\/\\\/fundesplai.org\\\/mandala\\\/#website\"},\"datePublished\":\"2021-08-17T09:26:14+00:00\",\"dateModified\":\"2023-03-16T11:40:55+00:00\",\"breadcrumb\":{\"@id\":\"https:\\\/\\\/fundesplai.org\\\/mandala\\\/la-interculturalitat-a-lesplai\\\/#breadcrumb\"},\"inLanguage\":\"ca\",\"potentialAction\":[{\"@type\":\"ReadAction\",\"target\":[\"https:\\\/\\\/fundesplai.org\\\/mandala\\\/la-interculturalitat-a-lesplai\\\/\"]}]},{\"@type\":\"BreadcrumbList\",\"@id\":\"https:\\\/\\\/fundesplai.org\\\/mandala\\\/la-interculturalitat-a-lesplai\\\/#breadcrumb\",\"itemListElement\":[{\"@type\":\"ListItem\",\"position\":1,\"name\":\"Inici\",\"item\":\"\\\/\"},{\"@type\":\"ListItem\",\"position\":2,\"name\":\"Mandala\",\"item\":\"https:\\\/\\\/fundesplai.org\\\/mandala\"},{\"@type\":\"ListItem\",\"position\":3,\"name\":\"La interculturalitat a l&#8217;Esplai\"}]},{\"@type\":\"WebSite\",\"@id\":\"https:\\\/\\\/fundesplai.org\\\/mandala\\\/#website\",\"url\":\"https:\\\/\\\/fundesplai.org\\\/mandala\\\/\",\"name\":\"Mandala\",\"description\":\"Proposta educativa de Fundesplai\",\"potentialAction\":[{\"@type\":\"SearchAction\",\"target\":{\"@type\":\"EntryPoint\",\"urlTemplate\":\"https:\\\/\\\/fundesplai.org\\\/mandala\\\/?s={search_term_string}\"},\"query-input\":{\"@type\":\"PropertyValueSpecification\",\"valueRequired\":true,\"valueName\":\"search_term_string\"}}],\"inLanguage\":\"ca\"}]}<\/script>\n<!-- \/ Yoast SEO plugin. -->","yoast_head_json":{"title":"La interculturalitat a l'Esplai - Mandala","robots":{"index":"index","follow":"follow","max-snippet":"max-snippet:-1","max-image-preview":"max-image-preview:large","max-video-preview":"max-video-preview:-1"},"canonical":"https:\/\/fundesplai.org\/mandala\/la-interculturalitat-a-lesplai\/","og_locale":"ca_ES","og_type":"article","og_title":"La interculturalitat a l'Esplai - Mandala","og_description":"La conviv\u00e8ncia de persones amb diferents maneres de ser, de fer, estar i pensar s\u2019ha donat al llarg de la hist\u00f2ria, per\u00f2 aquest fet s\u2019ha intensificat en el m\u00f3n globalitzat actual arran de la millora de les comunicacions i els transports. L\u2019augment de la mobilitat de les persones ha potenciat els canvis de llocs de [&hellip;]","og_url":"https:\/\/fundesplai.org\/mandala\/la-interculturalitat-a-lesplai\/","og_site_name":"Mandala","article_modified_time":"2023-03-16T11:40:55+00:00","twitter_card":"summary_large_image","twitter_misc":{"Temps estimat de lectura":"6 minuts"},"schema":{"@context":"https:\/\/schema.org","@graph":[{"@type":"WebPage","@id":"https:\/\/fundesplai.org\/mandala\/la-interculturalitat-a-lesplai\/","url":"https:\/\/fundesplai.org\/mandala\/la-interculturalitat-a-lesplai\/","name":"La interculturalitat a l'Esplai - Mandala","isPartOf":{"@id":"https:\/\/fundesplai.org\/mandala\/#website"},"datePublished":"2021-08-17T09:26:14+00:00","dateModified":"2023-03-16T11:40:55+00:00","breadcrumb":{"@id":"https:\/\/fundesplai.org\/mandala\/la-interculturalitat-a-lesplai\/#breadcrumb"},"inLanguage":"ca","potentialAction":[{"@type":"ReadAction","target":["https:\/\/fundesplai.org\/mandala\/la-interculturalitat-a-lesplai\/"]}]},{"@type":"BreadcrumbList","@id":"https:\/\/fundesplai.org\/mandala\/la-interculturalitat-a-lesplai\/#breadcrumb","itemListElement":[{"@type":"ListItem","position":1,"name":"Inici","item":"\/"},{"@type":"ListItem","position":2,"name":"Mandala","item":"https:\/\/fundesplai.org\/mandala"},{"@type":"ListItem","position":3,"name":"La interculturalitat a l&#8217;Esplai"}]},{"@type":"WebSite","@id":"https:\/\/fundesplai.org\/mandala\/#website","url":"https:\/\/fundesplai.org\/mandala\/","name":"Mandala","description":"Proposta educativa de Fundesplai","potentialAction":[{"@type":"SearchAction","target":{"@type":"EntryPoint","urlTemplate":"https:\/\/fundesplai.org\/mandala\/?s={search_term_string}"},"query-input":{"@type":"PropertyValueSpecification","valueRequired":true,"valueName":"search_term_string"}}],"inLanguage":"ca"}]}},"_links":{"self":[{"href":"https:\/\/fundesplai.org\/mandala\/wp-json\/wp\/v2\/pages\/59","targetHints":{"allow":["GET"]}}],"collection":[{"href":"https:\/\/fundesplai.org\/mandala\/wp-json\/wp\/v2\/pages"}],"about":[{"href":"https:\/\/fundesplai.org\/mandala\/wp-json\/wp\/v2\/types\/page"}],"author":[{"embeddable":true,"href":"https:\/\/fundesplai.org\/mandala\/wp-json\/wp\/v2\/users\/4"}],"replies":[{"embeddable":true,"href":"https:\/\/fundesplai.org\/mandala\/wp-json\/wp\/v2\/comments?post=59"}],"version-history":[{"count":5,"href":"https:\/\/fundesplai.org\/mandala\/wp-json\/wp\/v2\/pages\/59\/revisions"}],"predecessor-version":[{"id":214,"href":"https:\/\/fundesplai.org\/mandala\/wp-json\/wp\/v2\/pages\/59\/revisions\/214"}],"wp:attachment":[{"href":"https:\/\/fundesplai.org\/mandala\/wp-json\/wp\/v2\/media?parent=59"}],"curies":[{"name":"wp","href":"https:\/\/api.w.org\/{rel}","templated":true}]}}