{"id":233,"date":"2023-03-16T14:21:22","date_gmt":"2023-03-16T13:21:22","guid":{"rendered":"https:\/\/fundesplai.org\/mandala\/?page_id=233"},"modified":"2023-03-17T13:14:30","modified_gmt":"2023-03-17T12:14:30","slug":"eix-danimacio-de-8-a-12-anys","status":"publish","type":"page","link":"https:\/\/fundesplai.org\/mandala\/eix-danimacio-de-8-a-12-anys\/","title":{"rendered":"Eix d&#8217;animaci\u00f3 de 8 a 12 anys"},"content":{"rendered":"<p>[et_pb_section fb_built=&#8221;1&#8243; _builder_version=&#8221;4.19.0&#8243; _module_preset=&#8221;default&#8221; global_colors_info=&#8221;{}&#8221;][et_pb_row _builder_version=&#8221;4.19.0&#8243; _module_preset=&#8221;default&#8221; global_colors_info=&#8221;{}&#8221;][et_pb_column type=&#8221;4_4&#8243; _builder_version=&#8221;4.19.0&#8243; _module_preset=&#8221;default&#8221; global_colors_info=&#8221;{}&#8221;][et_pb_post_title _builder_version=&#8221;4.19.0&#8243; _module_preset=&#8221;default&#8221; meta=&#8221;off&#8221; featured_image=&#8221;off&#8221; hover_enabled=&#8221;0&#8243; sticky_enabled=&#8221;0&#8243;][\/et_pb_post_title][et_pb_text _builder_version=&#8221;4.19.0&#8243; _module_preset=&#8221;default&#8221; custom_margin=&#8221;||50px||false|false&#8221; global_colors_info=&#8221;{}&#8221;]<\/p>\n<h3 class=\"subtema3\">Projecte de teatre<\/h3>\n<p>Els infants mitjans treballaran entorn un projecte de teatre que els permetr\u00e0 posar-se a la pell dels personatges de l\u2019obra, treballar en equip, reflexionar entorn les situacions que viuen els personatges i posar en pr\u00e0ctica totes les seves habilitats creatives.<\/p>\n<p>Proposem treballar el segon llibre de La Tribu de Camelot.\u00a0<em>El misteri del bot\u00ed pirata<\/em>, perqu\u00e8 permetr\u00e0 als infants mitjans desenvolupar actituds de respecte, empatia i amistat. La manera de treballar de la colla ens ajudar\u00e0 a remarcar la igualtat entre les persones per damunt de les difer\u00e8ncies. El fet que La Tribu tingui l\u2019objectiu d\u2019ajudar els altres ens portar\u00e0 a reflexionar entorn les situacions injustes i de desigualtat. En definitiva, representar aquesta obra \u00e9s una molt bona ocasi\u00f3 per posar en pr\u00e0ctica els continguts de la proposta educativa i desenvolupar activitats des de la interculturalitat i la fraternitat.<\/p>\n<p>[\/et_pb_text][\/et_pb_column][\/et_pb_row][\/et_pb_section]<\/p>\n","protected":false},"excerpt":{"rendered":"<p>Projecte de teatre Els infants mitjans treballaran entorn un projecte de teatre que els permetr\u00e0 posar-se a la pell dels personatges de l\u2019obra, treballar en equip, reflexionar entorn les situacions que viuen els personatges i posar en pr\u00e0ctica totes les seves habilitats creatives. Proposem treballar el segon llibre de La Tribu de Camelot.\u00a0El misteri del [&hellip;]<\/p>\n","protected":false},"author":27,"featured_media":0,"parent":0,"menu_order":0,"comment_status":"closed","ping_status":"closed","template":"","meta":{"_et_pb_use_builder":"on","_et_pb_old_content":"","_et_gb_content_width":"","footnotes":""},"class_list":["post-233","page","type-page","status-publish","hentry"],"yoast_head":"<!-- This site is optimized with the Yoast SEO plugin v27.4 - https:\/\/yoast.com\/product\/yoast-seo-wordpress\/ -->\n<title>Eix d&#039;animaci\u00f3 de 8 a 12 anys - Mandala<\/title>\n<meta name=\"robots\" content=\"index, follow, max-snippet:-1, max-image-preview:large, max-video-preview:-1\" \/>\n<link rel=\"canonical\" href=\"https:\/\/fundesplai.org\/mandala\/eix-danimacio-de-8-a-12-anys\/\" \/>\n<meta property=\"og:locale\" content=\"ca_ES\" \/>\n<meta property=\"og:type\" content=\"article\" \/>\n<meta property=\"og:title\" content=\"Eix d&#039;animaci\u00f3 de 8 a 12 anys - Mandala\" \/>\n<meta property=\"og:description\" content=\"Projecte de teatre Els infants mitjans treballaran entorn un projecte de teatre que els permetr\u00e0 posar-se a la pell dels personatges de l\u2019obra, treballar en equip, reflexionar entorn les situacions que viuen els personatges i posar en pr\u00e0ctica totes les seves habilitats creatives. Proposem treballar el segon llibre de La Tribu de Camelot.\u00a0El misteri del [&hellip;]\" \/>\n<meta property=\"og:url\" content=\"https:\/\/fundesplai.org\/mandala\/eix-danimacio-de-8-a-12-anys\/\" \/>\n<meta property=\"og:site_name\" content=\"Mandala\" \/>\n<meta property=\"article:modified_time\" content=\"2023-03-17T12:14:30+00:00\" \/>\n<meta name=\"twitter:card\" content=\"summary_large_image\" \/>\n<meta name=\"twitter:label1\" content=\"Temps estimat de lectura\" \/>\n\t<meta name=\"twitter:data1\" content=\"1 minut\" \/>\n<script type=\"application\/ld+json\" class=\"yoast-schema-graph\">{\"@context\":\"https:\\\/\\\/schema.org\",\"@graph\":[{\"@type\":\"WebPage\",\"@id\":\"https:\\\/\\\/fundesplai.org\\\/mandala\\\/eix-danimacio-de-8-a-12-anys\\\/\",\"url\":\"https:\\\/\\\/fundesplai.org\\\/mandala\\\/eix-danimacio-de-8-a-12-anys\\\/\",\"name\":\"Eix d'animaci\u00f3 de 8 a 12 anys - Mandala\",\"isPartOf\":{\"@id\":\"https:\\\/\\\/fundesplai.org\\\/mandala\\\/#website\"},\"datePublished\":\"2023-03-16T13:21:22+00:00\",\"dateModified\":\"2023-03-17T12:14:30+00:00\",\"breadcrumb\":{\"@id\":\"https:\\\/\\\/fundesplai.org\\\/mandala\\\/eix-danimacio-de-8-a-12-anys\\\/#breadcrumb\"},\"inLanguage\":\"ca\",\"potentialAction\":[{\"@type\":\"ReadAction\",\"target\":[\"https:\\\/\\\/fundesplai.org\\\/mandala\\\/eix-danimacio-de-8-a-12-anys\\\/\"]}]},{\"@type\":\"BreadcrumbList\",\"@id\":\"https:\\\/\\\/fundesplai.org\\\/mandala\\\/eix-danimacio-de-8-a-12-anys\\\/#breadcrumb\",\"itemListElement\":[{\"@type\":\"ListItem\",\"position\":1,\"name\":\"Inici\",\"item\":\"\\\/\"},{\"@type\":\"ListItem\",\"position\":2,\"name\":\"Mandala\",\"item\":\"https:\\\/\\\/fundesplai.org\\\/mandala\"},{\"@type\":\"ListItem\",\"position\":3,\"name\":\"Eix d&#8217;animaci\u00f3 de 8 a 12 anys\"}]},{\"@type\":\"WebSite\",\"@id\":\"https:\\\/\\\/fundesplai.org\\\/mandala\\\/#website\",\"url\":\"https:\\\/\\\/fundesplai.org\\\/mandala\\\/\",\"name\":\"Mandala\",\"description\":\"Proposta educativa de Fundesplai\",\"potentialAction\":[{\"@type\":\"SearchAction\",\"target\":{\"@type\":\"EntryPoint\",\"urlTemplate\":\"https:\\\/\\\/fundesplai.org\\\/mandala\\\/?s={search_term_string}\"},\"query-input\":{\"@type\":\"PropertyValueSpecification\",\"valueRequired\":true,\"valueName\":\"search_term_string\"}}],\"inLanguage\":\"ca\"}]}<\/script>\n<!-- \/ Yoast SEO plugin. -->","yoast_head_json":{"title":"Eix d'animaci\u00f3 de 8 a 12 anys - Mandala","robots":{"index":"index","follow":"follow","max-snippet":"max-snippet:-1","max-image-preview":"max-image-preview:large","max-video-preview":"max-video-preview:-1"},"canonical":"https:\/\/fundesplai.org\/mandala\/eix-danimacio-de-8-a-12-anys\/","og_locale":"ca_ES","og_type":"article","og_title":"Eix d'animaci\u00f3 de 8 a 12 anys - Mandala","og_description":"Projecte de teatre Els infants mitjans treballaran entorn un projecte de teatre que els permetr\u00e0 posar-se a la pell dels personatges de l\u2019obra, treballar en equip, reflexionar entorn les situacions que viuen els personatges i posar en pr\u00e0ctica totes les seves habilitats creatives. Proposem treballar el segon llibre de La Tribu de Camelot.\u00a0El misteri del [&hellip;]","og_url":"https:\/\/fundesplai.org\/mandala\/eix-danimacio-de-8-a-12-anys\/","og_site_name":"Mandala","article_modified_time":"2023-03-17T12:14:30+00:00","twitter_card":"summary_large_image","twitter_misc":{"Temps estimat de lectura":"1 minut"},"schema":{"@context":"https:\/\/schema.org","@graph":[{"@type":"WebPage","@id":"https:\/\/fundesplai.org\/mandala\/eix-danimacio-de-8-a-12-anys\/","url":"https:\/\/fundesplai.org\/mandala\/eix-danimacio-de-8-a-12-anys\/","name":"Eix d'animaci\u00f3 de 8 a 12 anys - Mandala","isPartOf":{"@id":"https:\/\/fundesplai.org\/mandala\/#website"},"datePublished":"2023-03-16T13:21:22+00:00","dateModified":"2023-03-17T12:14:30+00:00","breadcrumb":{"@id":"https:\/\/fundesplai.org\/mandala\/eix-danimacio-de-8-a-12-anys\/#breadcrumb"},"inLanguage":"ca","potentialAction":[{"@type":"ReadAction","target":["https:\/\/fundesplai.org\/mandala\/eix-danimacio-de-8-a-12-anys\/"]}]},{"@type":"BreadcrumbList","@id":"https:\/\/fundesplai.org\/mandala\/eix-danimacio-de-8-a-12-anys\/#breadcrumb","itemListElement":[{"@type":"ListItem","position":1,"name":"Inici","item":"\/"},{"@type":"ListItem","position":2,"name":"Mandala","item":"https:\/\/fundesplai.org\/mandala"},{"@type":"ListItem","position":3,"name":"Eix d&#8217;animaci\u00f3 de 8 a 12 anys"}]},{"@type":"WebSite","@id":"https:\/\/fundesplai.org\/mandala\/#website","url":"https:\/\/fundesplai.org\/mandala\/","name":"Mandala","description":"Proposta educativa de Fundesplai","potentialAction":[{"@type":"SearchAction","target":{"@type":"EntryPoint","urlTemplate":"https:\/\/fundesplai.org\/mandala\/?s={search_term_string}"},"query-input":{"@type":"PropertyValueSpecification","valueRequired":true,"valueName":"search_term_string"}}],"inLanguage":"ca"}]}},"_links":{"self":[{"href":"https:\/\/fundesplai.org\/mandala\/wp-json\/wp\/v2\/pages\/233","targetHints":{"allow":["GET"]}}],"collection":[{"href":"https:\/\/fundesplai.org\/mandala\/wp-json\/wp\/v2\/pages"}],"about":[{"href":"https:\/\/fundesplai.org\/mandala\/wp-json\/wp\/v2\/types\/page"}],"author":[{"embeddable":true,"href":"https:\/\/fundesplai.org\/mandala\/wp-json\/wp\/v2\/users\/27"}],"replies":[{"embeddable":true,"href":"https:\/\/fundesplai.org\/mandala\/wp-json\/wp\/v2\/comments?post=233"}],"version-history":[{"count":7,"href":"https:\/\/fundesplai.org\/mandala\/wp-json\/wp\/v2\/pages\/233\/revisions"}],"predecessor-version":[{"id":299,"href":"https:\/\/fundesplai.org\/mandala\/wp-json\/wp\/v2\/pages\/233\/revisions\/299"}],"wp:attachment":[{"href":"https:\/\/fundesplai.org\/mandala\/wp-json\/wp\/v2\/media?parent=233"}],"curies":[{"name":"wp","href":"https:\/\/api.w.org\/{rel}","templated":true}]}}