{"id":216,"date":"2023-03-16T13:28:00","date_gmt":"2023-03-16T12:28:00","guid":{"rendered":"https:\/\/fundesplai.org\/mandala\/?page_id=216"},"modified":"2023-03-16T14:24:53","modified_gmt":"2023-03-16T13:24:53","slug":"eix-danimacio-de-3-a-8-anys","status":"publish","type":"page","link":"https:\/\/fundesplai.org\/mandala\/eix-danimacio-de-3-a-8-anys\/","title":{"rendered":"Eix d&#8217;animaci\u00f3 de 3 a 8 anys"},"content":{"rendered":"<p>[et_pb_section fb_built=&#8221;1&#8243; _builder_version=&#8221;4.19.0&#8243; _module_preset=&#8221;default&#8221; global_colors_info=&#8221;{}&#8221;][et_pb_row _builder_version=&#8221;4.19.0&#8243; _module_preset=&#8221;default&#8221; global_colors_info=&#8221;{}&#8221;][et_pb_column type=&#8221;4_4&#8243; _builder_version=&#8221;4.19.0&#8243; _module_preset=&#8221;default&#8221; global_colors_info=&#8221;{}&#8221;][et_pb_post_title meta=&#8221;off&#8221; featured_image=&#8221;off&#8221; _builder_version=&#8221;4.19.0&#8243; _module_preset=&#8221;default&#8221; global_colors_info=&#8221;{}&#8221;][\/et_pb_post_title][et_pb_text _builder_version=&#8221;4.19.0&#8243; _module_preset=&#8221;default&#8221; global_colors_info=&#8221;{}&#8221;]<\/p>\n<p>Enguany ens proposem partir del centre d\u2019inter\u00e8s de\u00a0<em>La Tribu de Camelot<\/em>, una col\u00b7lecci\u00f3 de llibres de la Gemma Lienas que tracta d\u2019una colla de nens i nenes que treballen en equip i lluiten per la igualtat.<\/p>\n<p>Hem triat aquests llibres perqu\u00e8:<\/p>\n<ul>\n<li>Estan ben escrits, per una escriptora consagrada.<\/li>\n<li>Ens donen pistes sobre valors humans.<\/li>\n<li>Podem estimular el gust per la lectura a trav\u00e9s d\u2019ells.<\/li>\n<li>Contenen vocabulari que fa refer\u00e8ncia a la interculturalitat i la fraternitat.<\/li>\n<li>Els pares i les mares poden comprar-los a les llibreries i explicar-los a casa.<\/li>\n<li>Sortiran m\u00e9s llibres de la col\u00b7lecci\u00f3\u00a0<em>La Tribu de Camelot<\/em>.<\/li>\n<\/ul>\n<p>Concretament, farem activitats relacionades amb <em>El misteri del canari robat<\/em>, un dels llibres de la col\u00b7lecci\u00f3 que fomenta l\u2019empatia, la just\u00edcia i la solidaritat.<\/p>\n<p>[\/et_pb_text][et_pb_text _builder_version=&#8221;4.19.0&#8243; _module_preset=&#8221;default&#8221; hover_enabled=&#8221;0&#8243; global_colors_info=&#8221;{}&#8221; custom_margin=&#8221;30px||||false|false&#8221; sticky_enabled=&#8221;0&#8243;]<\/p>\n<h3>Sinopsi<\/h3>\n<p>Mentre la Carlota penjava els cartells anunciant la p\u00e8rdua del Papageno, el canari de la seva ve\u00efna Rosa, se li ha acudit la genial idea de formar una colla per resoldre problemes junts!<\/p>\n<p>Als de l\u2019escola els ha semblat fant\u00e0stic. Li han donat moltes voltes al nom que es posarien. Uns proposaven Els cavallers de la taula rodona i les altres Les cavalleres de la taula rodona, per\u00f2 com que cap dels dos noms respecta la igualtat entre els nens i les nenes del grup, finalment han decidit dir-se La Tribu de Camelot, que \u00e9s la fortalesa del Rei Artur on es reunien els cavallers de la taula rodona i sembla que podria ubicar-se a la vora de la costa bretona.<\/p>\n<p>Han acordat treballar sempre en equip, defensar qui ho necessiti i lluitar per la igualtat. A m\u00e9s, han decidit que el primer misteri que hauran de resoldre \u00e9s el del Papageno.<\/p>\n<p>La Tribu de Camelot s\u2019ha posat mans a l\u2019obra per esbrinar qu\u00e8 ha pogut passar amb el Papageno i demanaran ajuda als infants de l\u2019esplai per resoldre el misteri d\u2019aquest canari tan especial, que xiula trossos de La Flauta M\u00e0gica, de Mozart.<\/p>\n<p>A l\u2019esplai presentarem La Tribu de Camelot i la hist\u00f2ria del Papageno.\u00a0 Els infants es convertiran en col\u00b7laboradors dels personatges. Deixarem obert el centre d\u2019inter\u00e8s per poder desenvolupar un seguit d\u2019activitats que ens ajudaran a trobar el canari.<\/p>\n<p>[\/et_pb_text][et_pb_image src=&#8221;http:\/\/fundesplai.org\/mandala\/wp-content\/uploads\/sites\/6\/2023\/03\/sinopsi_mandala.jpg&#8221; align=&#8221;center&#8221; _builder_version=&#8221;4.19.0&#8243; _module_preset=&#8221;default&#8221; custom_margin=&#8221;30px||50px||false|false&#8221; global_colors_info=&#8221;{}&#8221;][\/et_pb_image][et_pb_text _builder_version=&#8221;4.19.0&#8243; _module_preset=&#8221;default&#8221; custom_margin=&#8221;||40px||false|false&#8221; global_colors_info=&#8221;{}&#8221;]<\/p>\n<h3>Els personatges de la hist\u00f2ria<\/h3>\n<p>La Tribu de Camelot som una colla de nens i nenes que hem decidit treballar en equip, defensar les persones que ho necessitin i lluitar per la igualtat. A La Tribu som 6, per\u00f2 tamb\u00e9 us volem presentar el gat Merl\u00ed que ens acompanyar\u00e0 al llarg de la hist\u00f2ria.<\/p>\n<p>[\/et_pb_text][\/et_pb_column][\/et_pb_row][et_pb_row column_structure=&#8221;1_2,1_2&#8243; _builder_version=&#8221;4.19.0&#8243; _module_preset=&#8221;default&#8221; global_colors_info=&#8221;{}&#8221;][et_pb_column type=&#8221;1_2&#8243; _builder_version=&#8221;4.19.0&#8243; _module_preset=&#8221;default&#8221; global_colors_info=&#8221;{}&#8221;][et_pb_image src=&#8221;http:\/\/fundesplai.org\/mandala\/wp-content\/uploads\/sites\/6\/2023\/03\/Proyecto-nuevo-6.jpg&#8221; title_text=&#8221;Proyecto nuevo (6)&#8221; align=&#8221;center&#8221; _builder_version=&#8221;4.19.0&#8243; _module_preset=&#8221;default&#8221; global_colors_info=&#8221;{}&#8221;][\/et_pb_image][\/et_pb_column][et_pb_column type=&#8221;1_2&#8243; _builder_version=&#8221;4.19.0&#8243; _module_preset=&#8221;default&#8221; global_colors_info=&#8221;{}&#8221;][et_pb_image src=&#8221;http:\/\/fundesplai.org\/mandala\/wp-content\/uploads\/sites\/6\/2023\/03\/Proyecto-nuevo-7.jpg&#8221; title_text=&#8221;Proyecto nuevo (7)&#8221; align=&#8221;center&#8221; _builder_version=&#8221;4.19.0&#8243; _module_preset=&#8221;default&#8221; global_colors_info=&#8221;{}&#8221;][\/et_pb_image][\/et_pb_column][\/et_pb_row][et_pb_row column_structure=&#8221;1_2,1_2&#8243; _builder_version=&#8221;4.19.0&#8243; _module_preset=&#8221;default&#8221; global_colors_info=&#8221;{}&#8221;][et_pb_column type=&#8221;1_2&#8243; _builder_version=&#8221;4.19.0&#8243; _module_preset=&#8221;default&#8221; global_colors_info=&#8221;{}&#8221;][et_pb_image src=&#8221;http:\/\/fundesplai.org\/mandala\/wp-content\/uploads\/sites\/6\/2023\/03\/Proyecto-nuevo-1.jpg&#8221; title_text=&#8221;Proyecto nuevo (1)&#8221; align=&#8221;center&#8221; _builder_version=&#8221;4.19.0&#8243; _module_preset=&#8221;default&#8221; global_colors_info=&#8221;{}&#8221;][\/et_pb_image][\/et_pb_column][et_pb_column type=&#8221;1_2&#8243; _builder_version=&#8221;4.19.0&#8243; _module_preset=&#8221;default&#8221; global_colors_info=&#8221;{}&#8221;][et_pb_image src=&#8221;http:\/\/fundesplai.org\/mandala\/wp-content\/uploads\/sites\/6\/2023\/03\/Proyecto-nuevo-2.jpg&#8221; title_text=&#8221;Proyecto nuevo (2)&#8221; align=&#8221;center&#8221; _builder_version=&#8221;4.19.0&#8243; _module_preset=&#8221;default&#8221; global_colors_info=&#8221;{}&#8221;][\/et_pb_image][\/et_pb_column][\/et_pb_row][et_pb_row column_structure=&#8221;1_2,1_2&#8243; _builder_version=&#8221;4.19.0&#8243; _module_preset=&#8221;default&#8221; global_colors_info=&#8221;{}&#8221;][et_pb_column type=&#8221;1_2&#8243; _builder_version=&#8221;4.19.0&#8243; _module_preset=&#8221;default&#8221; global_colors_info=&#8221;{}&#8221;][et_pb_image src=&#8221;http:\/\/fundesplai.org\/mandala\/wp-content\/uploads\/sites\/6\/2023\/03\/Proyecto-nuevo-3.jpg&#8221; title_text=&#8221;Proyecto nuevo (3)&#8221; align=&#8221;center&#8221; _builder_version=&#8221;4.19.0&#8243; _module_preset=&#8221;default&#8221; global_colors_info=&#8221;{}&#8221;][\/et_pb_image][\/et_pb_column][et_pb_column type=&#8221;1_2&#8243; _builder_version=&#8221;4.19.0&#8243; _module_preset=&#8221;default&#8221; global_colors_info=&#8221;{}&#8221;][et_pb_image src=&#8221;http:\/\/fundesplai.org\/mandala\/wp-content\/uploads\/sites\/6\/2023\/03\/Proyecto-nuevo-4.jpg&#8221; title_text=&#8221;Proyecto nuevo (4)&#8221; align=&#8221;center&#8221; _builder_version=&#8221;4.19.0&#8243; _module_preset=&#8221;default&#8221; global_colors_info=&#8221;{}&#8221;][\/et_pb_image][\/et_pb_column][\/et_pb_row][et_pb_row column_structure=&#8221;1_5,3_5,1_5&#8243; _builder_version=&#8221;4.19.0&#8243; _module_preset=&#8221;default&#8221; custom_margin=&#8221;||50px||false|false&#8221; global_colors_info=&#8221;{}&#8221;][et_pb_column type=&#8221;1_5&#8243; _builder_version=&#8221;4.19.0&#8243; _module_preset=&#8221;default&#8221; global_colors_info=&#8221;{}&#8221;][\/et_pb_column][et_pb_column type=&#8221;3_5&#8243; _builder_version=&#8221;4.19.0&#8243; _module_preset=&#8221;default&#8221; global_colors_info=&#8221;{}&#8221;][et_pb_image src=&#8221;http:\/\/fundesplai.org\/mandala\/wp-content\/uploads\/sites\/6\/2023\/03\/Proyecto-nuevo-5.jpg&#8221; title_text=&#8221;Proyecto nuevo (5)&#8221; align=&#8221;center&#8221; _builder_version=&#8221;4.19.0&#8243; _module_preset=&#8221;default&#8221; global_colors_info=&#8221;{}&#8221;][\/et_pb_image][\/et_pb_column][et_pb_column type=&#8221;1_5&#8243; _builder_version=&#8221;4.19.0&#8243; _module_preset=&#8221;default&#8221; global_colors_info=&#8221;{}&#8221;][\/et_pb_column][\/et_pb_row][\/et_pb_section]<\/p>\n","protected":false},"excerpt":{"rendered":"<p>Enguany ens proposem partir del centre d\u2019inter\u00e8s de\u00a0La Tribu de Camelot, una col\u00b7lecci\u00f3 de llibres de la Gemma Lienas que tracta d\u2019una colla de nens i nenes que treballen en equip i lluiten per la igualtat. Hem triat aquests llibres perqu\u00e8: Estan ben escrits, per una escriptora consagrada. Ens donen pistes sobre valors humans. Podem [&hellip;]<\/p>\n","protected":false},"author":27,"featured_media":0,"parent":0,"menu_order":0,"comment_status":"closed","ping_status":"closed","template":"","meta":{"_et_pb_use_builder":"on","_et_pb_old_content":"","_et_gb_content_width":"","footnotes":""},"class_list":["post-216","page","type-page","status-publish","hentry"],"yoast_head":"<!-- This site is optimized with the Yoast SEO plugin v27.4 - https:\/\/yoast.com\/product\/yoast-seo-wordpress\/ -->\n<title>Eix d&#039;animaci\u00f3 de 3 a 8 anys - Mandala<\/title>\n<meta name=\"robots\" content=\"index, follow, max-snippet:-1, max-image-preview:large, max-video-preview:-1\" \/>\n<link rel=\"canonical\" href=\"https:\/\/fundesplai.org\/mandala\/eix-danimacio-de-3-a-8-anys\/\" \/>\n<meta property=\"og:locale\" content=\"ca_ES\" \/>\n<meta property=\"og:type\" content=\"article\" \/>\n<meta property=\"og:title\" content=\"Eix d&#039;animaci\u00f3 de 3 a 8 anys - Mandala\" \/>\n<meta property=\"og:description\" content=\"Enguany ens proposem partir del centre d\u2019inter\u00e8s de\u00a0La Tribu de Camelot, una col\u00b7lecci\u00f3 de llibres de la Gemma Lienas que tracta d\u2019una colla de nens i nenes que treballen en equip i lluiten per la igualtat. Hem triat aquests llibres perqu\u00e8: Estan ben escrits, per una escriptora consagrada. Ens donen pistes sobre valors humans. Podem [&hellip;]\" \/>\n<meta property=\"og:url\" content=\"https:\/\/fundesplai.org\/mandala\/eix-danimacio-de-3-a-8-anys\/\" \/>\n<meta property=\"og:site_name\" content=\"Mandala\" \/>\n<meta property=\"article:modified_time\" content=\"2023-03-16T13:24:53+00:00\" \/>\n<meta name=\"twitter:card\" content=\"summary_large_image\" \/>\n<meta name=\"twitter:label1\" content=\"Temps estimat de lectura\" \/>\n\t<meta name=\"twitter:data1\" content=\"4 minuts\" \/>\n<script type=\"application\/ld+json\" class=\"yoast-schema-graph\">{\"@context\":\"https:\\\/\\\/schema.org\",\"@graph\":[{\"@type\":\"WebPage\",\"@id\":\"https:\\\/\\\/fundesplai.org\\\/mandala\\\/eix-danimacio-de-3-a-8-anys\\\/\",\"url\":\"https:\\\/\\\/fundesplai.org\\\/mandala\\\/eix-danimacio-de-3-a-8-anys\\\/\",\"name\":\"Eix d'animaci\u00f3 de 3 a 8 anys - Mandala\",\"isPartOf\":{\"@id\":\"https:\\\/\\\/fundesplai.org\\\/mandala\\\/#website\"},\"datePublished\":\"2023-03-16T12:28:00+00:00\",\"dateModified\":\"2023-03-16T13:24:53+00:00\",\"breadcrumb\":{\"@id\":\"https:\\\/\\\/fundesplai.org\\\/mandala\\\/eix-danimacio-de-3-a-8-anys\\\/#breadcrumb\"},\"inLanguage\":\"ca\",\"potentialAction\":[{\"@type\":\"ReadAction\",\"target\":[\"https:\\\/\\\/fundesplai.org\\\/mandala\\\/eix-danimacio-de-3-a-8-anys\\\/\"]}]},{\"@type\":\"BreadcrumbList\",\"@id\":\"https:\\\/\\\/fundesplai.org\\\/mandala\\\/eix-danimacio-de-3-a-8-anys\\\/#breadcrumb\",\"itemListElement\":[{\"@type\":\"ListItem\",\"position\":1,\"name\":\"Inici\",\"item\":\"\\\/\"},{\"@type\":\"ListItem\",\"position\":2,\"name\":\"Mandala\",\"item\":\"https:\\\/\\\/fundesplai.org\\\/mandala\"},{\"@type\":\"ListItem\",\"position\":3,\"name\":\"Eix d&#8217;animaci\u00f3 de 3 a 8 anys\"}]},{\"@type\":\"WebSite\",\"@id\":\"https:\\\/\\\/fundesplai.org\\\/mandala\\\/#website\",\"url\":\"https:\\\/\\\/fundesplai.org\\\/mandala\\\/\",\"name\":\"Mandala\",\"description\":\"Proposta educativa de Fundesplai\",\"potentialAction\":[{\"@type\":\"SearchAction\",\"target\":{\"@type\":\"EntryPoint\",\"urlTemplate\":\"https:\\\/\\\/fundesplai.org\\\/mandala\\\/?s={search_term_string}\"},\"query-input\":{\"@type\":\"PropertyValueSpecification\",\"valueRequired\":true,\"valueName\":\"search_term_string\"}}],\"inLanguage\":\"ca\"}]}<\/script>\n<!-- \/ Yoast SEO plugin. -->","yoast_head_json":{"title":"Eix d'animaci\u00f3 de 3 a 8 anys - Mandala","robots":{"index":"index","follow":"follow","max-snippet":"max-snippet:-1","max-image-preview":"max-image-preview:large","max-video-preview":"max-video-preview:-1"},"canonical":"https:\/\/fundesplai.org\/mandala\/eix-danimacio-de-3-a-8-anys\/","og_locale":"ca_ES","og_type":"article","og_title":"Eix d'animaci\u00f3 de 3 a 8 anys - Mandala","og_description":"Enguany ens proposem partir del centre d\u2019inter\u00e8s de\u00a0La Tribu de Camelot, una col\u00b7lecci\u00f3 de llibres de la Gemma Lienas que tracta d\u2019una colla de nens i nenes que treballen en equip i lluiten per la igualtat. Hem triat aquests llibres perqu\u00e8: Estan ben escrits, per una escriptora consagrada. Ens donen pistes sobre valors humans. Podem [&hellip;]","og_url":"https:\/\/fundesplai.org\/mandala\/eix-danimacio-de-3-a-8-anys\/","og_site_name":"Mandala","article_modified_time":"2023-03-16T13:24:53+00:00","twitter_card":"summary_large_image","twitter_misc":{"Temps estimat de lectura":"4 minuts"},"schema":{"@context":"https:\/\/schema.org","@graph":[{"@type":"WebPage","@id":"https:\/\/fundesplai.org\/mandala\/eix-danimacio-de-3-a-8-anys\/","url":"https:\/\/fundesplai.org\/mandala\/eix-danimacio-de-3-a-8-anys\/","name":"Eix d'animaci\u00f3 de 3 a 8 anys - Mandala","isPartOf":{"@id":"https:\/\/fundesplai.org\/mandala\/#website"},"datePublished":"2023-03-16T12:28:00+00:00","dateModified":"2023-03-16T13:24:53+00:00","breadcrumb":{"@id":"https:\/\/fundesplai.org\/mandala\/eix-danimacio-de-3-a-8-anys\/#breadcrumb"},"inLanguage":"ca","potentialAction":[{"@type":"ReadAction","target":["https:\/\/fundesplai.org\/mandala\/eix-danimacio-de-3-a-8-anys\/"]}]},{"@type":"BreadcrumbList","@id":"https:\/\/fundesplai.org\/mandala\/eix-danimacio-de-3-a-8-anys\/#breadcrumb","itemListElement":[{"@type":"ListItem","position":1,"name":"Inici","item":"\/"},{"@type":"ListItem","position":2,"name":"Mandala","item":"https:\/\/fundesplai.org\/mandala"},{"@type":"ListItem","position":3,"name":"Eix d&#8217;animaci\u00f3 de 3 a 8 anys"}]},{"@type":"WebSite","@id":"https:\/\/fundesplai.org\/mandala\/#website","url":"https:\/\/fundesplai.org\/mandala\/","name":"Mandala","description":"Proposta educativa de Fundesplai","potentialAction":[{"@type":"SearchAction","target":{"@type":"EntryPoint","urlTemplate":"https:\/\/fundesplai.org\/mandala\/?s={search_term_string}"},"query-input":{"@type":"PropertyValueSpecification","valueRequired":true,"valueName":"search_term_string"}}],"inLanguage":"ca"}]}},"_links":{"self":[{"href":"https:\/\/fundesplai.org\/mandala\/wp-json\/wp\/v2\/pages\/216","targetHints":{"allow":["GET"]}}],"collection":[{"href":"https:\/\/fundesplai.org\/mandala\/wp-json\/wp\/v2\/pages"}],"about":[{"href":"https:\/\/fundesplai.org\/mandala\/wp-json\/wp\/v2\/types\/page"}],"author":[{"embeddable":true,"href":"https:\/\/fundesplai.org\/mandala\/wp-json\/wp\/v2\/users\/27"}],"replies":[{"embeddable":true,"href":"https:\/\/fundesplai.org\/mandala\/wp-json\/wp\/v2\/comments?post=216"}],"version-history":[{"count":8,"href":"https:\/\/fundesplai.org\/mandala\/wp-json\/wp\/v2\/pages\/216\/revisions"}],"predecessor-version":[{"id":241,"href":"https:\/\/fundesplai.org\/mandala\/wp-json\/wp\/v2\/pages\/216\/revisions\/241"}],"wp:attachment":[{"href":"https:\/\/fundesplai.org\/mandala\/wp-json\/wp\/v2\/media?parent=216"}],"curies":[{"name":"wp","href":"https:\/\/api.w.org\/{rel}","templated":true}]}}