{"id":59548,"date":"2023-01-26T20:28:24","date_gmt":"2023-01-26T19:28:24","guid":{"rendered":"https:\/\/fundesplai.org\/ordre-du-jour\/"},"modified":"2023-10-18T12:10:42","modified_gmt":"2023-10-18T10:10:42","slug":"ordre-du-jour","status":"publish","type":"page","link":"https:\/\/fundesplai.org\/fr\/ordre-du-jour\/","title":{"rendered":"Ordre du jour"},"content":{"rendered":"<p>[et_pb_section fb_built=\u00a0\u00bb1&Prime; _builder_version=\u00a0\u00bb4.19.0&Prime; _module_preset=\u00a0\u00bbdefault\u00a0\u00bb global_colors_info=\u00a0\u00bb{}\u00a0\u00bb][et_pb_row _builder_version=\u00a0\u00bb4.19.0&Prime; _module_preset=\u00a0\u00bbdefault\u00a0\u00bb global_colors_info=\u00a0\u00bb{}\u00a0\u00bb][et_pb_column type=\u00a0\u00bb4_4&Prime; _builder_version=\u00a0\u00bb4.19.0&Prime; _module_preset=\u00a0\u00bbdefault\u00a0\u00bb global_colors_info=\u00a0\u00bb{}\u00a0\u00bb][et_pb_post_title meta=\u00a0\u00bboff\u00a0\u00bb featured_image=\u00a0\u00bboff\u00a0\u00bb _builder_version=\u00a0\u00bb4.19.0&Prime; _module_preset=\u00a0\u00bbdefault\u00a0\u00bb global_colors_info=\u00a0\u00bb{}\u00a0\u00bb][\/et_pb_post_title][\/et_pb_column][\/et_pb_row][\/et_pb_section][et_pb_section fb_built=\u00a0\u00bb1&Prime; _builder_version=\u00a0\u00bb4.19.0&Prime; _module_preset=\u00a0\u00bbdefault\u00a0\u00bb global_colors_info=\u00a0\u00bb{}\u00a0\u00bb][et_pb_row _builder_version=\u00a0\u00bb4.19.0&Prime; _module_preset=\u00a0\u00bbdefault\u00a0\u00bb global_colors_info=\u00a0\u00bb{}\u00a0\u00bb][et_pb_column type=\u00a0\u00bb4_4&Prime; _builder_version=\u00a0\u00bb4.19.0&Prime; _module_preset=\u00a0\u00bbdefault\u00a0\u00bb global_colors_info=\u00a0\u00bb{}\u00a0\u00bb][et_pb_code _builder_version=\u00a0\u00bb4.19.0&Prime; _module_preset=\u00a0\u00bbdefault\u00a0\u00bb global_colors_info=\u00a0\u00bb{}\u00a0\u00bb]<div class=\"mec-wrap mec-skin-grid-container  \" id=\"mec_skin_39271\">\r\n\r\n    \r\n        <div class=\"mec-skin-grid-events-container\" id=\"mec_skin_events_39271\">\r\n        Aucun \u00e9v\u00e9nement trouv\u00e9 !    <\/div>\r\n    \r\n    \r\n<\/div>[\/et_pb_code][\/et_pb_column][\/et_pb_row][\/et_pb_section][et_pb_section fb_built=\u00a0\u00bb1&Prime; _builder_version=\u00a0\u00bb4.19.0&Prime; _module_preset=\u00a0\u00bbdefault\u00a0\u00bb custom_margin=\u00a0\u00bb50px||||false|false\u00a0\u00bb locked=\u00a0\u00bboff\u00a0\u00bb global_colors_info=\u00a0\u00bb{}\u00a0\u00bb][et_pb_row _builder_version=\u00a0\u00bb4.19.0&Prime; _module_preset=\u00a0\u00bbdefault\u00a0\u00bb custom_margin=\u00a0\u00bb50px||||false|false\u00a0\u00bb locked=\u00a0\u00bboff\u00a0\u00bb global_colors_info=\u00a0\u00bb{}\u00a0\u00bb][et_pb_column type=\u00a0\u00bb4_4&Prime; _builder_version=\u00a0\u00bb4.19.0&Prime; _module_preset=\u00a0\u00bbdefault\u00a0\u00bb global_colors_info=\u00a0\u00bb{}\u00a0\u00bb][et_pb_text admin_label=\u00a0\u00bbtamb\u00e9 et pot interessar\u00a0\u00bb _builder_version=\u00a0\u00bb4.19.0&Prime; _module_preset=\u00a0\u00bbdefault\u00a0\u00bb global_colors_info=\u00a0\u00bb{}\u00a0\u00bb]<\/p>\n<h2 style=\"text-align: center\">Vous pourriez \u00e9galement \u00eatre int\u00e9ress\u00e9 par<\/h2>\n<p>[\/et_pb_text][\/et_pb_column][\/et_pb_row][\/et_pb_section][et_pb_section fb_built=\u00a0\u00bb1&Prime; module_class=\u00a0\u00bbgraella-moduls-grisa\u00a0\u00bb _builder_version=\u00a0\u00bb4.19.0&Prime; locked=\u00a0\u00bboff\u00a0\u00bb global_colors_info=\u00a0\u00bb{}\u00a0\u00bb][et_pb_row column_structure=\u00a0\u00bb1_3,1_3,1_3&Prime; use_custom_gutter=\u00a0\u00bbon\u00a0\u00bb _builder_version=\u00a0\u00bb4.19.0&Prime; max_width=\u00a0\u00bb1080px\u00a0\u00bb global_colors_info=\u00a0\u00bb{}\u00a0\u00bb][et_pb_column type=\u00a0\u00bb1_3&Prime; _builder_version=\u00a0\u00bb4.16&Prime; custom_padding=\u00a0\u00bb|||\u00a0\u00bb global_colors_info=\u00a0\u00bb{}\u00a0\u00bb custom_padding__hover=\u00a0\u00bb|||\u00a0\u00bb][et_pb_blurb title=\u00a0\u00bbBanque de ressources p\u00e9dagogiques\u00a0\u00bb url=\u00a0\u00bbhttps:\/\/fundesplai.org\/banc-recursos\/\u00a0\u00bb use_icon=\u00a0\u00bbon\u00a0\u00bb font_icon=\u00a0\u00bb&#xf12e;||fa||900&Prime; admin_label=\u00a0\u00bbbanc de recursos\u00a0\u00bb _builder_version=\u00a0\u00bb4.19.0&Prime; header_level=\u00a0\u00bbh3&Prime; link_option_url=\u00a0\u00bbhttps:\/\/fundesplai.org\/banc-recursos\/\u00a0\u00bb hover_enabled=\u00a0\u00bb0&Prime; z_index_tablet=\u00a0\u00bb500&Prime; global_colors_info=\u00a0\u00bb{}\u00a0\u00bb sticky_enabled=\u00a0\u00bb0&Prime;][\/et_pb_blurb][\/et_pb_column][et_pb_column type=\u00a0\u00bb1_3&Prime; _builder_version=\u00a0\u00bb4.16&Prime; custom_padding=\u00a0\u00bb|||\u00a0\u00bb global_colors_info=\u00a0\u00bb{}\u00a0\u00bb custom_padding__hover=\u00a0\u00bb|||\u00a0\u00bb][et_pb_blurb title=\u00a0\u00bbRAPPORT D\u2019ACTIVIT\u00c9\u00a0\u00bb url=\u00a0\u00bbhttps:\/\/fundesplai.org\/coneix\/transparencia\/memoria-dactivitats\/\u00a0\u00bb use_icon=\u00a0\u00bbon\u00a0\u00bb font_icon=\u00a0\u00bb&#xe0c0;||fa||900&Prime; admin_label=\u00a0\u00bbMEM\u00d2RIA D\u2019ACTIVITATS<br \/>\n\u00a0\u00bb _builder_version=\u00a0\u00bb4.19.0&Prime; header_level=\u00a0\u00bbh3&Prime; link_option_url=\u00a0\u00bbhttps:\/\/fundesplai.org\/coneix\/transparencia\/memoria-dactivitats\/\u00a0\u00bb z_index_tablet=\u00a0\u00bb500&Prime; global_colors_info=\u00a0\u00bb{}\u00a0\u00bb][\/et_pb_blurb][\/et_pb_column][et_pb_column type=\u00a0\u00bb1_3&Prime; _builder_version=\u00a0\u00bb4.16&Prime; custom_padding=\u00a0\u00bb|||\u00a0\u00bb global_colors_info=\u00a0\u00bb{}\u00a0\u00bb custom_padding__hover=\u00a0\u00bb|||\u00a0\u00bb][et_pb_blurb title=\u00a0\u00bbLE JOURNAL DE FUNDESPLAI\u00a0\u00bb url=\u00a0\u00bbhttps:\/\/fundesplai.org\/recursos\/diari-fundesplai\/\u00a0\u00bb use_icon=\u00a0\u00bbon\u00a0\u00bb font_icon=\u00a0\u00bb&#xf1ea;||fa||900&Prime; admin_label=\u00a0\u00bbEL DIARI DE FUNDESPLAI<br \/>\n\u00a0\u00bb _builder_version=\u00a0\u00bb4.19.0&Prime; header_level=\u00a0\u00bbh3&Prime; link_option_url=\u00a0\u00bbhttps:\/\/fundesplai.org\/recursos\/diari-fundesplai\/\u00a0\u00bb z_index_tablet=\u00a0\u00bb500&Prime; locked=\u00a0\u00bboff\u00a0\u00bb global_colors_info=\u00a0\u00bb{}\u00a0\u00bb][\/et_pb_blurb][\/et_pb_column][\/et_pb_row][\/et_pb_section]<\/p>\n","protected":false},"excerpt":{"rendered":"<p><div class=\"mec-wrap mec-skin-grid-container  \" id=\"mec_skin_39271\">\r\n\r\n    \r\n        <div class=\"mec-skin-grid-events-container\" id=\"mec_skin_events_39271\">\r\n        Aucun \u00e9v\u00e9nement trouv\u00e9 !    <\/div>\r\n    \r\n    \r\n<\/div>Vous pourriez \u00e9galement \u00eatre int\u00e9ress\u00e9 par<\/p>\n","protected":false},"author":2,"featured_media":0,"parent":0,"menu_order":0,"comment_status":"closed","ping_status":"closed","template":"","meta":{"_et_pb_use_builder":"on","_et_pb_old_content":"","_et_gb_content_width":"","footnotes":""},"class_list":["post-59548","page","type-page","status-publish","hentry"],"yoast_head":"<!-- This site is optimized with the Yoast SEO plugin v27.4 - https:\/\/yoast.com\/product\/yoast-seo-wordpress\/ -->\n<title>Ordre du jour - Fundesplai<\/title>\n<meta name=\"description\" content=\"Agenda des \u00e9v\u00e9nements qui se tiendront \u00e0 Fundesplai, tels que la Festa Esplai, les vernissages, les conf\u00e9rences, etc.\" \/>\n<meta name=\"robots\" content=\"index, follow, max-snippet:-1, max-image-preview:large, max-video-preview:-1\" \/>\n<link rel=\"canonical\" href=\"https:\/\/fundesplai.org\/fr\/ordre-du-jour\/\" \/>\n<meta property=\"og:locale\" content=\"fr_FR\" \/>\n<meta property=\"og:type\" content=\"article\" \/>\n<meta property=\"og:title\" content=\"Ordre du jour - Fundesplai\" \/>\n<meta property=\"og:description\" content=\"Agenda des \u00e9v\u00e9nements qui se tiendront \u00e0 Fundesplai, tels que la Festa Esplai, les vernissages, les conf\u00e9rences, etc.\" \/>\n<meta property=\"og:url\" content=\"https:\/\/fundesplai.org\/fr\/ordre-du-jour\/\" \/>\n<meta property=\"og:site_name\" content=\"Fundesplai\" \/>\n<meta property=\"article:modified_time\" content=\"2023-10-18T10:10:42+00:00\" \/>\n<meta name=\"twitter:card\" content=\"summary_large_image\" \/>\n<meta name=\"twitter:label1\" content=\"Dur\u00e9e de lecture estim\u00e9e\" \/>\n\t<meta name=\"twitter:data1\" content=\"2 minutes\" \/>\n<script type=\"application\/ld+json\" class=\"yoast-schema-graph\">{\"@context\":\"https:\\\/\\\/schema.org\",\"@graph\":[{\"@type\":\"WebPage\",\"@id\":\"https:\\\/\\\/fundesplai.org\\\/fr\\\/ordre-du-jour\\\/\",\"url\":\"https:\\\/\\\/fundesplai.org\\\/fr\\\/ordre-du-jour\\\/\",\"name\":\"Ordre du jour - Fundesplai\",\"isPartOf\":{\"@id\":\"https:\\\/\\\/fundesplai.org\\\/fr\\\/#website\"},\"datePublished\":\"2023-01-26T19:28:24+00:00\",\"dateModified\":\"2023-10-18T10:10:42+00:00\",\"description\":\"Agenda des \u00e9v\u00e9nements qui se tiendront \u00e0 Fundesplai, tels que la Festa Esplai, les vernissages, les conf\u00e9rences, etc.\",\"breadcrumb\":{\"@id\":\"https:\\\/\\\/fundesplai.org\\\/fr\\\/ordre-du-jour\\\/#breadcrumb\"},\"inLanguage\":\"fr-FR\",\"potentialAction\":[{\"@type\":\"ReadAction\",\"target\":[\"https:\\\/\\\/fundesplai.org\\\/fr\\\/ordre-du-jour\\\/\"]}]},{\"@type\":\"BreadcrumbList\",\"@id\":\"https:\\\/\\\/fundesplai.org\\\/fr\\\/ordre-du-jour\\\/#breadcrumb\",\"itemListElement\":[{\"@type\":\"ListItem\",\"position\":1,\"name\":\"Inici\",\"item\":\"https:\\\/\\\/fundesplai.org\\\/fr\\\/\"},{\"@type\":\"ListItem\",\"position\":2,\"name\":\"Ordre du jour\"}]},{\"@type\":\"WebSite\",\"@id\":\"https:\\\/\\\/fundesplai.org\\\/fr\\\/#website\",\"url\":\"https:\\\/\\\/fundesplai.org\\\/fr\\\/\",\"name\":\"Fundesplai\",\"description\":\"Eduquem per la conviv\u00e8ncia i la sostenibilitat\",\"potentialAction\":[{\"@type\":\"SearchAction\",\"target\":{\"@type\":\"EntryPoint\",\"urlTemplate\":\"https:\\\/\\\/fundesplai.org\\\/fr\\\/?s={search_term_string}\"},\"query-input\":{\"@type\":\"PropertyValueSpecification\",\"valueRequired\":true,\"valueName\":\"search_term_string\"}}],\"inLanguage\":\"fr-FR\"}]}<\/script>\n<!-- \/ Yoast SEO plugin. -->","yoast_head_json":{"title":"Ordre du jour - Fundesplai","description":"Agenda des \u00e9v\u00e9nements qui se tiendront \u00e0 Fundesplai, tels que la Festa Esplai, les vernissages, les conf\u00e9rences, etc.","robots":{"index":"index","follow":"follow","max-snippet":"max-snippet:-1","max-image-preview":"max-image-preview:large","max-video-preview":"max-video-preview:-1"},"canonical":"https:\/\/fundesplai.org\/fr\/ordre-du-jour\/","og_locale":"fr_FR","og_type":"article","og_title":"Ordre du jour - Fundesplai","og_description":"Agenda des \u00e9v\u00e9nements qui se tiendront \u00e0 Fundesplai, tels que la Festa Esplai, les vernissages, les conf\u00e9rences, etc.","og_url":"https:\/\/fundesplai.org\/fr\/ordre-du-jour\/","og_site_name":"Fundesplai","article_modified_time":"2023-10-18T10:10:42+00:00","twitter_card":"summary_large_image","twitter_misc":{"Dur\u00e9e de lecture estim\u00e9e":"2 minutes"},"schema":{"@context":"https:\/\/schema.org","@graph":[{"@type":"WebPage","@id":"https:\/\/fundesplai.org\/fr\/ordre-du-jour\/","url":"https:\/\/fundesplai.org\/fr\/ordre-du-jour\/","name":"Ordre du jour - Fundesplai","isPartOf":{"@id":"https:\/\/fundesplai.org\/fr\/#website"},"datePublished":"2023-01-26T19:28:24+00:00","dateModified":"2023-10-18T10:10:42+00:00","description":"Agenda des \u00e9v\u00e9nements qui se tiendront \u00e0 Fundesplai, tels que la Festa Esplai, les vernissages, les conf\u00e9rences, etc.","breadcrumb":{"@id":"https:\/\/fundesplai.org\/fr\/ordre-du-jour\/#breadcrumb"},"inLanguage":"fr-FR","potentialAction":[{"@type":"ReadAction","target":["https:\/\/fundesplai.org\/fr\/ordre-du-jour\/"]}]},{"@type":"BreadcrumbList","@id":"https:\/\/fundesplai.org\/fr\/ordre-du-jour\/#breadcrumb","itemListElement":[{"@type":"ListItem","position":1,"name":"Inici","item":"https:\/\/fundesplai.org\/fr\/"},{"@type":"ListItem","position":2,"name":"Ordre du jour"}]},{"@type":"WebSite","@id":"https:\/\/fundesplai.org\/fr\/#website","url":"https:\/\/fundesplai.org\/fr\/","name":"Fundesplai","description":"Eduquem per la conviv\u00e8ncia i la sostenibilitat","potentialAction":[{"@type":"SearchAction","target":{"@type":"EntryPoint","urlTemplate":"https:\/\/fundesplai.org\/fr\/?s={search_term_string}"},"query-input":{"@type":"PropertyValueSpecification","valueRequired":true,"valueName":"search_term_string"}}],"inLanguage":"fr-FR"}]}},"_links":{"self":[{"href":"https:\/\/fundesplai.org\/fr\/wp-json\/wp\/v2\/pages\/59548","targetHints":{"allow":["GET"]}}],"collection":[{"href":"https:\/\/fundesplai.org\/fr\/wp-json\/wp\/v2\/pages"}],"about":[{"href":"https:\/\/fundesplai.org\/fr\/wp-json\/wp\/v2\/types\/page"}],"author":[{"embeddable":true,"href":"https:\/\/fundesplai.org\/fr\/wp-json\/wp\/v2\/users\/2"}],"replies":[{"embeddable":true,"href":"https:\/\/fundesplai.org\/fr\/wp-json\/wp\/v2\/comments?post=59548"}],"version-history":[{"count":2,"href":"https:\/\/fundesplai.org\/fr\/wp-json\/wp\/v2\/pages\/59548\/revisions"}],"predecessor-version":[{"id":59550,"href":"https:\/\/fundesplai.org\/fr\/wp-json\/wp\/v2\/pages\/59548\/revisions\/59550"}],"wp:attachment":[{"href":"https:\/\/fundesplai.org\/fr\/wp-json\/wp\/v2\/media?parent=59548"}],"curies":[{"name":"wp","href":"https:\/\/api.w.org\/{rel}","templated":true}]}}