{"id":59298,"date":"2022-07-11T12:48:25","date_gmt":"2022-07-11T10:48:25","guid":{"rendered":"https:\/\/fundesplai.org\/reglementation-applicable\/"},"modified":"2023-10-17T10:44:45","modified_gmt":"2023-10-17T08:44:45","slug":"reglementation-applicable","status":"publish","type":"page","link":"https:\/\/fundesplai.org\/fr\/reglementation-applicable\/","title":{"rendered":"R\u00e9glementation applicable"},"content":{"rendered":"<p>[et_pb_section fb_built=\u00a0\u00bb1&Prime; fullwidth=\u00a0\u00bbon\u00a0\u00bb admin_label=\u00a0\u00bbSection\u00a0\u00bb _builder_version=\u00a0\u00bb4.16&Prime; _module_preset=\u00a0\u00bbdefault\u00a0\u00bb locked=\u00a0\u00bboff\u00a0\u00bb collapsed=\u00a0\u00bboff\u00a0\u00bb global_colors_info=\u00a0\u00bb{}\u00a0\u00bb][et_pb_fullwidth_slider module_id=\u00a0\u00bbfix-padding\u00a0\u00bb module_class=\u00a0\u00bbslider-capcalera slider-text-cta\u00a0\u00bb _builder_version=\u00a0\u00bb4.17.4&Prime; _module_preset=\u00a0\u00bbdefault\u00a0\u00bb background_enable_image=\u00a0\u00bboff\u00a0\u00bb global_colors_info=\u00a0\u00bb{}\u00a0\u00bb][et_pb_slide button_link=\u00a0\u00bbhttps:\/\/escoles.fundesplai.org\/contacta\/?servei=extraescolars\u00a0\u00bb _builder_version=\u00a0\u00bb4.17.4&Prime; _module_preset=\u00a0\u00bbdefault\u00a0\u00bb background_image=\u00a0\u00bbhttps:\/\/fundesplai.org\/wp-content\/uploads\/2022\/07\/Normativa-1.jpg\u00a0\u00bb background_enable_image=\u00a0\u00bbon\u00a0\u00bb global_colors_info=\u00a0\u00bb{}\u00a0\u00bb sticky_transition=\u00a0\u00bbon\u00a0\u00bb][\/et_pb_slide][\/et_pb_fullwidth_slider][\/et_pb_section][et_pb_section fb_built=\u00a0\u00bb1&Prime; _builder_version=\u00a0\u00bb4.17.4&Prime; _module_preset=\u00a0\u00bbdefault\u00a0\u00bb global_colors_info=\u00a0\u00bb{}\u00a0\u00bb][et_pb_row _builder_version=\u00a0\u00bb4.17.4&Prime; _module_preset=\u00a0\u00bbdefault\u00a0\u00bb global_colors_info=\u00a0\u00bb{}\u00a0\u00bb][et_pb_column type=\u00a0\u00bb4_4&Prime; _builder_version=\u00a0\u00bb4.17.4&Prime; _module_preset=\u00a0\u00bbdefault\u00a0\u00bb global_colors_info=\u00a0\u00bb{}\u00a0\u00bb][et_pb_post_title author=\u00a0\u00bboff\u00a0\u00bb date=\u00a0\u00bboff\u00a0\u00bb _builder_version=\u00a0\u00bb4.17.4&Prime; _module_preset=\u00a0\u00bbdefault\u00a0\u00bb custom_margin=\u00a0\u00bb30px||||false|false\u00a0\u00bb global_colors_info=\u00a0\u00bb{}\u00a0\u00bb][\/et_pb_post_title][et_pb_text _builder_version=\u00a0\u00bb4.17.4&Prime; _module_preset=\u00a0\u00bbdefault\u00a0\u00bb custom_margin=\u00a0\u00bb30px||||false|false\u00a0\u00bb global_colors_info=\u00a0\u00bb{}\u00a0\u00bb]<\/p>\n<ul>\n<li><a href=\"https:\/\/cido.diba.cat\/convenis_collectius\/10985\/sector-del-lleure-educatiu-i-sociocultural\">Convention collective du secteur des loisirs<\/a><\/li>\n<li><a href=\"https:\/\/portaljuridic.gencat.cat\/ca\/document-del-pjur\/?documentId=490798\">Livre III Code civil de Catalogne<\/a><\/li>\n<li><a href=\"http:\/\/portaldogc.gencat.cat\/utilsEADOP\/PDF\/7157\/1513060.pdf\">D\u00c9CRET 267\/2016, du 5 juillet, relatif aux activit\u00e9s d\u2019\u00e9ducation et de loisirs auxquelles participent des mineurs de moins de 18 ans<\/a><\/li>\n<li><a href=\"https:\/\/portaljuridic.gencat.cat\/ca\/document-del-pjur\/?documentId=305001\">D\u00c9CRET 56\/2003, du 4 f\u00e9vrier, qui r\u00e9glemente les activit\u00e9s physiques et sportives en milieu naturel<\/a><\/li>\n<li><a href=\"https:\/\/dogc.gencat.cat\/ca\/document-del-dogc\/?documentId=131184\">D\u00c9CRET 160\/1996, du 14 mai, r\u00e9glementant le service de cantine scolaire dans les \u00e9coles publiques appartenant au minist\u00e8re de l\u2019\u00c9ducation<\/a><\/li>\n<li><a href=\"https:\/\/portaljuridic.gencat.cat\/ca\/document-del-pjur\/?documentId=696792\">Arr\u00eat\u00e9 BSF\/192\/2015, du 18 juin, qui \u00e9tablit les programmes de formation des moniteurs et des directeurs d\u2019activit\u00e9s \u00e9ducatives pour les enfants et les jeunes<\/a><\/li>\n<li><a href=\"https:\/\/www.boe.es\/diario_boe\/txt.php?id=BOE-A-2015-8470\">Loi 26\/2015, du 28 juillet, portant modification du syst\u00e8me de protection de l\u2019enfance<\/a><\/li>\n<li><a href=\"http:\/\/portaldogc.gencat.cat\/utilsEADOP\/PDF\/6780\/1395384.pdf\">Loi 19\/2014, du 29 d\u00e9cembre, sur la transparence, l\u2019acc\u00e8s \u00e0 l\u2019information publique et la bonne gouvernance<\/a><\/li>\n<li><a href=\"https:\/\/portaljuridic.gencat.cat\/ca\/document-del-pjur\/?documentId=680087\">Loi 21\/2014, du 29 d\u00e9cembre, relative au protectorat des fondations et \u00e0 la v\u00e9rification de l\u2019activit\u00e9 des associations d\u00e9clar\u00e9es d\u2019utilit\u00e9 publique<\/a><\/li>\n<li><a href=\"https:\/\/portaljuridic.gencat.cat\/ca\/document-del-pjur\/?documentId=826623\">Ordonnance JUS\/152\/2018, du 12 septembre, fixant le niveau de soumission des fondations et associations d\u00e9clar\u00e9es d\u2019utilit\u00e9 publique aux instruments de transparence \u00e9tablis par la loi 21\/2014<\/a><\/li>\n<li><a href=\"https:\/\/noticias.juridicas.com\/base_datos\/Laboral\/632849-lo-3-2018-de-5-dic-proteccion-de-datos-personales-y-garantia-de-los-derechos.html\">Loi organique 3\/2018, du 5 d\u00e9cembre, relative \u00e0 la protection des donn\u00e9es \u00e0 caract\u00e8re personnel et \u00e0 la garantie des droits num\u00e9riques<\/a><\/li>\n<li><a href=\"https:\/\/www.boe.es\/boe_catalan\/dias\/2010\/04\/29\/pdfs\/BOE-A-2010-6737-C.pdf\">Loi 10\/2010, du 28 avril, relative \u00e0 la pr\u00e9vention du blanchiment de capitaux et du financement du terrorisme<\/a><\/li>\n<li><a href=\"https:\/\/www.boe.es\/buscar\/act.php?id=BOE-A-2002-25039\">Loi 49\/2002, du 23 d\u00e9cembre, sur le r\u00e9gime fiscal des organismes sans but lucratif et les incitations fiscales au m\u00e9c\u00e9nat<\/a><\/li>\n<li><a href=\"https:\/\/www.boe.es\/boe_catalan\/dias\/2013\/12\/10\/pdfs\/BOE-A-2013-12887-C.pdf\">Loi 19\/2013, du 9 d\u00e9cembre, sur la transparence, l\u2019acc\u00e8s \u00e0 l\u2019information publique et la bonne gouvernance<\/a><\/li>\n<li><a href=\"https:\/\/dogc.gencat.cat\/ca\/document-del-dogc\/?documentId=893113\">D\u00c9CRET 8\/2021, du 9 f\u00e9vrier, relatif \u00e0 la transparence et au droit d\u2019acc\u00e8s \u00e0 l\u2019information publique<\/a><\/li>\n<li><a href=\"https:\/\/www.parlament.cat\/document\/nom\/TL115.pdf\">Loi 14\/2010, du 27 mai, sur les droits et les chances de l\u2019enfance et de l\u2019adolescence<\/a><\/li>\n<li><a href=\"https:\/\/educacio.gencat.cat\/web\/.content\/home\/departament\/normativa\/normativa-educacio\/lec_12_2009.pdf\">Loi 12\/2009, du 10 juillet, sur l\u2019\u00e9ducation (LEC)<\/a><\/li>\n<li><a href=\"https:\/\/dibaaps.diba.cat\/vnis\/temp\/CIDO_dogc_2008_12_20081231_08352036.pdf\">D\u00c9CRET 259\/2008 du 23 d\u00e9cembre, qui approuve la comptabilit\u00e9 des fondations et associations soumises \u00e0 la l\u00e9gislation de la Generalitat de Catalunya<\/a><\/li>\n<li><a href=\"https:\/\/portaljuridic.gencat.cat\/ca\/document-del-pjur\/?documentId=424553\">Arr\u00eat\u00e9 JUS\/281\/2006 du 6 juin 2006 d\u00e9terminant les modalit\u00e9s de pr\u00e9sentation des comptes annuels des fondations par voie num\u00e9rique ou \u00e9lectronique<\/a><\/li>\n<li><a href=\"https:\/\/cido.diba.cat\/legislacio\/12570587\/resolucio-jus35242021-de-25-de-novembre-per-la-qual-saproven-els-criteris-que-han-de-regir-el-pla-dactuacio-inspectora-de-fundacions-i-associacions-declarades-dutilitat-publica-per-a-lany-2022-departament-de-justicia\">R\u00e9solution JUS\/3524\/2021, du 25 novembre, approuvant les crit\u00e8res r\u00e9gissant le plan d\u2019action d\u2019inspection des fondations et associations d\u00e9clar\u00e9es d\u2019utilit\u00e9 publique pour 2022<\/a><\/li>\n<\/ul>\n<p>[\/et_pb_text][et_pb_button button_url=\u00a0\u00bbhttps:\/\/fundesplai.org\/fr\/connaitre\/transparence\/\u00a0\u00bb button_text=\u00a0\u00bbVisitez le portail Transparence\u00a0\u00bb button_alignment=\u00a0\u00bbcenter\u00a0\u00bb _builder_version=\u00a0\u00bb4.17.4&Prime; _module_preset=\u00a0\u00bbdefault\u00a0\u00bb custom_margin=\u00a0\u00bb50px||50px||false|false\u00a0\u00bb global_colors_info=\u00a0\u00bb{}\u00a0\u00bb][\/et_pb_button][\/et_pb_column][\/et_pb_row][\/et_pb_section]<\/p>\n","protected":false},"excerpt":{"rendered":"<p>Les r\u00e8glements applicables de Fundesplai sont d\u00e9finis par la convention collective du secteur des loisirs, les d\u00e9crets, les ordonnances et les lois.<\/p>\n","protected":false},"author":26,"featured_media":0,"parent":0,"menu_order":0,"comment_status":"closed","ping_status":"closed","template":"","meta":{"_et_pb_use_builder":"on","_et_pb_old_content":"","_et_gb_content_width":"","footnotes":""},"class_list":["post-59298","page","type-page","status-publish","hentry"],"yoast_head":"<!-- This site is optimized with the Yoast SEO plugin v27.6 - https:\/\/yoast.com\/product\/yoast-seo-wordpress\/ -->\n<title>R\u00e9glementation applicable - Fundesplai<\/title>\n<meta name=\"description\" content=\"Les r\u00e8glements applicables de Fundesplai sont d\u00e9finis par la convention collective du secteur des loisirs, les d\u00e9crets, les ordonnances et les lois.\" \/>\n<meta name=\"robots\" content=\"index, follow, max-snippet:-1, max-image-preview:large, max-video-preview:-1\" \/>\n<link rel=\"canonical\" href=\"https:\/\/fundesplai.org\/fr\/reglementation-applicable\/\" \/>\n<meta property=\"og:locale\" content=\"fr_FR\" \/>\n<meta property=\"og:type\" content=\"article\" \/>\n<meta property=\"og:title\" content=\"R\u00e9glementation applicable - Fundesplai\" \/>\n<meta property=\"og:description\" content=\"Les r\u00e8glements applicables de Fundesplai sont d\u00e9finis par la convention collective du secteur des loisirs, les d\u00e9crets, les ordonnances et les lois.\" \/>\n<meta property=\"og:url\" content=\"https:\/\/fundesplai.org\/fr\/reglementation-applicable\/\" \/>\n<meta property=\"og:site_name\" content=\"Fundesplai\" \/>\n<meta property=\"article:modified_time\" content=\"2023-10-17T08:44:45+00:00\" \/>\n<meta name=\"twitter:card\" content=\"summary_large_image\" \/>\n<meta name=\"twitter:label1\" content=\"Dur\u00e9e de lecture estim\u00e9e\" \/>\n\t<meta name=\"twitter:data1\" content=\"3 minutes\" \/>\n<script type=\"application\/ld+json\" class=\"yoast-schema-graph\">{\"@context\":\"https:\\\/\\\/schema.org\",\"@graph\":[{\"@type\":\"WebPage\",\"@id\":\"https:\\\/\\\/fundesplai.org\\\/fr\\\/reglementation-applicable\\\/\",\"url\":\"https:\\\/\\\/fundesplai.org\\\/fr\\\/reglementation-applicable\\\/\",\"name\":\"R\u00e9glementation applicable - Fundesplai\",\"isPartOf\":{\"@id\":\"https:\\\/\\\/fundesplai.org\\\/fr\\\/#website\"},\"datePublished\":\"2022-07-11T10:48:25+00:00\",\"dateModified\":\"2023-10-17T08:44:45+00:00\",\"description\":\"Les r\u00e8glements applicables de Fundesplai sont d\u00e9finis par la convention collective du secteur des loisirs, les d\u00e9crets, les ordonnances et les lois.\",\"breadcrumb\":{\"@id\":\"https:\\\/\\\/fundesplai.org\\\/fr\\\/reglementation-applicable\\\/#breadcrumb\"},\"inLanguage\":\"fr-FR\",\"potentialAction\":[{\"@type\":\"ReadAction\",\"target\":[\"https:\\\/\\\/fundesplai.org\\\/fr\\\/reglementation-applicable\\\/\"]}]},{\"@type\":\"BreadcrumbList\",\"@id\":\"https:\\\/\\\/fundesplai.org\\\/fr\\\/reglementation-applicable\\\/#breadcrumb\",\"itemListElement\":[{\"@type\":\"ListItem\",\"position\":1,\"name\":\"Inici\",\"item\":\"https:\\\/\\\/fundesplai.org\\\/fr\\\/\"},{\"@type\":\"ListItem\",\"position\":2,\"name\":\"R\u00e9glementation applicable\"}]},{\"@type\":\"WebSite\",\"@id\":\"https:\\\/\\\/fundesplai.org\\\/fr\\\/#website\",\"url\":\"https:\\\/\\\/fundesplai.org\\\/fr\\\/\",\"name\":\"Fundesplai\",\"description\":\"Eduquem per la conviv\u00e8ncia i la sostenibilitat\",\"potentialAction\":[{\"@type\":\"SearchAction\",\"target\":{\"@type\":\"EntryPoint\",\"urlTemplate\":\"https:\\\/\\\/fundesplai.org\\\/fr\\\/?s={search_term_string}\"},\"query-input\":{\"@type\":\"PropertyValueSpecification\",\"valueRequired\":true,\"valueName\":\"search_term_string\"}}],\"inLanguage\":\"fr-FR\"}]}<\/script>\n<!-- \/ Yoast SEO plugin. -->","yoast_head_json":{"title":"R\u00e9glementation applicable - Fundesplai","description":"Les r\u00e8glements applicables de Fundesplai sont d\u00e9finis par la convention collective du secteur des loisirs, les d\u00e9crets, les ordonnances et les lois.","robots":{"index":"index","follow":"follow","max-snippet":"max-snippet:-1","max-image-preview":"max-image-preview:large","max-video-preview":"max-video-preview:-1"},"canonical":"https:\/\/fundesplai.org\/fr\/reglementation-applicable\/","og_locale":"fr_FR","og_type":"article","og_title":"R\u00e9glementation applicable - Fundesplai","og_description":"Les r\u00e8glements applicables de Fundesplai sont d\u00e9finis par la convention collective du secteur des loisirs, les d\u00e9crets, les ordonnances et les lois.","og_url":"https:\/\/fundesplai.org\/fr\/reglementation-applicable\/","og_site_name":"Fundesplai","article_modified_time":"2023-10-17T08:44:45+00:00","twitter_card":"summary_large_image","twitter_misc":{"Dur\u00e9e de lecture estim\u00e9e":"3 minutes"},"schema":{"@context":"https:\/\/schema.org","@graph":[{"@type":"WebPage","@id":"https:\/\/fundesplai.org\/fr\/reglementation-applicable\/","url":"https:\/\/fundesplai.org\/fr\/reglementation-applicable\/","name":"R\u00e9glementation applicable - Fundesplai","isPartOf":{"@id":"https:\/\/fundesplai.org\/fr\/#website"},"datePublished":"2022-07-11T10:48:25+00:00","dateModified":"2023-10-17T08:44:45+00:00","description":"Les r\u00e8glements applicables de Fundesplai sont d\u00e9finis par la convention collective du secteur des loisirs, les d\u00e9crets, les ordonnances et les lois.","breadcrumb":{"@id":"https:\/\/fundesplai.org\/fr\/reglementation-applicable\/#breadcrumb"},"inLanguage":"fr-FR","potentialAction":[{"@type":"ReadAction","target":["https:\/\/fundesplai.org\/fr\/reglementation-applicable\/"]}]},{"@type":"BreadcrumbList","@id":"https:\/\/fundesplai.org\/fr\/reglementation-applicable\/#breadcrumb","itemListElement":[{"@type":"ListItem","position":1,"name":"Inici","item":"https:\/\/fundesplai.org\/fr\/"},{"@type":"ListItem","position":2,"name":"R\u00e9glementation applicable"}]},{"@type":"WebSite","@id":"https:\/\/fundesplai.org\/fr\/#website","url":"https:\/\/fundesplai.org\/fr\/","name":"Fundesplai","description":"Eduquem per la conviv\u00e8ncia i la sostenibilitat","potentialAction":[{"@type":"SearchAction","target":{"@type":"EntryPoint","urlTemplate":"https:\/\/fundesplai.org\/fr\/?s={search_term_string}"},"query-input":{"@type":"PropertyValueSpecification","valueRequired":true,"valueName":"search_term_string"}}],"inLanguage":"fr-FR"}]}},"_links":{"self":[{"href":"https:\/\/fundesplai.org\/fr\/wp-json\/wp\/v2\/pages\/59298","targetHints":{"allow":["GET"]}}],"collection":[{"href":"https:\/\/fundesplai.org\/fr\/wp-json\/wp\/v2\/pages"}],"about":[{"href":"https:\/\/fundesplai.org\/fr\/wp-json\/wp\/v2\/types\/page"}],"author":[{"embeddable":true,"href":"https:\/\/fundesplai.org\/fr\/wp-json\/wp\/v2\/users\/26"}],"replies":[{"embeddable":true,"href":"https:\/\/fundesplai.org\/fr\/wp-json\/wp\/v2\/comments?post=59298"}],"version-history":[{"count":2,"href":"https:\/\/fundesplai.org\/fr\/wp-json\/wp\/v2\/pages\/59298\/revisions"}],"predecessor-version":[{"id":59300,"href":"https:\/\/fundesplai.org\/fr\/wp-json\/wp\/v2\/pages\/59298\/revisions\/59300"}],"wp:attachment":[{"href":"https:\/\/fundesplai.org\/fr\/wp-json\/wp\/v2\/media?parent=59298"}],"curies":[{"name":"wp","href":"https:\/\/api.w.org\/{rel}","templated":true}]}}