{"id":59274,"date":"2023-01-31T17:01:48","date_gmt":"2023-01-31T16:01:48","guid":{"rendered":"https:\/\/fundesplai.org\/connaitre\/transparence\/enfance\/principes-pedagogiques\/"},"modified":"2023-10-31T11:44:00","modified_gmt":"2023-10-31T10:44:00","slug":"principes-pedagogiques","status":"publish","type":"page","link":"https:\/\/fundesplai.org\/fr\/connaitre\/transparence\/enfance\/principes-pedagogiques\/","title":{"rendered":"Principes p\u00e9dagogiques"},"content":{"rendered":"<p>[et_pb_section fb_built=\u00a0\u00bb1&Prime; fullwidth=\u00a0\u00bbon\u00a0\u00bb admin_label=\u00a0\u00bbSection\u00a0\u00bb _builder_version=\u00a0\u00bb4.16&Prime; _module_preset=\u00a0\u00bbdefault\u00a0\u00bb locked=\u00a0\u00bboff\u00a0\u00bb collapsed=\u00a0\u00bboff\u00a0\u00bb global_colors_info=\u00a0\u00bb{}\u00a0\u00bb][et_pb_fullwidth_slider module_id=\u00a0\u00bbfix-padding\u00a0\u00bb module_class=\u00a0\u00bbslider-capcalera slider-text-cta\u00a0\u00bb _builder_version=\u00a0\u00bb4.19.0&Prime; _module_preset=\u00a0\u00bbdefault\u00a0\u00bb background_enable_image=\u00a0\u00bboff\u00a0\u00bb global_colors_info=\u00a0\u00bb{}\u00a0\u00bb][et_pb_slide button_link=\u00a0\u00bbhttps:\/\/escoles.fundesplai.org\/contacta\/?servei=extraescolars\u00a0\u00bb _builder_version=\u00a0\u00bb4.19.0&Prime; _module_preset=\u00a0\u00bbdefault\u00a0\u00bb background_image=\u00a0\u00bbhttps:\/\/fundesplai.org\/wp-content\/uploads\/2023\/01\/Principis-pedagogics-Fundesplai.jpg\u00a0\u00bb background_enable_image=\u00a0\u00bbon\u00a0\u00bb global_colors_info=\u00a0\u00bb{}\u00a0\u00bb sticky_transition=\u00a0\u00bbon\u00a0\u00bb][\/et_pb_slide][\/et_pb_fullwidth_slider][\/et_pb_section][et_pb_section fb_built=\u00a0\u00bb1&Prime; _builder_version=\u00a0\u00bb4.17.4&Prime; _module_preset=\u00a0\u00bbdefault\u00a0\u00bb locked=\u00a0\u00bboff\u00a0\u00bb global_colors_info=\u00a0\u00bb{}\u00a0\u00bb][et_pb_row _builder_version=\u00a0\u00bb4.19.0&Prime; _module_preset=\u00a0\u00bbdefault\u00a0\u00bb global_colors_info=\u00a0\u00bb{}\u00a0\u00bb][et_pb_column type=\u00a0\u00bb4_4&Prime; _builder_version=\u00a0\u00bb4.17.4&Prime; _module_preset=\u00a0\u00bbdefault\u00a0\u00bb global_colors_info=\u00a0\u00bb{}\u00a0\u00bb][et_pb_post_title _builder_version=\u00a0\u00bb4.19.0&Prime; _module_preset=\u00a0\u00bbdefault\u00a0\u00bb custom_margin=\u00a0\u00bb30px||||false|false\u00a0\u00bb global_colors_info=\u00a0\u00bb{}\u00a0\u00bb][\/et_pb_post_title][et_pb_text admin_label=\u00a0\u00bbparagraf intro &#8211; 4 pilars\u00a0\u00bb _builder_version=\u00a0\u00bb4.21.0&Prime; _module_preset=\u00a0\u00bbdefault\u00a0\u00bb custom_margin=\u00a0\u00bb||||false|false\u00a0\u00bb hover_enabled=\u00a0\u00bb0&Prime; global_colors_info=\u00a0\u00bb{}\u00a0\u00bb sticky_enabled=\u00a0\u00bb0&Prime;]<\/p>\n<div class=\"elementToProof\" style=\"text-align: center\">Notre mod\u00e8le d\u2019\u00e9ducation aux loisirs est bas\u00e9 sur <strong>l\u2019\u00e9ducation<\/strong> \u00e0 <strong>la coexistence et \u00e0 la durabilit\u00e9<\/strong>. Ces deux piliers sont nos valeurs et <a href=\"https:\/\/fundesplai.org\/fr\/connaitre\/mission-et-valeurs\/\" data-loopstyle=\"link\">notre mission<\/a> qui d\u00e9finissent l\u2019ensemble de nos actions et projets. En parall\u00e8le, nos <strong>principes p\u00e9dagogiques<\/strong> s\u2019organisent autour <strong>des 4 piliers \u00e9ducatifs<\/strong> d\u00e9finis par Jacques Delors dans le <a href=\"https:\/\/www.escolanova21.cat\/wp\/wp-content\/uploads\/2019\/11\/UNESCO-Educacio_-hi-ha-un-tresor-amagat-a-dins.pdf\" data-loopstyle=\"link\">rapport qu\u2019il r\u00e9digea pour l\u2019UNESCO en 1996<\/a> : apprendre \u00e0 conna\u00eetre, apprendre \u00e0 vivre ensemble, apprendre \u00e0 faire et apprendre \u00e0 \u00eatre.<\/div>\n<p>[\/et_pb_text][\/et_pb_column][\/et_pb_row][et_pb_row _builder_version=\u00a0\u00bb4.19.0&Prime; _module_preset=\u00a0\u00bbdefault\u00a0\u00bb custom_margin=\u00a0\u00bb20px||||false|false\u00a0\u00bb global_colors_info=\u00a0\u00bb{}\u00a0\u00bb][et_pb_column type=\u00a0\u00bb4_4&Prime; _builder_version=\u00a0\u00bb4.19.0&Prime; _module_preset=\u00a0\u00bbdefault\u00a0\u00bb global_colors_info=\u00a0\u00bb{}\u00a0\u00bb][et_pb_image src=\u00a0\u00bbhttps:\/\/fundesplai.org\/wp-content\/uploads\/2023\/10\/1-2.jpg\u00a0\u00bb alt=\u00a0\u00bb4 principis franc\u00e8s\u00a0\u00bb title_text=\u00a0\u00bb4 principis franc\u00e8s\u00a0\u00bb show_bottom_space=\u00a0\u00bboff\u00a0\u00bb align=\u00a0\u00bbcenter\u00a0\u00bb admin_label=\u00a0\u00bbImage &#8211; Els 4 pilars\u00a0\u00bb _builder_version=\u00a0\u00bb4.21.0&Prime; _module_preset=\u00a0\u00bbdefault\u00a0\u00bb hover_enabled=\u00a0\u00bb0&Prime; global_colors_info=\u00a0\u00bb{}\u00a0\u00bb sticky_enabled=\u00a0\u00bb0&Prime;][\/et_pb_image][\/et_pb_column][\/et_pb_row][et_pb_row _builder_version=\u00a0\u00bb4.19.0&Prime; _module_preset=\u00a0\u00bbdefault\u00a0\u00bb custom_margin=\u00a0\u00bb20px||||false|false\u00a0\u00bb global_colors_info=\u00a0\u00bb{}\u00a0\u00bb][et_pb_column type=\u00a0\u00bb4_4&Prime; _builder_version=\u00a0\u00bb4.17.4&Prime; _module_preset=\u00a0\u00bbdefault\u00a0\u00bb global_colors_info=\u00a0\u00bb{}\u00a0\u00bb][et_pb_text admin_label=\u00a0\u00bbparagraf &#8211; Les 3 A\u00a0\u00bb _builder_version=\u00a0\u00bb4.21.0&Prime; _module_preset=\u00a0\u00bbdefault\u00a0\u00bb custom_margin=\u00a0\u00bb||||false|false\u00a0\u00bb hover_enabled=\u00a0\u00bb0&Prime; global_colors_info=\u00a0\u00bb{}\u00a0\u00bb sticky_enabled=\u00a0\u00bb0&Prime;]<\/p>\n<div class=\"elementToProof\" style=\"text-align: center\">Et \u00e0 partir de ces 4 piliers de l\u2019\u00e9ducation, <strong>nous \u00e9duquons tout au long<\/strong> de la vie, en pr\u00e9cisant nos actions et nos programmes dans les diff\u00e9rentes \u00e9tapes de la vie.<\/div>\n<div class=\"elementToProof\" style=\"text-align: center\">Notre pratique p\u00e9dagogique se caract\u00e9rise par \u00ab Les 3A \u00bb : l\u2019accueil, l\u2019accompagnement et l\u2019autonomie personnelle.<\/div>\n<p>[\/et_pb_text][\/et_pb_column][\/et_pb_row][et_pb_row _builder_version=\u00a0\u00bb4.19.0&Prime; _module_preset=\u00a0\u00bbdefault\u00a0\u00bb custom_margin=\u00a0\u00bb20px||||false|false\u00a0\u00bb global_colors_info=\u00a0\u00bb{}\u00a0\u00bb][et_pb_column type=\u00a0\u00bb4_4&Prime; _builder_version=\u00a0\u00bb4.19.0&Prime; _module_preset=\u00a0\u00bbdefault\u00a0\u00bb global_colors_info=\u00a0\u00bb{}\u00a0\u00bb][et_pb_image src=\u00a0\u00bbhttps:\/\/fundesplai.org\/wp-content\/uploads\/2023\/10\/LEs-3-A-Codi-etic-frances.jpg\u00a0\u00bb alt=\u00a0\u00bbLEs 3 A Codi \u00e8tic franc\u00e8s\u00a0\u00bb title_text=\u00a0\u00bbLEs 3 A Codi \u00e8tic franc\u00e8s\u00a0\u00bb align=\u00a0\u00bbcenter\u00a0\u00bb admin_label=\u00a0\u00bbImage &#8211; Les 3A\u00a0\u00bb _builder_version=\u00a0\u00bb4.21.0&Prime; _module_preset=\u00a0\u00bbdefault\u00a0\u00bb hover_enabled=\u00a0\u00bb0&Prime; global_colors_info=\u00a0\u00bb{}\u00a0\u00bb sticky_enabled=\u00a0\u00bb0&Prime;][\/et_pb_image][\/et_pb_column][\/et_pb_row][et_pb_row _builder_version=\u00a0\u00bb4.19.0&Prime; _module_preset=\u00a0\u00bbdefault\u00a0\u00bb custom_margin=\u00a0\u00bb20px||||false|false\u00a0\u00bb global_colors_info=\u00a0\u00bb{}\u00a0\u00bb][et_pb_column type=\u00a0\u00bb4_4&Prime; _builder_version=\u00a0\u00bb4.17.4&Prime; _module_preset=\u00a0\u00bbdefault\u00a0\u00bb global_colors_info=\u00a0\u00bb{}\u00a0\u00bb][et_pb_text admin_label=\u00a0\u00bbparagraf &#8211; compet\u00e8ncies i habilitats\u00a0\u00bb _builder_version=\u00a0\u00bb4.19.0&Prime; _module_preset=\u00a0\u00bbdefault\u00a0\u00bb custom_margin=\u00a0\u00bb||||false|false\u00a0\u00bb global_colors_info=\u00a0\u00bb{}\u00a0\u00bb]<\/p>\n<div style=\"text-align: center\">Nous apportons un accompagnement personnalis\u00e9 en pla\u00e7ant les <strong>enfants et les jeunes au centre de l\u2019action \u00e9ducative<\/strong>.<\/div>\n<div class=\"elementToProof\" style=\"text-align: center\">Nous partons de la <strong>participation active<\/strong>, du plaisir et de l\u2019enthousiasme et appliquons diverses m\u00e9thodologies telles que le jeu, l\u2019apprentissage et le service, la co\u00e9ducation ou l\u2019\u00e9ducation environnementale et \u00e9motionnelle afin de favoriser le d\u00e9veloppement de comp\u00e9tences <strong>transversales<\/strong> et de diverses <strong>comp\u00e9tences personnelles et collectives<\/strong>.<\/div>\n<p>[\/et_pb_text][\/et_pb_column][\/et_pb_row][et_pb_row _builder_version=\u00a0\u00bb4.19.0&Prime; _module_preset=\u00a0\u00bbdefault\u00a0\u00bb custom_margin=\u00a0\u00bb20px||||false|false\u00a0\u00bb global_colors_info=\u00a0\u00bb{}\u00a0\u00bb][et_pb_column type=\u00a0\u00bb4_4&Prime; _builder_version=\u00a0\u00bb4.19.0&Prime; _module_preset=\u00a0\u00bbdefault\u00a0\u00bb global_colors_info=\u00a0\u00bb{}\u00a0\u00bb][et_pb_image src=\u00a0\u00bbhttps:\/\/fundesplai.org\/wp-content\/uploads\/2023\/10\/Competencies-i-habilitats-frances.jpg\u00a0\u00bb alt=\u00a0\u00bbCompet\u00e8ncies i habilitats franc\u00e8s\u00a0\u00bb title_text=\u00a0\u00bbCompet\u00e8ncies i habilitats franc\u00e8s\u00a0\u00bb align=\u00a0\u00bbcenter\u00a0\u00bb admin_label=\u00a0\u00bbImage &#8211; Compet\u00e8ncies i habilitats\u00a0\u00bb _builder_version=\u00a0\u00bb4.21.0&Prime; _module_preset=\u00a0\u00bbdefault\u00a0\u00bb hover_enabled=\u00a0\u00bb0&Prime; global_colors_info=\u00a0\u00bb{}\u00a0\u00bb sticky_enabled=\u00a0\u00bb0&Prime;][\/et_pb_image][\/et_pb_column][\/et_pb_row][\/et_pb_section][et_pb_section fb_built=\u00a0\u00bb1&Prime; disabled_on=\u00a0\u00bboff|off|off\u00a0\u00bb module_id=\u00a0\u00bbapectes_tecnics\u00a0\u00bb _builder_version=\u00a0\u00bb4.16&Prime; _module_preset=\u00a0\u00bbdefault\u00a0\u00bb custom_margin=\u00a0\u00bb50px||||false|false\u00a0\u00bb locked=\u00a0\u00bboff\u00a0\u00bb collapsed=\u00a0\u00bboff\u00a0\u00bb global_colors_info=\u00a0\u00bb{}\u00a0\u00bb][et_pb_row _builder_version=\u00a0\u00bb4.19.0&Prime; _module_preset=\u00a0\u00bbdefault\u00a0\u00bb custom_margin=\u00a0\u00bb40px||||false|false\u00a0\u00bb global_colors_info=\u00a0\u00bb{}\u00a0\u00bb][et_pb_column type=\u00a0\u00bb4_4&Prime; _builder_version=\u00a0\u00bb4.19.0&Prime; _module_preset=\u00a0\u00bbdefault\u00a0\u00bb global_colors_info=\u00a0\u00bb{}\u00a0\u00bb][et_pb_text _builder_version=\u00a0\u00bb4.19.0&Prime; _module_preset=\u00a0\u00bbdefault\u00a0\u00bb global_colors_info=\u00a0\u00bb{}\u00a0\u00bb]<\/p>\n<h2 style=\"text-align: center\">Autres aspects de notre mod\u00e8le \u00e9ducatif<\/h2>\n<p>[\/et_pb_text][\/et_pb_column][\/et_pb_row][et_pb_row column_structure=\u00a0\u00bb1_2,1_2&Prime; make_equal=\u00a0\u00bbon\u00a0\u00bb _builder_version=\u00a0\u00bb4.16&Prime; _module_preset=\u00a0\u00bbdefault\u00a0\u00bb background_color=\u00a0\u00bb#E9E9E9&Prime; width=\u00a0\u00bb100%\u00a0\u00bb max_width=\u00a0\u00bb100%\u00a0\u00bb global_colors_info=\u00a0\u00bb{}\u00a0\u00bb][et_pb_column type=\u00a0\u00bb1_2&Prime; _builder_version=\u00a0\u00bb4.16&Prime; _module_preset=\u00a0\u00bbdefault\u00a0\u00bb global_colors_info=\u00a0\u00bb{}\u00a0\u00bb][et_pb_text admin_label=\u00a0\u00bbCompet\u00e8ncies\u00a0\u00bb _builder_version=\u00a0\u00bb4.19.0&Prime; _module_preset=\u00a0\u00bbdefault\u00a0\u00bb width=\u00a0\u00bb80%\u00a0\u00bb module_alignment=\u00a0\u00bbcenter\u00a0\u00bb custom_padding=\u00a0\u00bb30px||30px||false|false\u00a0\u00bb global_colors_info=\u00a0\u00bb{}\u00a0\u00bb]<\/p>\n<h4>Les 7 comp\u00e9tences en loisirs \u00e9ducatifs<\/h4>\n<p style=\"text-align: left\"><strong>Dans les loisirs \u00e9ducatifs<\/strong> , les enfants et les jeunes d\u00e9veloppent <a href=\"https:\/\/escoles.fundesplai.org\/wp-content\/uploads\/2021\/03\/Competencies-per-a-la-vida-en-el-Lleure-educatiu.pdf\" target=\"_blank\" rel=\"noopener noreferrer\">7 comp\u00e9tences transversales<\/a> (selon le mod\u00e8le d\u00e9fini par l\u2019UNESCO, 2018) :<br \/>(1) L\u2019apprentissage tout au long de la vie, (2) L\u2019autogestion, (3) L\u2019utilisation interactive des outils et des ressources, (4) L\u2019interaction avec les autres, (5) L\u2019interaction avec le monde, (6) La transdisciplinarit\u00e9, (7) La plurilitt\u00e9.<\/p>\n<p>[\/et_pb_text][\/et_pb_column][et_pb_column type=\u00a0\u00bb1_2&Prime; _builder_version=\u00a0\u00bb4.16&Prime; _module_preset=\u00a0\u00bbdefault\u00a0\u00bb background_color=\u00a0\u00bb#E9E9E9&Prime; background_image=\u00a0\u00bbhttps:\/\/fundesplai.org\/wp-content\/uploads\/2021\/07\/Competencies-lleure-educatiu-Fundesplai3.jpg\u00a0\u00bb global_colors_info=\u00a0\u00bb{}\u00a0\u00bb][\/et_pb_column][\/et_pb_row][et_pb_row column_structure=\u00a0\u00bb1_2,1_2&Prime; make_equal=\u00a0\u00bbon\u00a0\u00bb _builder_version=\u00a0\u00bb4.16&Prime; _module_preset=\u00a0\u00bbdefault\u00a0\u00bb background_color=\u00a0\u00bb#E9E9E9&Prime; width=\u00a0\u00bb100%\u00a0\u00bb max_width=\u00a0\u00bb100%\u00a0\u00bb global_colors_info=\u00a0\u00bb{}\u00a0\u00bb][et_pb_column type=\u00a0\u00bb1_2&Prime; _builder_version=\u00a0\u00bb4.16&Prime; _module_preset=\u00a0\u00bbdefault\u00a0\u00bb background_color=\u00a0\u00bb#E9E9E9&Prime; background_image=\u00a0\u00bbhttps:\/\/fundesplai.org\/wp-content\/uploads\/2022\/06\/ODS_Objectius-Desenvolupament-Sostenible.jpg\u00a0\u00bb global_colors_info=\u00a0\u00bb{}\u00a0\u00bb][\/et_pb_column][et_pb_column type=\u00a0\u00bb1_2&Prime; _builder_version=\u00a0\u00bb4.16&Prime; _module_preset=\u00a0\u00bbdefault\u00a0\u00bb global_colors_info=\u00a0\u00bb{}\u00a0\u00bb][et_pb_text admin_label=\u00a0\u00bbODS\u00a0\u00bb _builder_version=\u00a0\u00bb4.19.0&Prime; _module_preset=\u00a0\u00bbdefault\u00a0\u00bb width=\u00a0\u00bb80%\u00a0\u00bb module_alignment=\u00a0\u00bbcenter\u00a0\u00bb custom_padding=\u00a0\u00bb30px||30px||false|false\u00a0\u00bb global_colors_info=\u00a0\u00bb{}\u00a0\u00bb]<\/p>\n<h4>Nous \u00e9duquons pour les ODD<\/h4>\n<p>Depuis Fundesplai,<a href=\"https:\/\/fundesplai.org\/fr\/connaitre\/transparence\/fundesplai-avec-les-odd\/\"> nous contribuons \u00e0 la r\u00e9alisation des ODD<\/a> (Objectifs de D\u00e9veloppement Durable) avec toutes nos actions et projets. De notre travail \u00e9ducatif dans les esplais, les \u00e9coles et les camps d\u2019\u00e9t\u00e9, \u00e0 la formation, \u00e0 l\u2019accompagnement des entit\u00e9s et \u00e0 l\u2019engagement en faveur de la durabilit\u00e9 et de la coexistence.<\/p>\n<blockquote>\n<p><a href=\"https:\/\/fundesplai.org\/fr\/connaitre\/transparence\/fundesplai-avec-les-odd\/\">Fundesplai avec les ODD<\/a><\/p>\n<\/blockquote>\n<p>[\/et_pb_text][\/et_pb_column][\/et_pb_row][et_pb_row column_structure=\u00a0\u00bb1_2,1_2&Prime; make_equal=\u00a0\u00bbon\u00a0\u00bb _builder_version=\u00a0\u00bb4.16&Prime; _module_preset=\u00a0\u00bbdefault\u00a0\u00bb background_color=\u00a0\u00bb#E9E9E9&Prime; width=\u00a0\u00bb100%\u00a0\u00bb max_width=\u00a0\u00bb100%\u00a0\u00bb global_colors_info=\u00a0\u00bb{}\u00a0\u00bb][et_pb_column type=\u00a0\u00bb1_2&Prime; _builder_version=\u00a0\u00bb4.16&Prime; _module_preset=\u00a0\u00bbdefault\u00a0\u00bb background_enable_color=\u00a0\u00bboff\u00a0\u00bb background_enable_image=\u00a0\u00bboff\u00a0\u00bb global_colors_info=\u00a0\u00bb{}\u00a0\u00bb][et_pb_text admin_label=\u00a0\u00bbPropostes educatives\u00a0\u00bb _builder_version=\u00a0\u00bb4.19.0&Prime; _module_preset=\u00a0\u00bbdefault\u00a0\u00bb width=\u00a0\u00bb80%\u00a0\u00bb module_alignment=\u00a0\u00bbcenter\u00a0\u00bb custom_padding=\u00a0\u00bb30px||30px||false|false\u00a0\u00bb global_colors_info=\u00a0\u00bb{}\u00a0\u00bb]<\/p>\n<h4>Propositions p\u00e9dagogiques th\u00e9matiques<\/h4>\n<p>Nous \u00e9laborons des <a href=\"https:\/\/fundesplai.org\/recursos\/propostes-educatives\/\">propositions \u00e9ducatives<\/a> semestrielles dans les \u00e9coles et les esplais qui approfondissent des axes th\u00e9matiques sp\u00e9cifiques.<br \/>Les plus r\u00e9cents sont :<\/p>\n<blockquote>\n<p><a href=\"https:\/\/projectes.fundesplai.org\/mcm\/\">Manger changer le monde<\/a> (2021-23) pour une alimentation saine et durable<\/p>\n<p><a href=\"https:\/\/projectes.fundesplai.org\/nusos\/\" target=\"_blank\" rel=\"noopener noreferrer\">nuSOS<\/a> (2019-21) pour la citoyennet\u00e9 mondiale<\/p>\n<p><a href=\"https:\/\/projectes.fundesplai.org\/encoratjat\/\" target=\"_blank\" rel=\"noopener noreferrer\">Encouragez-vous<\/a> (2017-19) pour l\u2019\u00e9galit\u00e9 des sexes et l\u2019absence de violence<\/p>\n<\/blockquote>\n<p>[\/et_pb_text][\/et_pb_column][et_pb_column type=\u00a0\u00bb1_2&Prime; _builder_version=\u00a0\u00bb4.16&Prime; _module_preset=\u00a0\u00bbdefault\u00a0\u00bb background_image=\u00a0\u00bbhttps:\/\/fundesplai.org\/wp-content\/uploads\/2021\/07\/Propostes-educatives-Fundesplai-800&#215;471-1.jpg\u00a0\u00bb global_colors_info=\u00a0\u00bb{}\u00a0\u00bb][\/et_pb_column][\/et_pb_row][et_pb_row _builder_version=\u00a0\u00bb4.19.0&Prime; _module_preset=\u00a0\u00bbdefault\u00a0\u00bb custom_margin=\u00a0\u00bb40px||||false|false\u00a0\u00bb global_colors_info=\u00a0\u00bb{}\u00a0\u00bb][et_pb_column type=\u00a0\u00bb4_4&Prime; _builder_version=\u00a0\u00bb4.19.0&Prime; _module_preset=\u00a0\u00bbdefault\u00a0\u00bb global_colors_info=\u00a0\u00bb{}\u00a0\u00bb][et_pb_button button_text=\u00a0\u00bbNos engagements en faveur des enfants\u00a0\u00bb button_alignment=\u00a0\u00bbcenter\u00a0\u00bb _builder_version=\u00a0\u00bb4.19.0&Prime; _module_preset=\u00a0\u00bbdefault\u00a0\u00bb global_colors_info=\u00a0\u00bb{}\u00a0\u00bb][\/et_pb_button][\/et_pb_column][\/et_pb_row][\/et_pb_section]<\/p>\n","protected":false},"excerpt":{"rendered":"<p>Nos principes p\u00e9dagogiques sont organis\u00e9s en 4 piliers p\u00e9dagogiques d\u00e9finis par Jacques Delors dans le rapport de l\u2019UNESCO de 1996.<\/p>\n","protected":false},"author":3,"featured_media":0,"parent":59271,"menu_order":0,"comment_status":"closed","ping_status":"closed","template":"","meta":{"_et_pb_use_builder":"on","_et_pb_old_content":"","_et_gb_content_width":"","footnotes":""},"class_list":["post-59274","page","type-page","status-publish","hentry"],"yoast_head":"<!-- This site is optimized with the Yoast SEO plugin v27.4 - https:\/\/yoast.com\/product\/yoast-seo-wordpress\/ -->\n<title>Principes p\u00e9dagogiques - Fundesplai<\/title>\n<meta name=\"description\" content=\"Nos principes p\u00e9dagogiques sont organis\u00e9s en 4 piliers p\u00e9dagogiques d\u00e9finis par Jacques Delors dans le rapport de l\u2019UNESCO de 1996.\" \/>\n<meta name=\"robots\" content=\"index, follow, max-snippet:-1, max-image-preview:large, max-video-preview:-1\" \/>\n<link rel=\"canonical\" href=\"https:\/\/fundesplai.org\/fr\/connaitre\/transparence\/enfance\/principes-pedagogiques\/\" \/>\n<meta property=\"og:locale\" content=\"fr_FR\" \/>\n<meta property=\"og:type\" content=\"article\" \/>\n<meta property=\"og:title\" content=\"Principes p\u00e9dagogiques - Fundesplai\" \/>\n<meta property=\"og:description\" content=\"Nos principes p\u00e9dagogiques sont organis\u00e9s en 4 piliers p\u00e9dagogiques d\u00e9finis par Jacques Delors dans le rapport de l\u2019UNESCO de 1996.\" \/>\n<meta property=\"og:url\" content=\"https:\/\/fundesplai.org\/fr\/connaitre\/transparence\/enfance\/principes-pedagogiques\/\" \/>\n<meta property=\"og:site_name\" content=\"Fundesplai\" \/>\n<meta property=\"article:modified_time\" content=\"2023-10-31T10:44:00+00:00\" \/>\n<meta name=\"twitter:card\" content=\"summary_large_image\" \/>\n<meta name=\"twitter:label1\" content=\"Dur\u00e9e de lecture estim\u00e9e\" \/>\n\t<meta name=\"twitter:data1\" content=\"4 minutes\" \/>\n<script type=\"application\/ld+json\" class=\"yoast-schema-graph\">{\"@context\":\"https:\\\/\\\/schema.org\",\"@graph\":[{\"@type\":\"WebPage\",\"@id\":\"https:\\\/\\\/fundesplai.org\\\/fr\\\/connaitre\\\/transparence\\\/enfance\\\/principes-pedagogiques\\\/\",\"url\":\"https:\\\/\\\/fundesplai.org\\\/fr\\\/connaitre\\\/transparence\\\/enfance\\\/principes-pedagogiques\\\/\",\"name\":\"Principes p\u00e9dagogiques - Fundesplai\",\"isPartOf\":{\"@id\":\"https:\\\/\\\/fundesplai.org\\\/fr\\\/#website\"},\"datePublished\":\"2023-01-31T16:01:48+00:00\",\"dateModified\":\"2023-10-31T10:44:00+00:00\",\"description\":\"Nos principes p\u00e9dagogiques sont organis\u00e9s en 4 piliers p\u00e9dagogiques d\u00e9finis par Jacques Delors dans le rapport de l\u2019UNESCO de 1996.\",\"breadcrumb\":{\"@id\":\"https:\\\/\\\/fundesplai.org\\\/fr\\\/connaitre\\\/transparence\\\/enfance\\\/principes-pedagogiques\\\/#breadcrumb\"},\"inLanguage\":\"fr-FR\",\"potentialAction\":[{\"@type\":\"ReadAction\",\"target\":[\"https:\\\/\\\/fundesplai.org\\\/fr\\\/connaitre\\\/transparence\\\/enfance\\\/principes-pedagogiques\\\/\"]}]},{\"@type\":\"BreadcrumbList\",\"@id\":\"https:\\\/\\\/fundesplai.org\\\/fr\\\/connaitre\\\/transparence\\\/enfance\\\/principes-pedagogiques\\\/#breadcrumb\",\"itemListElement\":[{\"@type\":\"ListItem\",\"position\":1,\"name\":\"Inici\",\"item\":\"https:\\\/\\\/fundesplai.org\\\/fr\\\/\"},{\"@type\":\"ListItem\",\"position\":2,\"name\":\"Conna\u00eetre\",\"item\":\"https:\\\/\\\/fundesplai.org\\\/fr\\\/connaitre\\\/\"},{\"@type\":\"ListItem\",\"position\":3,\"name\":\"Transparence\",\"item\":\"https:\\\/\\\/fundesplai.org\\\/fr\\\/connaitre\\\/transparence\\\/\"},{\"@type\":\"ListItem\",\"position\":4,\"name\":\"Enfance\",\"item\":\"https:\\\/\\\/fundesplai.org\\\/fr\\\/connaitre\\\/transparence\\\/enfance\\\/\"},{\"@type\":\"ListItem\",\"position\":5,\"name\":\"Principes p\u00e9dagogiques\"}]},{\"@type\":\"WebSite\",\"@id\":\"https:\\\/\\\/fundesplai.org\\\/fr\\\/#website\",\"url\":\"https:\\\/\\\/fundesplai.org\\\/fr\\\/\",\"name\":\"Fundesplai\",\"description\":\"Eduquem per la conviv\u00e8ncia i la sostenibilitat\",\"potentialAction\":[{\"@type\":\"SearchAction\",\"target\":{\"@type\":\"EntryPoint\",\"urlTemplate\":\"https:\\\/\\\/fundesplai.org\\\/fr\\\/?s={search_term_string}\"},\"query-input\":{\"@type\":\"PropertyValueSpecification\",\"valueRequired\":true,\"valueName\":\"search_term_string\"}}],\"inLanguage\":\"fr-FR\"}]}<\/script>\n<!-- \/ Yoast SEO plugin. -->","yoast_head_json":{"title":"Principes p\u00e9dagogiques - Fundesplai","description":"Nos principes p\u00e9dagogiques sont organis\u00e9s en 4 piliers p\u00e9dagogiques d\u00e9finis par Jacques Delors dans le rapport de l\u2019UNESCO de 1996.","robots":{"index":"index","follow":"follow","max-snippet":"max-snippet:-1","max-image-preview":"max-image-preview:large","max-video-preview":"max-video-preview:-1"},"canonical":"https:\/\/fundesplai.org\/fr\/connaitre\/transparence\/enfance\/principes-pedagogiques\/","og_locale":"fr_FR","og_type":"article","og_title":"Principes p\u00e9dagogiques - Fundesplai","og_description":"Nos principes p\u00e9dagogiques sont organis\u00e9s en 4 piliers p\u00e9dagogiques d\u00e9finis par Jacques Delors dans le rapport de l\u2019UNESCO de 1996.","og_url":"https:\/\/fundesplai.org\/fr\/connaitre\/transparence\/enfance\/principes-pedagogiques\/","og_site_name":"Fundesplai","article_modified_time":"2023-10-31T10:44:00+00:00","twitter_card":"summary_large_image","twitter_misc":{"Dur\u00e9e de lecture estim\u00e9e":"4 minutes"},"schema":{"@context":"https:\/\/schema.org","@graph":[{"@type":"WebPage","@id":"https:\/\/fundesplai.org\/fr\/connaitre\/transparence\/enfance\/principes-pedagogiques\/","url":"https:\/\/fundesplai.org\/fr\/connaitre\/transparence\/enfance\/principes-pedagogiques\/","name":"Principes p\u00e9dagogiques - Fundesplai","isPartOf":{"@id":"https:\/\/fundesplai.org\/fr\/#website"},"datePublished":"2023-01-31T16:01:48+00:00","dateModified":"2023-10-31T10:44:00+00:00","description":"Nos principes p\u00e9dagogiques sont organis\u00e9s en 4 piliers p\u00e9dagogiques d\u00e9finis par Jacques Delors dans le rapport de l\u2019UNESCO de 1996.","breadcrumb":{"@id":"https:\/\/fundesplai.org\/fr\/connaitre\/transparence\/enfance\/principes-pedagogiques\/#breadcrumb"},"inLanguage":"fr-FR","potentialAction":[{"@type":"ReadAction","target":["https:\/\/fundesplai.org\/fr\/connaitre\/transparence\/enfance\/principes-pedagogiques\/"]}]},{"@type":"BreadcrumbList","@id":"https:\/\/fundesplai.org\/fr\/connaitre\/transparence\/enfance\/principes-pedagogiques\/#breadcrumb","itemListElement":[{"@type":"ListItem","position":1,"name":"Inici","item":"https:\/\/fundesplai.org\/fr\/"},{"@type":"ListItem","position":2,"name":"Conna\u00eetre","item":"https:\/\/fundesplai.org\/fr\/connaitre\/"},{"@type":"ListItem","position":3,"name":"Transparence","item":"https:\/\/fundesplai.org\/fr\/connaitre\/transparence\/"},{"@type":"ListItem","position":4,"name":"Enfance","item":"https:\/\/fundesplai.org\/fr\/connaitre\/transparence\/enfance\/"},{"@type":"ListItem","position":5,"name":"Principes p\u00e9dagogiques"}]},{"@type":"WebSite","@id":"https:\/\/fundesplai.org\/fr\/#website","url":"https:\/\/fundesplai.org\/fr\/","name":"Fundesplai","description":"Eduquem per la conviv\u00e8ncia i la sostenibilitat","potentialAction":[{"@type":"SearchAction","target":{"@type":"EntryPoint","urlTemplate":"https:\/\/fundesplai.org\/fr\/?s={search_term_string}"},"query-input":{"@type":"PropertyValueSpecification","valueRequired":true,"valueName":"search_term_string"}}],"inLanguage":"fr-FR"}]}},"_links":{"self":[{"href":"https:\/\/fundesplai.org\/fr\/wp-json\/wp\/v2\/pages\/59274","targetHints":{"allow":["GET"]}}],"collection":[{"href":"https:\/\/fundesplai.org\/fr\/wp-json\/wp\/v2\/pages"}],"about":[{"href":"https:\/\/fundesplai.org\/fr\/wp-json\/wp\/v2\/types\/page"}],"author":[{"embeddable":true,"href":"https:\/\/fundesplai.org\/fr\/wp-json\/wp\/v2\/users\/3"}],"replies":[{"embeddable":true,"href":"https:\/\/fundesplai.org\/fr\/wp-json\/wp\/v2\/comments?post=59274"}],"version-history":[{"count":3,"href":"https:\/\/fundesplai.org\/fr\/wp-json\/wp\/v2\/pages\/59274\/revisions"}],"predecessor-version":[{"id":60462,"href":"https:\/\/fundesplai.org\/fr\/wp-json\/wp\/v2\/pages\/59274\/revisions\/60462"}],"up":[{"embeddable":true,"href":"https:\/\/fundesplai.org\/fr\/wp-json\/wp\/v2\/pages\/59271"}],"wp:attachment":[{"href":"https:\/\/fundesplai.org\/fr\/wp-json\/wp\/v2\/media?parent=59274"}],"curies":[{"name":"wp","href":"https:\/\/api.w.org\/{rel}","templated":true}]}}