{"id":59271,"date":"2023-01-31T17:10:12","date_gmt":"2023-01-31T16:10:12","guid":{"rendered":"https:\/\/fundesplai.org\/connaitre\/transparence\/enfance\/"},"modified":"2023-10-17T09:36:15","modified_gmt":"2023-10-17T07:36:15","slug":"enfance","status":"publish","type":"page","link":"https:\/\/fundesplai.org\/fr\/connaitre\/transparence\/enfance\/","title":{"rendered":"Enfance"},"content":{"rendered":"<p>[et_pb_section fb_built=\u00a0\u00bb1&Prime; _builder_version=\u00a0\u00bb4.16&Prime; locked=\u00a0\u00bboff\u00a0\u00bb collapsed=\u00a0\u00bboff\u00a0\u00bb global_colors_info=\u00a0\u00bb{}\u00a0\u00bb][et_pb_row _builder_version=\u00a0\u00bb4.16&Prime; background_size=\u00a0\u00bbinitial\u00a0\u00bb background_position=\u00a0\u00bbtop_left\u00a0\u00bb background_repeat=\u00a0\u00bbrepeat\u00a0\u00bb global_colors_info=\u00a0\u00bb{}\u00a0\u00bb][et_pb_column type=\u00a0\u00bb4_4&Prime; _builder_version=\u00a0\u00bb4.16&Prime; custom_padding=\u00a0\u00bb|||\u00a0\u00bb global_colors_info=\u00a0\u00bb{}\u00a0\u00bb custom_padding__hover=\u00a0\u00bb|||\u00a0\u00bb][et_pb_post_title meta=\u00a0\u00bboff\u00a0\u00bb featured_image=\u00a0\u00bboff\u00a0\u00bb admin_label=\u00a0\u00bbT\u00edtol p\u00e0gina\u00a0\u00bb _builder_version=\u00a0\u00bb4.17.4&Prime; global_colors_info=\u00a0\u00bb{}\u00a0\u00bb][\/et_pb_post_title][\/et_pb_column][\/et_pb_row][et_pb_row _builder_version=\u00a0\u00bb4.19.0&Prime; _module_preset=\u00a0\u00bbdefault\u00a0\u00bb global_colors_info=\u00a0\u00bb{}\u00a0\u00bb][et_pb_column type=\u00a0\u00bb4_4&Prime; _builder_version=\u00a0\u00bb4.19.0&Prime; _module_preset=\u00a0\u00bbdefault\u00a0\u00bb global_colors_info=\u00a0\u00bb{}\u00a0\u00bb][et_pb_text _builder_version=\u00a0\u00bb4.19.0&Prime; _module_preset=\u00a0\u00bbdefault\u00a0\u00bb global_colors_info=\u00a0\u00bb{}\u00a0\u00bb]<\/p>\n<p style=\"text-align: center\">Notre <strong>engagement envers les enfants<\/strong> est notre force motrice depuis <a href=\"https:\/\/fundesplai.org\/fr\/connaitre\/notre-histoire\/\">plus de 50 ans<\/a> et nous l\u2019avons pr\u00e9sent dans tous les projets et actions. Nous \u00e9duquons les enfants et les jeunes sur les bases de l\u2019\u00e9ducation aux loisirs, de nos<strong> principes p\u00e9dagogiques<\/strong> et de nos <a href=\"https:\/\/fundesplai.org\/fr\/connaitre\/mission-et-valeurs\/\">valeurs<\/a>. Nous \u00e9duquons \u00e0 la <strong>coexistence et<\/strong> \u00e0 la durabilit\u00e9 avec la volont\u00e9 de transformer la soci\u00e9t\u00e9 pour rendre le monde meilleur. Nous apportons une attention particuli\u00e8re \u00e0 la <strong>protection des enfants <\/strong>avec divers protocoles de pr\u00e9vention et nous nous concentrons sur <strong>l\u2019\u00e9quit\u00e9 et l\u2019\u00e9galit\u00e9 des chances<\/strong>.<\/p>\n<p>[\/et_pb_text][\/et_pb_column][\/et_pb_row][et_pb_row module_class=\u00a0\u00bb et_pb_row_fullwidth\u00a0\u00bb _builder_version=\u00a0\u00bb4.19.0&Prime; width=\u00a0\u00bb100%\u00a0\u00bb width_tablet=\u00a0\u00bb100%\u00a0\u00bb width_phone=\u00a0\u00bb\u00a0\u00bb width_last_edited=\u00a0\u00bbon|desktop\u00a0\u00bb max_width=\u00a0\u00bb100%\u00a0\u00bb max_width_tablet=\u00a0\u00bb100%\u00a0\u00bb max_width_phone=\u00a0\u00bb\u00a0\u00bb max_width_last_edited=\u00a0\u00bbon|desktop\u00a0\u00bb custom_margin=\u00a0\u00bb30px||||false|false\u00a0\u00bb make_fullwidth=\u00a0\u00bbon\u00a0\u00bb global_colors_info=\u00a0\u00bb{}\u00a0\u00bb][et_pb_column type=\u00a0\u00bb4_4&Prime; _builder_version=\u00a0\u00bb4.16&Prime; custom_padding=\u00a0\u00bb|||\u00a0\u00bb global_colors_info=\u00a0\u00bb{}\u00a0\u00bb custom_padding__hover=\u00a0\u00bb|||\u00a0\u00bb][et_pb_code _builder_version=\u00a0\u00bb4.19.0&Prime; z_index_tablet=\u00a0\u00bb500&Prime; global_colors_info=\u00a0\u00bb{}\u00a0\u00bb]<div class='graella-distribuidora'>\n\t\t\t\t<a class='graella-distribuidora-item' href='https:\/\/fundesplai.org\/fr\/connaitre\/transparence\/enfance\/protection-de-lenfance\/'>\n\t\t\t\t\t<img class='graella-distribuidora-thumbnail' src='https:\/\/fundesplai.org\/wp-content\/uploads\/2023\/01\/Proteccio-infancia-Fundesplai-150x150.jpg' \/>\n\t\t\t\t\t<h3 class='graella-distribuidora-title'>\n\t\t\t\t\t\tProtection de l\u2019enfance\n\t\t\t\t\t<\/h3>\n\t\t\t\t\t<span class='graella-distribuidora-boto'><i class='fas fa-plus'><\/i><\/span>\n\t\t\t\t<\/a>\n\t\t\t\n\t\t\t\t<a class='graella-distribuidora-item' href='https:\/\/fundesplai.org\/fr\/connaitre\/transparence\/enfance\/principes-pedagogiques\/'>\n\t\t\t\t\t<img class='graella-distribuidora-thumbnail' src='https:\/\/cdn.fundesplai.org\/plantilla\/img\/no-thumb.png' \/>\n\t\t\t\t\t<h3 class='graella-distribuidora-title'>\n\t\t\t\t\t\tPrincipes p\u00e9dagogiques\n\t\t\t\t\t<\/h3>\n\t\t\t\t\t<span class='graella-distribuidora-boto'><i class='fas fa-plus'><\/i><\/span>\n\t\t\t\t<\/a>\n\t\t\t\n\t\t\t\t<a class='graella-distribuidora-item' href='https:\/\/fundesplai.org\/fr\/droits-de-lenfant\/'>\n\t\t\t\t\t<img class='graella-distribuidora-thumbnail' src='https:\/\/fundesplai.org\/wp-content\/uploads\/2022\/08\/Drets-dels-Infants-Fundesplai-150x150.jpg' \/>\n\t\t\t\t\t<h3 class='graella-distribuidora-title'>\n\t\t\t\t\t\tDroits de l\u2019enfant\n\t\t\t\t\t<\/h3>\n\t\t\t\t\t<span class='graella-distribuidora-boto'><i class='fas fa-plus'><\/i><\/span>\n\t\t\t\t<\/a>\n\t\t\t\n\t\t\t\t<a class='graella-distribuidora-item' href='https:\/\/fundesplai.org\/fr\/connaitre\/transparence\/egalite-des-chances\/'>\n\t\t\t\t\t<img class='graella-distribuidora-thumbnail' src='https:\/\/cdn.fundesplai.org\/plantilla\/img\/no-thumb.png' \/>\n\t\t\t\t\t<h3 class='graella-distribuidora-title'>\n\t\t\t\t\t\tEgalit\u00e9 des chances\n\t\t\t\t\t<\/h3>\n\t\t\t\t\t<span class='graella-distribuidora-boto'><i class='fas fa-plus'><\/i><\/span>\n\t\t\t\t<\/a>\n\t\t\t<\/div>[\/et_pb_code][\/et_pb_column][\/et_pb_row][et_pb_row _builder_version=\u00a0\u00bb4.19.0&Prime; _module_preset=\u00a0\u00bbdefault\u00a0\u00bb custom_margin=\u00a0\u00bb40px||||false|false\u00a0\u00bb global_colors_info=\u00a0\u00bb{}\u00a0\u00bb][et_pb_column type=\u00a0\u00bb4_4&Prime; _builder_version=\u00a0\u00bb4.19.0&Prime; _module_preset=\u00a0\u00bbdefault\u00a0\u00bb global_colors_info=\u00a0\u00bb{}\u00a0\u00bb][et_pb_button button_url=\u00a0\u00bbhttps:\/\/fundesplai.org\/fr\/projets-et-services\/\u00a0\u00bb button_text=\u00a0\u00bbVous \u00eates \u00e0 la recherche d\u2019un de nos services ou projets avec des enfants ?\u00a0\u00bb button_alignment=\u00a0\u00bbcenter\u00a0\u00bb _builder_version=\u00a0\u00bb4.19.0&Prime; _module_preset=\u00a0\u00bbdefault\u00a0\u00bb global_colors_info=\u00a0\u00bb{}\u00a0\u00bb][\/et_pb_button][\/et_pb_column][\/et_pb_row][\/et_pb_section]<\/p>\n","protected":false},"excerpt":{"rendered":"<p>Notre engagement envers les enfants est notre force motrice depuis plus de 50 ans et nous l\u2019avons pr\u00e9sent dans tous les projets et actions. <\/p>\n","protected":false},"author":3,"featured_media":0,"parent":59166,"menu_order":0,"comment_status":"closed","ping_status":"closed","template":"","meta":{"_et_pb_use_builder":"on","_et_pb_old_content":"","_et_gb_content_width":"","footnotes":""},"class_list":["post-59271","page","type-page","status-publish","hentry"],"yoast_head":"<!-- This site is optimized with the Yoast SEO plugin v27.4 - https:\/\/yoast.com\/product\/yoast-seo-wordpress\/ -->\n<title>Enfance - Fundesplai<\/title>\n<meta name=\"description\" content=\"Notre engagement envers les enfants est notre force motrice depuis plus de 50 ans et nous l\u2019avons pr\u00e9sent dans tous les projets et actions.\" \/>\n<meta name=\"robots\" content=\"index, follow, max-snippet:-1, max-image-preview:large, max-video-preview:-1\" \/>\n<link rel=\"canonical\" href=\"https:\/\/fundesplai.org\/fr\/connaitre\/transparence\/enfance\/\" \/>\n<meta property=\"og:locale\" content=\"fr_FR\" \/>\n<meta property=\"og:type\" content=\"article\" \/>\n<meta property=\"og:title\" content=\"Enfance - Fundesplai\" \/>\n<meta property=\"og:description\" content=\"Notre engagement envers les enfants est notre force motrice depuis plus de 50 ans et nous l\u2019avons pr\u00e9sent dans tous les projets et actions.\" \/>\n<meta property=\"og:url\" content=\"https:\/\/fundesplai.org\/fr\/connaitre\/transparence\/enfance\/\" \/>\n<meta property=\"og:site_name\" content=\"Fundesplai\" \/>\n<meta property=\"article:modified_time\" content=\"2023-10-17T07:36:15+00:00\" \/>\n<meta name=\"twitter:card\" content=\"summary_large_image\" \/>\n<meta name=\"twitter:label1\" content=\"Dur\u00e9e de lecture estim\u00e9e\" \/>\n\t<meta name=\"twitter:data1\" content=\"2 minutes\" \/>\n<script type=\"application\/ld+json\" class=\"yoast-schema-graph\">{\"@context\":\"https:\\\/\\\/schema.org\",\"@graph\":[{\"@type\":\"WebPage\",\"@id\":\"https:\\\/\\\/fundesplai.org\\\/fr\\\/connaitre\\\/transparence\\\/enfance\\\/\",\"url\":\"https:\\\/\\\/fundesplai.org\\\/fr\\\/connaitre\\\/transparence\\\/enfance\\\/\",\"name\":\"Enfance - Fundesplai\",\"isPartOf\":{\"@id\":\"https:\\\/\\\/fundesplai.org\\\/fr\\\/#website\"},\"datePublished\":\"2023-01-31T16:10:12+00:00\",\"dateModified\":\"2023-10-17T07:36:15+00:00\",\"description\":\"Notre engagement envers les enfants est notre force motrice depuis plus de 50 ans et nous l\u2019avons pr\u00e9sent dans tous les projets et actions.\",\"breadcrumb\":{\"@id\":\"https:\\\/\\\/fundesplai.org\\\/fr\\\/connaitre\\\/transparence\\\/enfance\\\/#breadcrumb\"},\"inLanguage\":\"fr-FR\",\"potentialAction\":[{\"@type\":\"ReadAction\",\"target\":[\"https:\\\/\\\/fundesplai.org\\\/fr\\\/connaitre\\\/transparence\\\/enfance\\\/\"]}]},{\"@type\":\"BreadcrumbList\",\"@id\":\"https:\\\/\\\/fundesplai.org\\\/fr\\\/connaitre\\\/transparence\\\/enfance\\\/#breadcrumb\",\"itemListElement\":[{\"@type\":\"ListItem\",\"position\":1,\"name\":\"Inici\",\"item\":\"https:\\\/\\\/fundesplai.org\\\/fr\\\/\"},{\"@type\":\"ListItem\",\"position\":2,\"name\":\"Conna\u00eetre\",\"item\":\"https:\\\/\\\/fundesplai.org\\\/fr\\\/connaitre\\\/\"},{\"@type\":\"ListItem\",\"position\":3,\"name\":\"Transparence\",\"item\":\"https:\\\/\\\/fundesplai.org\\\/fr\\\/connaitre\\\/transparence\\\/\"},{\"@type\":\"ListItem\",\"position\":4,\"name\":\"Enfance\"}]},{\"@type\":\"WebSite\",\"@id\":\"https:\\\/\\\/fundesplai.org\\\/fr\\\/#website\",\"url\":\"https:\\\/\\\/fundesplai.org\\\/fr\\\/\",\"name\":\"Fundesplai\",\"description\":\"Eduquem per la conviv\u00e8ncia i la sostenibilitat\",\"potentialAction\":[{\"@type\":\"SearchAction\",\"target\":{\"@type\":\"EntryPoint\",\"urlTemplate\":\"https:\\\/\\\/fundesplai.org\\\/fr\\\/?s={search_term_string}\"},\"query-input\":{\"@type\":\"PropertyValueSpecification\",\"valueRequired\":true,\"valueName\":\"search_term_string\"}}],\"inLanguage\":\"fr-FR\"}]}<\/script>\n<!-- \/ Yoast SEO plugin. -->","yoast_head_json":{"title":"Enfance - Fundesplai","description":"Notre engagement envers les enfants est notre force motrice depuis plus de 50 ans et nous l\u2019avons pr\u00e9sent dans tous les projets et actions.","robots":{"index":"index","follow":"follow","max-snippet":"max-snippet:-1","max-image-preview":"max-image-preview:large","max-video-preview":"max-video-preview:-1"},"canonical":"https:\/\/fundesplai.org\/fr\/connaitre\/transparence\/enfance\/","og_locale":"fr_FR","og_type":"article","og_title":"Enfance - Fundesplai","og_description":"Notre engagement envers les enfants est notre force motrice depuis plus de 50 ans et nous l\u2019avons pr\u00e9sent dans tous les projets et actions.","og_url":"https:\/\/fundesplai.org\/fr\/connaitre\/transparence\/enfance\/","og_site_name":"Fundesplai","article_modified_time":"2023-10-17T07:36:15+00:00","twitter_card":"summary_large_image","twitter_misc":{"Dur\u00e9e de lecture estim\u00e9e":"2 minutes"},"schema":{"@context":"https:\/\/schema.org","@graph":[{"@type":"WebPage","@id":"https:\/\/fundesplai.org\/fr\/connaitre\/transparence\/enfance\/","url":"https:\/\/fundesplai.org\/fr\/connaitre\/transparence\/enfance\/","name":"Enfance - Fundesplai","isPartOf":{"@id":"https:\/\/fundesplai.org\/fr\/#website"},"datePublished":"2023-01-31T16:10:12+00:00","dateModified":"2023-10-17T07:36:15+00:00","description":"Notre engagement envers les enfants est notre force motrice depuis plus de 50 ans et nous l\u2019avons pr\u00e9sent dans tous les projets et actions.","breadcrumb":{"@id":"https:\/\/fundesplai.org\/fr\/connaitre\/transparence\/enfance\/#breadcrumb"},"inLanguage":"fr-FR","potentialAction":[{"@type":"ReadAction","target":["https:\/\/fundesplai.org\/fr\/connaitre\/transparence\/enfance\/"]}]},{"@type":"BreadcrumbList","@id":"https:\/\/fundesplai.org\/fr\/connaitre\/transparence\/enfance\/#breadcrumb","itemListElement":[{"@type":"ListItem","position":1,"name":"Inici","item":"https:\/\/fundesplai.org\/fr\/"},{"@type":"ListItem","position":2,"name":"Conna\u00eetre","item":"https:\/\/fundesplai.org\/fr\/connaitre\/"},{"@type":"ListItem","position":3,"name":"Transparence","item":"https:\/\/fundesplai.org\/fr\/connaitre\/transparence\/"},{"@type":"ListItem","position":4,"name":"Enfance"}]},{"@type":"WebSite","@id":"https:\/\/fundesplai.org\/fr\/#website","url":"https:\/\/fundesplai.org\/fr\/","name":"Fundesplai","description":"Eduquem per la conviv\u00e8ncia i la sostenibilitat","potentialAction":[{"@type":"SearchAction","target":{"@type":"EntryPoint","urlTemplate":"https:\/\/fundesplai.org\/fr\/?s={search_term_string}"},"query-input":{"@type":"PropertyValueSpecification","valueRequired":true,"valueName":"search_term_string"}}],"inLanguage":"fr-FR"}]}},"_links":{"self":[{"href":"https:\/\/fundesplai.org\/fr\/wp-json\/wp\/v2\/pages\/59271","targetHints":{"allow":["GET"]}}],"collection":[{"href":"https:\/\/fundesplai.org\/fr\/wp-json\/wp\/v2\/pages"}],"about":[{"href":"https:\/\/fundesplai.org\/fr\/wp-json\/wp\/v2\/types\/page"}],"author":[{"embeddable":true,"href":"https:\/\/fundesplai.org\/fr\/wp-json\/wp\/v2\/users\/3"}],"replies":[{"embeddable":true,"href":"https:\/\/fundesplai.org\/fr\/wp-json\/wp\/v2\/comments?post=59271"}],"version-history":[{"count":2,"href":"https:\/\/fundesplai.org\/fr\/wp-json\/wp\/v2\/pages\/59271\/revisions"}],"predecessor-version":[{"id":59273,"href":"https:\/\/fundesplai.org\/fr\/wp-json\/wp\/v2\/pages\/59271\/revisions\/59273"}],"up":[{"embeddable":true,"href":"https:\/\/fundesplai.org\/fr\/wp-json\/wp\/v2\/pages\/59166"}],"wp:attachment":[{"href":"https:\/\/fundesplai.org\/fr\/wp-json\/wp\/v2\/media?parent=59271"}],"curies":[{"name":"wp","href":"https:\/\/api.w.org\/{rel}","templated":true}]}}