{"id":59268,"date":"2023-01-31T22:23:04","date_gmt":"2023-01-31T21:23:04","guid":{"rendered":"https:\/\/fundesplai.org\/connaitre\/transparence\/egalite-des-chances\/"},"modified":"2023-10-17T09:35:16","modified_gmt":"2023-10-17T07:35:16","slug":"egalite-des-chances","status":"publish","type":"page","link":"https:\/\/fundesplai.org\/fr\/connaitre\/transparence\/egalite-des-chances\/","title":{"rendered":"Egalit\u00e9 des chances"},"content":{"rendered":"<p>[et_pb_section fb_built=\u00a0\u00bb1&Prime; fullwidth=\u00a0\u00bbon\u00a0\u00bb admin_label=\u00a0\u00bbSection\u00a0\u00bb _builder_version=\u00a0\u00bb4.16&Prime; _module_preset=\u00a0\u00bbdefault\u00a0\u00bb locked=\u00a0\u00bboff\u00a0\u00bb collapsed=\u00a0\u00bboff\u00a0\u00bb global_colors_info=\u00a0\u00bb{}\u00a0\u00bb][et_pb_fullwidth_slider module_id=\u00a0\u00bbfix-padding\u00a0\u00bb module_class=\u00a0\u00bbslider-capcalera slider-text-cta\u00a0\u00bb _builder_version=\u00a0\u00bb4.19.0&Prime; _module_preset=\u00a0\u00bbdefault\u00a0\u00bb background_enable_image=\u00a0\u00bboff\u00a0\u00bb global_colors_info=\u00a0\u00bb{}\u00a0\u00bb][et_pb_slide button_link=\u00a0\u00bbhttps:\/\/escoles.fundesplai.org\/contacta\/?servei=extraescolars\u00a0\u00bb _builder_version=\u00a0\u00bb4.19.0&Prime; _module_preset=\u00a0\u00bbdefault\u00a0\u00bb background_image=\u00a0\u00bbhttps:\/\/fundesplai.org\/wp-content\/uploads\/2023\/02\/Igualtat-Oportunitats-Fundesplai.jpg\u00a0\u00bb background_enable_image=\u00a0\u00bbon\u00a0\u00bb global_colors_info=\u00a0\u00bb{}\u00a0\u00bb sticky_transition=\u00a0\u00bbon\u00a0\u00bb][\/et_pb_slide][\/et_pb_fullwidth_slider][\/et_pb_section][et_pb_section fb_built=\u00a0\u00bb1&Prime; _builder_version=\u00a0\u00bb4.17.4&Prime; _module_preset=\u00a0\u00bbdefault\u00a0\u00bb locked=\u00a0\u00bboff\u00a0\u00bb global_colors_info=\u00a0\u00bb{}\u00a0\u00bb][et_pb_row _builder_version=\u00a0\u00bb4.19.0&Prime; _module_preset=\u00a0\u00bbdefault\u00a0\u00bb global_colors_info=\u00a0\u00bb{}\u00a0\u00bb][et_pb_column type=\u00a0\u00bb4_4&Prime; _builder_version=\u00a0\u00bb4.17.4&Prime; _module_preset=\u00a0\u00bbdefault\u00a0\u00bb global_colors_info=\u00a0\u00bb{}\u00a0\u00bb][et_pb_post_title meta=\u00a0\u00bboff\u00a0\u00bb featured_image=\u00a0\u00bboff\u00a0\u00bb _builder_version=\u00a0\u00bb4.19.0&Prime; _module_preset=\u00a0\u00bbdefault\u00a0\u00bb custom_margin=\u00a0\u00bb30px||||false|false\u00a0\u00bb global_colors_info=\u00a0\u00bb{}\u00a0\u00bb][\/et_pb_post_title][et_pb_text admin_label=\u00a0\u00bbparagraf intro\u00a0\u00bb _builder_version=\u00a0\u00bb4.19.0&Prime; _module_preset=\u00a0\u00bbdefault\u00a0\u00bb custom_margin=\u00a0\u00bb||||false|false\u00a0\u00bb global_colors_info=\u00a0\u00bb{}\u00a0\u00bb]<\/p>\n<div class=\"elementToProof\" style=\"text-align: center\">Garantir <strong>l\u2019\u00e9galit\u00e9 des chances<\/strong> dans toutes les activit\u00e9s et installations est l\u2019un des piliers de notre <a href=\"https:\/\/fundesplai.org\/fr\/connaitre\/mission-et-valeurs\/\">mission<\/a>. <strong>Tous les enfants, les jeunes et les adultes ont le droit de profiter d\u2019activit\u00e9s \u00e9ducatives de loisirs et d\u2019espaces accessibles<\/strong>. Et pour assurer cette \u00e9galit\u00e9 des chances, nous menons des activit\u00e9s inclusives, nous avons des camps d\u2019\u00e9t\u00e9 et des auberges accessibles, et nous \u00e9duquons pour une soci\u00e9t\u00e9 plus \u00e9galitaire, plus juste et plus solidaire, en prenant <strong>un soin particulier \u00e0 la diversit\u00e9 et aux situations de vuln\u00e9rabilit\u00e9<\/strong>.<\/div>\n<p>[\/et_pb_text][\/et_pb_column][\/et_pb_row][\/et_pb_section][et_pb_section fb_built=\u00a0\u00bb1&Prime; disabled_on=\u00a0\u00bboff|off|off\u00a0\u00bb module_id=\u00a0\u00bbapectes_tecnics\u00a0\u00bb _builder_version=\u00a0\u00bb4.16&Prime; _module_preset=\u00a0\u00bbdefault\u00a0\u00bb custom_margin=\u00a0\u00bb50px||||false|false\u00a0\u00bb locked=\u00a0\u00bboff\u00a0\u00bb collapsed=\u00a0\u00bboff\u00a0\u00bb global_colors_info=\u00a0\u00bb{}\u00a0\u00bb][et_pb_row column_structure=\u00a0\u00bb1_2,1_2&Prime; make_equal=\u00a0\u00bbon\u00a0\u00bb _builder_version=\u00a0\u00bb4.19.0&Prime; _module_preset=\u00a0\u00bbdefault\u00a0\u00bb background_color=\u00a0\u00bb#E9E9E9&Prime; width=\u00a0\u00bb100%\u00a0\u00bb max_width=\u00a0\u00bb100%\u00a0\u00bb global_colors_info=\u00a0\u00bb{}\u00a0\u00bb][et_pb_column type=\u00a0\u00bb1_2&Prime; _builder_version=\u00a0\u00bb4.16&Prime; _module_preset=\u00a0\u00bbdefault\u00a0\u00bb global_colors_info=\u00a0\u00bb{}\u00a0\u00bb][et_pb_text admin_label=\u00a0\u00bbLleure educatiu inclusiu\u00a0\u00bb _builder_version=\u00a0\u00bb4.19.0&Prime; _module_preset=\u00a0\u00bbdefault\u00a0\u00bb width=\u00a0\u00bb80%\u00a0\u00bb module_alignment=\u00a0\u00bbcenter\u00a0\u00bb custom_padding=\u00a0\u00bb30px||30px||false|false\u00a0\u00bb global_colors_info=\u00a0\u00bb{}\u00a0\u00bb]<\/p>\n<h4>Loisirs \u00e9ducatifs inclusifs<\/h4>\n<p style=\"text-align: left\">Les enfants ayant une diversit\u00e9 fonctionnelle peuvent profiter de nos activit\u00e9s inclusives telles que les camps d\u2019\u00e9t\u00e9 ou les camps. Nous nous adaptons aux besoins de chaque enfant afin que tout le monde puisse participer normalement. De plus, nous avons un service de soutien pour les \u00e9l\u00e8ves ayant des besoins \u00e9ducatifs particuliers pour les \u00e9coles avec des gardiens sp\u00e9cialis\u00e9s. Depuis nos <a href=\"https:\/\/fundesplai.org\/fr\/connaitre\/notre-histoire\/\">origines<\/a> , nous privil\u00e9gions les activit\u00e9s de loisirs inclusives qui <strong>am\u00e9liorent l\u2019autonomie des enfants, la gestion des \u00e9motions, les relations avec les autres et l\u2019int\u00e9gration dans le groupe<\/strong>.<\/p>\n<blockquote>\n<p><a href=\"https:\/\/escoles.fundesplai.org\/serveis\/colonies-escolars\/\">Camps scolaires<\/a> et <a href=\"https:\/\/escoles.fundesplai.org\/serveis\/casals\/\">camps d\u2019\u00e9t\u00e9<\/a><\/p>\n<p><a href=\"https:\/\/escoles.fundesplai.org\/serveis\/suport-als-alumnes-amb-necessitats-educatives-especials\/\">Soutien aux \u00e9l\u00e8ves ayant des besoins \u00e9ducatifs particuliers<\/a><\/p>\n<\/blockquote>\n<p>[\/et_pb_text][\/et_pb_column][et_pb_column type=\u00a0\u00bb1_2&Prime; _builder_version=\u00a0\u00bb4.19.0&Prime; _module_preset=\u00a0\u00bbdefault\u00a0\u00bb background_color=\u00a0\u00bb#E9E9E9&Prime; background_image=\u00a0\u00bbhttps:\/\/fundesplai.org\/wp-content\/uploads\/2023\/01\/Casals-i-colonies-inclusius-Fundesplai.jpg\u00a0\u00bb global_colors_info=\u00a0\u00bb{}\u00a0\u00bb][\/et_pb_column][\/et_pb_row][et_pb_row column_structure=\u00a0\u00bb1_2,1_2&Prime; make_equal=\u00a0\u00bbon\u00a0\u00bb _builder_version=\u00a0\u00bb4.19.0&Prime; _module_preset=\u00a0\u00bbdefault\u00a0\u00bb background_color=\u00a0\u00bb#E9E9E9&Prime; width=\u00a0\u00bb100%\u00a0\u00bb max_width=\u00a0\u00bb100%\u00a0\u00bb global_colors_info=\u00a0\u00bb{}\u00a0\u00bb][et_pb_column type=\u00a0\u00bb1_2&Prime; _builder_version=\u00a0\u00bb4.19.0&Prime; _module_preset=\u00a0\u00bbdefault\u00a0\u00bb background_color=\u00a0\u00bb#E9E9E9&Prime; background_image=\u00a0\u00bbhttps:\/\/fundesplai.org\/wp-content\/uploads\/2023\/01\/Beques-igualtat-oportunitats-Fundesplai.jpg\u00a0\u00bb global_colors_info=\u00a0\u00bb{}\u00a0\u00bb][\/et_pb_column][et_pb_column type=\u00a0\u00bb1_2&Prime; _builder_version=\u00a0\u00bb4.16&Prime; _module_preset=\u00a0\u00bbdefault\u00a0\u00bb global_colors_info=\u00a0\u00bb{}\u00a0\u00bb][et_pb_text admin_label=\u00a0\u00bbbeques per a les fam\u00edlies\u00a0\u00bb _builder_version=\u00a0\u00bb4.19.0&Prime; _module_preset=\u00a0\u00bbdefault\u00a0\u00bb width=\u00a0\u00bb80%\u00a0\u00bb module_alignment=\u00a0\u00bbcenter\u00a0\u00bb custom_padding=\u00a0\u00bb30px||30px||false|false\u00a0\u00bb global_colors_info=\u00a0\u00bb{}\u00a0\u00bb]<\/p>\n<h4>Bourses d\u2019\u00e9tudes pour les familles<\/h4>\n<div class=\"col-text\">\n<div class=\"col-text-inner\">\n<p>Nous offrons des bourses et des aides financi\u00e8res aux <strong>familles touch\u00e9es par le ch\u00f4mage<\/strong> ou en <strong>situation socio-\u00e9conomique vuln\u00e9rable<\/strong> afin que leurs enfants puissent participer et profiter d\u2019activit\u00e9s \u00e9ducatives et de loisirs. Nous y parvenons gr\u00e2ce aux<a href=\"https:\/\/fundesplai.org\/fr\/faire-un-don\/\"> dons<\/a> de particuliers et d\u2019entreprises qui nous aident \u00e0 garantir une aide financi\u00e8re pour que personne ne soit exclu des activit\u00e9s par manque de ressources.<\/p>\n<blockquote>\n<p><a href=\"https:\/\/estiu.fundesplai.org\/pagines\/campanya-de-beques\">Avez-vous besoin d\u2019une bourse<\/a> ?<\/p>\n<p><a href=\"https:\/\/fundesplai.org\/fr\/faire-un-don\/\">Faites un don pour que nous puissions donner plus de bourses d\u2019\u00e9tudes!<\/a><\/p>\n<\/blockquote>\n<\/div>\n<\/div>\n<p>[\/et_pb_text][\/et_pb_column][\/et_pb_row][et_pb_row column_structure=\u00a0\u00bb1_2,1_2&Prime; make_equal=\u00a0\u00bbon\u00a0\u00bb _builder_version=\u00a0\u00bb4.19.0&Prime; _module_preset=\u00a0\u00bbdefault\u00a0\u00bb background_color=\u00a0\u00bb#E9E9E9&Prime; width=\u00a0\u00bb100%\u00a0\u00bb max_width=\u00a0\u00bb100%\u00a0\u00bb global_colors_info=\u00a0\u00bb{}\u00a0\u00bb][et_pb_column type=\u00a0\u00bb1_2&Prime; _builder_version=\u00a0\u00bb4.16&Prime; _module_preset=\u00a0\u00bbdefault\u00a0\u00bb background_enable_color=\u00a0\u00bboff\u00a0\u00bb background_enable_image=\u00a0\u00bboff\u00a0\u00bb global_colors_info=\u00a0\u00bb{}\u00a0\u00bb][et_pb_text admin_label=\u00a0\u00bbInstal\u00b7lacions accessibles\u00a0\u00bb _builder_version=\u00a0\u00bb4.19.0&Prime; _module_preset=\u00a0\u00bbdefault\u00a0\u00bb width=\u00a0\u00bb80%\u00a0\u00bb module_alignment=\u00a0\u00bbcenter\u00a0\u00bb custom_padding=\u00a0\u00bb30px||30px||false|false\u00a0\u00bb global_colors_info=\u00a0\u00bb{}\u00a0\u00bb]<\/p>\n<h4>Installations accessibles aux personnes \u00e0 mobilit\u00e9 r\u00e9duite<\/h4>\n<p>Nos installations telles que les camps de vacances et l\u2019auberge Centre Esplai, ainsi que nos bureaux, sont <strong>exempts de barri\u00e8res architecturales<\/strong> et accessibles aux personnes \u00e0 mobilit\u00e9 r\u00e9duite. Nous voulons que tout le monde puisse profiter des espaces que nous avons cr\u00e9\u00e9s avec tant de soin, de nature et d\u2019activit\u00e9s de loisirs.<\/p>\n<blockquote>\n<p><a href=\"https:\/\/cases.fundesplai.org\/coneix\/accessibilitat\/\">13 camps d\u2019\u00e9t\u00e9 accessibles<\/a><\/p>\n<p><a href=\"https:\/\/albergueesplaibarcelona.com\/ca\/el-albergue\/accessible\/\">Centre Esplai, une auberge accessible aux personnes \u00e0 mobilit\u00e9 r\u00e9duite<\/a><\/p>\n<\/blockquote>\n<p>[\/et_pb_text][\/et_pb_column][et_pb_column type=\u00a0\u00bb1_2&Prime; _builder_version=\u00a0\u00bb4.19.0&Prime; _module_preset=\u00a0\u00bbdefault\u00a0\u00bb background_image=\u00a0\u00bbhttps:\/\/fundesplai.org\/wp-content\/uploads\/2023\/01\/Installacions-accessibles-Fundesplai.jpg\u00a0\u00bb global_colors_info=\u00a0\u00bb{}\u00a0\u00bb][\/et_pb_column][\/et_pb_row][et_pb_row column_structure=\u00a0\u00bb1_2,1_2&Prime; make_equal=\u00a0\u00bbon\u00a0\u00bb _builder_version=\u00a0\u00bb4.19.0&Prime; _module_preset=\u00a0\u00bbdefault\u00a0\u00bb background_color=\u00a0\u00bb#E9E9E9&Prime; width=\u00a0\u00bb100%\u00a0\u00bb max_width=\u00a0\u00bb100%\u00a0\u00bb global_colors_info=\u00a0\u00bb{}\u00a0\u00bb][et_pb_column type=\u00a0\u00bb1_2&Prime; _builder_version=\u00a0\u00bb4.19.0&Prime; _module_preset=\u00a0\u00bbdefault\u00a0\u00bb background_color=\u00a0\u00bb#E9E9E9&Prime; background_image=\u00a0\u00bbhttps:\/\/fundesplai.org\/wp-content\/uploads\/2023\/01\/Projecte-Tresca-Jove-Fundesplai_gran.jpg\u00a0\u00bb global_colors_info=\u00a0\u00bb{}\u00a0\u00bb][\/et_pb_column][et_pb_column type=\u00a0\u00bb1_2&Prime; _builder_version=\u00a0\u00bb4.16&Prime; _module_preset=\u00a0\u00bbdefault\u00a0\u00bb global_colors_info=\u00a0\u00bb{}\u00a0\u00bb][et_pb_text admin_label=\u00a0\u00bbAcci\u00f3 social i joves\u00a0\u00bb _builder_version=\u00a0\u00bb4.19.0&Prime; _module_preset=\u00a0\u00bbdefault\u00a0\u00bb width=\u00a0\u00bb80%\u00a0\u00bb module_alignment=\u00a0\u00bbcenter\u00a0\u00bb custom_padding=\u00a0\u00bb30px||30px||false|false\u00a0\u00bb global_colors_info=\u00a0\u00bb{}\u00a0\u00bb]<\/p>\n<h4>Programmes sociaux et de jeunesse<\/h4>\n<div class=\"col-text\">\n<div class=\"col-text-inner\">\n<p>Nous d\u00e9veloppons <strong>des projets socio-\u00e9ducatifs de formation et d\u2019insertion socio-professionnelle<\/strong> pour les publics vuln\u00e9rables. Nous assurons l\u2019accompagnement, la formation et l\u2019insertion socio-professionnelle des jeunes avec des projets vari\u00e9s.<\/p>\n<blockquote>\n<p><a href=\"https:\/\/fundesplai.org\/accio-social-i-joves\/\">Action sociale et projets pour les jeunes<\/a><\/p>\n<\/blockquote>\n<\/div>\n<\/div>\n<p>[\/et_pb_text][\/et_pb_column][\/et_pb_row][et_pb_row column_structure=\u00a0\u00bb1_2,1_2&Prime; make_equal=\u00a0\u00bbon\u00a0\u00bb _builder_version=\u00a0\u00bb4.19.0&Prime; _module_preset=\u00a0\u00bbdefault\u00a0\u00bb background_color=\u00a0\u00bb#E9E9E9&Prime; width=\u00a0\u00bb100%\u00a0\u00bb max_width=\u00a0\u00bb100%\u00a0\u00bb global_colors_info=\u00a0\u00bb{}\u00a0\u00bb][et_pb_column type=\u00a0\u00bb1_2&Prime; _builder_version=\u00a0\u00bb4.16&Prime; _module_preset=\u00a0\u00bbdefault\u00a0\u00bb background_enable_color=\u00a0\u00bboff\u00a0\u00bb background_enable_image=\u00a0\u00bboff\u00a0\u00bb global_colors_info=\u00a0\u00bb{}\u00a0\u00bb][et_pb_text admin_label=\u00a0\u00bbFormaci\u00f3 per a la igualtat d&rsquo;oportunitats\u00a0\u00bb _builder_version=\u00a0\u00bb4.19.0&Prime; _module_preset=\u00a0\u00bbdefault\u00a0\u00bb width=\u00a0\u00bb80%\u00a0\u00bb module_alignment=\u00a0\u00bbcenter\u00a0\u00bb custom_padding=\u00a0\u00bb30px||30px||false|false\u00a0\u00bb global_colors_info=\u00a0\u00bb{}\u00a0\u00bb]<\/p>\n<h4>La formation pour l\u2019\u00e9galit\u00e9 des chances<\/h4>\n<p>Nous sommes sp\u00e9cialis\u00e9s dans les <strong>cours de formation sur l\u2019\u00e9ducation inclusive<\/strong> et l\u2019attention \u00e0 la diversit\u00e9, l\u2019action sociale, les <strong>cours gratuits pour les ch\u00f4meurs et l\u2019orientation<\/strong> professionnelle afin de parvenir \u00e0 une soci\u00e9t\u00e9 avec plus d\u2019\u00e9quit\u00e9 et d\u2019\u00e9galit\u00e9 des chances.<\/p>\n<blockquote>\n<p><a href=\"https:\/\/formacio.fundesplai.org\/cursos\/cursos-per-a-persones-a-latur\/\">Cours gratuits pour les ch\u00f4meurs<\/a><\/p>\n<p><a href=\"https:\/\/formacio.fundesplai.org\/cursos\/educacio\/atencio-a-la-diversitat\/\">Cours sur l\u2019attention port\u00e9e \u00e0 la diversit\u00e9 et \u00e0 l\u2019\u00e9ducation inclusive<\/a><\/p>\n<\/blockquote>\n<p>[\/et_pb_text][\/et_pb_column][et_pb_column type=\u00a0\u00bb1_2&Prime; _builder_version=\u00a0\u00bb4.19.0&Prime; _module_preset=\u00a0\u00bbdefault\u00a0\u00bb background_image=\u00a0\u00bbhttps:\/\/fundesplai.org\/wp-content\/uploads\/2023\/01\/formacio-cursos-igualtat-Fundesplai.jpg\u00a0\u00bb global_colors_info=\u00a0\u00bb{}\u00a0\u00bb][\/et_pb_column][\/et_pb_row][et_pb_row column_structure=\u00a0\u00bb1_2,1_2&Prime; make_equal=\u00a0\u00bbon\u00a0\u00bb _builder_version=\u00a0\u00bb4.19.0&Prime; _module_preset=\u00a0\u00bbdefault\u00a0\u00bb background_color=\u00a0\u00bb#E9E9E9&Prime; width=\u00a0\u00bb100%\u00a0\u00bb max_width=\u00a0\u00bb100%\u00a0\u00bb global_colors_info=\u00a0\u00bb{}\u00a0\u00bb][et_pb_column type=\u00a0\u00bb1_2&Prime; _builder_version=\u00a0\u00bb4.19.0&Prime; _module_preset=\u00a0\u00bbdefault\u00a0\u00bb background_color=\u00a0\u00bb#E9E9E9&Prime; background_image=\u00a0\u00bbhttps:\/\/fundesplai.org\/wp-content\/uploads\/2023\/01\/Igualtat-de-genere-fundesplai.jpg\u00a0\u00bb global_colors_info=\u00a0\u00bb{}\u00a0\u00bb][\/et_pb_column][et_pb_column type=\u00a0\u00bb1_2&Prime; _builder_version=\u00a0\u00bb4.16&Prime; _module_preset=\u00a0\u00bbdefault\u00a0\u00bb global_colors_info=\u00a0\u00bb{}\u00a0\u00bb][et_pb_text admin_label=\u00a0\u00bbIgualtat de g\u00e8nere\u00a0\u00bb _builder_version=\u00a0\u00bb4.19.0&Prime; _module_preset=\u00a0\u00bbdefault\u00a0\u00bb width=\u00a0\u00bb80%\u00a0\u00bb module_alignment=\u00a0\u00bbcenter\u00a0\u00bb custom_padding=\u00a0\u00bb30px||30px||false|false\u00a0\u00bb hover_enabled=\u00a0\u00bb0&Prime; global_colors_info=\u00a0\u00bb{}\u00a0\u00bb sticky_enabled=\u00a0\u00bb0&Prime;]<\/p>\n<h4>Egalit\u00e9 des sexes<\/h4>\n<p><strong>L\u2019\u00e9ducation \u00e0 l\u2019\u00e9galit\u00e9 des sexes<\/strong> et \u00e0 l\u2019\u00e9galit\u00e9 r\u00e9elle des chances est l\u2019un de nos piliers. Nous menons des actions et des programmes sp\u00e9cifiques pour promouvoir l\u2019\u00e9galit\u00e9 des sexes de mani\u00e8re transversale dans la soci\u00e9t\u00e9.<\/p>\n<div class=\"col-text\">\n<div class=\"col-text-inner\">\n<blockquote>\n<p><a href=\"https:\/\/fundesplai.org\/wp-content\/uploads\/2023\/03\/II_PLA_DIGUALTAT_rev_23102019_PDF.pdf\">Notre plan pour l\u2019\u00e9galit\u00e9<\/a><\/p>\n<p><a href=\"https:\/\/fundesplai.org\/encoratjat\/\">Proposition \u00e9ducative Encouragez-vous pour l\u2019\u00e9galit\u00e9 des sexes et la non-violence<\/a><\/p>\n<p><a href=\"https:\/\/suport.fundesplai.org\/serveis\/igualtat-genere\/\">Service d\u2019\u00e9galit\u00e9 femmes-hommes pour les entit\u00e9s<\/a><\/p>\n<\/blockquote>\n<\/div>\n<\/div>\n<p>[\/et_pb_text][\/et_pb_column][\/et_pb_row][et_pb_row _builder_version=\u00a0\u00bb4.19.0&Prime; _module_preset=\u00a0\u00bbdefault\u00a0\u00bb custom_margin=\u00a0\u00bb40px||||false|false\u00a0\u00bb global_colors_info=\u00a0\u00bb{}\u00a0\u00bb][et_pb_column type=\u00a0\u00bb4_4&Prime; _builder_version=\u00a0\u00bb4.19.0&Prime; _module_preset=\u00a0\u00bbdefault\u00a0\u00bb global_colors_info=\u00a0\u00bb{}\u00a0\u00bb][et_pb_button button_url=\u00a0\u00bbhttps:\/\/fundesplai.org\/coneix\/transparencia\/infancia\/\u00a0\u00bb button_text=\u00a0\u00bbNos engagements en faveur des enfants\u00a0\u00bb button_alignment=\u00a0\u00bbcenter\u00a0\u00bb _builder_version=\u00a0\u00bb4.19.0&Prime; _module_preset=\u00a0\u00bbdefault\u00a0\u00bb global_colors_info=\u00a0\u00bb{}\u00a0\u00bb][\/et_pb_button][\/et_pb_column][\/et_pb_row][\/et_pb_section]<\/p>\n","protected":false},"excerpt":{"rendered":"<p>Garantir l\u2019\u00e9galit\u00e9 des chances dans toutes les activit\u00e9s et installations est l\u2019un des piliers de notre mission. <\/p>\n","protected":false},"author":3,"featured_media":0,"parent":59166,"menu_order":0,"comment_status":"closed","ping_status":"closed","template":"","meta":{"_et_pb_use_builder":"on","_et_pb_old_content":"","_et_gb_content_width":"","footnotes":""},"class_list":["post-59268","page","type-page","status-publish","hentry"],"yoast_head":"<!-- This site is optimized with the Yoast SEO plugin v27.3 - https:\/\/yoast.com\/product\/yoast-seo-wordpress\/ -->\n<title>Egalit\u00e9 des chances - Fundesplai<\/title>\n<meta name=\"description\" content=\"Garantir l\u2019\u00e9galit\u00e9 des chances dans toutes les activit\u00e9s et installations est l\u2019un des piliers de notre mission.\" \/>\n<meta name=\"robots\" content=\"index, follow, max-snippet:-1, max-image-preview:large, max-video-preview:-1\" \/>\n<link rel=\"canonical\" href=\"https:\/\/fundesplai.org\/fr\/connaitre\/transparence\/egalite-des-chances\/\" \/>\n<meta property=\"og:locale\" content=\"fr_FR\" \/>\n<meta property=\"og:type\" content=\"article\" \/>\n<meta property=\"og:title\" content=\"Egalit\u00e9 des chances - Fundesplai\" \/>\n<meta property=\"og:description\" content=\"Garantir l\u2019\u00e9galit\u00e9 des chances dans toutes les activit\u00e9s et installations est l\u2019un des piliers de notre mission.\" \/>\n<meta property=\"og:url\" content=\"https:\/\/fundesplai.org\/fr\/connaitre\/transparence\/egalite-des-chances\/\" \/>\n<meta property=\"og:site_name\" content=\"Fundesplai\" \/>\n<meta property=\"article:modified_time\" content=\"2023-10-17T07:35:16+00:00\" \/>\n<meta name=\"twitter:card\" content=\"summary_large_image\" \/>\n<meta name=\"twitter:label1\" content=\"Dur\u00e9e de lecture estim\u00e9e\" \/>\n\t<meta name=\"twitter:data1\" content=\"7 minutes\" \/>\n<script type=\"application\/ld+json\" class=\"yoast-schema-graph\">{\"@context\":\"https:\\\/\\\/schema.org\",\"@graph\":[{\"@type\":\"WebPage\",\"@id\":\"https:\\\/\\\/fundesplai.org\\\/fr\\\/connaitre\\\/transparence\\\/egalite-des-chances\\\/\",\"url\":\"https:\\\/\\\/fundesplai.org\\\/fr\\\/connaitre\\\/transparence\\\/egalite-des-chances\\\/\",\"name\":\"Egalit\u00e9 des chances - Fundesplai\",\"isPartOf\":{\"@id\":\"https:\\\/\\\/fundesplai.org\\\/fr\\\/#website\"},\"datePublished\":\"2023-01-31T21:23:04+00:00\",\"dateModified\":\"2023-10-17T07:35:16+00:00\",\"description\":\"Garantir l\u2019\u00e9galit\u00e9 des chances dans toutes les activit\u00e9s et installations est l\u2019un des piliers de notre mission.\",\"breadcrumb\":{\"@id\":\"https:\\\/\\\/fundesplai.org\\\/fr\\\/connaitre\\\/transparence\\\/egalite-des-chances\\\/#breadcrumb\"},\"inLanguage\":\"fr-FR\",\"potentialAction\":[{\"@type\":\"ReadAction\",\"target\":[\"https:\\\/\\\/fundesplai.org\\\/fr\\\/connaitre\\\/transparence\\\/egalite-des-chances\\\/\"]}]},{\"@type\":\"BreadcrumbList\",\"@id\":\"https:\\\/\\\/fundesplai.org\\\/fr\\\/connaitre\\\/transparence\\\/egalite-des-chances\\\/#breadcrumb\",\"itemListElement\":[{\"@type\":\"ListItem\",\"position\":1,\"name\":\"Inici\",\"item\":\"https:\\\/\\\/fundesplai.org\\\/fr\\\/\"},{\"@type\":\"ListItem\",\"position\":2,\"name\":\"Conna\u00eetre\",\"item\":\"https:\\\/\\\/fundesplai.org\\\/fr\\\/connaitre\\\/\"},{\"@type\":\"ListItem\",\"position\":3,\"name\":\"Transparence\",\"item\":\"https:\\\/\\\/fundesplai.org\\\/fr\\\/connaitre\\\/transparence\\\/\"},{\"@type\":\"ListItem\",\"position\":4,\"name\":\"Egalit\u00e9 des chances\"}]},{\"@type\":\"WebSite\",\"@id\":\"https:\\\/\\\/fundesplai.org\\\/fr\\\/#website\",\"url\":\"https:\\\/\\\/fundesplai.org\\\/fr\\\/\",\"name\":\"Fundesplai\",\"description\":\"Eduquem per la conviv\u00e8ncia i la sostenibilitat\",\"potentialAction\":[{\"@type\":\"SearchAction\",\"target\":{\"@type\":\"EntryPoint\",\"urlTemplate\":\"https:\\\/\\\/fundesplai.org\\\/fr\\\/?s={search_term_string}\"},\"query-input\":{\"@type\":\"PropertyValueSpecification\",\"valueRequired\":true,\"valueName\":\"search_term_string\"}}],\"inLanguage\":\"fr-FR\"}]}<\/script>\n<!-- \/ Yoast SEO plugin. -->","yoast_head_json":{"title":"Egalit\u00e9 des chances - Fundesplai","description":"Garantir l\u2019\u00e9galit\u00e9 des chances dans toutes les activit\u00e9s et installations est l\u2019un des piliers de notre mission.","robots":{"index":"index","follow":"follow","max-snippet":"max-snippet:-1","max-image-preview":"max-image-preview:large","max-video-preview":"max-video-preview:-1"},"canonical":"https:\/\/fundesplai.org\/fr\/connaitre\/transparence\/egalite-des-chances\/","og_locale":"fr_FR","og_type":"article","og_title":"Egalit\u00e9 des chances - Fundesplai","og_description":"Garantir l\u2019\u00e9galit\u00e9 des chances dans toutes les activit\u00e9s et installations est l\u2019un des piliers de notre mission.","og_url":"https:\/\/fundesplai.org\/fr\/connaitre\/transparence\/egalite-des-chances\/","og_site_name":"Fundesplai","article_modified_time":"2023-10-17T07:35:16+00:00","twitter_card":"summary_large_image","twitter_misc":{"Dur\u00e9e de lecture estim\u00e9e":"7 minutes"},"schema":{"@context":"https:\/\/schema.org","@graph":[{"@type":"WebPage","@id":"https:\/\/fundesplai.org\/fr\/connaitre\/transparence\/egalite-des-chances\/","url":"https:\/\/fundesplai.org\/fr\/connaitre\/transparence\/egalite-des-chances\/","name":"Egalit\u00e9 des chances - Fundesplai","isPartOf":{"@id":"https:\/\/fundesplai.org\/fr\/#website"},"datePublished":"2023-01-31T21:23:04+00:00","dateModified":"2023-10-17T07:35:16+00:00","description":"Garantir l\u2019\u00e9galit\u00e9 des chances dans toutes les activit\u00e9s et installations est l\u2019un des piliers de notre mission.","breadcrumb":{"@id":"https:\/\/fundesplai.org\/fr\/connaitre\/transparence\/egalite-des-chances\/#breadcrumb"},"inLanguage":"fr-FR","potentialAction":[{"@type":"ReadAction","target":["https:\/\/fundesplai.org\/fr\/connaitre\/transparence\/egalite-des-chances\/"]}]},{"@type":"BreadcrumbList","@id":"https:\/\/fundesplai.org\/fr\/connaitre\/transparence\/egalite-des-chances\/#breadcrumb","itemListElement":[{"@type":"ListItem","position":1,"name":"Inici","item":"https:\/\/fundesplai.org\/fr\/"},{"@type":"ListItem","position":2,"name":"Conna\u00eetre","item":"https:\/\/fundesplai.org\/fr\/connaitre\/"},{"@type":"ListItem","position":3,"name":"Transparence","item":"https:\/\/fundesplai.org\/fr\/connaitre\/transparence\/"},{"@type":"ListItem","position":4,"name":"Egalit\u00e9 des chances"}]},{"@type":"WebSite","@id":"https:\/\/fundesplai.org\/fr\/#website","url":"https:\/\/fundesplai.org\/fr\/","name":"Fundesplai","description":"Eduquem per la conviv\u00e8ncia i la sostenibilitat","potentialAction":[{"@type":"SearchAction","target":{"@type":"EntryPoint","urlTemplate":"https:\/\/fundesplai.org\/fr\/?s={search_term_string}"},"query-input":{"@type":"PropertyValueSpecification","valueRequired":true,"valueName":"search_term_string"}}],"inLanguage":"fr-FR"}]}},"_links":{"self":[{"href":"https:\/\/fundesplai.org\/fr\/wp-json\/wp\/v2\/pages\/59268","targetHints":{"allow":["GET"]}}],"collection":[{"href":"https:\/\/fundesplai.org\/fr\/wp-json\/wp\/v2\/pages"}],"about":[{"href":"https:\/\/fundesplai.org\/fr\/wp-json\/wp\/v2\/types\/page"}],"author":[{"embeddable":true,"href":"https:\/\/fundesplai.org\/fr\/wp-json\/wp\/v2\/users\/3"}],"replies":[{"embeddable":true,"href":"https:\/\/fundesplai.org\/fr\/wp-json\/wp\/v2\/comments?post=59268"}],"version-history":[{"count":2,"href":"https:\/\/fundesplai.org\/fr\/wp-json\/wp\/v2\/pages\/59268\/revisions"}],"predecessor-version":[{"id":59270,"href":"https:\/\/fundesplai.org\/fr\/wp-json\/wp\/v2\/pages\/59268\/revisions\/59270"}],"up":[{"embeddable":true,"href":"https:\/\/fundesplai.org\/fr\/wp-json\/wp\/v2\/pages\/59166"}],"wp:attachment":[{"href":"https:\/\/fundesplai.org\/fr\/wp-json\/wp\/v2\/media?parent=59268"}],"curies":[{"name":"wp","href":"https:\/\/api.w.org\/{rel}","templated":true}]}}