{"id":59265,"date":"2022-07-12T12:55:40","date_gmt":"2022-07-12T10:55:40","guid":{"rendered":"https:\/\/fundesplai.org\/connaitre\/transparence\/fundesplai-avec-les-odd\/"},"modified":"2023-10-17T09:33:55","modified_gmt":"2023-10-17T07:33:55","slug":"fundesplai-avec-les-odd","status":"publish","type":"page","link":"https:\/\/fundesplai.org\/fr\/connaitre\/transparence\/fundesplai-avec-les-odd\/","title":{"rendered":"Fundesplai avec les ODD"},"content":{"rendered":"<p>[et_pb_section fb_built=\u00a0\u00bb1&Prime; fullwidth=\u00a0\u00bbon\u00a0\u00bb admin_label=\u00a0\u00bbSection\u00a0\u00bb _builder_version=\u00a0\u00bb4.16&Prime; _module_preset=\u00a0\u00bbdefault\u00a0\u00bb locked=\u00a0\u00bboff\u00a0\u00bb collapsed=\u00a0\u00bboff\u00a0\u00bb global_colors_info=\u00a0\u00bb{}\u00a0\u00bb][et_pb_fullwidth_slider module_id=\u00a0\u00bbfix-padding\u00a0\u00bb module_class=\u00a0\u00bbslider-capcalera slider-text-cta\u00a0\u00bb _builder_version=\u00a0\u00bb4.17.4&Prime; _module_preset=\u00a0\u00bbdefault\u00a0\u00bb background_enable_image=\u00a0\u00bboff\u00a0\u00bb global_colors_info=\u00a0\u00bb{}\u00a0\u00bb][et_pb_slide button_link=\u00a0\u00bbhttps:\/\/escoles.fundesplai.org\/contacta\/?servei=extraescolars\u00a0\u00bb _builder_version=\u00a0\u00bb4.17.4&Prime; _module_preset=\u00a0\u00bbdefault\u00a0\u00bb background_image=\u00a0\u00bbhttps:\/\/fundesplai.org\/wp-content\/uploads\/2022\/07\/ODSFundesplai.jpg\u00a0\u00bb background_enable_image=\u00a0\u00bbon\u00a0\u00bb global_colors_info=\u00a0\u00bb{}\u00a0\u00bb sticky_transition=\u00a0\u00bbon\u00a0\u00bb][\/et_pb_slide][\/et_pb_fullwidth_slider][\/et_pb_section][et_pb_section fb_built=\u00a0\u00bb1&Prime; _builder_version=\u00a0\u00bb4.17.4&Prime; _module_preset=\u00a0\u00bbdefault\u00a0\u00bb global_colors_info=\u00a0\u00bb{}\u00a0\u00bb][et_pb_row _builder_version=\u00a0\u00bb4.17.4&Prime; _module_preset=\u00a0\u00bbdefault\u00a0\u00bb global_colors_info=\u00a0\u00bb{}\u00a0\u00bb][et_pb_column type=\u00a0\u00bb4_4&Prime; _builder_version=\u00a0\u00bb4.17.4&Prime; _module_preset=\u00a0\u00bbdefault\u00a0\u00bb global_colors_info=\u00a0\u00bb{}\u00a0\u00bb][et_pb_post_title _builder_version=\u00a0\u00bb4.17.4&Prime; _module_preset=\u00a0\u00bbdefault\u00a0\u00bb custom_margin=\u00a0\u00bb30px||||false|false\u00a0\u00bb global_colors_info=\u00a0\u00bb{}\u00a0\u00bb][\/et_pb_post_title][et_pb_text admin_label=\u00a0\u00bbintro\u00a0\u00bb _builder_version=\u00a0\u00bb4.19.0&Prime; _module_preset=\u00a0\u00bbdefault\u00a0\u00bb custom_margin=\u00a0\u00bb30px||||false|false\u00a0\u00bb global_colors_info=\u00a0\u00bb{}\u00a0\u00bb]<\/p>\n<p style=\"text-align: center\">Fundesplai a adh\u00e9r\u00e9 \u00e0 <strong>l\u2019Accord national pour<\/strong> l\u2019Agenda 2030, le coup d\u2019envoi de <a href=\"http:\/\/cads.gencat.cat\/ca\/Agenda_2030\/alianca\/\">l\u2019Alliance de Catalogne 2030<\/a>, afin d\u2019atteindre les <a href=\"https:\/\/mediambient.gencat.cat\/ca\/05_ambits_dactuacio\/educacio_i_sostenibilitat\/desenvolupament_sostenible\/agenda-2030-ods\/que-son-els-ods\/\">17 objectifs de d\u00e9veloppement durable<\/a> fix\u00e9s par les Nations Unies. Nous avons int\u00e9gr\u00e9 les ODD dans notre ligne de travail dans <strong>tous nos programmes et projets<\/strong>; Les valeurs et les actions de l\u2019entit\u00e9 favorisent l\u2019\u00e9galit\u00e9 des chances, l\u2019\u00e9quit\u00e9 et l\u2019\u00e9ducation \u00e0 la durabilit\u00e9. Tout pour parvenir \u00e0 un <strong>monde plus juste et \u00e9galitaire<\/strong>.<\/p>\n<p>[\/et_pb_text][et_pb_testimonial author=\u00a0\u00bbJosep Gass\u00f3\u00a0\u00bb job_title=\u00a0\u00bbPr\u00e9sident de Fundesplai\u00a0\u00bb portrait_url=\u00a0\u00bbhttps:\/\/fundesplai.org\/wp-content\/uploads\/2022\/07\/DSC_9138-scaled.jpg\u00a0\u00bb _builder_version=\u00a0\u00bb4.17.4&Prime; _module_preset=\u00a0\u00bbdefault\u00a0\u00bb custom_margin=\u00a0\u00bb30px||||false|false\u00a0\u00bb global_colors_info=\u00a0\u00bb{}\u00a0\u00bb]<\/p>\n<p>Les organisations du secteur tertiaire doivent jouer un r\u00f4le de premier plan dans la r\u00e9alisation des ODD : nous sommes des agents de transformation \u00e0 travers nos programmes, des catalyseurs de participation sociale et de sensibilisation, des moteurs de nouveaux projets innovants et un compl\u00e9ment essentiel aux politiques publiques.<\/p>\n<p>[\/et_pb_testimonial][et_pb_image src=\u00a0\u00bbhttps:\/\/fundesplai.org\/wp-content\/uploads\/2022\/07\/ODS_Objectius_Desenvolupament_Sostenible_Respon.cat_SDG_Icons_CAT_Poster_A4-scaled.jpg\u00a0\u00bb title_text=\u00a0\u00bbD\u00e9veloppement Durable Goals_E_Final tailles\u00a0\u00bb _builder_version=\u00a0\u00bb4.17.4&Prime; _module_preset=\u00a0\u00bbdefault\u00a0\u00bb global_colors_info=\u00a0\u00bb{}\u00a0\u00bb][\/et_pb_image][\/et_pb_column][\/et_pb_row][\/et_pb_section][et_pb_section fb_built=\u00a0\u00bb1&Prime; module_class=\u00a0\u00bbgraella-moduls-grisa graella-ambits-projectes-i-serveis\u00a0\u00bb _builder_version=\u00a0\u00bb4.17.4&Prime; _module_preset=\u00a0\u00bbdefault\u00a0\u00bb global_colors_info=\u00a0\u00bb{}\u00a0\u00bb][et_pb_row column_structure=\u00a0\u00bb1_3,1_3,1_3&Prime; _builder_version=\u00a0\u00bb4.17.4&Prime; _module_preset=\u00a0\u00bbdefault\u00a0\u00bb global_colors_info=\u00a0\u00bb{}\u00a0\u00bb][et_pb_column type=\u00a0\u00bb1_3&Prime; _builder_version=\u00a0\u00bb4.17.4&Prime; _module_preset=\u00a0\u00bbdefault\u00a0\u00bb global_colors_info=\u00a0\u00bb{}\u00a0\u00bb][et_pb_blurb image=\u00a0\u00bbhttps:\/\/fundesplai.org\/wp-content\/uploads\/2022\/07\/DSC_9114-scaled.jpg\u00a0\u00bb admin_label=\u00a0\u00bbSostenibilitat\u00a0\u00bb _builder_version=\u00a0\u00bb4.21.0&Prime; _module_preset=\u00a0\u00bbdefault\u00a0\u00bb global_colors_info=\u00a0\u00bb{}\u00a0\u00bb]<\/p>\n<p style=\"text-align: center\"><strong>Conception architecturale \u00e9co-efficiente<\/strong>, panneaux solaires photovolta\u00efques, r\u00e9utilisation de l\u2019eau&#8230; Toutes nos installations visent une efficacit\u00e9 environnementale et \u00e9nerg\u00e9tique maximale.<\/p>\n<blockquote>\n<p style=\"text-align: left\"><a href=\"https:\/\/albergueesplaibarcelona.com\/ca\/el-albergue\/eco-alberg\/\">Centre Esplai, b\u00e2timent \u00e9co-efficace<\/a><\/p>\n<p style=\"text-align: left\"><a href=\"https:\/\/cases.fundesplai.org\/coneix\/sostenibilitat\/\">Camps de vacances durables<\/a><\/p>\n<p style=\"text-align: left\"><a href=\"https:\/\/fundesplai.org\/fr\/connaitre\/transparence\/notre-engagement-en-faveur-du-developpement-durable\/\">Notre engagement en faveur du d\u00e9veloppement durable<\/a><\/p>\n<\/blockquote>\n<p>[\/et_pb_blurb][\/et_pb_column][et_pb_column type=\u00a0\u00bb1_3&Prime; _builder_version=\u00a0\u00bb4.17.4&Prime; _module_preset=\u00a0\u00bbdefault\u00a0\u00bb global_colors_info=\u00a0\u00bb{}\u00a0\u00bb][et_pb_blurb image=\u00a0\u00bbhttps:\/\/fundesplai.org\/wp-content\/uploads\/2022\/07\/4-scaled.jpg\u00a0\u00bb admin_label=\u00a0\u00bbSAlut i benestar i innovaci\u00f3\u00a0\u00bb _builder_version=\u00a0\u00bb4.19.0&Prime; _module_preset=\u00a0\u00bbdefault\u00a0\u00bb global_colors_info=\u00a0\u00bb{}\u00a0\u00bb]<\/p>\n<p style=\"text-align: center\">\u00c0 partir de Fundesplai, nous promouvons de nombreux programmes visant \u00e0 <strong>promouvoir la sant\u00e9 et le bien-\u00eatre<\/strong>. L\u2019innovation est pr\u00e9sente dans nos m\u00e9thodologies et nos processus. Quelques exemples de nos projets connexes :<\/p>\n<blockquote>\n<p style=\"text-align: left\"><a href=\"https:\/\/escoles.fundesplai.org\/serveis\/programes-de-salut-i-prevencio\/\">Promotion de la sant\u00e9 \u00e0 l\u2019\u00e9cole<\/a><\/p>\n<p style=\"text-align: left\"><a href=\"https:\/\/escoles.fundesplai.org\/serveis\/suport-als-alumnes-amb-necessitats-educatives-especials\/\">Soutien aux \u00e9tudiants atteints de SEN<\/a><\/p>\n<p style=\"text-align: left\"><a href=\"https:\/\/fundesplai.org\/recursos\/propostes-educatives\/\">Propositions p\u00e9dagogiques<\/a><\/p>\n<p style=\"text-align: left\"><a href=\"https:\/\/menjaactuaimpacta.org\/\">Exposition EAT, ACT, IMPACT<\/a><\/p>\n<\/blockquote>\n<p>[\/et_pb_blurb][\/et_pb_column][et_pb_column type=\u00a0\u00bb1_3&Prime; _builder_version=\u00a0\u00bb4.17.4&Prime; _module_preset=\u00a0\u00bbdefault\u00a0\u00bb global_colors_info=\u00a0\u00bb{}\u00a0\u00bb][et_pb_blurb image=\u00a0\u00bbhttps:\/\/fundesplai.org\/wp-content\/uploads\/2022\/07\/6-scaled.jpg\u00a0\u00bb admin_label=\u00a0\u00bbIgualtat oportunitats\u00a0\u00bb _builder_version=\u00a0\u00bb4.19.0&Prime; _module_preset=\u00a0\u00bbdefault\u00a0\u00bb global_colors_info=\u00a0\u00bb{}\u00a0\u00bb]<\/p>\n<p style=\"text-align: center\"><strong>La lutte contre la pauvret\u00e9 et la cr\u00e9ation des conditions d\u2019acc\u00e8s au travail d\u00e9cent<\/strong> sont des objectifs essentiels pour garantir les droits des enfants et des jeunes. Quelques-uns de nos projets connexes :<\/p>\n<blockquote>\n<p style=\"text-align: left\"><a href=\"https:\/\/fundesplai.org\/coneix\/transparencia\/igualtat-doportunitats\/\">Egalit\u00e9 des chances<\/a><\/p>\n<p style=\"text-align: left\"><a href=\"https:\/\/fundesplai.org\/accio-social-i-joves\/\">Action sociale et projets pour les jeunes<\/a><\/p>\n<p style=\"text-align: left\"><a href=\"https:\/\/formacio.fundesplai.org\/cursos\/cursos-per-a-persones-a-latur\/\">Cours gratuits pour les ch\u00f4meurs<\/a><\/p>\n<\/blockquote>\n<p>[\/et_pb_blurb][\/et_pb_column][\/et_pb_row][et_pb_row column_structure=\u00a0\u00bb1_3,1_3,1_3&Prime; _builder_version=\u00a0\u00bb4.17.4&Prime; _module_preset=\u00a0\u00bbdefault\u00a0\u00bb global_colors_info=\u00a0\u00bb{}\u00a0\u00bb][et_pb_column type=\u00a0\u00bb1_3&Prime; _builder_version=\u00a0\u00bb4.17.4&Prime; _module_preset=\u00a0\u00bbdefault\u00a0\u00bb global_colors_info=\u00a0\u00bb{}\u00a0\u00bb][et_pb_blurb image=\u00a0\u00bbhttps:\/\/fundesplai.org\/wp-content\/uploads\/2022\/07\/7-scaled.jpg\u00a0\u00bb admin_label=\u00a0\u00bbEducaci\u00f3\u00a0\u00bb _builder_version=\u00a0\u00bb4.19.0&Prime; _module_preset=\u00a0\u00bbdefault\u00a0\u00bb global_colors_info=\u00a0\u00bb{}\u00a0\u00bb]<\/p>\n<p style=\"text-align: center\"><strong>Une \u00e9ducation de qualit\u00e9<\/strong> a toujours \u00e9t\u00e9 l\u2019axe de notre mission. Notre objectif est d\u2019atteindre beaucoup plus d\u2019enfants, de jeunes et de familles et de garantir le droit de chacun, non seulement \u00e0 l\u2019acc\u00e8s aux camps, aux loisirs ou \u00e0 la cantine scolaire, mais aussi \u00e0 <strong>une \u00e9ducation tout au long de la vie.<\/strong><\/p>\n<blockquote>\n<p style=\"text-align: left\"><a href=\"https:\/\/fundesplai.org\/fr\/connaitre\/mission-et-valeurs\/\">Mission et valeurs<\/a><\/p>\n<p style=\"text-align: left\"><a href=\"https:\/\/fundesplai.org\/coneix\/transparencia\/infancia\/\">Engagements envers les enfants<\/a><\/p>\n<p style=\"text-align: left\"><a href=\"https:\/\/fundesplai.org\/accio-social-i-joves\/\">Action sociale et projets pour les jeunes<\/a><\/p>\n<p style=\"text-align: left\"><a href=\"https:\/\/fundesplai.org\/coneix\/transparencia\/igualtat-doportunitats\/\">Egalit\u00e9 des chances<\/a><\/p>\n<\/blockquote>\n<p>[\/et_pb_blurb][\/et_pb_column][et_pb_column type=\u00a0\u00bb1_3&Prime; _builder_version=\u00a0\u00bb4.17.4&Prime; _module_preset=\u00a0\u00bbdefault\u00a0\u00bb global_colors_info=\u00a0\u00bb{}\u00a0\u00bb][et_pb_blurb image=\u00a0\u00bbhttps:\/\/fundesplai.org\/wp-content\/uploads\/2022\/07\/2-scaled.jpg\u00a0\u00bb admin_label=\u00a0\u00bbEducaci\u00f3 ambiental\u00a0\u00bb _builder_version=\u00a0\u00bb4.19.0&Prime; _module_preset=\u00a0\u00bbdefault\u00a0\u00bb global_colors_info=\u00a0\u00bb{}\u00a0\u00bb]<\/p>\n<p style=\"text-align: center\">Inverser le d\u00e9clin de la biodiversit\u00e9 et la d\u00e9t\u00e9rioration des \u00e9cosyst\u00e8mes terrestres et marins est l\u2019un des principaux d\u00e9fis de cette d\u00e9cennie. Notre <strong>travail d\u2019\u00e9ducation \u00e0 l\u2019environnement et nos<\/strong> activit\u00e9s en faveur de l\u2019environnement, chaque ann\u00e9e, touchent des milliers d\u2019enfants, de jeunes et de familles.<\/p>\n<blockquote>\n<p style=\"text-align: left\"><a href=\"https:\/\/escoles.fundesplai.org\/serveis\/educacio-ambiental\/\">L\u2019\u00e9ducation \u00e0 l\u2019environnement \u00e0 l\u2019\u00e9cole<\/a><\/p>\n<p style=\"text-align: left\"><a href=\"https:\/\/fundesplai.org\/recursos\/propostes-educatives\/\">Propositions p\u00e9dagogiques<\/a><\/p>\n<p style=\"text-align: left\"><a href=\"https:\/\/cases.fundesplai.org\/\">Camps d\u2019\u00e9t\u00e9<\/a><\/p>\n<p style=\"text-align: left\"><a href=\"https:\/\/fundesplai.org\/transparencia\/sostenibilitat\/\">Engagement en faveur du d\u00e9veloppement durable<\/a><\/p>\n<\/blockquote>\n<p>[\/et_pb_blurb][\/et_pb_column][et_pb_column type=\u00a0\u00bb1_3&Prime; _builder_version=\u00a0\u00bb4.17.4&Prime; _module_preset=\u00a0\u00bbdefault\u00a0\u00bb global_colors_info=\u00a0\u00bb{}\u00a0\u00bb][et_pb_blurb image=\u00a0\u00bbhttps:\/\/fundesplai.org\/wp-content\/uploads\/2022\/07\/1-scaled.jpg\u00a0\u00bb admin_label=\u00a0\u00bbSosteniblitat i consum responsable\u00a0\u00bb _builder_version=\u00a0\u00bb4.19.0&Prime; _module_preset=\u00a0\u00bbdefault\u00a0\u00bb global_colors_info=\u00a0\u00bb{}\u00a0\u00bb]<\/p>\n<p style=\"text-align: center\">Par le biais d\u2019un travail \u00e9ducatif, nous contribuons au d\u00e9veloppement durable et \u00e0 des modes de vie en harmonie avec la nature. Les bureaux, les maisons et les auberges, les salles de formation, etc. sont <strong>des espaces durables, s\u00fbrs, inclusifs<\/strong> et 100% accessibles.<\/p>\n<blockquote>\n<p style=\"text-align: left\"><a href=\"https:\/\/fundesplai.org\/transparencia\/sostenibilitat\/\">Notre engagement en faveur du d\u00e9veloppement durable<\/a><\/p>\n<p style=\"text-align: left\"><a href=\"https:\/\/fundesplai.org\/recursos\/propostes-educatives\/\">Propositions p\u00e9dagogiques<\/a><\/p>\n<p style=\"text-align: left\"><a href=\"https:\/\/menjaactuaimpacta.org\/\">Exposition EAT, ACT, IMPACT<\/a><\/p>\n<\/blockquote>\n<p>[\/et_pb_blurb][\/et_pb_column][\/et_pb_row][et_pb_row column_structure=\u00a0\u00bb1_3,1_3,1_3&Prime; _builder_version=\u00a0\u00bb4.17.4&Prime; _module_preset=\u00a0\u00bbdefault\u00a0\u00bb global_colors_info=\u00a0\u00bb{}\u00a0\u00bb][et_pb_column type=\u00a0\u00bb1_3&Prime; _builder_version=\u00a0\u00bb4.17.4&Prime; _module_preset=\u00a0\u00bbdefault\u00a0\u00bb global_colors_info=\u00a0\u00bb{}\u00a0\u00bb][et_pb_blurb image=\u00a0\u00bbhttps:\/\/fundesplai.org\/wp-content\/uploads\/2022\/07\/5-scaled.jpg\u00a0\u00bb admin_label=\u00a0\u00bbIgualtat g\u00e8nere + aliances\u00a0\u00bb _builder_version=\u00a0\u00bb4.19.0&Prime; _module_preset=\u00a0\u00bbdefault\u00a0\u00bb global_colors_info=\u00a0\u00bb{}\u00a0\u00bb]<\/p>\n<p style=\"text-align: center\">Les d\u00e9fis actuels sont grands : urgence climatique, ch\u00f4mage des jeunes, pauvret\u00e9, in\u00e9galit\u00e9s entre les sexes&#8230; Il est imp\u00e9ratif que nous nous impliquions tous. Nous avons pour vocation de construire <strong>de nouveaux sc\u00e9narios d\u2019opportunit\u00e9s avec d\u2019autres entit\u00e9s<\/strong>.<\/p>\n<blockquote>\n<p style=\"text-align: left\"><a href=\"https:\/\/fundesplai.org\/fr\/alliances-strategiques\/\">Alliances strat\u00e9giques<\/a><\/p>\n<p style=\"text-align: left\"><a href=\"https:\/\/fundesplai.org\/wp-content\/uploads\/2023\/03\/II_PLA_DIGUALTAT_rev_23102019_PDF.pdf\">Plan d\u2019\u00e9galit\u00e9<\/a><\/p>\n<p style=\"text-align: left\"><a href=\"https:\/\/fundesplai.org\/coneix\/transparencia\/igualtat-doportunitats\/\">Egalit\u00e9 des chances<\/a><\/p>\n<p style=\"text-align: left\"><a href=\"https:\/\/suport.fundesplai.org\/\">Soutien au secteur tertiaire<\/a><\/p>\n<\/blockquote>\n<p>[\/et_pb_blurb][\/et_pb_column][et_pb_column type=\u00a0\u00bb1_3&Prime; _builder_version=\u00a0\u00bb4.17.4&Prime; _module_preset=\u00a0\u00bbdefault\u00a0\u00bb global_colors_info=\u00a0\u00bb{}\u00a0\u00bb][et_pb_blurb image=\u00a0\u00bbhttps:\/\/fundesplai.org\/wp-content\/uploads\/2022\/07\/DSC_9075-scaled.jpg\u00a0\u00bb admin_label=\u00a0\u00bbEducaci\u00f3 per a la PAu i la ciutadania i inserici\u00f3 social\u00a0\u00bb _builder_version=\u00a0\u00bb4.19.0&Prime; _module_preset=\u00a0\u00bbdefault\u00a0\u00bb global_colors_info=\u00a0\u00bb{}\u00a0\u00bb]<\/p>\n<p style=\"text-align: center\">Nos <strong>programmes d\u2019inclusion sociale, d\u2019\u00e9ducation \u00e0 la paix et de citoyennet\u00e9<\/strong> contribuent de mani\u00e8re d\u00e9cisive \u00e0 la r\u00e9duction des in\u00e9galit\u00e9s et \u00e0 une soci\u00e9t\u00e9 plus juste.<\/p>\n<blockquote>\n<p style=\"text-align: left\"><a href=\"https:\/\/fundesplai.org\/coneix\/transparencia\/igualtat-doportunitats\/\">Egalit\u00e9 des chances<\/a><\/p>\n<p style=\"text-align: left\"><a href=\"https:\/\/fundesplai.org\/recursos\/propostes-educatives\/\">Propositions p\u00e9dagogiques<\/a><\/p>\n<p style=\"text-align: left\"><a href=\"https:\/\/fundesplai.org\/accio-social-i-joves\/\">Action sociale et projets pour les jeunes<\/a><\/p>\n<p style=\"text-align: left\"><a href=\"https:\/\/fundesplai.org\/fr\/alliances-strategiques\/\">Alliances strat\u00e9giques<\/a><\/p>\n<p style=\"text-align: left\"><a href=\"https:\/\/fundesplai.org\/fr\/connaitre\/transparence\/\">Transparence<\/a><\/p>\n<\/blockquote>\n<p>[\/et_pb_blurb][\/et_pb_column][et_pb_column type=\u00a0\u00bb1_3&Prime; _builder_version=\u00a0\u00bb4.17.4&Prime; _module_preset=\u00a0\u00bbdefault\u00a0\u00bb global_colors_info=\u00a0\u00bb{}\u00a0\u00bb][\/et_pb_column][\/et_pb_row][\/et_pb_section][et_pb_section fb_built=\u00a0\u00bb1&Prime; _builder_version=\u00a0\u00bb4.19.0&Prime; _module_preset=\u00a0\u00bbdefault\u00a0\u00bb global_colors_info=\u00a0\u00bb{}\u00a0\u00bb][et_pb_row _builder_version=\u00a0\u00bb4.19.0&Prime; _module_preset=\u00a0\u00bbdefault\u00a0\u00bb background_color=\u00a0\u00bbRGBA(255,255,255,0)\u00a0\u00bb custom_margin=\u00a0\u00bb50px||||false|false\u00a0\u00bb global_colors_info=\u00a0\u00bb{}\u00a0\u00bb][et_pb_column type=\u00a0\u00bb4_4&Prime; _builder_version=\u00a0\u00bb4.19.0&Prime; _module_preset=\u00a0\u00bbdefault\u00a0\u00bb global_colors_info=\u00a0\u00bb{}\u00a0\u00bb][et_pb_button button_url=\u00a0\u00bbhttps:\/\/fundesplai.org\/fr\/connaitre\/transparence\/\u00a0\u00bb button_text=\u00a0\u00bbRendez-vous sur le portail de transparence pour vous immerger dans l\u2019entit\u00e9\u00a0\u00bb button_alignment=\u00a0\u00bbcenter\u00a0\u00bb _builder_version=\u00a0\u00bb4.19.0&Prime; _module_preset=\u00a0\u00bbdefault\u00a0\u00bb global_colors_info=\u00a0\u00bb{}\u00a0\u00bb][\/et_pb_button][\/et_pb_column][\/et_pb_row][\/et_pb_section]<\/p>\n","protected":false},"excerpt":{"rendered":"<p>Fundesplai a adh\u00e9r\u00e9 \u00e0 l\u2019Accord national pour l\u2019Agenda 2030, afin d\u2019atteindre les 17 ODD fix\u00e9s par les Nations Unies.<\/p>\n","protected":false},"author":26,"featured_media":0,"parent":59166,"menu_order":0,"comment_status":"closed","ping_status":"closed","template":"","meta":{"_et_pb_use_builder":"on","_et_pb_old_content":"","_et_gb_content_width":"","footnotes":""},"class_list":["post-59265","page","type-page","status-publish","hentry"],"yoast_head":"<!-- This site is optimized with the Yoast SEO plugin v27.3 - https:\/\/yoast.com\/product\/yoast-seo-wordpress\/ -->\n<title>Fundesplai avec les ODD - Fundesplai<\/title>\n<meta name=\"description\" content=\"Fundesplai a adh\u00e9r\u00e9 \u00e0 l\u2019Accord national pour l\u2019Agenda 2030, afin d\u2019atteindre les 17 ODD fix\u00e9s par les Nations Unies.\" \/>\n<meta name=\"robots\" content=\"index, follow, max-snippet:-1, max-image-preview:large, max-video-preview:-1\" \/>\n<link rel=\"canonical\" href=\"https:\/\/fundesplai.org\/fr\/connaitre\/transparence\/fundesplai-avec-les-odd\/\" \/>\n<meta property=\"og:locale\" content=\"fr_FR\" \/>\n<meta property=\"og:type\" content=\"article\" \/>\n<meta property=\"og:title\" content=\"Fundesplai avec les ODD - Fundesplai\" \/>\n<meta property=\"og:description\" content=\"Fundesplai a adh\u00e9r\u00e9 \u00e0 l\u2019Accord national pour l\u2019Agenda 2030, afin d\u2019atteindre les 17 ODD fix\u00e9s par les Nations Unies.\" \/>\n<meta property=\"og:url\" content=\"https:\/\/fundesplai.org\/fr\/connaitre\/transparence\/fundesplai-avec-les-odd\/\" \/>\n<meta property=\"og:site_name\" content=\"Fundesplai\" \/>\n<meta property=\"article:modified_time\" content=\"2023-10-17T07:33:55+00:00\" \/>\n<meta name=\"twitter:card\" content=\"summary_large_image\" \/>\n<meta name=\"twitter:label1\" content=\"Dur\u00e9e de lecture estim\u00e9e\" \/>\n\t<meta name=\"twitter:data1\" content=\"7 minutes\" \/>\n<script type=\"application\/ld+json\" class=\"yoast-schema-graph\">{\"@context\":\"https:\\\/\\\/schema.org\",\"@graph\":[{\"@type\":\"WebPage\",\"@id\":\"https:\\\/\\\/fundesplai.org\\\/fr\\\/connaitre\\\/transparence\\\/fundesplai-avec-les-odd\\\/\",\"url\":\"https:\\\/\\\/fundesplai.org\\\/fr\\\/connaitre\\\/transparence\\\/fundesplai-avec-les-odd\\\/\",\"name\":\"Fundesplai avec les ODD - Fundesplai\",\"isPartOf\":{\"@id\":\"https:\\\/\\\/fundesplai.org\\\/fr\\\/#website\"},\"datePublished\":\"2022-07-12T10:55:40+00:00\",\"dateModified\":\"2023-10-17T07:33:55+00:00\",\"description\":\"Fundesplai a adh\u00e9r\u00e9 \u00e0 l\u2019Accord national pour l\u2019Agenda 2030, afin d\u2019atteindre les 17 ODD fix\u00e9s par les Nations Unies.\",\"breadcrumb\":{\"@id\":\"https:\\\/\\\/fundesplai.org\\\/fr\\\/connaitre\\\/transparence\\\/fundesplai-avec-les-odd\\\/#breadcrumb\"},\"inLanguage\":\"fr-FR\",\"potentialAction\":[{\"@type\":\"ReadAction\",\"target\":[\"https:\\\/\\\/fundesplai.org\\\/fr\\\/connaitre\\\/transparence\\\/fundesplai-avec-les-odd\\\/\"]}]},{\"@type\":\"BreadcrumbList\",\"@id\":\"https:\\\/\\\/fundesplai.org\\\/fr\\\/connaitre\\\/transparence\\\/fundesplai-avec-les-odd\\\/#breadcrumb\",\"itemListElement\":[{\"@type\":\"ListItem\",\"position\":1,\"name\":\"Inici\",\"item\":\"https:\\\/\\\/fundesplai.org\\\/fr\\\/\"},{\"@type\":\"ListItem\",\"position\":2,\"name\":\"Conna\u00eetre\",\"item\":\"https:\\\/\\\/fundesplai.org\\\/fr\\\/connaitre\\\/\"},{\"@type\":\"ListItem\",\"position\":3,\"name\":\"Transparence\",\"item\":\"https:\\\/\\\/fundesplai.org\\\/fr\\\/connaitre\\\/transparence\\\/\"},{\"@type\":\"ListItem\",\"position\":4,\"name\":\"Fundesplai avec les ODD\"}]},{\"@type\":\"WebSite\",\"@id\":\"https:\\\/\\\/fundesplai.org\\\/fr\\\/#website\",\"url\":\"https:\\\/\\\/fundesplai.org\\\/fr\\\/\",\"name\":\"Fundesplai\",\"description\":\"Eduquem per la conviv\u00e8ncia i la sostenibilitat\",\"potentialAction\":[{\"@type\":\"SearchAction\",\"target\":{\"@type\":\"EntryPoint\",\"urlTemplate\":\"https:\\\/\\\/fundesplai.org\\\/fr\\\/?s={search_term_string}\"},\"query-input\":{\"@type\":\"PropertyValueSpecification\",\"valueRequired\":true,\"valueName\":\"search_term_string\"}}],\"inLanguage\":\"fr-FR\"}]}<\/script>\n<!-- \/ Yoast SEO plugin. -->","yoast_head_json":{"title":"Fundesplai avec les ODD - Fundesplai","description":"Fundesplai a adh\u00e9r\u00e9 \u00e0 l\u2019Accord national pour l\u2019Agenda 2030, afin d\u2019atteindre les 17 ODD fix\u00e9s par les Nations Unies.","robots":{"index":"index","follow":"follow","max-snippet":"max-snippet:-1","max-image-preview":"max-image-preview:large","max-video-preview":"max-video-preview:-1"},"canonical":"https:\/\/fundesplai.org\/fr\/connaitre\/transparence\/fundesplai-avec-les-odd\/","og_locale":"fr_FR","og_type":"article","og_title":"Fundesplai avec les ODD - Fundesplai","og_description":"Fundesplai a adh\u00e9r\u00e9 \u00e0 l\u2019Accord national pour l\u2019Agenda 2030, afin d\u2019atteindre les 17 ODD fix\u00e9s par les Nations Unies.","og_url":"https:\/\/fundesplai.org\/fr\/connaitre\/transparence\/fundesplai-avec-les-odd\/","og_site_name":"Fundesplai","article_modified_time":"2023-10-17T07:33:55+00:00","twitter_card":"summary_large_image","twitter_misc":{"Dur\u00e9e de lecture estim\u00e9e":"7 minutes"},"schema":{"@context":"https:\/\/schema.org","@graph":[{"@type":"WebPage","@id":"https:\/\/fundesplai.org\/fr\/connaitre\/transparence\/fundesplai-avec-les-odd\/","url":"https:\/\/fundesplai.org\/fr\/connaitre\/transparence\/fundesplai-avec-les-odd\/","name":"Fundesplai avec les ODD - Fundesplai","isPartOf":{"@id":"https:\/\/fundesplai.org\/fr\/#website"},"datePublished":"2022-07-12T10:55:40+00:00","dateModified":"2023-10-17T07:33:55+00:00","description":"Fundesplai a adh\u00e9r\u00e9 \u00e0 l\u2019Accord national pour l\u2019Agenda 2030, afin d\u2019atteindre les 17 ODD fix\u00e9s par les Nations Unies.","breadcrumb":{"@id":"https:\/\/fundesplai.org\/fr\/connaitre\/transparence\/fundesplai-avec-les-odd\/#breadcrumb"},"inLanguage":"fr-FR","potentialAction":[{"@type":"ReadAction","target":["https:\/\/fundesplai.org\/fr\/connaitre\/transparence\/fundesplai-avec-les-odd\/"]}]},{"@type":"BreadcrumbList","@id":"https:\/\/fundesplai.org\/fr\/connaitre\/transparence\/fundesplai-avec-les-odd\/#breadcrumb","itemListElement":[{"@type":"ListItem","position":1,"name":"Inici","item":"https:\/\/fundesplai.org\/fr\/"},{"@type":"ListItem","position":2,"name":"Conna\u00eetre","item":"https:\/\/fundesplai.org\/fr\/connaitre\/"},{"@type":"ListItem","position":3,"name":"Transparence","item":"https:\/\/fundesplai.org\/fr\/connaitre\/transparence\/"},{"@type":"ListItem","position":4,"name":"Fundesplai avec les ODD"}]},{"@type":"WebSite","@id":"https:\/\/fundesplai.org\/fr\/#website","url":"https:\/\/fundesplai.org\/fr\/","name":"Fundesplai","description":"Eduquem per la conviv\u00e8ncia i la sostenibilitat","potentialAction":[{"@type":"SearchAction","target":{"@type":"EntryPoint","urlTemplate":"https:\/\/fundesplai.org\/fr\/?s={search_term_string}"},"query-input":{"@type":"PropertyValueSpecification","valueRequired":true,"valueName":"search_term_string"}}],"inLanguage":"fr-FR"}]}},"_links":{"self":[{"href":"https:\/\/fundesplai.org\/fr\/wp-json\/wp\/v2\/pages\/59265","targetHints":{"allow":["GET"]}}],"collection":[{"href":"https:\/\/fundesplai.org\/fr\/wp-json\/wp\/v2\/pages"}],"about":[{"href":"https:\/\/fundesplai.org\/fr\/wp-json\/wp\/v2\/types\/page"}],"author":[{"embeddable":true,"href":"https:\/\/fundesplai.org\/fr\/wp-json\/wp\/v2\/users\/26"}],"replies":[{"embeddable":true,"href":"https:\/\/fundesplai.org\/fr\/wp-json\/wp\/v2\/comments?post=59265"}],"version-history":[{"count":2,"href":"https:\/\/fundesplai.org\/fr\/wp-json\/wp\/v2\/pages\/59265\/revisions"}],"predecessor-version":[{"id":59267,"href":"https:\/\/fundesplai.org\/fr\/wp-json\/wp\/v2\/pages\/59265\/revisions\/59267"}],"up":[{"embeddable":true,"href":"https:\/\/fundesplai.org\/fr\/wp-json\/wp\/v2\/pages\/59166"}],"wp:attachment":[{"href":"https:\/\/fundesplai.org\/fr\/wp-json\/wp\/v2\/media?parent=59265"}],"curies":[{"name":"wp","href":"https:\/\/api.w.org\/{rel}","templated":true}]}}