{"id":59235,"date":"2023-02-26T17:58:33","date_gmt":"2023-02-26T16:58:33","guid":{"rendered":"https:\/\/fundesplai.org\/alliances-strategiques\/entites-partenaires\/"},"modified":"2023-10-17T09:12:51","modified_gmt":"2023-10-17T07:12:51","slug":"entites-partenaires","status":"publish","type":"page","link":"https:\/\/fundesplai.org\/fr\/connaitre\/transparence\/alliances-strategiques\/entites-partenaires\/","title":{"rendered":"Entit\u00e9s partenaires"},"content":{"rendered":"<p>[et_pb_section fb_built=\u00a0\u00bb1&Prime; disabled_on=\u00a0\u00bboff|off|off\u00a0\u00bb _builder_version=\u00a0\u00bb4.17.4&Prime; _module_preset=\u00a0\u00bbdefault\u00a0\u00bb locked=\u00a0\u00bboff\u00a0\u00bb global_colors_info=\u00a0\u00bb{}\u00a0\u00bb][et_pb_row _builder_version=\u00a0\u00bb4.17.4&Prime; _module_preset=\u00a0\u00bbdefault\u00a0\u00bb custom_margin=\u00a0\u00bb30px||||false|false\u00a0\u00bb global_colors_info=\u00a0\u00bb{}\u00a0\u00bb][et_pb_column type=\u00a0\u00bb4_4&Prime; _builder_version=\u00a0\u00bb4.17.4&Prime; _module_preset=\u00a0\u00bbdefault\u00a0\u00bb global_colors_info=\u00a0\u00bb{}\u00a0\u00bb][et_pb_post_title author=\u00a0\u00bboff\u00a0\u00bb date=\u00a0\u00bboff\u00a0\u00bb _builder_version=\u00a0\u00bb4.17.4&Prime; _module_preset=\u00a0\u00bbdefault\u00a0\u00bb global_colors_info=\u00a0\u00bb{}\u00a0\u00bb][\/et_pb_post_title][et_pb_text admin_label=\u00a0\u00bbexplicaci\u00f3 entitats s\u00f2cies\u00a0\u00bb _builder_version=\u00a0\u00bb4.19.0&Prime; _module_preset=\u00a0\u00bbdefault\u00a0\u00bb custom_margin=\u00a0\u00bb||||false|false\u00a0\u00bb global_colors_info=\u00a0\u00bb{}\u00a0\u00bb]<\/p>\n<p style=\"text-align: center\">Les entit\u00e9s partenaires sont <strong>d\u2019autres entit\u00e9s \u00e0 but non lucratif<\/strong> avec lesquelles nous partageons des objectifs et des <strong>valeurs, et<\/strong> participons \u00e0 nos instances dirigeantes. Avec les entit\u00e9s partenaires, nous travaillons ensemble dans diff\u00e9rents domaines et d\u00e9veloppons des projets strat\u00e9giques.<\/p>\n<p>[\/et_pb_text][\/et_pb_column][\/et_pb_row][et_pb_row column_structure=\u00a0\u00bb1_4,3_4&Prime; _builder_version=\u00a0\u00bb4.17.4&Prime; _module_preset=\u00a0\u00bbdefault\u00a0\u00bb custom_margin=\u00a0\u00bb||||false|false\u00a0\u00bb global_colors_info=\u00a0\u00bb{}\u00a0\u00bb][et_pb_column type=\u00a0\u00bb1_4&Prime; _builder_version=\u00a0\u00bb4.17.4&Prime; _module_preset=\u00a0\u00bbdefault\u00a0\u00bb global_colors_info=\u00a0\u00bb{}\u00a0\u00bb][et_pb_image src=\u00a0\u00bbhttps:\/\/fundesplai.org\/wp-content\/uploads\/2023\/02\/fundacion-esplai.jpg\u00a0\u00bb alt=\u00a0\u00bbFundaci\u00f3n Esplai\u00a0\u00bb title_text=\u00a0\u00bbFundaci\u00f3n Esplai\u00a0\u00bb admin_label=\u00a0\u00bbFundaci\u00f3n Esplai\u00a0\u00bb _builder_version=\u00a0\u00bb4.19.0&Prime; _module_preset=\u00a0\u00bbdefault\u00a0\u00bb custom_margin=\u00a0\u00bb50px|20px|||false|false\u00a0\u00bb global_colors_info=\u00a0\u00bb{}\u00a0\u00bb][\/et_pb_image][\/et_pb_column][et_pb_column type=\u00a0\u00bb3_4&Prime; _builder_version=\u00a0\u00bb4.17.4&Prime; _module_preset=\u00a0\u00bbdefault\u00a0\u00bb global_colors_info=\u00a0\u00bb{}\u00a0\u00bb][et_pb_text _builder_version=\u00a0\u00bb4.19.0&Prime; _module_preset=\u00a0\u00bbdefault\u00a0\u00bb custom_margin=\u00a0\u00bb30px||||false|false\u00a0\u00bb global_colors_info=\u00a0\u00bb{}\u00a0\u00bb]<\/p>\n<div class=\"elementToProof\">\n<h3>Fundaci\u00f3n Esplai<\/h3>\n<p class=\"intro ContentPasted0\">La Fundaci\u00f3n<a href=\"https:\/\/fundacionesplai.org\/\"> Esplai<\/a> est une <strong>organisation \u00e0 but non lucratif d\u2019envergure nationale, \u00e0<\/strong> projection internationale, dont la mission est d\u2019\u00e9duquer les enfants et les jeunes, de renforcer les entit\u00e9s de loisirs et le secteur tertiaire, d\u2019am\u00e9liorer l\u2019environnement et de promouvoir la citoyennet\u00e9 et l\u2019inclusion sociale, avec une volont\u00e9 transformatrice. La Fundaci\u00f3n Esplai a \u00e9t\u00e9 cr\u00e9\u00e9e par Fundesplai et d\u2019autres organisations dans le reste de l\u2019Espagne dans le but de <strong>cr\u00e9er des synergies et de contribuer \u00e0 r\u00e9pondre aux<\/strong><strong> d\u00e9fis sociaux et \u00e9ducatifs<\/strong>. Avec la Fundaci\u00f3n Esplai, nous nous coordonnons et participons mutuellement avec nos organes directeurs.<\/p>\n<\/div>\n<p>[\/et_pb_text][\/et_pb_column][\/et_pb_row][et_pb_row _builder_version=\u00a0\u00bb4.17.4&Prime; _module_preset=\u00a0\u00bbdefault\u00a0\u00bb global_colors_info=\u00a0\u00bb{}\u00a0\u00bb][et_pb_column type=\u00a0\u00bb4_4&Prime; _builder_version=\u00a0\u00bb4.17.4&Prime; _module_preset=\u00a0\u00bbdefault\u00a0\u00bb global_colors_info=\u00a0\u00bb{}\u00a0\u00bb][et_pb_divider _builder_version=\u00a0\u00bb4.17.4&Prime; _module_preset=\u00a0\u00bbdefault\u00a0\u00bb custom_margin=\u00a0\u00bb30px||||false|false\u00a0\u00bb global_colors_info=\u00a0\u00bb{}\u00a0\u00bb][\/et_pb_divider][\/et_pb_column][\/et_pb_row][et_pb_row column_structure=\u00a0\u00bb1_4,3_4&Prime; _builder_version=\u00a0\u00bb4.17.4&Prime; _module_preset=\u00a0\u00bbdefault\u00a0\u00bb global_colors_info=\u00a0\u00bb{}\u00a0\u00bb][et_pb_column type=\u00a0\u00bb1_4&Prime; _builder_version=\u00a0\u00bb4.17.4&Prime; _module_preset=\u00a0\u00bbdefault\u00a0\u00bb global_colors_info=\u00a0\u00bb{}\u00a0\u00bb][et_pb_image src=\u00a0\u00bbhttps:\/\/fundesplai.org\/wp-content\/uploads\/2023\/02\/federacio-calatana-esplai-logo.jpg\u00a0\u00bb alt=\u00a0\u00bbLogo de la F\u00e9d\u00e9ration Calatana Esplai\u00a0\u00bb title_text=\u00a0\u00bbLogo de la F\u00e9d\u00e9ration Calatana Esplai\u00a0\u00bb admin_label=\u00a0\u00bbFederaci\u00f3\u00a0\u00bb _builder_version=\u00a0\u00bb4.19.0&Prime; _module_preset=\u00a0\u00bbdefault\u00a0\u00bb custom_margin=\u00a0\u00bb50px|20px|||false|false\u00a0\u00bb global_colors_info=\u00a0\u00bb{}\u00a0\u00bb][\/et_pb_image][\/et_pb_column][et_pb_column type=\u00a0\u00bb3_4&Prime; _builder_version=\u00a0\u00bb4.17.4&Prime; _module_preset=\u00a0\u00bbdefault\u00a0\u00bb global_colors_info=\u00a0\u00bb{}\u00a0\u00bb][et_pb_text _builder_version=\u00a0\u00bb4.19.0&Prime; _module_preset=\u00a0\u00bbdefault\u00a0\u00bb custom_margin=\u00a0\u00bb50px||||false|false\u00a0\u00bb global_colors_info=\u00a0\u00bb{}\u00a0\u00bb]<\/p>\n<h3>F\u00e9d\u00e9ration Catalane des Loisirs<\/h3>\n<div>La<a href=\"https:\/\/esplai.fundesplai.org\/\"> Federaci\u00f3 Catalana de l\u2019Esplai<\/a> est une <strong>organisation \u00e0 but non lucratif<\/strong> fond\u00e9e en 1996 par Fundesplai, h\u00e9riti\u00e8re de Movibaix. La Federaci\u00f3 Catalana de l\u2019Esplai promeut la reconnaissance sociale et \u00e9ducative des centres de loisirs et articule les diff\u00e9rentes dynamiques territoriales \u00e0 travers la mise en r\u00e9seau.<\/div>\n<p>[\/et_pb_text][\/et_pb_column][\/et_pb_row][et_pb_row _builder_version=\u00a0\u00bb4.17.4&Prime; _module_preset=\u00a0\u00bbdefault\u00a0\u00bb global_colors_info=\u00a0\u00bb{}\u00a0\u00bb][et_pb_column type=\u00a0\u00bb4_4&Prime; _builder_version=\u00a0\u00bb4.17.4&Prime; _module_preset=\u00a0\u00bbdefault\u00a0\u00bb global_colors_info=\u00a0\u00bb{}\u00a0\u00bb][et_pb_divider _builder_version=\u00a0\u00bb4.17.4&Prime; _module_preset=\u00a0\u00bbdefault\u00a0\u00bb custom_margin=\u00a0\u00bb30px||||false|false\u00a0\u00bb global_colors_info=\u00a0\u00bb{}\u00a0\u00bb][\/et_pb_divider][\/et_pb_column][\/et_pb_row][et_pb_row column_structure=\u00a0\u00bb1_4,3_4&Prime; _builder_version=\u00a0\u00bb4.17.4&Prime; _module_preset=\u00a0\u00bbdefault\u00a0\u00bb global_colors_info=\u00a0\u00bb{}\u00a0\u00bb][et_pb_column type=\u00a0\u00bb1_4&Prime; _builder_version=\u00a0\u00bb4.17.4&Prime; _module_preset=\u00a0\u00bbdefault\u00a0\u00bb global_colors_info=\u00a0\u00bb{}\u00a0\u00bb][et_pb_image src=\u00a0\u00bbhttps:\/\/fundesplai.org\/wp-content\/uploads\/2023\/02\/logo-cram.jpg\u00a0\u00bb title_text=\u00a0\u00bbLogo de la cram\u00a0\u00bb align=\u00a0\u00bbcenter\u00a0\u00bb admin_label=\u00a0\u00bbCRAM\u00a0\u00bb _builder_version=\u00a0\u00bb4.19.0&Prime; _module_preset=\u00a0\u00bbdefault\u00a0\u00bb custom_margin=\u00a0\u00bb40px|20px|||false|false\u00a0\u00bb global_colors_info=\u00a0\u00bb{}\u00a0\u00bb][\/et_pb_image][\/et_pb_column][et_pb_column type=\u00a0\u00bb3_4&Prime; _builder_version=\u00a0\u00bb4.17.4&Prime; _module_preset=\u00a0\u00bbdefault\u00a0\u00bb global_colors_info=\u00a0\u00bb{}\u00a0\u00bb][et_pb_text _builder_version=\u00a0\u00bb4.19.0&Prime; _module_preset=\u00a0\u00bbdefault\u00a0\u00bb custom_margin=\u00a0\u00bb30px||||false|false\u00a0\u00bb global_colors_info=\u00a0\u00bb{}\u00a0\u00bb]<\/p>\n<h3>Fondation CRAM<\/h3>\n<div><a href=\"https:\/\/cram.org\/ca\/\">Le CRAM<\/a> est un <strong>organisme \u00e0 but non lucratif<\/strong> d\u00e9di\u00e9 \u00e0 la protection du milieu marin et des esp\u00e8ces qui l\u2019habitent. Ses lignes d\u2019action sont la clinique et le sauvetage de la faune marine, la recherche et la conservation des esp\u00e8ces et des \u00e9cosyst\u00e8mes marins et la sensibilisation en faveur de la conservation de nos mers et oc\u00e9ans. En 2020, un accord de collaboration CRAM &#8211; Fundesplai est \u00e9tabli et nous participons mutuellement aux instances dirigeantes.<\/div>\n<p>[\/et_pb_text][\/et_pb_column][\/et_pb_row][et_pb_row _builder_version=\u00a0\u00bb4.17.4&Prime; _module_preset=\u00a0\u00bbdefault\u00a0\u00bb global_colors_info=\u00a0\u00bb{}\u00a0\u00bb][et_pb_column type=\u00a0\u00bb4_4&Prime; _builder_version=\u00a0\u00bb4.17.4&Prime; _module_preset=\u00a0\u00bbdefault\u00a0\u00bb global_colors_info=\u00a0\u00bb{}\u00a0\u00bb][et_pb_divider _builder_version=\u00a0\u00bb4.17.4&Prime; _module_preset=\u00a0\u00bbdefault\u00a0\u00bb custom_margin=\u00a0\u00bb30px||||false|false\u00a0\u00bb global_colors_info=\u00a0\u00bb{}\u00a0\u00bb][\/et_pb_divider][\/et_pb_column][\/et_pb_row][et_pb_row column_structure=\u00a0\u00bb1_4,3_4&Prime; _builder_version=\u00a0\u00bb4.17.4&Prime; _module_preset=\u00a0\u00bbdefault\u00a0\u00bb global_colors_info=\u00a0\u00bb{}\u00a0\u00bb][et_pb_column type=\u00a0\u00bb1_4&Prime; _builder_version=\u00a0\u00bb4.17.4&Prime; _module_preset=\u00a0\u00bbdefault\u00a0\u00bb global_colors_info=\u00a0\u00bb{}\u00a0\u00bb][et_pb_image src=\u00a0\u00bbhttps:\/\/fundesplai.org\/wp-content\/uploads\/2023\/02\/Logo-Procerrado.jpg\u00a0\u00bb title_text=\u00a0\u00bbLogo Procerrado\u00a0\u00bb admin_label=\u00a0\u00bbProcerrado\u00a0\u00bb _builder_version=\u00a0\u00bb4.19.0&Prime; _module_preset=\u00a0\u00bbdefault\u00a0\u00bb width=\u00a0\u00bb90%\u00a0\u00bb max_width=\u00a0\u00bb90%\u00a0\u00bb custom_margin=\u00a0\u00bb40px|20px|||false|false\u00a0\u00bb global_colors_info=\u00a0\u00bb{}\u00a0\u00bb][\/et_pb_image][\/et_pb_column][et_pb_column type=\u00a0\u00bb3_4&Prime; _builder_version=\u00a0\u00bb4.17.4&Prime; _module_preset=\u00a0\u00bbdefault\u00a0\u00bb global_colors_info=\u00a0\u00bb{}\u00a0\u00bb][et_pb_text _builder_version=\u00a0\u00bb4.19.0&Prime; _module_preset=\u00a0\u00bbdefault\u00a0\u00bb custom_margin=\u00a0\u00bb30px||||false|false\u00a0\u00bb global_colors_info=\u00a0\u00bb{}\u00a0\u00bb]<\/p>\n<h3>Fondation Pr\u00f3-Cerrado<\/h3>\n<div><a href=\"https:\/\/fpc.org.br\/\">La Funda\u00e7\u00e3o Pr\u00f3-Cerrado (FPC)<\/a> est une <strong>organisation \u00e0 but non lucratif<\/strong>, cr\u00e9\u00e9e en 1994, au Br\u00e9sil. Il op\u00e8re en collaboration avec les administrations publiques, le secteur priv\u00e9 et le secteur tertiaire, en menant des actions en faveur du d\u00e9veloppement socio-\u00e9conomique avec durabilit\u00e9. La Fondation Pr\u00f3-Cerrado fait partie du conseil d\u2019administration de la <a href=\"https:\/\/www.ligaiberoamericana.org\/\">Liga Iberoamericana de Organizaciones de la Sociedad Civil<\/a> dont nous faisons \u00e9galement partie. Depuis 2021, nous collaborons activement \u00e0 divers projets.<\/div>\n<p>[\/et_pb_text][\/et_pb_column][\/et_pb_row][et_pb_row _builder_version=\u00a0\u00bb4.17.4&Prime; _module_preset=\u00a0\u00bbdefault\u00a0\u00bb custom_margin=\u00a0\u00bb40px||||false|false\u00a0\u00bb locked=\u00a0\u00bboff\u00a0\u00bb global_colors_info=\u00a0\u00bb{}\u00a0\u00bb][et_pb_column type=\u00a0\u00bb4_4&Prime; _builder_version=\u00a0\u00bb4.17.4&Prime; _module_preset=\u00a0\u00bbdefault\u00a0\u00bb global_colors_info=\u00a0\u00bb{}\u00a0\u00bb][et_pb_text admin_label=\u00a0\u00bbaltres aliances\u00a0\u00bb _builder_version=\u00a0\u00bb4.19.0&Prime; _module_preset=\u00a0\u00bbdefault\u00a0\u00bb global_colors_info=\u00a0\u00bb{}\u00a0\u00bb]<\/p>\n<h2 style=\"text-align: center\">Autres alliances<\/h2>\n<p>[\/et_pb_text][\/et_pb_column][\/et_pb_row][et_pb_row column_structure=\u00a0\u00bb1_3,1_3,1_3&Prime; _builder_version=\u00a0\u00bb4.17.4&Prime; _module_preset=\u00a0\u00bbdefault\u00a0\u00bb custom_margin=\u00a0\u00bb40px||||false|false\u00a0\u00bb locked=\u00a0\u00bboff\u00a0\u00bb global_colors_info=\u00a0\u00bb{}\u00a0\u00bb][et_pb_column type=\u00a0\u00bb1_3&Prime; _builder_version=\u00a0\u00bb4.17.4&Prime; _module_preset=\u00a0\u00bbdefault\u00a0\u00bb global_colors_info=\u00a0\u00bb{}\u00a0\u00bb][et_pb_button button_url=\u00a0\u00bb@ET-DC@eyJkeW5hbWljIjp0cnVlLCJjb250ZW50IjoicG9zdF9saW5rX3VybF9wYWdlIiwic2V0dGluZ3MiOnsicG9zdF9pZCI6IjM2NTg4In19@\u00a0\u00bb button_text=\u00a0\u00bbCollaboration avec l\u2019administration\u00a0\u00bb button_alignment=\u00a0\u00bbcenter\u00a0\u00bb admin_label=\u00a0\u00bbAdministraci\u00f3\u00a0\u00bb _builder_version=\u00a0\u00bb4.19.0&Prime; _dynamic_attributes=\u00a0\u00bbbutton_url\u00a0\u00bb _module_preset=\u00a0\u00bbdefault\u00a0\u00bb global_colors_info=\u00a0\u00bb{}\u00a0\u00bb][\/et_pb_button][\/et_pb_column][et_pb_column type=\u00a0\u00bb1_3&Prime; _builder_version=\u00a0\u00bb4.17.4&Prime; _module_preset=\u00a0\u00bbdefault\u00a0\u00bb global_colors_info=\u00a0\u00bb{}\u00a0\u00bb][et_pb_button button_url=\u00a0\u00bb@ET-DC@eyJkeW5hbWljIjp0cnVlLCJjb250ZW50IjoicG9zdF9saW5rX3VybF9wYWdlIiwic2V0dGluZ3MiOnsicG9zdF9pZCI6IjM2NjA4In19@\u00a0\u00bb button_text=\u00a0\u00bbEntit\u00e9s et entreprises collaboratrices\u00a0\u00bb button_alignment=\u00a0\u00bbcenter\u00a0\u00bb admin_label=\u00a0\u00bbEmpreses\u00a0\u00bb _builder_version=\u00a0\u00bb4.19.0&Prime; _dynamic_attributes=\u00a0\u00bbbutton_url\u00a0\u00bb _module_preset=\u00a0\u00bbdefault\u00a0\u00bb global_colors_info=\u00a0\u00bb{}\u00a0\u00bb][\/et_pb_button][\/et_pb_column][et_pb_column type=\u00a0\u00bb1_3&Prime; _builder_version=\u00a0\u00bb4.17.4&Prime; _module_preset=\u00a0\u00bbdefault\u00a0\u00bb global_colors_info=\u00a0\u00bb{}\u00a0\u00bb][et_pb_button button_url=\u00a0\u00bb@ET-DC@eyJkeW5hbWljIjp0cnVlLCJjb250ZW50IjoicG9zdF9saW5rX3VybF9wYWdlIiwic2V0dGluZ3MiOnsicG9zdF9pZCI6IjM2NDU5In19@\u00a0\u00bb button_text=\u00a0\u00bbMise en r\u00e9seau avec le secteur tertiaire\u00a0\u00bb button_alignment=\u00a0\u00bbcenter\u00a0\u00bb admin_label=\u00a0\u00bbxarxa\u00a0\u00bb _builder_version=\u00a0\u00bb4.19.0&Prime; _dynamic_attributes=\u00a0\u00bbbutton_url\u00a0\u00bb _module_preset=\u00a0\u00bbdefault\u00a0\u00bb global_colors_info=\u00a0\u00bb{}\u00a0\u00bb][\/et_pb_button][\/et_pb_column][\/et_pb_row][\/et_pb_section]<\/p>\n","protected":false},"excerpt":{"rendered":"<p>Les entit\u00e9s partenaires sont des entit\u00e9s \u00e0 but non lucratif avec lesquelles nous partageons des objectifs et participons \u00e0 nos instances dirigeantes.<\/p>\n","protected":false},"author":3,"featured_media":0,"parent":59162,"menu_order":0,"comment_status":"closed","ping_status":"closed","template":"","meta":{"_et_pb_use_builder":"on","_et_pb_old_content":"","_et_gb_content_width":"","footnotes":""},"class_list":["post-59235","page","type-page","status-publish","hentry"],"yoast_head":"<!-- This site is optimized with the Yoast SEO plugin v27.4 - https:\/\/yoast.com\/product\/yoast-seo-wordpress\/ -->\n<title>Entit\u00e9s partenaires - Fundesplai<\/title>\n<meta name=\"description\" content=\"Les entit\u00e9s partenaires sont des entit\u00e9s \u00e0 but non lucratif avec lesquelles nous partageons des objectifs et participons \u00e0 nos instances dirigeantes.\" \/>\n<meta name=\"robots\" content=\"index, follow, max-snippet:-1, max-image-preview:large, max-video-preview:-1\" \/>\n<link rel=\"canonical\" href=\"https:\/\/fundesplai.org\/fr\/connaitre\/transparence\/alliances-strategiques\/entites-partenaires\/\" \/>\n<meta property=\"og:locale\" content=\"fr_FR\" \/>\n<meta property=\"og:type\" content=\"article\" \/>\n<meta property=\"og:title\" content=\"Entit\u00e9s partenaires - Fundesplai\" \/>\n<meta property=\"og:description\" content=\"Les entit\u00e9s partenaires sont des entit\u00e9s \u00e0 but non lucratif avec lesquelles nous partageons des objectifs et participons \u00e0 nos instances dirigeantes.\" \/>\n<meta property=\"og:url\" content=\"https:\/\/fundesplai.org\/fr\/connaitre\/transparence\/alliances-strategiques\/entites-partenaires\/\" \/>\n<meta property=\"og:site_name\" content=\"Fundesplai\" \/>\n<meta property=\"article:modified_time\" content=\"2023-10-17T07:12:51+00:00\" \/>\n<meta name=\"twitter:card\" content=\"summary_large_image\" \/>\n<meta name=\"twitter:label1\" content=\"Dur\u00e9e de lecture estim\u00e9e\" \/>\n\t<meta name=\"twitter:data1\" content=\"7 minutes\" \/>\n<script type=\"application\/ld+json\" class=\"yoast-schema-graph\">{\"@context\":\"https:\\\/\\\/schema.org\",\"@graph\":[{\"@type\":\"WebPage\",\"@id\":\"https:\\\/\\\/fundesplai.org\\\/fr\\\/connaitre\\\/transparence\\\/alliances-strategiques\\\/entites-partenaires\\\/\",\"url\":\"https:\\\/\\\/fundesplai.org\\\/fr\\\/connaitre\\\/transparence\\\/alliances-strategiques\\\/entites-partenaires\\\/\",\"name\":\"Entit\u00e9s partenaires - Fundesplai\",\"isPartOf\":{\"@id\":\"https:\\\/\\\/fundesplai.org\\\/fr\\\/#website\"},\"datePublished\":\"2023-02-26T16:58:33+00:00\",\"dateModified\":\"2023-10-17T07:12:51+00:00\",\"description\":\"Les entit\u00e9s partenaires sont des entit\u00e9s \u00e0 but non lucratif avec lesquelles nous partageons des objectifs et participons \u00e0 nos instances dirigeantes.\",\"breadcrumb\":{\"@id\":\"https:\\\/\\\/fundesplai.org\\\/fr\\\/connaitre\\\/transparence\\\/alliances-strategiques\\\/entites-partenaires\\\/#breadcrumb\"},\"inLanguage\":\"fr-FR\",\"potentialAction\":[{\"@type\":\"ReadAction\",\"target\":[\"https:\\\/\\\/fundesplai.org\\\/fr\\\/connaitre\\\/transparence\\\/alliances-strategiques\\\/entites-partenaires\\\/\"]}]},{\"@type\":\"BreadcrumbList\",\"@id\":\"https:\\\/\\\/fundesplai.org\\\/fr\\\/connaitre\\\/transparence\\\/alliances-strategiques\\\/entites-partenaires\\\/#breadcrumb\",\"itemListElement\":[{\"@type\":\"ListItem\",\"position\":1,\"name\":\"Inici\",\"item\":\"https:\\\/\\\/fundesplai.org\\\/fr\\\/\"},{\"@type\":\"ListItem\",\"position\":2,\"name\":\"Alliances strat\u00e9giques\",\"item\":\"https:\\\/\\\/fundesplai.org\\\/fr\\\/alliances-strategiques\\\/\"},{\"@type\":\"ListItem\",\"position\":3,\"name\":\"Entit\u00e9s partenaires\"}]},{\"@type\":\"WebSite\",\"@id\":\"https:\\\/\\\/fundesplai.org\\\/fr\\\/#website\",\"url\":\"https:\\\/\\\/fundesplai.org\\\/fr\\\/\",\"name\":\"Fundesplai\",\"description\":\"Eduquem per la conviv\u00e8ncia i la sostenibilitat\",\"potentialAction\":[{\"@type\":\"SearchAction\",\"target\":{\"@type\":\"EntryPoint\",\"urlTemplate\":\"https:\\\/\\\/fundesplai.org\\\/fr\\\/?s={search_term_string}\"},\"query-input\":{\"@type\":\"PropertyValueSpecification\",\"valueRequired\":true,\"valueName\":\"search_term_string\"}}],\"inLanguage\":\"fr-FR\"}]}<\/script>\n<!-- \/ Yoast SEO plugin. -->","yoast_head_json":{"title":"Entit\u00e9s partenaires - Fundesplai","description":"Les entit\u00e9s partenaires sont des entit\u00e9s \u00e0 but non lucratif avec lesquelles nous partageons des objectifs et participons \u00e0 nos instances dirigeantes.","robots":{"index":"index","follow":"follow","max-snippet":"max-snippet:-1","max-image-preview":"max-image-preview:large","max-video-preview":"max-video-preview:-1"},"canonical":"https:\/\/fundesplai.org\/fr\/connaitre\/transparence\/alliances-strategiques\/entites-partenaires\/","og_locale":"fr_FR","og_type":"article","og_title":"Entit\u00e9s partenaires - Fundesplai","og_description":"Les entit\u00e9s partenaires sont des entit\u00e9s \u00e0 but non lucratif avec lesquelles nous partageons des objectifs et participons \u00e0 nos instances dirigeantes.","og_url":"https:\/\/fundesplai.org\/fr\/connaitre\/transparence\/alliances-strategiques\/entites-partenaires\/","og_site_name":"Fundesplai","article_modified_time":"2023-10-17T07:12:51+00:00","twitter_card":"summary_large_image","twitter_misc":{"Dur\u00e9e de lecture estim\u00e9e":"7 minutes"},"schema":{"@context":"https:\/\/schema.org","@graph":[{"@type":"WebPage","@id":"https:\/\/fundesplai.org\/fr\/connaitre\/transparence\/alliances-strategiques\/entites-partenaires\/","url":"https:\/\/fundesplai.org\/fr\/connaitre\/transparence\/alliances-strategiques\/entites-partenaires\/","name":"Entit\u00e9s partenaires - Fundesplai","isPartOf":{"@id":"https:\/\/fundesplai.org\/fr\/#website"},"datePublished":"2023-02-26T16:58:33+00:00","dateModified":"2023-10-17T07:12:51+00:00","description":"Les entit\u00e9s partenaires sont des entit\u00e9s \u00e0 but non lucratif avec lesquelles nous partageons des objectifs et participons \u00e0 nos instances dirigeantes.","breadcrumb":{"@id":"https:\/\/fundesplai.org\/fr\/connaitre\/transparence\/alliances-strategiques\/entites-partenaires\/#breadcrumb"},"inLanguage":"fr-FR","potentialAction":[{"@type":"ReadAction","target":["https:\/\/fundesplai.org\/fr\/connaitre\/transparence\/alliances-strategiques\/entites-partenaires\/"]}]},{"@type":"BreadcrumbList","@id":"https:\/\/fundesplai.org\/fr\/connaitre\/transparence\/alliances-strategiques\/entites-partenaires\/#breadcrumb","itemListElement":[{"@type":"ListItem","position":1,"name":"Inici","item":"https:\/\/fundesplai.org\/fr\/"},{"@type":"ListItem","position":2,"name":"Alliances strat\u00e9giques","item":"https:\/\/fundesplai.org\/fr\/alliances-strategiques\/"},{"@type":"ListItem","position":3,"name":"Entit\u00e9s partenaires"}]},{"@type":"WebSite","@id":"https:\/\/fundesplai.org\/fr\/#website","url":"https:\/\/fundesplai.org\/fr\/","name":"Fundesplai","description":"Eduquem per la conviv\u00e8ncia i la sostenibilitat","potentialAction":[{"@type":"SearchAction","target":{"@type":"EntryPoint","urlTemplate":"https:\/\/fundesplai.org\/fr\/?s={search_term_string}"},"query-input":{"@type":"PropertyValueSpecification","valueRequired":true,"valueName":"search_term_string"}}],"inLanguage":"fr-FR"}]}},"_links":{"self":[{"href":"https:\/\/fundesplai.org\/fr\/wp-json\/wp\/v2\/pages\/59235","targetHints":{"allow":["GET"]}}],"collection":[{"href":"https:\/\/fundesplai.org\/fr\/wp-json\/wp\/v2\/pages"}],"about":[{"href":"https:\/\/fundesplai.org\/fr\/wp-json\/wp\/v2\/types\/page"}],"author":[{"embeddable":true,"href":"https:\/\/fundesplai.org\/fr\/wp-json\/wp\/v2\/users\/3"}],"replies":[{"embeddable":true,"href":"https:\/\/fundesplai.org\/fr\/wp-json\/wp\/v2\/comments?post=59235"}],"version-history":[{"count":2,"href":"https:\/\/fundesplai.org\/fr\/wp-json\/wp\/v2\/pages\/59235\/revisions"}],"predecessor-version":[{"id":59237,"href":"https:\/\/fundesplai.org\/fr\/wp-json\/wp\/v2\/pages\/59235\/revisions\/59237"}],"up":[{"embeddable":true,"href":"https:\/\/fundesplai.org\/fr\/wp-json\/wp\/v2\/pages\/59162"}],"wp:attachment":[{"href":"https:\/\/fundesplai.org\/fr\/wp-json\/wp\/v2\/media?parent=59235"}],"curies":[{"name":"wp","href":"https:\/\/api.w.org\/{rel}","templated":true}]}}