{"id":59222,"date":"2021-05-17T08:31:03","date_gmt":"2021-05-17T06:31:03","guid":{"rendered":"https:\/\/fundesplai.org\/connaitre\/notre-histoire\/"},"modified":"2023-10-17T09:07:00","modified_gmt":"2023-10-17T07:07:00","slug":"notre-histoire","status":"publish","type":"page","link":"https:\/\/fundesplai.org\/fr\/connaitre\/notre-histoire\/","title":{"rendered":"Notre histoire"},"content":{"rendered":"<p>[et_pb_section fb_built=\u00a0\u00bb1&Prime; _builder_version=\u00a0\u00bb4.16&Prime; _module_preset=\u00a0\u00bbdefault\u00a0\u00bb custom_margin=\u00a0\u00bb30px||||false|false\u00a0\u00bb global_colors_info=\u00a0\u00bb{}\u00a0\u00bb][et_pb_row _builder_version=\u00a0\u00bb4.16&Prime; _module_preset=\u00a0\u00bbdefault\u00a0\u00bb global_colors_info=\u00a0\u00bb{}\u00a0\u00bb][et_pb_column type=\u00a0\u00bb4_4&Prime; _builder_version=\u00a0\u00bb4.16&Prime; _module_preset=\u00a0\u00bbdefault\u00a0\u00bb global_colors_info=\u00a0\u00bb{}\u00a0\u00bb][et_pb_post_title meta=\u00a0\u00bboff\u00a0\u00bb featured_image=\u00a0\u00bboff\u00a0\u00bb _builder_version=\u00a0\u00bb4.19.0&Prime; _module_preset=\u00a0\u00bbdefault\u00a0\u00bb global_colors_info=\u00a0\u00bb{}\u00a0\u00bb][\/et_pb_post_title][et_pb_text _builder_version=\u00a0\u00bb4.17.4&Prime; _module_preset=\u00a0\u00bbdefault\u00a0\u00bb global_colors_info=\u00a0\u00bb{}\u00a0\u00bb]<\/p>\n<p style=\"text-align: center\"><strong>Plus de 50 ans de transformation et d\u2019am\u00e9lioration de la soci\u00e9t\u00e9 catalane \u00e0 travers l\u2019\u00e9ducation aux loisirs et aux associations.<\/strong><br \/>D\u00e8s le d\u00e9but, il s\u2019agit d\u2019un processus collectif et diversifi\u00e9 sur le territoire, fortement marqu\u00e9 par le mouvement ouvrier de la fin du franquisme. Depuis lors, Fundesplai s\u2019est beaucoup d\u00e9velopp\u00e9 et a permis \u00e0 des milliers d\u2019enfants, de jeunes et de familles de profiter de loisirs \u00e9ducatifs, contribuant \u00e0 leur croissance personnelle et collective, et \u00e0 la protection de la nature par l\u2019\u00e9ducation \u00e0 l\u2019environnement. Nous avons march\u00e9 chaque jour avec la boussole de notre mission et de nos valeurs, en pariant sur les droits de l\u2019homme, <strong>l\u2019\u00e9ducation, la coexistence<\/strong> et la durabilit\u00e9 et en privil\u00e9giant l\u2019\u00e9conomie sociale, le tissu associatif <a href=\"https:\/\/fundesplai.org\/fr\/connaitre\/mission-et-valeurs\/\">et<\/a> la coh\u00e9sion sociale pour faire, \u00e0 chaque pas, un monde un peu meilleur.<\/p>\n<p>[\/et_pb_text][\/et_pb_column][\/et_pb_row][\/et_pb_section][et_pb_section fb_built=\u00a0\u00bb1&Prime; _builder_version=\u00a0\u00bb4.16&Prime; _module_preset=\u00a0\u00bbdefault\u00a0\u00bb custom_margin=\u00a0\u00bb||||false|false\u00a0\u00bb global_colors_info=\u00a0\u00bb{}\u00a0\u00bb][et_pb_row _builder_version=\u00a0\u00bb4.16&Prime; _module_preset=\u00a0\u00bbdefault\u00a0\u00bb global_colors_info=\u00a0\u00bb{}\u00a0\u00bb][et_pb_column type=\u00a0\u00bb4_4&Prime; _builder_version=\u00a0\u00bb4.16&Prime; _module_preset=\u00a0\u00bbdefault\u00a0\u00bb global_colors_info=\u00a0\u00bb{}\u00a0\u00bb][et_pb_code admin_label=\u00a0\u00bbChronologie\u00a0\u00bb _builder_version=\u00a0\u00bb4.17.4&Prime; _module_preset=\u00a0\u00bbdefault\u00a0\u00bb global_colors_info=\u00a0\u00bb{}\u00a0\u00bb]\t\t\t<!-- Cool Timeline PRO V4.9.1 -->\r\n\t\t\t<div class=\"ctl-wrapper\" role=\"region\" aria-label=\"Timeline\">\r\n\t\t\t\t\t\t\t\t<div id=\"cool_timeline_1\" class=\"cool-timeline-wrapper ctl-both-sided ctl-vertical-wrapper ctl-compact-wrapper ctl-default\" data-nav=\"show\" data-line-filling=\"false\" data-nav-pos=\"right\" data-nav-style=\"style-1\">\r\n\t\t\t\t\t<div class=\"ctl-start\"><\/div>\r\n\t\t\t\t\t<!-- Timeline Container -->\r\n\t\t\t\t\t<div class=\"ctl-timeline ctl-timeline-container\" data-animation=\"fade\" aria-live=\"polite\">\r\n\t\t\t\t\t\t<!-- Center Line -->\r\n\t\t\t\t\t\t<div class=\"ctl-inner-line\" role=\"presentation\"><\/div>\r\n\t\t\t\t\t\t<div class=\"no-content\"><h4>D\u00e9sol\u00e9, vous n'avez encore ajout\u00e9 aucune histoire<\/h4><\/div>\t\t\t\t\t<\/div>\r\n\t\t\t\t\t<div class=\"ctl-end\"><\/div>\r\n\t\t\t\t\t\t\t\t\t\t<!-- Each Timeline Style -->\r\n\t\t\t\t\t<style id=\"cool_timeline_1-styles\" type=\"text\/css\">\r\n\t\t\t\t\t\t.ctl-wrapper .cool-timeline-wrapper.ctl-compact-wrapper.ctl-default {--ctw-cbx-title-color: #666666;}\t\t\t\t\t\t\/* Specific Story Style Start *\/\/* Specific Story Style End *\/\t\t\t\t\t<\/style>\r\n\t\t\t\t\t\t\t\t\t\t<\/div>\r\n\t\t\t<\/div>\r\n\t\t\t[\/et_pb_code][\/et_pb_column][\/et_pb_row][\/et_pb_section]<\/p>\n","protected":false},"excerpt":{"rendered":"<p>Histoire de plus de 50 ans de transformation et d\u2019am\u00e9lioration de la soci\u00e9t\u00e9 catalane \u00e0 travers l\u2019\u00e9ducation aux loisirs et au mouvement associatif.<\/p>\n","protected":false},"author":1,"featured_media":57060,"parent":59149,"menu_order":0,"comment_status":"closed","ping_status":"closed","template":"","meta":{"_et_pb_use_builder":"on","_et_pb_old_content":"","_et_gb_content_width":"","footnotes":""},"class_list":["post-59222","page","type-page","status-publish","has-post-thumbnail","hentry"],"yoast_head":"<!-- This site is optimized with the Yoast SEO plugin v27.4 - https:\/\/yoast.com\/product\/yoast-seo-wordpress\/ -->\n<title>Notre histoire - Fundesplai<\/title>\n<meta name=\"description\" content=\"Histoire de plus de 50 ans de transformation et d\u2019am\u00e9lioration de la soci\u00e9t\u00e9 catalane \u00e0 travers l\u2019\u00e9ducation aux loisirs et au mouvement associatif.\" \/>\n<meta name=\"robots\" content=\"index, follow, max-snippet:-1, max-image-preview:large, max-video-preview:-1\" \/>\n<link rel=\"canonical\" href=\"https:\/\/fundesplai.org\/fr\/connaitre\/notre-histoire\/\" \/>\n<meta property=\"og:locale\" content=\"fr_FR\" \/>\n<meta property=\"og:type\" content=\"article\" \/>\n<meta property=\"og:title\" content=\"Notre histoire - Fundesplai\" \/>\n<meta property=\"og:description\" content=\"Histoire de plus de 50 ans de transformation et d\u2019am\u00e9lioration de la soci\u00e9t\u00e9 catalane \u00e0 travers l\u2019\u00e9ducation aux loisirs et au mouvement associatif.\" \/>\n<meta property=\"og:url\" content=\"https:\/\/fundesplai.org\/fr\/connaitre\/notre-histoire\/\" \/>\n<meta property=\"og:site_name\" content=\"Fundesplai\" \/>\n<meta property=\"article:modified_time\" content=\"2023-10-17T07:07:00+00:00\" \/>\n<meta property=\"og:image\" content=\"https:\/\/fundesplai.org\/wp-content\/uploads\/2022\/04\/Cabalies_primeres-colonies-Fundesplai.jpg\" \/>\n\t<meta property=\"og:image:width\" content=\"600\" \/>\n\t<meta property=\"og:image:height\" content=\"350\" \/>\n\t<meta property=\"og:image:type\" content=\"image\/jpeg\" \/>\n<meta name=\"twitter:card\" content=\"summary_large_image\" \/>\n<meta name=\"twitter:label1\" content=\"Dur\u00e9e de lecture estim\u00e9e\" \/>\n\t<meta name=\"twitter:data1\" content=\"2 minutes\" \/>\n<script type=\"application\/ld+json\" class=\"yoast-schema-graph\">{\"@context\":\"https:\\\/\\\/schema.org\",\"@graph\":[{\"@type\":\"WebPage\",\"@id\":\"https:\\\/\\\/fundesplai.org\\\/fr\\\/connaitre\\\/notre-histoire\\\/\",\"url\":\"https:\\\/\\\/fundesplai.org\\\/fr\\\/connaitre\\\/notre-histoire\\\/\",\"name\":\"Notre histoire - Fundesplai\",\"isPartOf\":{\"@id\":\"https:\\\/\\\/fundesplai.org\\\/fr\\\/#website\"},\"primaryImageOfPage\":{\"@id\":\"https:\\\/\\\/fundesplai.org\\\/fr\\\/connaitre\\\/notre-histoire\\\/#primaryimage\"},\"image\":{\"@id\":\"https:\\\/\\\/fundesplai.org\\\/fr\\\/connaitre\\\/notre-histoire\\\/#primaryimage\"},\"thumbnailUrl\":\"https:\\\/\\\/fundesplai.org\\\/wp-content\\\/uploads\\\/2022\\\/04\\\/Cabalies_primeres-colonies-Fundesplai.jpg\",\"datePublished\":\"2021-05-17T06:31:03+00:00\",\"dateModified\":\"2023-10-17T07:07:00+00:00\",\"description\":\"Histoire de plus de 50 ans de transformation et d\u2019am\u00e9lioration de la soci\u00e9t\u00e9 catalane \u00e0 travers l\u2019\u00e9ducation aux loisirs et au mouvement associatif.\",\"breadcrumb\":{\"@id\":\"https:\\\/\\\/fundesplai.org\\\/fr\\\/connaitre\\\/notre-histoire\\\/#breadcrumb\"},\"inLanguage\":\"fr-FR\",\"potentialAction\":[{\"@type\":\"ReadAction\",\"target\":[\"https:\\\/\\\/fundesplai.org\\\/fr\\\/connaitre\\\/notre-histoire\\\/\"]}]},{\"@type\":\"ImageObject\",\"inLanguage\":\"fr-FR\",\"@id\":\"https:\\\/\\\/fundesplai.org\\\/fr\\\/connaitre\\\/notre-histoire\\\/#primaryimage\",\"url\":\"https:\\\/\\\/fundesplai.org\\\/wp-content\\\/uploads\\\/2022\\\/04\\\/Cabalies_primeres-colonies-Fundesplai.jpg\",\"contentUrl\":\"https:\\\/\\\/fundesplai.org\\\/wp-content\\\/uploads\\\/2022\\\/04\\\/Cabalies_primeres-colonies-Fundesplai.jpg\",\"width\":600,\"height\":350},{\"@type\":\"BreadcrumbList\",\"@id\":\"https:\\\/\\\/fundesplai.org\\\/fr\\\/connaitre\\\/notre-histoire\\\/#breadcrumb\",\"itemListElement\":[{\"@type\":\"ListItem\",\"position\":1,\"name\":\"Inici\",\"item\":\"https:\\\/\\\/fundesplai.org\\\/fr\\\/\"},{\"@type\":\"ListItem\",\"position\":2,\"name\":\"Conna\u00eetre\",\"item\":\"https:\\\/\\\/fundesplai.org\\\/fr\\\/connaitre\\\/\"},{\"@type\":\"ListItem\",\"position\":3,\"name\":\"Notre histoire\"}]},{\"@type\":\"WebSite\",\"@id\":\"https:\\\/\\\/fundesplai.org\\\/fr\\\/#website\",\"url\":\"https:\\\/\\\/fundesplai.org\\\/fr\\\/\",\"name\":\"Fundesplai\",\"description\":\"Eduquem per la conviv\u00e8ncia i la sostenibilitat\",\"potentialAction\":[{\"@type\":\"SearchAction\",\"target\":{\"@type\":\"EntryPoint\",\"urlTemplate\":\"https:\\\/\\\/fundesplai.org\\\/fr\\\/?s={search_term_string}\"},\"query-input\":{\"@type\":\"PropertyValueSpecification\",\"valueRequired\":true,\"valueName\":\"search_term_string\"}}],\"inLanguage\":\"fr-FR\"}]}<\/script>\n<!-- \/ Yoast SEO plugin. -->","yoast_head_json":{"title":"Notre histoire - Fundesplai","description":"Histoire de plus de 50 ans de transformation et d\u2019am\u00e9lioration de la soci\u00e9t\u00e9 catalane \u00e0 travers l\u2019\u00e9ducation aux loisirs et au mouvement associatif.","robots":{"index":"index","follow":"follow","max-snippet":"max-snippet:-1","max-image-preview":"max-image-preview:large","max-video-preview":"max-video-preview:-1"},"canonical":"https:\/\/fundesplai.org\/fr\/connaitre\/notre-histoire\/","og_locale":"fr_FR","og_type":"article","og_title":"Notre histoire - Fundesplai","og_description":"Histoire de plus de 50 ans de transformation et d\u2019am\u00e9lioration de la soci\u00e9t\u00e9 catalane \u00e0 travers l\u2019\u00e9ducation aux loisirs et au mouvement associatif.","og_url":"https:\/\/fundesplai.org\/fr\/connaitre\/notre-histoire\/","og_site_name":"Fundesplai","article_modified_time":"2023-10-17T07:07:00+00:00","og_image":[{"width":600,"height":350,"url":"https:\/\/fundesplai.org\/wp-content\/uploads\/2022\/04\/Cabalies_primeres-colonies-Fundesplai.jpg","type":"image\/jpeg"}],"twitter_card":"summary_large_image","twitter_misc":{"Dur\u00e9e de lecture estim\u00e9e":"2 minutes"},"schema":{"@context":"https:\/\/schema.org","@graph":[{"@type":"WebPage","@id":"https:\/\/fundesplai.org\/fr\/connaitre\/notre-histoire\/","url":"https:\/\/fundesplai.org\/fr\/connaitre\/notre-histoire\/","name":"Notre histoire - Fundesplai","isPartOf":{"@id":"https:\/\/fundesplai.org\/fr\/#website"},"primaryImageOfPage":{"@id":"https:\/\/fundesplai.org\/fr\/connaitre\/notre-histoire\/#primaryimage"},"image":{"@id":"https:\/\/fundesplai.org\/fr\/connaitre\/notre-histoire\/#primaryimage"},"thumbnailUrl":"https:\/\/fundesplai.org\/wp-content\/uploads\/2022\/04\/Cabalies_primeres-colonies-Fundesplai.jpg","datePublished":"2021-05-17T06:31:03+00:00","dateModified":"2023-10-17T07:07:00+00:00","description":"Histoire de plus de 50 ans de transformation et d\u2019am\u00e9lioration de la soci\u00e9t\u00e9 catalane \u00e0 travers l\u2019\u00e9ducation aux loisirs et au mouvement associatif.","breadcrumb":{"@id":"https:\/\/fundesplai.org\/fr\/connaitre\/notre-histoire\/#breadcrumb"},"inLanguage":"fr-FR","potentialAction":[{"@type":"ReadAction","target":["https:\/\/fundesplai.org\/fr\/connaitre\/notre-histoire\/"]}]},{"@type":"ImageObject","inLanguage":"fr-FR","@id":"https:\/\/fundesplai.org\/fr\/connaitre\/notre-histoire\/#primaryimage","url":"https:\/\/fundesplai.org\/wp-content\/uploads\/2022\/04\/Cabalies_primeres-colonies-Fundesplai.jpg","contentUrl":"https:\/\/fundesplai.org\/wp-content\/uploads\/2022\/04\/Cabalies_primeres-colonies-Fundesplai.jpg","width":600,"height":350},{"@type":"BreadcrumbList","@id":"https:\/\/fundesplai.org\/fr\/connaitre\/notre-histoire\/#breadcrumb","itemListElement":[{"@type":"ListItem","position":1,"name":"Inici","item":"https:\/\/fundesplai.org\/fr\/"},{"@type":"ListItem","position":2,"name":"Conna\u00eetre","item":"https:\/\/fundesplai.org\/fr\/connaitre\/"},{"@type":"ListItem","position":3,"name":"Notre histoire"}]},{"@type":"WebSite","@id":"https:\/\/fundesplai.org\/fr\/#website","url":"https:\/\/fundesplai.org\/fr\/","name":"Fundesplai","description":"Eduquem per la conviv\u00e8ncia i la sostenibilitat","potentialAction":[{"@type":"SearchAction","target":{"@type":"EntryPoint","urlTemplate":"https:\/\/fundesplai.org\/fr\/?s={search_term_string}"},"query-input":{"@type":"PropertyValueSpecification","valueRequired":true,"valueName":"search_term_string"}}],"inLanguage":"fr-FR"}]}},"_links":{"self":[{"href":"https:\/\/fundesplai.org\/fr\/wp-json\/wp\/v2\/pages\/59222","targetHints":{"allow":["GET"]}}],"collection":[{"href":"https:\/\/fundesplai.org\/fr\/wp-json\/wp\/v2\/pages"}],"about":[{"href":"https:\/\/fundesplai.org\/fr\/wp-json\/wp\/v2\/types\/page"}],"author":[{"embeddable":true,"href":"https:\/\/fundesplai.org\/fr\/wp-json\/wp\/v2\/users\/1"}],"replies":[{"embeddable":true,"href":"https:\/\/fundesplai.org\/fr\/wp-json\/wp\/v2\/comments?post=59222"}],"version-history":[{"count":2,"href":"https:\/\/fundesplai.org\/fr\/wp-json\/wp\/v2\/pages\/59222\/revisions"}],"predecessor-version":[{"id":59224,"href":"https:\/\/fundesplai.org\/fr\/wp-json\/wp\/v2\/pages\/59222\/revisions\/59224"}],"up":[{"embeddable":true,"href":"https:\/\/fundesplai.org\/fr\/wp-json\/wp\/v2\/pages\/59149"}],"wp:featuredmedia":[{"embeddable":true,"href":"https:\/\/fundesplai.org\/fr\/wp-json\/wp\/v2\/media\/57060"}],"wp:attachment":[{"href":"https:\/\/fundesplai.org\/fr\/wp-json\/wp\/v2\/media?parent=59222"}],"curies":[{"name":"wp","href":"https:\/\/api.w.org\/{rel}","templated":true}]}}