{"id":59158,"date":"2022-11-08T15:41:21","date_gmt":"2022-11-08T14:41:21","guid":{"rendered":"https:\/\/fundesplai.org\/ou-travaillons-nous\/"},"modified":"2023-10-17T08:56:59","modified_gmt":"2023-10-17T06:56:59","slug":"ou-travaillons-nous","status":"publish","type":"page","link":"https:\/\/fundesplai.org\/fr\/ou-travaillons-nous\/","title":{"rendered":"O\u00f9 travaillons-nous"},"content":{"rendered":"<p>[et_pb_section fb_built=\u00a0\u00bb1&Prime; module_class=\u00a0\u00bbseccio-home-slider\u00a0\u00bb _builder_version=\u00a0\u00bb4.16&Prime; custom_margin=\u00a0\u00bb30px|||\u00a0\u00bb locked=\u00a0\u00bboff\u00a0\u00bb collapsed=\u00a0\u00bboff\u00a0\u00bb global_colors_info=\u00a0\u00bb{}\u00a0\u00bb][et_pb_row _builder_version=\u00a0\u00bb4.16&Prime; custom_margin=\u00a0\u00bb||50px|\u00a0\u00bb custom_padding=\u00a0\u00bb0px|0px|0|0px|false|false\u00a0\u00bb global_colors_info=\u00a0\u00bb{}\u00a0\u00bb][et_pb_column type=\u00a0\u00bb4_4&Prime; _builder_version=\u00a0\u00bb4.16&Prime; custom_padding=\u00a0\u00bb|||\u00a0\u00bb global_colors_info=\u00a0\u00bb{}\u00a0\u00bb custom_padding__hover=\u00a0\u00bb|||\u00a0\u00bb][et_pb_text admin_label=\u00a0\u00bbT\u00edtol Secci\u00f3\u00a0\u00bb _builder_version=\u00a0\u00bb4.19.0&Prime; z_index_tablet=\u00a0\u00bb500&Prime; global_colors_info=\u00a0\u00bb{}\u00a0\u00bb]<\/p>\n<h2>O\u00f9 travaillons-nous<\/h2>\n<p>[\/et_pb_text][et_pb_text _builder_version=\u00a0\u00bb4.17.4&Prime; z_index_tablet=\u00a0\u00bb500&Prime; global_colors_info=\u00a0\u00bb{}\u00a0\u00bb]<\/p>\n<p>Nous d\u00e9veloppons des actions, des services et des projets<strong> dans toute la Catalogne<\/strong>. Mais l\u2019activit\u00e9 de Fundesplai ne se limite pas seulement au territoire catalan, mais atteint \u00e9galement <strong>le reste de l\u2019Espagne et du monde \u00e0 travers la<\/strong><em><a href=\"https:\/\/fundacionesplai.org\/\">Fundaci\u00f3n Esplai &#8211; Ciudadan\u00eda Comprometida<\/a>.<\/em><\/p>\n<p>[\/et_pb_text][et_pb_image src=\u00a0\u00bbhttps:\/\/fundesplai.org\/wp-content\/uploads\/2023\/02\/Fundesplai-Catalunya-2022_gran.jpg\u00a0\u00bb alt=\u00a0\u00bbProjets Fundesplai en Catalogne 2022&Prime; title_text=\u00a0\u00bbProjets Fundesplai en Catalogne 2022&Prime; align=\u00a0\u00bbcenter\u00a0\u00bb admin_label=\u00a0\u00bbImage Catalunya\u00a0\u00bb _builder_version=\u00a0\u00bb4.19.0&Prime; transform_scale_last_edited=\u00a0\u00bboff|desktop\u00a0\u00bb transform_translate_last_edited=\u00a0\u00bboff|desktop\u00a0\u00bb transform_rotate_last_edited=\u00a0\u00bboff|desktop\u00a0\u00bb transform_skew_last_edited=\u00a0\u00bboff|desktop\u00a0\u00bb transform_origin_last_edited=\u00a0\u00bboff|desktop\u00a0\u00bb transform_styles_last_edited=\u00a0\u00bboff|desktop\u00a0\u00bb module_alignment=\u00a0\u00bbcenter\u00a0\u00bb custom_margin=\u00a0\u00bb30px||||false|false\u00a0\u00bb box_shadow_style=\u00a0\u00bbpreset1&Prime; global_colors_info=\u00a0\u00bb{}\u00a0\u00bb transform_styles__hover_enabled=\u00a0\u00bbon|desktop\u00a0\u00bb transform_scale__hover_enabled=\u00a0\u00bbon|desktop\u00a0\u00bb transform_translate__hover_enabled=\u00a0\u00bbon|desktop\u00a0\u00bb transform_rotate__hover_enabled=\u00a0\u00bbon|desktop\u00a0\u00bb transform_skew__hover_enabled=\u00a0\u00bbon|desktop\u00a0\u00bb transform_origin__hover_enabled=\u00a0\u00bbon|desktop\u00a0\u00bb transform_scale__hover=\u00a0\u00bb100%|100%\u00a0\u00bb][\/et_pb_image][et_pb_image src=\u00a0\u00bbhttps:\/\/fundesplai.org\/wp-content\/uploads\/2023\/02\/Fundesplai-mon-2022_gran2.jpg\u00a0\u00bb alt=\u00a0\u00bbFundesplai projets internationaux 2022&Prime; title_text=\u00a0\u00bbFundesplai projets internationaux 2022&Prime; align=\u00a0\u00bbcenter\u00a0\u00bb admin_label=\u00a0\u00bbImage M\u00f3n\u00a0\u00bb _builder_version=\u00a0\u00bb4.19.0&Prime; transform_scale_last_edited=\u00a0\u00bboff|desktop\u00a0\u00bb transform_translate_last_edited=\u00a0\u00bboff|desktop\u00a0\u00bb transform_rotate_last_edited=\u00a0\u00bboff|desktop\u00a0\u00bb transform_skew_last_edited=\u00a0\u00bboff|desktop\u00a0\u00bb transform_origin_last_edited=\u00a0\u00bboff|desktop\u00a0\u00bb transform_styles_last_edited=\u00a0\u00bboff|desktop\u00a0\u00bb custom_margin=\u00a0\u00bb30px||||false|false\u00a0\u00bb box_shadow_style=\u00a0\u00bbpreset1&Prime; global_colors_info=\u00a0\u00bb{}\u00a0\u00bb transform_styles__hover_enabled=\u00a0\u00bbon|desktop\u00a0\u00bb transform_scale__hover_enabled=\u00a0\u00bbon|desktop\u00a0\u00bb transform_translate__hover_enabled=\u00a0\u00bbon|desktop\u00a0\u00bb transform_rotate__hover_enabled=\u00a0\u00bbon|desktop\u00a0\u00bb transform_skew__hover_enabled=\u00a0\u00bbon|desktop\u00a0\u00bb transform_origin__hover_enabled=\u00a0\u00bbon|desktop\u00a0\u00bb transform_scale__hover=\u00a0\u00bb100%|100%\u00a0\u00bb][\/et_pb_image][et_pb_button button_url=\u00a0\u00bb@ET-DC@eyJkeW5hbWljIjp0cnVlLCJjb250ZW50IjoicG9zdF9saW5rX3VybF9wYWdlIiwic2V0dGluZ3MiOnsicG9zdF9pZCI6IjM3MzU0In19@\u00a0\u00bb button_text=\u00a0\u00bbD\u00e9couvrez plus de donn\u00e9es dans le rapport d\u2019activit\u00e9\u00a0\u00bb button_alignment=\u00a0\u00bbcenter\u00a0\u00bb _builder_version=\u00a0\u00bb4.17.4&Prime; _dynamic_attributes=\u00a0\u00bbbutton_url\u00a0\u00bb _module_preset=\u00a0\u00bbdefault\u00a0\u00bb custom_margin=\u00a0\u00bb40px||40px||false|false\u00a0\u00bb global_colors_info=\u00a0\u00bb{}\u00a0\u00bb][\/et_pb_button][\/et_pb_column][\/et_pb_row][\/et_pb_section][et_pb_section fb_built=\u00a0\u00bb1&Prime; _builder_version=\u00a0\u00bb4.16&Prime; custom_padding=\u00a0\u00bb|||0px||\u00a0\u00bb locked=\u00a0\u00bboff\u00a0\u00bb collapsed=\u00a0\u00bboff\u00a0\u00bb global_colors_info=\u00a0\u00bb{}\u00a0\u00bb][et_pb_row module_class=\u00a0\u00bb et_pb_row_fullwidth\u00a0\u00bb _builder_version=\u00a0\u00bb4.16&Prime; width=\u00a0\u00bb100%\u00a0\u00bb max_width=\u00a0\u00bbnone\u00a0\u00bb global_colors_info=\u00a0\u00bb{}\u00a0\u00bb][et_pb_column type=\u00a0\u00bb4_4&Prime; _builder_version=\u00a0\u00bb4.16&Prime; global_colors_info=\u00a0\u00bb{}\u00a0\u00bb][et_pb_cta title=\u00a0\u00bbCentre Esplai, notre si\u00e8ge social\u00a0\u00bb button_url=\u00a0\u00bbhttps:\/\/albergueesplaibarcelona.com\/ca\/la-nostra-seu\/\u00a0\u00bb url_new_window=\u00a0\u00bbon\u00a0\u00bb button_text=\u00a0\u00bbD\u00e9couvrez \u00e0 quoi ressemble notre si\u00e8ge social\u00a0\u00bb module_class=\u00a0\u00bbcta-intersticial\u00a0\u00bb _builder_version=\u00a0\u00bb4.19.0&Prime; link_option_url_new_window=\u00a0\u00bbon\u00a0\u00bb global_colors_info=\u00a0\u00bb{}\u00a0\u00bb]<\/p>\n<p>Nos bureaux sont situ\u00e9s dans le b\u00e2timent du Centre Esplai, \u00e0 El Prat del Llobregat, un quartier <strong>innovant, durable, \u00e9loquent, accessible et int\u00e9gr\u00e9<\/strong> dans son environnement. Gr\u00e2ce \u00e0 des mesures d\u2019\u00e9conomie d\u2019\u00e9nergie et d\u2019eau, on estime que les \u00e9missions de CO2 peuvent \u00eatre r\u00e9duites de 50 %.<\/p>\n<p>[\/et_pb_cta][\/et_pb_column][\/et_pb_row][\/et_pb_section]<\/p>\n","protected":false},"excerpt":{"rendered":"<p>Chez Fundesplai, nous travaillons non seulement dans la zone territoriale catalane, mais aussi dans le reste de l\u2019Espagne et du monde.<\/p>\n","protected":false},"author":3,"featured_media":57559,"parent":0,"menu_order":0,"comment_status":"closed","ping_status":"closed","template":"","meta":{"_et_pb_use_builder":"on","_et_pb_old_content":"","_et_gb_content_width":"","footnotes":""},"class_list":["post-59158","page","type-page","status-publish","has-post-thumbnail","hentry"],"yoast_head":"<!-- This site is optimized with the Yoast SEO plugin v27.5 - https:\/\/yoast.com\/product\/yoast-seo-wordpress\/ -->\n<title>O\u00f9 travaillons-nous - Fundesplai<\/title>\n<meta name=\"description\" content=\"Chez Fundesplai, nous travaillons non seulement dans la zone territoriale catalane, mais aussi dans le reste de l\u2019Espagne et du monde.\" \/>\n<meta name=\"robots\" content=\"index, follow, max-snippet:-1, max-image-preview:large, max-video-preview:-1\" \/>\n<link rel=\"canonical\" href=\"https:\/\/fundesplai.org\/fr\/ou-travaillons-nous\/\" \/>\n<meta property=\"og:locale\" content=\"fr_FR\" \/>\n<meta property=\"og:type\" content=\"article\" \/>\n<meta property=\"og:title\" content=\"O\u00f9 travaillons-nous - Fundesplai\" \/>\n<meta property=\"og:description\" content=\"Chez Fundesplai, nous travaillons non seulement dans la zone territoriale catalane, mais aussi dans le reste de l\u2019Espagne et du monde.\" \/>\n<meta property=\"og:url\" content=\"https:\/\/fundesplai.org\/fr\/ou-travaillons-nous\/\" \/>\n<meta property=\"og:site_name\" content=\"Fundesplai\" \/>\n<meta property=\"article:modified_time\" content=\"2023-10-17T06:56:59+00:00\" \/>\n<meta property=\"og:image\" content=\"https:\/\/fundesplai.org\/wp-content\/uploads\/2022\/07\/Centre-Esplai-2008.jpg\" \/>\n\t<meta property=\"og:image:width\" content=\"904\" \/>\n\t<meta property=\"og:image:height\" content=\"670\" \/>\n\t<meta property=\"og:image:type\" content=\"image\/jpeg\" \/>\n<meta name=\"twitter:card\" content=\"summary_large_image\" \/>\n<meta name=\"twitter:label1\" content=\"Dur\u00e9e de lecture estim\u00e9e\" \/>\n\t<meta name=\"twitter:data1\" content=\"3 minutes\" \/>\n<script type=\"application\/ld+json\" class=\"yoast-schema-graph\">{\"@context\":\"https:\\\/\\\/schema.org\",\"@graph\":[{\"@type\":\"WebPage\",\"@id\":\"https:\\\/\\\/fundesplai.org\\\/fr\\\/ou-travaillons-nous\\\/\",\"url\":\"https:\\\/\\\/fundesplai.org\\\/fr\\\/ou-travaillons-nous\\\/\",\"name\":\"O\u00f9 travaillons-nous - Fundesplai\",\"isPartOf\":{\"@id\":\"https:\\\/\\\/fundesplai.org\\\/fr\\\/#website\"},\"primaryImageOfPage\":{\"@id\":\"https:\\\/\\\/fundesplai.org\\\/fr\\\/ou-travaillons-nous\\\/#primaryimage\"},\"image\":{\"@id\":\"https:\\\/\\\/fundesplai.org\\\/fr\\\/ou-travaillons-nous\\\/#primaryimage\"},\"thumbnailUrl\":\"https:\\\/\\\/fundesplai.org\\\/wp-content\\\/uploads\\\/2022\\\/07\\\/Centre-Esplai-2008.jpg\",\"datePublished\":\"2022-11-08T14:41:21+00:00\",\"dateModified\":\"2023-10-17T06:56:59+00:00\",\"description\":\"Chez Fundesplai, nous travaillons non seulement dans la zone territoriale catalane, mais aussi dans le reste de l\u2019Espagne et du monde.\",\"breadcrumb\":{\"@id\":\"https:\\\/\\\/fundesplai.org\\\/fr\\\/ou-travaillons-nous\\\/#breadcrumb\"},\"inLanguage\":\"fr-FR\",\"potentialAction\":[{\"@type\":\"ReadAction\",\"target\":[\"https:\\\/\\\/fundesplai.org\\\/fr\\\/ou-travaillons-nous\\\/\"]}]},{\"@type\":\"ImageObject\",\"inLanguage\":\"fr-FR\",\"@id\":\"https:\\\/\\\/fundesplai.org\\\/fr\\\/ou-travaillons-nous\\\/#primaryimage\",\"url\":\"https:\\\/\\\/fundesplai.org\\\/wp-content\\\/uploads\\\/2022\\\/07\\\/Centre-Esplai-2008.jpg\",\"contentUrl\":\"https:\\\/\\\/fundesplai.org\\\/wp-content\\\/uploads\\\/2022\\\/07\\\/Centre-Esplai-2008.jpg\",\"width\":904,\"height\":670},{\"@type\":\"BreadcrumbList\",\"@id\":\"https:\\\/\\\/fundesplai.org\\\/fr\\\/ou-travaillons-nous\\\/#breadcrumb\",\"itemListElement\":[{\"@type\":\"ListItem\",\"position\":1,\"name\":\"Inici\",\"item\":\"https:\\\/\\\/fundesplai.org\\\/fr\\\/\"},{\"@type\":\"ListItem\",\"position\":2,\"name\":\"O\u00f9 travaillons-nous\"}]},{\"@type\":\"WebSite\",\"@id\":\"https:\\\/\\\/fundesplai.org\\\/fr\\\/#website\",\"url\":\"https:\\\/\\\/fundesplai.org\\\/fr\\\/\",\"name\":\"Fundesplai\",\"description\":\"Eduquem per la conviv\u00e8ncia i la sostenibilitat\",\"potentialAction\":[{\"@type\":\"SearchAction\",\"target\":{\"@type\":\"EntryPoint\",\"urlTemplate\":\"https:\\\/\\\/fundesplai.org\\\/fr\\\/?s={search_term_string}\"},\"query-input\":{\"@type\":\"PropertyValueSpecification\",\"valueRequired\":true,\"valueName\":\"search_term_string\"}}],\"inLanguage\":\"fr-FR\"}]}<\/script>\n<!-- \/ Yoast SEO plugin. -->","yoast_head_json":{"title":"O\u00f9 travaillons-nous - Fundesplai","description":"Chez Fundesplai, nous travaillons non seulement dans la zone territoriale catalane, mais aussi dans le reste de l\u2019Espagne et du monde.","robots":{"index":"index","follow":"follow","max-snippet":"max-snippet:-1","max-image-preview":"max-image-preview:large","max-video-preview":"max-video-preview:-1"},"canonical":"https:\/\/fundesplai.org\/fr\/ou-travaillons-nous\/","og_locale":"fr_FR","og_type":"article","og_title":"O\u00f9 travaillons-nous - Fundesplai","og_description":"Chez Fundesplai, nous travaillons non seulement dans la zone territoriale catalane, mais aussi dans le reste de l\u2019Espagne et du monde.","og_url":"https:\/\/fundesplai.org\/fr\/ou-travaillons-nous\/","og_site_name":"Fundesplai","article_modified_time":"2023-10-17T06:56:59+00:00","og_image":[{"width":904,"height":670,"url":"https:\/\/fundesplai.org\/wp-content\/uploads\/2022\/07\/Centre-Esplai-2008.jpg","type":"image\/jpeg"}],"twitter_card":"summary_large_image","twitter_misc":{"Dur\u00e9e de lecture estim\u00e9e":"3 minutes"},"schema":{"@context":"https:\/\/schema.org","@graph":[{"@type":"WebPage","@id":"https:\/\/fundesplai.org\/fr\/ou-travaillons-nous\/","url":"https:\/\/fundesplai.org\/fr\/ou-travaillons-nous\/","name":"O\u00f9 travaillons-nous - Fundesplai","isPartOf":{"@id":"https:\/\/fundesplai.org\/fr\/#website"},"primaryImageOfPage":{"@id":"https:\/\/fundesplai.org\/fr\/ou-travaillons-nous\/#primaryimage"},"image":{"@id":"https:\/\/fundesplai.org\/fr\/ou-travaillons-nous\/#primaryimage"},"thumbnailUrl":"https:\/\/fundesplai.org\/wp-content\/uploads\/2022\/07\/Centre-Esplai-2008.jpg","datePublished":"2022-11-08T14:41:21+00:00","dateModified":"2023-10-17T06:56:59+00:00","description":"Chez Fundesplai, nous travaillons non seulement dans la zone territoriale catalane, mais aussi dans le reste de l\u2019Espagne et du monde.","breadcrumb":{"@id":"https:\/\/fundesplai.org\/fr\/ou-travaillons-nous\/#breadcrumb"},"inLanguage":"fr-FR","potentialAction":[{"@type":"ReadAction","target":["https:\/\/fundesplai.org\/fr\/ou-travaillons-nous\/"]}]},{"@type":"ImageObject","inLanguage":"fr-FR","@id":"https:\/\/fundesplai.org\/fr\/ou-travaillons-nous\/#primaryimage","url":"https:\/\/fundesplai.org\/wp-content\/uploads\/2022\/07\/Centre-Esplai-2008.jpg","contentUrl":"https:\/\/fundesplai.org\/wp-content\/uploads\/2022\/07\/Centre-Esplai-2008.jpg","width":904,"height":670},{"@type":"BreadcrumbList","@id":"https:\/\/fundesplai.org\/fr\/ou-travaillons-nous\/#breadcrumb","itemListElement":[{"@type":"ListItem","position":1,"name":"Inici","item":"https:\/\/fundesplai.org\/fr\/"},{"@type":"ListItem","position":2,"name":"O\u00f9 travaillons-nous"}]},{"@type":"WebSite","@id":"https:\/\/fundesplai.org\/fr\/#website","url":"https:\/\/fundesplai.org\/fr\/","name":"Fundesplai","description":"Eduquem per la conviv\u00e8ncia i la sostenibilitat","potentialAction":[{"@type":"SearchAction","target":{"@type":"EntryPoint","urlTemplate":"https:\/\/fundesplai.org\/fr\/?s={search_term_string}"},"query-input":{"@type":"PropertyValueSpecification","valueRequired":true,"valueName":"search_term_string"}}],"inLanguage":"fr-FR"}]}},"_links":{"self":[{"href":"https:\/\/fundesplai.org\/fr\/wp-json\/wp\/v2\/pages\/59158","targetHints":{"allow":["GET"]}}],"collection":[{"href":"https:\/\/fundesplai.org\/fr\/wp-json\/wp\/v2\/pages"}],"about":[{"href":"https:\/\/fundesplai.org\/fr\/wp-json\/wp\/v2\/types\/page"}],"author":[{"embeddable":true,"href":"https:\/\/fundesplai.org\/fr\/wp-json\/wp\/v2\/users\/3"}],"replies":[{"embeddable":true,"href":"https:\/\/fundesplai.org\/fr\/wp-json\/wp\/v2\/comments?post=59158"}],"version-history":[{"count":5,"href":"https:\/\/fundesplai.org\/fr\/wp-json\/wp\/v2\/pages\/59158\/revisions"}],"predecessor-version":[{"id":59203,"href":"https:\/\/fundesplai.org\/fr\/wp-json\/wp\/v2\/pages\/59158\/revisions\/59203"}],"wp:featuredmedia":[{"embeddable":true,"href":"https:\/\/fundesplai.org\/fr\/wp-json\/wp\/v2\/media\/57559"}],"wp:attachment":[{"href":"https:\/\/fundesplai.org\/fr\/wp-json\/wp\/v2\/media?parent=59158"}],"curies":[{"name":"wp","href":"https:\/\/api.w.org\/{rel}","templated":true}]}}