{"id":59149,"date":"2021-05-12T18:46:30","date_gmt":"2021-05-12T16:46:30","guid":{"rendered":"https:\/\/fundesplai.org\/connaitre\/"},"modified":"2023-10-17T08:12:22","modified_gmt":"2023-10-17T06:12:22","slug":"connaitre","status":"publish","type":"page","link":"https:\/\/fundesplai.org\/fr\/connaitre\/","title":{"rendered":"Conna\u00eetre"},"content":{"rendered":"<p>[et_pb_section fb_built=\u00a0\u00bb1&Prime; _builder_version=\u00a0\u00bb4.16&Prime; collapsed=\u00a0\u00bboff\u00a0\u00bb global_colors_info=\u00a0\u00bb{}\u00a0\u00bb][et_pb_row _builder_version=\u00a0\u00bb4.16&Prime; background_size=\u00a0\u00bbinitial\u00a0\u00bb background_position=\u00a0\u00bbtop_left\u00a0\u00bb background_repeat=\u00a0\u00bbrepeat\u00a0\u00bb global_colors_info=\u00a0\u00bb{}\u00a0\u00bb][et_pb_column type=\u00a0\u00bb4_4&Prime; _builder_version=\u00a0\u00bb4.16&Prime; custom_padding=\u00a0\u00bb|||\u00a0\u00bb global_colors_info=\u00a0\u00bb{}\u00a0\u00bb custom_padding__hover=\u00a0\u00bb|||\u00a0\u00bb][et_pb_post_title meta=\u00a0\u00bboff\u00a0\u00bb featured_image=\u00a0\u00bboff\u00a0\u00bb admin_label=\u00a0\u00bbT\u00edtol p\u00e0gina\u00a0\u00bb _builder_version=\u00a0\u00bb4.16&Prime; global_colors_info=\u00a0\u00bb{}\u00a0\u00bb][\/et_pb_post_title][\/et_pb_column][\/et_pb_row][et_pb_row module_class=\u00a0\u00bb et_pb_row_fullwidth\u00a0\u00bb _builder_version=\u00a0\u00bb4.16&Prime; width=\u00a0\u00bb100%\u00a0\u00bb width_tablet=\u00a0\u00bb100%\u00a0\u00bb width_phone=\u00a0\u00bb\u00a0\u00bb width_last_edited=\u00a0\u00bbon|desktop\u00a0\u00bb max_width=\u00a0\u00bb100%\u00a0\u00bb max_width_tablet=\u00a0\u00bb100%\u00a0\u00bb max_width_phone=\u00a0\u00bb\u00a0\u00bb max_width_last_edited=\u00a0\u00bbon|desktop\u00a0\u00bb make_fullwidth=\u00a0\u00bbon\u00a0\u00bb global_colors_info=\u00a0\u00bb{}\u00a0\u00bb][et_pb_column type=\u00a0\u00bb4_4&Prime; _builder_version=\u00a0\u00bb4.16&Prime; custom_padding=\u00a0\u00bb|||\u00a0\u00bb global_colors_info=\u00a0\u00bb{}\u00a0\u00bb custom_padding__hover=\u00a0\u00bb|||\u00a0\u00bb][et_pb_code _builder_version=\u00a0\u00bb4.19.0&Prime; z_index_tablet=\u00a0\u00bb500&Prime; global_colors_info=\u00a0\u00bb{}\u00a0\u00bb]<div class='graella-distribuidora'>\n\t\t\t\t<a class='graella-distribuidora-item' href='https:\/\/fundesplai.org\/fr\/connaitre\/mission-et-valeurs\/'>\n\t\t\t\t\t<img class='graella-distribuidora-thumbnail' src='https:\/\/fundesplai.org\/wp-content\/uploads\/2023\/03\/Fundesplai_missio_pinya-150x150.jpg' \/>\n\t\t\t\t\t<h3 class='graella-distribuidora-title'>\n\t\t\t\t\t\tMission et valeurs\n\t\t\t\t\t<\/h3>\n\t\t\t\t\t<span class='graella-distribuidora-boto'><i class='fas fa-plus'><\/i><\/span>\n\t\t\t\t<\/a>\n\t\t\t\n\t\t\t\t<a class='graella-distribuidora-item' href='https:\/\/fundesplai.org\/fr\/connaitre\/'>\n\t\t\t\t\t<img class='graella-distribuidora-thumbnail' src='https:\/\/cdn.fundesplai.org\/plantilla\/img\/no-thumb.png' \/>\n\t\t\t\t\t<h3 class='graella-distribuidora-title'>\n\t\t\t\t\t\tConna\u00eetre\n\t\t\t\t\t<\/h3>\n\t\t\t\t\t<span class='graella-distribuidora-boto'><i class='fas fa-plus'><\/i><\/span>\n\t\t\t\t<\/a>\n\t\t\t\n\t\t\t\t<a class='graella-distribuidora-item' href='https:\/\/fundesplai.org\/fr\/connaitre\/notre-histoire\/'>\n\t\t\t\t\t<img class='graella-distribuidora-thumbnail' src='https:\/\/fundesplai.org\/wp-content\/uploads\/2022\/04\/Cabalies_primeres-colonies-Fundesplai-150x150.jpg' \/>\n\t\t\t\t\t<h3 class='graella-distribuidora-title'>\n\t\t\t\t\t\tNotre histoire\n\t\t\t\t\t<\/h3>\n\t\t\t\t\t<span class='graella-distribuidora-boto'><i class='fas fa-plus'><\/i><\/span>\n\t\t\t\t<\/a>\n\t\t\t\n\t\t\t\t<a class='graella-distribuidora-item' href='https:\/\/fundesplai.org\/fr\/connaitre\/transparence\/'>\n\t\t\t\t\t<img class='graella-distribuidora-thumbnail' src='https:\/\/fundesplai.org\/wp-content\/uploads\/2022\/07\/Transparencia_Fundesplai_petita-150x150.jpg' \/>\n\t\t\t\t\t<h3 class='graella-distribuidora-title'>\n\t\t\t\t\t\tTransparence\n\t\t\t\t\t<\/h3>\n\t\t\t\t\t<span class='graella-distribuidora-boto'><i class='fas fa-plus'><\/i><\/span>\n\t\t\t\t<\/a>\n\t\t\t\n\t\t\t\t<a class='graella-distribuidora-item' href='https:\/\/fundesplai.org\/fr\/connaitre\/transparence\/alliances-strategiques\/'>\n\t\t\t\t\t<img class='graella-distribuidora-thumbnail' src='https:\/\/fundesplai.org\/wp-content\/uploads\/2023\/03\/Fundesplai-aliances-estrategiques_xarxa-150x150.jpg' \/>\n\t\t\t\t\t<h3 class='graella-distribuidora-title'>\n\t\t\t\t\t\tAlliances strat\u00e9giques\n\t\t\t\t\t<\/h3>\n\t\t\t\t\t<span class='graella-distribuidora-boto'><i class='fas fa-plus'><\/i><\/span>\n\t\t\t\t<\/a>\n\t\t\t\n\t\t\t\t<a class='graella-distribuidora-item' href='https:\/\/fundesplai.org\/fr\/ou-travaillons-nous\/'>\n\t\t\t\t\t<img class='graella-distribuidora-thumbnail' src='https:\/\/fundesplai.org\/wp-content\/uploads\/2022\/07\/Centre-Esplai-2008-150x150.jpg' \/>\n\t\t\t\t\t<h3 class='graella-distribuidora-title'>\n\t\t\t\t\t\tO\u00f9 travaillons-nous\n\t\t\t\t\t<\/h3>\n\t\t\t\t\t<span class='graella-distribuidora-boto'><i class='fas fa-plus'><\/i><\/span>\n\t\t\t\t<\/a>\n\t\t\t<\/div>[\/et_pb_code][\/et_pb_column][\/et_pb_row][\/et_pb_section]<\/p>\n","protected":false},"excerpt":{"rendered":"<p>Apprenez \u00e0 conna\u00eetre les valeurs, l\u2019\u00e9quipe, l\u2019histoire, l\u2019endroit o\u00f9 nous travaillons, la transparence et les alliances strat\u00e9giques de Fundesplai.<\/p>\n","protected":false},"author":1,"featured_media":0,"parent":0,"menu_order":0,"comment_status":"closed","ping_status":"closed","template":"","meta":{"_et_pb_use_builder":"on","_et_pb_old_content":"","_et_gb_content_width":"","footnotes":""},"class_list":["post-59149","page","type-page","status-publish","hentry"],"yoast_head":"<!-- This site is optimized with the Yoast SEO plugin v27.5 - https:\/\/yoast.com\/product\/yoast-seo-wordpress\/ -->\n<title>Conna\u00eetre - Fundesplai<\/title>\n<meta name=\"description\" content=\"Apprenez \u00e0 conna\u00eetre les valeurs, l\u2019\u00e9quipe, l\u2019histoire, l\u2019endroit o\u00f9 nous travaillons, la transparence et les alliances strat\u00e9giques de Fundesplai.\" \/>\n<meta name=\"robots\" content=\"index, follow, max-snippet:-1, max-image-preview:large, max-video-preview:-1\" \/>\n<link rel=\"canonical\" href=\"https:\/\/fundesplai.org\/fr\/connaitre\/\" \/>\n<meta property=\"og:locale\" content=\"fr_FR\" \/>\n<meta property=\"og:type\" content=\"article\" \/>\n<meta property=\"og:title\" content=\"Conna\u00eetre - Fundesplai\" \/>\n<meta property=\"og:description\" content=\"Apprenez \u00e0 conna\u00eetre les valeurs, l\u2019\u00e9quipe, l\u2019histoire, l\u2019endroit o\u00f9 nous travaillons, la transparence et les alliances strat\u00e9giques de Fundesplai.\" \/>\n<meta property=\"og:url\" content=\"https:\/\/fundesplai.org\/fr\/connaitre\/\" \/>\n<meta property=\"og:site_name\" content=\"Fundesplai\" \/>\n<meta property=\"article:modified_time\" content=\"2023-10-17T06:12:22+00:00\" \/>\n<meta name=\"twitter:card\" content=\"summary_large_image\" \/>\n<meta name=\"twitter:label1\" content=\"Dur\u00e9e de lecture estim\u00e9e\" \/>\n\t<meta name=\"twitter:data1\" content=\"1 minute\" \/>\n<script type=\"application\/ld+json\" class=\"yoast-schema-graph\">{\"@context\":\"https:\\\/\\\/schema.org\",\"@graph\":[{\"@type\":\"WebPage\",\"@id\":\"https:\\\/\\\/fundesplai.org\\\/fr\\\/connaitre\\\/\",\"url\":\"https:\\\/\\\/fundesplai.org\\\/fr\\\/connaitre\\\/\",\"name\":\"Conna\u00eetre - Fundesplai\",\"isPartOf\":{\"@id\":\"https:\\\/\\\/fundesplai.org\\\/fr\\\/#website\"},\"datePublished\":\"2021-05-12T16:46:30+00:00\",\"dateModified\":\"2023-10-17T06:12:22+00:00\",\"description\":\"Apprenez \u00e0 conna\u00eetre les valeurs, l\u2019\u00e9quipe, l\u2019histoire, l\u2019endroit o\u00f9 nous travaillons, la transparence et les alliances strat\u00e9giques de Fundesplai.\",\"breadcrumb\":{\"@id\":\"https:\\\/\\\/fundesplai.org\\\/fr\\\/connaitre\\\/#breadcrumb\"},\"inLanguage\":\"fr-FR\",\"potentialAction\":[{\"@type\":\"ReadAction\",\"target\":[\"https:\\\/\\\/fundesplai.org\\\/fr\\\/connaitre\\\/\"]}]},{\"@type\":\"BreadcrumbList\",\"@id\":\"https:\\\/\\\/fundesplai.org\\\/fr\\\/connaitre\\\/#breadcrumb\",\"itemListElement\":[{\"@type\":\"ListItem\",\"position\":1,\"name\":\"Inici\",\"item\":\"https:\\\/\\\/fundesplai.org\\\/fr\\\/\"},{\"@type\":\"ListItem\",\"position\":2,\"name\":\"Conna\u00eetre\"}]},{\"@type\":\"WebSite\",\"@id\":\"https:\\\/\\\/fundesplai.org\\\/fr\\\/#website\",\"url\":\"https:\\\/\\\/fundesplai.org\\\/fr\\\/\",\"name\":\"Fundesplai\",\"description\":\"Eduquem per la conviv\u00e8ncia i la sostenibilitat\",\"potentialAction\":[{\"@type\":\"SearchAction\",\"target\":{\"@type\":\"EntryPoint\",\"urlTemplate\":\"https:\\\/\\\/fundesplai.org\\\/fr\\\/?s={search_term_string}\"},\"query-input\":{\"@type\":\"PropertyValueSpecification\",\"valueRequired\":true,\"valueName\":\"search_term_string\"}}],\"inLanguage\":\"fr-FR\"}]}<\/script>\n<!-- \/ Yoast SEO plugin. -->","yoast_head_json":{"title":"Conna\u00eetre - Fundesplai","description":"Apprenez \u00e0 conna\u00eetre les valeurs, l\u2019\u00e9quipe, l\u2019histoire, l\u2019endroit o\u00f9 nous travaillons, la transparence et les alliances strat\u00e9giques de Fundesplai.","robots":{"index":"index","follow":"follow","max-snippet":"max-snippet:-1","max-image-preview":"max-image-preview:large","max-video-preview":"max-video-preview:-1"},"canonical":"https:\/\/fundesplai.org\/fr\/connaitre\/","og_locale":"fr_FR","og_type":"article","og_title":"Conna\u00eetre - Fundesplai","og_description":"Apprenez \u00e0 conna\u00eetre les valeurs, l\u2019\u00e9quipe, l\u2019histoire, l\u2019endroit o\u00f9 nous travaillons, la transparence et les alliances strat\u00e9giques de Fundesplai.","og_url":"https:\/\/fundesplai.org\/fr\/connaitre\/","og_site_name":"Fundesplai","article_modified_time":"2023-10-17T06:12:22+00:00","twitter_card":"summary_large_image","twitter_misc":{"Dur\u00e9e de lecture estim\u00e9e":"1 minute"},"schema":{"@context":"https:\/\/schema.org","@graph":[{"@type":"WebPage","@id":"https:\/\/fundesplai.org\/fr\/connaitre\/","url":"https:\/\/fundesplai.org\/fr\/connaitre\/","name":"Conna\u00eetre - Fundesplai","isPartOf":{"@id":"https:\/\/fundesplai.org\/fr\/#website"},"datePublished":"2021-05-12T16:46:30+00:00","dateModified":"2023-10-17T06:12:22+00:00","description":"Apprenez \u00e0 conna\u00eetre les valeurs, l\u2019\u00e9quipe, l\u2019histoire, l\u2019endroit o\u00f9 nous travaillons, la transparence et les alliances strat\u00e9giques de Fundesplai.","breadcrumb":{"@id":"https:\/\/fundesplai.org\/fr\/connaitre\/#breadcrumb"},"inLanguage":"fr-FR","potentialAction":[{"@type":"ReadAction","target":["https:\/\/fundesplai.org\/fr\/connaitre\/"]}]},{"@type":"BreadcrumbList","@id":"https:\/\/fundesplai.org\/fr\/connaitre\/#breadcrumb","itemListElement":[{"@type":"ListItem","position":1,"name":"Inici","item":"https:\/\/fundesplai.org\/fr\/"},{"@type":"ListItem","position":2,"name":"Conna\u00eetre"}]},{"@type":"WebSite","@id":"https:\/\/fundesplai.org\/fr\/#website","url":"https:\/\/fundesplai.org\/fr\/","name":"Fundesplai","description":"Eduquem per la conviv\u00e8ncia i la sostenibilitat","potentialAction":[{"@type":"SearchAction","target":{"@type":"EntryPoint","urlTemplate":"https:\/\/fundesplai.org\/fr\/?s={search_term_string}"},"query-input":{"@type":"PropertyValueSpecification","valueRequired":true,"valueName":"search_term_string"}}],"inLanguage":"fr-FR"}]}},"_links":{"self":[{"href":"https:\/\/fundesplai.org\/fr\/wp-json\/wp\/v2\/pages\/59149","targetHints":{"allow":["GET"]}}],"collection":[{"href":"https:\/\/fundesplai.org\/fr\/wp-json\/wp\/v2\/pages"}],"about":[{"href":"https:\/\/fundesplai.org\/fr\/wp-json\/wp\/v2\/types\/page"}],"author":[{"embeddable":true,"href":"https:\/\/fundesplai.org\/fr\/wp-json\/wp\/v2\/users\/1"}],"replies":[{"embeddable":true,"href":"https:\/\/fundesplai.org\/fr\/wp-json\/wp\/v2\/comments?post=59149"}],"version-history":[{"count":1,"href":"https:\/\/fundesplai.org\/fr\/wp-json\/wp\/v2\/pages\/59149\/revisions"}],"predecessor-version":[{"id":59150,"href":"https:\/\/fundesplai.org\/fr\/wp-json\/wp\/v2\/pages\/59149\/revisions\/59150"}],"wp:attachment":[{"href":"https:\/\/fundesplai.org\/fr\/wp-json\/wp\/v2\/media?parent=59149"}],"curies":[{"name":"wp","href":"https:\/\/api.w.org\/{rel}","templated":true}]}}