{"id":9,"date":"2021-08-24T15:09:12","date_gmt":"2021-08-24T13:09:12","guid":{"rendered":"https:\/\/fundesplai.org\/explorarcatalunya\/?page_id=9"},"modified":"2021-10-25T12:30:42","modified_gmt":"2021-10-25T10:30:42","slug":"per-als-infants-i-joves","status":"publish","type":"page","link":"https:\/\/fundesplai.org\/explorarcatalunya\/per-als-infants-i-joves\/","title":{"rendered":"Per als infants i joves"},"content":{"rendered":"[et_pb_section fb_built=&#8221;1&#8243; _builder_version=&#8221;3.22&#8243; global_colors_info=&#8221;{}&#8221;][et_pb_row _builder_version=&#8221;3.25&#8243; background_size=&#8221;initial&#8221; background_position=&#8221;top_left&#8221; background_repeat=&#8221;repeat&#8221; global_colors_info=&#8221;{}&#8221;][et_pb_column type=&#8221;4_4&#8243; _builder_version=&#8221;3.25&#8243; custom_padding=&#8221;|||&#8221; global_colors_info=&#8221;{}&#8221; custom_padding__hover=&#8221;|||&#8221;][et_pb_post_title meta=&#8221;off&#8221; featured_image=&#8221;off&#8221; _builder_version=&#8221;4.10.5&#8243; _module_preset=&#8221;default&#8221; global_colors_info=&#8221;{}&#8221;][\/et_pb_post_title][et_pb_text _builder_version=&#8221;3.27.4&#8243; background_size=&#8221;initial&#8221; background_position=&#8221;top_left&#8221; background_repeat=&#8221;repeat&#8221; global_colors_info=&#8221;{}&#8221;]\r\n<p>Infants i joves<\/p>\r\n\r\n\r\n\r\n<p>Plantegem el fet de potenciar l\u2019excursionisme entre tots els infants i joves independentment de la seva edat:<\/p>\r\n\r\n\r\n\r\n<figure class=\"wp-block-table\">\r\n<table>\r\n<tbody>\r\n<tr>\r\n<td><img loading=\"lazy\" decoding=\"async\" src=\"http:\/\/www2.fundesplai.org\/ExplorarCatalunya\/images\/punter.jpg\" width=\"7\" height=\"8\" \/>\u00a0Joc de l&#8217;excursionisme<\/td>\r\n<\/tr>\r\n<tr>\r\n<td>\u00a0<\/td>\r\n<td>La proposta es basa en el\u00a0<a href=\"http:\/\/www2.fundesplai.org\/ExplorarCatalunya\/pdf\/4-Joc%20de%20excursionisme.pdf\" target=\"_blank\" rel=\"noreferrer noopener\">joc de l\u2019excursionisme<\/a>\u00a0que engloba tots els infants i joves agrupats per edats: petits (3 a 7 anys), grans o mitjans (8 a 11 anys) i joves (12 a 17 anys).<br \/><br \/>Cada grup d&#8217;esplai que participi en aquest joc disposa d&#8217;un carnet que podeu descarregar i imprimir des d&#8217;aquest\u00a0<a href=\"http:\/\/www2.fundesplai.org\/ExplorarCatalunya\/pdf\/4.1.Carnet%20de%20grup.pdf\" target=\"_blank\" rel=\"noreferrer noopener\">enlla\u00e7<\/a>.<\/td>\r\n<\/tr>\r\n<tr>\r\n<td><img loading=\"lazy\" decoding=\"async\" src=\"http:\/\/www2.fundesplai.org\/ExplorarCatalunya\/images\/punter.jpg\" width=\"7\" height=\"8\" \/>\u00a0Itineraris<\/td>\r\n<\/tr>\r\n<tr>\r\n<td>\u00a0<\/td>\r\n<td>Des de la Federaci\u00f3 Catalana de l\u2019Esplai es realitzar\u00e0 una proposta concreta de\u00a0<strong>quatre excursions<\/strong>\u00a0molt ben definides que es podran dur a terme al llarg del curs 2004-2005. S\u00f3n quatre espais emblem\u00e0tics per l\u2019excursionisme del nostre pa\u00eds: Montserrat, Sant Lloren\u00e7 del Munt, El Montseny i Serra del Cad\u00ed-Pedraforca.<br \/>Cadascun d\u2019aquests itineraris desenvolupar\u00e0 una proposta adequada per als tres anteriors grups d\u2019edat:<\/td>\r\n<\/tr>\r\n<\/tbody>\r\n<\/table>\r\n<\/figure>\r\n\r\n\r\n\r\n<p>&nbsp;<\/p>\r\n\r\n\r\n\r\n<figure class=\"wp-block-table\">\r\n<table>\r\n<tbody>\r\n<tr>\r\n<td>\u00a0<\/td>\r\n<td><strong>Montserrat<\/strong><\/td>\r\n<td><strong>Sant Lloren\u00e7 del Munt<\/strong><\/td>\r\n<td><strong>Montseny<\/strong><\/td>\r\n<td><strong>Cad\u00ed \/ Pedraforca<\/strong><\/td>\r\n<\/tr>\r\n<tr>\r\n<td><strong>Petits<\/strong><\/td>\r\n<td><a href=\"http:\/\/www2.fundesplai.org\/ExplorarCatalunya\/santmiquel.asp\">Del Monestir a l\u2019ermita de Sant Miquel<\/a><\/td>\r\n<td><a href=\"http:\/\/www2.fundesplai.org\/ExplorarCatalunya\/collestenallescollderes.asp\">El coll d\u2019Estenalles i el coll d\u2019Eres<\/a><\/td>\r\n<td><a href=\"http:\/\/www2.fundesplai.org\/ExplorarCatalunya\/empedratdemorou.asp\">Boscos del Montseny: l\u2019empedrat de Morou<\/a><\/td>\r\n<td>\u00a0<\/td>\r\n<\/tr>\r\n<tr>\r\n<td><strong>Mitjans<\/strong><\/td>\r\n<td><a href=\"http:\/\/www2.fundesplai.org\/ExplorarCatalunya\/santjeroni.asp\">Mirandes de Montserrat: Sant Jeroni pel cam\u00ed nou<\/a><\/td>\r\n<td><a href=\"http:\/\/www2.fundesplai.org\/ExplorarCatalunya\/montcausimanya.asp\">Montcau i cova Simanya<\/a><\/td>\r\n<td><a href=\"http:\/\/www2.fundesplai.org\/ExplorarCatalunya\/agudesturo.asp\">Agudes i Tur\u00f3 de l\u2019Home<\/a><\/td>\r\n<td>\u00a0<\/td>\r\n<\/tr>\r\n<tr>\r\n<td><strong>Joves<\/strong><\/td>\r\n<td><a href=\"http:\/\/www2.fundesplai.org\/ExplorarCatalunya\/camidelarrel.asp\">Canals de Montserrat: El cam\u00ed de l\u2019Arrel<\/a><\/td>\r\n<td>\u00a0<\/td>\r\n<td>El Matagalls<\/td>\r\n<td><a href=\"http:\/\/www2.fundesplai.org\/ExplorarCatalunya\/pedraforca.asp\">El Pedraforca<\/a><\/td>\r\n<\/tr>\r\n<\/tbody>\r\n<\/table>\r\n<\/figure>\r\n\r[\/et_pb_text][\/et_pb_column][\/et_pb_row][\/et_pb_section]","protected":false},"excerpt":{"rendered":"<p>Infants i joves Plantegem el fet de potenciar l\u2019excursionisme entre tots els infants i joves independentment de la seva edat: \u00a0Joc de l&#8217;excursionisme \u00a0 La proposta es basa en el\u00a0joc de l\u2019excursionisme\u00a0que engloba tots els infants i joves agrupats per edats: petits (3 a 7 anys), grans o mitjans (8 a 11 anys) i joves [&hellip;]<\/p>\n","protected":false},"author":4,"featured_media":0,"parent":0,"menu_order":0,"comment_status":"closed","ping_status":"closed","template":"","meta":{"_et_pb_use_builder":"on","_et_pb_old_content":"<!-- wp:paragraph -->\r\n<p>Infants i joves<\/p>\r\n<!-- \/wp:paragraph --><!-- wp:paragraph -->\r\n<p>Plantegem el fet de potenciar l\u2019excursionisme entre tots els infants i joves independentment de la seva edat:<\/p>\r\n<!-- \/wp:paragraph --><!-- wp:table -->\r\n<figure class=\"wp-block-table\">\r\n<table>\r\n<tbody>\r\n<tr>\r\n<td><img src=\"http:\/\/www2.fundesplai.org\/ExplorarCatalunya\/images\/punter.jpg\" width=\"7\" height=\"8\" \/>\u00a0Joc de l'excursionisme<\/td>\r\n<\/tr>\r\n<tr>\r\n<td>\u00a0<\/td>\r\n<td>La proposta es basa en el\u00a0<a href=\"http:\/\/www2.fundesplai.org\/ExplorarCatalunya\/pdf\/4-Joc%20de%20excursionisme.pdf\" target=\"_blank\" rel=\"noreferrer noopener\">joc de l\u2019excursionisme<\/a>\u00a0que engloba tots els infants i joves agrupats per edats: petits (3 a 7 anys), grans o mitjans (8 a 11 anys) i joves (12 a 17 anys).<br \/><br \/>Cada grup d'esplai que participi en aquest joc disposa d'un carnet que podeu descarregar i imprimir des d'aquest\u00a0<a href=\"http:\/\/www2.fundesplai.org\/ExplorarCatalunya\/pdf\/4.1.Carnet%20de%20grup.pdf\" target=\"_blank\" rel=\"noreferrer noopener\">enlla\u00e7<\/a>.<\/td>\r\n<\/tr>\r\n<tr>\r\n<td><img src=\"http:\/\/www2.fundesplai.org\/ExplorarCatalunya\/images\/punter.jpg\" width=\"7\" height=\"8\" \/>\u00a0Itineraris<\/td>\r\n<\/tr>\r\n<tr>\r\n<td>\u00a0<\/td>\r\n<td>Des de la Federaci\u00f3 Catalana de l\u2019Esplai es realitzar\u00e0 una proposta concreta de\u00a0<strong>quatre excursions<\/strong>\u00a0molt ben definides que es podran dur a terme al llarg del curs 2004-2005. S\u00f3n quatre espais emblem\u00e0tics per l\u2019excursionisme del nostre pa\u00eds: Montserrat, Sant Lloren\u00e7 del Munt, El Montseny i Serra del Cad\u00ed-Pedraforca.<br \/>Cadascun d\u2019aquests itineraris desenvolupar\u00e0 una proposta adequada per als tres anteriors grups d\u2019edat:<\/td>\r\n<\/tr>\r\n<\/tbody>\r\n<\/table>\r\n<\/figure>\r\n<!-- \/wp:table --><!-- wp:paragraph -->\r\n<p>\u00a0<\/p>\r\n<!-- \/wp:paragraph --><!-- wp:table -->\r\n<figure class=\"wp-block-table\">\r\n<table>\r\n<tbody>\r\n<tr>\r\n<td>\u00a0<\/td>\r\n<td><strong>Montserrat<\/strong><\/td>\r\n<td><strong>Sant Lloren\u00e7 del Munt<\/strong><\/td>\r\n<td><strong>Montseny<\/strong><\/td>\r\n<td><strong>Cad\u00ed \/ Pedraforca<\/strong><\/td>\r\n<\/tr>\r\n<tr>\r\n<td><strong>Petits<\/strong><\/td>\r\n<td><a href=\"http:\/\/www2.fundesplai.org\/ExplorarCatalunya\/santmiquel.asp\">Del Monestir a l\u2019ermita de Sant Miquel<\/a><\/td>\r\n<td><a href=\"http:\/\/www2.fundesplai.org\/ExplorarCatalunya\/collestenallescollderes.asp\">El coll d\u2019Estenalles i el coll d\u2019Eres<\/a><\/td>\r\n<td><a href=\"http:\/\/www2.fundesplai.org\/ExplorarCatalunya\/empedratdemorou.asp\">Boscos del Montseny: l\u2019empedrat de Morou<\/a><\/td>\r\n<td>\u00a0<\/td>\r\n<\/tr>\r\n<tr>\r\n<td><strong>Mitjans<\/strong><\/td>\r\n<td><a href=\"http:\/\/www2.fundesplai.org\/ExplorarCatalunya\/santjeroni.asp\">Mirandes de Montserrat: Sant Jeroni pel cam\u00ed nou<\/a><\/td>\r\n<td><a href=\"http:\/\/www2.fundesplai.org\/ExplorarCatalunya\/montcausimanya.asp\">Montcau i cova Simanya<\/a><\/td>\r\n<td><a href=\"http:\/\/www2.fundesplai.org\/ExplorarCatalunya\/agudesturo.asp\">Agudes i Tur\u00f3 de l\u2019Home<\/a><\/td>\r\n<td>\u00a0<\/td>\r\n<\/tr>\r\n<tr>\r\n<td><strong>Joves<\/strong><\/td>\r\n<td><a href=\"http:\/\/www2.fundesplai.org\/ExplorarCatalunya\/camidelarrel.asp\">Canals de Montserrat: El cam\u00ed de l\u2019Arrel<\/a><\/td>\r\n<td>\u00a0<\/td>\r\n<td>El Matagalls<\/td>\r\n<td><a href=\"http:\/\/www2.fundesplai.org\/ExplorarCatalunya\/pedraforca.asp\">El Pedraforca<\/a><\/td>\r\n<\/tr>\r\n<\/tbody>\r\n<\/table>\r\n<\/figure>\r\n<!-- \/wp:table -->","_et_gb_content_width":"1200","footnotes":""},"class_list":["post-9","page","type-page","status-publish","hentry"],"yoast_head":"<!-- This site is optimized with the Yoast SEO plugin v27.3 - https:\/\/yoast.com\/product\/yoast-seo-wordpress\/ -->\n<title>Per als infants i joves - Explorar Catalunya<\/title>\n<meta name=\"robots\" content=\"index, follow, max-snippet:-1, max-image-preview:large, max-video-preview:-1\" \/>\n<link rel=\"canonical\" href=\"https:\/\/fundesplai.org\/explorarcatalunya\/per-als-infants-i-joves\/\" \/>\n<meta property=\"og:locale\" content=\"ca_ES\" \/>\n<meta property=\"og:type\" content=\"article\" \/>\n<meta property=\"og:title\" content=\"Per als infants i joves - Explorar Catalunya\" \/>\n<meta property=\"og:description\" content=\"Infants i joves Plantegem el fet de potenciar l\u2019excursionisme entre tots els infants i joves independentment de la seva edat: \u00a0Joc de l&#039;excursionisme \u00a0 La proposta es basa en el\u00a0joc de l\u2019excursionisme\u00a0que engloba tots els infants i joves agrupats per edats: petits (3 a 7 anys), grans o mitjans (8 a 11 anys) i joves [&hellip;]\" \/>\n<meta property=\"og:url\" content=\"https:\/\/fundesplai.org\/explorarcatalunya\/per-als-infants-i-joves\/\" \/>\n<meta property=\"og:site_name\" content=\"Explorar Catalunya\" \/>\n<meta property=\"article:modified_time\" content=\"2021-10-25T10:30:42+00:00\" \/>\n<meta property=\"og:image\" content=\"http:\/\/www2.fundesplai.org\/ExplorarCatalunya\/images\/punter.jpg\" \/>\n<meta name=\"twitter:card\" content=\"summary_large_image\" \/>\n<meta name=\"twitter:label1\" content=\"Temps estimat de lectura\" \/>\n\t<meta name=\"twitter:data1\" content=\"2 minuts\" \/>\n<script type=\"application\/ld+json\" class=\"yoast-schema-graph\">{\"@context\":\"https:\\\/\\\/schema.org\",\"@graph\":[{\"@type\":\"WebPage\",\"@id\":\"https:\\\/\\\/fundesplai.org\\\/explorarcatalunya\\\/per-als-infants-i-joves\\\/\",\"url\":\"https:\\\/\\\/fundesplai.org\\\/explorarcatalunya\\\/per-als-infants-i-joves\\\/\",\"name\":\"Per als infants i joves - Explorar Catalunya\",\"isPartOf\":{\"@id\":\"https:\\\/\\\/fundesplai.org\\\/explorarcatalunya\\\/#website\"},\"primaryImageOfPage\":{\"@id\":\"https:\\\/\\\/fundesplai.org\\\/explorarcatalunya\\\/per-als-infants-i-joves\\\/#primaryimage\"},\"image\":{\"@id\":\"https:\\\/\\\/fundesplai.org\\\/explorarcatalunya\\\/per-als-infants-i-joves\\\/#primaryimage\"},\"thumbnailUrl\":\"http:\\\/\\\/www2.fundesplai.org\\\/ExplorarCatalunya\\\/images\\\/punter.jpg\",\"datePublished\":\"2021-08-24T13:09:12+00:00\",\"dateModified\":\"2021-10-25T10:30:42+00:00\",\"breadcrumb\":{\"@id\":\"https:\\\/\\\/fundesplai.org\\\/explorarcatalunya\\\/per-als-infants-i-joves\\\/#breadcrumb\"},\"inLanguage\":\"ca\",\"potentialAction\":[{\"@type\":\"ReadAction\",\"target\":[\"https:\\\/\\\/fundesplai.org\\\/explorarcatalunya\\\/per-als-infants-i-joves\\\/\"]}]},{\"@type\":\"ImageObject\",\"inLanguage\":\"ca\",\"@id\":\"https:\\\/\\\/fundesplai.org\\\/explorarcatalunya\\\/per-als-infants-i-joves\\\/#primaryimage\",\"url\":\"http:\\\/\\\/www2.fundesplai.org\\\/ExplorarCatalunya\\\/images\\\/punter.jpg\",\"contentUrl\":\"http:\\\/\\\/www2.fundesplai.org\\\/ExplorarCatalunya\\\/images\\\/punter.jpg\"},{\"@type\":\"BreadcrumbList\",\"@id\":\"https:\\\/\\\/fundesplai.org\\\/explorarcatalunya\\\/per-als-infants-i-joves\\\/#breadcrumb\",\"itemListElement\":[{\"@type\":\"ListItem\",\"position\":1,\"name\":\"Inici\",\"item\":\"\\\/\"},{\"@type\":\"ListItem\",\"position\":2,\"name\":\"Explorar Catalunya\",\"item\":\"https:\\\/\\\/fundesplai.org\\\/explorarcatalunya\"},{\"@type\":\"ListItem\",\"position\":3,\"name\":\"Per als infants i joves\"}]},{\"@type\":\"WebSite\",\"@id\":\"https:\\\/\\\/fundesplai.org\\\/explorarcatalunya\\\/#website\",\"url\":\"https:\\\/\\\/fundesplai.org\\\/explorarcatalunya\\\/\",\"name\":\"Explorar Catalunya\",\"description\":\"Proposta educativa de Fundesplai\",\"potentialAction\":[{\"@type\":\"SearchAction\",\"target\":{\"@type\":\"EntryPoint\",\"urlTemplate\":\"https:\\\/\\\/fundesplai.org\\\/explorarcatalunya\\\/?s={search_term_string}\"},\"query-input\":{\"@type\":\"PropertyValueSpecification\",\"valueRequired\":true,\"valueName\":\"search_term_string\"}}],\"inLanguage\":\"ca\"}]}<\/script>\n<!-- \/ Yoast SEO plugin. -->","yoast_head_json":{"title":"Per als infants i joves - Explorar Catalunya","robots":{"index":"index","follow":"follow","max-snippet":"max-snippet:-1","max-image-preview":"max-image-preview:large","max-video-preview":"max-video-preview:-1"},"canonical":"https:\/\/fundesplai.org\/explorarcatalunya\/per-als-infants-i-joves\/","og_locale":"ca_ES","og_type":"article","og_title":"Per als infants i joves - Explorar Catalunya","og_description":"Infants i joves Plantegem el fet de potenciar l\u2019excursionisme entre tots els infants i joves independentment de la seva edat: \u00a0Joc de l'excursionisme \u00a0 La proposta es basa en el\u00a0joc de l\u2019excursionisme\u00a0que engloba tots els infants i joves agrupats per edats: petits (3 a 7 anys), grans o mitjans (8 a 11 anys) i joves [&hellip;]","og_url":"https:\/\/fundesplai.org\/explorarcatalunya\/per-als-infants-i-joves\/","og_site_name":"Explorar Catalunya","article_modified_time":"2021-10-25T10:30:42+00:00","og_image":[{"url":"http:\/\/www2.fundesplai.org\/ExplorarCatalunya\/images\/punter.jpg","type":"","width":"","height":""}],"twitter_card":"summary_large_image","twitter_misc":{"Temps estimat de lectura":"2 minuts"},"schema":{"@context":"https:\/\/schema.org","@graph":[{"@type":"WebPage","@id":"https:\/\/fundesplai.org\/explorarcatalunya\/per-als-infants-i-joves\/","url":"https:\/\/fundesplai.org\/explorarcatalunya\/per-als-infants-i-joves\/","name":"Per als infants i joves - Explorar Catalunya","isPartOf":{"@id":"https:\/\/fundesplai.org\/explorarcatalunya\/#website"},"primaryImageOfPage":{"@id":"https:\/\/fundesplai.org\/explorarcatalunya\/per-als-infants-i-joves\/#primaryimage"},"image":{"@id":"https:\/\/fundesplai.org\/explorarcatalunya\/per-als-infants-i-joves\/#primaryimage"},"thumbnailUrl":"http:\/\/www2.fundesplai.org\/ExplorarCatalunya\/images\/punter.jpg","datePublished":"2021-08-24T13:09:12+00:00","dateModified":"2021-10-25T10:30:42+00:00","breadcrumb":{"@id":"https:\/\/fundesplai.org\/explorarcatalunya\/per-als-infants-i-joves\/#breadcrumb"},"inLanguage":"ca","potentialAction":[{"@type":"ReadAction","target":["https:\/\/fundesplai.org\/explorarcatalunya\/per-als-infants-i-joves\/"]}]},{"@type":"ImageObject","inLanguage":"ca","@id":"https:\/\/fundesplai.org\/explorarcatalunya\/per-als-infants-i-joves\/#primaryimage","url":"http:\/\/www2.fundesplai.org\/ExplorarCatalunya\/images\/punter.jpg","contentUrl":"http:\/\/www2.fundesplai.org\/ExplorarCatalunya\/images\/punter.jpg"},{"@type":"BreadcrumbList","@id":"https:\/\/fundesplai.org\/explorarcatalunya\/per-als-infants-i-joves\/#breadcrumb","itemListElement":[{"@type":"ListItem","position":1,"name":"Inici","item":"\/"},{"@type":"ListItem","position":2,"name":"Explorar Catalunya","item":"https:\/\/fundesplai.org\/explorarcatalunya"},{"@type":"ListItem","position":3,"name":"Per als infants i joves"}]},{"@type":"WebSite","@id":"https:\/\/fundesplai.org\/explorarcatalunya\/#website","url":"https:\/\/fundesplai.org\/explorarcatalunya\/","name":"Explorar Catalunya","description":"Proposta educativa de Fundesplai","potentialAction":[{"@type":"SearchAction","target":{"@type":"EntryPoint","urlTemplate":"https:\/\/fundesplai.org\/explorarcatalunya\/?s={search_term_string}"},"query-input":{"@type":"PropertyValueSpecification","valueRequired":true,"valueName":"search_term_string"}}],"inLanguage":"ca"}]}},"_links":{"self":[{"href":"https:\/\/fundesplai.org\/explorarcatalunya\/wp-json\/wp\/v2\/pages\/9","targetHints":{"allow":["GET"]}}],"collection":[{"href":"https:\/\/fundesplai.org\/explorarcatalunya\/wp-json\/wp\/v2\/pages"}],"about":[{"href":"https:\/\/fundesplai.org\/explorarcatalunya\/wp-json\/wp\/v2\/types\/page"}],"author":[{"embeddable":true,"href":"https:\/\/fundesplai.org\/explorarcatalunya\/wp-json\/wp\/v2\/users\/4"}],"replies":[{"embeddable":true,"href":"https:\/\/fundesplai.org\/explorarcatalunya\/wp-json\/wp\/v2\/comments?post=9"}],"version-history":[{"count":4,"href":"https:\/\/fundesplai.org\/explorarcatalunya\/wp-json\/wp\/v2\/pages\/9\/revisions"}],"predecessor-version":[{"id":53,"href":"https:\/\/fundesplai.org\/explorarcatalunya\/wp-json\/wp\/v2\/pages\/9\/revisions\/53"}],"wp:attachment":[{"href":"https:\/\/fundesplai.org\/explorarcatalunya\/wp-json\/wp\/v2\/media?parent=9"}],"curies":[{"name":"wp","href":"https:\/\/api.w.org\/{rel}","templated":true}]}}