{"id":7,"date":"2021-08-24T15:08:15","date_gmt":"2021-08-24T13:08:15","guid":{"rendered":"https:\/\/fundesplai.org\/explorarcatalunya\/?page_id=7"},"modified":"2021-10-25T12:16:06","modified_gmt":"2021-10-25T10:16:06","slug":"per-als-monitors-es","status":"publish","type":"page","link":"https:\/\/fundesplai.org\/explorarcatalunya\/per-als-monitors-es\/","title":{"rendered":"Per als monitors\/es"},"content":{"rendered":"[et_pb_section fb_built=&#8221;1&#8243; _builder_version=&#8221;3.22&#8243; global_colors_info=&#8221;{}&#8221;][et_pb_row _builder_version=&#8221;3.25&#8243; background_size=&#8221;initial&#8221; background_position=&#8221;top_left&#8221; background_repeat=&#8221;repeat&#8221; global_colors_info=&#8221;{}&#8221;][et_pb_column type=&#8221;4_4&#8243; _builder_version=&#8221;3.25&#8243; custom_padding=&#8221;|||&#8221; global_colors_info=&#8221;{}&#8221; custom_padding__hover=&#8221;|||&#8221;][et_pb_post_title _builder_version=&#8221;4.10.5&#8243; _module_preset=&#8221;default&#8221; meta=&#8221;off&#8221; featured_image=&#8221;off&#8221; hover_enabled=&#8221;0&#8243; sticky_enabled=&#8221;0&#8243;][\/et_pb_post_title][et_pb_text _builder_version=&#8221;3.27.4&#8243; background_size=&#8221;initial&#8221; background_position=&#8221;top_left&#8221; background_repeat=&#8221;repeat&#8221; global_colors_info=&#8221;{}&#8221;]\r\n<p>Monitors i monitores<\/p>\r\n\r\n\r\n\r\n<p>Materials pedag\u00f2gics<\/p>\r\n\r\n\r\n\r\n<p>Us presentem un conjunt de materials pedag\u00f2gics sobre excursionisme, lleure i educaci\u00f3. Hem combinat, seguint una estructura l\u00f2gica, materials de nova creaci\u00f3<br \/>amb d&#8217;altres que pertanyen al programa pedag\u00f2gic Explorar Catalunya (1995) i la col\u00b7lecci\u00f3 de llibres &#8220;Explorar Catalunya, Viure la identitat i la diversitat a<br \/>trav\u00e9s del paisatge&#8221; (2002).<br \/>Objectius generals de la proposta . Per aprofundir en aquest \u00e0mbit us adrecem als seg\u00fcents documents on trobareu els objectius educatius agrupats per edats:<br \/>Objectius per a nens i nenes de 3 a 8 anys<br \/>Objectius per a nois i noies de 9 a 12 anys<br \/>Objectius per a joves de 13 a 17 anys<br \/>Fitxes valors i excursionisme<br \/>Com treballar les excursions<br \/>Centre d&#8217;inter\u00e8s. Posem a la vostra disposici\u00f3 un seguit de mitjans i recursos educatius per l&#8217;\u00f2ptima aplicaci\u00f3 d&#8217;aquesta proposta. Tamb\u00e9 podeu disposar dels 4 centres d&#8217;inter\u00e8s que es van desenvolupar en el programa pedag\u00f2gic Explorar Catalunya el 1995:<br \/>El gat amb botes busca casa a Catalunya\u2026<br \/>Els missatges d&#8217;en Massagran\u2026<br \/>Els catalan mysteries\u2026<br \/>Explorar i compartir\u2026<br \/>Les can\u00e7ons de la proposta educativa<br \/>Materials de consulta<\/p>\r\n\r\n\r\n\r\n<p>Seminaris formatius<\/p>\r\n\r\n\r\n\r\n<p>Realitzaci\u00f3 de diversos seminaris formatius sobre excursionisme. Aquesta proposta es coordina a trav\u00e9s del Centre d\u2019Estudis de l\u2019Esplai, l\u2019Aula del Vall\u00e8s i les diferents comissions i f\u00f2rums educatius existents en la Federaci\u00f3 Catalana de l&#8217;Esplai. El seu objectiu \u00e9s assegurar una formaci\u00f3 b\u00e0sica i elemental en l\u2019\u00e0mbit de l\u2019excursionisme per als monitors i monitores.<br \/>Veure calendari de formaci\u00f3.<\/p>\r\n\r\n\r\n\r\n<p>Rutes<\/p>\r\n\r\n\r\n\r\n<p>Cicle de rutes Explorar Catalunya. Al llarg del proper curs es duran a terme un total de 4 rutes guiades a diferents indrets de la nostra geografia per tal de gaudir de la descoberta del territori a trav\u00e9s de l\u2019excursionisme. En aquest sentit, cada excursi\u00f3 tindr\u00e0 un fil conductor diferenciat que ens facilitar\u00e0 la descoberta de cada territori des de diferents punts de vista.<\/p>\r\n\r\n\r\n\r\n<p>Aquests centres d\u2019inter\u00e8s s\u00f3n els seg\u00fcents:<\/p>\r\n\r\n\r\n\r\n<p>A la recerca del Trencal\u00f3s: Excursi\u00f3 pel Congost de Collegats adre\u00e7ada als amants de la natura on l\u2019objectiu final \u00e9s contemplar aquesta joia de la natura que \u00e9s el Trencal\u00f3s.<\/p>\r\n\r\n\r\n\r\n<p>La muntanya hivernal: Excursi\u00f3 adre\u00e7ada a persones amb una certa experi\u00e8ncia a la muntanya i amb una m\u00ednima forma f\u00edsica. Descobrirem la muntanya a l\u2019hivern, la utilitzaci\u00f3 dels grampons i el piolet, i gaudirem de les meravelloses vistes des del cim del Gra de Fajol.<\/p>\r\n\r\n\r\n\r\n<p>En bicicleta per la Ruta del Ferro: Excursi\u00f3 adre\u00e7ada a aquelles persones que gaudeixen del mitj\u00e0 de transport ecol\u00f2gic per excel\u00b7l\u00e8ncia que \u00e9s la bicicleta. Anirem des d\u2019Ogassa fins Ripoll en una tranquil\u00b7la excursi\u00f3 apta per tothom, on descobrirem el passat ferroviari i miner de la zona.<\/p>\r\n\r\n\r\n\r\n<p>Els Follets del bosc: Qui no ha sentit alguna vegada una hist\u00f2ria de follets? Qui no s\u2019ha sentit atret pels bolets i la seva m\u00e0gia? En aquesta sortida gaudirem del bosc a la tardor, escoltarem hist\u00f2ries de follets i aprendrem a con\u00e8ixer algunes de les esp\u00e8cies de bolets m\u00e9s habituals dels nostres boscos.<\/p>\r\n\r\n\r\n\r\n<p>Ben aviat, us oferirem el calendari d&#8217;aquestes rutes.<\/p>\r\n\r[\/et_pb_text][\/et_pb_column][\/et_pb_row][\/et_pb_section]","protected":false},"excerpt":{"rendered":"<p>Monitors i monitores Materials pedag\u00f2gics Us presentem un conjunt de materials pedag\u00f2gics sobre excursionisme, lleure i educaci\u00f3. Hem combinat, seguint una estructura l\u00f2gica, materials de nova creaci\u00f3amb d&#8217;altres que pertanyen al programa pedag\u00f2gic Explorar Catalunya (1995) i la col\u00b7lecci\u00f3 de llibres &#8220;Explorar Catalunya, Viure la identitat i la diversitat atrav\u00e9s del paisatge&#8221; (2002).Objectius generals de [&hellip;]<\/p>\n","protected":false},"author":4,"featured_media":0,"parent":0,"menu_order":0,"comment_status":"closed","ping_status":"closed","template":"","meta":{"_et_pb_use_builder":"on","_et_pb_old_content":"<!-- wp:paragraph -->\r\n<p>Monitors i monitores<\/p>\r\n<!-- \/wp:paragraph --><!-- wp:paragraph -->\r\n<p>Materials pedag\u00f2gics<\/p>\r\n<!-- \/wp:paragraph --><!-- wp:paragraph -->\r\n<p>Us presentem un conjunt de materials pedag\u00f2gics sobre excursionisme, lleure i educaci\u00f3. Hem combinat, seguint una estructura l\u00f2gica, materials de nova creaci\u00f3<br \/>amb d'altres que pertanyen al programa pedag\u00f2gic Explorar Catalunya (1995) i la col\u00b7lecci\u00f3 de llibres \"Explorar Catalunya, Viure la identitat i la diversitat a<br \/>trav\u00e9s del paisatge\" (2002).<br \/>Objectius generals de la proposta . Per aprofundir en aquest \u00e0mbit us adrecem als seg\u00fcents documents on trobareu els objectius educatius agrupats per edats:<br \/>Objectius per a nens i nenes de 3 a 8 anys<br \/>Objectius per a nois i noies de 9 a 12 anys<br \/>Objectius per a joves de 13 a 17 anys<br \/>Fitxes valors i excursionisme<br \/>Com treballar les excursions<br \/>Centre d'inter\u00e8s. Posem a la vostra disposici\u00f3 un seguit de mitjans i recursos educatius per l'\u00f2ptima aplicaci\u00f3 d'aquesta proposta. Tamb\u00e9 podeu disposar dels 4 centres d'inter\u00e8s que es van desenvolupar en el programa pedag\u00f2gic Explorar Catalunya el 1995:<br \/>El gat amb botes busca casa a Catalunya\u2026<br \/>Els missatges d'en Massagran\u2026<br \/>Els catalan mysteries\u2026<br \/>Explorar i compartir\u2026<br \/>Les can\u00e7ons de la proposta educativa<br \/>Materials de consulta<\/p>\r\n<!-- \/wp:paragraph --><!-- wp:paragraph -->\r\n<p>Seminaris formatius<\/p>\r\n<!-- \/wp:paragraph --><!-- wp:paragraph -->\r\n<p>Realitzaci\u00f3 de diversos seminaris formatius sobre excursionisme. Aquesta proposta es coordina a trav\u00e9s del Centre d\u2019Estudis de l\u2019Esplai, l\u2019Aula del Vall\u00e8s i les diferents comissions i f\u00f2rums educatius existents en la Federaci\u00f3 Catalana de l'Esplai. El seu objectiu \u00e9s assegurar una formaci\u00f3 b\u00e0sica i elemental en l\u2019\u00e0mbit de l\u2019excursionisme per als monitors i monitores.<br \/>Veure calendari de formaci\u00f3.<\/p>\r\n<!-- \/wp:paragraph --><!-- wp:paragraph -->\r\n<p>Rutes<\/p>\r\n<!-- \/wp:paragraph --><!-- wp:paragraph -->\r\n<p>Cicle de rutes Explorar Catalunya. Al llarg del proper curs es duran a terme un total de 4 rutes guiades a diferents indrets de la nostra geografia per tal de gaudir de la descoberta del territori a trav\u00e9s de l\u2019excursionisme. En aquest sentit, cada excursi\u00f3 tindr\u00e0 un fil conductor diferenciat que ens facilitar\u00e0 la descoberta de cada territori des de diferents punts de vista.<\/p>\r\n<!-- \/wp:paragraph --><!-- wp:paragraph -->\r\n<p>Aquests centres d\u2019inter\u00e8s s\u00f3n els seg\u00fcents:<\/p>\r\n<!-- \/wp:paragraph --><!-- wp:paragraph -->\r\n<p>A la recerca del Trencal\u00f3s: Excursi\u00f3 pel Congost de Collegats adre\u00e7ada als amants de la natura on l\u2019objectiu final \u00e9s contemplar aquesta joia de la natura que \u00e9s el Trencal\u00f3s.<\/p>\r\n<!-- \/wp:paragraph --><!-- wp:paragraph -->\r\n<p>La muntanya hivernal: Excursi\u00f3 adre\u00e7ada a persones amb una certa experi\u00e8ncia a la muntanya i amb una m\u00ednima forma f\u00edsica. Descobrirem la muntanya a l\u2019hivern, la utilitzaci\u00f3 dels grampons i el piolet, i gaudirem de les meravelloses vistes des del cim del Gra de Fajol.<\/p>\r\n<!-- \/wp:paragraph --><!-- wp:paragraph -->\r\n<p>En bicicleta per la Ruta del Ferro: Excursi\u00f3 adre\u00e7ada a aquelles persones que gaudeixen del mitj\u00e0 de transport ecol\u00f2gic per excel\u00b7l\u00e8ncia que \u00e9s la bicicleta. Anirem des d\u2019Ogassa fins Ripoll en una tranquil\u00b7la excursi\u00f3 apta per tothom, on descobrirem el passat ferroviari i miner de la zona.<\/p>\r\n<!-- \/wp:paragraph --><!-- wp:paragraph -->\r\n<p>Els Follets del bosc: Qui no ha sentit alguna vegada una hist\u00f2ria de follets? Qui no s\u2019ha sentit atret pels bolets i la seva m\u00e0gia? En aquesta sortida gaudirem del bosc a la tardor, escoltarem hist\u00f2ries de follets i aprendrem a con\u00e8ixer algunes de les esp\u00e8cies de bolets m\u00e9s habituals dels nostres boscos.<\/p>\r\n<!-- \/wp:paragraph --><!-- wp:paragraph -->\r\n<p>Ben aviat, us oferirem el calendari d'aquestes rutes.<\/p>\r\n<!-- \/wp:paragraph -->","_et_gb_content_width":"1200","footnotes":""},"class_list":["post-7","page","type-page","status-publish","hentry"],"yoast_head":"<!-- This site is optimized with the Yoast SEO plugin v27.3 - https:\/\/yoast.com\/product\/yoast-seo-wordpress\/ -->\n<title>Per als monitors\/es - Explorar Catalunya<\/title>\n<meta name=\"robots\" content=\"index, follow, max-snippet:-1, max-image-preview:large, max-video-preview:-1\" \/>\n<link rel=\"canonical\" href=\"https:\/\/fundesplai.org\/explorarcatalunya\/per-als-monitors-es\/\" \/>\n<meta property=\"og:locale\" content=\"ca_ES\" \/>\n<meta property=\"og:type\" content=\"article\" \/>\n<meta property=\"og:title\" content=\"Per als monitors\/es - Explorar Catalunya\" \/>\n<meta property=\"og:description\" content=\"Monitors i monitores Materials pedag\u00f2gics Us presentem un conjunt de materials pedag\u00f2gics sobre excursionisme, lleure i educaci\u00f3. Hem combinat, seguint una estructura l\u00f2gica, materials de nova creaci\u00f3amb d&#039;altres que pertanyen al programa pedag\u00f2gic Explorar Catalunya (1995) i la col\u00b7lecci\u00f3 de llibres &quot;Explorar Catalunya, Viure la identitat i la diversitat atrav\u00e9s del paisatge&quot; (2002).Objectius generals de [&hellip;]\" \/>\n<meta property=\"og:url\" content=\"https:\/\/fundesplai.org\/explorarcatalunya\/per-als-monitors-es\/\" \/>\n<meta property=\"og:site_name\" content=\"Explorar Catalunya\" \/>\n<meta property=\"article:modified_time\" content=\"2021-10-25T10:16:06+00:00\" \/>\n<meta name=\"twitter:card\" content=\"summary_large_image\" \/>\n<meta name=\"twitter:label1\" content=\"Temps estimat de lectura\" \/>\n\t<meta name=\"twitter:data1\" content=\"3 minuts\" \/>\n<script type=\"application\/ld+json\" class=\"yoast-schema-graph\">{\"@context\":\"https:\\\/\\\/schema.org\",\"@graph\":[{\"@type\":\"WebPage\",\"@id\":\"https:\\\/\\\/fundesplai.org\\\/explorarcatalunya\\\/per-als-monitors-es\\\/\",\"url\":\"https:\\\/\\\/fundesplai.org\\\/explorarcatalunya\\\/per-als-monitors-es\\\/\",\"name\":\"Per als monitors\\\/es - Explorar Catalunya\",\"isPartOf\":{\"@id\":\"https:\\\/\\\/fundesplai.org\\\/explorarcatalunya\\\/#website\"},\"datePublished\":\"2021-08-24T13:08:15+00:00\",\"dateModified\":\"2021-10-25T10:16:06+00:00\",\"breadcrumb\":{\"@id\":\"https:\\\/\\\/fundesplai.org\\\/explorarcatalunya\\\/per-als-monitors-es\\\/#breadcrumb\"},\"inLanguage\":\"ca\",\"potentialAction\":[{\"@type\":\"ReadAction\",\"target\":[\"https:\\\/\\\/fundesplai.org\\\/explorarcatalunya\\\/per-als-monitors-es\\\/\"]}]},{\"@type\":\"BreadcrumbList\",\"@id\":\"https:\\\/\\\/fundesplai.org\\\/explorarcatalunya\\\/per-als-monitors-es\\\/#breadcrumb\",\"itemListElement\":[{\"@type\":\"ListItem\",\"position\":1,\"name\":\"Inici\",\"item\":\"\\\/\"},{\"@type\":\"ListItem\",\"position\":2,\"name\":\"Explorar Catalunya\",\"item\":\"https:\\\/\\\/fundesplai.org\\\/explorarcatalunya\"},{\"@type\":\"ListItem\",\"position\":3,\"name\":\"Per als monitors\\\/es\"}]},{\"@type\":\"WebSite\",\"@id\":\"https:\\\/\\\/fundesplai.org\\\/explorarcatalunya\\\/#website\",\"url\":\"https:\\\/\\\/fundesplai.org\\\/explorarcatalunya\\\/\",\"name\":\"Explorar Catalunya\",\"description\":\"Proposta educativa de Fundesplai\",\"potentialAction\":[{\"@type\":\"SearchAction\",\"target\":{\"@type\":\"EntryPoint\",\"urlTemplate\":\"https:\\\/\\\/fundesplai.org\\\/explorarcatalunya\\\/?s={search_term_string}\"},\"query-input\":{\"@type\":\"PropertyValueSpecification\",\"valueRequired\":true,\"valueName\":\"search_term_string\"}}],\"inLanguage\":\"ca\"}]}<\/script>\n<!-- \/ Yoast SEO plugin. -->","yoast_head_json":{"title":"Per als monitors\/es - Explorar Catalunya","robots":{"index":"index","follow":"follow","max-snippet":"max-snippet:-1","max-image-preview":"max-image-preview:large","max-video-preview":"max-video-preview:-1"},"canonical":"https:\/\/fundesplai.org\/explorarcatalunya\/per-als-monitors-es\/","og_locale":"ca_ES","og_type":"article","og_title":"Per als monitors\/es - Explorar Catalunya","og_description":"Monitors i monitores Materials pedag\u00f2gics Us presentem un conjunt de materials pedag\u00f2gics sobre excursionisme, lleure i educaci\u00f3. Hem combinat, seguint una estructura l\u00f2gica, materials de nova creaci\u00f3amb d'altres que pertanyen al programa pedag\u00f2gic Explorar Catalunya (1995) i la col\u00b7lecci\u00f3 de llibres \"Explorar Catalunya, Viure la identitat i la diversitat atrav\u00e9s del paisatge\" (2002).Objectius generals de [&hellip;]","og_url":"https:\/\/fundesplai.org\/explorarcatalunya\/per-als-monitors-es\/","og_site_name":"Explorar Catalunya","article_modified_time":"2021-10-25T10:16:06+00:00","twitter_card":"summary_large_image","twitter_misc":{"Temps estimat de lectura":"3 minuts"},"schema":{"@context":"https:\/\/schema.org","@graph":[{"@type":"WebPage","@id":"https:\/\/fundesplai.org\/explorarcatalunya\/per-als-monitors-es\/","url":"https:\/\/fundesplai.org\/explorarcatalunya\/per-als-monitors-es\/","name":"Per als monitors\/es - Explorar Catalunya","isPartOf":{"@id":"https:\/\/fundesplai.org\/explorarcatalunya\/#website"},"datePublished":"2021-08-24T13:08:15+00:00","dateModified":"2021-10-25T10:16:06+00:00","breadcrumb":{"@id":"https:\/\/fundesplai.org\/explorarcatalunya\/per-als-monitors-es\/#breadcrumb"},"inLanguage":"ca","potentialAction":[{"@type":"ReadAction","target":["https:\/\/fundesplai.org\/explorarcatalunya\/per-als-monitors-es\/"]}]},{"@type":"BreadcrumbList","@id":"https:\/\/fundesplai.org\/explorarcatalunya\/per-als-monitors-es\/#breadcrumb","itemListElement":[{"@type":"ListItem","position":1,"name":"Inici","item":"\/"},{"@type":"ListItem","position":2,"name":"Explorar Catalunya","item":"https:\/\/fundesplai.org\/explorarcatalunya"},{"@type":"ListItem","position":3,"name":"Per als monitors\/es"}]},{"@type":"WebSite","@id":"https:\/\/fundesplai.org\/explorarcatalunya\/#website","url":"https:\/\/fundesplai.org\/explorarcatalunya\/","name":"Explorar Catalunya","description":"Proposta educativa de Fundesplai","potentialAction":[{"@type":"SearchAction","target":{"@type":"EntryPoint","urlTemplate":"https:\/\/fundesplai.org\/explorarcatalunya\/?s={search_term_string}"},"query-input":{"@type":"PropertyValueSpecification","valueRequired":true,"valueName":"search_term_string"}}],"inLanguage":"ca"}]}},"_links":{"self":[{"href":"https:\/\/fundesplai.org\/explorarcatalunya\/wp-json\/wp\/v2\/pages\/7","targetHints":{"allow":["GET"]}}],"collection":[{"href":"https:\/\/fundesplai.org\/explorarcatalunya\/wp-json\/wp\/v2\/pages"}],"about":[{"href":"https:\/\/fundesplai.org\/explorarcatalunya\/wp-json\/wp\/v2\/types\/page"}],"author":[{"embeddable":true,"href":"https:\/\/fundesplai.org\/explorarcatalunya\/wp-json\/wp\/v2\/users\/4"}],"replies":[{"embeddable":true,"href":"https:\/\/fundesplai.org\/explorarcatalunya\/wp-json\/wp\/v2\/comments?post=7"}],"version-history":[{"count":3,"href":"https:\/\/fundesplai.org\/explorarcatalunya\/wp-json\/wp\/v2\/pages\/7\/revisions"}],"predecessor-version":[{"id":50,"href":"https:\/\/fundesplai.org\/explorarcatalunya\/wp-json\/wp\/v2\/pages\/7\/revisions\/50"}],"wp:attachment":[{"href":"https:\/\/fundesplai.org\/explorarcatalunya\/wp-json\/wp\/v2\/media?parent=7"}],"curies":[{"name":"wp","href":"https:\/\/api.w.org\/{rel}","templated":true}]}}