{"id":67,"date":"2023-02-24T12:02:13","date_gmt":"2023-02-24T11:02:13","guid":{"rendered":"https:\/\/fundesplai.org\/explorarcatalunya\/?page_id=67"},"modified":"2023-02-24T12:49:57","modified_gmt":"2023-02-24T11:49:57","slug":"presentacio","status":"publish","type":"page","link":"https:\/\/fundesplai.org\/explorarcatalunya\/","title":{"rendered":"Presentaci\u00f3"},"content":{"rendered":"<p>[et_pb_section fb_built=&#8221;1&#8243; fullwidth=&#8221;on&#8221; _builder_version=&#8221;4.19.0&#8243; _module_preset=&#8221;default&#8221; global_colors_info=&#8221;{}&#8221;][et_pb_fullwidth_image src=&#8221;https:\/\/fundesplai.org\/explorarcatalunya\/wp-content\/uploads\/sites\/10\/2023\/02\/portada_explorarcatalunya2.jpg&#8221; title_text=&#8221;portada_explorarcatalunya2&#8243; _builder_version=&#8221;4.19.0&#8243; _module_preset=&#8221;default&#8221; hover_enabled=&#8221;0&#8243; global_colors_info=&#8221;{}&#8221; sticky_enabled=&#8221;0&#8243;][\/et_pb_fullwidth_image][\/et_pb_section][et_pb_section fb_built=&#8221;1&#8243; _builder_version=&#8221;4.19.0&#8243; _module_preset=&#8221;default&#8221; global_colors_info=&#8221;{}&#8221;][et_pb_row _builder_version=&#8221;4.19.0&#8243; _module_preset=&#8221;default&#8221; global_colors_info=&#8221;{}&#8221;][et_pb_column type=&#8221;4_4&#8243; _builder_version=&#8221;4.19.0&#8243; _module_preset=&#8221;default&#8221; global_colors_info=&#8221;{}&#8221;][et_pb_text _builder_version=&#8221;4.19.0&#8243; _module_preset=&#8221;default&#8221; global_colors_info=&#8221;{}&#8221;]<\/p>\n<h2 style=\"text-align: center\">Qu\u00e8 \u00e9s?<\/h2>\n<p style=\"text-align: center\"><strong>Explorar Catalunya \u00e9s una proposta educativa de Fundesplai, creada durant els anys 2004-2005<\/strong>. Consisteix en una s\u00e8rie d&#8217;activitats i programes educatius que es desenvolupen en diferents llocs de Catalunya, com ara espais naturals protegits, ciutats hist\u00f2riques i llocs emblem\u00e0tics, i que permeten als participants aprendre sobre la hist\u00f2ria, la cultura i la natura de Catalunya d&#8217;una manera divertida i educativa.<\/p>\n<p style=\"text-align: center\">Entre les activitats que s&#8217;ofereixen a &#8220;Explorar Catalunya&#8221; es troben excursions, rutes culturals, tallers mediambientals, activitats esportives i d&#8217;oci, i programes d&#8217;educaci\u00f3 en valors i cooperaci\u00f3. Aquests programes estan dissenyats per a grups de nens, joves i adults, i s&#8217;adapten a diferents edats i nivells de coneixement.<\/p>\n<p style=\"text-align: center\">Un dels aspectes m\u00e9s destacats d&#8217;aquesta proposta educativa \u00e9s el seu enfocament en l&#8217;educaci\u00f3 en valors, com ara la cooperaci\u00f3, la conviv\u00e8ncia, el respecte a la diversitat, la sostenibilitat i la responsabilitat social. D&#8217;aquesta manera, &#8220;Explorar Catalunya&#8221; no nom\u00e9s fomenta el coneixement i l&#8217;exploraci\u00f3 del territori catal\u00e0, sin\u00f3 que tamb\u00e9 promou el desenvolupament integral dels participants com a ciutadans cr\u00edtics, compromesos i responsables.<\/p>\n<p>[\/et_pb_text][\/et_pb_column][\/et_pb_row][\/et_pb_section][et_pb_section fb_built=&#8221;1&#8243; _builder_version=&#8221;4.17.4&#8243; _module_preset=&#8221;default&#8221; locked=&#8221;off&#8221; global_colors_info=&#8221;{}&#8221;][et_pb_row _builder_version=&#8221;4.17.4&#8243; _module_preset=&#8221;default&#8221; locked=&#8221;off&#8221; global_colors_info=&#8221;{}&#8221;][et_pb_column type=&#8221;4_4&#8243; _builder_version=&#8221;4.17.4&#8243; _module_preset=&#8221;default&#8221; global_colors_info=&#8221;{}&#8221;][et_pb_text admin_label=&#8221;Objectius&#8221; _builder_version=&#8221;4.19.0&#8243; _module_preset=&#8221;default&#8221; custom_margin=&#8221;40px||30px||false|false&#8221; global_colors_info=&#8221;{}&#8221;]<\/p>\n<h2>Objectius de la proposta<\/h2>\n<p>Els objectius educatius generals de la proposta \u00c0gora s\u2019articulen al voltant dels quatre valors humans de la Fundaci\u00f3 Catalana de l\u2019Esplai:<\/p>\n<p>[\/et_pb_text][\/et_pb_column][\/et_pb_row][et_pb_row column_structure=&#8221;1_2,1_2&#8243; use_custom_gutter=&#8221;on&#8221; gutter_width=&#8221;4&#8243; module_class=&#8221;graella-icona-circular-giratoria&#8221; _builder_version=&#8221;4.17.4&#8243; locked=&#8221;off&#8221; global_colors_info=&#8221;{}&#8221;][et_pb_column type=&#8221;1_2&#8243; _builder_version=&#8221;4.16&#8243; custom_padding=&#8221;|||&#8221; global_colors_info=&#8221;{}&#8221; custom_padding__hover=&#8221;|||&#8221;][et_pb_blurb title=&#8221;Infants i joves&#8221; use_icon=&#8221;on&#8221; font_icon=&#8221;&#xe59d;||fa||900&#8243; icon_color=&#8221;#333333&#8243; icon_placement=&#8221;left&#8221; _builder_version=&#8221;4.19.0&#8243; custom_margin=&#8221;||0px|&#8221; z_index_tablet=&#8221;500&#8243; global_colors_info=&#8221;{}&#8221;]<\/p>\n<p>Fer excursions <strong>amb els infants i joves \u00e9s una oportunitat per educar en els valors humans<\/strong>, eix fonamental del projecte educatiu dels centres d\u2019esplai.<\/p>\n<p>[\/et_pb_blurb][\/et_pb_column][et_pb_column type=&#8221;1_2&#8243; _builder_version=&#8221;4.16&#8243; custom_padding=&#8221;|||&#8221; global_colors_info=&#8221;{}&#8221; custom_padding__hover=&#8221;|||&#8221;][et_pb_blurb title=&#8221;Plantejament pedag\u00f2gic&#8221; use_icon=&#8221;on&#8221; font_icon=&#8221;&#xf4ad;||fa||900&#8243; icon_color=&#8221;#333333&#8243; icon_placement=&#8221;left&#8221; _builder_version=&#8221;4.19.0&#8243; custom_margin=&#8221;||0px|&#8221; z_index_tablet=&#8221;500&#8243; global_colors_info=&#8221;{}&#8221;]<\/p>\n<p>Qualificar el plantejament pedag\u00f2gic de les excursions contribueix ineludiblement a <strong>refor\u00e7ar i enriquir els projectes educatius de cada centre<\/strong>.<\/p>\n<p>[\/et_pb_blurb][\/et_pb_column][\/et_pb_row][et_pb_row column_structure=&#8221;1_2,1_2&#8243; use_custom_gutter=&#8221;on&#8221; gutter_width=&#8221;4&#8243; module_class=&#8221;graella-icona-circular-giratoria&#8221; _builder_version=&#8221;4.17.4&#8243; locked=&#8221;off&#8221; global_colors_info=&#8221;{}&#8221;][et_pb_column type=&#8221;1_2&#8243; _builder_version=&#8221;4.16&#8243; custom_padding=&#8221;|||&#8221; global_colors_info=&#8221;{}&#8221; custom_padding__hover=&#8221;|||&#8221;][et_pb_blurb title=&#8221;Cultura i identitat&#8221; use_icon=&#8221;on&#8221; font_icon=&#8221;&#xf00c;||fa||900&#8243; icon_color=&#8221;#333333&#8243; icon_placement=&#8221;left&#8221; _builder_version=&#8221;4.19.0&#8243; custom_margin=&#8221;||0px|&#8221; z_index_tablet=&#8221;500&#8243; global_colors_info=&#8221;{}&#8221;]<\/p>\n<p>Fer excursions ens possibilita<strong> fruir de la cultura i identitat catalanes en un context l\u00fadic<\/strong>, de conviv\u00e8ncia i toler\u00e0ncia, a trav\u00e9s del coneixement directe del territori i del treball de les seves llegendes i tradicions.<\/p>\n<p>[\/et_pb_blurb][\/et_pb_column][et_pb_column type=&#8221;1_2&#8243; _builder_version=&#8221;4.16&#8243; custom_padding=&#8221;|||&#8221; global_colors_info=&#8221;{}&#8221; custom_padding__hover=&#8221;|||&#8221;][et_pb_blurb title=&#8221;Formaci\u00f3&#8221; use_icon=&#8221;on&#8221; font_icon=&#8221;&#xf5d4;||fa||900&#8243; icon_color=&#8221;#333333&#8243; icon_placement=&#8221;left&#8221; _builder_version=&#8221;4.19.0&#8243; custom_margin=&#8221;||0px|&#8221; z_index_tablet=&#8221;500&#8243; global_colors_info=&#8221;{}&#8221;]<\/p>\n<p>\u00c9s una prioritat <strong>potenciar la formaci\u00f3 i els recursos dels equips de monitors i monitores<\/strong> en l\u2019\u00e0mbit de l\u2019excursionisme.<\/p>\n<p>[\/et_pb_blurb][\/et_pb_column][\/et_pb_row][\/et_pb_section]<\/p>\n","protected":false},"excerpt":{"rendered":"<p>Qu\u00e8 \u00e9s? Explorar Catalunya \u00e9s una proposta educativa de Fundesplai, creada durant els anys 2004-2005. Consisteix en una s\u00e8rie d&#8217;activitats i programes educatius que es desenvolupen en diferents llocs de Catalunya, com ara espais naturals protegits, ciutats hist\u00f2riques i llocs emblem\u00e0tics, i que permeten als participants aprendre sobre la hist\u00f2ria, la cultura i la natura [&hellip;]<\/p>\n","protected":false},"author":27,"featured_media":0,"parent":0,"menu_order":0,"comment_status":"closed","ping_status":"closed","template":"","meta":{"_et_pb_use_builder":"on","_et_pb_old_content":"","_et_gb_content_width":"","footnotes":""},"class_list":["post-67","page","type-page","status-publish","hentry"],"yoast_head":"<!-- This site is optimized with the Yoast SEO plugin v27.5 - https:\/\/yoast.com\/product\/yoast-seo-wordpress\/ -->\n<title>Presentaci\u00f3 - Explorar Catalunya<\/title>\n<meta name=\"robots\" content=\"index, follow, max-snippet:-1, max-image-preview:large, max-video-preview:-1\" \/>\n<link rel=\"canonical\" href=\"https:\/\/fundesplai.org\/explorarcatalunya\/\" \/>\n<meta property=\"og:locale\" content=\"ca_ES\" \/>\n<meta property=\"og:type\" content=\"article\" \/>\n<meta property=\"og:title\" content=\"Presentaci\u00f3 - Explorar Catalunya\" \/>\n<meta property=\"og:description\" content=\"Qu\u00e8 \u00e9s? Explorar Catalunya \u00e9s una proposta educativa de Fundesplai, creada durant els anys 2004-2005. Consisteix en una s\u00e8rie d&#039;activitats i programes educatius que es desenvolupen en diferents llocs de Catalunya, com ara espais naturals protegits, ciutats hist\u00f2riques i llocs emblem\u00e0tics, i que permeten als participants aprendre sobre la hist\u00f2ria, la cultura i la natura [&hellip;]\" \/>\n<meta property=\"og:url\" content=\"https:\/\/fundesplai.org\/explorarcatalunya\/\" \/>\n<meta property=\"og:site_name\" content=\"Explorar Catalunya\" \/>\n<meta property=\"article:modified_time\" content=\"2023-02-24T11:49:57+00:00\" \/>\n<meta name=\"twitter:card\" content=\"summary_large_image\" \/>\n<meta name=\"twitter:label1\" content=\"Temps estimat de lectura\" \/>\n\t<meta name=\"twitter:data1\" content=\"4 minuts\" \/>\n<script type=\"application\/ld+json\" class=\"yoast-schema-graph\">{\"@context\":\"https:\\\/\\\/schema.org\",\"@graph\":[{\"@type\":\"WebPage\",\"@id\":\"https:\\\/\\\/fundesplai.org\\\/explorarcatalunya\\\/\",\"url\":\"https:\\\/\\\/fundesplai.org\\\/explorarcatalunya\\\/\",\"name\":\"Presentaci\u00f3 - Explorar Catalunya\",\"isPartOf\":{\"@id\":\"https:\\\/\\\/fundesplai.org\\\/explorarcatalunya\\\/#website\"},\"datePublished\":\"2023-02-24T11:02:13+00:00\",\"dateModified\":\"2023-02-24T11:49:57+00:00\",\"breadcrumb\":{\"@id\":\"https:\\\/\\\/fundesplai.org\\\/explorarcatalunya\\\/#breadcrumb\"},\"inLanguage\":\"ca\",\"potentialAction\":[{\"@type\":\"ReadAction\",\"target\":[\"https:\\\/\\\/fundesplai.org\\\/explorarcatalunya\\\/\"]}]},{\"@type\":\"BreadcrumbList\",\"@id\":\"https:\\\/\\\/fundesplai.org\\\/explorarcatalunya\\\/#breadcrumb\",\"itemListElement\":[{\"@type\":\"ListItem\",\"position\":1,\"name\":\"Inici\",\"item\":\"\\\/\"},{\"@type\":\"ListItem\",\"position\":2,\"name\":\"Explorar Catalunya\",\"item\":\"https:\\\/\\\/fundesplai.org\\\/explorarcatalunya\"},{\"@type\":\"ListItem\",\"position\":3,\"name\":\"Presentaci\u00f3\"}]},{\"@type\":\"WebSite\",\"@id\":\"https:\\\/\\\/fundesplai.org\\\/explorarcatalunya\\\/#website\",\"url\":\"https:\\\/\\\/fundesplai.org\\\/explorarcatalunya\\\/\",\"name\":\"Explorar Catalunya\",\"description\":\"Proposta educativa de Fundesplai\",\"potentialAction\":[{\"@type\":\"SearchAction\",\"target\":{\"@type\":\"EntryPoint\",\"urlTemplate\":\"https:\\\/\\\/fundesplai.org\\\/explorarcatalunya\\\/?s={search_term_string}\"},\"query-input\":{\"@type\":\"PropertyValueSpecification\",\"valueRequired\":true,\"valueName\":\"search_term_string\"}}],\"inLanguage\":\"ca\"}]}<\/script>\n<!-- \/ Yoast SEO plugin. -->","yoast_head_json":{"title":"Presentaci\u00f3 - Explorar Catalunya","robots":{"index":"index","follow":"follow","max-snippet":"max-snippet:-1","max-image-preview":"max-image-preview:large","max-video-preview":"max-video-preview:-1"},"canonical":"https:\/\/fundesplai.org\/explorarcatalunya\/","og_locale":"ca_ES","og_type":"article","og_title":"Presentaci\u00f3 - Explorar Catalunya","og_description":"Qu\u00e8 \u00e9s? Explorar Catalunya \u00e9s una proposta educativa de Fundesplai, creada durant els anys 2004-2005. Consisteix en una s\u00e8rie d'activitats i programes educatius que es desenvolupen en diferents llocs de Catalunya, com ara espais naturals protegits, ciutats hist\u00f2riques i llocs emblem\u00e0tics, i que permeten als participants aprendre sobre la hist\u00f2ria, la cultura i la natura [&hellip;]","og_url":"https:\/\/fundesplai.org\/explorarcatalunya\/","og_site_name":"Explorar Catalunya","article_modified_time":"2023-02-24T11:49:57+00:00","twitter_card":"summary_large_image","twitter_misc":{"Temps estimat de lectura":"4 minuts"},"schema":{"@context":"https:\/\/schema.org","@graph":[{"@type":"WebPage","@id":"https:\/\/fundesplai.org\/explorarcatalunya\/","url":"https:\/\/fundesplai.org\/explorarcatalunya\/","name":"Presentaci\u00f3 - Explorar Catalunya","isPartOf":{"@id":"https:\/\/fundesplai.org\/explorarcatalunya\/#website"},"datePublished":"2023-02-24T11:02:13+00:00","dateModified":"2023-02-24T11:49:57+00:00","breadcrumb":{"@id":"https:\/\/fundesplai.org\/explorarcatalunya\/#breadcrumb"},"inLanguage":"ca","potentialAction":[{"@type":"ReadAction","target":["https:\/\/fundesplai.org\/explorarcatalunya\/"]}]},{"@type":"BreadcrumbList","@id":"https:\/\/fundesplai.org\/explorarcatalunya\/#breadcrumb","itemListElement":[{"@type":"ListItem","position":1,"name":"Inici","item":"\/"},{"@type":"ListItem","position":2,"name":"Explorar Catalunya","item":"https:\/\/fundesplai.org\/explorarcatalunya"},{"@type":"ListItem","position":3,"name":"Presentaci\u00f3"}]},{"@type":"WebSite","@id":"https:\/\/fundesplai.org\/explorarcatalunya\/#website","url":"https:\/\/fundesplai.org\/explorarcatalunya\/","name":"Explorar Catalunya","description":"Proposta educativa de Fundesplai","potentialAction":[{"@type":"SearchAction","target":{"@type":"EntryPoint","urlTemplate":"https:\/\/fundesplai.org\/explorarcatalunya\/?s={search_term_string}"},"query-input":{"@type":"PropertyValueSpecification","valueRequired":true,"valueName":"search_term_string"}}],"inLanguage":"ca"}]}},"_links":{"self":[{"href":"https:\/\/fundesplai.org\/explorarcatalunya\/wp-json\/wp\/v2\/pages\/67","targetHints":{"allow":["GET"]}}],"collection":[{"href":"https:\/\/fundesplai.org\/explorarcatalunya\/wp-json\/wp\/v2\/pages"}],"about":[{"href":"https:\/\/fundesplai.org\/explorarcatalunya\/wp-json\/wp\/v2\/types\/page"}],"author":[{"embeddable":true,"href":"https:\/\/fundesplai.org\/explorarcatalunya\/wp-json\/wp\/v2\/users\/27"}],"replies":[{"embeddable":true,"href":"https:\/\/fundesplai.org\/explorarcatalunya\/wp-json\/wp\/v2\/comments?post=67"}],"version-history":[{"count":8,"href":"https:\/\/fundesplai.org\/explorarcatalunya\/wp-json\/wp\/v2\/pages\/67\/revisions"}],"predecessor-version":[{"id":80,"href":"https:\/\/fundesplai.org\/explorarcatalunya\/wp-json\/wp\/v2\/pages\/67\/revisions\/80"}],"wp:attachment":[{"href":"https:\/\/fundesplai.org\/explorarcatalunya\/wp-json\/wp\/v2\/media?parent=67"}],"curies":[{"name":"wp","href":"https:\/\/api.w.org\/{rel}","templated":true}]}}