{"id":5,"date":"2021-08-24T15:06:18","date_gmt":"2021-08-24T13:06:18","guid":{"rendered":"https:\/\/fundesplai.org\/explorarcatalunya\/?page_id=5"},"modified":"2021-11-03T10:07:58","modified_gmt":"2021-11-03T09:07:58","slug":"objectius","status":"publish","type":"page","link":"https:\/\/fundesplai.org\/explorarcatalunya\/objectius\/","title":{"rendered":"Objectius"},"content":{"rendered":"[et_pb_section fb_built=&#8221;1&#8243; admin_label=&#8221;section&#8221; _builder_version=&#8221;3.22&#8243; global_colors_info=&#8221;{}&#8221;][et_pb_row admin_label=&#8221;row&#8221; _builder_version=&#8221;3.25&#8243; background_size=&#8221;initial&#8221; background_position=&#8221;top_left&#8221; background_repeat=&#8221;repeat&#8221; global_colors_info=&#8221;{}&#8221;][et_pb_column type=&#8221;4_4&#8243; _builder_version=&#8221;3.25&#8243; custom_padding=&#8221;|||&#8221; global_colors_info=&#8221;{}&#8221; custom_padding__hover=&#8221;|||&#8221;][et_pb_text admin_label=&#8221;Text&#8221; _builder_version=&#8221;3.27.4&#8243; background_size=&#8221;initial&#8221; background_position=&#8221;top_left&#8221; background_repeat=&#8221;repeat&#8221; global_colors_info=&#8221;{}&#8221;]\n<p><\/p>\n\n\n\n<h2 class=\"wp-block-heading\">Una proposta educativa per fomentar l&#8217;excursionisme en els centres d&#8217;esplai<\/h2>\n\n\n\n<p>L\u2019excursionisme ha estat i \u00e9s una de les activitats b\u00e0siques en els centres d\u2019esplai, un dels trets d\u2019identitat m\u00e9s importants de l\u2019educaci\u00f3 en el lleure a Catalunya.<\/p>\n\n\n\n<p>L\u2019accent predominant de la pr\u00e0ctica excursionista als nostres centres d\u2019esplai ha estat la descoberta de l\u2019entorn natural. Per aix\u00f2 ha esdevingut una eina b\u00e0sica d\u2019educaci\u00f3 ambiental en el temps de lleure.<\/p>\n\n\n\n<p>El programa pedag\u00f2gic Explorar Catalunya desenvolupat al 1995, proposava fer un pas m\u00e9s en aquest sentit i endinsar-se en el treball de valors com la identitat i la diversitat cultural.<\/p>\n\n\n\n<p>Sense voler-nos desviar ni el m\u00e9s m\u00ednim d\u2019aquest cam\u00ed de coneixement i aprenentatge, enguany us fem una nova proposta que parteix de les anteriors per\u00f2 que us presenta nous i suggeridors reptes.<br>\u00c9s una proposta que contempla diverses actuacions que es desenvoluparan de forma paral\u00b7lela i que es fonamenten en les seg\u00fcents premisses b\u00e0siques:<\/p>\n\n\n\n<p>Fer excursions amb els infants i joves \u00e9s una oportunitat per educar en els valors humans, eix fonamental del projecte educatiu dels centres d\u2019esplai.<\/p>\n\n\n\n<p>Qualificar el plantejament pedag\u00f2gic de les excursions contribueix ineludiblement a refor\u00e7ar i enriquir els projectes educatius de cada centre.<\/p>\n\n\n\n<p>Fer excursions ens possibilita fruir de la cultura i identitat catalanes en un context l\u00fadic, de conviv\u00e8ncia i toler\u00e0ncia, a trav\u00e9s del coneixement directe del territori i del treball de les seves llegendes i tradicions.<\/p>\n\n\n\n<p>\u00c9s una prioritat potenciar la formaci\u00f3 i els recursos dels equips de monitors i monitores en l\u2019\u00e0mbit de l\u2019excursionisme.<\/p>\n[\/et_pb_text][\/et_pb_column][\/et_pb_row][\/et_pb_section]","protected":false},"excerpt":{"rendered":"<p>Una proposta educativa per fomentar l&#8217;excursionisme en els centres d&#8217;esplai L\u2019excursionisme ha estat i \u00e9s una de les activitats b\u00e0siques en els centres d\u2019esplai, un dels trets d\u2019identitat m\u00e9s importants de l\u2019educaci\u00f3 en el lleure a Catalunya. L\u2019accent predominant de la pr\u00e0ctica excursionista als nostres centres d\u2019esplai ha estat la descoberta de l\u2019entorn natural. Per [&hellip;]<\/p>\n","protected":false},"author":4,"featured_media":0,"parent":0,"menu_order":0,"comment_status":"closed","ping_status":"closed","template":"","meta":{"_et_pb_use_builder":"on","_et_pb_old_content":"<!-- wp:paragraph -->\r\n<p><\/p>\r\n<!-- \/wp:paragraph -->\r\n\r\n<!-- wp:heading -->\r\n<h2>Una proposta educativa per fomentar l'excursionisme en els centres d'esplai<\/h2>\r\n<!-- \/wp:heading -->\r\n\r\n<!-- wp:paragraph -->\r\n<p>L\u2019excursionisme ha estat i \u00e9s una de les activitats b\u00e0siques en els centres d\u2019esplai, un dels trets d\u2019identitat m\u00e9s importants de l\u2019educaci\u00f3 en el lleure a Catalunya.<\/p>\r\n<!-- \/wp:paragraph -->\r\n\r\n<!-- wp:paragraph -->\r\n<p>L\u2019accent predominant de la pr\u00e0ctica excursionista als nostres centres d\u2019esplai ha estat la descoberta de l\u2019entorn natural. Per aix\u00f2 ha esdevingut una eina b\u00e0sica d\u2019educaci\u00f3 ambiental en el temps de lleure.<\/p>\r\n<!-- \/wp:paragraph -->\r\n\r\n<!-- wp:paragraph -->\r\n<p>El programa pedag\u00f2gic Explorar Catalunya desenvolupat al 1995, proposava fer un pas m\u00e9s en aquest sentit i endinsar-se en el treball de valors com la identitat i la diversitat cultural.<\/p>\r\n<!-- \/wp:paragraph -->\r\n\r\n<!-- wp:paragraph -->\r\n<p>Sense voler-nos desviar ni el m\u00e9s m\u00ednim d\u2019aquest cam\u00ed de coneixement i aprenentatge, enguany us fem una nova proposta que parteix de les anteriors per\u00f2 que us presenta nous i suggeridors reptes.<br>\u00c9s una proposta que contempla diverses actuacions que es desenvoluparan de forma paral\u00b7lela i que es fonamenten en les seg\u00fcents premisses b\u00e0siques:<\/p>\r\n<!-- \/wp:paragraph -->\r\n\r\n<!-- wp:paragraph -->\r\n<p>Fer excursions amb els infants i joves \u00e9s una oportunitat per educar en els valors humans, eix fonamental del projecte educatiu dels centres d\u2019esplai.<\/p>\r\n<!-- \/wp:paragraph -->\r\n\r\n<!-- wp:paragraph -->\r\n<p>Qualificar el plantejament pedag\u00f2gic de les excursions contribueix ineludiblement a refor\u00e7ar i enriquir els projectes educatius de cada centre.<\/p>\r\n<!-- \/wp:paragraph -->\r\n\r\n<!-- wp:paragraph -->\r\n<p>Fer excursions ens possibilita fruir de la cultura i identitat catalanes en un context l\u00fadic, de conviv\u00e8ncia i toler\u00e0ncia, a trav\u00e9s del coneixement directe del territori i del treball de les seves llegendes i tradicions.<\/p>\r\n<!-- \/wp:paragraph -->\r\n\r\n<!-- wp:paragraph -->\r\n<p>\u00c9s una prioritat potenciar la formaci\u00f3 i els recursos dels equips de monitors i monitores en l\u2019\u00e0mbit de l\u2019excursionisme.<\/p>\r\n<!-- \/wp:paragraph -->","_et_gb_content_width":"1200","footnotes":""},"class_list":["post-5","page","type-page","status-publish","hentry"],"yoast_head":"<!-- This site is optimized with the Yoast SEO plugin v27.3 - https:\/\/yoast.com\/product\/yoast-seo-wordpress\/ -->\n<title>Objectius - Explorar Catalunya<\/title>\n<meta name=\"robots\" content=\"index, follow, max-snippet:-1, max-image-preview:large, max-video-preview:-1\" \/>\n<link rel=\"canonical\" href=\"https:\/\/fundesplai.org\/explorarcatalunya\/objectius\/\" \/>\n<meta property=\"og:locale\" content=\"ca_ES\" \/>\n<meta property=\"og:type\" content=\"article\" \/>\n<meta property=\"og:title\" content=\"Objectius - Explorar Catalunya\" \/>\n<meta property=\"og:description\" content=\"Una proposta educativa per fomentar l&#039;excursionisme en els centres d&#039;esplai L\u2019excursionisme ha estat i \u00e9s una de les activitats b\u00e0siques en els centres d\u2019esplai, un dels trets d\u2019identitat m\u00e9s importants de l\u2019educaci\u00f3 en el lleure a Catalunya. L\u2019accent predominant de la pr\u00e0ctica excursionista als nostres centres d\u2019esplai ha estat la descoberta de l\u2019entorn natural. Per [&hellip;]\" \/>\n<meta property=\"og:url\" content=\"https:\/\/fundesplai.org\/explorarcatalunya\/objectius\/\" \/>\n<meta property=\"og:site_name\" content=\"Explorar Catalunya\" \/>\n<meta property=\"article:modified_time\" content=\"2021-11-03T09:07:58+00:00\" \/>\n<meta name=\"twitter:card\" content=\"summary_large_image\" \/>\n<meta name=\"twitter:label1\" content=\"Temps estimat de lectura\" \/>\n\t<meta name=\"twitter:data1\" content=\"2 minuts\" \/>\n<script type=\"application\/ld+json\" class=\"yoast-schema-graph\">{\"@context\":\"https:\\\/\\\/schema.org\",\"@graph\":[{\"@type\":\"WebPage\",\"@id\":\"https:\\\/\\\/fundesplai.org\\\/explorarcatalunya\\\/objectius\\\/\",\"url\":\"https:\\\/\\\/fundesplai.org\\\/explorarcatalunya\\\/objectius\\\/\",\"name\":\"Objectius - Explorar Catalunya\",\"isPartOf\":{\"@id\":\"https:\\\/\\\/fundesplai.org\\\/explorarcatalunya\\\/#website\"},\"datePublished\":\"2021-08-24T13:06:18+00:00\",\"dateModified\":\"2021-11-03T09:07:58+00:00\",\"breadcrumb\":{\"@id\":\"https:\\\/\\\/fundesplai.org\\\/explorarcatalunya\\\/objectius\\\/#breadcrumb\"},\"inLanguage\":\"ca\",\"potentialAction\":[{\"@type\":\"ReadAction\",\"target\":[\"https:\\\/\\\/fundesplai.org\\\/explorarcatalunya\\\/objectius\\\/\"]}]},{\"@type\":\"BreadcrumbList\",\"@id\":\"https:\\\/\\\/fundesplai.org\\\/explorarcatalunya\\\/objectius\\\/#breadcrumb\",\"itemListElement\":[{\"@type\":\"ListItem\",\"position\":1,\"name\":\"Inici\",\"item\":\"\\\/\"},{\"@type\":\"ListItem\",\"position\":2,\"name\":\"Explorar Catalunya\",\"item\":\"https:\\\/\\\/fundesplai.org\\\/explorarcatalunya\"},{\"@type\":\"ListItem\",\"position\":3,\"name\":\"Objectius\"}]},{\"@type\":\"WebSite\",\"@id\":\"https:\\\/\\\/fundesplai.org\\\/explorarcatalunya\\\/#website\",\"url\":\"https:\\\/\\\/fundesplai.org\\\/explorarcatalunya\\\/\",\"name\":\"Explorar Catalunya\",\"description\":\"Proposta educativa de Fundesplai\",\"potentialAction\":[{\"@type\":\"SearchAction\",\"target\":{\"@type\":\"EntryPoint\",\"urlTemplate\":\"https:\\\/\\\/fundesplai.org\\\/explorarcatalunya\\\/?s={search_term_string}\"},\"query-input\":{\"@type\":\"PropertyValueSpecification\",\"valueRequired\":true,\"valueName\":\"search_term_string\"}}],\"inLanguage\":\"ca\"}]}<\/script>\n<!-- \/ Yoast SEO plugin. -->","yoast_head_json":{"title":"Objectius - Explorar Catalunya","robots":{"index":"index","follow":"follow","max-snippet":"max-snippet:-1","max-image-preview":"max-image-preview:large","max-video-preview":"max-video-preview:-1"},"canonical":"https:\/\/fundesplai.org\/explorarcatalunya\/objectius\/","og_locale":"ca_ES","og_type":"article","og_title":"Objectius - Explorar Catalunya","og_description":"Una proposta educativa per fomentar l'excursionisme en els centres d'esplai L\u2019excursionisme ha estat i \u00e9s una de les activitats b\u00e0siques en els centres d\u2019esplai, un dels trets d\u2019identitat m\u00e9s importants de l\u2019educaci\u00f3 en el lleure a Catalunya. L\u2019accent predominant de la pr\u00e0ctica excursionista als nostres centres d\u2019esplai ha estat la descoberta de l\u2019entorn natural. Per [&hellip;]","og_url":"https:\/\/fundesplai.org\/explorarcatalunya\/objectius\/","og_site_name":"Explorar Catalunya","article_modified_time":"2021-11-03T09:07:58+00:00","twitter_card":"summary_large_image","twitter_misc":{"Temps estimat de lectura":"2 minuts"},"schema":{"@context":"https:\/\/schema.org","@graph":[{"@type":"WebPage","@id":"https:\/\/fundesplai.org\/explorarcatalunya\/objectius\/","url":"https:\/\/fundesplai.org\/explorarcatalunya\/objectius\/","name":"Objectius - Explorar Catalunya","isPartOf":{"@id":"https:\/\/fundesplai.org\/explorarcatalunya\/#website"},"datePublished":"2021-08-24T13:06:18+00:00","dateModified":"2021-11-03T09:07:58+00:00","breadcrumb":{"@id":"https:\/\/fundesplai.org\/explorarcatalunya\/objectius\/#breadcrumb"},"inLanguage":"ca","potentialAction":[{"@type":"ReadAction","target":["https:\/\/fundesplai.org\/explorarcatalunya\/objectius\/"]}]},{"@type":"BreadcrumbList","@id":"https:\/\/fundesplai.org\/explorarcatalunya\/objectius\/#breadcrumb","itemListElement":[{"@type":"ListItem","position":1,"name":"Inici","item":"\/"},{"@type":"ListItem","position":2,"name":"Explorar Catalunya","item":"https:\/\/fundesplai.org\/explorarcatalunya"},{"@type":"ListItem","position":3,"name":"Objectius"}]},{"@type":"WebSite","@id":"https:\/\/fundesplai.org\/explorarcatalunya\/#website","url":"https:\/\/fundesplai.org\/explorarcatalunya\/","name":"Explorar Catalunya","description":"Proposta educativa de Fundesplai","potentialAction":[{"@type":"SearchAction","target":{"@type":"EntryPoint","urlTemplate":"https:\/\/fundesplai.org\/explorarcatalunya\/?s={search_term_string}"},"query-input":{"@type":"PropertyValueSpecification","valueRequired":true,"valueName":"search_term_string"}}],"inLanguage":"ca"}]}},"_links":{"self":[{"href":"https:\/\/fundesplai.org\/explorarcatalunya\/wp-json\/wp\/v2\/pages\/5","targetHints":{"allow":["GET"]}}],"collection":[{"href":"https:\/\/fundesplai.org\/explorarcatalunya\/wp-json\/wp\/v2\/pages"}],"about":[{"href":"https:\/\/fundesplai.org\/explorarcatalunya\/wp-json\/wp\/v2\/types\/page"}],"author":[{"embeddable":true,"href":"https:\/\/fundesplai.org\/explorarcatalunya\/wp-json\/wp\/v2\/users\/4"}],"replies":[{"embeddable":true,"href":"https:\/\/fundesplai.org\/explorarcatalunya\/wp-json\/wp\/v2\/comments?post=5"}],"version-history":[{"count":4,"href":"https:\/\/fundesplai.org\/explorarcatalunya\/wp-json\/wp\/v2\/pages\/5\/revisions"}],"predecessor-version":[{"id":59,"href":"https:\/\/fundesplai.org\/explorarcatalunya\/wp-json\/wp\/v2\/pages\/5\/revisions\/59"}],"wp:attachment":[{"href":"https:\/\/fundesplai.org\/explorarcatalunya\/wp-json\/wp\/v2\/media?parent=5"}],"curies":[{"name":"wp","href":"https:\/\/api.w.org\/{rel}","templated":true}]}}