{"id":11,"date":"2021-08-24T15:10:30","date_gmt":"2021-08-24T13:10:30","guid":{"rendered":"https:\/\/fundesplai.org\/explorarcatalunya\/?page_id=11"},"modified":"2021-10-25T14:16:53","modified_gmt":"2021-10-25T12:16:53","slug":"altres-propostes","status":"publish","type":"page","link":"https:\/\/fundesplai.org\/explorarcatalunya\/altres-propostes\/","title":{"rendered":"Altres propostes"},"content":{"rendered":"[et_pb_section fb_built=&#8221;1&#8243; _builder_version=&#8221;3.22&#8243; global_colors_info=&#8221;{}&#8221;][et_pb_row _builder_version=&#8221;3.25&#8243; background_size=&#8221;initial&#8221; background_position=&#8221;top_left&#8221; background_repeat=&#8221;repeat&#8221; global_colors_info=&#8221;{}&#8221;][et_pb_column type=&#8221;4_4&#8243; _builder_version=&#8221;3.25&#8243; custom_padding=&#8221;|||&#8221; global_colors_info=&#8221;{}&#8221; custom_padding__hover=&#8221;|||&#8221;][et_pb_post_title _builder_version=&#8221;4.10.5&#8243; _module_preset=&#8221;default&#8221; meta=&#8221;off&#8221; featured_image=&#8221;off&#8221; hover_enabled=&#8221;0&#8243; sticky_enabled=&#8221;0&#8243;][\/et_pb_post_title][et_pb_text _builder_version=&#8221;3.27.4&#8243; background_size=&#8221;initial&#8221; background_position=&#8221;top_left&#8221; background_repeat=&#8221;repeat&#8221; global_colors_info=&#8221;{}&#8221;]\r\n<p>Altres propostes<\/p>\r\n\r\n\r\n\r\n<p>A m\u00e9s de les propostes abans indicades, tamb\u00e9 creiem que hi pot haver altres propostes \u00fatils aprofitant la proposta educativa d\u2019enguany.<\/p>\r\n\r\n\r\n\r\n<p>Participeu en les propostes que us presenta l\u2019ADENC (Associaci\u00f3 per la defensa i l\u2019estudi de la natura), amb la seva campanya \u201cUna gla, un arbre\u201d i altres ofertes de recursos i formaci\u00f3.<\/p>\r\n\r\n\r\n\r\n<p>Poseu-vos d\u2019acord amb altres esplais per tal de rendibilitzar costos de transport i recursos. Un mateix autocar pot portar dos grups d\u2019esplais diferents a fer una sortida al Montseny\u2026<\/p>\r\n\r\n\r\n\r\n<p>Realitzeu una excursi\u00f3 amb tot l\u2019esplai (pares, mares, infants, monitors, monitores\u2026). Pot ser un bon moment per gaudir d\u2019un passeig amb tothom, xerrar tranquil\u00b7lament amb les fam\u00edlies i donar a con\u00e8ixer una activitat important per als centres d\u2019esplai.<\/p>\r\n\r\n\r\n\r\n<p>Podeu fer excursions conjuntes amb altres esplais. Aquesta \u00e9s una proposta que podeu aprofitar sobre tot els grups de joves de diferents esplais.<\/p>\r\n\r\n\r\n\r\n<p>Convideu algun membre del vostre ajuntament a una de les vostres excursions. Podeu convidar a l\u2019Alcalde, a un Regidor\u2026 Tampoc fa falta que us acompanyi tot un dia, pot ser nom\u00e9s al mat\u00ed. Aconseguireu que l\u2019administraci\u00f3 local us conegui de m\u00e9s a prop, que els infants puguin con\u00e8ixer d\u2019aprop els membres del seu ajuntament, que els pol\u00edtics coneguin una zona malmesa o a protegir\u2026 i amb una mica de sort podreu aconseguir un finan\u00e7ament extra per a desenvolupar aquesta excursi\u00f3.<\/p>\r\n\r\n\r\n\r\n<p>Senyalitzeu excursions properes al vostre esplai o a zones molt conegudes per vosaltres. \u00c9s una bona forma de potenciar l\u2019excursionisme a la vostra poblaci\u00f3 i aconseguir que m\u00e9s gent surti a la muntanya. De totes maneres, no us oblideu de demanar els permisos adients, fer una senyalitzaci\u00f3 acurada i sostenible i si podeu coordineu-vos o demaneu assessorament a persones o entitats expertes en el tema. Recordeu que aquesta \u00e9s una activitat ideal per dur a terme amb els vostres grups de joves.<\/p>\r\n\r\n\r\n\r\n<p>Plantegeu excursions amb algun valor afegit, com una acci\u00f3 a la natura, alguna campanya de solidaritat, etc.<\/p>\r\n\r\n\r\n\r\n<p>Amplieu les vostres relacions amb entitats i persones del vostre poble o ciutat. De ben segur que al vostre municipi existeix algun centre excursionista o alguna persona que fa muntanya. Aprofiteu per establir relaci\u00f3 amb ells. Us poden acompanyar en alguna sortida, us poden fer una projecci\u00f3 de les seves expedicions\u2026 de ben segur que molt a prop nostre hi ha gent que viu molt de prop la muntanya i que us poden motivar, tant a vosaltres com als infants a sortir d\u2019excursi\u00f3 m\u00e9s sovint.<\/p>\r\n\r\n\r\n\r\n<p>Informeu-vos de les excursions que els vostres infants i joves fan a l\u2019escola. Si us coordineu, evitareu de repetir sortides i podreu millorar la qualitat de l\u2019oferta amb l\u2019intercanvi d\u2019informaci\u00f3 amb els mestres.<\/p>\r\n\r\n\r\n\r\n<p>Esteu al cas de l\u2019oferta de rutes guiades que fa la Federaci\u00f3 Excursionista de Catalunya i el Palau Robert:<\/p>\r\n\r\n\r\n\r\n<p>www. feec.org\/Activitats\/PalauRobert04.htm<\/p>\r\n\r\n\r\n\r\n<p>Paral\u00b7lelament, podeu consultar -i si us animeu, fer &#8211; les rutes organitzades per comarques que es recullen a la p\u00e0gina web del Palau Robert. Cerqueu el vostre territori, segur que trober quelcom d\u2019interessant:<\/p>\r\n\r\n\r\n\r\n<p>www10.gencat.net\/probert\/AppJava\/cerca.jsp<\/p>\r\n\r[\/et_pb_text][\/et_pb_column][\/et_pb_row][\/et_pb_section]","protected":false},"excerpt":{"rendered":"<p>Altres propostes A m\u00e9s de les propostes abans indicades, tamb\u00e9 creiem que hi pot haver altres propostes \u00fatils aprofitant la proposta educativa d\u2019enguany. Participeu en les propostes que us presenta l\u2019ADENC (Associaci\u00f3 per la defensa i l\u2019estudi de la natura), amb la seva campanya \u201cUna gla, un arbre\u201d i altres ofertes de recursos i formaci\u00f3. [&hellip;]<\/p>\n","protected":false},"author":4,"featured_media":0,"parent":0,"menu_order":0,"comment_status":"closed","ping_status":"closed","template":"","meta":{"_et_pb_use_builder":"on","_et_pb_old_content":"<!-- wp:paragraph -->\r\n<p>Altres propostes<\/p>\r\n<!-- \/wp:paragraph --><!-- wp:paragraph -->\r\n<p>A m\u00e9s de les propostes abans indicades, tamb\u00e9 creiem que hi pot haver altres propostes \u00fatils aprofitant la proposta educativa d\u2019enguany.<\/p>\r\n<!-- \/wp:paragraph --><!-- wp:paragraph -->\r\n<p>Participeu en les propostes que us presenta l\u2019ADENC (Associaci\u00f3 per la defensa i l\u2019estudi de la natura), amb la seva campanya \u201cUna gla, un arbre\u201d i altres ofertes de recursos i formaci\u00f3.<\/p>\r\n<!-- \/wp:paragraph --><!-- wp:paragraph -->\r\n<p>Poseu-vos d\u2019acord amb altres esplais per tal de rendibilitzar costos de transport i recursos. Un mateix autocar pot portar dos grups d\u2019esplais diferents a fer una sortida al Montseny\u2026<\/p>\r\n<!-- \/wp:paragraph --><!-- wp:paragraph -->\r\n<p>Realitzeu una excursi\u00f3 amb tot l\u2019esplai (pares, mares, infants, monitors, monitores\u2026). Pot ser un bon moment per gaudir d\u2019un passeig amb tothom, xerrar tranquil\u00b7lament amb les fam\u00edlies i donar a con\u00e8ixer una activitat important per als centres d\u2019esplai.<\/p>\r\n<!-- \/wp:paragraph --><!-- wp:paragraph -->\r\n<p>Podeu fer excursions conjuntes amb altres esplais. Aquesta \u00e9s una proposta que podeu aprofitar sobre tot els grups de joves de diferents esplais.<\/p>\r\n<!-- \/wp:paragraph --><!-- wp:paragraph -->\r\n<p>Convideu algun membre del vostre ajuntament a una de les vostres excursions. Podeu convidar a l\u2019Alcalde, a un Regidor\u2026 Tampoc fa falta que us acompanyi tot un dia, pot ser nom\u00e9s al mat\u00ed. Aconseguireu que l\u2019administraci\u00f3 local us conegui de m\u00e9s a prop, que els infants puguin con\u00e8ixer d\u2019aprop els membres del seu ajuntament, que els pol\u00edtics coneguin una zona malmesa o a protegir\u2026 i amb una mica de sort podreu aconseguir un finan\u00e7ament extra per a desenvolupar aquesta excursi\u00f3.<\/p>\r\n<!-- \/wp:paragraph --><!-- wp:paragraph -->\r\n<p>Senyalitzeu excursions properes al vostre esplai o a zones molt conegudes per vosaltres. \u00c9s una bona forma de potenciar l\u2019excursionisme a la vostra poblaci\u00f3 i aconseguir que m\u00e9s gent surti a la muntanya. De totes maneres, no us oblideu de demanar els permisos adients, fer una senyalitzaci\u00f3 acurada i sostenible i si podeu coordineu-vos o demaneu assessorament a persones o entitats expertes en el tema. Recordeu que aquesta \u00e9s una activitat ideal per dur a terme amb els vostres grups de joves.<\/p>\r\n<!-- \/wp:paragraph --><!-- wp:paragraph -->\r\n<p>Plantegeu excursions amb algun valor afegit, com una acci\u00f3 a la natura, alguna campanya de solidaritat, etc.<\/p>\r\n<!-- \/wp:paragraph --><!-- wp:paragraph -->\r\n<p>Amplieu les vostres relacions amb entitats i persones del vostre poble o ciutat. De ben segur que al vostre municipi existeix algun centre excursionista o alguna persona que fa muntanya. Aprofiteu per establir relaci\u00f3 amb ells. Us poden acompanyar en alguna sortida, us poden fer una projecci\u00f3 de les seves expedicions\u2026 de ben segur que molt a prop nostre hi ha gent que viu molt de prop la muntanya i que us poden motivar, tant a vosaltres com als infants a sortir d\u2019excursi\u00f3 m\u00e9s sovint.<\/p>\r\n<!-- \/wp:paragraph --><!-- wp:paragraph -->\r\n<p>Informeu-vos de les excursions que els vostres infants i joves fan a l\u2019escola. Si us coordineu, evitareu de repetir sortides i podreu millorar la qualitat de l\u2019oferta amb l\u2019intercanvi d\u2019informaci\u00f3 amb els mestres.<\/p>\r\n<!-- \/wp:paragraph --><!-- wp:paragraph -->\r\n<p>Esteu al cas de l\u2019oferta de rutes guiades que fa la Federaci\u00f3 Excursionista de Catalunya i el Palau Robert:<\/p>\r\n<!-- \/wp:paragraph --><!-- wp:paragraph -->\r\n<p>www. feec.org\/Activitats\/PalauRobert04.htm<\/p>\r\n<!-- \/wp:paragraph --><!-- wp:paragraph -->\r\n<p>Paral\u00b7lelament, podeu consultar -i si us animeu, fer - les rutes organitzades per comarques que es recullen a la p\u00e0gina web del Palau Robert. Cerqueu el vostre territori, segur que trober quelcom d\u2019interessant:<\/p>\r\n<!-- \/wp:paragraph --><!-- wp:paragraph -->\r\n<p>www10.gencat.net\/probert\/AppJava\/cerca.jsp<\/p>\r\n<!-- \/wp:paragraph -->","_et_gb_content_width":"1200","footnotes":""},"class_list":["post-11","page","type-page","status-publish","hentry"],"yoast_head":"<!-- This site is optimized with the Yoast SEO plugin v27.3 - https:\/\/yoast.com\/product\/yoast-seo-wordpress\/ -->\n<title>Altres propostes - Explorar Catalunya<\/title>\n<meta name=\"robots\" content=\"index, follow, max-snippet:-1, max-image-preview:large, max-video-preview:-1\" \/>\n<link rel=\"canonical\" href=\"https:\/\/fundesplai.org\/explorarcatalunya\/altres-propostes\/\" \/>\n<meta property=\"og:locale\" content=\"ca_ES\" \/>\n<meta property=\"og:type\" content=\"article\" \/>\n<meta property=\"og:title\" content=\"Altres propostes - Explorar Catalunya\" \/>\n<meta property=\"og:description\" content=\"Altres propostes A m\u00e9s de les propostes abans indicades, tamb\u00e9 creiem que hi pot haver altres propostes \u00fatils aprofitant la proposta educativa d\u2019enguany. Participeu en les propostes que us presenta l\u2019ADENC (Associaci\u00f3 per la defensa i l\u2019estudi de la natura), amb la seva campanya \u201cUna gla, un arbre\u201d i altres ofertes de recursos i formaci\u00f3. [&hellip;]\" \/>\n<meta property=\"og:url\" content=\"https:\/\/fundesplai.org\/explorarcatalunya\/altres-propostes\/\" \/>\n<meta property=\"og:site_name\" content=\"Explorar Catalunya\" \/>\n<meta property=\"article:modified_time\" content=\"2021-10-25T12:16:53+00:00\" \/>\n<meta name=\"twitter:card\" content=\"summary_large_image\" \/>\n<meta name=\"twitter:label1\" content=\"Temps estimat de lectura\" \/>\n\t<meta name=\"twitter:data1\" content=\"3 minuts\" \/>\n<script type=\"application\/ld+json\" class=\"yoast-schema-graph\">{\"@context\":\"https:\\\/\\\/schema.org\",\"@graph\":[{\"@type\":\"WebPage\",\"@id\":\"https:\\\/\\\/fundesplai.org\\\/explorarcatalunya\\\/altres-propostes\\\/\",\"url\":\"https:\\\/\\\/fundesplai.org\\\/explorarcatalunya\\\/altres-propostes\\\/\",\"name\":\"Altres propostes - Explorar Catalunya\",\"isPartOf\":{\"@id\":\"https:\\\/\\\/fundesplai.org\\\/explorarcatalunya\\\/#website\"},\"datePublished\":\"2021-08-24T13:10:30+00:00\",\"dateModified\":\"2021-10-25T12:16:53+00:00\",\"breadcrumb\":{\"@id\":\"https:\\\/\\\/fundesplai.org\\\/explorarcatalunya\\\/altres-propostes\\\/#breadcrumb\"},\"inLanguage\":\"ca\",\"potentialAction\":[{\"@type\":\"ReadAction\",\"target\":[\"https:\\\/\\\/fundesplai.org\\\/explorarcatalunya\\\/altres-propostes\\\/\"]}]},{\"@type\":\"BreadcrumbList\",\"@id\":\"https:\\\/\\\/fundesplai.org\\\/explorarcatalunya\\\/altres-propostes\\\/#breadcrumb\",\"itemListElement\":[{\"@type\":\"ListItem\",\"position\":1,\"name\":\"Inici\",\"item\":\"\\\/\"},{\"@type\":\"ListItem\",\"position\":2,\"name\":\"Explorar Catalunya\",\"item\":\"https:\\\/\\\/fundesplai.org\\\/explorarcatalunya\"},{\"@type\":\"ListItem\",\"position\":3,\"name\":\"Altres propostes\"}]},{\"@type\":\"WebSite\",\"@id\":\"https:\\\/\\\/fundesplai.org\\\/explorarcatalunya\\\/#website\",\"url\":\"https:\\\/\\\/fundesplai.org\\\/explorarcatalunya\\\/\",\"name\":\"Explorar Catalunya\",\"description\":\"Proposta educativa de Fundesplai\",\"potentialAction\":[{\"@type\":\"SearchAction\",\"target\":{\"@type\":\"EntryPoint\",\"urlTemplate\":\"https:\\\/\\\/fundesplai.org\\\/explorarcatalunya\\\/?s={search_term_string}\"},\"query-input\":{\"@type\":\"PropertyValueSpecification\",\"valueRequired\":true,\"valueName\":\"search_term_string\"}}],\"inLanguage\":\"ca\"}]}<\/script>\n<!-- \/ Yoast SEO plugin. -->","yoast_head_json":{"title":"Altres propostes - Explorar Catalunya","robots":{"index":"index","follow":"follow","max-snippet":"max-snippet:-1","max-image-preview":"max-image-preview:large","max-video-preview":"max-video-preview:-1"},"canonical":"https:\/\/fundesplai.org\/explorarcatalunya\/altres-propostes\/","og_locale":"ca_ES","og_type":"article","og_title":"Altres propostes - Explorar Catalunya","og_description":"Altres propostes A m\u00e9s de les propostes abans indicades, tamb\u00e9 creiem que hi pot haver altres propostes \u00fatils aprofitant la proposta educativa d\u2019enguany. Participeu en les propostes que us presenta l\u2019ADENC (Associaci\u00f3 per la defensa i l\u2019estudi de la natura), amb la seva campanya \u201cUna gla, un arbre\u201d i altres ofertes de recursos i formaci\u00f3. [&hellip;]","og_url":"https:\/\/fundesplai.org\/explorarcatalunya\/altres-propostes\/","og_site_name":"Explorar Catalunya","article_modified_time":"2021-10-25T12:16:53+00:00","twitter_card":"summary_large_image","twitter_misc":{"Temps estimat de lectura":"3 minuts"},"schema":{"@context":"https:\/\/schema.org","@graph":[{"@type":"WebPage","@id":"https:\/\/fundesplai.org\/explorarcatalunya\/altres-propostes\/","url":"https:\/\/fundesplai.org\/explorarcatalunya\/altres-propostes\/","name":"Altres propostes - Explorar Catalunya","isPartOf":{"@id":"https:\/\/fundesplai.org\/explorarcatalunya\/#website"},"datePublished":"2021-08-24T13:10:30+00:00","dateModified":"2021-10-25T12:16:53+00:00","breadcrumb":{"@id":"https:\/\/fundesplai.org\/explorarcatalunya\/altres-propostes\/#breadcrumb"},"inLanguage":"ca","potentialAction":[{"@type":"ReadAction","target":["https:\/\/fundesplai.org\/explorarcatalunya\/altres-propostes\/"]}]},{"@type":"BreadcrumbList","@id":"https:\/\/fundesplai.org\/explorarcatalunya\/altres-propostes\/#breadcrumb","itemListElement":[{"@type":"ListItem","position":1,"name":"Inici","item":"\/"},{"@type":"ListItem","position":2,"name":"Explorar Catalunya","item":"https:\/\/fundesplai.org\/explorarcatalunya"},{"@type":"ListItem","position":3,"name":"Altres propostes"}]},{"@type":"WebSite","@id":"https:\/\/fundesplai.org\/explorarcatalunya\/#website","url":"https:\/\/fundesplai.org\/explorarcatalunya\/","name":"Explorar Catalunya","description":"Proposta educativa de Fundesplai","potentialAction":[{"@type":"SearchAction","target":{"@type":"EntryPoint","urlTemplate":"https:\/\/fundesplai.org\/explorarcatalunya\/?s={search_term_string}"},"query-input":{"@type":"PropertyValueSpecification","valueRequired":true,"valueName":"search_term_string"}}],"inLanguage":"ca"}]}},"_links":{"self":[{"href":"https:\/\/fundesplai.org\/explorarcatalunya\/wp-json\/wp\/v2\/pages\/11","targetHints":{"allow":["GET"]}}],"collection":[{"href":"https:\/\/fundesplai.org\/explorarcatalunya\/wp-json\/wp\/v2\/pages"}],"about":[{"href":"https:\/\/fundesplai.org\/explorarcatalunya\/wp-json\/wp\/v2\/types\/page"}],"author":[{"embeddable":true,"href":"https:\/\/fundesplai.org\/explorarcatalunya\/wp-json\/wp\/v2\/users\/4"}],"replies":[{"embeddable":true,"href":"https:\/\/fundesplai.org\/explorarcatalunya\/wp-json\/wp\/v2\/comments?post=11"}],"version-history":[{"count":3,"href":"https:\/\/fundesplai.org\/explorarcatalunya\/wp-json\/wp\/v2\/pages\/11\/revisions"}],"predecessor-version":[{"id":56,"href":"https:\/\/fundesplai.org\/explorarcatalunya\/wp-json\/wp\/v2\/pages\/11\/revisions\/56"}],"wp:attachment":[{"href":"https:\/\/fundesplai.org\/explorarcatalunya\/wp-json\/wp\/v2\/media?parent=11"}],"curies":[{"name":"wp","href":"https:\/\/api.w.org\/{rel}","templated":true}]}}