{"id":74,"date":"2021-08-17T12:22:22","date_gmt":"2021-08-17T10:22:22","guid":{"rendered":"https:\/\/fundesplai.org\/eureka\/?page_id=74"},"modified":"2021-10-25T09:09:08","modified_gmt":"2021-10-25T07:09:08","slug":"families-i-altres-agents-educatius","status":"publish","type":"page","link":"https:\/\/fundesplai.org\/eureka\/families-i-altres-agents-educatius\/","title":{"rendered":"Families i altres agents educatius"},"content":{"rendered":"[et_pb_section fb_built=&#8221;1&#8243; _builder_version=&#8221;3.22&#8243; global_colors_info=&#8221;{}&#8221;][et_pb_row _builder_version=&#8221;3.25&#8243; background_size=&#8221;initial&#8221; background_position=&#8221;top_left&#8221; background_repeat=&#8221;repeat&#8221; global_colors_info=&#8221;{}&#8221;][et_pb_column type=&#8221;4_4&#8243; _builder_version=&#8221;3.25&#8243; custom_padding=&#8221;|||&#8221; global_colors_info=&#8221;{}&#8221; custom_padding__hover=&#8221;|||&#8221;][et_pb_post_title _builder_version=&#8221;4.10.5&#8243; _module_preset=&#8221;default&#8221; meta=&#8221;off&#8221; featured_image=&#8221;off&#8221; hover_enabled=&#8221;0&#8243; sticky_enabled=&#8221;0&#8243;][\/et_pb_post_title][et_pb_text _builder_version=&#8221;3.27.4&#8243; background_size=&#8221;initial&#8221; background_position=&#8221;top_left&#8221; background_repeat=&#8221;repeat&#8221; global_colors_info=&#8221;{}&#8221;]\r\n<p>Families<\/p>\r\n\r\n\r\n\r\n<p>La proposta educativa d&#8217;enguany ha de permetre a les fam\u00edlies participar d&#8217;una manera activa en la vida de l&#8217;entitat, col\u00b7laborant amb els educadors i educadores des seus fills i filles. La proposta ha d&#8217;estimular la funci\u00f3 espec\u00edfica de la fam\u00edlia com a primera inst\u00e0ncia eductiva.<\/p>\r\n\r\n\r\n\r\n<p>Tanmateix, hem de partir de que la fam\u00edlia actual ha canviat for\u00e7a al nostre pa\u00eds. D&#8217;una banda, ja no podem parlar d&#8217;un sol model de fam\u00edlia (pare, mare, dos fills, una casa, un pa\u00eds&#8230;), sin\u00f3 de molts models diferents a vegades en moviment.<\/p>\r\n\r\n\r\n\r\n<p>Les relacions personals entre pares, mares, fills i filles han experimentat tamb\u00e9 un gran canvi. D&#8217;entrada, l&#8217;autoritarisme ha deixat pas a una relaci\u00f3 comparativament molt m\u00e9s tolerant i acollidora.<\/p>\r\n\r\n\r\n\r\n<p>A m\u00e9s a m\u00e9s, la inf\u00e0ncia dels pares i mares es va desenvolupar en un moment social en qu\u00e8 els aparells de tecnologia digital no pertanyen al quotidi\u00e0. Tot el contrari de la situaci\u00f3 viscuda pels nens i joves nascuts en les dues \u00faltimes d\u00e8cades. Els fills i filles utilitzen di\u00e0riament, de forma intensa, h\u00e0bil i amb enorme familiaritat d&#8217;aquest tipus de maquin\u00e0ria digital. Una conseq\u00fc\u00e8ncia d&#8217;aquest fet \u00e9s que en molts casos existeixi una barrera generacional entre els pares i mares que estan poc o gens familiaritzats amb aquestes tecnologies i els nois i noies que els utilitzen rutin\u00e0riament.<\/p>\r\n\r\n\r\n\r\n<p>La fam\u00edlia, primer espai educatiu en la vida dels infants i dels joves, \u00e9s, avui, un exemple concret i proper d&#8217;espai d&#8217;esfor\u00e7 i de plaer, i tamb\u00e9 un espai concret on cal que incideixi la intervenci\u00f3 educativa d&#8217;una manera respectuosa.<br \/><strong><br \/>Aix\u00ed doncs el que ens proposem treballar amb les fam\u00edlies \u00e9s:<\/strong><\/p>\r\n\r\n\r\n\r\n<p>\u2022 Estimular la participaci\u00f3 i la coresponsabilitzaci\u00f3<br \/>\u2022 Gaudir d&#8217;un espai d&#8217;intercanvi i de relaci\u00f3 social<\/p>\r\n\r\n\r\n\r\n<p>Iniciativa concreta<\/p>\r\n\r\n\r\n\r\n<p>Si partim del binomi esfor\u00e7-plaer, del pensament cient\u00edfic, com a eix clau en la dinamitzaci\u00f3 dels grups de pares i mares, podem oferir l&#8217;oportunitat de participar en un projecte d&#8217;aprenentatge servei.<br \/>Acci\u00f3 a la natura!<\/p>\r\n\r\n\r\n\r\n<p><strong>Objectius<\/strong><\/p>\r\n\r\n\r\n\r\n<p>\u2022 Possibilitar a les fam\u00edlies anar d&#8217;excursi\u00f3 amb altres pares, mares i infants.<\/p>\r\n\r\n\r\n\r\n<p>\u2022 Proporcionar a les fam\u00edlies un espai on puguin intercanviar coneixements i habilitats.<\/p>\r\n\r\n\r\n\r\n<p>\u2022 Oferir l&#8217;oportunitat viure l&#8217;experi\u00e8ncia de fer quelcom per la comunitat.<br \/><strong><br \/><br \/>Desenvolupament<\/strong><\/p>\r\n\r\n\r\n\r\n<p>Hi ha moltes fam\u00edlies que no surten amb els seu fills d&#8217;excursi\u00f3 perqu\u00e8 no coneixen rutes adequades o perqu\u00e8 els i fa respecte sortir a al muntanya. Per\u00f2 segur que si tinguessin les eines per passar un dia plegats a la natura no dubtarien en participar d&#8217;una sortida.<\/p>\r\n\r\n\r\n\r\n<p>La proposta \u00e9s poder organitzar un dia a la natura amb les fam\u00edlies amb l&#8217;objectiu de compartir una acci\u00f3 comunit\u00e0ria de recuperaci\u00f3 d&#8217;una zona natural. Es pot participar en la reforestaci\u00f3 d&#8217;un bosc, o en la millora de la conservaci\u00f3 d&#8217;un riu&#8230;<\/p>\r\n\r\n\r\n\r\n<p>Aquesta acci\u00f3 afavoreix passar un dia amb els seus fills i filles fomentant el respecte al medi ambient.<\/p>\r\n\r\n\r\n\r\n<p>Les fam\u00edlies viuen el valor de l&#8217;esfor\u00e7 mentres planten un arbre, netegen una zona, tot aprenent a identificar la flora i la fauna aut\u00f2ctones. Comparteixen el plaer de fer quelcom per la comunitat.<\/p>\r\n\r\n\r\n\r\n<p>Altres agents eductius<\/p>\r\n\r\n\r\n\r\n<p>La coordinaci\u00f3 amb la resta d&#8217;agents educatius que, en menor o major grau intervenen en la vida dels infants, hauria de ser un objectiu permanent per a qualsevol esplai.<\/p>\r\n\r\n\r\n\r\n<p><strong>Coordinar-se i cooperar amb l&#8217;escola<\/strong><\/p>\r\n\r\n\r\n\r\n<p>La clau d&#8217;aquesta cooperaci\u00f3 entre escola i l&#8217;esplai \u00e9s la comunicaci\u00f3 i el consens entre l&#8217;equip d&#8217;educadors i educadores.<\/p>\r\n\r\n\r\n\r\n<p>Des de l&#8217;Esplai, podem oferir a l&#8217;escola recursos i recolzament que tenen a veure amb els grups d&#8217;infants, la dinamitzaci\u00f3 de les festes populars, \u00e0mbit en qu\u00e8 som especialistes.<\/p>\r\n\r\n\r\n\r\n<p>Podem aprofitar el setembre per organitzar una reuni\u00f3 amb les escoles del barri, presentar-lis la nostra proposta educativa i veure quins nexes hi han amb el plantejament educatiu de l&#8217;escola per tal de poder refor\u00e7ar aquells punts en com\u00fa que en definitiva serviran per augmentar la qualitat de l&#8217;educaci\u00f3 dels infants.<\/p>\r\n\r\n\r\n\r\n<p>Si la relaci\u00f3 est\u00e0 consolidada i hi ha receptivitat per part de l&#8217;escola, podem plantejar un projecte d&#8217;aprenentatge servei al voltant d&#8217;algun tema que sigui d&#8217;inter\u00e8s pels infants i pel barri, com per exemple participar en un projecte d&#8217;oferir algun servei a la resid\u00e8ncia d&#8217;avis, participar d&#8217;algun projecte de solidaritat.<\/p>\r\n\r\n\r\n\r\n<p><strong>Coordinar-se i cooperar amb el territori<\/strong><\/p>\r\n\r\n\r\n\r\n<p>L&#8217;entitat d&#8217;esplai ha d&#8217;estar predisposada a coordinar-se i complementar-se amb les iniciatives i recursos del barri i la ciutat, per tal de que totes les experi\u00e8ncies es doni suport m\u00fatuament i generem xarxes associatives.<\/p>\r\n\r\n\r\n\r\n<p>Cal que coneguem la resta d&#8217;entitats del barri i les entitats especialitzades en el tema de la proposta que ens puguin donar suport en el desenvolupament dels nostres projectes i activitats aix\u00ed com nosaltres a ells.<\/p>\r\n\r\n\r\n\r\n<p>No podem oblidar la relaci\u00f3 amb l&#8217;administraci\u00f3 local: serveis socials, cultura,educaci\u00f3 joventut&#8230; ja que tamb\u00e9 han de ser coneixedors de la nostra tasca i nosaltres tamb\u00e9 necessitem els seu recolzament.<\/p>\r\n\r[\/et_pb_text][\/et_pb_column][\/et_pb_row][\/et_pb_section]","protected":false},"excerpt":{"rendered":"<p>Families La proposta educativa d&#8217;enguany ha de permetre a les fam\u00edlies participar d&#8217;una manera activa en la vida de l&#8217;entitat, col\u00b7laborant amb els educadors i educadores des seus fills i filles. La proposta ha d&#8217;estimular la funci\u00f3 espec\u00edfica de la fam\u00edlia com a primera inst\u00e0ncia eductiva. Tanmateix, hem de partir de que la fam\u00edlia actual [&hellip;]<\/p>\n","protected":false},"author":4,"featured_media":0,"parent":0,"menu_order":0,"comment_status":"closed","ping_status":"closed","template":"","meta":{"_et_pb_use_builder":"on","_et_pb_old_content":"<!-- wp:paragraph -->\r\n<p>Families<\/p>\r\n<!-- \/wp:paragraph --><!-- wp:paragraph -->\r\n<p>La proposta educativa d'enguany ha de permetre a les fam\u00edlies participar d'una manera activa en la vida de l'entitat, col\u00b7laborant amb els educadors i educadores des seus fills i filles. La proposta ha d'estimular la funci\u00f3 espec\u00edfica de la fam\u00edlia com a primera inst\u00e0ncia eductiva.<\/p>\r\n<!-- \/wp:paragraph --><!-- wp:paragraph -->\r\n<p>Tanmateix, hem de partir de que la fam\u00edlia actual ha canviat for\u00e7a al nostre pa\u00eds. D'una banda, ja no podem parlar d'un sol model de fam\u00edlia (pare, mare, dos fills, una casa, un pa\u00eds...), sin\u00f3 de molts models diferents a vegades en moviment.<\/p>\r\n<!-- \/wp:paragraph --><!-- wp:paragraph -->\r\n<p>Les relacions personals entre pares, mares, fills i filles han experimentat tamb\u00e9 un gran canvi. D'entrada, l'autoritarisme ha deixat pas a una relaci\u00f3 comparativament molt m\u00e9s tolerant i acollidora.<\/p>\r\n<!-- \/wp:paragraph --><!-- wp:paragraph -->\r\n<p>A m\u00e9s a m\u00e9s, la inf\u00e0ncia dels pares i mares es va desenvolupar en un moment social en qu\u00e8 els aparells de tecnologia digital no pertanyen al quotidi\u00e0. Tot el contrari de la situaci\u00f3 viscuda pels nens i joves nascuts en les dues \u00faltimes d\u00e8cades. Els fills i filles utilitzen di\u00e0riament, de forma intensa, h\u00e0bil i amb enorme familiaritat d'aquest tipus de maquin\u00e0ria digital. Una conseq\u00fc\u00e8ncia d'aquest fet \u00e9s que en molts casos existeixi una barrera generacional entre els pares i mares que estan poc o gens familiaritzats amb aquestes tecnologies i els nois i noies que els utilitzen rutin\u00e0riament.<\/p>\r\n<!-- \/wp:paragraph --><!-- wp:paragraph -->\r\n<p>La fam\u00edlia, primer espai educatiu en la vida dels infants i dels joves, \u00e9s, avui, un exemple concret i proper d'espai d'esfor\u00e7 i de plaer, i tamb\u00e9 un espai concret on cal que incideixi la intervenci\u00f3 educativa d'una manera respectuosa.<br \/><strong><br \/>Aix\u00ed doncs el que ens proposem treballar amb les fam\u00edlies \u00e9s:<\/strong><\/p>\r\n<!-- \/wp:paragraph --><!-- wp:paragraph -->\r\n<p>\u2022 Estimular la participaci\u00f3 i la coresponsabilitzaci\u00f3<br \/>\u2022 Gaudir d'un espai d'intercanvi i de relaci\u00f3 social<\/p>\r\n<!-- \/wp:paragraph --><!-- wp:paragraph -->\r\n<p>Iniciativa concreta<\/p>\r\n<!-- \/wp:paragraph --><!-- wp:paragraph -->\r\n<p>Si partim del binomi esfor\u00e7-plaer, del pensament cient\u00edfic, com a eix clau en la dinamitzaci\u00f3 dels grups de pares i mares, podem oferir l'oportunitat de participar en un projecte d'aprenentatge servei.<br \/>Acci\u00f3 a la natura!<\/p>\r\n<!-- \/wp:paragraph --><!-- wp:paragraph -->\r\n<p><strong>Objectius<\/strong><\/p>\r\n<!-- \/wp:paragraph --><!-- wp:paragraph -->\r\n<p>\u2022 Possibilitar a les fam\u00edlies anar d'excursi\u00f3 amb altres pares, mares i infants.<\/p>\r\n<!-- \/wp:paragraph --><!-- wp:paragraph -->\r\n<p>\u2022 Proporcionar a les fam\u00edlies un espai on puguin intercanviar coneixements i habilitats.<\/p>\r\n<!-- \/wp:paragraph --><!-- wp:paragraph -->\r\n<p>\u2022 Oferir l'oportunitat viure l'experi\u00e8ncia de fer quelcom per la comunitat.<br \/><strong><br \/><br \/>Desenvolupament<\/strong><\/p>\r\n<!-- \/wp:paragraph --><!-- wp:paragraph -->\r\n<p>Hi ha moltes fam\u00edlies que no surten amb els seu fills d'excursi\u00f3 perqu\u00e8 no coneixen rutes adequades o perqu\u00e8 els i fa respecte sortir a al muntanya. Per\u00f2 segur que si tinguessin les eines per passar un dia plegats a la natura no dubtarien en participar d'una sortida.<\/p>\r\n<!-- \/wp:paragraph --><!-- wp:paragraph -->\r\n<p>La proposta \u00e9s poder organitzar un dia a la natura amb les fam\u00edlies amb l'objectiu de compartir una acci\u00f3 comunit\u00e0ria de recuperaci\u00f3 d'una zona natural. Es pot participar en la reforestaci\u00f3 d'un bosc, o en la millora de la conservaci\u00f3 d'un riu...<\/p>\r\n<!-- \/wp:paragraph --><!-- wp:paragraph -->\r\n<p>Aquesta acci\u00f3 afavoreix passar un dia amb els seus fills i filles fomentant el respecte al medi ambient.<\/p>\r\n<!-- \/wp:paragraph --><!-- wp:paragraph -->\r\n<p>Les fam\u00edlies viuen el valor de l'esfor\u00e7 mentres planten un arbre, netegen una zona, tot aprenent a identificar la flora i la fauna aut\u00f2ctones. Comparteixen el plaer de fer quelcom per la comunitat.<\/p>\r\n<!-- \/wp:paragraph --><!-- wp:paragraph -->\r\n<p>Altres agents eductius<\/p>\r\n<!-- \/wp:paragraph --><!-- wp:paragraph -->\r\n<p>La coordinaci\u00f3 amb la resta d'agents educatius que, en menor o major grau intervenen en la vida dels infants, hauria de ser un objectiu permanent per a qualsevol esplai.<\/p>\r\n<!-- \/wp:paragraph --><!-- wp:paragraph -->\r\n<p><strong>Coordinar-se i cooperar amb l'escola<\/strong><\/p>\r\n<!-- \/wp:paragraph --><!-- wp:paragraph -->\r\n<p>La clau d'aquesta cooperaci\u00f3 entre escola i l'esplai \u00e9s la comunicaci\u00f3 i el consens entre l'equip d'educadors i educadores.<\/p>\r\n<!-- \/wp:paragraph --><!-- wp:paragraph -->\r\n<p>Des de l'Esplai, podem oferir a l'escola recursos i recolzament que tenen a veure amb els grups d'infants, la dinamitzaci\u00f3 de les festes populars, \u00e0mbit en qu\u00e8 som especialistes.<\/p>\r\n<!-- \/wp:paragraph --><!-- wp:paragraph -->\r\n<p>Podem aprofitar el setembre per organitzar una reuni\u00f3 amb les escoles del barri, presentar-lis la nostra proposta educativa i veure quins nexes hi han amb el plantejament educatiu de l'escola per tal de poder refor\u00e7ar aquells punts en com\u00fa que en definitiva serviran per augmentar la qualitat de l'educaci\u00f3 dels infants.<\/p>\r\n<!-- \/wp:paragraph --><!-- wp:paragraph -->\r\n<p>Si la relaci\u00f3 est\u00e0 consolidada i hi ha receptivitat per part de l'escola, podem plantejar un projecte d'aprenentatge servei al voltant d'algun tema que sigui d'inter\u00e8s pels infants i pel barri, com per exemple participar en un projecte d'oferir algun servei a la resid\u00e8ncia d'avis, participar d'algun projecte de solidaritat.<\/p>\r\n<!-- \/wp:paragraph --><!-- wp:paragraph -->\r\n<p><strong>Coordinar-se i cooperar amb el territori<\/strong><\/p>\r\n<!-- \/wp:paragraph --><!-- wp:paragraph -->\r\n<p>L'entitat d'esplai ha d'estar predisposada a coordinar-se i complementar-se amb les iniciatives i recursos del barri i la ciutat, per tal de que totes les experi\u00e8ncies es doni suport m\u00fatuament i generem xarxes associatives.<\/p>\r\n<!-- \/wp:paragraph --><!-- wp:paragraph -->\r\n<p>Cal que coneguem la resta d'entitats del barri i les entitats especialitzades en el tema de la proposta que ens puguin donar suport en el desenvolupament dels nostres projectes i activitats aix\u00ed com nosaltres a ells.<\/p>\r\n<!-- \/wp:paragraph --><!-- wp:paragraph -->\r\n<p>No podem oblidar la relaci\u00f3 amb l'administraci\u00f3 local: serveis socials, cultura,educaci\u00f3 joventut... ja que tamb\u00e9 han de ser coneixedors de la nostra tasca i nosaltres tamb\u00e9 necessitem els seu recolzament.<\/p>\r\n<!-- \/wp:paragraph -->","_et_gb_content_width":"1200","footnotes":""},"class_list":["post-74","page","type-page","status-publish","hentry"],"yoast_head":"<!-- This site is optimized with the Yoast SEO plugin v27.3 - https:\/\/yoast.com\/product\/yoast-seo-wordpress\/ -->\n<title>Families i altres agents educatius - Eureka<\/title>\n<meta name=\"robots\" content=\"index, follow, max-snippet:-1, max-image-preview:large, max-video-preview:-1\" \/>\n<link rel=\"canonical\" href=\"https:\/\/fundesplai.org\/eureka\/families-i-altres-agents-educatius\/\" \/>\n<meta property=\"og:locale\" content=\"ca_ES\" \/>\n<meta property=\"og:type\" content=\"article\" \/>\n<meta property=\"og:title\" content=\"Families i altres agents educatius - Eureka\" \/>\n<meta property=\"og:description\" content=\"Families La proposta educativa d&#039;enguany ha de permetre a les fam\u00edlies participar d&#039;una manera activa en la vida de l&#039;entitat, col\u00b7laborant amb els educadors i educadores des seus fills i filles. La proposta ha d&#039;estimular la funci\u00f3 espec\u00edfica de la fam\u00edlia com a primera inst\u00e0ncia eductiva. Tanmateix, hem de partir de que la fam\u00edlia actual [&hellip;]\" \/>\n<meta property=\"og:url\" content=\"https:\/\/fundesplai.org\/eureka\/families-i-altres-agents-educatius\/\" \/>\n<meta property=\"og:site_name\" content=\"Eureka\" \/>\n<meta property=\"article:modified_time\" content=\"2021-10-25T07:09:08+00:00\" \/>\n<meta name=\"twitter:card\" content=\"summary_large_image\" \/>\n<meta name=\"twitter:label1\" content=\"Temps estimat de lectura\" \/>\n\t<meta name=\"twitter:data1\" content=\"4 minuts\" \/>\n<script type=\"application\/ld+json\" class=\"yoast-schema-graph\">{\"@context\":\"https:\\\/\\\/schema.org\",\"@graph\":[{\"@type\":\"WebPage\",\"@id\":\"https:\\\/\\\/fundesplai.org\\\/eureka\\\/families-i-altres-agents-educatius\\\/\",\"url\":\"https:\\\/\\\/fundesplai.org\\\/eureka\\\/families-i-altres-agents-educatius\\\/\",\"name\":\"Families i altres agents educatius - Eureka\",\"isPartOf\":{\"@id\":\"https:\\\/\\\/fundesplai.org\\\/eureka\\\/#website\"},\"datePublished\":\"2021-08-17T10:22:22+00:00\",\"dateModified\":\"2021-10-25T07:09:08+00:00\",\"breadcrumb\":{\"@id\":\"https:\\\/\\\/fundesplai.org\\\/eureka\\\/families-i-altres-agents-educatius\\\/#breadcrumb\"},\"inLanguage\":\"ca\",\"potentialAction\":[{\"@type\":\"ReadAction\",\"target\":[\"https:\\\/\\\/fundesplai.org\\\/eureka\\\/families-i-altres-agents-educatius\\\/\"]}]},{\"@type\":\"BreadcrumbList\",\"@id\":\"https:\\\/\\\/fundesplai.org\\\/eureka\\\/families-i-altres-agents-educatius\\\/#breadcrumb\",\"itemListElement\":[{\"@type\":\"ListItem\",\"position\":1,\"name\":\"Inici\",\"item\":\"\\\/\"},{\"@type\":\"ListItem\",\"position\":2,\"name\":\"Eureka\",\"item\":\"https:\\\/\\\/fundesplai.org\\\/eureka\"},{\"@type\":\"ListItem\",\"position\":3,\"name\":\"Families i altres agents educatius\"}]},{\"@type\":\"WebSite\",\"@id\":\"https:\\\/\\\/fundesplai.org\\\/eureka\\\/#website\",\"url\":\"https:\\\/\\\/fundesplai.org\\\/eureka\\\/\",\"name\":\"Eureka\",\"description\":\"Proposta educativa de Fundesplai\",\"potentialAction\":[{\"@type\":\"SearchAction\",\"target\":{\"@type\":\"EntryPoint\",\"urlTemplate\":\"https:\\\/\\\/fundesplai.org\\\/eureka\\\/?s={search_term_string}\"},\"query-input\":{\"@type\":\"PropertyValueSpecification\",\"valueRequired\":true,\"valueName\":\"search_term_string\"}}],\"inLanguage\":\"ca\"}]}<\/script>\n<!-- \/ Yoast SEO plugin. -->","yoast_head_json":{"title":"Families i altres agents educatius - Eureka","robots":{"index":"index","follow":"follow","max-snippet":"max-snippet:-1","max-image-preview":"max-image-preview:large","max-video-preview":"max-video-preview:-1"},"canonical":"https:\/\/fundesplai.org\/eureka\/families-i-altres-agents-educatius\/","og_locale":"ca_ES","og_type":"article","og_title":"Families i altres agents educatius - Eureka","og_description":"Families La proposta educativa d'enguany ha de permetre a les fam\u00edlies participar d'una manera activa en la vida de l'entitat, col\u00b7laborant amb els educadors i educadores des seus fills i filles. La proposta ha d'estimular la funci\u00f3 espec\u00edfica de la fam\u00edlia com a primera inst\u00e0ncia eductiva. Tanmateix, hem de partir de que la fam\u00edlia actual [&hellip;]","og_url":"https:\/\/fundesplai.org\/eureka\/families-i-altres-agents-educatius\/","og_site_name":"Eureka","article_modified_time":"2021-10-25T07:09:08+00:00","twitter_card":"summary_large_image","twitter_misc":{"Temps estimat de lectura":"4 minuts"},"schema":{"@context":"https:\/\/schema.org","@graph":[{"@type":"WebPage","@id":"https:\/\/fundesplai.org\/eureka\/families-i-altres-agents-educatius\/","url":"https:\/\/fundesplai.org\/eureka\/families-i-altres-agents-educatius\/","name":"Families i altres agents educatius - Eureka","isPartOf":{"@id":"https:\/\/fundesplai.org\/eureka\/#website"},"datePublished":"2021-08-17T10:22:22+00:00","dateModified":"2021-10-25T07:09:08+00:00","breadcrumb":{"@id":"https:\/\/fundesplai.org\/eureka\/families-i-altres-agents-educatius\/#breadcrumb"},"inLanguage":"ca","potentialAction":[{"@type":"ReadAction","target":["https:\/\/fundesplai.org\/eureka\/families-i-altres-agents-educatius\/"]}]},{"@type":"BreadcrumbList","@id":"https:\/\/fundesplai.org\/eureka\/families-i-altres-agents-educatius\/#breadcrumb","itemListElement":[{"@type":"ListItem","position":1,"name":"Inici","item":"\/"},{"@type":"ListItem","position":2,"name":"Eureka","item":"https:\/\/fundesplai.org\/eureka"},{"@type":"ListItem","position":3,"name":"Families i altres agents educatius"}]},{"@type":"WebSite","@id":"https:\/\/fundesplai.org\/eureka\/#website","url":"https:\/\/fundesplai.org\/eureka\/","name":"Eureka","description":"Proposta educativa de Fundesplai","potentialAction":[{"@type":"SearchAction","target":{"@type":"EntryPoint","urlTemplate":"https:\/\/fundesplai.org\/eureka\/?s={search_term_string}"},"query-input":{"@type":"PropertyValueSpecification","valueRequired":true,"valueName":"search_term_string"}}],"inLanguage":"ca"}]}},"_links":{"self":[{"href":"https:\/\/fundesplai.org\/eureka\/wp-json\/wp\/v2\/pages\/74","targetHints":{"allow":["GET"]}}],"collection":[{"href":"https:\/\/fundesplai.org\/eureka\/wp-json\/wp\/v2\/pages"}],"about":[{"href":"https:\/\/fundesplai.org\/eureka\/wp-json\/wp\/v2\/types\/page"}],"author":[{"embeddable":true,"href":"https:\/\/fundesplai.org\/eureka\/wp-json\/wp\/v2\/users\/4"}],"replies":[{"embeddable":true,"href":"https:\/\/fundesplai.org\/eureka\/wp-json\/wp\/v2\/comments?post=74"}],"version-history":[{"count":3,"href":"https:\/\/fundesplai.org\/eureka\/wp-json\/wp\/v2\/pages\/74\/revisions"}],"predecessor-version":[{"id":140,"href":"https:\/\/fundesplai.org\/eureka\/wp-json\/wp\/v2\/pages\/74\/revisions\/140"}],"wp:attachment":[{"href":"https:\/\/fundesplai.org\/eureka\/wp-json\/wp\/v2\/media?parent=74"}],"curies":[{"name":"wp","href":"https:\/\/api.w.org\/{rel}","templated":true}]}}